{"id":9999,"date":"2025-10-27T15:39:58","date_gmt":"2025-10-27T15:39:58","guid":{"rendered":"https:\/\/zytho.ca\/product\/pentair-haffmans-ccr-carbo-controller\/"},"modified":"2025-11-04T13:33:29","modified_gmt":"2025-11-04T13:33:29","slug":"pentair-haffmans-ccr-carbo-controller","status":"publish","type":"product","link":"https:\/\/www.zytho.ca\/fr\/produit\/pentair-haffmans-ccr-carbo-controller\/","title":{"rendered":"Pentair-Haffmans CCR Contr\u00f4leur Carbo"},"content":{"rendered":"<p>Le contr\u00f4leur CCR Carbo de Haffmans vous permet de gaz\u00e9ifier des boissons et des boissons en ligne. La lecture en ligne du niveau de CO2 dans le liquide est renvoy\u00e9e en boucle au contr\u00f4leur qui ajuste alors le taux d&#8217;injection de gaz. Vous obtenez ainsi le volume souhait\u00e9 de CO2 dissous de mani\u00e8re pr\u00e9cise et constante. Le m\u00e9lange entre le gaz et le liquide est effectu\u00e9 par des m\u00e9langeurs statiques adapt\u00e9s aux conditions de vos produits. En option, le contr\u00f4leur Haffmans CCR Carbo peut \u00e9galement lire le niveau d&#8217;O2.    <\/p>\n","protected":false},"excerpt":{"rendered":"<h4>Savourez une bi\u00e8re avec un niveau de CO2 parfait gr\u00e2ce au syst\u00e8me de carbonatation en ligne CCR de Haffmans. Pourquoi se contenter d&#8217;un traitement par lots lorsque vous pouvez atteindre la perfection en continu ? <\/h4>\n<p class=\"bloc-mod-liste__nom\"><strong>Avantages<\/strong><\/p>\n<ul>\n<li class=\"bloc-mod-liste__element\">Carbonatation continue en ligne pour les boissons<\/li>\n<li class=\"bloc-mod-liste__element\">Contr\u00f4le de dosage int\u00e9gr\u00e9 au logiciel<\/li>\n<li class=\"bloc-mod-liste__element\">Injection et mesure pr\u00e9cises du CO2 en temps r\u00e9el<\/li>\n<li class=\"bloc-mod-liste__element\">Conception hygi\u00e9nique<\/li>\n<li class=\"bloc-mod-liste__element\">Options de montage flexibles : cadre ou mur<\/li>\n<li class=\"bloc-mod-liste__element\">Mesure simultan\u00e9e de l&#8217;O2 en option<\/li>\n<li class=\"bloc-mod-liste__element\">Disponible \u00e0 l&#8217;achat et \u00e0 la location<\/li>\n<\/ul>\n","protected":false},"featured_media":10005,"template":"","meta":{"_acf_changed":false,"inline_featured_image":false},"product_brand":[728],"product_cat":[730,1424,732],"product_tag":[],"class_list":{"0":"post-9999","1":"product","2":"type-product","3":"status-publish","4":"has-post-thumbnail","6":"product_brand-pentair-haffmans","7":"product_cat-boissons-et-brassage","8":"product_cat-carbonatation","9":"product_cat-materiel-de-debardage","11":"first","12":"instock","13":"taxable","14":"shipping-taxable","15":"product-type-simple"},"acf":[],"yoast_head":"<!-- This site is optimized with the Yoast SEO plugin v27.6 - https:\/\/yoast.com\/product\/yoast-seo-wordpress\/ -->\n<title>Carbonatation en ligne de la bi\u00e8re - Pour les brasseries professionnelles | Zytho<\/title>\n<meta name=\"description\" content=\"Le contr\u00f4leur CCR Carbo de Haffmans vous permet de gaz\u00e9ifier des boissons et des boissons en ligne.\" \/>\n<meta name=\"robots\" content=\"index, follow, max-snippet:-1, max-image-preview:large, max-video-preview:-1\" \/>\n<link rel=\"canonical\" href=\"https:\/\/www.zytho.ca\/fr\/produit\/pentair-haffmans-ccr-carbo-controller\/\" \/>\n<meta property=\"og:locale\" content=\"fr_FR\" \/>\n<meta property=\"og:type\" content=\"article\" \/>\n<meta property=\"og:title\" content=\"Carbonatation en ligne de la bi\u00e8re - Pour les brasseries professionnelles | Zytho\" \/>\n<meta property=\"og:description\" content=\"Le contr\u00f4leur CCR Carbo de Haffmans vous permet de gaz\u00e9ifier des boissons et des boissons en ligne.\" \/>\n<meta property=\"og:url\" content=\"https:\/\/www.zytho.ca\/fr\/produit\/pentair-haffmans-ccr-carbo-controller\/\" \/>\n<meta property=\"og:site_name\" content=\"Zytho\" \/>\n<meta property=\"article:modified_time\" content=\"2025-11-04T13:33:29+00:00\" \/>\n<meta property=\"og:image\" content=\"https:\/\/www.zytho.ca\/wp-content\/uploads\/2025\/10\/Untitled-4.png\" \/>\n\t<meta property=\"og:image:width\" content=\"1400\" \/>\n\t<meta property=\"og:image:height\" content=\"934\" \/>\n\t<meta property=\"og:image:type\" content=\"image\/png\" \/>\n<meta name=\"twitter:card\" content=\"summary_large_image\" \/>\n<script type=\"application\/ld+json\" class=\"yoast-schema-graph\">{\"@context\":\"https:\\\/\\\/schema.org\",\"@graph\":[{\"@type\":\"WebPage\",\"@id\":\"https:\\\/\\\/www.zytho.ca\\\/fr\\\/produit\\\/pentair-haffmans-ccr-carbo-controller\\\/\",\"url\":\"https:\\\/\\\/www.zytho.ca\\\/fr\\\/produit\\\/pentair-haffmans-ccr-carbo-controller\\\/\",\"name\":\"Carbonatation en ligne de la bi\u00e8re - Pour les brasseries professionnelles | Zytho\",\"isPartOf\":{\"@id\":\"https:\\\/\\\/www.zytho.ca\\\/fr\\\/#website\"},\"primaryImageOfPage\":{\"@id\":\"https:\\\/\\\/www.zytho.ca\\\/fr\\\/produit\\\/pentair-haffmans-ccr-carbo-controller\\\/#primaryimage\"},\"image\":{\"@id\":\"https:\\\/\\\/www.zytho.ca\\\/fr\\\/produit\\\/pentair-haffmans-ccr-carbo-controller\\\/#primaryimage\"},\"thumbnailUrl\":\"https:\\\/\\\/www.zytho.ca\\\/wp-content\\\/uploads\\\/2025\\\/10\\\/Untitled-4.png\",\"datePublished\":\"2025-10-27T15:39:58+00:00\",\"dateModified\":\"2025-11-04T13:33:29+00:00\",\"description\":\"Le contr\u00f4leur CCR Carbo de Haffmans vous permet de gaz\u00e9ifier des boissons et des boissons en ligne.\",\"breadcrumb\":{\"@id\":\"https:\\\/\\\/www.zytho.ca\\\/fr\\\/produit\\\/pentair-haffmans-ccr-carbo-controller\\\/#breadcrumb\"},\"inLanguage\":\"fr-FR\",\"potentialAction\":[{\"@type\":\"ReadAction\",\"target\":[\"https:\\\/\\\/www.zytho.ca\\\/fr\\\/produit\\\/pentair-haffmans-ccr-carbo-controller\\\/\"]}]},{\"@type\":\"ImageObject\",\"inLanguage\":\"fr-FR\",\"@id\":\"https:\\\/\\\/www.zytho.ca\\\/fr\\\/produit\\\/pentair-haffmans-ccr-carbo-controller\\\/#primaryimage\",\"url\":\"https:\\\/\\\/www.zytho.ca\\\/wp-content\\\/uploads\\\/2025\\\/10\\\/Untitled-4.png\",\"contentUrl\":\"https:\\\/\\\/www.zytho.ca\\\/wp-content\\\/uploads\\\/2025\\\/10\\\/Untitled-4.png\",\"width\":1400,\"height\":934},{\"@type\":\"BreadcrumbList\",\"@id\":\"https:\\\/\\\/www.zytho.ca\\\/fr\\\/produit\\\/pentair-haffmans-ccr-carbo-controller\\\/#breadcrumb\",\"itemListElement\":[{\"@type\":\"ListItem\",\"position\":1,\"name\":\"Accueil\",\"item\":\"https:\\\/\\\/www.zytho.ca\\\/fr\\\/\"},{\"@type\":\"ListItem\",\"position\":2,\"name\":\"Shop\",\"item\":\"https:\\\/\\\/www.zytho.ca\\\/fr\\\/shop\\\/\"},{\"@type\":\"ListItem\",\"position\":3,\"name\":\"Pentair-Haffmans CCR Contr\u00f4leur Carbo\"}]},{\"@type\":\"WebSite\",\"@id\":\"https:\\\/\\\/www.zytho.ca\\\/fr\\\/#website\",\"url\":\"https:\\\/\\\/www.zytho.ca\\\/fr\\\/\",\"name\":\"Zytho\",\"description\":\"\",\"publisher\":{\"@id\":\"https:\\\/\\\/www.zytho.ca\\\/fr\\\/#organization\"},\"potentialAction\":[{\"@type\":\"SearchAction\",\"target\":{\"@type\":\"EntryPoint\",\"urlTemplate\":\"https:\\\/\\\/www.zytho.ca\\\/fr\\\/?s={search_term_string}\"},\"query-input\":{\"@type\":\"PropertyValueSpecification\",\"valueRequired\":true,\"valueName\":\"search_term_string\"}}],\"inLanguage\":\"fr-FR\"},{\"@type\":\"Organization\",\"@id\":\"https:\\\/\\\/www.zytho.ca\\\/fr\\\/#organization\",\"name\":\"Zytho\",\"url\":\"https:\\\/\\\/www.zytho.ca\\\/fr\\\/\",\"logo\":{\"@type\":\"ImageObject\",\"inLanguage\":\"fr-FR\",\"@id\":\"https:\\\/\\\/www.zytho.ca\\\/fr\\\/#\\\/schema\\\/logo\\\/image\\\/\",\"url\":\"https:\\\/\\\/www.zytho.ca\\\/wp-content\\\/uploads\\\/2024\\\/05\\\/Zytho_reversed_horizontal.svg\",\"contentUrl\":\"https:\\\/\\\/www.zytho.ca\\\/wp-content\\\/uploads\\\/2024\\\/05\\\/Zytho_reversed_horizontal.svg\",\"width\":1582,\"height\":490,\"caption\":\"Zytho\"},\"image\":{\"@id\":\"https:\\\/\\\/www.zytho.ca\\\/fr\\\/#\\\/schema\\\/logo\\\/image\\\/\"}}]}<\/script>\n<!-- \/ Yoast SEO plugin. -->","yoast_head_json":{"title":"Carbonatation en ligne de la bi\u00e8re - Pour les brasseries professionnelles | Zytho","description":"Le contr\u00f4leur CCR Carbo de Haffmans vous permet de gaz\u00e9ifier des boissons et des boissons en ligne.","robots":{"index":"index","follow":"follow","max-snippet":"max-snippet:-1","max-image-preview":"max-image-preview:large","max-video-preview":"max-video-preview:-1"},"canonical":"https:\/\/www.zytho.ca\/fr\/produit\/pentair-haffmans-ccr-carbo-controller\/","og_locale":"fr_FR","og_type":"article","og_title":"Carbonatation en ligne de la bi\u00e8re - Pour les brasseries professionnelles | Zytho","og_description":"Le contr\u00f4leur CCR Carbo de Haffmans vous permet de gaz\u00e9ifier des boissons et des boissons en ligne.","og_url":"https:\/\/www.zytho.ca\/fr\/produit\/pentair-haffmans-ccr-carbo-controller\/","og_site_name":"Zytho","article_modified_time":"2025-11-04T13:33:29+00:00","og_image":[{"width":1400,"height":934,"url":"https:\/\/www.zytho.ca\/wp-content\/uploads\/2025\/10\/Untitled-4.png","type":"image\/png"}],"twitter_card":"summary_large_image","schema":{"@context":"https:\/\/schema.org","@graph":[{"@type":"WebPage","@id":"https:\/\/www.zytho.ca\/fr\/produit\/pentair-haffmans-ccr-carbo-controller\/","url":"https:\/\/www.zytho.ca\/fr\/produit\/pentair-haffmans-ccr-carbo-controller\/","name":"Carbonatation en ligne de la bi\u00e8re - Pour les brasseries professionnelles | Zytho","isPartOf":{"@id":"https:\/\/www.zytho.ca\/fr\/#website"},"primaryImageOfPage":{"@id":"https:\/\/www.zytho.ca\/fr\/produit\/pentair-haffmans-ccr-carbo-controller\/#primaryimage"},"image":{"@id":"https:\/\/www.zytho.ca\/fr\/produit\/pentair-haffmans-ccr-carbo-controller\/#primaryimage"},"thumbnailUrl":"https:\/\/www.zytho.ca\/wp-content\/uploads\/2025\/10\/Untitled-4.png","datePublished":"2025-10-27T15:39:58+00:00","dateModified":"2025-11-04T13:33:29+00:00","description":"Le contr\u00f4leur CCR Carbo de Haffmans vous permet de gaz\u00e9ifier des boissons et des boissons en ligne.","breadcrumb":{"@id":"https:\/\/www.zytho.ca\/fr\/produit\/pentair-haffmans-ccr-carbo-controller\/#breadcrumb"},"inLanguage":"fr-FR","potentialAction":[{"@type":"ReadAction","target":["https:\/\/www.zytho.ca\/fr\/produit\/pentair-haffmans-ccr-carbo-controller\/"]}]},{"@type":"ImageObject","inLanguage":"fr-FR","@id":"https:\/\/www.zytho.ca\/fr\/produit\/pentair-haffmans-ccr-carbo-controller\/#primaryimage","url":"https:\/\/www.zytho.ca\/wp-content\/uploads\/2025\/10\/Untitled-4.png","contentUrl":"https:\/\/www.zytho.ca\/wp-content\/uploads\/2025\/10\/Untitled-4.png","width":1400,"height":934},{"@type":"BreadcrumbList","@id":"https:\/\/www.zytho.ca\/fr\/produit\/pentair-haffmans-ccr-carbo-controller\/#breadcrumb","itemListElement":[{"@type":"ListItem","position":1,"name":"Accueil","item":"https:\/\/www.zytho.ca\/fr\/"},{"@type":"ListItem","position":2,"name":"Shop","item":"https:\/\/www.zytho.ca\/fr\/shop\/"},{"@type":"ListItem","position":3,"name":"Pentair-Haffmans CCR Contr\u00f4leur Carbo"}]},{"@type":"WebSite","@id":"https:\/\/www.zytho.ca\/fr\/#website","url":"https:\/\/www.zytho.ca\/fr\/","name":"Zytho","description":"","publisher":{"@id":"https:\/\/www.zytho.ca\/fr\/#organization"},"potentialAction":[{"@type":"SearchAction","target":{"@type":"EntryPoint","urlTemplate":"https:\/\/www.zytho.ca\/fr\/?s={search_term_string}"},"query-input":{"@type":"PropertyValueSpecification","valueRequired":true,"valueName":"search_term_string"}}],"inLanguage":"fr-FR"},{"@type":"Organization","@id":"https:\/\/www.zytho.ca\/fr\/#organization","name":"Zytho","url":"https:\/\/www.zytho.ca\/fr\/","logo":{"@type":"ImageObject","inLanguage":"fr-FR","@id":"https:\/\/www.zytho.ca\/fr\/#\/schema\/logo\/image\/","url":"https:\/\/www.zytho.ca\/wp-content\/uploads\/2024\/05\/Zytho_reversed_horizontal.svg","contentUrl":"https:\/\/www.zytho.ca\/wp-content\/uploads\/2024\/05\/Zytho_reversed_horizontal.svg","width":1582,"height":490,"caption":"Zytho"},"image":{"@id":"https:\/\/www.zytho.ca\/fr\/#\/schema\/logo\/image\/"}}]}},"_links":{"self":[{"href":"https:\/\/www.zytho.ca\/fr\/wp-json\/wp\/v2\/product\/9999","targetHints":{"allow":["GET"]}}],"collection":[{"href":"https:\/\/www.zytho.ca\/fr\/wp-json\/wp\/v2\/product"}],"about":[{"href":"https:\/\/www.zytho.ca\/fr\/wp-json\/wp\/v2\/types\/product"}],"wp:featuredmedia":[{"embeddable":true,"href":"https:\/\/www.zytho.ca\/fr\/wp-json\/wp\/v2\/media\/10005"}],"wp:attachment":[{"href":"https:\/\/www.zytho.ca\/fr\/wp-json\/wp\/v2\/media?parent=9999"}],"wp:term":[{"taxonomy":"product_brand","embeddable":true,"href":"https:\/\/www.zytho.ca\/fr\/wp-json\/wp\/v2\/product_brand?post=9999"},{"taxonomy":"product_cat","embeddable":true,"href":"https:\/\/www.zytho.ca\/fr\/wp-json\/wp\/v2\/product_cat?post=9999"},{"taxonomy":"product_tag","embeddable":true,"href":"https:\/\/www.zytho.ca\/fr\/wp-json\/wp\/v2\/product_tag?post=9999"}],"curies":[{"name":"wp","href":"https:\/\/api.w.org\/{rel}","templated":true}]}}