{"id":9994,"date":"2025-10-27T15:40:00","date_gmt":"2025-10-27T15:40:00","guid":{"rendered":"https:\/\/zytho.ca\/product\/membrane-de-filtration-de-la-biere-pentair-bmf\/"},"modified":"2025-11-03T07:05:30","modified_gmt":"2025-11-03T07:05:30","slug":"membrane-de-filtration-de-la-biere-pentair-bmf","status":"publish","type":"product","link":"https:\/\/www.zytho.ca\/fr\/produit\/membrane-de-filtration-de-la-biere-pentair-bmf\/","title":{"rendered":"Membrane de filtration de la bi\u00e8re Pentair bmf"},"content":{"rendered":"<p>Le Pentair BMF assure une filtration pr\u00e9cise et coh\u00e9rente qui permet d&#8217;obtenir un profil de bi\u00e8re de qualit\u00e9 sup\u00e9rieure et reproductible. Sa conception compacte peut \u00eatre adapt\u00e9e \u00e0 la capacit\u00e9 de filtration n\u00e9cessaire de votre brasserie, c&#8217;est-\u00e0-dire entre 70 et 900 hL \/ h. Le BMF ne n\u00e9cessite pas de filtration centrifuge pr\u00e9alable, ce qui permet d&#8217;\u00e9conomiser sur l&#8217;\u00e9quipement et les co\u00fbts d&#8217;exploitation. Sa conception est s\u00fbre et sanitaire, en plus de permettre l&#8217;automatisation compl\u00e8te du processus de filtration de votre brasserie.     <\/p>\n","protected":false},"excerpt":{"rendered":"<h4>Une seule unit\u00e9, une filtration optimale. Ce syst\u00e8me de filtration \u00e0 membrane offre une filtration fiable, adaptable et durable, am\u00e9liorant votre processus de brassage avec une efficacit\u00e9 et une qualit\u00e9 exceptionnelles. <\/h4>\n<p><strong>Principaux avantages<\/strong><\/p>\n<ul>\n<li>Filtration continue : Gr\u00e2ce \u00e0 l&#8217;automatisation, le processus de filtration reste ininterrompu.<\/li>\n<li>R\u00e9duction des d\u00e9chets : Les membranes r\u00e9utilisables r\u00e9duisent consid\u00e9rablement les d\u00e9chets de m\u00e9dias filtrants, diminuant les d\u00e9chets solides jusqu&#8217;\u00e0 50 %.<\/li>\n<li>Rentabilit\u00e9 : L&#8217;\u00e9limination des d\u00e9chets de m\u00e9dias filtrants peut entra\u00eener une r\u00e9duction des frais d&#8217;\u00e9limination pour votre brasserie.<\/li>\n<li>Am\u00e9lioration de la qualit\u00e9 : En \u00e9vitant l&#8217;utilisation d&#8217;adjuvants de filtration \u00e0 base de terre de diatom\u00e9es, la capture du fer est minimis\u00e9e, ce qui r\u00e9duit le processus de vieillissement et am\u00e9liore la stabilit\u00e9 du go\u00fbt de la bi\u00e8re.<\/li>\n<\/ul>\n","protected":false},"featured_media":9995,"template":"","meta":{"_acf_changed":false,"inline_featured_image":false},"product_brand":[729],"product_cat":[730,732],"product_tag":[739],"class_list":{"0":"post-9994","1":"product","2":"type-product","3":"status-publish","4":"has-post-thumbnail","6":"product_brand-zytho","7":"product_cat-boissons-et-brassage","8":"product_cat-materiel-de-debardage","9":"product_tag-pas-de-prix","11":"first","12":"instock","13":"taxable","14":"shipping-taxable","15":"product-type-simple"},"acf":[],"yoast_head":"<!-- This site is optimized with the Yoast SEO plugin v27.6 - https:\/\/yoast.com\/product\/yoast-seo-wordpress\/ -->\n<title>Filtration membranaire de la bi\u00e8re - Pour les brasseries professionnelles | Zytho<\/title>\n<meta name=\"description\" content=\"Le syst\u00e8me Pentair BMF assure une filtration pr\u00e9cise et coh\u00e9rente, ce qui permet d&#039;obtenir un profil de bi\u00e8re de qualit\u00e9 sup\u00e9rieure et reproductible. Sa conception compacte peut \u00eatre adapt\u00e9e \u00e0 la capacit\u00e9 de filtrage n\u00e9cessaire \u00e0 votre brasserie, c&#039;est-\u00e0-dire entre 70 et 900 hL \/ h.\" \/>\n<meta name=\"robots\" content=\"index, follow, max-snippet:-1, max-image-preview:large, max-video-preview:-1\" \/>\n<link rel=\"canonical\" href=\"https:\/\/www.zytho.ca\/fr\/produit\/membrane-de-filtration-de-la-biere-pentair-bmf\/\" \/>\n<meta property=\"og:locale\" content=\"fr_FR\" \/>\n<meta property=\"og:type\" content=\"article\" \/>\n<meta property=\"og:title\" content=\"Filtration membranaire de la bi\u00e8re - Pour les brasseries professionnelles | Zytho\" \/>\n<meta property=\"og:description\" content=\"Le syst\u00e8me Pentair BMF assure une filtration pr\u00e9cise et coh\u00e9rente, ce qui permet d&#039;obtenir un profil de bi\u00e8re de qualit\u00e9 sup\u00e9rieure et reproductible. Sa conception compacte peut \u00eatre adapt\u00e9e \u00e0 la capacit\u00e9 de filtrage n\u00e9cessaire \u00e0 votre brasserie, c&#039;est-\u00e0-dire entre 70 et 900 hL \/ h.\" \/>\n<meta property=\"og:url\" content=\"https:\/\/www.zytho.ca\/fr\/produit\/membrane-de-filtration-de-la-biere-pentair-bmf\/\" \/>\n<meta property=\"og:site_name\" content=\"Zytho\" \/>\n<meta property=\"article:modified_time\" content=\"2025-11-03T07:05:30+00:00\" \/>\n<meta property=\"og:image\" content=\"https:\/\/www.zytho.ca\/wp-content\/uploads\/2025\/10\/Untitled-5.png\" \/>\n\t<meta property=\"og:image:width\" content=\"1181\" \/>\n\t<meta property=\"og:image:height\" content=\"788\" \/>\n\t<meta property=\"og:image:type\" content=\"image\/png\" \/>\n<meta name=\"twitter:card\" content=\"summary_large_image\" \/>\n<script type=\"application\/ld+json\" class=\"yoast-schema-graph\">{\"@context\":\"https:\\\/\\\/schema.org\",\"@graph\":[{\"@type\":\"WebPage\",\"@id\":\"https:\\\/\\\/www.zytho.ca\\\/fr\\\/produit\\\/membrane-de-filtration-de-la-biere-pentair-bmf\\\/\",\"url\":\"https:\\\/\\\/www.zytho.ca\\\/fr\\\/produit\\\/membrane-de-filtration-de-la-biere-pentair-bmf\\\/\",\"name\":\"Filtration membranaire de la bi\u00e8re - Pour les brasseries professionnelles | Zytho\",\"isPartOf\":{\"@id\":\"https:\\\/\\\/www.zytho.ca\\\/fr\\\/#website\"},\"primaryImageOfPage\":{\"@id\":\"https:\\\/\\\/www.zytho.ca\\\/fr\\\/produit\\\/membrane-de-filtration-de-la-biere-pentair-bmf\\\/#primaryimage\"},\"image\":{\"@id\":\"https:\\\/\\\/www.zytho.ca\\\/fr\\\/produit\\\/membrane-de-filtration-de-la-biere-pentair-bmf\\\/#primaryimage\"},\"thumbnailUrl\":\"https:\\\/\\\/www.zytho.ca\\\/wp-content\\\/uploads\\\/2025\\\/10\\\/Untitled-5.png\",\"datePublished\":\"2025-10-27T15:40:00+00:00\",\"dateModified\":\"2025-11-03T07:05:30+00:00\",\"description\":\"Le syst\u00e8me Pentair BMF assure une filtration pr\u00e9cise et coh\u00e9rente, ce qui permet d'obtenir un profil de bi\u00e8re de qualit\u00e9 sup\u00e9rieure et reproductible. Sa conception compacte peut \u00eatre adapt\u00e9e \u00e0 la capacit\u00e9 de filtrage n\u00e9cessaire \u00e0 votre brasserie, c'est-\u00e0-dire entre 70 et 900 hL \\\/ h.\",\"breadcrumb\":{\"@id\":\"https:\\\/\\\/www.zytho.ca\\\/fr\\\/produit\\\/membrane-de-filtration-de-la-biere-pentair-bmf\\\/#breadcrumb\"},\"inLanguage\":\"fr-FR\",\"potentialAction\":[{\"@type\":\"ReadAction\",\"target\":[\"https:\\\/\\\/www.zytho.ca\\\/fr\\\/produit\\\/membrane-de-filtration-de-la-biere-pentair-bmf\\\/\"]}]},{\"@type\":\"ImageObject\",\"inLanguage\":\"fr-FR\",\"@id\":\"https:\\\/\\\/www.zytho.ca\\\/fr\\\/produit\\\/membrane-de-filtration-de-la-biere-pentair-bmf\\\/#primaryimage\",\"url\":\"https:\\\/\\\/www.zytho.ca\\\/wp-content\\\/uploads\\\/2025\\\/10\\\/Untitled-5.png\",\"contentUrl\":\"https:\\\/\\\/www.zytho.ca\\\/wp-content\\\/uploads\\\/2025\\\/10\\\/Untitled-5.png\",\"width\":1181,\"height\":788},{\"@type\":\"BreadcrumbList\",\"@id\":\"https:\\\/\\\/www.zytho.ca\\\/fr\\\/produit\\\/membrane-de-filtration-de-la-biere-pentair-bmf\\\/#breadcrumb\",\"itemListElement\":[{\"@type\":\"ListItem\",\"position\":1,\"name\":\"Accueil\",\"item\":\"https:\\\/\\\/www.zytho.ca\\\/fr\\\/\"},{\"@type\":\"ListItem\",\"position\":2,\"name\":\"Shop\",\"item\":\"https:\\\/\\\/www.zytho.ca\\\/fr\\\/shop\\\/\"},{\"@type\":\"ListItem\",\"position\":3,\"name\":\"Membrane de filtration de la bi\u00e8re Pentair bmf\"}]},{\"@type\":\"WebSite\",\"@id\":\"https:\\\/\\\/www.zytho.ca\\\/fr\\\/#website\",\"url\":\"https:\\\/\\\/www.zytho.ca\\\/fr\\\/\",\"name\":\"Zytho\",\"description\":\"\",\"publisher\":{\"@id\":\"https:\\\/\\\/www.zytho.ca\\\/fr\\\/#organization\"},\"potentialAction\":[{\"@type\":\"SearchAction\",\"target\":{\"@type\":\"EntryPoint\",\"urlTemplate\":\"https:\\\/\\\/www.zytho.ca\\\/fr\\\/?s={search_term_string}\"},\"query-input\":{\"@type\":\"PropertyValueSpecification\",\"valueRequired\":true,\"valueName\":\"search_term_string\"}}],\"inLanguage\":\"fr-FR\"},{\"@type\":\"Organization\",\"@id\":\"https:\\\/\\\/www.zytho.ca\\\/fr\\\/#organization\",\"name\":\"Zytho\",\"url\":\"https:\\\/\\\/www.zytho.ca\\\/fr\\\/\",\"logo\":{\"@type\":\"ImageObject\",\"inLanguage\":\"fr-FR\",\"@id\":\"https:\\\/\\\/www.zytho.ca\\\/fr\\\/#\\\/schema\\\/logo\\\/image\\\/\",\"url\":\"https:\\\/\\\/www.zytho.ca\\\/wp-content\\\/uploads\\\/2024\\\/05\\\/Zytho_reversed_horizontal.svg\",\"contentUrl\":\"https:\\\/\\\/www.zytho.ca\\\/wp-content\\\/uploads\\\/2024\\\/05\\\/Zytho_reversed_horizontal.svg\",\"width\":1582,\"height\":490,\"caption\":\"Zytho\"},\"image\":{\"@id\":\"https:\\\/\\\/www.zytho.ca\\\/fr\\\/#\\\/schema\\\/logo\\\/image\\\/\"}}]}<\/script>\n<!-- \/ Yoast SEO plugin. -->","yoast_head_json":{"title":"Filtration membranaire de la bi\u00e8re - Pour les brasseries professionnelles | Zytho","description":"Le syst\u00e8me Pentair BMF assure une filtration pr\u00e9cise et coh\u00e9rente, ce qui permet d'obtenir un profil de bi\u00e8re de qualit\u00e9 sup\u00e9rieure et reproductible. Sa conception compacte peut \u00eatre adapt\u00e9e \u00e0 la capacit\u00e9 de filtrage n\u00e9cessaire \u00e0 votre brasserie, c'est-\u00e0-dire entre 70 et 900 hL \/ h.","robots":{"index":"index","follow":"follow","max-snippet":"max-snippet:-1","max-image-preview":"max-image-preview:large","max-video-preview":"max-video-preview:-1"},"canonical":"https:\/\/www.zytho.ca\/fr\/produit\/membrane-de-filtration-de-la-biere-pentair-bmf\/","og_locale":"fr_FR","og_type":"article","og_title":"Filtration membranaire de la bi\u00e8re - Pour les brasseries professionnelles | Zytho","og_description":"Le syst\u00e8me Pentair BMF assure une filtration pr\u00e9cise et coh\u00e9rente, ce qui permet d'obtenir un profil de bi\u00e8re de qualit\u00e9 sup\u00e9rieure et reproductible. Sa conception compacte peut \u00eatre adapt\u00e9e \u00e0 la capacit\u00e9 de filtrage n\u00e9cessaire \u00e0 votre brasserie, c'est-\u00e0-dire entre 70 et 900 hL \/ h.","og_url":"https:\/\/www.zytho.ca\/fr\/produit\/membrane-de-filtration-de-la-biere-pentair-bmf\/","og_site_name":"Zytho","article_modified_time":"2025-11-03T07:05:30+00:00","og_image":[{"width":1181,"height":788,"url":"https:\/\/www.zytho.ca\/wp-content\/uploads\/2025\/10\/Untitled-5.png","type":"image\/png"}],"twitter_card":"summary_large_image","schema":{"@context":"https:\/\/schema.org","@graph":[{"@type":"WebPage","@id":"https:\/\/www.zytho.ca\/fr\/produit\/membrane-de-filtration-de-la-biere-pentair-bmf\/","url":"https:\/\/www.zytho.ca\/fr\/produit\/membrane-de-filtration-de-la-biere-pentair-bmf\/","name":"Filtration membranaire de la bi\u00e8re - Pour les brasseries professionnelles | Zytho","isPartOf":{"@id":"https:\/\/www.zytho.ca\/fr\/#website"},"primaryImageOfPage":{"@id":"https:\/\/www.zytho.ca\/fr\/produit\/membrane-de-filtration-de-la-biere-pentair-bmf\/#primaryimage"},"image":{"@id":"https:\/\/www.zytho.ca\/fr\/produit\/membrane-de-filtration-de-la-biere-pentair-bmf\/#primaryimage"},"thumbnailUrl":"https:\/\/www.zytho.ca\/wp-content\/uploads\/2025\/10\/Untitled-5.png","datePublished":"2025-10-27T15:40:00+00:00","dateModified":"2025-11-03T07:05:30+00:00","description":"Le syst\u00e8me Pentair BMF assure une filtration pr\u00e9cise et coh\u00e9rente, ce qui permet d'obtenir un profil de bi\u00e8re de qualit\u00e9 sup\u00e9rieure et reproductible. Sa conception compacte peut \u00eatre adapt\u00e9e \u00e0 la capacit\u00e9 de filtrage n\u00e9cessaire \u00e0 votre brasserie, c'est-\u00e0-dire entre 70 et 900 hL \/ h.","breadcrumb":{"@id":"https:\/\/www.zytho.ca\/fr\/produit\/membrane-de-filtration-de-la-biere-pentair-bmf\/#breadcrumb"},"inLanguage":"fr-FR","potentialAction":[{"@type":"ReadAction","target":["https:\/\/www.zytho.ca\/fr\/produit\/membrane-de-filtration-de-la-biere-pentair-bmf\/"]}]},{"@type":"ImageObject","inLanguage":"fr-FR","@id":"https:\/\/www.zytho.ca\/fr\/produit\/membrane-de-filtration-de-la-biere-pentair-bmf\/#primaryimage","url":"https:\/\/www.zytho.ca\/wp-content\/uploads\/2025\/10\/Untitled-5.png","contentUrl":"https:\/\/www.zytho.ca\/wp-content\/uploads\/2025\/10\/Untitled-5.png","width":1181,"height":788},{"@type":"BreadcrumbList","@id":"https:\/\/www.zytho.ca\/fr\/produit\/membrane-de-filtration-de-la-biere-pentair-bmf\/#breadcrumb","itemListElement":[{"@type":"ListItem","position":1,"name":"Accueil","item":"https:\/\/www.zytho.ca\/fr\/"},{"@type":"ListItem","position":2,"name":"Shop","item":"https:\/\/www.zytho.ca\/fr\/shop\/"},{"@type":"ListItem","position":3,"name":"Membrane de filtration de la bi\u00e8re Pentair bmf"}]},{"@type":"WebSite","@id":"https:\/\/www.zytho.ca\/fr\/#website","url":"https:\/\/www.zytho.ca\/fr\/","name":"Zytho","description":"","publisher":{"@id":"https:\/\/www.zytho.ca\/fr\/#organization"},"potentialAction":[{"@type":"SearchAction","target":{"@type":"EntryPoint","urlTemplate":"https:\/\/www.zytho.ca\/fr\/?s={search_term_string}"},"query-input":{"@type":"PropertyValueSpecification","valueRequired":true,"valueName":"search_term_string"}}],"inLanguage":"fr-FR"},{"@type":"Organization","@id":"https:\/\/www.zytho.ca\/fr\/#organization","name":"Zytho","url":"https:\/\/www.zytho.ca\/fr\/","logo":{"@type":"ImageObject","inLanguage":"fr-FR","@id":"https:\/\/www.zytho.ca\/fr\/#\/schema\/logo\/image\/","url":"https:\/\/www.zytho.ca\/wp-content\/uploads\/2024\/05\/Zytho_reversed_horizontal.svg","contentUrl":"https:\/\/www.zytho.ca\/wp-content\/uploads\/2024\/05\/Zytho_reversed_horizontal.svg","width":1582,"height":490,"caption":"Zytho"},"image":{"@id":"https:\/\/www.zytho.ca\/fr\/#\/schema\/logo\/image\/"}}]}},"_links":{"self":[{"href":"https:\/\/www.zytho.ca\/fr\/wp-json\/wp\/v2\/product\/9994","targetHints":{"allow":["GET"]}}],"collection":[{"href":"https:\/\/www.zytho.ca\/fr\/wp-json\/wp\/v2\/product"}],"about":[{"href":"https:\/\/www.zytho.ca\/fr\/wp-json\/wp\/v2\/types\/product"}],"wp:featuredmedia":[{"embeddable":true,"href":"https:\/\/www.zytho.ca\/fr\/wp-json\/wp\/v2\/media\/9995"}],"wp:attachment":[{"href":"https:\/\/www.zytho.ca\/fr\/wp-json\/wp\/v2\/media?parent=9994"}],"wp:term":[{"taxonomy":"product_brand","embeddable":true,"href":"https:\/\/www.zytho.ca\/fr\/wp-json\/wp\/v2\/product_brand?post=9994"},{"taxonomy":"product_cat","embeddable":true,"href":"https:\/\/www.zytho.ca\/fr\/wp-json\/wp\/v2\/product_cat?post=9994"},{"taxonomy":"product_tag","embeddable":true,"href":"https:\/\/www.zytho.ca\/fr\/wp-json\/wp\/v2\/product_tag?post=9994"}],"curies":[{"name":"wp","href":"https:\/\/api.w.org\/{rel}","templated":true}]}}