{"id":9993,"date":"2025-10-27T15:54:59","date_gmt":"2025-10-27T15:54:59","guid":{"rendered":"https:\/\/zytho.ca\/product\/ruban-ptfe-industriel-dixon\/"},"modified":"2025-10-30T13:07:12","modified_gmt":"2025-10-30T13:07:12","slug":"ruban-ptfe-industriel-dixon","status":"publish","type":"product","link":"https:\/\/www.zytho.ca\/fr\/produit\/ruban-ptfe-industriel-dixon\/","title":{"rendered":"Ruban PTFE industriel &#8211; Dixon"},"content":{"rendered":"<h6><strong>Avantages<\/strong><\/h6>\n<div class=\"large-6 columns\">\n<ul>\n<li>Fonctionne efficacement sur un large spectre de temp\u00e9ratures : -212 \u00b0F \u00e0 500 \u00b0F (-136 \u00b0C \u00e0 260 \u00b0C)<\/li>\n<li>Epaisseur de pr\u00e9cision de 3,5 millim\u00e8tres (0,0035 mm) pour des performances optimales<\/li>\n<\/ul>\n<h6 class=\"icon-label icon-pdf-label\"><strong>D\u00e9tails du produit<\/strong><\/h6>\n<ul>\n<li>\u00c9paisseur : 3.5mil (0.0035mm)<\/li>\n<li>Plage de temp\u00e9rature : -212 \u00b0F \u00e0 500 \u00b0F (-136 \u00b0C \u00e0 260 \u00b0C)<\/li>\n<\/ul>\n<h6 class=\"icon-label icon-pdf-label\"><strong>Page de catalogue<\/strong><\/h6>\n<div class=\"item-list row\">\n<div class=\"large-12 columns\">\n<ul class=\"inline-list\">\n<li style=\"list-style-type: none;\">\n<ul class=\"inline-list\">\n<li style=\"list-style-type: none;\">\n<ul>\n<li><a href=\"https:\/\/www.dixonvalve.com\/sites\/default\/files\/product\/pages\/us\/DPL418%20-%20902.pdf\">DPL418 &#8211; 902<\/a><\/li>\n<\/ul>\n<\/li>\n<\/ul>\n<\/li>\n<\/ul>\n<\/div>\n<\/div>\n<h6><strong>FICHE DE DONN\u00c9ES DE S\u00c9CURIT\u00c9<\/strong><\/h6>\n<\/div>\n<div class=\"large-6 columns\">\n<div class=\"item-list row\">\n<div class=\"large-12 columns\">\n<ul class=\"inline-list\">\n<li style=\"list-style-type: none;\">\n<ul class=\"inline-list\">\n<li style=\"list-style-type: none;\">\n<ul>\n<li><a href=\"https:\/\/www.dixonvalve.com\/sites\/default\/files\/product\/files\/msds\/SDS%20for%20PTFE%20tape.pdf\">Fiche de donn\u00e9es de s\u00e9curit\u00e9 pour le ruban PTFE<\/a><\/li>\n<\/ul>\n<\/li>\n<\/ul>\n<\/li>\n<\/ul>\n<\/div>\n<\/div>\n<\/div>\n","protected":false},"excerpt":{"rendered":"<p>html<\/p>\n<h4>Principaux avantages du ruban PTFE industriel &#8211; Dixon pour les brasseurs professionnels<\/h4>\n<ul>\n<li>Fonctionne efficacement sur une large plage de temp\u00e9ratures, de -212 \u00b0F \u00e0 500 \u00b0F, garantissant la fiabilit\u00e9 dans divers environnements de brassage.<\/li>\n<li>L&#8217;\u00e9paisseur mesur\u00e9e avec pr\u00e9cision est de 3,5 millim\u00e8tres, ce qui permet d&#8217;am\u00e9liorer les performances d&#8217;\u00e9tanch\u00e9it\u00e9 des \u00e9quipements de brassage.<\/li>\n<li>Les donn\u00e9es de s\u00e9curit\u00e9 compl\u00e8tes garantissent une utilisation s\u00fbre et efficace dans les op\u00e9rations de brassage professionnelles.<\/li>\n<\/ul>\n","protected":false},"featured_media":9996,"template":"","meta":{"_acf_changed":false,"inline_featured_image":false},"product_brand":[740],"product_cat":[736,741,742],"product_tag":[],"class_list":{"0":"post-9993","1":"product","2":"type-product","3":"status-publish","4":"has-post-thumbnail","6":"product_brand-dixon","7":"product_cat-distribution","8":"product_cat-materiel","9":"product_cat-outils-industriels","11":"first","12":"instock","13":"taxable","14":"shipping-taxable","15":"purchasable","16":"product-type-variable"},"acf":[],"yoast_head":"<!-- This site is optimized with the Yoast SEO plugin v27.6 - https:\/\/yoast.com\/product\/yoast-seo-wordpress\/ -->\n<title>Ruban PTFE industriel - Dixon - Pour brasseries professionnelles | Zytho<\/title>\n<meta name=\"description\" content=\"D\u00e9couvrez la bande PTFE industrielle de Dixon, con\u00e7ue pour les brasseurs professionnels. Avec une \u00e9paisseur pr\u00e9cise et une large gamme de temp\u00e9ratures, il garantit des performances optimales dans les environnements de brassage.\" \/>\n<meta name=\"robots\" content=\"index, follow, max-snippet:-1, max-image-preview:large, max-video-preview:-1\" \/>\n<link rel=\"canonical\" href=\"https:\/\/www.zytho.ca\/fr\/produit\/ruban-ptfe-industriel-dixon\/\" \/>\n<meta property=\"og:locale\" content=\"fr_FR\" \/>\n<meta property=\"og:type\" content=\"article\" \/>\n<meta property=\"og:title\" content=\"Ruban PTFE industriel - Dixon - Pour brasseries professionnelles | Zytho\" \/>\n<meta property=\"og:description\" content=\"D\u00e9couvrez la bande PTFE industrielle de Dixon, con\u00e7ue pour les brasseurs professionnels. Avec une \u00e9paisseur pr\u00e9cise et une large gamme de temp\u00e9ratures, il garantit des performances optimales dans les environnements de brassage.\" \/>\n<meta property=\"og:url\" content=\"https:\/\/www.zytho.ca\/fr\/produit\/ruban-ptfe-industriel-dixon\/\" \/>\n<meta property=\"og:site_name\" content=\"Zytho\" \/>\n<meta property=\"article:modified_time\" content=\"2025-10-30T13:07:12+00:00\" \/>\n<meta property=\"og:image\" content=\"https:\/\/www.zytho.ca\/wp-content\/uploads\/2025\/10\/Industrial-PTFE-Tape-Dixon.jpg\" \/>\n\t<meta property=\"og:image:width\" content=\"584\" \/>\n\t<meta property=\"og:image:height\" content=\"584\" \/>\n\t<meta property=\"og:image:type\" content=\"image\/jpeg\" \/>\n<meta name=\"twitter:card\" content=\"summary_large_image\" \/>\n<script type=\"application\/ld+json\" class=\"yoast-schema-graph\">{\"@context\":\"https:\\\/\\\/schema.org\",\"@graph\":[{\"@type\":\"WebPage\",\"@id\":\"https:\\\/\\\/www.zytho.ca\\\/fr\\\/produit\\\/ruban-ptfe-industriel-dixon\\\/\",\"url\":\"https:\\\/\\\/www.zytho.ca\\\/fr\\\/produit\\\/ruban-ptfe-industriel-dixon\\\/\",\"name\":\"Ruban PTFE industriel - Dixon - Pour brasseries professionnelles | Zytho\",\"isPartOf\":{\"@id\":\"https:\\\/\\\/www.zytho.ca\\\/fr\\\/#website\"},\"primaryImageOfPage\":{\"@id\":\"https:\\\/\\\/www.zytho.ca\\\/fr\\\/produit\\\/ruban-ptfe-industriel-dixon\\\/#primaryimage\"},\"image\":{\"@id\":\"https:\\\/\\\/www.zytho.ca\\\/fr\\\/produit\\\/ruban-ptfe-industriel-dixon\\\/#primaryimage\"},\"thumbnailUrl\":\"https:\\\/\\\/www.zytho.ca\\\/wp-content\\\/uploads\\\/2025\\\/10\\\/Industrial-PTFE-Tape-Dixon.jpg\",\"datePublished\":\"2025-10-27T15:54:59+00:00\",\"dateModified\":\"2025-10-30T13:07:12+00:00\",\"description\":\"D\u00e9couvrez la bande PTFE industrielle de Dixon, con\u00e7ue pour les brasseurs professionnels. Avec une \u00e9paisseur pr\u00e9cise et une large gamme de temp\u00e9ratures, il garantit des performances optimales dans les environnements de brassage.\",\"breadcrumb\":{\"@id\":\"https:\\\/\\\/www.zytho.ca\\\/fr\\\/produit\\\/ruban-ptfe-industriel-dixon\\\/#breadcrumb\"},\"inLanguage\":\"fr-FR\",\"potentialAction\":[{\"@type\":\"ReadAction\",\"target\":[\"https:\\\/\\\/www.zytho.ca\\\/fr\\\/produit\\\/ruban-ptfe-industriel-dixon\\\/\"]}]},{\"@type\":\"ImageObject\",\"inLanguage\":\"fr-FR\",\"@id\":\"https:\\\/\\\/www.zytho.ca\\\/fr\\\/produit\\\/ruban-ptfe-industriel-dixon\\\/#primaryimage\",\"url\":\"https:\\\/\\\/www.zytho.ca\\\/wp-content\\\/uploads\\\/2025\\\/10\\\/Industrial-PTFE-Tape-Dixon.jpg\",\"contentUrl\":\"https:\\\/\\\/www.zytho.ca\\\/wp-content\\\/uploads\\\/2025\\\/10\\\/Industrial-PTFE-Tape-Dixon.jpg\",\"width\":584,\"height\":584},{\"@type\":\"BreadcrumbList\",\"@id\":\"https:\\\/\\\/www.zytho.ca\\\/fr\\\/produit\\\/ruban-ptfe-industriel-dixon\\\/#breadcrumb\",\"itemListElement\":[{\"@type\":\"ListItem\",\"position\":1,\"name\":\"Accueil\",\"item\":\"https:\\\/\\\/www.zytho.ca\\\/fr\\\/\"},{\"@type\":\"ListItem\",\"position\":2,\"name\":\"Shop\",\"item\":\"https:\\\/\\\/www.zytho.ca\\\/fr\\\/shop\\\/\"},{\"@type\":\"ListItem\",\"position\":3,\"name\":\"Ruban PTFE industriel &#8211; Dixon\"}]},{\"@type\":\"WebSite\",\"@id\":\"https:\\\/\\\/www.zytho.ca\\\/fr\\\/#website\",\"url\":\"https:\\\/\\\/www.zytho.ca\\\/fr\\\/\",\"name\":\"Zytho\",\"description\":\"\",\"publisher\":{\"@id\":\"https:\\\/\\\/www.zytho.ca\\\/fr\\\/#organization\"},\"potentialAction\":[{\"@type\":\"SearchAction\",\"target\":{\"@type\":\"EntryPoint\",\"urlTemplate\":\"https:\\\/\\\/www.zytho.ca\\\/fr\\\/?s={search_term_string}\"},\"query-input\":{\"@type\":\"PropertyValueSpecification\",\"valueRequired\":true,\"valueName\":\"search_term_string\"}}],\"inLanguage\":\"fr-FR\"},{\"@type\":\"Organization\",\"@id\":\"https:\\\/\\\/www.zytho.ca\\\/fr\\\/#organization\",\"name\":\"Zytho\",\"url\":\"https:\\\/\\\/www.zytho.ca\\\/fr\\\/\",\"logo\":{\"@type\":\"ImageObject\",\"inLanguage\":\"fr-FR\",\"@id\":\"https:\\\/\\\/www.zytho.ca\\\/fr\\\/#\\\/schema\\\/logo\\\/image\\\/\",\"url\":\"https:\\\/\\\/www.zytho.ca\\\/wp-content\\\/uploads\\\/2024\\\/05\\\/Zytho_reversed_horizontal.svg\",\"contentUrl\":\"https:\\\/\\\/www.zytho.ca\\\/wp-content\\\/uploads\\\/2024\\\/05\\\/Zytho_reversed_horizontal.svg\",\"width\":1582,\"height\":490,\"caption\":\"Zytho\"},\"image\":{\"@id\":\"https:\\\/\\\/www.zytho.ca\\\/fr\\\/#\\\/schema\\\/logo\\\/image\\\/\"}}]}<\/script>\n<!-- \/ Yoast SEO plugin. -->","yoast_head_json":{"title":"Ruban PTFE industriel - Dixon - Pour brasseries professionnelles | Zytho","description":"D\u00e9couvrez la bande PTFE industrielle de Dixon, con\u00e7ue pour les brasseurs professionnels. Avec une \u00e9paisseur pr\u00e9cise et une large gamme de temp\u00e9ratures, il garantit des performances optimales dans les environnements de brassage.","robots":{"index":"index","follow":"follow","max-snippet":"max-snippet:-1","max-image-preview":"max-image-preview:large","max-video-preview":"max-video-preview:-1"},"canonical":"https:\/\/www.zytho.ca\/fr\/produit\/ruban-ptfe-industriel-dixon\/","og_locale":"fr_FR","og_type":"article","og_title":"Ruban PTFE industriel - Dixon - Pour brasseries professionnelles | Zytho","og_description":"D\u00e9couvrez la bande PTFE industrielle de Dixon, con\u00e7ue pour les brasseurs professionnels. Avec une \u00e9paisseur pr\u00e9cise et une large gamme de temp\u00e9ratures, il garantit des performances optimales dans les environnements de brassage.","og_url":"https:\/\/www.zytho.ca\/fr\/produit\/ruban-ptfe-industriel-dixon\/","og_site_name":"Zytho","article_modified_time":"2025-10-30T13:07:12+00:00","og_image":[{"width":584,"height":584,"url":"https:\/\/www.zytho.ca\/wp-content\/uploads\/2025\/10\/Industrial-PTFE-Tape-Dixon.jpg","type":"image\/jpeg"}],"twitter_card":"summary_large_image","schema":{"@context":"https:\/\/schema.org","@graph":[{"@type":"WebPage","@id":"https:\/\/www.zytho.ca\/fr\/produit\/ruban-ptfe-industriel-dixon\/","url":"https:\/\/www.zytho.ca\/fr\/produit\/ruban-ptfe-industriel-dixon\/","name":"Ruban PTFE industriel - Dixon - Pour brasseries professionnelles | Zytho","isPartOf":{"@id":"https:\/\/www.zytho.ca\/fr\/#website"},"primaryImageOfPage":{"@id":"https:\/\/www.zytho.ca\/fr\/produit\/ruban-ptfe-industriel-dixon\/#primaryimage"},"image":{"@id":"https:\/\/www.zytho.ca\/fr\/produit\/ruban-ptfe-industriel-dixon\/#primaryimage"},"thumbnailUrl":"https:\/\/www.zytho.ca\/wp-content\/uploads\/2025\/10\/Industrial-PTFE-Tape-Dixon.jpg","datePublished":"2025-10-27T15:54:59+00:00","dateModified":"2025-10-30T13:07:12+00:00","description":"D\u00e9couvrez la bande PTFE industrielle de Dixon, con\u00e7ue pour les brasseurs professionnels. Avec une \u00e9paisseur pr\u00e9cise et une large gamme de temp\u00e9ratures, il garantit des performances optimales dans les environnements de brassage.","breadcrumb":{"@id":"https:\/\/www.zytho.ca\/fr\/produit\/ruban-ptfe-industriel-dixon\/#breadcrumb"},"inLanguage":"fr-FR","potentialAction":[{"@type":"ReadAction","target":["https:\/\/www.zytho.ca\/fr\/produit\/ruban-ptfe-industriel-dixon\/"]}]},{"@type":"ImageObject","inLanguage":"fr-FR","@id":"https:\/\/www.zytho.ca\/fr\/produit\/ruban-ptfe-industriel-dixon\/#primaryimage","url":"https:\/\/www.zytho.ca\/wp-content\/uploads\/2025\/10\/Industrial-PTFE-Tape-Dixon.jpg","contentUrl":"https:\/\/www.zytho.ca\/wp-content\/uploads\/2025\/10\/Industrial-PTFE-Tape-Dixon.jpg","width":584,"height":584},{"@type":"BreadcrumbList","@id":"https:\/\/www.zytho.ca\/fr\/produit\/ruban-ptfe-industriel-dixon\/#breadcrumb","itemListElement":[{"@type":"ListItem","position":1,"name":"Accueil","item":"https:\/\/www.zytho.ca\/fr\/"},{"@type":"ListItem","position":2,"name":"Shop","item":"https:\/\/www.zytho.ca\/fr\/shop\/"},{"@type":"ListItem","position":3,"name":"Ruban PTFE industriel &#8211; Dixon"}]},{"@type":"WebSite","@id":"https:\/\/www.zytho.ca\/fr\/#website","url":"https:\/\/www.zytho.ca\/fr\/","name":"Zytho","description":"","publisher":{"@id":"https:\/\/www.zytho.ca\/fr\/#organization"},"potentialAction":[{"@type":"SearchAction","target":{"@type":"EntryPoint","urlTemplate":"https:\/\/www.zytho.ca\/fr\/?s={search_term_string}"},"query-input":{"@type":"PropertyValueSpecification","valueRequired":true,"valueName":"search_term_string"}}],"inLanguage":"fr-FR"},{"@type":"Organization","@id":"https:\/\/www.zytho.ca\/fr\/#organization","name":"Zytho","url":"https:\/\/www.zytho.ca\/fr\/","logo":{"@type":"ImageObject","inLanguage":"fr-FR","@id":"https:\/\/www.zytho.ca\/fr\/#\/schema\/logo\/image\/","url":"https:\/\/www.zytho.ca\/wp-content\/uploads\/2024\/05\/Zytho_reversed_horizontal.svg","contentUrl":"https:\/\/www.zytho.ca\/wp-content\/uploads\/2024\/05\/Zytho_reversed_horizontal.svg","width":1582,"height":490,"caption":"Zytho"},"image":{"@id":"https:\/\/www.zytho.ca\/fr\/#\/schema\/logo\/image\/"}}]}},"_links":{"self":[{"href":"https:\/\/www.zytho.ca\/fr\/wp-json\/wp\/v2\/product\/9993","targetHints":{"allow":["GET"]}}],"collection":[{"href":"https:\/\/www.zytho.ca\/fr\/wp-json\/wp\/v2\/product"}],"about":[{"href":"https:\/\/www.zytho.ca\/fr\/wp-json\/wp\/v2\/types\/product"}],"wp:featuredmedia":[{"embeddable":true,"href":"https:\/\/www.zytho.ca\/fr\/wp-json\/wp\/v2\/media\/9996"}],"wp:attachment":[{"href":"https:\/\/www.zytho.ca\/fr\/wp-json\/wp\/v2\/media?parent=9993"}],"wp:term":[{"taxonomy":"product_brand","embeddable":true,"href":"https:\/\/www.zytho.ca\/fr\/wp-json\/wp\/v2\/product_brand?post=9993"},{"taxonomy":"product_cat","embeddable":true,"href":"https:\/\/www.zytho.ca\/fr\/wp-json\/wp\/v2\/product_cat?post=9993"},{"taxonomy":"product_tag","embeddable":true,"href":"https:\/\/www.zytho.ca\/fr\/wp-json\/wp\/v2\/product_tag?post=9993"}],"curies":[{"name":"wp","href":"https:\/\/api.w.org\/{rel}","templated":true}]}}