{"id":9988,"date":"2025-10-27T15:40:03","date_gmt":"2025-10-27T15:40:03","guid":{"rendered":"https:\/\/zytho.ca\/product\/aerateur-de-mout\/"},"modified":"2025-10-30T12:48:47","modified_gmt":"2025-10-30T12:48:47","slug":"aerateur-de-mout","status":"publish","type":"product","link":"https:\/\/www.zytho.ca\/fr\/produit\/aerateur-de-mout\/","title":{"rendered":"A\u00e9rateur de mo\u00fbt"},"content":{"rendered":"<p>Pour une bonne fermentation, les levures ont besoin d&#8217;un certain niveau d&#8217;oxyg\u00e8ne dans le mo\u00fbt. Cependant, les m\u00e9thodes habituelles d&#8217;oxyg\u00e9nation du mo\u00fbt dans les brasseries (par exemple la pierre \u00e0 O2) sont parfois impr\u00e9cises et ont un impact sur la reproductibilit\u00e9 du produit final. <\/p>\n<p>L&#8217;a\u00e9rateur de mo\u00fbt Zytho rel\u00e8ve ce d\u00e9fi en assurant une injection constante d&#8217;O2 dans le mo\u00fbt juste avant la fermentation. Ce processus en ligne vous permet \u00e9galement de contr\u00f4ler la quantit\u00e9 d&#8217;oxyg\u00e8ne en fonction du type de bi\u00e8re souhait\u00e9. Sa boucle r\u00e9troactive assure le contr\u00f4le de cette quantit\u00e9 et donc une fermentation constante et reproductible d&#8217;un lot \u00e0 l&#8217;autre.  <\/p>\n","protected":false},"excerpt":{"rendered":"<h4>Am\u00e9liorez les performances de la levure et augmentez l&#8217;efficacit\u00e9 de la fermentation<\/h4>\n<p>Pour assurer une fermentation optimale, les levures ont besoin d&#8217;une quantit\u00e9 sp\u00e9cifique d&#8217;oxyg\u00e8ne dans le mo\u00fbt. Les m\u00e9thodes traditionnelles d&#8217;oxyg\u00e9nation du mo\u00fbt dans les brasseries, telles que l&#8217;utilisation d&#8217;une pierre \u00e0 O2, manquent parfois de pr\u00e9cision et affectent la consistance du produit final. <\/p>\n<p><strong>Avantages<\/strong><\/p>\n<ul>\n<li>Oxyg\u00e9nation de pr\u00e9cision &#8211; Atteignez une saturation en O\u2082 id\u00e9ale pour des fermentations plus robustes et plus r\u00e9guli\u00e8res.<\/li>\n<li>Int\u00e9gration en ligne &#8211; Se connecte facilement \u00e0 votre ligne de transfert de mo\u00fbt pour un processus d&#8217;a\u00e9ration en douceur.<\/li>\n<li>Conception sanitaire et durable &#8211; Fabriqu\u00e9 en acier inoxydable de haute qualit\u00e9, il garantit la propret\u00e9 et la durabilit\u00e9.<\/li>\n<li>Diffusion de bulles fines &#8211; Am\u00e9liore l&#8217;absorption d&#8217;oxyg\u00e8ne gr\u00e2ce \u00e0 des bulles ultrafines pour une absorption efficace.<\/li>\n<li>\u00c9volutif pour toutes les brasseries &#8211; Disponible en diff\u00e9rentes tailles pour s&#8217;adapter \u00e0 votre capacit\u00e9 de brassage.<\/li>\n<\/ul>\n","protected":false},"featured_media":9992,"template":"","meta":{"_acf_changed":false,"inline_featured_image":false},"product_brand":[729],"product_cat":[730,732],"product_tag":[739],"class_list":{"0":"post-9988","1":"product","2":"type-product","3":"status-publish","4":"has-post-thumbnail","6":"product_brand-zytho","7":"product_cat-boissons-et-brassage","8":"product_cat-materiel-de-debardage","9":"product_tag-pas-de-prix","11":"first","12":"instock","13":"taxable","14":"shipping-taxable","15":"product-type-simple"},"acf":[],"yoast_head":"<!-- This site is optimized with the Yoast SEO plugin v27.6 - https:\/\/yoast.com\/product\/yoast-seo-wordpress\/ -->\n<title>A\u00e9rateur de mo\u00fbt - Pour brasseries professionnelles | Zytho<\/title>\n<meta name=\"description\" content=\"L&#039;a\u00e9rateur de mo\u00fbt Zytho rel\u00e8ve ce d\u00e9fi en assurant une injection constante d&#039;O2 dans le mo\u00fbt juste avant la fermentation. Ce processus en ligne vous permet \u00e9galement de contr\u00f4ler la quantit\u00e9 d&#039;oxyg\u00e8ne en fonction du type de bi\u00e8re souhait\u00e9. Sa boucle r\u00e9troactive assure le contr\u00f4le de cette quantit\u00e9 et donc une fermentation constante et reproductible d&#039;un lot \u00e0 l&#039;autre.\" \/>\n<meta name=\"robots\" content=\"index, follow, max-snippet:-1, max-image-preview:large, max-video-preview:-1\" \/>\n<link rel=\"canonical\" href=\"https:\/\/www.zytho.ca\/fr\/produit\/aerateur-de-mout\/\" \/>\n<meta property=\"og:locale\" content=\"fr_FR\" \/>\n<meta property=\"og:type\" content=\"article\" \/>\n<meta property=\"og:title\" content=\"A\u00e9rateur de mo\u00fbt - Pour brasseries professionnelles | Zytho\" \/>\n<meta property=\"og:description\" content=\"L&#039;a\u00e9rateur de mo\u00fbt Zytho rel\u00e8ve ce d\u00e9fi en assurant une injection constante d&#039;O2 dans le mo\u00fbt juste avant la fermentation. Ce processus en ligne vous permet \u00e9galement de contr\u00f4ler la quantit\u00e9 d&#039;oxyg\u00e8ne en fonction du type de bi\u00e8re souhait\u00e9. Sa boucle r\u00e9troactive assure le contr\u00f4le de cette quantit\u00e9 et donc une fermentation constante et reproductible d&#039;un lot \u00e0 l&#039;autre.\" \/>\n<meta property=\"og:url\" content=\"https:\/\/www.zytho.ca\/fr\/produit\/aerateur-de-mout\/\" \/>\n<meta property=\"og:site_name\" content=\"Zytho\" \/>\n<meta property=\"article:modified_time\" content=\"2025-10-30T12:48:47+00:00\" \/>\n<meta property=\"og:image\" content=\"https:\/\/www.zytho.ca\/wp-content\/uploads\/2025\/10\/wort-aerator-transparent-e1602080558137-1400x1082-1.png\" \/>\n\t<meta property=\"og:image:width\" content=\"1400\" \/>\n\t<meta property=\"og:image:height\" content=\"1082\" \/>\n\t<meta property=\"og:image:type\" content=\"image\/png\" \/>\n<meta name=\"twitter:card\" content=\"summary_large_image\" \/>\n<meta name=\"twitter:label1\" content=\"Dur\u00e9e de lecture estim\u00e9e\" \/>\n\t<meta name=\"twitter:data1\" content=\"1 minute\" \/>\n<script type=\"application\/ld+json\" class=\"yoast-schema-graph\">{\"@context\":\"https:\\\/\\\/schema.org\",\"@graph\":[{\"@type\":\"WebPage\",\"@id\":\"https:\\\/\\\/www.zytho.ca\\\/fr\\\/produit\\\/aerateur-de-mout\\\/\",\"url\":\"https:\\\/\\\/www.zytho.ca\\\/fr\\\/produit\\\/aerateur-de-mout\\\/\",\"name\":\"A\u00e9rateur de mo\u00fbt - Pour brasseries professionnelles | Zytho\",\"isPartOf\":{\"@id\":\"https:\\\/\\\/www.zytho.ca\\\/fr\\\/#website\"},\"primaryImageOfPage\":{\"@id\":\"https:\\\/\\\/www.zytho.ca\\\/fr\\\/produit\\\/aerateur-de-mout\\\/#primaryimage\"},\"image\":{\"@id\":\"https:\\\/\\\/www.zytho.ca\\\/fr\\\/produit\\\/aerateur-de-mout\\\/#primaryimage\"},\"thumbnailUrl\":\"https:\\\/\\\/www.zytho.ca\\\/wp-content\\\/uploads\\\/2025\\\/10\\\/wort-aerator-transparent-e1602080558137-1400x1082-1.png\",\"datePublished\":\"2025-10-27T15:40:03+00:00\",\"dateModified\":\"2025-10-30T12:48:47+00:00\",\"description\":\"L'a\u00e9rateur de mo\u00fbt Zytho rel\u00e8ve ce d\u00e9fi en assurant une injection constante d'O2 dans le mo\u00fbt juste avant la fermentation. Ce processus en ligne vous permet \u00e9galement de contr\u00f4ler la quantit\u00e9 d'oxyg\u00e8ne en fonction du type de bi\u00e8re souhait\u00e9. Sa boucle r\u00e9troactive assure le contr\u00f4le de cette quantit\u00e9 et donc une fermentation constante et reproductible d'un lot \u00e0 l'autre.\",\"breadcrumb\":{\"@id\":\"https:\\\/\\\/www.zytho.ca\\\/fr\\\/produit\\\/aerateur-de-mout\\\/#breadcrumb\"},\"inLanguage\":\"fr-FR\",\"potentialAction\":[{\"@type\":\"ReadAction\",\"target\":[\"https:\\\/\\\/www.zytho.ca\\\/fr\\\/produit\\\/aerateur-de-mout\\\/\"]}]},{\"@type\":\"ImageObject\",\"inLanguage\":\"fr-FR\",\"@id\":\"https:\\\/\\\/www.zytho.ca\\\/fr\\\/produit\\\/aerateur-de-mout\\\/#primaryimage\",\"url\":\"https:\\\/\\\/www.zytho.ca\\\/wp-content\\\/uploads\\\/2025\\\/10\\\/wort-aerator-transparent-e1602080558137-1400x1082-1.png\",\"contentUrl\":\"https:\\\/\\\/www.zytho.ca\\\/wp-content\\\/uploads\\\/2025\\\/10\\\/wort-aerator-transparent-e1602080558137-1400x1082-1.png\",\"width\":1400,\"height\":1082},{\"@type\":\"BreadcrumbList\",\"@id\":\"https:\\\/\\\/www.zytho.ca\\\/fr\\\/produit\\\/aerateur-de-mout\\\/#breadcrumb\",\"itemListElement\":[{\"@type\":\"ListItem\",\"position\":1,\"name\":\"Accueil\",\"item\":\"https:\\\/\\\/www.zytho.ca\\\/fr\\\/\"},{\"@type\":\"ListItem\",\"position\":2,\"name\":\"Shop\",\"item\":\"https:\\\/\\\/www.zytho.ca\\\/fr\\\/shop\\\/\"},{\"@type\":\"ListItem\",\"position\":3,\"name\":\"A\u00e9rateur de mo\u00fbt\"}]},{\"@type\":\"WebSite\",\"@id\":\"https:\\\/\\\/www.zytho.ca\\\/fr\\\/#website\",\"url\":\"https:\\\/\\\/www.zytho.ca\\\/fr\\\/\",\"name\":\"Zytho\",\"description\":\"\",\"publisher\":{\"@id\":\"https:\\\/\\\/www.zytho.ca\\\/fr\\\/#organization\"},\"potentialAction\":[{\"@type\":\"SearchAction\",\"target\":{\"@type\":\"EntryPoint\",\"urlTemplate\":\"https:\\\/\\\/www.zytho.ca\\\/fr\\\/?s={search_term_string}\"},\"query-input\":{\"@type\":\"PropertyValueSpecification\",\"valueRequired\":true,\"valueName\":\"search_term_string\"}}],\"inLanguage\":\"fr-FR\"},{\"@type\":\"Organization\",\"@id\":\"https:\\\/\\\/www.zytho.ca\\\/fr\\\/#organization\",\"name\":\"Zytho\",\"url\":\"https:\\\/\\\/www.zytho.ca\\\/fr\\\/\",\"logo\":{\"@type\":\"ImageObject\",\"inLanguage\":\"fr-FR\",\"@id\":\"https:\\\/\\\/www.zytho.ca\\\/fr\\\/#\\\/schema\\\/logo\\\/image\\\/\",\"url\":\"https:\\\/\\\/www.zytho.ca\\\/wp-content\\\/uploads\\\/2024\\\/05\\\/Zytho_reversed_horizontal.svg\",\"contentUrl\":\"https:\\\/\\\/www.zytho.ca\\\/wp-content\\\/uploads\\\/2024\\\/05\\\/Zytho_reversed_horizontal.svg\",\"width\":1582,\"height\":490,\"caption\":\"Zytho\"},\"image\":{\"@id\":\"https:\\\/\\\/www.zytho.ca\\\/fr\\\/#\\\/schema\\\/logo\\\/image\\\/\"}}]}<\/script>\n<!-- \/ Yoast SEO plugin. -->","yoast_head_json":{"title":"A\u00e9rateur de mo\u00fbt - Pour brasseries professionnelles | Zytho","description":"L'a\u00e9rateur de mo\u00fbt Zytho rel\u00e8ve ce d\u00e9fi en assurant une injection constante d'O2 dans le mo\u00fbt juste avant la fermentation. Ce processus en ligne vous permet \u00e9galement de contr\u00f4ler la quantit\u00e9 d'oxyg\u00e8ne en fonction du type de bi\u00e8re souhait\u00e9. Sa boucle r\u00e9troactive assure le contr\u00f4le de cette quantit\u00e9 et donc une fermentation constante et reproductible d'un lot \u00e0 l'autre.","robots":{"index":"index","follow":"follow","max-snippet":"max-snippet:-1","max-image-preview":"max-image-preview:large","max-video-preview":"max-video-preview:-1"},"canonical":"https:\/\/www.zytho.ca\/fr\/produit\/aerateur-de-mout\/","og_locale":"fr_FR","og_type":"article","og_title":"A\u00e9rateur de mo\u00fbt - Pour brasseries professionnelles | Zytho","og_description":"L'a\u00e9rateur de mo\u00fbt Zytho rel\u00e8ve ce d\u00e9fi en assurant une injection constante d'O2 dans le mo\u00fbt juste avant la fermentation. Ce processus en ligne vous permet \u00e9galement de contr\u00f4ler la quantit\u00e9 d'oxyg\u00e8ne en fonction du type de bi\u00e8re souhait\u00e9. Sa boucle r\u00e9troactive assure le contr\u00f4le de cette quantit\u00e9 et donc une fermentation constante et reproductible d'un lot \u00e0 l'autre.","og_url":"https:\/\/www.zytho.ca\/fr\/produit\/aerateur-de-mout\/","og_site_name":"Zytho","article_modified_time":"2025-10-30T12:48:47+00:00","og_image":[{"width":1400,"height":1082,"url":"https:\/\/www.zytho.ca\/wp-content\/uploads\/2025\/10\/wort-aerator-transparent-e1602080558137-1400x1082-1.png","type":"image\/png"}],"twitter_card":"summary_large_image","twitter_misc":{"Dur\u00e9e de lecture estim\u00e9e":"1 minute"},"schema":{"@context":"https:\/\/schema.org","@graph":[{"@type":"WebPage","@id":"https:\/\/www.zytho.ca\/fr\/produit\/aerateur-de-mout\/","url":"https:\/\/www.zytho.ca\/fr\/produit\/aerateur-de-mout\/","name":"A\u00e9rateur de mo\u00fbt - Pour brasseries professionnelles | Zytho","isPartOf":{"@id":"https:\/\/www.zytho.ca\/fr\/#website"},"primaryImageOfPage":{"@id":"https:\/\/www.zytho.ca\/fr\/produit\/aerateur-de-mout\/#primaryimage"},"image":{"@id":"https:\/\/www.zytho.ca\/fr\/produit\/aerateur-de-mout\/#primaryimage"},"thumbnailUrl":"https:\/\/www.zytho.ca\/wp-content\/uploads\/2025\/10\/wort-aerator-transparent-e1602080558137-1400x1082-1.png","datePublished":"2025-10-27T15:40:03+00:00","dateModified":"2025-10-30T12:48:47+00:00","description":"L'a\u00e9rateur de mo\u00fbt Zytho rel\u00e8ve ce d\u00e9fi en assurant une injection constante d'O2 dans le mo\u00fbt juste avant la fermentation. Ce processus en ligne vous permet \u00e9galement de contr\u00f4ler la quantit\u00e9 d'oxyg\u00e8ne en fonction du type de bi\u00e8re souhait\u00e9. Sa boucle r\u00e9troactive assure le contr\u00f4le de cette quantit\u00e9 et donc une fermentation constante et reproductible d'un lot \u00e0 l'autre.","breadcrumb":{"@id":"https:\/\/www.zytho.ca\/fr\/produit\/aerateur-de-mout\/#breadcrumb"},"inLanguage":"fr-FR","potentialAction":[{"@type":"ReadAction","target":["https:\/\/www.zytho.ca\/fr\/produit\/aerateur-de-mout\/"]}]},{"@type":"ImageObject","inLanguage":"fr-FR","@id":"https:\/\/www.zytho.ca\/fr\/produit\/aerateur-de-mout\/#primaryimage","url":"https:\/\/www.zytho.ca\/wp-content\/uploads\/2025\/10\/wort-aerator-transparent-e1602080558137-1400x1082-1.png","contentUrl":"https:\/\/www.zytho.ca\/wp-content\/uploads\/2025\/10\/wort-aerator-transparent-e1602080558137-1400x1082-1.png","width":1400,"height":1082},{"@type":"BreadcrumbList","@id":"https:\/\/www.zytho.ca\/fr\/produit\/aerateur-de-mout\/#breadcrumb","itemListElement":[{"@type":"ListItem","position":1,"name":"Accueil","item":"https:\/\/www.zytho.ca\/fr\/"},{"@type":"ListItem","position":2,"name":"Shop","item":"https:\/\/www.zytho.ca\/fr\/shop\/"},{"@type":"ListItem","position":3,"name":"A\u00e9rateur de mo\u00fbt"}]},{"@type":"WebSite","@id":"https:\/\/www.zytho.ca\/fr\/#website","url":"https:\/\/www.zytho.ca\/fr\/","name":"Zytho","description":"","publisher":{"@id":"https:\/\/www.zytho.ca\/fr\/#organization"},"potentialAction":[{"@type":"SearchAction","target":{"@type":"EntryPoint","urlTemplate":"https:\/\/www.zytho.ca\/fr\/?s={search_term_string}"},"query-input":{"@type":"PropertyValueSpecification","valueRequired":true,"valueName":"search_term_string"}}],"inLanguage":"fr-FR"},{"@type":"Organization","@id":"https:\/\/www.zytho.ca\/fr\/#organization","name":"Zytho","url":"https:\/\/www.zytho.ca\/fr\/","logo":{"@type":"ImageObject","inLanguage":"fr-FR","@id":"https:\/\/www.zytho.ca\/fr\/#\/schema\/logo\/image\/","url":"https:\/\/www.zytho.ca\/wp-content\/uploads\/2024\/05\/Zytho_reversed_horizontal.svg","contentUrl":"https:\/\/www.zytho.ca\/wp-content\/uploads\/2024\/05\/Zytho_reversed_horizontal.svg","width":1582,"height":490,"caption":"Zytho"},"image":{"@id":"https:\/\/www.zytho.ca\/fr\/#\/schema\/logo\/image\/"}}]}},"_links":{"self":[{"href":"https:\/\/www.zytho.ca\/fr\/wp-json\/wp\/v2\/product\/9988","targetHints":{"allow":["GET"]}}],"collection":[{"href":"https:\/\/www.zytho.ca\/fr\/wp-json\/wp\/v2\/product"}],"about":[{"href":"https:\/\/www.zytho.ca\/fr\/wp-json\/wp\/v2\/types\/product"}],"wp:featuredmedia":[{"embeddable":true,"href":"https:\/\/www.zytho.ca\/fr\/wp-json\/wp\/v2\/media\/9992"}],"wp:attachment":[{"href":"https:\/\/www.zytho.ca\/fr\/wp-json\/wp\/v2\/media?parent=9988"}],"wp:term":[{"taxonomy":"product_brand","embeddable":true,"href":"https:\/\/www.zytho.ca\/fr\/wp-json\/wp\/v2\/product_brand?post=9988"},{"taxonomy":"product_cat","embeddable":true,"href":"https:\/\/www.zytho.ca\/fr\/wp-json\/wp\/v2\/product_cat?post=9988"},{"taxonomy":"product_tag","embeddable":true,"href":"https:\/\/www.zytho.ca\/fr\/wp-json\/wp\/v2\/product_tag?post=9988"}],"curies":[{"name":"wp","href":"https:\/\/api.w.org\/{rel}","templated":true}]}}