{"id":9983,"date":"2025-10-27T15:39:55","date_gmt":"2025-10-27T15:39:55","guid":{"rendered":"https:\/\/zytho.ca\/product\/hop-incorporateur\/"},"modified":"2025-11-03T07:00:32","modified_gmt":"2025-11-03T07:00:32","slug":"hop-incorporateur","status":"publish","type":"product","link":"https:\/\/www.zytho.ca\/fr\/produit\/hop-incorporateur\/","title":{"rendered":"Hop Incorporateur"},"content":{"rendered":"<p>\u00c0 mesure que le secteur de la brasserie artisanale \u00e9volue, les brasseurs tentent de repousser les limites du spectre des saveurs de leurs produits. Ainsi, l&#8217;incorporation de houblon et d&#8217;autres ingr\u00e9dients aromatiques pendant la fermentation est devenue une \u00e9tape cruciale dans l&#8217;\u00e9laboration de ces profils de bi\u00e8re extravagants. C&#8217;est encore plus vrai avec la popularit\u00e9 croissante du style NEIPA, qui n\u00e9cessite beaucoup de houblon \u00e0 froid. L&#8217;incorporation de ces ingr\u00e9dients peut s&#8217;av\u00e9rer difficile pour les brasseurs, \u00e9tant donn\u00e9 la n\u00e9cessit\u00e9 d&#8217;un environnement sans oxyg\u00e8ne (O2) dans le fermenteur. Il est \u00e9galement important d&#8217;assurer la s\u00e9curit\u00e9 et l&#8217;efficacit\u00e9 du brasseur au cours du processus.    <\/p>\n<p>Le Zytho Hop Incorporator est un syst\u00e8me con\u00e7u pour r\u00e9pondre aux besoins des brasseurs. Il permet d&#8217;incorporer une vari\u00e9t\u00e9 d&#8217;ingr\u00e9dients tels que le houblon, le caf\u00e9, les fruits et les \u00e9pices pendant la fermentation sans risque de contamination par l&#8217;O2. Le syst\u00e8me est connect\u00e9 directement aux vannes de fond du fermenteur afin d&#8217;\u00e9viter tout risque d&#8217;atteindre le haut du fermenteur. En outre, l&#8217;Incorporateur de houblon peut faire recirculer le mo\u00fbt pendant l&#8217;incorporation afin de garantir un profil de bi\u00e8re efficace et coh\u00e9rent d&#8217;un lot \u00e0 l&#8217;autre.   <\/p>\n<p>&nbsp;<\/p>\n","protected":false},"excerpt":{"rendered":"<h4><strong>Am\u00e9liorez votre processus de brassage avec le Hop Incorporator, con\u00e7u pour des ajouts de houblon pr\u00e9cis et efficaces. Ce syst\u00e8me garantit une extraction optimale de l&#8217;ar\u00f4me et de la saveur du houblon, tout en r\u00e9duisant les d\u00e9chets et en am\u00e9liorant la r\u00e9gularit\u00e9. Id\u00e9al pour le houblonnage \u00e0 sec, l&#8217;ajout de houblon en fin de fermentation et d&#8217;autres applications d&#8217;infusion d&#8217;ar\u00f4mes, il s&#8217;int\u00e8gre parfaitement \u00e0 vos op\u00e9rations de brassage.  <\/strong><\/h4>\n<p><strong>Avantages<\/strong><\/p>\n<ul>\n<li class=\"bloc-mod-liste__element\">Le houblonnage \u00e0 froid r\u00e9duit l&#8217;exposition \u00e0 l&#8217;oxyg\u00e8ne<\/li>\n<li class=\"bloc-mod-liste__element\">Polyvalent pour tout ajout de fermentation : houblon, caf\u00e9, fruits, \u00e9pices, etc.<\/li>\n<li class=\"bloc-mod-liste__element\">Un CIP fiable<\/li>\n<li class=\"bloc-mod-liste__element\">Gestion s\u00e9curis\u00e9e des flux de recirculation<\/li>\n<li class=\"bloc-mod-liste__element\">Fournit un profil de bi\u00e8re efficace et coh\u00e9rent<\/li>\n<li class=\"bloc-mod-liste__element\">Disponible \u00e0 l&#8217;achat et \u00e0 la location<\/li>\n<li class=\"bloc-mod-liste__element\">Collier de serrage du conteneur<\/li>\n<\/ul>\n","protected":false},"featured_media":9984,"template":"","meta":{"_acf_changed":false,"inline_featured_image":false},"product_brand":[729],"product_cat":[730,732],"product_tag":[],"class_list":{"0":"post-9983","1":"product","2":"type-product","3":"status-publish","4":"has-post-thumbnail","6":"product_brand-zytho","7":"product_cat-boissons-et-brassage","8":"product_cat-materiel-de-debardage","10":"first","11":"instock","12":"taxable","13":"shipping-taxable","14":"product-type-simple"},"acf":[],"yoast_head":"<!-- This site is optimized with the Yoast SEO plugin v27.6 - https:\/\/yoast.com\/product\/yoast-seo-wordpress\/ -->\n<title>Incorporateur de houblon | Pour brasseries professionnelles | Zytho<\/title>\n<meta name=\"description\" content=\"Le Zytho Hop Incorporator est un syst\u00e8me con\u00e7u en fonction des besoins des brasseurs. Il permet l&#039;incorporation d&#039;une vari\u00e9t\u00e9 d&#039;ingr\u00e9dients tels que le houblon, le caf\u00e9, les fruits et les \u00e9pices pendant la fermentation sans risque de contamination par l&#039;O2.\" \/>\n<meta name=\"robots\" content=\"index, follow, max-snippet:-1, max-image-preview:large, max-video-preview:-1\" \/>\n<link rel=\"canonical\" href=\"https:\/\/www.zytho.ca\/fr\/produit\/hop-incorporateur\/\" \/>\n<meta property=\"og:locale\" content=\"fr_FR\" \/>\n<meta property=\"og:type\" content=\"article\" \/>\n<meta property=\"og:title\" content=\"Incorporateur de houblon | Pour brasseries professionnelles | Zytho\" \/>\n<meta property=\"og:description\" content=\"Le Zytho Hop Incorporator est un syst\u00e8me con\u00e7u en fonction des besoins des brasseurs. Il permet l&#039;incorporation d&#039;une vari\u00e9t\u00e9 d&#039;ingr\u00e9dients tels que le houblon, le caf\u00e9, les fruits et les \u00e9pices pendant la fermentation sans risque de contamination par l&#039;O2.\" \/>\n<meta property=\"og:url\" content=\"https:\/\/www.zytho.ca\/fr\/produit\/hop-incorporateur\/\" \/>\n<meta property=\"og:site_name\" content=\"Zytho\" \/>\n<meta property=\"article:modified_time\" content=\"2025-11-03T07:00:32+00:00\" \/>\n<meta property=\"og:image\" content=\"https:\/\/www.zytho.ca\/wp-content\/uploads\/2025\/10\/imag2.png\" \/>\n\t<meta property=\"og:image:width\" content=\"800\" \/>\n\t<meta property=\"og:image:height\" content=\"800\" \/>\n\t<meta property=\"og:image:type\" content=\"image\/png\" \/>\n<meta name=\"twitter:card\" content=\"summary_large_image\" \/>\n<meta name=\"twitter:label1\" content=\"Dur\u00e9e de lecture estim\u00e9e\" \/>\n\t<meta name=\"twitter:data1\" content=\"1 minute\" \/>\n<script type=\"application\/ld+json\" class=\"yoast-schema-graph\">{\"@context\":\"https:\\\/\\\/schema.org\",\"@graph\":[{\"@type\":\"WebPage\",\"@id\":\"https:\\\/\\\/www.zytho.ca\\\/fr\\\/produit\\\/hop-incorporateur\\\/\",\"url\":\"https:\\\/\\\/www.zytho.ca\\\/fr\\\/produit\\\/hop-incorporateur\\\/\",\"name\":\"Incorporateur de houblon | Pour brasseries professionnelles | Zytho\",\"isPartOf\":{\"@id\":\"https:\\\/\\\/www.zytho.ca\\\/fr\\\/#website\"},\"primaryImageOfPage\":{\"@id\":\"https:\\\/\\\/www.zytho.ca\\\/fr\\\/produit\\\/hop-incorporateur\\\/#primaryimage\"},\"image\":{\"@id\":\"https:\\\/\\\/www.zytho.ca\\\/fr\\\/produit\\\/hop-incorporateur\\\/#primaryimage\"},\"thumbnailUrl\":\"https:\\\/\\\/www.zytho.ca\\\/wp-content\\\/uploads\\\/2025\\\/10\\\/imag2.png\",\"datePublished\":\"2025-10-27T15:39:55+00:00\",\"dateModified\":\"2025-11-03T07:00:32+00:00\",\"description\":\"Le Zytho Hop Incorporator est un syst\u00e8me con\u00e7u en fonction des besoins des brasseurs. Il permet l'incorporation d'une vari\u00e9t\u00e9 d'ingr\u00e9dients tels que le houblon, le caf\u00e9, les fruits et les \u00e9pices pendant la fermentation sans risque de contamination par l'O2.\",\"breadcrumb\":{\"@id\":\"https:\\\/\\\/www.zytho.ca\\\/fr\\\/produit\\\/hop-incorporateur\\\/#breadcrumb\"},\"inLanguage\":\"fr-FR\",\"potentialAction\":[{\"@type\":\"ReadAction\",\"target\":[\"https:\\\/\\\/www.zytho.ca\\\/fr\\\/produit\\\/hop-incorporateur\\\/\"]}]},{\"@type\":\"ImageObject\",\"inLanguage\":\"fr-FR\",\"@id\":\"https:\\\/\\\/www.zytho.ca\\\/fr\\\/produit\\\/hop-incorporateur\\\/#primaryimage\",\"url\":\"https:\\\/\\\/www.zytho.ca\\\/wp-content\\\/uploads\\\/2025\\\/10\\\/imag2.png\",\"contentUrl\":\"https:\\\/\\\/www.zytho.ca\\\/wp-content\\\/uploads\\\/2025\\\/10\\\/imag2.png\",\"width\":800,\"height\":800},{\"@type\":\"BreadcrumbList\",\"@id\":\"https:\\\/\\\/www.zytho.ca\\\/fr\\\/produit\\\/hop-incorporateur\\\/#breadcrumb\",\"itemListElement\":[{\"@type\":\"ListItem\",\"position\":1,\"name\":\"Accueil\",\"item\":\"https:\\\/\\\/www.zytho.ca\\\/fr\\\/\"},{\"@type\":\"ListItem\",\"position\":2,\"name\":\"Shop\",\"item\":\"https:\\\/\\\/www.zytho.ca\\\/fr\\\/shop\\\/\"},{\"@type\":\"ListItem\",\"position\":3,\"name\":\"Hop Incorporateur\"}]},{\"@type\":\"WebSite\",\"@id\":\"https:\\\/\\\/www.zytho.ca\\\/fr\\\/#website\",\"url\":\"https:\\\/\\\/www.zytho.ca\\\/fr\\\/\",\"name\":\"Zytho\",\"description\":\"\",\"publisher\":{\"@id\":\"https:\\\/\\\/www.zytho.ca\\\/fr\\\/#organization\"},\"potentialAction\":[{\"@type\":\"SearchAction\",\"target\":{\"@type\":\"EntryPoint\",\"urlTemplate\":\"https:\\\/\\\/www.zytho.ca\\\/fr\\\/?s={search_term_string}\"},\"query-input\":{\"@type\":\"PropertyValueSpecification\",\"valueRequired\":true,\"valueName\":\"search_term_string\"}}],\"inLanguage\":\"fr-FR\"},{\"@type\":\"Organization\",\"@id\":\"https:\\\/\\\/www.zytho.ca\\\/fr\\\/#organization\",\"name\":\"Zytho\",\"url\":\"https:\\\/\\\/www.zytho.ca\\\/fr\\\/\",\"logo\":{\"@type\":\"ImageObject\",\"inLanguage\":\"fr-FR\",\"@id\":\"https:\\\/\\\/www.zytho.ca\\\/fr\\\/#\\\/schema\\\/logo\\\/image\\\/\",\"url\":\"https:\\\/\\\/www.zytho.ca\\\/wp-content\\\/uploads\\\/2024\\\/05\\\/Zytho_reversed_horizontal.svg\",\"contentUrl\":\"https:\\\/\\\/www.zytho.ca\\\/wp-content\\\/uploads\\\/2024\\\/05\\\/Zytho_reversed_horizontal.svg\",\"width\":1582,\"height\":490,\"caption\":\"Zytho\"},\"image\":{\"@id\":\"https:\\\/\\\/www.zytho.ca\\\/fr\\\/#\\\/schema\\\/logo\\\/image\\\/\"}}]}<\/script>\n<!-- \/ Yoast SEO plugin. -->","yoast_head_json":{"title":"Incorporateur de houblon | Pour brasseries professionnelles | Zytho","description":"Le Zytho Hop Incorporator est un syst\u00e8me con\u00e7u en fonction des besoins des brasseurs. Il permet l'incorporation d'une vari\u00e9t\u00e9 d'ingr\u00e9dients tels que le houblon, le caf\u00e9, les fruits et les \u00e9pices pendant la fermentation sans risque de contamination par l'O2.","robots":{"index":"index","follow":"follow","max-snippet":"max-snippet:-1","max-image-preview":"max-image-preview:large","max-video-preview":"max-video-preview:-1"},"canonical":"https:\/\/www.zytho.ca\/fr\/produit\/hop-incorporateur\/","og_locale":"fr_FR","og_type":"article","og_title":"Incorporateur de houblon | Pour brasseries professionnelles | Zytho","og_description":"Le Zytho Hop Incorporator est un syst\u00e8me con\u00e7u en fonction des besoins des brasseurs. Il permet l'incorporation d'une vari\u00e9t\u00e9 d'ingr\u00e9dients tels que le houblon, le caf\u00e9, les fruits et les \u00e9pices pendant la fermentation sans risque de contamination par l'O2.","og_url":"https:\/\/www.zytho.ca\/fr\/produit\/hop-incorporateur\/","og_site_name":"Zytho","article_modified_time":"2025-11-03T07:00:32+00:00","og_image":[{"width":800,"height":800,"url":"https:\/\/www.zytho.ca\/wp-content\/uploads\/2025\/10\/imag2.png","type":"image\/png"}],"twitter_card":"summary_large_image","twitter_misc":{"Dur\u00e9e de lecture estim\u00e9e":"1 minute"},"schema":{"@context":"https:\/\/schema.org","@graph":[{"@type":"WebPage","@id":"https:\/\/www.zytho.ca\/fr\/produit\/hop-incorporateur\/","url":"https:\/\/www.zytho.ca\/fr\/produit\/hop-incorporateur\/","name":"Incorporateur de houblon | Pour brasseries professionnelles | Zytho","isPartOf":{"@id":"https:\/\/www.zytho.ca\/fr\/#website"},"primaryImageOfPage":{"@id":"https:\/\/www.zytho.ca\/fr\/produit\/hop-incorporateur\/#primaryimage"},"image":{"@id":"https:\/\/www.zytho.ca\/fr\/produit\/hop-incorporateur\/#primaryimage"},"thumbnailUrl":"https:\/\/www.zytho.ca\/wp-content\/uploads\/2025\/10\/imag2.png","datePublished":"2025-10-27T15:39:55+00:00","dateModified":"2025-11-03T07:00:32+00:00","description":"Le Zytho Hop Incorporator est un syst\u00e8me con\u00e7u en fonction des besoins des brasseurs. Il permet l'incorporation d'une vari\u00e9t\u00e9 d'ingr\u00e9dients tels que le houblon, le caf\u00e9, les fruits et les \u00e9pices pendant la fermentation sans risque de contamination par l'O2.","breadcrumb":{"@id":"https:\/\/www.zytho.ca\/fr\/produit\/hop-incorporateur\/#breadcrumb"},"inLanguage":"fr-FR","potentialAction":[{"@type":"ReadAction","target":["https:\/\/www.zytho.ca\/fr\/produit\/hop-incorporateur\/"]}]},{"@type":"ImageObject","inLanguage":"fr-FR","@id":"https:\/\/www.zytho.ca\/fr\/produit\/hop-incorporateur\/#primaryimage","url":"https:\/\/www.zytho.ca\/wp-content\/uploads\/2025\/10\/imag2.png","contentUrl":"https:\/\/www.zytho.ca\/wp-content\/uploads\/2025\/10\/imag2.png","width":800,"height":800},{"@type":"BreadcrumbList","@id":"https:\/\/www.zytho.ca\/fr\/produit\/hop-incorporateur\/#breadcrumb","itemListElement":[{"@type":"ListItem","position":1,"name":"Accueil","item":"https:\/\/www.zytho.ca\/fr\/"},{"@type":"ListItem","position":2,"name":"Shop","item":"https:\/\/www.zytho.ca\/fr\/shop\/"},{"@type":"ListItem","position":3,"name":"Hop Incorporateur"}]},{"@type":"WebSite","@id":"https:\/\/www.zytho.ca\/fr\/#website","url":"https:\/\/www.zytho.ca\/fr\/","name":"Zytho","description":"","publisher":{"@id":"https:\/\/www.zytho.ca\/fr\/#organization"},"potentialAction":[{"@type":"SearchAction","target":{"@type":"EntryPoint","urlTemplate":"https:\/\/www.zytho.ca\/fr\/?s={search_term_string}"},"query-input":{"@type":"PropertyValueSpecification","valueRequired":true,"valueName":"search_term_string"}}],"inLanguage":"fr-FR"},{"@type":"Organization","@id":"https:\/\/www.zytho.ca\/fr\/#organization","name":"Zytho","url":"https:\/\/www.zytho.ca\/fr\/","logo":{"@type":"ImageObject","inLanguage":"fr-FR","@id":"https:\/\/www.zytho.ca\/fr\/#\/schema\/logo\/image\/","url":"https:\/\/www.zytho.ca\/wp-content\/uploads\/2024\/05\/Zytho_reversed_horizontal.svg","contentUrl":"https:\/\/www.zytho.ca\/wp-content\/uploads\/2024\/05\/Zytho_reversed_horizontal.svg","width":1582,"height":490,"caption":"Zytho"},"image":{"@id":"https:\/\/www.zytho.ca\/fr\/#\/schema\/logo\/image\/"}}]}},"_links":{"self":[{"href":"https:\/\/www.zytho.ca\/fr\/wp-json\/wp\/v2\/product\/9983","targetHints":{"allow":["GET"]}}],"collection":[{"href":"https:\/\/www.zytho.ca\/fr\/wp-json\/wp\/v2\/product"}],"about":[{"href":"https:\/\/www.zytho.ca\/fr\/wp-json\/wp\/v2\/types\/product"}],"wp:featuredmedia":[{"embeddable":true,"href":"https:\/\/www.zytho.ca\/fr\/wp-json\/wp\/v2\/media\/9984"}],"wp:attachment":[{"href":"https:\/\/www.zytho.ca\/fr\/wp-json\/wp\/v2\/media?parent=9983"}],"wp:term":[{"taxonomy":"product_brand","embeddable":true,"href":"https:\/\/www.zytho.ca\/fr\/wp-json\/wp\/v2\/product_brand?post=9983"},{"taxonomy":"product_cat","embeddable":true,"href":"https:\/\/www.zytho.ca\/fr\/wp-json\/wp\/v2\/product_cat?post=9983"},{"taxonomy":"product_tag","embeddable":true,"href":"https:\/\/www.zytho.ca\/fr\/wp-json\/wp\/v2\/product_tag?post=9983"}],"curies":[{"name":"wp","href":"https:\/\/api.w.org\/{rel}","templated":true}]}}