{"id":9982,"date":"2025-10-27T15:40:04","date_gmt":"2025-10-27T15:40:04","guid":{"rendered":"https:\/\/zytho.ca\/product\/serie-ampco-ac-ac\/"},"modified":"2026-02-16T05:53:50","modified_gmt":"2026-02-16T05:53:50","slug":"serie-ampco-ac-ac","status":"publish","type":"product","link":"https:\/\/www.zytho.ca\/fr\/produit\/serie-ampco-ac-ac\/","title":{"rendered":"S\u00e9rie Ampco AC\/AC+"},"content":{"rendered":"<p data-start=\"41\" data-end=\"391\">La <strong data-start=\"45\" data-end=\"82\">pompe hygi\u00e9nique Ampco AC\/AC+<\/strong> est une pompe centrifuge sanitaire haute performance con\u00e7ue pour les applications alimentaires, laiti\u00e8res et pharmaceutiques les plus exigeantes. Con\u00e7ue pour r\u00e9pondre \u00e0 des normes d&#8217;hygi\u00e8ne strictes, la s\u00e9rie AC\/AC+ garantit une efficacit\u00e9, une fiabilit\u00e9 et une facilit\u00e9 d&#8217;entretien optimales, tout en minimisant la consommation d&#8217;\u00e9nergie.<\/p>\n<h4 data-start=\"393\" data-end=\"416\"><strong data-start=\"397\" data-end=\"414\">Caract\u00e9ristiques principales :<\/strong><\/h4>\n<ul>\n<li data-start=\"417\" data-end=\"1057\"><strong data-start=\"419\" data-end=\"456\">Construction en acier inoxydable 316L<\/strong> &#8211; R\u00e9sistant \u00e0 la corrosion et tr\u00e8s durable pour une dur\u00e9e de vie prolong\u00e9e.<\/li>\n<li data-start=\"417\" data-end=\"1057\"><strong data-start=\"529\" data-end=\"567\">Enti\u00e8rement compatible avec le NEP (nettoyage en place)<\/strong> &#8211; Con\u00e7u pour une int\u00e9gration transparente dans les environnements de traitement hygi\u00e9niques.<\/li>\n<li data-start=\"417\" data-end=\"1057\"><strong data-start=\"647\" data-end=\"675\">Conception am\u00e9lior\u00e9e de la roue<\/strong> &#8211; Assure une efficacit\u00e9 hydraulique sup\u00e9rieure et r\u00e9duit le cisaillement du produit.<\/li>\n<li data-start=\"417\" data-end=\"1057\"><strong data-start=\"748\" data-end=\"772\">Mise \u00e0 niveau AC+ en option<\/strong> &#8211; Comprend un joint d&#8217;\u00e9tanch\u00e9it\u00e9 brevet\u00e9 \u00e0 chargement frontal pour une maintenance rapide et des temps d&#8217;arr\u00eat r\u00e9duits.<\/li>\n<li data-start=\"417\" data-end=\"1057\"><strong data-start=\"862\" data-end=\"889\">Mat\u00e9riaux conformes \u00e0 la FDA<\/strong> &#8211; Sans danger pour les applications alimentaires et pharmaceutiques.<\/li>\n<li data-start=\"417\" data-end=\"1057\"><strong data-start=\"943\" data-end=\"987\">Haute efficacit\u00e9 et faible consommation d&#8217;\u00e9nergie<\/strong> &#8211; R\u00e9duit les co\u00fbts d&#8217;exploitation tout en maintenant des performances de premier ordre.<\/li>\n<\/ul>\n<h4 data-start=\"393\" data-end=\"416\"><strong data-start=\"397\" data-end=\"414\">Types de joints :<\/strong><\/h4>\n<ul>\n<li><strong>Type D<\/strong> &#8211; Joint externe \u00e9quilibr\u00e9. Rotatif en carbone, si\u00e8ge en acier inoxydable et \u00e9lastom\u00e8res en buna. <\/li>\n<li><strong>Type E<\/strong> &#8211; Double joint \u00e9quilibr\u00e9 refroidi \u00e0 l&#8217;eau. Rotatif en carbone, si\u00e8ge en acier inoxydable et \u00e9lastom\u00e8res en buna. <\/li>\n<li><strong>Type DG<\/strong> &#8211; Joint externe \u00e9quilibr\u00e9 avec si\u00e8ge fixe rempla\u00e7able. Rotatif en carbone, si\u00e8ge en carbure de silicium et \u00e9lastom\u00e8res en buna. <\/li>\n<\/ul>\n<p data-start=\"1059\" data-end=\"1367\">La <strong data-start=\"1063\" data-end=\"1086\">s\u00e9rie Ampco AC\/AC+<\/strong> est la pompe de choix pour les entreprises de transformation qui recherchent une <strong data-start=\"1132\" data-end=\"1202\">hygi\u00e8ne sans compromis, une efficacit\u00e9 \u00e9nerg\u00e9tique et une facilit\u00e9 d&#8217;entretien.<\/strong> Que vous pompiez des produits laitiers, des jus, de la bi\u00e8re ou des ingr\u00e9dients pharmaceutiques, l&#8217;AC\/AC+ offre des <strong data-start=\"1299\" data-end=\"1346\">performances propres, constantes et fiables, lot<\/strong>apr\u00e8s lot.<\/p>\n<p data-start=\"1059\" data-end=\"1367\">Pour une option plus adapt\u00e9e aux besoins des brasseurs, veuillez consulter la <a href=\"https:\/\/www.zytho.ca\/fr\/produit\/serie-ampco-cb\/\">s\u00e9rie de pompes CB+<\/a>.<\/p>\n","protected":false},"excerpt":{"rendered":"<h4>La premi\u00e8re pompe centrifuge pour les applications hygi\u00e9niques<\/h4>\n<p><strong><span class=\"OYPEnA\">Avantages<\/span><\/strong><\/p>\n<ul>\n<li class=\"Xp24Nw _bsDhw cgHgbA nxe3IQ _4c44Ng\"><span class=\"OYPEnA\">Les composants AC\/AC+ sont enti\u00e8rement interchangeables avec<\/span><span class=\"OYPEnA\"><br \/>\n<\/span><span class=\"OYPEnA\">d&#8217;autres grandes marques<\/span><\/li>\n<li class=\"Xp24Nw _bsDhw cgHgbA nxe3IQ _4c44Ng\"><span class=\"OYPEnA\">AC+ pr\u00e9sente une conception d&#8217;arbre distincte, comparable \u00e0 celle des mod\u00e8les concurrents plus co\u00fbteux.<\/span><span class=\"OYPEnA\"><br \/>\n<\/span><span class=\"OYPEnA\">des mod\u00e8les concurrents plus co\u00fbteux<\/span><\/li>\n<li class=\"Xp24Nw _bsDhw cgHgbA nxe3IQ _4c44Ng\"><span class=\"OYPEnA\">Construction standard en acier inoxydable 316L avec adaptateurs en acier inoxydable<\/span><span class=\"OYPEnA\"><br \/>\n<\/span><span class=\"OYPEnA\">en acier inoxydable<\/span><\/li>\n<li class=\"Xp24Nw _bsDhw cgHgbA nxe3IQ _4c44Ng\"><span class=\"OYPEnA\">\u00c9galement disponible avec des raccords NPT ou \u00e0 bride en option<\/span><\/li>\n<li class=\"Xp24Nw _bsDhw cgHgbA nxe3IQ _4c44Ng\"><span class=\"OYPEnA\">Rentabilit\u00e9<\/span><\/li>\n<\/ul>\n","protected":false},"featured_media":9985,"template":"","meta":{"_acf_changed":false,"inline_featured_image":false},"product_brand":[735],"product_cat":[736,995,738,31],"product_tag":[],"class_list":{"0":"post-9982","1":"product","2":"type-product","3":"status-publish","4":"has-post-thumbnail","6":"product_brand-ampco","7":"product_cat-distribution","8":"product_cat-pompe-centrifuge","9":"product_cat-pompes-centrifuges-hygieniques","10":"product_cat-pump","11":"pa_hp-32","12":"pa_hp-35","13":"pa_hp-36","15":"first","16":"outofstock","17":"taxable","18":"shipping-taxable","19":"product-type-simple"},"acf":[],"yoast_head":"<!-- This site is optimized with the Yoast SEO plugin v27.6 - https:\/\/yoast.com\/product\/yoast-seo-wordpress\/ -->\n<title>S\u00e9rie Ampco AC\/AC+ - Zytho<\/title>\n<meta name=\"robots\" content=\"index, follow, max-snippet:-1, max-image-preview:large, max-video-preview:-1\" \/>\n<link rel=\"canonical\" href=\"https:\/\/www.zytho.ca\/fr\/produit\/serie-ampco-ac-ac\/\" \/>\n<meta property=\"og:locale\" content=\"fr_FR\" \/>\n<meta property=\"og:type\" content=\"article\" \/>\n<meta property=\"og:title\" content=\"S\u00e9rie Ampco AC\/AC+ - Zytho\" \/>\n<meta property=\"og:description\" content=\"La premi\u00e8re pompe centrifuge pour les applications hygi\u00e9niques Avantages  Les composants AC\/AC+ sont enti\u00e8rement interchangeables avec d&#039;autres grandes marques  AC+ pr\u00e9sente une conception d&#039;arbre distincte, comparable \u00e0 celle des mod\u00e8les concurrents plus co\u00fbteux. des mod\u00e8les concurrents plus co\u00fbteux  Construction standard en acier inoxydable 316L avec adaptateurs en acier inoxydable en acier inoxydable  \u00c9galement disponible avec des raccords NPT ou \u00e0 bride en option  Rentabilit\u00e9\" \/>\n<meta property=\"og:url\" content=\"https:\/\/www.zytho.ca\/fr\/produit\/serie-ampco-ac-ac\/\" \/>\n<meta property=\"og:site_name\" content=\"Zytho\" \/>\n<meta property=\"article:modified_time\" content=\"2026-02-16T05:53:50+00:00\" \/>\n<meta property=\"og:image\" content=\"https:\/\/www.zytho.ca\/wp-content\/uploads\/2025\/10\/acpumpv2.png\" \/>\n\t<meta property=\"og:image:width\" content=\"576\" \/>\n\t<meta property=\"og:image:height\" content=\"432\" \/>\n\t<meta property=\"og:image:type\" content=\"image\/png\" \/>\n<meta name=\"twitter:card\" content=\"summary_large_image\" \/>\n<meta name=\"twitter:label1\" content=\"Dur\u00e9e de lecture estim\u00e9e\" \/>\n\t<meta name=\"twitter:data1\" content=\"2 minutes\" \/>\n<script type=\"application\/ld+json\" class=\"yoast-schema-graph\">{\"@context\":\"https:\\\/\\\/schema.org\",\"@graph\":[{\"@type\":\"WebPage\",\"@id\":\"https:\\\/\\\/www.zytho.ca\\\/fr\\\/produit\\\/serie-ampco-ac-ac\\\/\",\"url\":\"https:\\\/\\\/www.zytho.ca\\\/fr\\\/produit\\\/serie-ampco-ac-ac\\\/\",\"name\":\"S\u00e9rie Ampco AC\\\/AC+ - Zytho\",\"isPartOf\":{\"@id\":\"https:\\\/\\\/www.zytho.ca\\\/fr\\\/#website\"},\"primaryImageOfPage\":{\"@id\":\"https:\\\/\\\/www.zytho.ca\\\/fr\\\/produit\\\/serie-ampco-ac-ac\\\/#primaryimage\"},\"image\":{\"@id\":\"https:\\\/\\\/www.zytho.ca\\\/fr\\\/produit\\\/serie-ampco-ac-ac\\\/#primaryimage\"},\"thumbnailUrl\":\"https:\\\/\\\/www.zytho.ca\\\/wp-content\\\/uploads\\\/2025\\\/10\\\/acpumpv2.png\",\"datePublished\":\"2025-10-27T15:40:04+00:00\",\"dateModified\":\"2026-02-16T05:53:50+00:00\",\"breadcrumb\":{\"@id\":\"https:\\\/\\\/www.zytho.ca\\\/fr\\\/produit\\\/serie-ampco-ac-ac\\\/#breadcrumb\"},\"inLanguage\":\"fr-FR\",\"potentialAction\":[{\"@type\":\"ReadAction\",\"target\":[\"https:\\\/\\\/www.zytho.ca\\\/fr\\\/produit\\\/serie-ampco-ac-ac\\\/\"]}]},{\"@type\":\"ImageObject\",\"inLanguage\":\"fr-FR\",\"@id\":\"https:\\\/\\\/www.zytho.ca\\\/fr\\\/produit\\\/serie-ampco-ac-ac\\\/#primaryimage\",\"url\":\"https:\\\/\\\/www.zytho.ca\\\/wp-content\\\/uploads\\\/2025\\\/10\\\/acpumpv2.png\",\"contentUrl\":\"https:\\\/\\\/www.zytho.ca\\\/wp-content\\\/uploads\\\/2025\\\/10\\\/acpumpv2.png\",\"width\":576,\"height\":432},{\"@type\":\"BreadcrumbList\",\"@id\":\"https:\\\/\\\/www.zytho.ca\\\/fr\\\/produit\\\/serie-ampco-ac-ac\\\/#breadcrumb\",\"itemListElement\":[{\"@type\":\"ListItem\",\"position\":1,\"name\":\"Accueil\",\"item\":\"https:\\\/\\\/www.zytho.ca\\\/fr\\\/\"},{\"@type\":\"ListItem\",\"position\":2,\"name\":\"Shop\",\"item\":\"https:\\\/\\\/www.zytho.ca\\\/fr\\\/shop\\\/\"},{\"@type\":\"ListItem\",\"position\":3,\"name\":\"S\u00e9rie Ampco AC\\\/AC+\"}]},{\"@type\":\"WebSite\",\"@id\":\"https:\\\/\\\/www.zytho.ca\\\/fr\\\/#website\",\"url\":\"https:\\\/\\\/www.zytho.ca\\\/fr\\\/\",\"name\":\"Zytho\",\"description\":\"\",\"publisher\":{\"@id\":\"https:\\\/\\\/www.zytho.ca\\\/fr\\\/#organization\"},\"potentialAction\":[{\"@type\":\"SearchAction\",\"target\":{\"@type\":\"EntryPoint\",\"urlTemplate\":\"https:\\\/\\\/www.zytho.ca\\\/fr\\\/?s={search_term_string}\"},\"query-input\":{\"@type\":\"PropertyValueSpecification\",\"valueRequired\":true,\"valueName\":\"search_term_string\"}}],\"inLanguage\":\"fr-FR\"},{\"@type\":\"Organization\",\"@id\":\"https:\\\/\\\/www.zytho.ca\\\/fr\\\/#organization\",\"name\":\"Zytho\",\"url\":\"https:\\\/\\\/www.zytho.ca\\\/fr\\\/\",\"logo\":{\"@type\":\"ImageObject\",\"inLanguage\":\"fr-FR\",\"@id\":\"https:\\\/\\\/www.zytho.ca\\\/fr\\\/#\\\/schema\\\/logo\\\/image\\\/\",\"url\":\"https:\\\/\\\/www.zytho.ca\\\/wp-content\\\/uploads\\\/2024\\\/05\\\/Zytho_reversed_horizontal.svg\",\"contentUrl\":\"https:\\\/\\\/www.zytho.ca\\\/wp-content\\\/uploads\\\/2024\\\/05\\\/Zytho_reversed_horizontal.svg\",\"width\":1582,\"height\":490,\"caption\":\"Zytho\"},\"image\":{\"@id\":\"https:\\\/\\\/www.zytho.ca\\\/fr\\\/#\\\/schema\\\/logo\\\/image\\\/\"}}]}<\/script>\n<!-- \/ Yoast SEO plugin. -->","yoast_head_json":{"title":"S\u00e9rie Ampco AC\/AC+ - Zytho","robots":{"index":"index","follow":"follow","max-snippet":"max-snippet:-1","max-image-preview":"max-image-preview:large","max-video-preview":"max-video-preview:-1"},"canonical":"https:\/\/www.zytho.ca\/fr\/produit\/serie-ampco-ac-ac\/","og_locale":"fr_FR","og_type":"article","og_title":"S\u00e9rie Ampco AC\/AC+ - Zytho","og_description":"La premi\u00e8re pompe centrifuge pour les applications hygi\u00e9niques Avantages  Les composants AC\/AC+ sont enti\u00e8rement interchangeables avec d'autres grandes marques  AC+ pr\u00e9sente une conception d'arbre distincte, comparable \u00e0 celle des mod\u00e8les concurrents plus co\u00fbteux. des mod\u00e8les concurrents plus co\u00fbteux  Construction standard en acier inoxydable 316L avec adaptateurs en acier inoxydable en acier inoxydable  \u00c9galement disponible avec des raccords NPT ou \u00e0 bride en option  Rentabilit\u00e9","og_url":"https:\/\/www.zytho.ca\/fr\/produit\/serie-ampco-ac-ac\/","og_site_name":"Zytho","article_modified_time":"2026-02-16T05:53:50+00:00","og_image":[{"width":576,"height":432,"url":"https:\/\/www.zytho.ca\/wp-content\/uploads\/2025\/10\/acpumpv2.png","type":"image\/png"}],"twitter_card":"summary_large_image","twitter_misc":{"Dur\u00e9e de lecture estim\u00e9e":"2 minutes"},"schema":{"@context":"https:\/\/schema.org","@graph":[{"@type":"WebPage","@id":"https:\/\/www.zytho.ca\/fr\/produit\/serie-ampco-ac-ac\/","url":"https:\/\/www.zytho.ca\/fr\/produit\/serie-ampco-ac-ac\/","name":"S\u00e9rie Ampco AC\/AC+ - Zytho","isPartOf":{"@id":"https:\/\/www.zytho.ca\/fr\/#website"},"primaryImageOfPage":{"@id":"https:\/\/www.zytho.ca\/fr\/produit\/serie-ampco-ac-ac\/#primaryimage"},"image":{"@id":"https:\/\/www.zytho.ca\/fr\/produit\/serie-ampco-ac-ac\/#primaryimage"},"thumbnailUrl":"https:\/\/www.zytho.ca\/wp-content\/uploads\/2025\/10\/acpumpv2.png","datePublished":"2025-10-27T15:40:04+00:00","dateModified":"2026-02-16T05:53:50+00:00","breadcrumb":{"@id":"https:\/\/www.zytho.ca\/fr\/produit\/serie-ampco-ac-ac\/#breadcrumb"},"inLanguage":"fr-FR","potentialAction":[{"@type":"ReadAction","target":["https:\/\/www.zytho.ca\/fr\/produit\/serie-ampco-ac-ac\/"]}]},{"@type":"ImageObject","inLanguage":"fr-FR","@id":"https:\/\/www.zytho.ca\/fr\/produit\/serie-ampco-ac-ac\/#primaryimage","url":"https:\/\/www.zytho.ca\/wp-content\/uploads\/2025\/10\/acpumpv2.png","contentUrl":"https:\/\/www.zytho.ca\/wp-content\/uploads\/2025\/10\/acpumpv2.png","width":576,"height":432},{"@type":"BreadcrumbList","@id":"https:\/\/www.zytho.ca\/fr\/produit\/serie-ampco-ac-ac\/#breadcrumb","itemListElement":[{"@type":"ListItem","position":1,"name":"Accueil","item":"https:\/\/www.zytho.ca\/fr\/"},{"@type":"ListItem","position":2,"name":"Shop","item":"https:\/\/www.zytho.ca\/fr\/shop\/"},{"@type":"ListItem","position":3,"name":"S\u00e9rie Ampco AC\/AC+"}]},{"@type":"WebSite","@id":"https:\/\/www.zytho.ca\/fr\/#website","url":"https:\/\/www.zytho.ca\/fr\/","name":"Zytho","description":"","publisher":{"@id":"https:\/\/www.zytho.ca\/fr\/#organization"},"potentialAction":[{"@type":"SearchAction","target":{"@type":"EntryPoint","urlTemplate":"https:\/\/www.zytho.ca\/fr\/?s={search_term_string}"},"query-input":{"@type":"PropertyValueSpecification","valueRequired":true,"valueName":"search_term_string"}}],"inLanguage":"fr-FR"},{"@type":"Organization","@id":"https:\/\/www.zytho.ca\/fr\/#organization","name":"Zytho","url":"https:\/\/www.zytho.ca\/fr\/","logo":{"@type":"ImageObject","inLanguage":"fr-FR","@id":"https:\/\/www.zytho.ca\/fr\/#\/schema\/logo\/image\/","url":"https:\/\/www.zytho.ca\/wp-content\/uploads\/2024\/05\/Zytho_reversed_horizontal.svg","contentUrl":"https:\/\/www.zytho.ca\/wp-content\/uploads\/2024\/05\/Zytho_reversed_horizontal.svg","width":1582,"height":490,"caption":"Zytho"},"image":{"@id":"https:\/\/www.zytho.ca\/fr\/#\/schema\/logo\/image\/"}}]}},"_links":{"self":[{"href":"https:\/\/www.zytho.ca\/fr\/wp-json\/wp\/v2\/product\/9982","targetHints":{"allow":["GET"]}}],"collection":[{"href":"https:\/\/www.zytho.ca\/fr\/wp-json\/wp\/v2\/product"}],"about":[{"href":"https:\/\/www.zytho.ca\/fr\/wp-json\/wp\/v2\/types\/product"}],"wp:featuredmedia":[{"embeddable":true,"href":"https:\/\/www.zytho.ca\/fr\/wp-json\/wp\/v2\/media\/9985"}],"wp:attachment":[{"href":"https:\/\/www.zytho.ca\/fr\/wp-json\/wp\/v2\/media?parent=9982"}],"wp:term":[{"taxonomy":"product_brand","embeddable":true,"href":"https:\/\/www.zytho.ca\/fr\/wp-json\/wp\/v2\/product_brand?post=9982"},{"taxonomy":"product_cat","embeddable":true,"href":"https:\/\/www.zytho.ca\/fr\/wp-json\/wp\/v2\/product_cat?post=9982"},{"taxonomy":"product_tag","embeddable":true,"href":"https:\/\/www.zytho.ca\/fr\/wp-json\/wp\/v2\/product_tag?post=9982"}],"curies":[{"name":"wp","href":"https:\/\/api.w.org\/{rel}","templated":true}]}}