{"id":9977,"date":"2025-10-27T15:39:56","date_gmt":"2025-10-27T15:39:56","guid":{"rendered":"https:\/\/zytho.ca\/product\/haffman-cbr-carbo-blender\/"},"modified":"2025-11-04T13:47:30","modified_gmt":"2025-11-04T13:47:30","slug":"haffman-cbr-carbo-blender","status":"publish","type":"product","link":"https:\/\/www.zytho.ca\/fr\/produit\/haffman-cbr-carbo-blender\/","title":{"rendered":"Pentair-Haffmans CBR Carbo Blender"},"content":{"rendered":"<p>La Haffman CBR a \u00e9t\u00e9 con\u00e7ue pour les brasseries \u00e0 forte densit\u00e9. Elle offre, en un seul appareil, le m\u00e9lange de la bi\u00e8re et de l&#8217;eau, puis la carbonatation en ligne de la bi\u00e8re. Ces deux actions sont r\u00e9gul\u00e9es en continu par l&#8217;automate. En outre, il est possible d&#8217;injecter de l&#8217;azote. Un GMO peut \u00e9galement \u00eatre install\u00e9 pour mesurer en ligne le taux d&#8217;O2 du produit final. CBR propose ainsi une solution automatis\u00e9e simple et cl\u00e9 en main. Plusieurs options peuvent \u00eatre ajout\u00e9es au syst\u00e8me.      <\/p>\n","protected":false},"excerpt":{"rendered":"<h4>Faites l&#8217;exp\u00e9rience d&#8217;une carbonatation pr\u00e9cise et constante avec le m\u00e9langeur Haffmans CBR Carbo, con\u00e7u pour les brasseries professionnelles qui privil\u00e9gient la pr\u00e9cision, l&#8217;efficacit\u00e9 et la r\u00e9p\u00e9tabilit\u00e9. Ce syst\u00e8me de carbonatation en ligne sophistiqu\u00e9 garantit un m\u00e9lange optimal de CO\u2082, ce qui permet d&#8217;obtenir un produit final parfaitement carbonat\u00e9 tout en r\u00e9duisant les d\u00e9chets et le temps de traitement. <\/h4>\n<p><strong>Avantages<\/strong><\/p>\n<ul>\n<li class=\"bloc-mod-liste__element\">Con\u00e7u pour le brassage \u00e0 haute densit\u00e9<\/li>\n<li class=\"bloc-mod-liste__element\">R\u00e9gulation continue du m\u00e9lange bi\u00e8re\/eau, suivie d&#8217;une carbonatation en ligne<\/li>\n<li class=\"bloc-mod-liste__element\">Disponible \u00e0 l&#8217;achat et \u00e0 la location<\/li>\n<li class=\"bloc-mod-liste__element\">Capable de CIP<\/li>\n<li class=\"bloc-mod-liste__element\">OPTIONNEL : Injection d&#8217;azote<\/li>\n<li class=\"bloc-mod-liste__element\">OPTIONNEL : Mesure en ligne du taux d&#8217;O2 \u00e0 l&#8217;aide d&#8217;un Haffman GMO<\/li>\n<\/ul>\n<p>Avec le m\u00e9langeur Haffmans CBR Carbo, vous contr\u00f4lez enti\u00e8rement votre processus de carbonatation et vous vous assurez que chaque lot est conforme \u00e0 vos normes pr\u00e9cises en mati\u00e8re de go\u00fbt, de sensation en bouche et de stabilit\u00e9 \u00e0 l&#8217;\u00e9talage.<\/p>\n","protected":false},"featured_media":9980,"template":"","meta":{"_acf_changed":false,"inline_featured_image":false},"product_brand":[728],"product_cat":[730,1424,732],"product_tag":[],"class_list":{"0":"post-9977","1":"product","2":"type-product","3":"status-publish","4":"has-post-thumbnail","6":"product_brand-pentair-haffmans","7":"product_cat-boissons-et-brassage","8":"product_cat-carbonatation","9":"product_cat-materiel-de-debardage","11":"first","12":"instock","13":"taxable","14":"shipping-taxable","15":"product-type-simple"},"acf":[],"yoast_head":"<!-- This site is optimized with the Yoast SEO plugin v27.6 - https:\/\/yoast.com\/product\/yoast-seo-wordpress\/ -->\n<title>Carbo Blender pour la bi\u00e8re - Pour les brasseries professionnelles | Zytho<\/title>\n<meta name=\"description\" content=\"Le CBR Haffman a \u00e9t\u00e9 con\u00e7u pour les brasseries \u00e0 forte densit\u00e9. Il permet, en un seul appareil, de m\u00e9langer la bi\u00e8re et l&#039;eau, puis de gaz\u00e9ifier la bi\u00e8re en ligne. Ces deux actions sont continuellement r\u00e9gul\u00e9es par l&#039;automate.\" \/>\n<meta name=\"robots\" content=\"index, follow, max-snippet:-1, max-image-preview:large, max-video-preview:-1\" \/>\n<link rel=\"canonical\" href=\"https:\/\/www.zytho.ca\/fr\/produit\/haffman-cbr-carbo-blender\/\" \/>\n<meta property=\"og:locale\" content=\"fr_FR\" \/>\n<meta property=\"og:type\" content=\"article\" \/>\n<meta property=\"og:title\" content=\"Carbo Blender pour la bi\u00e8re - Pour les brasseries professionnelles | Zytho\" \/>\n<meta property=\"og:description\" content=\"Le CBR Haffman a \u00e9t\u00e9 con\u00e7u pour les brasseries \u00e0 forte densit\u00e9. Il permet, en un seul appareil, de m\u00e9langer la bi\u00e8re et l&#039;eau, puis de gaz\u00e9ifier la bi\u00e8re en ligne. Ces deux actions sont continuellement r\u00e9gul\u00e9es par l&#039;automate.\" \/>\n<meta property=\"og:url\" content=\"https:\/\/www.zytho.ca\/fr\/produit\/haffman-cbr-carbo-blender\/\" \/>\n<meta property=\"og:site_name\" content=\"Zytho\" \/>\n<meta property=\"article:modified_time\" content=\"2025-11-04T13:47:30+00:00\" \/>\n<meta property=\"og:image\" content=\"https:\/\/www.zytho.ca\/wp-content\/uploads\/2025\/10\/Untitled-3.png\" \/>\n\t<meta property=\"og:image:width\" content=\"1000\" \/>\n\t<meta property=\"og:image:height\" content=\"773\" \/>\n\t<meta property=\"og:image:type\" content=\"image\/png\" \/>\n<meta name=\"twitter:card\" content=\"summary_large_image\" \/>\n<script type=\"application\/ld+json\" class=\"yoast-schema-graph\">{\"@context\":\"https:\\\/\\\/schema.org\",\"@graph\":[{\"@type\":\"WebPage\",\"@id\":\"https:\\\/\\\/www.zytho.ca\\\/fr\\\/produit\\\/haffman-cbr-carbo-blender\\\/\",\"url\":\"https:\\\/\\\/www.zytho.ca\\\/fr\\\/produit\\\/haffman-cbr-carbo-blender\\\/\",\"name\":\"Carbo Blender pour la bi\u00e8re - Pour les brasseries professionnelles | Zytho\",\"isPartOf\":{\"@id\":\"https:\\\/\\\/www.zytho.ca\\\/fr\\\/#website\"},\"primaryImageOfPage\":{\"@id\":\"https:\\\/\\\/www.zytho.ca\\\/fr\\\/produit\\\/haffman-cbr-carbo-blender\\\/#primaryimage\"},\"image\":{\"@id\":\"https:\\\/\\\/www.zytho.ca\\\/fr\\\/produit\\\/haffman-cbr-carbo-blender\\\/#primaryimage\"},\"thumbnailUrl\":\"https:\\\/\\\/www.zytho.ca\\\/wp-content\\\/uploads\\\/2025\\\/10\\\/Untitled-3.png\",\"datePublished\":\"2025-10-27T15:39:56+00:00\",\"dateModified\":\"2025-11-04T13:47:30+00:00\",\"description\":\"Le CBR Haffman a \u00e9t\u00e9 con\u00e7u pour les brasseries \u00e0 forte densit\u00e9. Il permet, en un seul appareil, de m\u00e9langer la bi\u00e8re et l'eau, puis de gaz\u00e9ifier la bi\u00e8re en ligne. Ces deux actions sont continuellement r\u00e9gul\u00e9es par l'automate.\",\"breadcrumb\":{\"@id\":\"https:\\\/\\\/www.zytho.ca\\\/fr\\\/produit\\\/haffman-cbr-carbo-blender\\\/#breadcrumb\"},\"inLanguage\":\"fr-FR\",\"potentialAction\":[{\"@type\":\"ReadAction\",\"target\":[\"https:\\\/\\\/www.zytho.ca\\\/fr\\\/produit\\\/haffman-cbr-carbo-blender\\\/\"]}]},{\"@type\":\"ImageObject\",\"inLanguage\":\"fr-FR\",\"@id\":\"https:\\\/\\\/www.zytho.ca\\\/fr\\\/produit\\\/haffman-cbr-carbo-blender\\\/#primaryimage\",\"url\":\"https:\\\/\\\/www.zytho.ca\\\/wp-content\\\/uploads\\\/2025\\\/10\\\/Untitled-3.png\",\"contentUrl\":\"https:\\\/\\\/www.zytho.ca\\\/wp-content\\\/uploads\\\/2025\\\/10\\\/Untitled-3.png\",\"width\":1000,\"height\":773},{\"@type\":\"BreadcrumbList\",\"@id\":\"https:\\\/\\\/www.zytho.ca\\\/fr\\\/produit\\\/haffman-cbr-carbo-blender\\\/#breadcrumb\",\"itemListElement\":[{\"@type\":\"ListItem\",\"position\":1,\"name\":\"Accueil\",\"item\":\"https:\\\/\\\/www.zytho.ca\\\/fr\\\/\"},{\"@type\":\"ListItem\",\"position\":2,\"name\":\"Shop\",\"item\":\"https:\\\/\\\/www.zytho.ca\\\/fr\\\/shop\\\/\"},{\"@type\":\"ListItem\",\"position\":3,\"name\":\"Pentair-Haffmans CBR Carbo Blender\"}]},{\"@type\":\"WebSite\",\"@id\":\"https:\\\/\\\/www.zytho.ca\\\/fr\\\/#website\",\"url\":\"https:\\\/\\\/www.zytho.ca\\\/fr\\\/\",\"name\":\"Zytho\",\"description\":\"\",\"publisher\":{\"@id\":\"https:\\\/\\\/www.zytho.ca\\\/fr\\\/#organization\"},\"potentialAction\":[{\"@type\":\"SearchAction\",\"target\":{\"@type\":\"EntryPoint\",\"urlTemplate\":\"https:\\\/\\\/www.zytho.ca\\\/fr\\\/?s={search_term_string}\"},\"query-input\":{\"@type\":\"PropertyValueSpecification\",\"valueRequired\":true,\"valueName\":\"search_term_string\"}}],\"inLanguage\":\"fr-FR\"},{\"@type\":\"Organization\",\"@id\":\"https:\\\/\\\/www.zytho.ca\\\/fr\\\/#organization\",\"name\":\"Zytho\",\"url\":\"https:\\\/\\\/www.zytho.ca\\\/fr\\\/\",\"logo\":{\"@type\":\"ImageObject\",\"inLanguage\":\"fr-FR\",\"@id\":\"https:\\\/\\\/www.zytho.ca\\\/fr\\\/#\\\/schema\\\/logo\\\/image\\\/\",\"url\":\"https:\\\/\\\/www.zytho.ca\\\/wp-content\\\/uploads\\\/2024\\\/05\\\/Zytho_reversed_horizontal.svg\",\"contentUrl\":\"https:\\\/\\\/www.zytho.ca\\\/wp-content\\\/uploads\\\/2024\\\/05\\\/Zytho_reversed_horizontal.svg\",\"width\":1582,\"height\":490,\"caption\":\"Zytho\"},\"image\":{\"@id\":\"https:\\\/\\\/www.zytho.ca\\\/fr\\\/#\\\/schema\\\/logo\\\/image\\\/\"}}]}<\/script>\n<!-- \/ Yoast SEO plugin. -->","yoast_head_json":{"title":"Carbo Blender pour la bi\u00e8re - Pour les brasseries professionnelles | Zytho","description":"Le CBR Haffman a \u00e9t\u00e9 con\u00e7u pour les brasseries \u00e0 forte densit\u00e9. Il permet, en un seul appareil, de m\u00e9langer la bi\u00e8re et l'eau, puis de gaz\u00e9ifier la bi\u00e8re en ligne. Ces deux actions sont continuellement r\u00e9gul\u00e9es par l'automate.","robots":{"index":"index","follow":"follow","max-snippet":"max-snippet:-1","max-image-preview":"max-image-preview:large","max-video-preview":"max-video-preview:-1"},"canonical":"https:\/\/www.zytho.ca\/fr\/produit\/haffman-cbr-carbo-blender\/","og_locale":"fr_FR","og_type":"article","og_title":"Carbo Blender pour la bi\u00e8re - Pour les brasseries professionnelles | Zytho","og_description":"Le CBR Haffman a \u00e9t\u00e9 con\u00e7u pour les brasseries \u00e0 forte densit\u00e9. Il permet, en un seul appareil, de m\u00e9langer la bi\u00e8re et l'eau, puis de gaz\u00e9ifier la bi\u00e8re en ligne. Ces deux actions sont continuellement r\u00e9gul\u00e9es par l'automate.","og_url":"https:\/\/www.zytho.ca\/fr\/produit\/haffman-cbr-carbo-blender\/","og_site_name":"Zytho","article_modified_time":"2025-11-04T13:47:30+00:00","og_image":[{"width":1000,"height":773,"url":"https:\/\/www.zytho.ca\/wp-content\/uploads\/2025\/10\/Untitled-3.png","type":"image\/png"}],"twitter_card":"summary_large_image","schema":{"@context":"https:\/\/schema.org","@graph":[{"@type":"WebPage","@id":"https:\/\/www.zytho.ca\/fr\/produit\/haffman-cbr-carbo-blender\/","url":"https:\/\/www.zytho.ca\/fr\/produit\/haffman-cbr-carbo-blender\/","name":"Carbo Blender pour la bi\u00e8re - Pour les brasseries professionnelles | Zytho","isPartOf":{"@id":"https:\/\/www.zytho.ca\/fr\/#website"},"primaryImageOfPage":{"@id":"https:\/\/www.zytho.ca\/fr\/produit\/haffman-cbr-carbo-blender\/#primaryimage"},"image":{"@id":"https:\/\/www.zytho.ca\/fr\/produit\/haffman-cbr-carbo-blender\/#primaryimage"},"thumbnailUrl":"https:\/\/www.zytho.ca\/wp-content\/uploads\/2025\/10\/Untitled-3.png","datePublished":"2025-10-27T15:39:56+00:00","dateModified":"2025-11-04T13:47:30+00:00","description":"Le CBR Haffman a \u00e9t\u00e9 con\u00e7u pour les brasseries \u00e0 forte densit\u00e9. Il permet, en un seul appareil, de m\u00e9langer la bi\u00e8re et l'eau, puis de gaz\u00e9ifier la bi\u00e8re en ligne. Ces deux actions sont continuellement r\u00e9gul\u00e9es par l'automate.","breadcrumb":{"@id":"https:\/\/www.zytho.ca\/fr\/produit\/haffman-cbr-carbo-blender\/#breadcrumb"},"inLanguage":"fr-FR","potentialAction":[{"@type":"ReadAction","target":["https:\/\/www.zytho.ca\/fr\/produit\/haffman-cbr-carbo-blender\/"]}]},{"@type":"ImageObject","inLanguage":"fr-FR","@id":"https:\/\/www.zytho.ca\/fr\/produit\/haffman-cbr-carbo-blender\/#primaryimage","url":"https:\/\/www.zytho.ca\/wp-content\/uploads\/2025\/10\/Untitled-3.png","contentUrl":"https:\/\/www.zytho.ca\/wp-content\/uploads\/2025\/10\/Untitled-3.png","width":1000,"height":773},{"@type":"BreadcrumbList","@id":"https:\/\/www.zytho.ca\/fr\/produit\/haffman-cbr-carbo-blender\/#breadcrumb","itemListElement":[{"@type":"ListItem","position":1,"name":"Accueil","item":"https:\/\/www.zytho.ca\/fr\/"},{"@type":"ListItem","position":2,"name":"Shop","item":"https:\/\/www.zytho.ca\/fr\/shop\/"},{"@type":"ListItem","position":3,"name":"Pentair-Haffmans CBR Carbo Blender"}]},{"@type":"WebSite","@id":"https:\/\/www.zytho.ca\/fr\/#website","url":"https:\/\/www.zytho.ca\/fr\/","name":"Zytho","description":"","publisher":{"@id":"https:\/\/www.zytho.ca\/fr\/#organization"},"potentialAction":[{"@type":"SearchAction","target":{"@type":"EntryPoint","urlTemplate":"https:\/\/www.zytho.ca\/fr\/?s={search_term_string}"},"query-input":{"@type":"PropertyValueSpecification","valueRequired":true,"valueName":"search_term_string"}}],"inLanguage":"fr-FR"},{"@type":"Organization","@id":"https:\/\/www.zytho.ca\/fr\/#organization","name":"Zytho","url":"https:\/\/www.zytho.ca\/fr\/","logo":{"@type":"ImageObject","inLanguage":"fr-FR","@id":"https:\/\/www.zytho.ca\/fr\/#\/schema\/logo\/image\/","url":"https:\/\/www.zytho.ca\/wp-content\/uploads\/2024\/05\/Zytho_reversed_horizontal.svg","contentUrl":"https:\/\/www.zytho.ca\/wp-content\/uploads\/2024\/05\/Zytho_reversed_horizontal.svg","width":1582,"height":490,"caption":"Zytho"},"image":{"@id":"https:\/\/www.zytho.ca\/fr\/#\/schema\/logo\/image\/"}}]}},"_links":{"self":[{"href":"https:\/\/www.zytho.ca\/fr\/wp-json\/wp\/v2\/product\/9977","targetHints":{"allow":["GET"]}}],"collection":[{"href":"https:\/\/www.zytho.ca\/fr\/wp-json\/wp\/v2\/product"}],"about":[{"href":"https:\/\/www.zytho.ca\/fr\/wp-json\/wp\/v2\/types\/product"}],"wp:featuredmedia":[{"embeddable":true,"href":"https:\/\/www.zytho.ca\/fr\/wp-json\/wp\/v2\/media\/9980"}],"wp:attachment":[{"href":"https:\/\/www.zytho.ca\/fr\/wp-json\/wp\/v2\/media?parent=9977"}],"wp:term":[{"taxonomy":"product_brand","embeddable":true,"href":"https:\/\/www.zytho.ca\/fr\/wp-json\/wp\/v2\/product_brand?post=9977"},{"taxonomy":"product_cat","embeddable":true,"href":"https:\/\/www.zytho.ca\/fr\/wp-json\/wp\/v2\/product_cat?post=9977"},{"taxonomy":"product_tag","embeddable":true,"href":"https:\/\/www.zytho.ca\/fr\/wp-json\/wp\/v2\/product_tag?post=9977"}],"curies":[{"name":"wp","href":"https:\/\/api.w.org\/{rel}","templated":true}]}}