{"id":9976,"date":"2025-10-27T15:40:10","date_gmt":"2025-10-27T15:40:10","guid":{"rendered":"https:\/\/zytho.ca\/product\/systemes-de-nettoyage-en-place\/"},"modified":"2025-11-14T13:59:42","modified_gmt":"2025-11-14T13:59:42","slug":"systemes-de-nettoyage-en-place","status":"publish","type":"product","link":"https:\/\/www.zytho.ca\/fr\/produit\/systemes-de-nettoyage-en-place\/","title":{"rendered":"Syst\u00e8mes de nettoyage en place"},"content":{"rendered":"<p>Le nettoyage en place (NEP) est une m\u00e9thode de nettoyage sanitaire des lignes de traitement, des cuves et des \u00e9quipements couramment utilis\u00e9s dans l&#8217;usine. Le processus consiste \u00e0 faire circuler un liquide de nettoyage dans les tuyauteries et les \u00e9quipements. Contrairement au nettoyage en salle (COP), le NEP ne n\u00e9cessite pas le d\u00e9montage ou le d\u00e9placement de l&#8217;\u00e9quipement.  <\/p>\n<section class=\"bloc-mod bloc-mod-liste\">\n<section class=\"bloc-mod bloc-mod-liste\">\n<h4 class=\"bloc-mod-liste__nom\">Sp\u00e9cifications et capacit\u00e9<\/h4>\n<ul class=\"bloc-mod-liste__liste\">\n<li class=\"bloc-mod-liste__element\">Acier inoxydable 304 ou 316<\/li>\n<li class=\"bloc-mod-liste__element\">Syst\u00e8me mobile de 100 litres \u00e0 300 litres<\/li>\n<li class=\"bloc-mod-liste__element\">Syst\u00e8me fixe de 300 litres \u00e0 10 000 litres<\/li>\n<li class=\"bloc-mod-liste__element\">Nos syst\u00e8mes sont con\u00e7us pour \u00eatre manuels ou automatiques<\/li>\n<li class=\"bloc-mod-liste__element\">Pieds r\u00e9glables<\/li>\n<li class=\"bloc-mod-liste__element\">Conforme \u00e0 la norme 3A<\/li>\n<\/ul>\n<\/section>\n<section class=\"bloc-mod bloc-mod-liste\">\n<h4 class=\"bloc-mod-liste__nom\">Options<\/h4>\n<ul class=\"bloc-mod-liste__liste\">\n<li class=\"bloc-mod-liste__element\">Dosage automatique de 1 \u00e0 3 produits<\/li>\n<li class=\"bloc-mod-liste__element\">Syst\u00e8me de 3 \u00e0 5 r\u00e9servoirs<\/li>\n<li class=\"bloc-mod-liste__element\">\u00c9changeur de chaleur \u00e0 plaques, \u00e0 tubes ou \u00e9lectrique<\/li>\n<\/ul>\n<\/section>\n<section class=\"bloc-mod bloc-mod-liste\">\n<h4 class=\"bloc-mod-liste__nom\">Secteurs d&#8217;activit\u00e9<\/h4>\n<ul class=\"bloc-mod-liste__liste\">\n<li class=\"bloc-mod-liste__element\">Industriel (chimique)<\/li>\n<li class=\"bloc-mod-liste__element\">Alimentation<\/li>\n<li class=\"bloc-mod-liste__element\">Brassage<\/li>\n<li class=\"bloc-mod-liste__element\">Pharmaceutique<\/li>\n<\/ul>\n<p><img fetchpriority=\"high\" decoding=\"async\" class=\"alignnone size-medium wp-image-8856\" src=\"https:\/\/www.zytho.ca\/wp-content\/uploads\/2025\/11\/nxt-cip-1-768x468-1.png\" alt=\"\" width=\"300\" height=\"183\"> <img decoding=\"async\" class=\"alignnone size-medium wp-image-8857\" src=\"https:\/\/www.zytho.ca\/wp-content\/uploads\/2025\/11\/nxt-cip-3-768x463-1.png\" alt=\"\" width=\"300\" height=\"181\"><\/p>\n<\/section>\n<\/section>\n","protected":false},"excerpt":{"rendered":"<h4><strong>Atteignez une performance optimale et une qualit\u00e9 de produit sup\u00e9rieure avec les syst\u00e8mes de nettoyage en place (CIP) de Zytho, une solution enti\u00e8rement automatis\u00e9e con\u00e7ue pour nettoyer efficacement votre \u00e9quipement de brassage et de traitement, en minimisant les temps d&#8217;arr\u00eat. \u00c9liminez les inefficacit\u00e9s du nettoyage manuel et adoptez un processus d&#8217;assainissement rationalis\u00e9 et coh\u00e9rent qui \u00e9conomise du temps, de l&#8217;eau et des produits chimiques. <\/strong><\/h4>\n<p><strong>Avantages<\/strong><\/p>\n<ul>\n<li>Nettoyage automatis\u00e9 et coh\u00e9rent &#8211; R\u00e9duisez les co\u00fbts de main-d&#8217;\u0153uvre et les erreurs humaines gr\u00e2ce \u00e0 un syst\u00e8me enti\u00e8rement programmable.<\/li>\n<li>\u00c9conomies d&#8217;eau et de produits chimiques &#8211; Les cycles de nettoyage optimis\u00e9s r\u00e9duisent l&#8217;utilisation des ressources sans sacrifier l&#8217;hygi\u00e8ne.<\/li>\n<li>Conception compacte et modulaire &#8211; S&#8217;int\u00e8gre parfaitement \u00e0 toute brasserie ou installation de production, quelle que soit sa taille.<\/li>\n<li>Conformit\u00e9 r\u00e9glementaire &#8211; Garantit que votre \u00e9quipement respecte les normes sanitaires les plus strictes de l&#8217;industrie.<\/li>\n<li>Personnalisable en fonction de vos besoins &#8211; Offre des solutions sur mesure pour les brasseries, la transformation des aliments et les applications industrielles.<\/li>\n<\/ul>\n","protected":false},"featured_media":9979,"template":"","meta":{"_acf_changed":false,"inline_featured_image":false},"product_brand":[729],"product_cat":[733,731],"product_tag":[],"class_list":{"0":"post-9976","1":"product","2":"type-product","3":"status-publish","4":"has-post-thumbnail","6":"product_brand-zytho","7":"product_cat-nettoyage","8":"product_cat-systemes","10":"first","11":"instock","12":"taxable","13":"shipping-taxable","14":"product-type-simple"},"acf":[],"yoast_head":"<!-- This site is optimized with the Yoast SEO plugin v27.6 - https:\/\/yoast.com\/product\/yoast-seo-wordpress\/ -->\n<title>Nettoyage en place - Liquid Process Engineers | Zytho<\/title>\n<meta name=\"description\" content=\"Assurez des performances optimales et la qualit\u00e9 de vos produits avec les syst\u00e8mes de nettoyage en place (CIP) de Zytho, une solution enti\u00e8rement automatis\u00e9e con\u00e7ue pour nettoyer vos \u00e9quipements de brassage et de traitement avec un minimum de temps d&#039;arr\u00eat.\" \/>\n<meta name=\"robots\" content=\"index, follow, max-snippet:-1, max-image-preview:large, max-video-preview:-1\" \/>\n<link rel=\"canonical\" href=\"https:\/\/www.zytho.ca\/fr\/produit\/systemes-de-nettoyage-en-place\/\" \/>\n<meta property=\"og:locale\" content=\"fr_FR\" \/>\n<meta property=\"og:type\" content=\"article\" \/>\n<meta property=\"og:title\" content=\"Nettoyage en place - Liquid Process Engineers | Zytho\" \/>\n<meta property=\"og:description\" content=\"Assurez des performances optimales et la qualit\u00e9 de vos produits avec les syst\u00e8mes de nettoyage en place (CIP) de Zytho, une solution enti\u00e8rement automatis\u00e9e con\u00e7ue pour nettoyer vos \u00e9quipements de brassage et de traitement avec un minimum de temps d&#039;arr\u00eat.\" \/>\n<meta property=\"og:url\" content=\"https:\/\/www.zytho.ca\/fr\/produit\/systemes-de-nettoyage-en-place\/\" \/>\n<meta property=\"og:site_name\" content=\"Zytho\" \/>\n<meta property=\"article:modified_time\" content=\"2025-11-14T13:59:42+00:00\" \/>\n<meta property=\"og:image\" content=\"https:\/\/www.zytho.ca\/wp-content\/uploads\/2025\/10\/Clean-in-place-system.png\" \/>\n\t<meta property=\"og:image:width\" content=\"1400\" \/>\n\t<meta property=\"og:image:height\" content=\"1081\" \/>\n\t<meta property=\"og:image:type\" content=\"image\/png\" \/>\n<meta name=\"twitter:card\" content=\"summary_large_image\" \/>\n<meta name=\"twitter:label1\" content=\"Dur\u00e9e de lecture estim\u00e9e\" \/>\n\t<meta name=\"twitter:data1\" content=\"1 minute\" \/>\n<script type=\"application\/ld+json\" class=\"yoast-schema-graph\">{\"@context\":\"https:\\\/\\\/schema.org\",\"@graph\":[{\"@type\":\"WebPage\",\"@id\":\"https:\\\/\\\/www.zytho.ca\\\/fr\\\/produit\\\/systemes-de-nettoyage-en-place\\\/\",\"url\":\"https:\\\/\\\/www.zytho.ca\\\/fr\\\/produit\\\/systemes-de-nettoyage-en-place\\\/\",\"name\":\"Nettoyage en place - Liquid Process Engineers | Zytho\",\"isPartOf\":{\"@id\":\"https:\\\/\\\/www.zytho.ca\\\/fr\\\/#website\"},\"primaryImageOfPage\":{\"@id\":\"https:\\\/\\\/www.zytho.ca\\\/fr\\\/produit\\\/systemes-de-nettoyage-en-place\\\/#primaryimage\"},\"image\":{\"@id\":\"https:\\\/\\\/www.zytho.ca\\\/fr\\\/produit\\\/systemes-de-nettoyage-en-place\\\/#primaryimage\"},\"thumbnailUrl\":\"https:\\\/\\\/www.zytho.ca\\\/wp-content\\\/uploads\\\/2025\\\/10\\\/Clean-in-place-system.png\",\"datePublished\":\"2025-10-27T15:40:10+00:00\",\"dateModified\":\"2025-11-14T13:59:42+00:00\",\"description\":\"Assurez des performances optimales et la qualit\u00e9 de vos produits avec les syst\u00e8mes de nettoyage en place (CIP) de Zytho, une solution enti\u00e8rement automatis\u00e9e con\u00e7ue pour nettoyer vos \u00e9quipements de brassage et de traitement avec un minimum de temps d'arr\u00eat.\",\"breadcrumb\":{\"@id\":\"https:\\\/\\\/www.zytho.ca\\\/fr\\\/produit\\\/systemes-de-nettoyage-en-place\\\/#breadcrumb\"},\"inLanguage\":\"fr-FR\",\"potentialAction\":[{\"@type\":\"ReadAction\",\"target\":[\"https:\\\/\\\/www.zytho.ca\\\/fr\\\/produit\\\/systemes-de-nettoyage-en-place\\\/\"]}]},{\"@type\":\"ImageObject\",\"inLanguage\":\"fr-FR\",\"@id\":\"https:\\\/\\\/www.zytho.ca\\\/fr\\\/produit\\\/systemes-de-nettoyage-en-place\\\/#primaryimage\",\"url\":\"https:\\\/\\\/www.zytho.ca\\\/wp-content\\\/uploads\\\/2025\\\/10\\\/Clean-in-place-system.png\",\"contentUrl\":\"https:\\\/\\\/www.zytho.ca\\\/wp-content\\\/uploads\\\/2025\\\/10\\\/Clean-in-place-system.png\",\"width\":1400,\"height\":1081},{\"@type\":\"BreadcrumbList\",\"@id\":\"https:\\\/\\\/www.zytho.ca\\\/fr\\\/produit\\\/systemes-de-nettoyage-en-place\\\/#breadcrumb\",\"itemListElement\":[{\"@type\":\"ListItem\",\"position\":1,\"name\":\"Accueil\",\"item\":\"https:\\\/\\\/www.zytho.ca\\\/fr\\\/\"},{\"@type\":\"ListItem\",\"position\":2,\"name\":\"Shop\",\"item\":\"https:\\\/\\\/www.zytho.ca\\\/fr\\\/shop\\\/\"},{\"@type\":\"ListItem\",\"position\":3,\"name\":\"Syst\u00e8mes de nettoyage en place\"}]},{\"@type\":\"WebSite\",\"@id\":\"https:\\\/\\\/www.zytho.ca\\\/fr\\\/#website\",\"url\":\"https:\\\/\\\/www.zytho.ca\\\/fr\\\/\",\"name\":\"Zytho\",\"description\":\"\",\"publisher\":{\"@id\":\"https:\\\/\\\/www.zytho.ca\\\/fr\\\/#organization\"},\"potentialAction\":[{\"@type\":\"SearchAction\",\"target\":{\"@type\":\"EntryPoint\",\"urlTemplate\":\"https:\\\/\\\/www.zytho.ca\\\/fr\\\/?s={search_term_string}\"},\"query-input\":{\"@type\":\"PropertyValueSpecification\",\"valueRequired\":true,\"valueName\":\"search_term_string\"}}],\"inLanguage\":\"fr-FR\"},{\"@type\":\"Organization\",\"@id\":\"https:\\\/\\\/www.zytho.ca\\\/fr\\\/#organization\",\"name\":\"Zytho\",\"url\":\"https:\\\/\\\/www.zytho.ca\\\/fr\\\/\",\"logo\":{\"@type\":\"ImageObject\",\"inLanguage\":\"fr-FR\",\"@id\":\"https:\\\/\\\/www.zytho.ca\\\/fr\\\/#\\\/schema\\\/logo\\\/image\\\/\",\"url\":\"https:\\\/\\\/www.zytho.ca\\\/wp-content\\\/uploads\\\/2024\\\/05\\\/Zytho_reversed_horizontal.svg\",\"contentUrl\":\"https:\\\/\\\/www.zytho.ca\\\/wp-content\\\/uploads\\\/2024\\\/05\\\/Zytho_reversed_horizontal.svg\",\"width\":1582,\"height\":490,\"caption\":\"Zytho\"},\"image\":{\"@id\":\"https:\\\/\\\/www.zytho.ca\\\/fr\\\/#\\\/schema\\\/logo\\\/image\\\/\"}}]}<\/script>\n<!-- \/ Yoast SEO plugin. -->","yoast_head_json":{"title":"Nettoyage en place - Liquid Process Engineers | Zytho","description":"Assurez des performances optimales et la qualit\u00e9 de vos produits avec les syst\u00e8mes de nettoyage en place (CIP) de Zytho, une solution enti\u00e8rement automatis\u00e9e con\u00e7ue pour nettoyer vos \u00e9quipements de brassage et de traitement avec un minimum de temps d'arr\u00eat.","robots":{"index":"index","follow":"follow","max-snippet":"max-snippet:-1","max-image-preview":"max-image-preview:large","max-video-preview":"max-video-preview:-1"},"canonical":"https:\/\/www.zytho.ca\/fr\/produit\/systemes-de-nettoyage-en-place\/","og_locale":"fr_FR","og_type":"article","og_title":"Nettoyage en place - Liquid Process Engineers | Zytho","og_description":"Assurez des performances optimales et la qualit\u00e9 de vos produits avec les syst\u00e8mes de nettoyage en place (CIP) de Zytho, une solution enti\u00e8rement automatis\u00e9e con\u00e7ue pour nettoyer vos \u00e9quipements de brassage et de traitement avec un minimum de temps d'arr\u00eat.","og_url":"https:\/\/www.zytho.ca\/fr\/produit\/systemes-de-nettoyage-en-place\/","og_site_name":"Zytho","article_modified_time":"2025-11-14T13:59:42+00:00","og_image":[{"width":1400,"height":1081,"url":"https:\/\/www.zytho.ca\/wp-content\/uploads\/2025\/10\/Clean-in-place-system.png","type":"image\/png"}],"twitter_card":"summary_large_image","twitter_misc":{"Dur\u00e9e de lecture estim\u00e9e":"1 minute"},"schema":{"@context":"https:\/\/schema.org","@graph":[{"@type":"WebPage","@id":"https:\/\/www.zytho.ca\/fr\/produit\/systemes-de-nettoyage-en-place\/","url":"https:\/\/www.zytho.ca\/fr\/produit\/systemes-de-nettoyage-en-place\/","name":"Nettoyage en place - Liquid Process Engineers | Zytho","isPartOf":{"@id":"https:\/\/www.zytho.ca\/fr\/#website"},"primaryImageOfPage":{"@id":"https:\/\/www.zytho.ca\/fr\/produit\/systemes-de-nettoyage-en-place\/#primaryimage"},"image":{"@id":"https:\/\/www.zytho.ca\/fr\/produit\/systemes-de-nettoyage-en-place\/#primaryimage"},"thumbnailUrl":"https:\/\/www.zytho.ca\/wp-content\/uploads\/2025\/10\/Clean-in-place-system.png","datePublished":"2025-10-27T15:40:10+00:00","dateModified":"2025-11-14T13:59:42+00:00","description":"Assurez des performances optimales et la qualit\u00e9 de vos produits avec les syst\u00e8mes de nettoyage en place (CIP) de Zytho, une solution enti\u00e8rement automatis\u00e9e con\u00e7ue pour nettoyer vos \u00e9quipements de brassage et de traitement avec un minimum de temps d'arr\u00eat.","breadcrumb":{"@id":"https:\/\/www.zytho.ca\/fr\/produit\/systemes-de-nettoyage-en-place\/#breadcrumb"},"inLanguage":"fr-FR","potentialAction":[{"@type":"ReadAction","target":["https:\/\/www.zytho.ca\/fr\/produit\/systemes-de-nettoyage-en-place\/"]}]},{"@type":"ImageObject","inLanguage":"fr-FR","@id":"https:\/\/www.zytho.ca\/fr\/produit\/systemes-de-nettoyage-en-place\/#primaryimage","url":"https:\/\/www.zytho.ca\/wp-content\/uploads\/2025\/10\/Clean-in-place-system.png","contentUrl":"https:\/\/www.zytho.ca\/wp-content\/uploads\/2025\/10\/Clean-in-place-system.png","width":1400,"height":1081},{"@type":"BreadcrumbList","@id":"https:\/\/www.zytho.ca\/fr\/produit\/systemes-de-nettoyage-en-place\/#breadcrumb","itemListElement":[{"@type":"ListItem","position":1,"name":"Accueil","item":"https:\/\/www.zytho.ca\/fr\/"},{"@type":"ListItem","position":2,"name":"Shop","item":"https:\/\/www.zytho.ca\/fr\/shop\/"},{"@type":"ListItem","position":3,"name":"Syst\u00e8mes de nettoyage en place"}]},{"@type":"WebSite","@id":"https:\/\/www.zytho.ca\/fr\/#website","url":"https:\/\/www.zytho.ca\/fr\/","name":"Zytho","description":"","publisher":{"@id":"https:\/\/www.zytho.ca\/fr\/#organization"},"potentialAction":[{"@type":"SearchAction","target":{"@type":"EntryPoint","urlTemplate":"https:\/\/www.zytho.ca\/fr\/?s={search_term_string}"},"query-input":{"@type":"PropertyValueSpecification","valueRequired":true,"valueName":"search_term_string"}}],"inLanguage":"fr-FR"},{"@type":"Organization","@id":"https:\/\/www.zytho.ca\/fr\/#organization","name":"Zytho","url":"https:\/\/www.zytho.ca\/fr\/","logo":{"@type":"ImageObject","inLanguage":"fr-FR","@id":"https:\/\/www.zytho.ca\/fr\/#\/schema\/logo\/image\/","url":"https:\/\/www.zytho.ca\/wp-content\/uploads\/2024\/05\/Zytho_reversed_horizontal.svg","contentUrl":"https:\/\/www.zytho.ca\/wp-content\/uploads\/2024\/05\/Zytho_reversed_horizontal.svg","width":1582,"height":490,"caption":"Zytho"},"image":{"@id":"https:\/\/www.zytho.ca\/fr\/#\/schema\/logo\/image\/"}}]}},"_links":{"self":[{"href":"https:\/\/www.zytho.ca\/fr\/wp-json\/wp\/v2\/product\/9976","targetHints":{"allow":["GET"]}}],"collection":[{"href":"https:\/\/www.zytho.ca\/fr\/wp-json\/wp\/v2\/product"}],"about":[{"href":"https:\/\/www.zytho.ca\/fr\/wp-json\/wp\/v2\/types\/product"}],"wp:featuredmedia":[{"embeddable":true,"href":"https:\/\/www.zytho.ca\/fr\/wp-json\/wp\/v2\/media\/9979"}],"wp:attachment":[{"href":"https:\/\/www.zytho.ca\/fr\/wp-json\/wp\/v2\/media?parent=9976"}],"wp:term":[{"taxonomy":"product_brand","embeddable":true,"href":"https:\/\/www.zytho.ca\/fr\/wp-json\/wp\/v2\/product_brand?post=9976"},{"taxonomy":"product_cat","embeddable":true,"href":"https:\/\/www.zytho.ca\/fr\/wp-json\/wp\/v2\/product_cat?post=9976"},{"taxonomy":"product_tag","embeddable":true,"href":"https:\/\/www.zytho.ca\/fr\/wp-json\/wp\/v2\/product_tag?post=9976"}],"curies":[{"name":"wp","href":"https:\/\/api.w.org\/{rel}","templated":true}]}}