{"id":4355,"date":"2025-10-07T18:42:18","date_gmt":"2025-10-07T18:42:18","guid":{"rendered":"https:\/\/zytho.ca\/?post_type=product&#038;p=4355"},"modified":"2026-05-14T18:04:56","modified_gmt":"2026-05-14T18:04:56","slug":"dixon-poc","status":"publish","type":"product","link":"https:\/\/www.zytho.ca\/fr\/produit\/dixon-poc\/","title":{"rendered":"Cam &#038; Groove Adapter \u2013 Dixon"},"content":{"rendered":"<p data-start=\"0\" data-end=\"22\">D\u00e9tails du produit :<\/p>\n<ul data-start=\"23\" data-end=\"449\">\n<li data-start=\"23\" data-end=\"133\">\n<p data-start=\"25\" data-end=\"133\">Fabriqu\u00e9 avec une pr\u00e9cision optimale pour garantir une compatibilit\u00e9 parfaite avec les syst\u00e8mes existants.<\/p>\n<\/li>\n<li data-start=\"134\" data-end=\"277\">\n<p data-start=\"136\" data-end=\"277\">Construit \u00e0 partir de mat\u00e9riaux de haute qualit\u00e9 pour r\u00e9sister aux conditions les plus rigoureuses et prolonger la dur\u00e9e de vie du produit.<\/p>\n<\/li>\n<li data-start=\"278\" data-end=\"362\">\n<p data-start=\"280\" data-end=\"362\">Offert en plusieurs formats afin de r\u00e9pondre \u00e0 diff\u00e9rents besoins op\u00e9rationnels.<\/p>\n<\/li>\n<li data-start=\"363\" data-end=\"449\">\n<p data-start=\"365\" data-end=\"449\">Int\u00e8gre une technologie de pointe pour am\u00e9liorer l\u2019efficacit\u00e9 et les performances.<\/p>\n<\/li>\n<\/ul>\n<p data-start=\"451\" data-end=\"552\" data-is-last-node=\"\" data-is-only-node=\"\"><a href=\"https:\/\/www.dixonvalve.com\/sites\/default\/files\/product\/files\/dimensional-specs\/RE150SE.pdf\">Sp\u00e9cifications dimensionnelles<\/a><br data-start=\"483\" data-end=\"486\" \/>Pour plus de d\u00e9tails, veuillez consulter le document <a href=\"https:\/\/www.dixonvalve.com\/sites\/default\/files\/product\/pages\/us\/DPL418%20-%20584.pdf\">DPL418 \u2013 584.<\/a><\/p>\n","protected":false},"excerpt":{"rendered":"<h3>Pourquoi tu veux cela dans ta brasserie:<\/h3>\n<ul>\n<li>Con\u00e7u pour offrir des performances optimales dans les environnements les plus exigeants, garantissant une fiabilit\u00e9 et une durabilit\u00e9 exceptionnelles.<\/li>\n<li>D\u00e9velopp\u00e9 pour d\u00e9passer les normes industrielles les plus strictes, assurant une conformit\u00e9 totale et une tranquillit\u00e9 d\u2019esprit en mati\u00e8re de s\u00e9curit\u00e9.<\/li>\n<li>D\u2019une grande polyvalence, il s\u2019adapte parfaitement \u00e0 une vaste gamme d\u2019applications.<\/li>\n<\/ul>\n","protected":false},"featured_media":4365,"template":"","meta":{"_acf_changed":false,"inline_featured_image":false},"product_brand":[],"product_cat":[31],"product_tag":[],"class_list":{"0":"post-4355","1":"product","2":"type-product","3":"status-publish","4":"has-post-thumbnail","6":"product_cat-pump","8":"first","9":"instock","10":"taxable","11":"shipping-taxable","12":"product-type-variable"},"acf":[],"yoast_head":"<!-- This site is optimized with the Yoast SEO plugin v27.6 - https:\/\/yoast.com\/product\/yoast-seo-wordpress\/ -->\n<title>Cam &amp; Groove Adapter \u2013 Dixon - Zytho<\/title>\n<meta name=\"robots\" content=\"index, follow, max-snippet:-1, max-image-preview:large, max-video-preview:-1\" \/>\n<link rel=\"canonical\" href=\"https:\/\/www.zytho.ca\/fr\/produit\/dixon-poc\/\" \/>\n<meta property=\"og:locale\" content=\"fr_FR\" \/>\n<meta property=\"og:type\" content=\"article\" \/>\n<meta property=\"og:title\" content=\"Cam &amp; Groove Adapter \u2013 Dixon - Zytho\" \/>\n<meta property=\"og:description\" content=\"Pourquoi tu veux cela dans ta brasserie:   Con\u00e7u pour offrir des performances optimales dans les environnements les plus exigeants, garantissant une fiabilit\u00e9 et une durabilit\u00e9 exceptionnelles.  D\u00e9velopp\u00e9 pour d\u00e9passer les normes industrielles les plus strictes, assurant une conformit\u00e9 totale et une tranquillit\u00e9 d\u2019esprit en mati\u00e8re de s\u00e9curit\u00e9.  D\u2019une grande polyvalence, il s\u2019adapte parfaitement \u00e0 une vaste gamme d\u2019applications.\" \/>\n<meta property=\"og:url\" content=\"https:\/\/www.zytho.ca\/fr\/produit\/dixon-poc\/\" \/>\n<meta property=\"og:site_name\" content=\"Zytho\" \/>\n<meta property=\"article:modified_time\" content=\"2026-05-14T18:04:56+00:00\" \/>\n<meta property=\"og:image\" content=\"https:\/\/www.zytho.ca\/wp-content\/uploads\/2025\/10\/Cam-Groove-Adapter-Dixon.jpg\" \/>\n\t<meta property=\"og:image:width\" content=\"296\" \/>\n\t<meta property=\"og:image:height\" content=\"296\" \/>\n\t<meta property=\"og:image:type\" content=\"image\/jpeg\" \/>\n<meta name=\"twitter:card\" content=\"summary_large_image\" \/>\n<meta name=\"twitter:label1\" content=\"Dur\u00e9e de lecture estim\u00e9e\" \/>\n\t<meta name=\"twitter:data1\" content=\"1 minute\" \/>\n<script type=\"application\/ld+json\" class=\"yoast-schema-graph\">{\"@context\":\"https:\\\/\\\/schema.org\",\"@graph\":[{\"@type\":\"WebPage\",\"@id\":\"https:\\\/\\\/www.zytho.ca\\\/fr\\\/produit\\\/dixon-poc\\\/\",\"url\":\"https:\\\/\\\/www.zytho.ca\\\/fr\\\/produit\\\/dixon-poc\\\/\",\"name\":\"Cam & Groove Adapter \u2013 Dixon - Zytho\",\"isPartOf\":{\"@id\":\"https:\\\/\\\/www.zytho.ca\\\/fr\\\/#website\"},\"primaryImageOfPage\":{\"@id\":\"https:\\\/\\\/www.zytho.ca\\\/fr\\\/produit\\\/dixon-poc\\\/#primaryimage\"},\"image\":{\"@id\":\"https:\\\/\\\/www.zytho.ca\\\/fr\\\/produit\\\/dixon-poc\\\/#primaryimage\"},\"thumbnailUrl\":\"https:\\\/\\\/www.zytho.ca\\\/wp-content\\\/uploads\\\/2025\\\/10\\\/Cam-Groove-Adapter-Dixon.jpg\",\"datePublished\":\"2025-10-07T18:42:18+00:00\",\"dateModified\":\"2026-05-14T18:04:56+00:00\",\"breadcrumb\":{\"@id\":\"https:\\\/\\\/www.zytho.ca\\\/fr\\\/produit\\\/dixon-poc\\\/#breadcrumb\"},\"inLanguage\":\"fr-FR\",\"potentialAction\":[{\"@type\":\"ReadAction\",\"target\":[\"https:\\\/\\\/www.zytho.ca\\\/fr\\\/produit\\\/dixon-poc\\\/\"]}]},{\"@type\":\"ImageObject\",\"inLanguage\":\"fr-FR\",\"@id\":\"https:\\\/\\\/www.zytho.ca\\\/fr\\\/produit\\\/dixon-poc\\\/#primaryimage\",\"url\":\"https:\\\/\\\/www.zytho.ca\\\/wp-content\\\/uploads\\\/2025\\\/10\\\/Cam-Groove-Adapter-Dixon.jpg\",\"contentUrl\":\"https:\\\/\\\/www.zytho.ca\\\/wp-content\\\/uploads\\\/2025\\\/10\\\/Cam-Groove-Adapter-Dixon.jpg\",\"width\":296,\"height\":296},{\"@type\":\"BreadcrumbList\",\"@id\":\"https:\\\/\\\/www.zytho.ca\\\/fr\\\/produit\\\/dixon-poc\\\/#breadcrumb\",\"itemListElement\":[{\"@type\":\"ListItem\",\"position\":1,\"name\":\"Accueil\",\"item\":\"https:\\\/\\\/www.zytho.ca\\\/fr\\\/\"},{\"@type\":\"ListItem\",\"position\":2,\"name\":\"Shop\",\"item\":\"https:\\\/\\\/www.zytho.ca\\\/fr\\\/shop\\\/\"},{\"@type\":\"ListItem\",\"position\":3,\"name\":\"Cam &#038; Groove Adapter \u2013 Dixon\"}]},{\"@type\":\"WebSite\",\"@id\":\"https:\\\/\\\/www.zytho.ca\\\/fr\\\/#website\",\"url\":\"https:\\\/\\\/www.zytho.ca\\\/fr\\\/\",\"name\":\"Zytho\",\"description\":\"\",\"publisher\":{\"@id\":\"https:\\\/\\\/www.zytho.ca\\\/fr\\\/#organization\"},\"potentialAction\":[{\"@type\":\"SearchAction\",\"target\":{\"@type\":\"EntryPoint\",\"urlTemplate\":\"https:\\\/\\\/www.zytho.ca\\\/fr\\\/?s={search_term_string}\"},\"query-input\":{\"@type\":\"PropertyValueSpecification\",\"valueRequired\":true,\"valueName\":\"search_term_string\"}}],\"inLanguage\":\"fr-FR\"},{\"@type\":\"Organization\",\"@id\":\"https:\\\/\\\/www.zytho.ca\\\/fr\\\/#organization\",\"name\":\"Zytho\",\"url\":\"https:\\\/\\\/www.zytho.ca\\\/fr\\\/\",\"logo\":{\"@type\":\"ImageObject\",\"inLanguage\":\"fr-FR\",\"@id\":\"https:\\\/\\\/www.zytho.ca\\\/fr\\\/#\\\/schema\\\/logo\\\/image\\\/\",\"url\":\"https:\\\/\\\/www.zytho.ca\\\/wp-content\\\/uploads\\\/2024\\\/05\\\/Zytho_reversed_horizontal.svg\",\"contentUrl\":\"https:\\\/\\\/www.zytho.ca\\\/wp-content\\\/uploads\\\/2024\\\/05\\\/Zytho_reversed_horizontal.svg\",\"width\":1582,\"height\":490,\"caption\":\"Zytho\"},\"image\":{\"@id\":\"https:\\\/\\\/www.zytho.ca\\\/fr\\\/#\\\/schema\\\/logo\\\/image\\\/\"}}]}<\/script>\n<!-- \/ Yoast SEO plugin. -->","yoast_head_json":{"title":"Cam & Groove Adapter \u2013 Dixon - Zytho","robots":{"index":"index","follow":"follow","max-snippet":"max-snippet:-1","max-image-preview":"max-image-preview:large","max-video-preview":"max-video-preview:-1"},"canonical":"https:\/\/www.zytho.ca\/fr\/produit\/dixon-poc\/","og_locale":"fr_FR","og_type":"article","og_title":"Cam & Groove Adapter \u2013 Dixon - Zytho","og_description":"Pourquoi tu veux cela dans ta brasserie:   Con\u00e7u pour offrir des performances optimales dans les environnements les plus exigeants, garantissant une fiabilit\u00e9 et une durabilit\u00e9 exceptionnelles.  D\u00e9velopp\u00e9 pour d\u00e9passer les normes industrielles les plus strictes, assurant une conformit\u00e9 totale et une tranquillit\u00e9 d\u2019esprit en mati\u00e8re de s\u00e9curit\u00e9.  D\u2019une grande polyvalence, il s\u2019adapte parfaitement \u00e0 une vaste gamme d\u2019applications.","og_url":"https:\/\/www.zytho.ca\/fr\/produit\/dixon-poc\/","og_site_name":"Zytho","article_modified_time":"2026-05-14T18:04:56+00:00","og_image":[{"width":296,"height":296,"url":"https:\/\/www.zytho.ca\/wp-content\/uploads\/2025\/10\/Cam-Groove-Adapter-Dixon.jpg","type":"image\/jpeg"}],"twitter_card":"summary_large_image","twitter_misc":{"Dur\u00e9e de lecture estim\u00e9e":"1 minute"},"schema":{"@context":"https:\/\/schema.org","@graph":[{"@type":"WebPage","@id":"https:\/\/www.zytho.ca\/fr\/produit\/dixon-poc\/","url":"https:\/\/www.zytho.ca\/fr\/produit\/dixon-poc\/","name":"Cam & Groove Adapter \u2013 Dixon - Zytho","isPartOf":{"@id":"https:\/\/www.zytho.ca\/fr\/#website"},"primaryImageOfPage":{"@id":"https:\/\/www.zytho.ca\/fr\/produit\/dixon-poc\/#primaryimage"},"image":{"@id":"https:\/\/www.zytho.ca\/fr\/produit\/dixon-poc\/#primaryimage"},"thumbnailUrl":"https:\/\/www.zytho.ca\/wp-content\/uploads\/2025\/10\/Cam-Groove-Adapter-Dixon.jpg","datePublished":"2025-10-07T18:42:18+00:00","dateModified":"2026-05-14T18:04:56+00:00","breadcrumb":{"@id":"https:\/\/www.zytho.ca\/fr\/produit\/dixon-poc\/#breadcrumb"},"inLanguage":"fr-FR","potentialAction":[{"@type":"ReadAction","target":["https:\/\/www.zytho.ca\/fr\/produit\/dixon-poc\/"]}]},{"@type":"ImageObject","inLanguage":"fr-FR","@id":"https:\/\/www.zytho.ca\/fr\/produit\/dixon-poc\/#primaryimage","url":"https:\/\/www.zytho.ca\/wp-content\/uploads\/2025\/10\/Cam-Groove-Adapter-Dixon.jpg","contentUrl":"https:\/\/www.zytho.ca\/wp-content\/uploads\/2025\/10\/Cam-Groove-Adapter-Dixon.jpg","width":296,"height":296},{"@type":"BreadcrumbList","@id":"https:\/\/www.zytho.ca\/fr\/produit\/dixon-poc\/#breadcrumb","itemListElement":[{"@type":"ListItem","position":1,"name":"Accueil","item":"https:\/\/www.zytho.ca\/fr\/"},{"@type":"ListItem","position":2,"name":"Shop","item":"https:\/\/www.zytho.ca\/fr\/shop\/"},{"@type":"ListItem","position":3,"name":"Cam &#038; Groove Adapter \u2013 Dixon"}]},{"@type":"WebSite","@id":"https:\/\/www.zytho.ca\/fr\/#website","url":"https:\/\/www.zytho.ca\/fr\/","name":"Zytho","description":"","publisher":{"@id":"https:\/\/www.zytho.ca\/fr\/#organization"},"potentialAction":[{"@type":"SearchAction","target":{"@type":"EntryPoint","urlTemplate":"https:\/\/www.zytho.ca\/fr\/?s={search_term_string}"},"query-input":{"@type":"PropertyValueSpecification","valueRequired":true,"valueName":"search_term_string"}}],"inLanguage":"fr-FR"},{"@type":"Organization","@id":"https:\/\/www.zytho.ca\/fr\/#organization","name":"Zytho","url":"https:\/\/www.zytho.ca\/fr\/","logo":{"@type":"ImageObject","inLanguage":"fr-FR","@id":"https:\/\/www.zytho.ca\/fr\/#\/schema\/logo\/image\/","url":"https:\/\/www.zytho.ca\/wp-content\/uploads\/2024\/05\/Zytho_reversed_horizontal.svg","contentUrl":"https:\/\/www.zytho.ca\/wp-content\/uploads\/2024\/05\/Zytho_reversed_horizontal.svg","width":1582,"height":490,"caption":"Zytho"},"image":{"@id":"https:\/\/www.zytho.ca\/fr\/#\/schema\/logo\/image\/"}}]}},"_links":{"self":[{"href":"https:\/\/www.zytho.ca\/fr\/wp-json\/wp\/v2\/product\/4355","targetHints":{"allow":["GET"]}}],"collection":[{"href":"https:\/\/www.zytho.ca\/fr\/wp-json\/wp\/v2\/product"}],"about":[{"href":"https:\/\/www.zytho.ca\/fr\/wp-json\/wp\/v2\/types\/product"}],"wp:featuredmedia":[{"embeddable":true,"href":"https:\/\/www.zytho.ca\/fr\/wp-json\/wp\/v2\/media\/4365"}],"wp:attachment":[{"href":"https:\/\/www.zytho.ca\/fr\/wp-json\/wp\/v2\/media?parent=4355"}],"wp:term":[{"taxonomy":"product_brand","embeddable":true,"href":"https:\/\/www.zytho.ca\/fr\/wp-json\/wp\/v2\/product_brand?post=4355"},{"taxonomy":"product_cat","embeddable":true,"href":"https:\/\/www.zytho.ca\/fr\/wp-json\/wp\/v2\/product_cat?post=4355"},{"taxonomy":"product_tag","embeddable":true,"href":"https:\/\/www.zytho.ca\/fr\/wp-json\/wp\/v2\/product_tag?post=4355"}],"curies":[{"name":"wp","href":"https:\/\/api.w.org\/{rel}","templated":true}]}}