{"id":18683,"date":"2026-02-18T19:44:42","date_gmt":"2026-02-18T19:44:42","guid":{"rendered":"https:\/\/zytho.ca\/product\/zytho-deox-systeme-de-desaeration-deau-en-ligne-eau-sans-o%e2%82%82\/"},"modified":"2026-02-18T19:53:46","modified_gmt":"2026-02-18T19:53:46","slug":"zytho-deox-systeme-de-desaeration-deau-en-ligne-eau-sans-o%e2%82%82","status":"publish","type":"product","link":"https:\/\/www.zytho.ca\/fr\/produit\/zytho-deox-systeme-de-desaeration-deau-en-ligne-eau-sans-o%e2%82%82\/","title":{"rendered":"Zytho DEOX \u2013 Syst\u00e8me de d\u00e9sa\u00e9ration d\u2019eau en ligne (eau sans O\u2082)"},"content":{"rendered":"","protected":false},"excerpt":{"rendered":"<p>Syst\u00e8me de d\u00e9sa\u00e9ration en ligne haute performance pour brasseries.<br data-start=\"337\" data-end=\"340\">\u00c9limination jusqu\u2019\u00e0 <strong data-start=\"360\" data-end=\"389\">99,71 % d\u2019oxyg\u00e8ne dissous<\/strong> pour le high-gravity brewing, les bi\u00e8res sans alcool et les RTD. Compact, modulaire et compatible CIP. <\/p>\n","protected":false},"featured_media":480,"template":"","meta":{"_acf_changed":false,"inline_featured_image":false},"product_brand":[],"product_cat":[732],"product_tag":[],"class_list":{"0":"post-18683","1":"product","2":"type-product","3":"status-publish","4":"has-post-thumbnail","6":"product_cat-materiel-de-debardage","8":"first","9":"instock","10":"taxable","11":"shipping-taxable","12":"product-type-simple"},"acf":[],"yoast_head":"<!-- This site is optimized with the Yoast SEO plugin v27.6 - https:\/\/yoast.com\/product\/yoast-seo-wordpress\/ -->\n<title>Zytho DEOX \u2013 Syst\u00e8me de d\u00e9sa\u00e9ration d\u2019eau en ligne (eau sans O\u2082) - Zytho<\/title>\n<meta name=\"robots\" content=\"index, follow, max-snippet:-1, max-image-preview:large, max-video-preview:-1\" \/>\n<link rel=\"canonical\" href=\"https:\/\/www.zytho.ca\/fr\/produit\/zytho-deox-systeme-de-desaeration-deau-en-ligne-eau-sans-o%e2%82%82\/\" \/>\n<meta property=\"og:locale\" content=\"fr_FR\" \/>\n<meta property=\"og:type\" content=\"article\" \/>\n<meta property=\"og:title\" content=\"Zytho DEOX \u2013 Syst\u00e8me de d\u00e9sa\u00e9ration d\u2019eau en ligne (eau sans O\u2082) - Zytho\" \/>\n<meta property=\"og:description\" content=\"Syst\u00e8me de d\u00e9sa\u00e9ration en ligne haute performance pour brasseries.\u00c9limination jusqu\u2019\u00e0 99,71 % d\u2019oxyg\u00e8ne dissous pour le high-gravity brewing, les bi\u00e8res sans alcool et les RTD. Compact, modulaire et compatible CIP.\" \/>\n<meta property=\"og:url\" content=\"https:\/\/www.zytho.ca\/fr\/produit\/zytho-deox-systeme-de-desaeration-deau-en-ligne-eau-sans-o%e2%82%82\/\" \/>\n<meta property=\"og:site_name\" content=\"Zytho\" \/>\n<meta property=\"article:modified_time\" content=\"2026-02-18T19:53:46+00:00\" \/>\n<meta property=\"og:image\" content=\"https:\/\/www.zytho.ca\/wp-content\/uploads\/2024\/05\/DEOX-Render-011.png\" \/>\n\t<meta property=\"og:image:width\" content=\"1024\" \/>\n\t<meta property=\"og:image:height\" content=\"790\" \/>\n\t<meta property=\"og:image:type\" content=\"image\/png\" \/>\n<meta name=\"twitter:card\" content=\"summary_large_image\" \/>\n<script type=\"application\/ld+json\" class=\"yoast-schema-graph\">{\"@context\":\"https:\\\/\\\/schema.org\",\"@graph\":[{\"@type\":\"WebPage\",\"@id\":\"https:\\\/\\\/www.zytho.ca\\\/fr\\\/produit\\\/zytho-deox-systeme-de-desaeration-deau-en-ligne-eau-sans-o%e2%82%82\\\/\",\"url\":\"https:\\\/\\\/www.zytho.ca\\\/fr\\\/produit\\\/zytho-deox-systeme-de-desaeration-deau-en-ligne-eau-sans-o%e2%82%82\\\/\",\"name\":\"Zytho DEOX \u2013 Syst\u00e8me de d\u00e9sa\u00e9ration d\u2019eau en ligne (eau sans O\u2082) - Zytho\",\"isPartOf\":{\"@id\":\"https:\\\/\\\/www.zytho.ca\\\/fr\\\/#website\"},\"primaryImageOfPage\":{\"@id\":\"https:\\\/\\\/www.zytho.ca\\\/fr\\\/produit\\\/zytho-deox-systeme-de-desaeration-deau-en-ligne-eau-sans-o%e2%82%82\\\/#primaryimage\"},\"image\":{\"@id\":\"https:\\\/\\\/www.zytho.ca\\\/fr\\\/produit\\\/zytho-deox-systeme-de-desaeration-deau-en-ligne-eau-sans-o%e2%82%82\\\/#primaryimage\"},\"thumbnailUrl\":\"https:\\\/\\\/www.zytho.ca\\\/wp-content\\\/uploads\\\/2024\\\/05\\\/DEOX-Render-011.png\",\"datePublished\":\"2026-02-18T19:44:42+00:00\",\"dateModified\":\"2026-02-18T19:53:46+00:00\",\"breadcrumb\":{\"@id\":\"https:\\\/\\\/www.zytho.ca\\\/fr\\\/produit\\\/zytho-deox-systeme-de-desaeration-deau-en-ligne-eau-sans-o%e2%82%82\\\/#breadcrumb\"},\"inLanguage\":\"fr-FR\",\"potentialAction\":[{\"@type\":\"ReadAction\",\"target\":[\"https:\\\/\\\/www.zytho.ca\\\/fr\\\/produit\\\/zytho-deox-systeme-de-desaeration-deau-en-ligne-eau-sans-o%e2%82%82\\\/\"]}]},{\"@type\":\"ImageObject\",\"inLanguage\":\"fr-FR\",\"@id\":\"https:\\\/\\\/www.zytho.ca\\\/fr\\\/produit\\\/zytho-deox-systeme-de-desaeration-deau-en-ligne-eau-sans-o%e2%82%82\\\/#primaryimage\",\"url\":\"https:\\\/\\\/www.zytho.ca\\\/wp-content\\\/uploads\\\/2024\\\/05\\\/DEOX-Render-011.png\",\"contentUrl\":\"https:\\\/\\\/www.zytho.ca\\\/wp-content\\\/uploads\\\/2024\\\/05\\\/DEOX-Render-011.png\",\"width\":1024,\"height\":790},{\"@type\":\"BreadcrumbList\",\"@id\":\"https:\\\/\\\/www.zytho.ca\\\/fr\\\/produit\\\/zytho-deox-systeme-de-desaeration-deau-en-ligne-eau-sans-o%e2%82%82\\\/#breadcrumb\",\"itemListElement\":[{\"@type\":\"ListItem\",\"position\":1,\"name\":\"Accueil\",\"item\":\"https:\\\/\\\/www.zytho.ca\\\/fr\\\/\"},{\"@type\":\"ListItem\",\"position\":2,\"name\":\"Shop\",\"item\":\"https:\\\/\\\/www.zytho.ca\\\/fr\\\/shop\\\/\"},{\"@type\":\"ListItem\",\"position\":3,\"name\":\"Zytho DEOX \u2013 Syst\u00e8me de d\u00e9sa\u00e9ration d\u2019eau en ligne (eau sans O\u2082)\"}]},{\"@type\":\"WebSite\",\"@id\":\"https:\\\/\\\/www.zytho.ca\\\/fr\\\/#website\",\"url\":\"https:\\\/\\\/www.zytho.ca\\\/fr\\\/\",\"name\":\"Zytho\",\"description\":\"\",\"publisher\":{\"@id\":\"https:\\\/\\\/www.zytho.ca\\\/fr\\\/#organization\"},\"potentialAction\":[{\"@type\":\"SearchAction\",\"target\":{\"@type\":\"EntryPoint\",\"urlTemplate\":\"https:\\\/\\\/www.zytho.ca\\\/fr\\\/?s={search_term_string}\"},\"query-input\":{\"@type\":\"PropertyValueSpecification\",\"valueRequired\":true,\"valueName\":\"search_term_string\"}}],\"inLanguage\":\"fr-FR\"},{\"@type\":\"Organization\",\"@id\":\"https:\\\/\\\/www.zytho.ca\\\/fr\\\/#organization\",\"name\":\"Zytho\",\"url\":\"https:\\\/\\\/www.zytho.ca\\\/fr\\\/\",\"logo\":{\"@type\":\"ImageObject\",\"inLanguage\":\"fr-FR\",\"@id\":\"https:\\\/\\\/www.zytho.ca\\\/fr\\\/#\\\/schema\\\/logo\\\/image\\\/\",\"url\":\"https:\\\/\\\/www.zytho.ca\\\/wp-content\\\/uploads\\\/2024\\\/05\\\/Zytho_reversed_horizontal.svg\",\"contentUrl\":\"https:\\\/\\\/www.zytho.ca\\\/wp-content\\\/uploads\\\/2024\\\/05\\\/Zytho_reversed_horizontal.svg\",\"width\":1582,\"height\":490,\"caption\":\"Zytho\"},\"image\":{\"@id\":\"https:\\\/\\\/www.zytho.ca\\\/fr\\\/#\\\/schema\\\/logo\\\/image\\\/\"}}]}<\/script>\n<!-- \/ Yoast SEO plugin. -->","yoast_head_json":{"title":"Zytho DEOX \u2013 Syst\u00e8me de d\u00e9sa\u00e9ration d\u2019eau en ligne (eau sans O\u2082) - Zytho","robots":{"index":"index","follow":"follow","max-snippet":"max-snippet:-1","max-image-preview":"max-image-preview:large","max-video-preview":"max-video-preview:-1"},"canonical":"https:\/\/www.zytho.ca\/fr\/produit\/zytho-deox-systeme-de-desaeration-deau-en-ligne-eau-sans-o%e2%82%82\/","og_locale":"fr_FR","og_type":"article","og_title":"Zytho DEOX \u2013 Syst\u00e8me de d\u00e9sa\u00e9ration d\u2019eau en ligne (eau sans O\u2082) - Zytho","og_description":"Syst\u00e8me de d\u00e9sa\u00e9ration en ligne haute performance pour brasseries.\u00c9limination jusqu\u2019\u00e0 99,71 % d\u2019oxyg\u00e8ne dissous pour le high-gravity brewing, les bi\u00e8res sans alcool et les RTD. Compact, modulaire et compatible CIP.","og_url":"https:\/\/www.zytho.ca\/fr\/produit\/zytho-deox-systeme-de-desaeration-deau-en-ligne-eau-sans-o%e2%82%82\/","og_site_name":"Zytho","article_modified_time":"2026-02-18T19:53:46+00:00","og_image":[{"width":1024,"height":790,"url":"https:\/\/www.zytho.ca\/wp-content\/uploads\/2024\/05\/DEOX-Render-011.png","type":"image\/png"}],"twitter_card":"summary_large_image","schema":{"@context":"https:\/\/schema.org","@graph":[{"@type":"WebPage","@id":"https:\/\/www.zytho.ca\/fr\/produit\/zytho-deox-systeme-de-desaeration-deau-en-ligne-eau-sans-o%e2%82%82\/","url":"https:\/\/www.zytho.ca\/fr\/produit\/zytho-deox-systeme-de-desaeration-deau-en-ligne-eau-sans-o%e2%82%82\/","name":"Zytho DEOX \u2013 Syst\u00e8me de d\u00e9sa\u00e9ration d\u2019eau en ligne (eau sans O\u2082) - Zytho","isPartOf":{"@id":"https:\/\/www.zytho.ca\/fr\/#website"},"primaryImageOfPage":{"@id":"https:\/\/www.zytho.ca\/fr\/produit\/zytho-deox-systeme-de-desaeration-deau-en-ligne-eau-sans-o%e2%82%82\/#primaryimage"},"image":{"@id":"https:\/\/www.zytho.ca\/fr\/produit\/zytho-deox-systeme-de-desaeration-deau-en-ligne-eau-sans-o%e2%82%82\/#primaryimage"},"thumbnailUrl":"https:\/\/www.zytho.ca\/wp-content\/uploads\/2024\/05\/DEOX-Render-011.png","datePublished":"2026-02-18T19:44:42+00:00","dateModified":"2026-02-18T19:53:46+00:00","breadcrumb":{"@id":"https:\/\/www.zytho.ca\/fr\/produit\/zytho-deox-systeme-de-desaeration-deau-en-ligne-eau-sans-o%e2%82%82\/#breadcrumb"},"inLanguage":"fr-FR","potentialAction":[{"@type":"ReadAction","target":["https:\/\/www.zytho.ca\/fr\/produit\/zytho-deox-systeme-de-desaeration-deau-en-ligne-eau-sans-o%e2%82%82\/"]}]},{"@type":"ImageObject","inLanguage":"fr-FR","@id":"https:\/\/www.zytho.ca\/fr\/produit\/zytho-deox-systeme-de-desaeration-deau-en-ligne-eau-sans-o%e2%82%82\/#primaryimage","url":"https:\/\/www.zytho.ca\/wp-content\/uploads\/2024\/05\/DEOX-Render-011.png","contentUrl":"https:\/\/www.zytho.ca\/wp-content\/uploads\/2024\/05\/DEOX-Render-011.png","width":1024,"height":790},{"@type":"BreadcrumbList","@id":"https:\/\/www.zytho.ca\/fr\/produit\/zytho-deox-systeme-de-desaeration-deau-en-ligne-eau-sans-o%e2%82%82\/#breadcrumb","itemListElement":[{"@type":"ListItem","position":1,"name":"Accueil","item":"https:\/\/www.zytho.ca\/fr\/"},{"@type":"ListItem","position":2,"name":"Shop","item":"https:\/\/www.zytho.ca\/fr\/shop\/"},{"@type":"ListItem","position":3,"name":"Zytho DEOX \u2013 Syst\u00e8me de d\u00e9sa\u00e9ration d\u2019eau en ligne (eau sans O\u2082)"}]},{"@type":"WebSite","@id":"https:\/\/www.zytho.ca\/fr\/#website","url":"https:\/\/www.zytho.ca\/fr\/","name":"Zytho","description":"","publisher":{"@id":"https:\/\/www.zytho.ca\/fr\/#organization"},"potentialAction":[{"@type":"SearchAction","target":{"@type":"EntryPoint","urlTemplate":"https:\/\/www.zytho.ca\/fr\/?s={search_term_string}"},"query-input":{"@type":"PropertyValueSpecification","valueRequired":true,"valueName":"search_term_string"}}],"inLanguage":"fr-FR"},{"@type":"Organization","@id":"https:\/\/www.zytho.ca\/fr\/#organization","name":"Zytho","url":"https:\/\/www.zytho.ca\/fr\/","logo":{"@type":"ImageObject","inLanguage":"fr-FR","@id":"https:\/\/www.zytho.ca\/fr\/#\/schema\/logo\/image\/","url":"https:\/\/www.zytho.ca\/wp-content\/uploads\/2024\/05\/Zytho_reversed_horizontal.svg","contentUrl":"https:\/\/www.zytho.ca\/wp-content\/uploads\/2024\/05\/Zytho_reversed_horizontal.svg","width":1582,"height":490,"caption":"Zytho"},"image":{"@id":"https:\/\/www.zytho.ca\/fr\/#\/schema\/logo\/image\/"}}]}},"_links":{"self":[{"href":"https:\/\/www.zytho.ca\/fr\/wp-json\/wp\/v2\/product\/18683","targetHints":{"allow":["GET"]}}],"collection":[{"href":"https:\/\/www.zytho.ca\/fr\/wp-json\/wp\/v2\/product"}],"about":[{"href":"https:\/\/www.zytho.ca\/fr\/wp-json\/wp\/v2\/types\/product"}],"wp:featuredmedia":[{"embeddable":true,"href":"https:\/\/www.zytho.ca\/fr\/wp-json\/wp\/v2\/media\/480"}],"wp:attachment":[{"href":"https:\/\/www.zytho.ca\/fr\/wp-json\/wp\/v2\/media?parent=18683"}],"wp:term":[{"taxonomy":"product_brand","embeddable":true,"href":"https:\/\/www.zytho.ca\/fr\/wp-json\/wp\/v2\/product_brand?post=18683"},{"taxonomy":"product_cat","embeddable":true,"href":"https:\/\/www.zytho.ca\/fr\/wp-json\/wp\/v2\/product_cat?post=18683"},{"taxonomy":"product_tag","embeddable":true,"href":"https:\/\/www.zytho.ca\/fr\/wp-json\/wp\/v2\/product_tag?post=18683"}],"curies":[{"name":"wp","href":"https:\/\/api.w.org\/{rel}","templated":true}]}}