{"id":18659,"date":"2026-02-16T19:47:31","date_gmt":"2026-02-16T19:47:31","guid":{"rendered":"https:\/\/zytho.ca\/?post_type=product&#038;p=18659"},"modified":"2026-02-16T19:52:37","modified_gmt":"2026-02-16T19:52:37","slug":"systeme-de-deaeration","status":"publish","type":"product","link":"https:\/\/www.zytho.ca\/fr\/produit\/systeme-de-deaeration\/","title":{"rendered":"Syst\u00e8me de D\u00e9a\u00e9ration \u2013 Zytho DEOX"},"content":{"rendered":"<h2 data-start=\"676\" data-end=\"712\">De l\u2019eau sans O\u2082. Sans compromis.<\/h2>\n<p data-start=\"714\" data-end=\"761\">En brasserie, l\u2019oxyg\u00e8ne est l\u2019ennemi invisible.<\/p>\n<p data-start=\"763\" data-end=\"910\">Le syst\u00e8me <strong data-start=\"774\" data-end=\"788\">Zytho DEOX<\/strong> permet de retirer presque tout l\u2019oxyg\u00e8ne dissous de l\u2019eau en ligne gr\u00e2ce \u00e0 la technologie de membranes haute performance.<\/p>\n<p data-start=\"912\" data-end=\"1003\">R\u00e9sultat :<br data-start=\"922\" data-end=\"925\" \/>\ud83d\udc49 Eau d\u00e9sa\u00e9r\u00e9e \u00e0 presque 100 %<br data-start=\"956\" data-end=\"959\" \/>\ud83d\udc49 DO contr\u00f4l\u00e9<br data-start=\"973\" data-end=\"976\" \/>\ud83d\udc49 Production plus stable<\/p>\n<blockquote data-start=\"1005\" data-end=\"1059\">\n<p data-start=\"1007\" data-end=\"1059\">P.S. : d\u00e9soxyg\u00e9n\u00e9e, d\u00e9sa\u00e9r\u00e9e\u2026 c\u2019est la m\u00eame chose \ud83d\ude09<\/p>\n<\/blockquote>\n<hr data-start=\"1061\" data-end=\"1064\" \/>\n<h2 data-start=\"1066\" data-end=\"1118\">Pourquoi utiliser de l\u2019eau d\u00e9a\u00e9r\u00e9e en brasserie ?<\/h2>\n<p data-start=\"1120\" data-end=\"1210\">L\u2019eau d\u00e9sa\u00e9r\u00e9e est essentielle pour les brasseries qui veulent passer au niveau sup\u00e9rieur.<\/p>\n<p data-start=\"1212\" data-end=\"1228\">Elle permet de :<\/p>\n<ul data-start=\"1230\" data-end=\"1485\">\n<li data-start=\"1230\" data-end=\"1314\">\n<p data-start=\"1232\" data-end=\"1314\">Doubler la productivit\u00e9 via la fermentation haute gravit\u00e9 (High Gravity Brewing)<\/p>\n<\/li>\n<li data-start=\"1315\" data-end=\"1377\">\n<p data-start=\"1317\" data-end=\"1377\">Produire des bi\u00e8res sans alcool, seltzers et pr\u00eats-\u00e0-boire<\/p>\n<\/li>\n<li data-start=\"1378\" data-end=\"1420\">\n<p data-start=\"1380\" data-end=\"1420\">R\u00e9duire le DO lors des pousses \u00e0 l\u2019eau<\/p>\n<\/li>\n<li data-start=\"1421\" data-end=\"1485\">\n<p data-start=\"1423\" data-end=\"1485\">\u00c9viter l\u2019oxydation lors de la dilution post-d\u00e9salcoolisation<\/p>\n<\/li>\n<\/ul>\n<p data-start=\"1487\" data-end=\"1577\">Ce n\u2019est pas un hasard si la majorit\u00e9 des grandes brasseries utilisent ce type de syst\u00e8me.<\/p>\n<hr data-start=\"1579\" data-end=\"1582\" \/>\n<h2 data-start=\"1584\" data-end=\"1628\">Une technologie moderne et \u00e9co\u00e9nerg\u00e9tique<\/h2>\n<p data-start=\"1630\" data-end=\"1673\">Avant, pour d\u00e9soxyg\u00e9ner l\u2019eau, il fallait :<\/p>\n<ul data-start=\"1675\" data-end=\"1738\">\n<li data-start=\"1675\" data-end=\"1693\">\n<p data-start=\"1677\" data-end=\"1693\">Bouillir l\u2019eau<\/p>\n<\/li>\n<li data-start=\"1694\" data-end=\"1738\">\n<p data-start=\"1696\" data-end=\"1738\">Utiliser des tours de d\u00e9sa\u00e9ration au CO\u2082<\/p>\n<\/li>\n<\/ul>\n<p data-start=\"1740\" data-end=\"1791\">Ces m\u00e9thodes sont \u00e9nergivores et gaspillent du gaz.<\/p>\n<p data-start=\"1793\" data-end=\"1951\">Le syst\u00e8me Zytho DEOX utilise la technologie des contacteurs membranaires <span class=\"hover:entity-accent entity-underline inline cursor-pointer align-baseline\"><span class=\"whitespace-normal\">Liqui-Cel<\/span><\/span> pour retirer jusqu\u2019\u00e0 <strong data-start=\"1926\" data-end=\"1950\">99,71 % de l\u2019oxyg\u00e8ne<\/strong>.<\/p>\n<p data-start=\"1953\" data-end=\"1999\">D\u00e9bit maximal :<br data-start=\"1968\" data-end=\"1971\" \/>\ud83d\udc49 Jusqu\u2019\u00e0 60 hl\/h (~26 gpm)<\/p>\n<p data-start=\"2001\" data-end=\"2085\">Production \u00e0 la demande.<br data-start=\"2025\" data-end=\"2028\" \/>Performance constante.<br data-start=\"2050\" data-end=\"2053\" \/>Faible consommation \u00e9nerg\u00e9tique.<\/p>\n<hr data-start=\"2087\" data-end=\"2090\" \/>\n<h2 data-start=\"2092\" data-end=\"2134\">Modulaire, compact et facile \u00e0 int\u00e9grer<\/h2>\n<p data-start=\"2136\" data-end=\"2148\">Le syst\u00e8me :<\/p>\n<ul data-start=\"2150\" data-end=\"2315\">\n<li data-start=\"2150\" data-end=\"2178\">\n<p data-start=\"2152\" data-end=\"2178\">Occupe tr\u00e8s peu d\u2019espace<\/p>\n<\/li>\n<li data-start=\"2179\" data-end=\"2207\">\n<p data-start=\"2181\" data-end=\"2207\">Peut \u00eatre fixe ou mobile<\/p>\n<\/li>\n<li data-start=\"2208\" data-end=\"2260\">\n<p data-start=\"2210\" data-end=\"2260\">Peut \u00eatre jumel\u00e9 \u00e0 une cuve tampon (buffer tank)<\/p>\n<\/li>\n<li data-start=\"2261\" data-end=\"2315\">\n<p data-start=\"2263\" data-end=\"2315\">Peut \u00eatre int\u00e9gr\u00e9 \u00e0 un syst\u00e8me de d\u00e9salcoolisation<\/p>\n<\/li>\n<\/ul>\n<p data-start=\"2317\" data-end=\"2365\">Ajout ou retrait de membranes selon vos besoins.<\/p>\n<p data-start=\"2367\" data-end=\"2425\">Vous l\u2019int\u00e9grez dans votre brasserie sans tout r\u00e9inventer.<\/p>\n","protected":false},"excerpt":{"rendered":"<p data-start=\"414\" data-end=\"566\">Obtenez une eau d\u00e9soxyg\u00e9n\u00e9e \u00e0 &gt;99,7 % en quelques minutes.<br data-start=\"472\" data-end=\"475\" \/>Id\u00e9al pour brassage haute gravit\u00e9, bi\u00e8res sans alcool, RTD et r\u00e9duction du DO en brasserie.<\/p>\n<p data-start=\"568\" data-end=\"624\">D\u00e9bit jusqu\u2019\u00e0 60 hl\/h.<br data-start=\"590\" data-end=\"593\" \/>Compact, modulaire et CIP-ab<\/p>\n","protected":false},"featured_media":1979,"template":"","meta":{"_acf_changed":false,"inline_featured_image":false},"product_brand":[],"product_cat":[30],"product_tag":[],"class_list":{"0":"post-18659","1":"product","2":"type-product","3":"status-publish","4":"has-post-thumbnail","6":"product_cat-uncategorized","8":"first","9":"instock","10":"taxable","11":"shipping-taxable","12":"product-type-simple"},"acf":[],"yoast_head":"<!-- This site is optimized with the Yoast SEO plugin v27.6 - https:\/\/yoast.com\/product\/yoast-seo-wordpress\/ -->\n<title>Syst\u00e8me de D\u00e9a\u00e9ration \u2013 Zytho DEOX - Zytho<\/title>\n<meta name=\"robots\" content=\"index, follow, max-snippet:-1, max-image-preview:large, max-video-preview:-1\" \/>\n<link rel=\"canonical\" href=\"https:\/\/www.zytho.ca\/fr\/produit\/systeme-de-deaeration\/\" \/>\n<meta property=\"og:locale\" content=\"fr_FR\" \/>\n<meta property=\"og:type\" content=\"article\" \/>\n<meta property=\"og:title\" content=\"Syst\u00e8me de D\u00e9a\u00e9ration \u2013 Zytho DEOX - Zytho\" \/>\n<meta property=\"og:description\" content=\"Obtenez une eau d\u00e9soxyg\u00e9n\u00e9e \u00e0 &gt;99,7 % en quelques minutes.Id\u00e9al pour brassage haute gravit\u00e9, bi\u00e8res sans alcool, RTD et r\u00e9duction du DO en brasserie. D\u00e9bit jusqu\u2019\u00e0 60 hl\/h.Compact, modulaire et CIP-ab\" \/>\n<meta property=\"og:url\" content=\"https:\/\/www.zytho.ca\/fr\/produit\/systeme-de-deaeration\/\" \/>\n<meta property=\"og:site_name\" content=\"Zytho\" \/>\n<meta property=\"article:modified_time\" content=\"2026-02-16T19:52:37+00:00\" \/>\n<meta property=\"og:image\" content=\"https:\/\/www.zytho.ca\/wp-content\/uploads\/2024\/05\/DEOX-Render-011.png\" \/>\n\t<meta property=\"og:image:width\" content=\"1024\" \/>\n\t<meta property=\"og:image:height\" content=\"790\" \/>\n\t<meta property=\"og:image:type\" content=\"image\/png\" \/>\n<meta name=\"twitter:card\" content=\"summary_large_image\" \/>\n<meta name=\"twitter:label1\" content=\"Dur\u00e9e de lecture estim\u00e9e\" \/>\n\t<meta name=\"twitter:data1\" content=\"2 minutes\" \/>\n<script type=\"application\/ld+json\" class=\"yoast-schema-graph\">{\"@context\":\"https:\\\/\\\/schema.org\",\"@graph\":[{\"@type\":\"WebPage\",\"@id\":\"https:\\\/\\\/www.zytho.ca\\\/fr\\\/produit\\\/systeme-de-deaeration\\\/\",\"url\":\"https:\\\/\\\/www.zytho.ca\\\/fr\\\/produit\\\/systeme-de-deaeration\\\/\",\"name\":\"Syst\u00e8me de D\u00e9a\u00e9ration \u2013 Zytho DEOX - Zytho\",\"isPartOf\":{\"@id\":\"https:\\\/\\\/www.zytho.ca\\\/fr\\\/#website\"},\"primaryImageOfPage\":{\"@id\":\"https:\\\/\\\/www.zytho.ca\\\/fr\\\/produit\\\/systeme-de-deaeration\\\/#primaryimage\"},\"image\":{\"@id\":\"https:\\\/\\\/www.zytho.ca\\\/fr\\\/produit\\\/systeme-de-deaeration\\\/#primaryimage\"},\"thumbnailUrl\":\"https:\\\/\\\/www.zytho.ca\\\/wp-content\\\/uploads\\\/2024\\\/05\\\/DEOX-Render-011.png\",\"datePublished\":\"2026-02-16T19:47:31+00:00\",\"dateModified\":\"2026-02-16T19:52:37+00:00\",\"breadcrumb\":{\"@id\":\"https:\\\/\\\/www.zytho.ca\\\/fr\\\/produit\\\/systeme-de-deaeration\\\/#breadcrumb\"},\"inLanguage\":\"fr-FR\",\"potentialAction\":[{\"@type\":\"ReadAction\",\"target\":[\"https:\\\/\\\/www.zytho.ca\\\/fr\\\/produit\\\/systeme-de-deaeration\\\/\"]}]},{\"@type\":\"ImageObject\",\"inLanguage\":\"fr-FR\",\"@id\":\"https:\\\/\\\/www.zytho.ca\\\/fr\\\/produit\\\/systeme-de-deaeration\\\/#primaryimage\",\"url\":\"https:\\\/\\\/www.zytho.ca\\\/wp-content\\\/uploads\\\/2024\\\/05\\\/DEOX-Render-011.png\",\"contentUrl\":\"https:\\\/\\\/www.zytho.ca\\\/wp-content\\\/uploads\\\/2024\\\/05\\\/DEOX-Render-011.png\",\"width\":1024,\"height\":790},{\"@type\":\"BreadcrumbList\",\"@id\":\"https:\\\/\\\/www.zytho.ca\\\/fr\\\/produit\\\/systeme-de-deaeration\\\/#breadcrumb\",\"itemListElement\":[{\"@type\":\"ListItem\",\"position\":1,\"name\":\"Accueil\",\"item\":\"https:\\\/\\\/www.zytho.ca\\\/fr\\\/\"},{\"@type\":\"ListItem\",\"position\":2,\"name\":\"Shop\",\"item\":\"https:\\\/\\\/www.zytho.ca\\\/fr\\\/shop\\\/\"},{\"@type\":\"ListItem\",\"position\":3,\"name\":\"Syst\u00e8me de D\u00e9a\u00e9ration \u2013 Zytho DEOX\"}]},{\"@type\":\"WebSite\",\"@id\":\"https:\\\/\\\/www.zytho.ca\\\/fr\\\/#website\",\"url\":\"https:\\\/\\\/www.zytho.ca\\\/fr\\\/\",\"name\":\"Zytho\",\"description\":\"\",\"publisher\":{\"@id\":\"https:\\\/\\\/www.zytho.ca\\\/fr\\\/#organization\"},\"potentialAction\":[{\"@type\":\"SearchAction\",\"target\":{\"@type\":\"EntryPoint\",\"urlTemplate\":\"https:\\\/\\\/www.zytho.ca\\\/fr\\\/?s={search_term_string}\"},\"query-input\":{\"@type\":\"PropertyValueSpecification\",\"valueRequired\":true,\"valueName\":\"search_term_string\"}}],\"inLanguage\":\"fr-FR\"},{\"@type\":\"Organization\",\"@id\":\"https:\\\/\\\/www.zytho.ca\\\/fr\\\/#organization\",\"name\":\"Zytho\",\"url\":\"https:\\\/\\\/www.zytho.ca\\\/fr\\\/\",\"logo\":{\"@type\":\"ImageObject\",\"inLanguage\":\"fr-FR\",\"@id\":\"https:\\\/\\\/www.zytho.ca\\\/fr\\\/#\\\/schema\\\/logo\\\/image\\\/\",\"url\":\"https:\\\/\\\/www.zytho.ca\\\/wp-content\\\/uploads\\\/2024\\\/05\\\/Zytho_reversed_horizontal.svg\",\"contentUrl\":\"https:\\\/\\\/www.zytho.ca\\\/wp-content\\\/uploads\\\/2024\\\/05\\\/Zytho_reversed_horizontal.svg\",\"width\":1582,\"height\":490,\"caption\":\"Zytho\"},\"image\":{\"@id\":\"https:\\\/\\\/www.zytho.ca\\\/fr\\\/#\\\/schema\\\/logo\\\/image\\\/\"}}]}<\/script>\n<!-- \/ Yoast SEO plugin. -->","yoast_head_json":{"title":"Syst\u00e8me de D\u00e9a\u00e9ration \u2013 Zytho DEOX - Zytho","robots":{"index":"index","follow":"follow","max-snippet":"max-snippet:-1","max-image-preview":"max-image-preview:large","max-video-preview":"max-video-preview:-1"},"canonical":"https:\/\/www.zytho.ca\/fr\/produit\/systeme-de-deaeration\/","og_locale":"fr_FR","og_type":"article","og_title":"Syst\u00e8me de D\u00e9a\u00e9ration \u2013 Zytho DEOX - Zytho","og_description":"Obtenez une eau d\u00e9soxyg\u00e9n\u00e9e \u00e0 &gt;99,7 % en quelques minutes.Id\u00e9al pour brassage haute gravit\u00e9, bi\u00e8res sans alcool, RTD et r\u00e9duction du DO en brasserie. D\u00e9bit jusqu\u2019\u00e0 60 hl\/h.Compact, modulaire et CIP-ab","og_url":"https:\/\/www.zytho.ca\/fr\/produit\/systeme-de-deaeration\/","og_site_name":"Zytho","article_modified_time":"2026-02-16T19:52:37+00:00","og_image":[{"width":1024,"height":790,"url":"https:\/\/www.zytho.ca\/wp-content\/uploads\/2024\/05\/DEOX-Render-011.png","type":"image\/png"}],"twitter_card":"summary_large_image","twitter_misc":{"Dur\u00e9e de lecture estim\u00e9e":"2 minutes"},"schema":{"@context":"https:\/\/schema.org","@graph":[{"@type":"WebPage","@id":"https:\/\/www.zytho.ca\/fr\/produit\/systeme-de-deaeration\/","url":"https:\/\/www.zytho.ca\/fr\/produit\/systeme-de-deaeration\/","name":"Syst\u00e8me de D\u00e9a\u00e9ration \u2013 Zytho DEOX - Zytho","isPartOf":{"@id":"https:\/\/www.zytho.ca\/fr\/#website"},"primaryImageOfPage":{"@id":"https:\/\/www.zytho.ca\/fr\/produit\/systeme-de-deaeration\/#primaryimage"},"image":{"@id":"https:\/\/www.zytho.ca\/fr\/produit\/systeme-de-deaeration\/#primaryimage"},"thumbnailUrl":"https:\/\/www.zytho.ca\/wp-content\/uploads\/2024\/05\/DEOX-Render-011.png","datePublished":"2026-02-16T19:47:31+00:00","dateModified":"2026-02-16T19:52:37+00:00","breadcrumb":{"@id":"https:\/\/www.zytho.ca\/fr\/produit\/systeme-de-deaeration\/#breadcrumb"},"inLanguage":"fr-FR","potentialAction":[{"@type":"ReadAction","target":["https:\/\/www.zytho.ca\/fr\/produit\/systeme-de-deaeration\/"]}]},{"@type":"ImageObject","inLanguage":"fr-FR","@id":"https:\/\/www.zytho.ca\/fr\/produit\/systeme-de-deaeration\/#primaryimage","url":"https:\/\/www.zytho.ca\/wp-content\/uploads\/2024\/05\/DEOX-Render-011.png","contentUrl":"https:\/\/www.zytho.ca\/wp-content\/uploads\/2024\/05\/DEOX-Render-011.png","width":1024,"height":790},{"@type":"BreadcrumbList","@id":"https:\/\/www.zytho.ca\/fr\/produit\/systeme-de-deaeration\/#breadcrumb","itemListElement":[{"@type":"ListItem","position":1,"name":"Accueil","item":"https:\/\/www.zytho.ca\/fr\/"},{"@type":"ListItem","position":2,"name":"Shop","item":"https:\/\/www.zytho.ca\/fr\/shop\/"},{"@type":"ListItem","position":3,"name":"Syst\u00e8me de D\u00e9a\u00e9ration \u2013 Zytho DEOX"}]},{"@type":"WebSite","@id":"https:\/\/www.zytho.ca\/fr\/#website","url":"https:\/\/www.zytho.ca\/fr\/","name":"Zytho","description":"","publisher":{"@id":"https:\/\/www.zytho.ca\/fr\/#organization"},"potentialAction":[{"@type":"SearchAction","target":{"@type":"EntryPoint","urlTemplate":"https:\/\/www.zytho.ca\/fr\/?s={search_term_string}"},"query-input":{"@type":"PropertyValueSpecification","valueRequired":true,"valueName":"search_term_string"}}],"inLanguage":"fr-FR"},{"@type":"Organization","@id":"https:\/\/www.zytho.ca\/fr\/#organization","name":"Zytho","url":"https:\/\/www.zytho.ca\/fr\/","logo":{"@type":"ImageObject","inLanguage":"fr-FR","@id":"https:\/\/www.zytho.ca\/fr\/#\/schema\/logo\/image\/","url":"https:\/\/www.zytho.ca\/wp-content\/uploads\/2024\/05\/Zytho_reversed_horizontal.svg","contentUrl":"https:\/\/www.zytho.ca\/wp-content\/uploads\/2024\/05\/Zytho_reversed_horizontal.svg","width":1582,"height":490,"caption":"Zytho"},"image":{"@id":"https:\/\/www.zytho.ca\/fr\/#\/schema\/logo\/image\/"}}]}},"_links":{"self":[{"href":"https:\/\/www.zytho.ca\/fr\/wp-json\/wp\/v2\/product\/18659","targetHints":{"allow":["GET"]}}],"collection":[{"href":"https:\/\/www.zytho.ca\/fr\/wp-json\/wp\/v2\/product"}],"about":[{"href":"https:\/\/www.zytho.ca\/fr\/wp-json\/wp\/v2\/types\/product"}],"wp:featuredmedia":[{"embeddable":true,"href":"https:\/\/www.zytho.ca\/fr\/wp-json\/wp\/v2\/media\/1979"}],"wp:attachment":[{"href":"https:\/\/www.zytho.ca\/fr\/wp-json\/wp\/v2\/media?parent=18659"}],"wp:term":[{"taxonomy":"product_brand","embeddable":true,"href":"https:\/\/www.zytho.ca\/fr\/wp-json\/wp\/v2\/product_brand?post=18659"},{"taxonomy":"product_cat","embeddable":true,"href":"https:\/\/www.zytho.ca\/fr\/wp-json\/wp\/v2\/product_cat?post=18659"},{"taxonomy":"product_tag","embeddable":true,"href":"https:\/\/www.zytho.ca\/fr\/wp-json\/wp\/v2\/product_tag?post=18659"}],"curies":[{"name":"wp","href":"https:\/\/api.w.org\/{rel}","templated":true}]}}