{"id":16646,"date":"2025-10-27T15:57:41","date_gmt":"2025-10-27T15:57:41","guid":{"rendered":"https:\/\/zytho.ca\/product\/14wmx-schedule-5s-et-10s-ferrules-a-soudure-courte\/"},"modified":"2025-11-10T14:15:45","modified_gmt":"2025-11-10T14:15:45","slug":"14wmx-schedule-5s-et-10s-ferrules-a-soudure-courte","status":"publish","type":"product","link":"https:\/\/www.zytho.ca\/fr\/produit\/14wmx-schedule-5s-et-10s-ferrules-a-soudure-courte\/","title":{"rendered":"14WMX Schedule 5S et 10S Ferrules \u00e0 soudure courte"},"content":{"rendered":"<h6><strong>Les raccords pour tubes Schedule ne sont pas aussi courants que les raccords pour tubes sanitaires.<\/strong><\/h6>\n<h6><strong>Sp\u00e9cifications :<\/strong><\/h6>\n<ul>\n<li>3-A Normes sanitaires pour les raccords sanitaires, num\u00e9ro 63-03 (autorisation num\u00e9ro 621).<\/li>\n<\/ul>\n<h6><strong>Construction :<\/strong><\/h6>\n<ul>\n<li>3A finition sanitaire ID et OD<\/li>\n<\/ul>\n<h6><strong>Certifications :<\/strong><\/h6>\n<ul>\n<li><a href=\"https:\/\/www.dixonvalve.com\/sites\/default\/files\/product\/certifications\/621%2063-04-2020.pdf\">Certificat 3A<\/a><\/li>\n<\/ul>\n<h6><strong>Page de catalogue :<\/strong><\/h6>\n<ul>\n<li><a href=\"https:\/\/www.dixonvalve.com\/sites\/default\/files\/product\/pages\/us\/DPL418%20-%20599.pdf\">DPL418 &#8211; 599<\/a><\/li>\n<\/ul>\n<h6><strong>Sp\u00e9cifications dimensionnelles :<\/strong><\/h6>\n<ul>\n<li>5S &#8211; <a href=\"https:\/\/www.dixonvalve.com\/sites\/default\/files\/product\/files\/dimensional-specs\/14WMV-R100.PDF\">Sp\u00e9cifications dimensionnelles<\/a><\/li>\n<li>10S &#8211; <a href=\"https:\/\/www.dixonvalve.com\/sites\/default\/files\/product\/files\/dimensional-specs\/14WMX-R100.PDF\">Sp\u00e9cifications dimensionnelles<\/a><\/li>\n<\/ul>\n","protected":false},"excerpt":{"rendered":"<h4>Principaux avantages des ferrures \u00e0 souder courtes 14WMX Schedule 5S et 10S pour les brasseurs professionnels<\/h4>\n<ul>\n<li>Conforme aux normes sanitaires 3-A, garantissant une hygi\u00e8ne et une s\u00e9curit\u00e9 \u00e9lev\u00e9es dans les processus de brassage.<\/li>\n<li>La finition sanitaire 3A \u00e0 l&#8217;int\u00e9rieur et \u00e0 l&#8217;ext\u00e9rieur facilite le nettoyage et l&#8217;entretien.<\/li>\n<li>Le certificat 3A garantit la qualit\u00e9 et la fiabilit\u00e9 dans les environnements de brassage les plus exigeants.<\/li>\n<\/ul>\n","protected":false},"featured_media":14110,"template":"","meta":{"_acf_changed":false,"inline_featured_image":false},"product_brand":[740],"product_cat":[736,741,765],"product_tag":[],"class_list":{"0":"post-16646","1":"product","2":"type-product","3":"status-publish","4":"has-post-thumbnail","6":"product_brand-dixon","7":"product_cat-distribution","8":"product_cat-materiel","9":"product_cat-raccords-sanitaires","11":"first","12":"instock","13":"taxable","14":"shipping-taxable","15":"purchasable","16":"product-type-variable"},"acf":[],"yoast_head":"<!-- This site is optimized with the Yoast SEO plugin v27.6 - https:\/\/yoast.com\/product\/yoast-seo-wordpress\/ -->\n<title>14WMX Schedule 5S et 10S Ferrules \u00e0 soudure courte - Zytho<\/title>\n<meta name=\"robots\" content=\"index, follow, max-snippet:-1, max-image-preview:large, max-video-preview:-1\" \/>\n<link rel=\"canonical\" href=\"https:\/\/www.zytho.ca\/fr\/produit\/14wmx-schedule-5s-et-10s-ferrules-a-soudure-courte\/\" \/>\n<meta property=\"og:locale\" content=\"fr_FR\" \/>\n<meta property=\"og:type\" content=\"article\" \/>\n<meta property=\"og:title\" content=\"14WMX Schedule 5S et 10S Ferrules \u00e0 soudure courte - Zytho\" \/>\n<meta property=\"og:description\" content=\"Principaux avantages des ferrures \u00e0 souder courtes 14WMX Schedule 5S et 10S pour les brasseurs professionnels  Conforme aux normes sanitaires 3-A, garantissant une hygi\u00e8ne et une s\u00e9curit\u00e9 \u00e9lev\u00e9es dans les processus de brassage.  La finition sanitaire 3A \u00e0 l&#039;int\u00e9rieur et \u00e0 l&#039;ext\u00e9rieur facilite le nettoyage et l&#039;entretien.  Le certificat 3A garantit la qualit\u00e9 et la fiabilit\u00e9 dans les environnements de brassage les plus exigeants.\" \/>\n<meta property=\"og:url\" content=\"https:\/\/www.zytho.ca\/fr\/produit\/14wmx-schedule-5s-et-10s-ferrules-a-soudure-courte\/\" \/>\n<meta property=\"og:site_name\" content=\"Zytho\" \/>\n<meta property=\"article:modified_time\" content=\"2025-11-10T14:15:45+00:00\" \/>\n<meta property=\"og:image\" content=\"https:\/\/www.zytho.ca\/wp-content\/uploads\/2025\/10\/14WMX-Schedule-5S-and-10S-Short-Weld-Ferrules-Dixon.jpg\" \/>\n\t<meta property=\"og:image:width\" content=\"448\" \/>\n\t<meta property=\"og:image:height\" content=\"448\" \/>\n\t<meta property=\"og:image:type\" content=\"image\/jpeg\" \/>\n<meta name=\"twitter:card\" content=\"summary_large_image\" \/>\n<meta name=\"twitter:label1\" content=\"Dur\u00e9e de lecture estim\u00e9e\" \/>\n\t<meta name=\"twitter:data1\" content=\"1 minute\" \/>\n<script type=\"application\/ld+json\" class=\"yoast-schema-graph\">{\"@context\":\"https:\\\/\\\/schema.org\",\"@graph\":[{\"@type\":\"WebPage\",\"@id\":\"https:\\\/\\\/www.zytho.ca\\\/fr\\\/produit\\\/14wmx-schedule-5s-et-10s-ferrules-a-soudure-courte\\\/\",\"url\":\"https:\\\/\\\/www.zytho.ca\\\/fr\\\/produit\\\/14wmx-schedule-5s-et-10s-ferrules-a-soudure-courte\\\/\",\"name\":\"14WMX Schedule 5S et 10S Ferrules \u00e0 soudure courte - Zytho\",\"isPartOf\":{\"@id\":\"https:\\\/\\\/www.zytho.ca\\\/fr\\\/#website\"},\"primaryImageOfPage\":{\"@id\":\"https:\\\/\\\/www.zytho.ca\\\/fr\\\/produit\\\/14wmx-schedule-5s-et-10s-ferrules-a-soudure-courte\\\/#primaryimage\"},\"image\":{\"@id\":\"https:\\\/\\\/www.zytho.ca\\\/fr\\\/produit\\\/14wmx-schedule-5s-et-10s-ferrules-a-soudure-courte\\\/#primaryimage\"},\"thumbnailUrl\":\"https:\\\/\\\/www.zytho.ca\\\/wp-content\\\/uploads\\\/2025\\\/10\\\/14WMX-Schedule-5S-and-10S-Short-Weld-Ferrules-Dixon.jpg\",\"datePublished\":\"2025-10-27T15:57:41+00:00\",\"dateModified\":\"2025-11-10T14:15:45+00:00\",\"breadcrumb\":{\"@id\":\"https:\\\/\\\/www.zytho.ca\\\/fr\\\/produit\\\/14wmx-schedule-5s-et-10s-ferrules-a-soudure-courte\\\/#breadcrumb\"},\"inLanguage\":\"fr-FR\",\"potentialAction\":[{\"@type\":\"ReadAction\",\"target\":[\"https:\\\/\\\/www.zytho.ca\\\/fr\\\/produit\\\/14wmx-schedule-5s-et-10s-ferrules-a-soudure-courte\\\/\"]}]},{\"@type\":\"ImageObject\",\"inLanguage\":\"fr-FR\",\"@id\":\"https:\\\/\\\/www.zytho.ca\\\/fr\\\/produit\\\/14wmx-schedule-5s-et-10s-ferrules-a-soudure-courte\\\/#primaryimage\",\"url\":\"https:\\\/\\\/www.zytho.ca\\\/wp-content\\\/uploads\\\/2025\\\/10\\\/14WMX-Schedule-5S-and-10S-Short-Weld-Ferrules-Dixon.jpg\",\"contentUrl\":\"https:\\\/\\\/www.zytho.ca\\\/wp-content\\\/uploads\\\/2025\\\/10\\\/14WMX-Schedule-5S-and-10S-Short-Weld-Ferrules-Dixon.jpg\",\"width\":448,\"height\":448},{\"@type\":\"BreadcrumbList\",\"@id\":\"https:\\\/\\\/www.zytho.ca\\\/fr\\\/produit\\\/14wmx-schedule-5s-et-10s-ferrules-a-soudure-courte\\\/#breadcrumb\",\"itemListElement\":[{\"@type\":\"ListItem\",\"position\":1,\"name\":\"Accueil\",\"item\":\"https:\\\/\\\/www.zytho.ca\\\/fr\\\/\"},{\"@type\":\"ListItem\",\"position\":2,\"name\":\"Shop\",\"item\":\"https:\\\/\\\/www.zytho.ca\\\/fr\\\/shop\\\/\"},{\"@type\":\"ListItem\",\"position\":3,\"name\":\"14WMX Schedule 5S et 10S Ferrules \u00e0 soudure courte\"}]},{\"@type\":\"WebSite\",\"@id\":\"https:\\\/\\\/www.zytho.ca\\\/fr\\\/#website\",\"url\":\"https:\\\/\\\/www.zytho.ca\\\/fr\\\/\",\"name\":\"Zytho\",\"description\":\"\",\"publisher\":{\"@id\":\"https:\\\/\\\/www.zytho.ca\\\/fr\\\/#organization\"},\"potentialAction\":[{\"@type\":\"SearchAction\",\"target\":{\"@type\":\"EntryPoint\",\"urlTemplate\":\"https:\\\/\\\/www.zytho.ca\\\/fr\\\/?s={search_term_string}\"},\"query-input\":{\"@type\":\"PropertyValueSpecification\",\"valueRequired\":true,\"valueName\":\"search_term_string\"}}],\"inLanguage\":\"fr-FR\"},{\"@type\":\"Organization\",\"@id\":\"https:\\\/\\\/www.zytho.ca\\\/fr\\\/#organization\",\"name\":\"Zytho\",\"url\":\"https:\\\/\\\/www.zytho.ca\\\/fr\\\/\",\"logo\":{\"@type\":\"ImageObject\",\"inLanguage\":\"fr-FR\",\"@id\":\"https:\\\/\\\/www.zytho.ca\\\/fr\\\/#\\\/schema\\\/logo\\\/image\\\/\",\"url\":\"https:\\\/\\\/www.zytho.ca\\\/wp-content\\\/uploads\\\/2024\\\/05\\\/Zytho_reversed_horizontal.svg\",\"contentUrl\":\"https:\\\/\\\/www.zytho.ca\\\/wp-content\\\/uploads\\\/2024\\\/05\\\/Zytho_reversed_horizontal.svg\",\"width\":1582,\"height\":490,\"caption\":\"Zytho\"},\"image\":{\"@id\":\"https:\\\/\\\/www.zytho.ca\\\/fr\\\/#\\\/schema\\\/logo\\\/image\\\/\"}}]}<\/script>\n<!-- \/ Yoast SEO plugin. -->","yoast_head_json":{"title":"14WMX Schedule 5S et 10S Ferrules \u00e0 soudure courte - Zytho","robots":{"index":"index","follow":"follow","max-snippet":"max-snippet:-1","max-image-preview":"max-image-preview:large","max-video-preview":"max-video-preview:-1"},"canonical":"https:\/\/www.zytho.ca\/fr\/produit\/14wmx-schedule-5s-et-10s-ferrules-a-soudure-courte\/","og_locale":"fr_FR","og_type":"article","og_title":"14WMX Schedule 5S et 10S Ferrules \u00e0 soudure courte - Zytho","og_description":"Principaux avantages des ferrures \u00e0 souder courtes 14WMX Schedule 5S et 10S pour les brasseurs professionnels  Conforme aux normes sanitaires 3-A, garantissant une hygi\u00e8ne et une s\u00e9curit\u00e9 \u00e9lev\u00e9es dans les processus de brassage.  La finition sanitaire 3A \u00e0 l'int\u00e9rieur et \u00e0 l'ext\u00e9rieur facilite le nettoyage et l'entretien.  Le certificat 3A garantit la qualit\u00e9 et la fiabilit\u00e9 dans les environnements de brassage les plus exigeants.","og_url":"https:\/\/www.zytho.ca\/fr\/produit\/14wmx-schedule-5s-et-10s-ferrules-a-soudure-courte\/","og_site_name":"Zytho","article_modified_time":"2025-11-10T14:15:45+00:00","og_image":[{"width":448,"height":448,"url":"https:\/\/www.zytho.ca\/wp-content\/uploads\/2025\/10\/14WMX-Schedule-5S-and-10S-Short-Weld-Ferrules-Dixon.jpg","type":"image\/jpeg"}],"twitter_card":"summary_large_image","twitter_misc":{"Dur\u00e9e de lecture estim\u00e9e":"1 minute"},"schema":{"@context":"https:\/\/schema.org","@graph":[{"@type":"WebPage","@id":"https:\/\/www.zytho.ca\/fr\/produit\/14wmx-schedule-5s-et-10s-ferrules-a-soudure-courte\/","url":"https:\/\/www.zytho.ca\/fr\/produit\/14wmx-schedule-5s-et-10s-ferrules-a-soudure-courte\/","name":"14WMX Schedule 5S et 10S Ferrules \u00e0 soudure courte - Zytho","isPartOf":{"@id":"https:\/\/www.zytho.ca\/fr\/#website"},"primaryImageOfPage":{"@id":"https:\/\/www.zytho.ca\/fr\/produit\/14wmx-schedule-5s-et-10s-ferrules-a-soudure-courte\/#primaryimage"},"image":{"@id":"https:\/\/www.zytho.ca\/fr\/produit\/14wmx-schedule-5s-et-10s-ferrules-a-soudure-courte\/#primaryimage"},"thumbnailUrl":"https:\/\/www.zytho.ca\/wp-content\/uploads\/2025\/10\/14WMX-Schedule-5S-and-10S-Short-Weld-Ferrules-Dixon.jpg","datePublished":"2025-10-27T15:57:41+00:00","dateModified":"2025-11-10T14:15:45+00:00","breadcrumb":{"@id":"https:\/\/www.zytho.ca\/fr\/produit\/14wmx-schedule-5s-et-10s-ferrules-a-soudure-courte\/#breadcrumb"},"inLanguage":"fr-FR","potentialAction":[{"@type":"ReadAction","target":["https:\/\/www.zytho.ca\/fr\/produit\/14wmx-schedule-5s-et-10s-ferrules-a-soudure-courte\/"]}]},{"@type":"ImageObject","inLanguage":"fr-FR","@id":"https:\/\/www.zytho.ca\/fr\/produit\/14wmx-schedule-5s-et-10s-ferrules-a-soudure-courte\/#primaryimage","url":"https:\/\/www.zytho.ca\/wp-content\/uploads\/2025\/10\/14WMX-Schedule-5S-and-10S-Short-Weld-Ferrules-Dixon.jpg","contentUrl":"https:\/\/www.zytho.ca\/wp-content\/uploads\/2025\/10\/14WMX-Schedule-5S-and-10S-Short-Weld-Ferrules-Dixon.jpg","width":448,"height":448},{"@type":"BreadcrumbList","@id":"https:\/\/www.zytho.ca\/fr\/produit\/14wmx-schedule-5s-et-10s-ferrules-a-soudure-courte\/#breadcrumb","itemListElement":[{"@type":"ListItem","position":1,"name":"Accueil","item":"https:\/\/www.zytho.ca\/fr\/"},{"@type":"ListItem","position":2,"name":"Shop","item":"https:\/\/www.zytho.ca\/fr\/shop\/"},{"@type":"ListItem","position":3,"name":"14WMX Schedule 5S et 10S Ferrules \u00e0 soudure courte"}]},{"@type":"WebSite","@id":"https:\/\/www.zytho.ca\/fr\/#website","url":"https:\/\/www.zytho.ca\/fr\/","name":"Zytho","description":"","publisher":{"@id":"https:\/\/www.zytho.ca\/fr\/#organization"},"potentialAction":[{"@type":"SearchAction","target":{"@type":"EntryPoint","urlTemplate":"https:\/\/www.zytho.ca\/fr\/?s={search_term_string}"},"query-input":{"@type":"PropertyValueSpecification","valueRequired":true,"valueName":"search_term_string"}}],"inLanguage":"fr-FR"},{"@type":"Organization","@id":"https:\/\/www.zytho.ca\/fr\/#organization","name":"Zytho","url":"https:\/\/www.zytho.ca\/fr\/","logo":{"@type":"ImageObject","inLanguage":"fr-FR","@id":"https:\/\/www.zytho.ca\/fr\/#\/schema\/logo\/image\/","url":"https:\/\/www.zytho.ca\/wp-content\/uploads\/2024\/05\/Zytho_reversed_horizontal.svg","contentUrl":"https:\/\/www.zytho.ca\/wp-content\/uploads\/2024\/05\/Zytho_reversed_horizontal.svg","width":1582,"height":490,"caption":"Zytho"},"image":{"@id":"https:\/\/www.zytho.ca\/fr\/#\/schema\/logo\/image\/"}}]}},"_links":{"self":[{"href":"https:\/\/www.zytho.ca\/fr\/wp-json\/wp\/v2\/product\/16646","targetHints":{"allow":["GET"]}}],"collection":[{"href":"https:\/\/www.zytho.ca\/fr\/wp-json\/wp\/v2\/product"}],"about":[{"href":"https:\/\/www.zytho.ca\/fr\/wp-json\/wp\/v2\/types\/product"}],"wp:featuredmedia":[{"embeddable":true,"href":"https:\/\/www.zytho.ca\/fr\/wp-json\/wp\/v2\/media\/14110"}],"wp:attachment":[{"href":"https:\/\/www.zytho.ca\/fr\/wp-json\/wp\/v2\/media?parent=16646"}],"wp:term":[{"taxonomy":"product_brand","embeddable":true,"href":"https:\/\/www.zytho.ca\/fr\/wp-json\/wp\/v2\/product_brand?post=16646"},{"taxonomy":"product_cat","embeddable":true,"href":"https:\/\/www.zytho.ca\/fr\/wp-json\/wp\/v2\/product_cat?post=16646"},{"taxonomy":"product_tag","embeddable":true,"href":"https:\/\/www.zytho.ca\/fr\/wp-json\/wp\/v2\/product_tag?post=16646"}],"curies":[{"name":"wp","href":"https:\/\/api.w.org\/{rel}","templated":true}]}}