{"id":16158,"date":"2025-11-03T11:32:38","date_gmt":"2025-11-03T11:32:38","guid":{"rendered":"https:\/\/zytho.ca\/product\/dechargeur-de-futs\/"},"modified":"2025-11-03T11:32:38","modified_gmt":"2025-11-03T11:32:38","slug":"dechargeur-de-futs","status":"publish","type":"product","link":"https:\/\/www.zytho.ca\/fr\/produit\/dechargeur-de-futs\/","title":{"rendered":"D\u00e9chargeur de f\u00fbts"},"content":{"rendered":"<p>La manipulation et le d\u00e9chargement de f\u00fbts dans un environnement alimentaire ou sanitaire comportent des risques de contamination de leur contenu. En ce qui concerne la manutention de ces f\u00fbts, les m\u00e9thodes traditionnelles telles que les chariots \u00e9l\u00e9vateurs ou autres v\u00e9hicules industriels motoris\u00e9s ne sont pas acceptables dans les installations de production sanitaires. Pour le d\u00e9chargement, un syst\u00e8me de pompage normalis\u00e9 et certifi\u00e9 doit \u00eatre utilis\u00e9 afin de garantir un transfert hygi\u00e9nique.  <\/p>\n","protected":false},"excerpt":{"rendered":"<h4>Avec deux plaques de guidage diff\u00e9rentes pour s&#8217;adapter aux diff\u00e9rents diam\u00e8tres des f\u00fbts, une interface de pointe et une pompe \u00e0 f\u00fbts \u00e9lectrique, le QDU assure un d\u00e9chargement rapide et hygi\u00e9nique.<\/h4>\n<p><strong>Avantages<\/strong><\/p>\n<ul>\n<li class=\"bloc-mod-liste__element\">Nettoyage en place (CIP)<\/li>\n<li class=\"bloc-mod-liste__element\">Structure en acier inoxydable<\/li>\n<li class=\"bloc-mod-liste__element\">Fonctionnement silencieux<\/li>\n<li class=\"bloc-mod-liste__element\">Moteur de type lavable<\/li>\n<li class=\"bloc-mod-liste__element\">D\u00e9bit continu<\/li>\n<li class=\"bloc-mod-liste__element\">Certifi\u00e9 par la FDA et l&#8217;EHEDG<\/li>\n<\/ul>\n","protected":false},"featured_media":16157,"template":"","meta":{"_acf_changed":false,"inline_featured_image":false},"product_brand":[729],"product_cat":[30],"product_tag":[],"class_list":{"0":"post-16158","1":"product","2":"type-product","3":"status-publish","4":"has-post-thumbnail","6":"product_brand-zytho","7":"product_cat-uncategorized","9":"first","10":"instock","11":"taxable","12":"shipping-taxable","13":"product-type-simple"},"acf":[],"yoast_head":"<!-- This site is optimized with the Yoast SEO plugin v27.6 - https:\/\/yoast.com\/product\/yoast-seo-wordpress\/ -->\n<title>D\u00e9chargeur de f\u00fbts automatis\u00e9 | Zytho<\/title>\n<meta name=\"description\" content=\"Avec deux plaques de guidage diff\u00e9rentes pour s&#039;adapter aux diff\u00e9rents diam\u00e8tres des f\u00fbts, une interface de pointe et une pompe \u00e0 f\u00fbts \u00e9lectrique, le QDU assure un d\u00e9chargement rapide et hygi\u00e9nique.\" \/>\n<meta name=\"robots\" content=\"index, follow, max-snippet:-1, max-image-preview:large, max-video-preview:-1\" \/>\n<link rel=\"canonical\" href=\"https:\/\/www.zytho.ca\/fr\/produit\/dechargeur-de-futs\/\" \/>\n<meta property=\"og:locale\" content=\"fr_FR\" \/>\n<meta property=\"og:type\" content=\"article\" \/>\n<meta property=\"og:title\" content=\"D\u00e9chargeur de f\u00fbts automatis\u00e9 | Zytho\" \/>\n<meta property=\"og:description\" content=\"Avec deux plaques de guidage diff\u00e9rentes pour s&#039;adapter aux diff\u00e9rents diam\u00e8tres des f\u00fbts, une interface de pointe et une pompe \u00e0 f\u00fbts \u00e9lectrique, le QDU assure un d\u00e9chargement rapide et hygi\u00e9nique.\" \/>\n<meta property=\"og:url\" content=\"https:\/\/www.zytho.ca\/fr\/produit\/dechargeur-de-futs\/\" \/>\n<meta property=\"og:site_name\" content=\"Zytho\" \/>\n<meta property=\"og:image\" content=\"https:\/\/www.zytho.ca\/wp-content\/uploads\/2025\/11\/render-drum-unloader-1400x1081-1-1.png\" \/>\n\t<meta property=\"og:image:width\" content=\"1400\" \/>\n\t<meta property=\"og:image:height\" content=\"1081\" \/>\n\t<meta property=\"og:image:type\" content=\"image\/png\" \/>\n<meta name=\"twitter:card\" content=\"summary_large_image\" \/>\n<script type=\"application\/ld+json\" class=\"yoast-schema-graph\">{\"@context\":\"https:\\\/\\\/schema.org\",\"@graph\":[{\"@type\":\"WebPage\",\"@id\":\"https:\\\/\\\/www.zytho.ca\\\/fr\\\/produit\\\/dechargeur-de-futs\\\/\",\"url\":\"https:\\\/\\\/www.zytho.ca\\\/fr\\\/produit\\\/dechargeur-de-futs\\\/\",\"name\":\"D\u00e9chargeur de f\u00fbts automatis\u00e9 | Zytho\",\"isPartOf\":{\"@id\":\"https:\\\/\\\/www.zytho.ca\\\/fr\\\/#website\"},\"primaryImageOfPage\":{\"@id\":\"https:\\\/\\\/www.zytho.ca\\\/fr\\\/produit\\\/dechargeur-de-futs\\\/#primaryimage\"},\"image\":{\"@id\":\"https:\\\/\\\/www.zytho.ca\\\/fr\\\/produit\\\/dechargeur-de-futs\\\/#primaryimage\"},\"thumbnailUrl\":\"https:\\\/\\\/www.zytho.ca\\\/wp-content\\\/uploads\\\/2025\\\/11\\\/render-drum-unloader-1400x1081-1-1.png\",\"datePublished\":\"2025-11-03T11:32:38+00:00\",\"description\":\"Avec deux plaques de guidage diff\u00e9rentes pour s'adapter aux diff\u00e9rents diam\u00e8tres des f\u00fbts, une interface de pointe et une pompe \u00e0 f\u00fbts \u00e9lectrique, le QDU assure un d\u00e9chargement rapide et hygi\u00e9nique.\",\"breadcrumb\":{\"@id\":\"https:\\\/\\\/www.zytho.ca\\\/fr\\\/produit\\\/dechargeur-de-futs\\\/#breadcrumb\"},\"inLanguage\":\"fr-FR\",\"potentialAction\":[{\"@type\":\"ReadAction\",\"target\":[\"https:\\\/\\\/www.zytho.ca\\\/fr\\\/produit\\\/dechargeur-de-futs\\\/\"]}]},{\"@type\":\"ImageObject\",\"inLanguage\":\"fr-FR\",\"@id\":\"https:\\\/\\\/www.zytho.ca\\\/fr\\\/produit\\\/dechargeur-de-futs\\\/#primaryimage\",\"url\":\"https:\\\/\\\/www.zytho.ca\\\/wp-content\\\/uploads\\\/2025\\\/11\\\/render-drum-unloader-1400x1081-1-1.png\",\"contentUrl\":\"https:\\\/\\\/www.zytho.ca\\\/wp-content\\\/uploads\\\/2025\\\/11\\\/render-drum-unloader-1400x1081-1-1.png\",\"width\":1400,\"height\":1081},{\"@type\":\"BreadcrumbList\",\"@id\":\"https:\\\/\\\/www.zytho.ca\\\/fr\\\/produit\\\/dechargeur-de-futs\\\/#breadcrumb\",\"itemListElement\":[{\"@type\":\"ListItem\",\"position\":1,\"name\":\"Accueil\",\"item\":\"https:\\\/\\\/www.zytho.ca\\\/fr\\\/\"},{\"@type\":\"ListItem\",\"position\":2,\"name\":\"Shop\",\"item\":\"https:\\\/\\\/www.zytho.ca\\\/fr\\\/shop\\\/\"},{\"@type\":\"ListItem\",\"position\":3,\"name\":\"D\u00e9chargeur de f\u00fbts\"}]},{\"@type\":\"WebSite\",\"@id\":\"https:\\\/\\\/www.zytho.ca\\\/fr\\\/#website\",\"url\":\"https:\\\/\\\/www.zytho.ca\\\/fr\\\/\",\"name\":\"Zytho\",\"description\":\"\",\"publisher\":{\"@id\":\"https:\\\/\\\/www.zytho.ca\\\/fr\\\/#organization\"},\"potentialAction\":[{\"@type\":\"SearchAction\",\"target\":{\"@type\":\"EntryPoint\",\"urlTemplate\":\"https:\\\/\\\/www.zytho.ca\\\/fr\\\/?s={search_term_string}\"},\"query-input\":{\"@type\":\"PropertyValueSpecification\",\"valueRequired\":true,\"valueName\":\"search_term_string\"}}],\"inLanguage\":\"fr-FR\"},{\"@type\":\"Organization\",\"@id\":\"https:\\\/\\\/www.zytho.ca\\\/fr\\\/#organization\",\"name\":\"Zytho\",\"url\":\"https:\\\/\\\/www.zytho.ca\\\/fr\\\/\",\"logo\":{\"@type\":\"ImageObject\",\"inLanguage\":\"fr-FR\",\"@id\":\"https:\\\/\\\/www.zytho.ca\\\/fr\\\/#\\\/schema\\\/logo\\\/image\\\/\",\"url\":\"https:\\\/\\\/www.zytho.ca\\\/wp-content\\\/uploads\\\/2024\\\/05\\\/Zytho_reversed_horizontal.svg\",\"contentUrl\":\"https:\\\/\\\/www.zytho.ca\\\/wp-content\\\/uploads\\\/2024\\\/05\\\/Zytho_reversed_horizontal.svg\",\"width\":1582,\"height\":490,\"caption\":\"Zytho\"},\"image\":{\"@id\":\"https:\\\/\\\/www.zytho.ca\\\/fr\\\/#\\\/schema\\\/logo\\\/image\\\/\"}}]}<\/script>\n<!-- \/ Yoast SEO plugin. -->","yoast_head_json":{"title":"D\u00e9chargeur de f\u00fbts automatis\u00e9 | Zytho","description":"Avec deux plaques de guidage diff\u00e9rentes pour s'adapter aux diff\u00e9rents diam\u00e8tres des f\u00fbts, une interface de pointe et une pompe \u00e0 f\u00fbts \u00e9lectrique, le QDU assure un d\u00e9chargement rapide et hygi\u00e9nique.","robots":{"index":"index","follow":"follow","max-snippet":"max-snippet:-1","max-image-preview":"max-image-preview:large","max-video-preview":"max-video-preview:-1"},"canonical":"https:\/\/www.zytho.ca\/fr\/produit\/dechargeur-de-futs\/","og_locale":"fr_FR","og_type":"article","og_title":"D\u00e9chargeur de f\u00fbts automatis\u00e9 | Zytho","og_description":"Avec deux plaques de guidage diff\u00e9rentes pour s'adapter aux diff\u00e9rents diam\u00e8tres des f\u00fbts, une interface de pointe et une pompe \u00e0 f\u00fbts \u00e9lectrique, le QDU assure un d\u00e9chargement rapide et hygi\u00e9nique.","og_url":"https:\/\/www.zytho.ca\/fr\/produit\/dechargeur-de-futs\/","og_site_name":"Zytho","og_image":[{"width":1400,"height":1081,"url":"https:\/\/www.zytho.ca\/wp-content\/uploads\/2025\/11\/render-drum-unloader-1400x1081-1-1.png","type":"image\/png"}],"twitter_card":"summary_large_image","schema":{"@context":"https:\/\/schema.org","@graph":[{"@type":"WebPage","@id":"https:\/\/www.zytho.ca\/fr\/produit\/dechargeur-de-futs\/","url":"https:\/\/www.zytho.ca\/fr\/produit\/dechargeur-de-futs\/","name":"D\u00e9chargeur de f\u00fbts automatis\u00e9 | Zytho","isPartOf":{"@id":"https:\/\/www.zytho.ca\/fr\/#website"},"primaryImageOfPage":{"@id":"https:\/\/www.zytho.ca\/fr\/produit\/dechargeur-de-futs\/#primaryimage"},"image":{"@id":"https:\/\/www.zytho.ca\/fr\/produit\/dechargeur-de-futs\/#primaryimage"},"thumbnailUrl":"https:\/\/www.zytho.ca\/wp-content\/uploads\/2025\/11\/render-drum-unloader-1400x1081-1-1.png","datePublished":"2025-11-03T11:32:38+00:00","description":"Avec deux plaques de guidage diff\u00e9rentes pour s'adapter aux diff\u00e9rents diam\u00e8tres des f\u00fbts, une interface de pointe et une pompe \u00e0 f\u00fbts \u00e9lectrique, le QDU assure un d\u00e9chargement rapide et hygi\u00e9nique.","breadcrumb":{"@id":"https:\/\/www.zytho.ca\/fr\/produit\/dechargeur-de-futs\/#breadcrumb"},"inLanguage":"fr-FR","potentialAction":[{"@type":"ReadAction","target":["https:\/\/www.zytho.ca\/fr\/produit\/dechargeur-de-futs\/"]}]},{"@type":"ImageObject","inLanguage":"fr-FR","@id":"https:\/\/www.zytho.ca\/fr\/produit\/dechargeur-de-futs\/#primaryimage","url":"https:\/\/www.zytho.ca\/wp-content\/uploads\/2025\/11\/render-drum-unloader-1400x1081-1-1.png","contentUrl":"https:\/\/www.zytho.ca\/wp-content\/uploads\/2025\/11\/render-drum-unloader-1400x1081-1-1.png","width":1400,"height":1081},{"@type":"BreadcrumbList","@id":"https:\/\/www.zytho.ca\/fr\/produit\/dechargeur-de-futs\/#breadcrumb","itemListElement":[{"@type":"ListItem","position":1,"name":"Accueil","item":"https:\/\/www.zytho.ca\/fr\/"},{"@type":"ListItem","position":2,"name":"Shop","item":"https:\/\/www.zytho.ca\/fr\/shop\/"},{"@type":"ListItem","position":3,"name":"D\u00e9chargeur de f\u00fbts"}]},{"@type":"WebSite","@id":"https:\/\/www.zytho.ca\/fr\/#website","url":"https:\/\/www.zytho.ca\/fr\/","name":"Zytho","description":"","publisher":{"@id":"https:\/\/www.zytho.ca\/fr\/#organization"},"potentialAction":[{"@type":"SearchAction","target":{"@type":"EntryPoint","urlTemplate":"https:\/\/www.zytho.ca\/fr\/?s={search_term_string}"},"query-input":{"@type":"PropertyValueSpecification","valueRequired":true,"valueName":"search_term_string"}}],"inLanguage":"fr-FR"},{"@type":"Organization","@id":"https:\/\/www.zytho.ca\/fr\/#organization","name":"Zytho","url":"https:\/\/www.zytho.ca\/fr\/","logo":{"@type":"ImageObject","inLanguage":"fr-FR","@id":"https:\/\/www.zytho.ca\/fr\/#\/schema\/logo\/image\/","url":"https:\/\/www.zytho.ca\/wp-content\/uploads\/2024\/05\/Zytho_reversed_horizontal.svg","contentUrl":"https:\/\/www.zytho.ca\/wp-content\/uploads\/2024\/05\/Zytho_reversed_horizontal.svg","width":1582,"height":490,"caption":"Zytho"},"image":{"@id":"https:\/\/www.zytho.ca\/fr\/#\/schema\/logo\/image\/"}}]}},"_links":{"self":[{"href":"https:\/\/www.zytho.ca\/fr\/wp-json\/wp\/v2\/product\/16158","targetHints":{"allow":["GET"]}}],"collection":[{"href":"https:\/\/www.zytho.ca\/fr\/wp-json\/wp\/v2\/product"}],"about":[{"href":"https:\/\/www.zytho.ca\/fr\/wp-json\/wp\/v2\/types\/product"}],"wp:featuredmedia":[{"embeddable":true,"href":"https:\/\/www.zytho.ca\/fr\/wp-json\/wp\/v2\/media\/16157"}],"wp:attachment":[{"href":"https:\/\/www.zytho.ca\/fr\/wp-json\/wp\/v2\/media?parent=16158"}],"wp:term":[{"taxonomy":"product_brand","embeddable":true,"href":"https:\/\/www.zytho.ca\/fr\/wp-json\/wp\/v2\/product_brand?post=16158"},{"taxonomy":"product_cat","embeddable":true,"href":"https:\/\/www.zytho.ca\/fr\/wp-json\/wp\/v2\/product_cat?post=16158"},{"taxonomy":"product_tag","embeddable":true,"href":"https:\/\/www.zytho.ca\/fr\/wp-json\/wp\/v2\/product_tag?post=16158"}],"curies":[{"name":"wp","href":"https:\/\/api.w.org\/{rel}","templated":true}]}}