{"id":16098,"date":"2025-11-03T11:12:10","date_gmt":"2025-11-03T11:12:10","guid":{"rendered":"https:\/\/zytho.ca\/product\/pasteurisateur-a-chambre-a-biere-pour-les-brasseries-professionnelles-2\/"},"modified":"2025-11-03T11:12:10","modified_gmt":"2025-11-03T11:12:10","slug":"pasteurisateur-a-chambre-a-biere-pour-les-brasseries-professionnelles-2","status":"publish","type":"product","link":"https:\/\/www.zytho.ca\/fr\/produit\/pasteurisateur-a-chambre-a-biere-pour-les-brasseries-professionnelles-2\/","title":{"rendered":"Pasteurisateur \u00e0 chambre \u00e0 bi\u00e8re &#8211; Pour les brasseries professionnelles"},"content":{"rendered":"<p><strong>Qu&#8217;est-ce que c&#8217;est ?<\/strong><br \/>\nLe <strong>pasteurisateur \u00e0 chambre<\/strong> NXT est une alternative compacte \u00e0 la pasteurisation traditionnelle en tunnel, con\u00e7ue sp\u00e9cifiquement pour les <strong>petites brasseries et les brasseries artisanales<\/strong>. Il permet aux producteurs de <g id=\"gid_4\">prolonger la dur\u00e9e de conservation de<\/g> leur bi\u00e8re ou de leurs boissons de mani\u00e8re efficace et s\u00fbre. Avec l&#8217;\u00e9volution du march\u00e9, de nombreux petits producteurs ont besoin d&#8217;une solution pratique et abordable pour obtenir des produits de longue conservation. Cette technologie <strong>change donc la donne pour les brasseries dont la capacit\u00e9 de production est limit\u00e9e<\/strong>.  <\/p>\n<p><strong>Avantages<\/strong><\/p>\n<ul>\n<li>Encombrement r\u00e9duit &#8211; n\u00e9cessite peu d&#8217;espace au sol<\/li>\n<li>Co\u00fbt d&#8217;investissement inf\u00e9rieur \u00e0 celui des pasteurisateurs \u00e0 tunnel<\/li>\n<li>Fonctionnement simple et intuitif<\/li>\n<li>R\u00e9duction de la consommation d&#8217;\u00e9nergie<\/li>\n<li>Am\u00e9lioration de la s\u00e9curit\u00e9 et de la qualit\u00e9 des produits<\/li>\n<li>Prolonge la dur\u00e9e de conservation des boissons en bouteille ou en bo\u00eete<\/li>\n<\/ul>\n<p><strong>Comment fonctionne-t-il ?<\/strong><br \/>\nLe pasteurisateur \u00e0 chambre st\u00e9rilise la <strong>bi\u00e8re ou les boissons directement \u00e0 l&#8217;int\u00e9rieur des bouteilles ou des bo\u00eetes<\/strong> gr\u00e2ce \u00e0 un cycle contr\u00f4l\u00e9 de chaleur et de refroidissement.<\/p>\n<ol>\n<li>Placez les bouteilles ou les canettes dans de petits paniers (ou dans un grand panier pour une plus grande capacit\u00e9).<\/li>\n<li>Charger les paniers sur une palette et d\u00e9placer la palette dans le pasteurisateur \u00e0 chambre \u00e0 l&#8217;aide d&#8217;un chariot \u00e9l\u00e9vateur.<\/li>\n<li>Fermez la porte de la chambre et d\u00e9marrez le cycle de pasteurisation automatique.<\/li>\n<li>Le syst\u00e8me chauffe les conteneurs \u00e0 la temp\u00e9rature requise pour la st\u00e9rilisation, puis les refroidit \u00e0 la temp\u00e9rature normale.<\/li>\n<\/ol>\n<p>Une fois les \u00e9tapes de chauffage et de refroidissement termin\u00e9es, les boissons sont <strong>pasteuris\u00e9es, s\u00fbres et pr\u00eates \u00e0 \u00eatre emball\u00e9es ou distribu\u00e9es<\/strong>.<\/p>\n","protected":false},"excerpt":{"rendered":"<p>Qu&#8217;est-ce que c&#8217;est ? Le pasteurisateur \u00e0 chambre NXT est une alternative compacte \u00e0 la pasteurisation traditionnelle en tunnel, con\u00e7ue sp\u00e9cifiquement pour les petites brasseries et les brasseries artisanales. Il permet aux producteurs de prolonger la dur\u00e9e de conservation de leur bi\u00e8re ou de leurs boissons de mani\u00e8re efficace et s\u00fbre. Avec l&#8217;\u00e9volution du march\u00e9, [&hellip;]<\/p>\n","protected":false},"featured_media":0,"template":"","meta":{"_acf_changed":false,"inline_featured_image":false},"product_brand":[],"product_cat":[30],"product_tag":[],"class_list":{"0":"post-16098","1":"product","2":"type-product","3":"status-publish","5":"product_cat-uncategorized","7":"first","8":"instock","9":"taxable","10":"shipping-taxable","11":"product-type-simple"},"acf":[],"yoast_head":"<!-- This site is optimized with the Yoast SEO plugin v27.6 - https:\/\/yoast.com\/product\/yoast-seo-wordpress\/ -->\n<title>Pasteurisateur \u00e0 chambre \u00e0 bi\u00e8re - Pour les brasseries professionnelles - Zytho<\/title>\n<meta name=\"robots\" content=\"index, follow, max-snippet:-1, max-image-preview:large, max-video-preview:-1\" \/>\n<link rel=\"canonical\" href=\"https:\/\/www.zytho.ca\/fr\/produit\/pasteurisateur-a-chambre-a-biere-pour-les-brasseries-professionnelles-2\/\" \/>\n<meta property=\"og:locale\" content=\"fr_FR\" \/>\n<meta property=\"og:type\" content=\"article\" \/>\n<meta property=\"og:title\" content=\"Pasteurisateur \u00e0 chambre \u00e0 bi\u00e8re - Pour les brasseries professionnelles - Zytho\" \/>\n<meta property=\"og:description\" content=\"Qu&#8217;est-ce que c&#8217;est ? Le pasteurisateur \u00e0 chambre NXT est une alternative compacte \u00e0 la pasteurisation traditionnelle en tunnel, con\u00e7ue sp\u00e9cifiquement pour les petites brasseries et les brasseries artisanales. Il permet aux producteurs de prolonger la dur\u00e9e de conservation de leur bi\u00e8re ou de leurs boissons de mani\u00e8re efficace et s\u00fbre. Avec l&#8217;\u00e9volution du march\u00e9, [&hellip;]\" \/>\n<meta property=\"og:url\" content=\"https:\/\/www.zytho.ca\/fr\/produit\/pasteurisateur-a-chambre-a-biere-pour-les-brasseries-professionnelles-2\/\" \/>\n<meta property=\"og:site_name\" content=\"Zytho\" \/>\n<meta property=\"og:image\" content=\"https:\/\/www.zytho.ca\/wp-content\/uploads\/2025\/11\/1.png\" \/>\n\t<meta property=\"og:image:width\" content=\"1000\" \/>\n\t<meta property=\"og:image:height\" content=\"1000\" \/>\n\t<meta property=\"og:image:type\" content=\"image\/png\" \/>\n<meta name=\"twitter:card\" content=\"summary_large_image\" \/>\n<meta name=\"twitter:label1\" content=\"Dur\u00e9e de lecture estim\u00e9e\" \/>\n\t<meta name=\"twitter:data1\" content=\"1 minute\" \/>\n<script type=\"application\/ld+json\" class=\"yoast-schema-graph\">{\"@context\":\"https:\\\/\\\/schema.org\",\"@graph\":[{\"@type\":\"WebPage\",\"@id\":\"https:\\\/\\\/www.zytho.ca\\\/fr\\\/produit\\\/pasteurisateur-a-chambre-a-biere-pour-les-brasseries-professionnelles-2\\\/\",\"url\":\"https:\\\/\\\/www.zytho.ca\\\/fr\\\/produit\\\/pasteurisateur-a-chambre-a-biere-pour-les-brasseries-professionnelles-2\\\/\",\"name\":\"Pasteurisateur \u00e0 chambre \u00e0 bi\u00e8re - Pour les brasseries professionnelles - Zytho\",\"isPartOf\":{\"@id\":\"https:\\\/\\\/www.zytho.ca\\\/fr\\\/#website\"},\"datePublished\":\"2025-11-03T11:12:10+00:00\",\"breadcrumb\":{\"@id\":\"https:\\\/\\\/www.zytho.ca\\\/fr\\\/produit\\\/pasteurisateur-a-chambre-a-biere-pour-les-brasseries-professionnelles-2\\\/#breadcrumb\"},\"inLanguage\":\"fr-FR\",\"potentialAction\":[{\"@type\":\"ReadAction\",\"target\":[\"https:\\\/\\\/www.zytho.ca\\\/fr\\\/produit\\\/pasteurisateur-a-chambre-a-biere-pour-les-brasseries-professionnelles-2\\\/\"]}]},{\"@type\":\"BreadcrumbList\",\"@id\":\"https:\\\/\\\/www.zytho.ca\\\/fr\\\/produit\\\/pasteurisateur-a-chambre-a-biere-pour-les-brasseries-professionnelles-2\\\/#breadcrumb\",\"itemListElement\":[{\"@type\":\"ListItem\",\"position\":1,\"name\":\"Accueil\",\"item\":\"https:\\\/\\\/www.zytho.ca\\\/fr\\\/\"},{\"@type\":\"ListItem\",\"position\":2,\"name\":\"Shop\",\"item\":\"https:\\\/\\\/www.zytho.ca\\\/fr\\\/shop\\\/\"},{\"@type\":\"ListItem\",\"position\":3,\"name\":\"Pasteurisateur \u00e0 chambre \u00e0 bi\u00e8re &#8211; Pour les brasseries professionnelles\"}]},{\"@type\":\"WebSite\",\"@id\":\"https:\\\/\\\/www.zytho.ca\\\/fr\\\/#website\",\"url\":\"https:\\\/\\\/www.zytho.ca\\\/fr\\\/\",\"name\":\"Zytho\",\"description\":\"\",\"publisher\":{\"@id\":\"https:\\\/\\\/www.zytho.ca\\\/fr\\\/#organization\"},\"potentialAction\":[{\"@type\":\"SearchAction\",\"target\":{\"@type\":\"EntryPoint\",\"urlTemplate\":\"https:\\\/\\\/www.zytho.ca\\\/fr\\\/?s={search_term_string}\"},\"query-input\":{\"@type\":\"PropertyValueSpecification\",\"valueRequired\":true,\"valueName\":\"search_term_string\"}}],\"inLanguage\":\"fr-FR\"},{\"@type\":\"Organization\",\"@id\":\"https:\\\/\\\/www.zytho.ca\\\/fr\\\/#organization\",\"name\":\"Zytho\",\"url\":\"https:\\\/\\\/www.zytho.ca\\\/fr\\\/\",\"logo\":{\"@type\":\"ImageObject\",\"inLanguage\":\"fr-FR\",\"@id\":\"https:\\\/\\\/www.zytho.ca\\\/fr\\\/#\\\/schema\\\/logo\\\/image\\\/\",\"url\":\"https:\\\/\\\/www.zytho.ca\\\/wp-content\\\/uploads\\\/2024\\\/05\\\/Zytho_reversed_horizontal.svg\",\"contentUrl\":\"https:\\\/\\\/www.zytho.ca\\\/wp-content\\\/uploads\\\/2024\\\/05\\\/Zytho_reversed_horizontal.svg\",\"width\":1582,\"height\":490,\"caption\":\"Zytho\"},\"image\":{\"@id\":\"https:\\\/\\\/www.zytho.ca\\\/fr\\\/#\\\/schema\\\/logo\\\/image\\\/\"}}]}<\/script>\n<!-- \/ Yoast SEO plugin. -->","yoast_head_json":{"title":"Pasteurisateur \u00e0 chambre \u00e0 bi\u00e8re - Pour les brasseries professionnelles - Zytho","robots":{"index":"index","follow":"follow","max-snippet":"max-snippet:-1","max-image-preview":"max-image-preview:large","max-video-preview":"max-video-preview:-1"},"canonical":"https:\/\/www.zytho.ca\/fr\/produit\/pasteurisateur-a-chambre-a-biere-pour-les-brasseries-professionnelles-2\/","og_locale":"fr_FR","og_type":"article","og_title":"Pasteurisateur \u00e0 chambre \u00e0 bi\u00e8re - Pour les brasseries professionnelles - Zytho","og_description":"Qu&#8217;est-ce que c&#8217;est ? Le pasteurisateur \u00e0 chambre NXT est une alternative compacte \u00e0 la pasteurisation traditionnelle en tunnel, con\u00e7ue sp\u00e9cifiquement pour les petites brasseries et les brasseries artisanales. Il permet aux producteurs de prolonger la dur\u00e9e de conservation de leur bi\u00e8re ou de leurs boissons de mani\u00e8re efficace et s\u00fbre. Avec l&#8217;\u00e9volution du march\u00e9, [&hellip;]","og_url":"https:\/\/www.zytho.ca\/fr\/produit\/pasteurisateur-a-chambre-a-biere-pour-les-brasseries-professionnelles-2\/","og_site_name":"Zytho","og_image":[{"width":1000,"height":1000,"url":"https:\/\/www.zytho.ca\/wp-content\/uploads\/2025\/11\/1.png","type":"image\/png"}],"twitter_card":"summary_large_image","twitter_misc":{"Dur\u00e9e de lecture estim\u00e9e":"1 minute"},"schema":{"@context":"https:\/\/schema.org","@graph":[{"@type":"WebPage","@id":"https:\/\/www.zytho.ca\/fr\/produit\/pasteurisateur-a-chambre-a-biere-pour-les-brasseries-professionnelles-2\/","url":"https:\/\/www.zytho.ca\/fr\/produit\/pasteurisateur-a-chambre-a-biere-pour-les-brasseries-professionnelles-2\/","name":"Pasteurisateur \u00e0 chambre \u00e0 bi\u00e8re - Pour les brasseries professionnelles - Zytho","isPartOf":{"@id":"https:\/\/www.zytho.ca\/fr\/#website"},"datePublished":"2025-11-03T11:12:10+00:00","breadcrumb":{"@id":"https:\/\/www.zytho.ca\/fr\/produit\/pasteurisateur-a-chambre-a-biere-pour-les-brasseries-professionnelles-2\/#breadcrumb"},"inLanguage":"fr-FR","potentialAction":[{"@type":"ReadAction","target":["https:\/\/www.zytho.ca\/fr\/produit\/pasteurisateur-a-chambre-a-biere-pour-les-brasseries-professionnelles-2\/"]}]},{"@type":"BreadcrumbList","@id":"https:\/\/www.zytho.ca\/fr\/produit\/pasteurisateur-a-chambre-a-biere-pour-les-brasseries-professionnelles-2\/#breadcrumb","itemListElement":[{"@type":"ListItem","position":1,"name":"Accueil","item":"https:\/\/www.zytho.ca\/fr\/"},{"@type":"ListItem","position":2,"name":"Shop","item":"https:\/\/www.zytho.ca\/fr\/shop\/"},{"@type":"ListItem","position":3,"name":"Pasteurisateur \u00e0 chambre \u00e0 bi\u00e8re &#8211; Pour les brasseries professionnelles"}]},{"@type":"WebSite","@id":"https:\/\/www.zytho.ca\/fr\/#website","url":"https:\/\/www.zytho.ca\/fr\/","name":"Zytho","description":"","publisher":{"@id":"https:\/\/www.zytho.ca\/fr\/#organization"},"potentialAction":[{"@type":"SearchAction","target":{"@type":"EntryPoint","urlTemplate":"https:\/\/www.zytho.ca\/fr\/?s={search_term_string}"},"query-input":{"@type":"PropertyValueSpecification","valueRequired":true,"valueName":"search_term_string"}}],"inLanguage":"fr-FR"},{"@type":"Organization","@id":"https:\/\/www.zytho.ca\/fr\/#organization","name":"Zytho","url":"https:\/\/www.zytho.ca\/fr\/","logo":{"@type":"ImageObject","inLanguage":"fr-FR","@id":"https:\/\/www.zytho.ca\/fr\/#\/schema\/logo\/image\/","url":"https:\/\/www.zytho.ca\/wp-content\/uploads\/2024\/05\/Zytho_reversed_horizontal.svg","contentUrl":"https:\/\/www.zytho.ca\/wp-content\/uploads\/2024\/05\/Zytho_reversed_horizontal.svg","width":1582,"height":490,"caption":"Zytho"},"image":{"@id":"https:\/\/www.zytho.ca\/fr\/#\/schema\/logo\/image\/"}}]}},"_links":{"self":[{"href":"https:\/\/www.zytho.ca\/fr\/wp-json\/wp\/v2\/product\/16098","targetHints":{"allow":["GET"]}}],"collection":[{"href":"https:\/\/www.zytho.ca\/fr\/wp-json\/wp\/v2\/product"}],"about":[{"href":"https:\/\/www.zytho.ca\/fr\/wp-json\/wp\/v2\/types\/product"}],"wp:attachment":[{"href":"https:\/\/www.zytho.ca\/fr\/wp-json\/wp\/v2\/media?parent=16098"}],"wp:term":[{"taxonomy":"product_brand","embeddable":true,"href":"https:\/\/www.zytho.ca\/fr\/wp-json\/wp\/v2\/product_brand?post=16098"},{"taxonomy":"product_cat","embeddable":true,"href":"https:\/\/www.zytho.ca\/fr\/wp-json\/wp\/v2\/product_cat?post=16098"},{"taxonomy":"product_tag","embeddable":true,"href":"https:\/\/www.zytho.ca\/fr\/wp-json\/wp\/v2\/product_tag?post=16098"}],"curies":[{"name":"wp","href":"https:\/\/api.w.org\/{rel}","templated":true}]}}