{"id":16087,"date":"2025-11-03T10:53:48","date_gmt":"2025-11-03T10:53:48","guid":{"rendered":"https:\/\/zytho.ca\/product\/dechargeur-de-sacs-en-vrac\/"},"modified":"2025-11-03T10:53:48","modified_gmt":"2025-11-03T10:53:48","slug":"dechargeur-de-sacs-en-vrac","status":"publish","type":"product","link":"https:\/\/www.zytho.ca\/fr\/produit\/dechargeur-de-sacs-en-vrac\/","title":{"rendered":"D\u00e9chargeur de sacs en vrac"},"content":{"rendered":"<p>Les grands r\u00e9cipients pour vrac souples (GRVS), commun\u00e9ment appel\u00e9s &#8220;sacs en vrac&#8221; ou &#8220;big bags&#8221;, sont utilis\u00e9s pour le transport de mat\u00e9riaux solides qui se pr\u00e9sentent g\u00e9n\u00e9ralement (mais pas exclusivement) sous forme de poudre, de paillettes ou de granul\u00e9s.<\/p>\n<p>Le d\u00e9chargeur de sacs en vrac est capable de prendre en charge une grande vari\u00e9t\u00e9 de tailles et de contenus de sacs en vrac, tout en garantissant la s\u00e9curit\u00e9 des op\u00e9rateurs. Il s&#8217;agit d&#8217;une solution hautement personnalisable et efficace pour diverses industries n\u00e9cessitant la manipulation et le d\u00e9chargement de sacs en vrac. <\/p>\n","protected":false},"excerpt":{"rendered":"<h4>D\u00e9chargeur de sacs en vrac &#8211; Manipulation efficace et sans poussi\u00e8re d&#8217;ingr\u00e9dients en vrac<\/h4>\n<p data-start=\"376\" data-end=\"399\">Avantages<\/p>\n<ul>\n<li data-start=\"400\" data-end=\"927\">Fonctionnement sans poussi\u00e8re &#8211; Le confinement int\u00e9gr\u00e9 de la poussi\u00e8re permet de maintenir votre espace de travail propre et conforme.<\/li>\n<li data-start=\"400\" data-end=\"927\">Flux de mat\u00e9riaux efficace &#8211; Con\u00e7u pour \u00e9viter le colmatage et assurer une d\u00e9charge r\u00e9guli\u00e8re.<\/li>\n<li data-start=\"400\" data-end=\"927\">Compatibilit\u00e9 polyvalente &#8211; Traite une large gamme de produits en vrac, du malt aux poudres et granul\u00e9s.<\/li>\n<li data-start=\"400\" data-end=\"927\">Conception robuste et hygi\u00e9nique &#8211; Fabriqu\u00e9 avec des mat\u00e9riaux durables de qualit\u00e9 alimentaire pour des performances durables.<\/li>\n<li data-start=\"400\" data-end=\"927\">Options personnalisables &#8211; Disponibles avec des palans, des syst\u00e8mes de perte de poids et des aides au d\u00e9bit pour une efficacit\u00e9 sur mesure.<\/li>\n<\/ul>\n<p data-start=\"929\" data-end=\"1107\">R\u00e9duisez le travail manuel, augmentez l&#8217;efficacit\u00e9 et maintenez un environnement de production propre avec le d\u00e9chargeur de sacs en vrac, la solution intelligente pour manipuler facilement les ingr\u00e9dients en vrac.<\/p>\n","protected":false},"featured_media":16085,"template":"","meta":{"_acf_changed":false,"inline_featured_image":false},"product_brand":[729],"product_cat":[30],"product_tag":[],"class_list":{"0":"post-16087","1":"product","2":"type-product","3":"status-publish","4":"has-post-thumbnail","6":"product_brand-zytho","7":"product_cat-uncategorized","9":"first","10":"instock","11":"taxable","12":"shipping-taxable","13":"product-type-simple"},"acf":[],"yoast_head":"<!-- This site is optimized with the Yoast SEO plugin v27.6 - https:\/\/yoast.com\/product\/yoast-seo-wordpress\/ -->\n<title>D\u00e9chargeur de sacs en vrac - Automatis\u00e9 | Zytho<\/title>\n<meta name=\"description\" content=\"Les grands r\u00e9cipients pour vrac souples (GRVS), commun\u00e9ment appel\u00e9s &quot;sacs en vrac&quot; ou &quot;big bags&quot;, sont utilis\u00e9s pour le transport de mat\u00e9riaux solides qui se pr\u00e9sentent g\u00e9n\u00e9ralement (mais pas exclusivement) sous forme de poudre, de paillettes ou de granul\u00e9s.\" \/>\n<meta name=\"robots\" content=\"index, follow, max-snippet:-1, max-image-preview:large, max-video-preview:-1\" \/>\n<link rel=\"canonical\" href=\"https:\/\/www.zytho.ca\/fr\/produit\/dechargeur-de-sacs-en-vrac\/\" \/>\n<meta property=\"og:locale\" content=\"fr_FR\" \/>\n<meta property=\"og:type\" content=\"article\" \/>\n<meta property=\"og:title\" content=\"D\u00e9chargeur de sacs en vrac - Automatis\u00e9 | Zytho\" \/>\n<meta property=\"og:description\" content=\"Les grands r\u00e9cipients pour vrac souples (GRVS), commun\u00e9ment appel\u00e9s &quot;sacs en vrac&quot; ou &quot;big bags&quot;, sont utilis\u00e9s pour le transport de mat\u00e9riaux solides qui se pr\u00e9sentent g\u00e9n\u00e9ralement (mais pas exclusivement) sous forme de poudre, de paillettes ou de granul\u00e9s.\" \/>\n<meta property=\"og:url\" content=\"https:\/\/www.zytho.ca\/fr\/produit\/dechargeur-de-sacs-en-vrac\/\" \/>\n<meta property=\"og:site_name\" content=\"Zytho\" \/>\n<meta property=\"og:image\" content=\"https:\/\/www.zytho.ca\/wp-content\/uploads\/2025\/11\/Imag1.png\" \/>\n\t<meta property=\"og:image:width\" content=\"800\" \/>\n\t<meta property=\"og:image:height\" content=\"800\" \/>\n\t<meta property=\"og:image:type\" content=\"image\/png\" \/>\n<meta name=\"twitter:card\" content=\"summary_large_image\" \/>\n<meta name=\"twitter:label1\" content=\"Dur\u00e9e de lecture estim\u00e9e\" \/>\n\t<meta name=\"twitter:data1\" content=\"1 minute\" \/>\n<script type=\"application\/ld+json\" class=\"yoast-schema-graph\">{\"@context\":\"https:\\\/\\\/schema.org\",\"@graph\":[{\"@type\":\"WebPage\",\"@id\":\"https:\\\/\\\/www.zytho.ca\\\/fr\\\/produit\\\/dechargeur-de-sacs-en-vrac\\\/\",\"url\":\"https:\\\/\\\/www.zytho.ca\\\/fr\\\/produit\\\/dechargeur-de-sacs-en-vrac\\\/\",\"name\":\"D\u00e9chargeur de sacs en vrac - Automatis\u00e9 | Zytho\",\"isPartOf\":{\"@id\":\"https:\\\/\\\/www.zytho.ca\\\/fr\\\/#website\"},\"primaryImageOfPage\":{\"@id\":\"https:\\\/\\\/www.zytho.ca\\\/fr\\\/produit\\\/dechargeur-de-sacs-en-vrac\\\/#primaryimage\"},\"image\":{\"@id\":\"https:\\\/\\\/www.zytho.ca\\\/fr\\\/produit\\\/dechargeur-de-sacs-en-vrac\\\/#primaryimage\"},\"thumbnailUrl\":\"https:\\\/\\\/www.zytho.ca\\\/wp-content\\\/uploads\\\/2025\\\/11\\\/Imag1.png\",\"datePublished\":\"2025-11-03T10:53:48+00:00\",\"description\":\"Les grands r\u00e9cipients pour vrac souples (GRVS), commun\u00e9ment appel\u00e9s \\\"sacs en vrac\\\" ou \\\"big bags\\\", sont utilis\u00e9s pour le transport de mat\u00e9riaux solides qui se pr\u00e9sentent g\u00e9n\u00e9ralement (mais pas exclusivement) sous forme de poudre, de paillettes ou de granul\u00e9s.\",\"breadcrumb\":{\"@id\":\"https:\\\/\\\/www.zytho.ca\\\/fr\\\/produit\\\/dechargeur-de-sacs-en-vrac\\\/#breadcrumb\"},\"inLanguage\":\"fr-FR\",\"potentialAction\":[{\"@type\":\"ReadAction\",\"target\":[\"https:\\\/\\\/www.zytho.ca\\\/fr\\\/produit\\\/dechargeur-de-sacs-en-vrac\\\/\"]}]},{\"@type\":\"ImageObject\",\"inLanguage\":\"fr-FR\",\"@id\":\"https:\\\/\\\/www.zytho.ca\\\/fr\\\/produit\\\/dechargeur-de-sacs-en-vrac\\\/#primaryimage\",\"url\":\"https:\\\/\\\/www.zytho.ca\\\/wp-content\\\/uploads\\\/2025\\\/11\\\/Imag1.png\",\"contentUrl\":\"https:\\\/\\\/www.zytho.ca\\\/wp-content\\\/uploads\\\/2025\\\/11\\\/Imag1.png\",\"width\":800,\"height\":800},{\"@type\":\"BreadcrumbList\",\"@id\":\"https:\\\/\\\/www.zytho.ca\\\/fr\\\/produit\\\/dechargeur-de-sacs-en-vrac\\\/#breadcrumb\",\"itemListElement\":[{\"@type\":\"ListItem\",\"position\":1,\"name\":\"Accueil\",\"item\":\"https:\\\/\\\/www.zytho.ca\\\/fr\\\/\"},{\"@type\":\"ListItem\",\"position\":2,\"name\":\"Shop\",\"item\":\"https:\\\/\\\/www.zytho.ca\\\/fr\\\/shop\\\/\"},{\"@type\":\"ListItem\",\"position\":3,\"name\":\"D\u00e9chargeur de sacs en vrac\"}]},{\"@type\":\"WebSite\",\"@id\":\"https:\\\/\\\/www.zytho.ca\\\/fr\\\/#website\",\"url\":\"https:\\\/\\\/www.zytho.ca\\\/fr\\\/\",\"name\":\"Zytho\",\"description\":\"\",\"publisher\":{\"@id\":\"https:\\\/\\\/www.zytho.ca\\\/fr\\\/#organization\"},\"potentialAction\":[{\"@type\":\"SearchAction\",\"target\":{\"@type\":\"EntryPoint\",\"urlTemplate\":\"https:\\\/\\\/www.zytho.ca\\\/fr\\\/?s={search_term_string}\"},\"query-input\":{\"@type\":\"PropertyValueSpecification\",\"valueRequired\":true,\"valueName\":\"search_term_string\"}}],\"inLanguage\":\"fr-FR\"},{\"@type\":\"Organization\",\"@id\":\"https:\\\/\\\/www.zytho.ca\\\/fr\\\/#organization\",\"name\":\"Zytho\",\"url\":\"https:\\\/\\\/www.zytho.ca\\\/fr\\\/\",\"logo\":{\"@type\":\"ImageObject\",\"inLanguage\":\"fr-FR\",\"@id\":\"https:\\\/\\\/www.zytho.ca\\\/fr\\\/#\\\/schema\\\/logo\\\/image\\\/\",\"url\":\"https:\\\/\\\/www.zytho.ca\\\/wp-content\\\/uploads\\\/2024\\\/05\\\/Zytho_reversed_horizontal.svg\",\"contentUrl\":\"https:\\\/\\\/www.zytho.ca\\\/wp-content\\\/uploads\\\/2024\\\/05\\\/Zytho_reversed_horizontal.svg\",\"width\":1582,\"height\":490,\"caption\":\"Zytho\"},\"image\":{\"@id\":\"https:\\\/\\\/www.zytho.ca\\\/fr\\\/#\\\/schema\\\/logo\\\/image\\\/\"}}]}<\/script>\n<!-- \/ Yoast SEO plugin. -->","yoast_head_json":{"title":"D\u00e9chargeur de sacs en vrac - Automatis\u00e9 | Zytho","description":"Les grands r\u00e9cipients pour vrac souples (GRVS), commun\u00e9ment appel\u00e9s \"sacs en vrac\" ou \"big bags\", sont utilis\u00e9s pour le transport de mat\u00e9riaux solides qui se pr\u00e9sentent g\u00e9n\u00e9ralement (mais pas exclusivement) sous forme de poudre, de paillettes ou de granul\u00e9s.","robots":{"index":"index","follow":"follow","max-snippet":"max-snippet:-1","max-image-preview":"max-image-preview:large","max-video-preview":"max-video-preview:-1"},"canonical":"https:\/\/www.zytho.ca\/fr\/produit\/dechargeur-de-sacs-en-vrac\/","og_locale":"fr_FR","og_type":"article","og_title":"D\u00e9chargeur de sacs en vrac - Automatis\u00e9 | Zytho","og_description":"Les grands r\u00e9cipients pour vrac souples (GRVS), commun\u00e9ment appel\u00e9s \"sacs en vrac\" ou \"big bags\", sont utilis\u00e9s pour le transport de mat\u00e9riaux solides qui se pr\u00e9sentent g\u00e9n\u00e9ralement (mais pas exclusivement) sous forme de poudre, de paillettes ou de granul\u00e9s.","og_url":"https:\/\/www.zytho.ca\/fr\/produit\/dechargeur-de-sacs-en-vrac\/","og_site_name":"Zytho","og_image":[{"width":800,"height":800,"url":"https:\/\/www.zytho.ca\/wp-content\/uploads\/2025\/11\/Imag1.png","type":"image\/png"}],"twitter_card":"summary_large_image","twitter_misc":{"Dur\u00e9e de lecture estim\u00e9e":"1 minute"},"schema":{"@context":"https:\/\/schema.org","@graph":[{"@type":"WebPage","@id":"https:\/\/www.zytho.ca\/fr\/produit\/dechargeur-de-sacs-en-vrac\/","url":"https:\/\/www.zytho.ca\/fr\/produit\/dechargeur-de-sacs-en-vrac\/","name":"D\u00e9chargeur de sacs en vrac - Automatis\u00e9 | Zytho","isPartOf":{"@id":"https:\/\/www.zytho.ca\/fr\/#website"},"primaryImageOfPage":{"@id":"https:\/\/www.zytho.ca\/fr\/produit\/dechargeur-de-sacs-en-vrac\/#primaryimage"},"image":{"@id":"https:\/\/www.zytho.ca\/fr\/produit\/dechargeur-de-sacs-en-vrac\/#primaryimage"},"thumbnailUrl":"https:\/\/www.zytho.ca\/wp-content\/uploads\/2025\/11\/Imag1.png","datePublished":"2025-11-03T10:53:48+00:00","description":"Les grands r\u00e9cipients pour vrac souples (GRVS), commun\u00e9ment appel\u00e9s \"sacs en vrac\" ou \"big bags\", sont utilis\u00e9s pour le transport de mat\u00e9riaux solides qui se pr\u00e9sentent g\u00e9n\u00e9ralement (mais pas exclusivement) sous forme de poudre, de paillettes ou de granul\u00e9s.","breadcrumb":{"@id":"https:\/\/www.zytho.ca\/fr\/produit\/dechargeur-de-sacs-en-vrac\/#breadcrumb"},"inLanguage":"fr-FR","potentialAction":[{"@type":"ReadAction","target":["https:\/\/www.zytho.ca\/fr\/produit\/dechargeur-de-sacs-en-vrac\/"]}]},{"@type":"ImageObject","inLanguage":"fr-FR","@id":"https:\/\/www.zytho.ca\/fr\/produit\/dechargeur-de-sacs-en-vrac\/#primaryimage","url":"https:\/\/www.zytho.ca\/wp-content\/uploads\/2025\/11\/Imag1.png","contentUrl":"https:\/\/www.zytho.ca\/wp-content\/uploads\/2025\/11\/Imag1.png","width":800,"height":800},{"@type":"BreadcrumbList","@id":"https:\/\/www.zytho.ca\/fr\/produit\/dechargeur-de-sacs-en-vrac\/#breadcrumb","itemListElement":[{"@type":"ListItem","position":1,"name":"Accueil","item":"https:\/\/www.zytho.ca\/fr\/"},{"@type":"ListItem","position":2,"name":"Shop","item":"https:\/\/www.zytho.ca\/fr\/shop\/"},{"@type":"ListItem","position":3,"name":"D\u00e9chargeur de sacs en vrac"}]},{"@type":"WebSite","@id":"https:\/\/www.zytho.ca\/fr\/#website","url":"https:\/\/www.zytho.ca\/fr\/","name":"Zytho","description":"","publisher":{"@id":"https:\/\/www.zytho.ca\/fr\/#organization"},"potentialAction":[{"@type":"SearchAction","target":{"@type":"EntryPoint","urlTemplate":"https:\/\/www.zytho.ca\/fr\/?s={search_term_string}"},"query-input":{"@type":"PropertyValueSpecification","valueRequired":true,"valueName":"search_term_string"}}],"inLanguage":"fr-FR"},{"@type":"Organization","@id":"https:\/\/www.zytho.ca\/fr\/#organization","name":"Zytho","url":"https:\/\/www.zytho.ca\/fr\/","logo":{"@type":"ImageObject","inLanguage":"fr-FR","@id":"https:\/\/www.zytho.ca\/fr\/#\/schema\/logo\/image\/","url":"https:\/\/www.zytho.ca\/wp-content\/uploads\/2024\/05\/Zytho_reversed_horizontal.svg","contentUrl":"https:\/\/www.zytho.ca\/wp-content\/uploads\/2024\/05\/Zytho_reversed_horizontal.svg","width":1582,"height":490,"caption":"Zytho"},"image":{"@id":"https:\/\/www.zytho.ca\/fr\/#\/schema\/logo\/image\/"}}]}},"_links":{"self":[{"href":"https:\/\/www.zytho.ca\/fr\/wp-json\/wp\/v2\/product\/16087","targetHints":{"allow":["GET"]}}],"collection":[{"href":"https:\/\/www.zytho.ca\/fr\/wp-json\/wp\/v2\/product"}],"about":[{"href":"https:\/\/www.zytho.ca\/fr\/wp-json\/wp\/v2\/types\/product"}],"wp:featuredmedia":[{"embeddable":true,"href":"https:\/\/www.zytho.ca\/fr\/wp-json\/wp\/v2\/media\/16085"}],"wp:attachment":[{"href":"https:\/\/www.zytho.ca\/fr\/wp-json\/wp\/v2\/media?parent=16087"}],"wp:term":[{"taxonomy":"product_brand","embeddable":true,"href":"https:\/\/www.zytho.ca\/fr\/wp-json\/wp\/v2\/product_brand?post=16087"},{"taxonomy":"product_cat","embeddable":true,"href":"https:\/\/www.zytho.ca\/fr\/wp-json\/wp\/v2\/product_cat?post=16087"},{"taxonomy":"product_tag","embeddable":true,"href":"https:\/\/www.zytho.ca\/fr\/wp-json\/wp\/v2\/product_tag?post=16087"}],"curies":[{"name":"wp","href":"https:\/\/api.w.org\/{rel}","templated":true}]}}