{"id":16042,"date":"2025-10-27T15:59:34","date_gmt":"2025-10-27T15:59:34","guid":{"rendered":"https:\/\/zytho.ca\/product\/radar-a-ondes-guidees-ifm\/"},"modified":"2025-10-27T15:59:34","modified_gmt":"2025-10-27T15:59:34","slug":"radar-a-ondes-guidees-ifm","status":"publish","type":"product","link":"https:\/\/www.zytho.ca\/fr\/produit\/radar-a-ondes-guidees-ifm\/","title":{"rendered":"Radar \u00e0 ondes guid\u00e9es &#8211; Ifm"},"content":{"rendered":"<h6><strong>IFM LR2050 Radar \u00e0 ondes guid\u00e9es &#8211; Capteur de niveau continu pour r\u00e9servoirs et cuves de traitement<\/strong><\/h6>\n<p>Le radar \u00e0 ondes guid\u00e9es IFM LR2050 permet de mesurer en continu le niveau des cuves et des conteneurs industriels, en utilisant la r\u00e9flectom\u00e9trie dans le domaine temporel (TDR) pour obtenir des mesures pr\u00e9cises dans l&#8217;eau, les huiles et les liquides de refroidissement. Con\u00e7ue pour \u00eatre mont\u00e9e sur le dessus, la sonde guide le signal radar directement vers le produit, ce qui garantit des performances stables dans les cuves agit\u00e9es, humides ou \u00e9troites. L&#8217;architecture modulaire s\u00e9pare l&#8217;unit\u00e9 d&#8217;\u00e9valuation de la sonde pour une installation et une maintenance plus souples.  <\/p>\n<h6><strong>Principaux avantages<\/strong><\/h6>\n<ul>\n<li>D\u00e9tection pr\u00e9cise et continue du niveau pour le contr\u00f4le des processus et la gestion des stocks<\/li>\n<li>Fonctionne de mani\u00e8re fiable dans l&#8217;eau, l&#8217;huile et les liquides de refroidissement<\/li>\n<li>Affichage LED clair \u00e0 4 chiffres pour une mise en service et un diagnostic rapides<\/li>\n<li>L&#8217;unit\u00e9 d&#8217;\u00e9valuation modulaire + la sonde simplifient l&#8217;entretien et les mises \u00e0 niveau<\/li>\n<li>La sonde coup\u00e9e \u00e0 la longueur s&#8217;adapte aux diff\u00e9rentes hauteurs et g\u00e9om\u00e9tries des r\u00e9servoirs<\/li>\n<li>Prise en charge de l&#8217;int\u00e9gration avec les PLC, le SCADA, les syst\u00e8mes de vannes et les actionneurs.<\/li>\n<\/ul>\n<h6><strong>Aper\u00e7u technique<\/strong><\/h6>\n<ul>\n<li>Principe : Radar \u00e0 ondes guid\u00e9es (TDR) pour la mesure de niveau en continu<\/li>\n<li>Compatibilit\u00e9 avec les fluides : Eau, huiles, liquides de refroidissement<\/li>\n<li>Affichage : LED haute visibilit\u00e9 \u00e0 4 chiffres<\/li>\n<li>M\u00e9canique : Sonde mont\u00e9e sur le dessus, ajustable pour s&#8217;adapter \u00e0 la hauteur du conteneur<\/li>\n<li>Architecture : T\u00eate (unit\u00e9 d&#8217;\u00e9valuation) et sonde modulaires-s\u00e9par\u00e9es pour un montage et un remplacement faciles<\/li>\n<li>Int\u00e9gration : Con\u00e7u pour l&#8217;automatisation industrielle et les r\u00e9seaux de capteurs<\/li>\n<\/ul>\n<p>Comptez sur le LR2050 pour un contr\u00f4le de niveau fiable et facile \u00e0 entretenir qui s&#8217;int\u00e8gre parfaitement dans les syst\u00e8mes d&#8217;automatisation et de contr\u00f4le modernes.<\/p>\n","protected":false},"excerpt":{"rendered":"<h4>Des mesures pr\u00e9cises pour des brassins pr\u00e9cis<\/h4>\n<p>Le radar \u00e0 ondes guid\u00e9es IFM LR2050 fournit une mesure de niveau pr\u00e9cise et continue, garantissant des performances fiables et une int\u00e9gration facile dans les processus de brassage.<\/p>\n<ul>\n<li>Assure une d\u00e9tection pr\u00e9cise du niveau pour un contr\u00f4le optimal du processus dans les cuves de brassage.<\/li>\n<li>Fonctionnement fiable dans diverses applications liquides, y compris l&#8217;eau et les huiles utilis\u00e9es dans la brasserie.<\/li>\n<li>La conception modulaire facilite l&#8217;installation et la maintenance, r\u00e9duisant ainsi les temps d&#8217;arr\u00eat.<\/li>\n<\/ul>\n","protected":false},"featured_media":16044,"template":"","meta":{"_acf_changed":false,"inline_featured_image":false},"product_brand":[1004],"product_cat":[1094,1106,736],"product_tag":[],"class_list":{"0":"post-16042","1":"product","2":"type-product","3":"status-publish","4":"has-post-thumbnail","6":"product_brand-ifm","7":"product_cat-capteurs","8":"product_cat-capteurs-de-niveau","9":"product_cat-distribution","11":"first","12":"instock","13":"downloadable","14":"taxable","15":"shipping-taxable","16":"purchasable","17":"product-type-simple"},"acf":[],"yoast_head":"<!-- This site is optimized with the Yoast SEO plugin v27.6 - https:\/\/yoast.com\/product\/yoast-seo-wordpress\/ -->\n<title>Radar \u00e0 ondes guid\u00e9es - Ifm - Zytho<\/title>\n<meta name=\"robots\" content=\"index, follow, max-snippet:-1, max-image-preview:large, max-video-preview:-1\" \/>\n<link rel=\"canonical\" href=\"https:\/\/www.zytho.ca\/fr\/produit\/radar-a-ondes-guidees-ifm\/\" \/>\n<meta property=\"og:locale\" content=\"fr_FR\" \/>\n<meta property=\"og:type\" content=\"article\" \/>\n<meta property=\"og:title\" content=\"Radar \u00e0 ondes guid\u00e9es - Ifm - Zytho\" \/>\n<meta property=\"og:description\" content=\"Des mesures pr\u00e9cises pour des brassins pr\u00e9cis Le radar \u00e0 ondes guid\u00e9es IFM LR2050 fournit une mesure de niveau pr\u00e9cise et continue, garantissant des performances fiables et une int\u00e9gration facile dans les processus de brassage.  Assure une d\u00e9tection pr\u00e9cise du niveau pour un contr\u00f4le optimal du processus dans les cuves de brassage.  Fonctionnement fiable dans diverses applications liquides, y compris l&#039;eau et les huiles utilis\u00e9es dans la brasserie.  La conception modulaire facilite l&#039;installation et la maintenance, r\u00e9duisant ainsi les temps d&#039;arr\u00eat.\" \/>\n<meta property=\"og:url\" content=\"https:\/\/www.zytho.ca\/fr\/produit\/radar-a-ondes-guidees-ifm\/\" \/>\n<meta property=\"og:site_name\" content=\"Zytho\" \/>\n<meta property=\"og:image\" content=\"https:\/\/www.zytho.ca\/wp-content\/uploads\/2025\/10\/LR2050.jpg\" \/>\n\t<meta property=\"og:image:width\" content=\"1500\" \/>\n\t<meta property=\"og:image:height\" content=\"1500\" \/>\n\t<meta property=\"og:image:type\" content=\"image\/jpeg\" \/>\n<meta name=\"twitter:card\" content=\"summary_large_image\" \/>\n<meta name=\"twitter:label1\" content=\"Dur\u00e9e de lecture estim\u00e9e\" \/>\n\t<meta name=\"twitter:data1\" content=\"2 minutes\" \/>\n<script type=\"application\/ld+json\" class=\"yoast-schema-graph\">{\"@context\":\"https:\\\/\\\/schema.org\",\"@graph\":[{\"@type\":\"WebPage\",\"@id\":\"https:\\\/\\\/www.zytho.ca\\\/fr\\\/produit\\\/radar-a-ondes-guidees-ifm\\\/\",\"url\":\"https:\\\/\\\/www.zytho.ca\\\/fr\\\/produit\\\/radar-a-ondes-guidees-ifm\\\/\",\"name\":\"Radar \u00e0 ondes guid\u00e9es - Ifm - Zytho\",\"isPartOf\":{\"@id\":\"https:\\\/\\\/www.zytho.ca\\\/fr\\\/#website\"},\"primaryImageOfPage\":{\"@id\":\"https:\\\/\\\/www.zytho.ca\\\/fr\\\/produit\\\/radar-a-ondes-guidees-ifm\\\/#primaryimage\"},\"image\":{\"@id\":\"https:\\\/\\\/www.zytho.ca\\\/fr\\\/produit\\\/radar-a-ondes-guidees-ifm\\\/#primaryimage\"},\"thumbnailUrl\":\"https:\\\/\\\/www.zytho.ca\\\/wp-content\\\/uploads\\\/2025\\\/10\\\/LR2050.jpg\",\"datePublished\":\"2025-10-27T15:59:34+00:00\",\"breadcrumb\":{\"@id\":\"https:\\\/\\\/www.zytho.ca\\\/fr\\\/produit\\\/radar-a-ondes-guidees-ifm\\\/#breadcrumb\"},\"inLanguage\":\"fr-FR\",\"potentialAction\":[{\"@type\":\"ReadAction\",\"target\":[\"https:\\\/\\\/www.zytho.ca\\\/fr\\\/produit\\\/radar-a-ondes-guidees-ifm\\\/\"]}]},{\"@type\":\"ImageObject\",\"inLanguage\":\"fr-FR\",\"@id\":\"https:\\\/\\\/www.zytho.ca\\\/fr\\\/produit\\\/radar-a-ondes-guidees-ifm\\\/#primaryimage\",\"url\":\"https:\\\/\\\/www.zytho.ca\\\/wp-content\\\/uploads\\\/2025\\\/10\\\/LR2050.jpg\",\"contentUrl\":\"https:\\\/\\\/www.zytho.ca\\\/wp-content\\\/uploads\\\/2025\\\/10\\\/LR2050.jpg\",\"width\":1500,\"height\":1500},{\"@type\":\"BreadcrumbList\",\"@id\":\"https:\\\/\\\/www.zytho.ca\\\/fr\\\/produit\\\/radar-a-ondes-guidees-ifm\\\/#breadcrumb\",\"itemListElement\":[{\"@type\":\"ListItem\",\"position\":1,\"name\":\"Accueil\",\"item\":\"https:\\\/\\\/www.zytho.ca\\\/fr\\\/\"},{\"@type\":\"ListItem\",\"position\":2,\"name\":\"Shop\",\"item\":\"https:\\\/\\\/www.zytho.ca\\\/fr\\\/shop\\\/\"},{\"@type\":\"ListItem\",\"position\":3,\"name\":\"Radar \u00e0 ondes guid\u00e9es &#8211; Ifm\"}]},{\"@type\":\"WebSite\",\"@id\":\"https:\\\/\\\/www.zytho.ca\\\/fr\\\/#website\",\"url\":\"https:\\\/\\\/www.zytho.ca\\\/fr\\\/\",\"name\":\"Zytho\",\"description\":\"\",\"publisher\":{\"@id\":\"https:\\\/\\\/www.zytho.ca\\\/fr\\\/#organization\"},\"potentialAction\":[{\"@type\":\"SearchAction\",\"target\":{\"@type\":\"EntryPoint\",\"urlTemplate\":\"https:\\\/\\\/www.zytho.ca\\\/fr\\\/?s={search_term_string}\"},\"query-input\":{\"@type\":\"PropertyValueSpecification\",\"valueRequired\":true,\"valueName\":\"search_term_string\"}}],\"inLanguage\":\"fr-FR\"},{\"@type\":\"Organization\",\"@id\":\"https:\\\/\\\/www.zytho.ca\\\/fr\\\/#organization\",\"name\":\"Zytho\",\"url\":\"https:\\\/\\\/www.zytho.ca\\\/fr\\\/\",\"logo\":{\"@type\":\"ImageObject\",\"inLanguage\":\"fr-FR\",\"@id\":\"https:\\\/\\\/www.zytho.ca\\\/fr\\\/#\\\/schema\\\/logo\\\/image\\\/\",\"url\":\"https:\\\/\\\/www.zytho.ca\\\/wp-content\\\/uploads\\\/2024\\\/05\\\/Zytho_reversed_horizontal.svg\",\"contentUrl\":\"https:\\\/\\\/www.zytho.ca\\\/wp-content\\\/uploads\\\/2024\\\/05\\\/Zytho_reversed_horizontal.svg\",\"width\":1582,\"height\":490,\"caption\":\"Zytho\"},\"image\":{\"@id\":\"https:\\\/\\\/www.zytho.ca\\\/fr\\\/#\\\/schema\\\/logo\\\/image\\\/\"}}]}<\/script>\n<!-- \/ Yoast SEO plugin. -->","yoast_head_json":{"title":"Radar \u00e0 ondes guid\u00e9es - Ifm - Zytho","robots":{"index":"index","follow":"follow","max-snippet":"max-snippet:-1","max-image-preview":"max-image-preview:large","max-video-preview":"max-video-preview:-1"},"canonical":"https:\/\/www.zytho.ca\/fr\/produit\/radar-a-ondes-guidees-ifm\/","og_locale":"fr_FR","og_type":"article","og_title":"Radar \u00e0 ondes guid\u00e9es - Ifm - Zytho","og_description":"Des mesures pr\u00e9cises pour des brassins pr\u00e9cis Le radar \u00e0 ondes guid\u00e9es IFM LR2050 fournit une mesure de niveau pr\u00e9cise et continue, garantissant des performances fiables et une int\u00e9gration facile dans les processus de brassage.  Assure une d\u00e9tection pr\u00e9cise du niveau pour un contr\u00f4le optimal du processus dans les cuves de brassage.  Fonctionnement fiable dans diverses applications liquides, y compris l'eau et les huiles utilis\u00e9es dans la brasserie.  La conception modulaire facilite l'installation et la maintenance, r\u00e9duisant ainsi les temps d'arr\u00eat.","og_url":"https:\/\/www.zytho.ca\/fr\/produit\/radar-a-ondes-guidees-ifm\/","og_site_name":"Zytho","og_image":[{"width":1500,"height":1500,"url":"https:\/\/www.zytho.ca\/wp-content\/uploads\/2025\/10\/LR2050.jpg","type":"image\/jpeg"}],"twitter_card":"summary_large_image","twitter_misc":{"Dur\u00e9e de lecture estim\u00e9e":"2 minutes"},"schema":{"@context":"https:\/\/schema.org","@graph":[{"@type":"WebPage","@id":"https:\/\/www.zytho.ca\/fr\/produit\/radar-a-ondes-guidees-ifm\/","url":"https:\/\/www.zytho.ca\/fr\/produit\/radar-a-ondes-guidees-ifm\/","name":"Radar \u00e0 ondes guid\u00e9es - Ifm - Zytho","isPartOf":{"@id":"https:\/\/www.zytho.ca\/fr\/#website"},"primaryImageOfPage":{"@id":"https:\/\/www.zytho.ca\/fr\/produit\/radar-a-ondes-guidees-ifm\/#primaryimage"},"image":{"@id":"https:\/\/www.zytho.ca\/fr\/produit\/radar-a-ondes-guidees-ifm\/#primaryimage"},"thumbnailUrl":"https:\/\/www.zytho.ca\/wp-content\/uploads\/2025\/10\/LR2050.jpg","datePublished":"2025-10-27T15:59:34+00:00","breadcrumb":{"@id":"https:\/\/www.zytho.ca\/fr\/produit\/radar-a-ondes-guidees-ifm\/#breadcrumb"},"inLanguage":"fr-FR","potentialAction":[{"@type":"ReadAction","target":["https:\/\/www.zytho.ca\/fr\/produit\/radar-a-ondes-guidees-ifm\/"]}]},{"@type":"ImageObject","inLanguage":"fr-FR","@id":"https:\/\/www.zytho.ca\/fr\/produit\/radar-a-ondes-guidees-ifm\/#primaryimage","url":"https:\/\/www.zytho.ca\/wp-content\/uploads\/2025\/10\/LR2050.jpg","contentUrl":"https:\/\/www.zytho.ca\/wp-content\/uploads\/2025\/10\/LR2050.jpg","width":1500,"height":1500},{"@type":"BreadcrumbList","@id":"https:\/\/www.zytho.ca\/fr\/produit\/radar-a-ondes-guidees-ifm\/#breadcrumb","itemListElement":[{"@type":"ListItem","position":1,"name":"Accueil","item":"https:\/\/www.zytho.ca\/fr\/"},{"@type":"ListItem","position":2,"name":"Shop","item":"https:\/\/www.zytho.ca\/fr\/shop\/"},{"@type":"ListItem","position":3,"name":"Radar \u00e0 ondes guid\u00e9es &#8211; Ifm"}]},{"@type":"WebSite","@id":"https:\/\/www.zytho.ca\/fr\/#website","url":"https:\/\/www.zytho.ca\/fr\/","name":"Zytho","description":"","publisher":{"@id":"https:\/\/www.zytho.ca\/fr\/#organization"},"potentialAction":[{"@type":"SearchAction","target":{"@type":"EntryPoint","urlTemplate":"https:\/\/www.zytho.ca\/fr\/?s={search_term_string}"},"query-input":{"@type":"PropertyValueSpecification","valueRequired":true,"valueName":"search_term_string"}}],"inLanguage":"fr-FR"},{"@type":"Organization","@id":"https:\/\/www.zytho.ca\/fr\/#organization","name":"Zytho","url":"https:\/\/www.zytho.ca\/fr\/","logo":{"@type":"ImageObject","inLanguage":"fr-FR","@id":"https:\/\/www.zytho.ca\/fr\/#\/schema\/logo\/image\/","url":"https:\/\/www.zytho.ca\/wp-content\/uploads\/2024\/05\/Zytho_reversed_horizontal.svg","contentUrl":"https:\/\/www.zytho.ca\/wp-content\/uploads\/2024\/05\/Zytho_reversed_horizontal.svg","width":1582,"height":490,"caption":"Zytho"},"image":{"@id":"https:\/\/www.zytho.ca\/fr\/#\/schema\/logo\/image\/"}}]}},"_links":{"self":[{"href":"https:\/\/www.zytho.ca\/fr\/wp-json\/wp\/v2\/product\/16042","targetHints":{"allow":["GET"]}}],"collection":[{"href":"https:\/\/www.zytho.ca\/fr\/wp-json\/wp\/v2\/product"}],"about":[{"href":"https:\/\/www.zytho.ca\/fr\/wp-json\/wp\/v2\/types\/product"}],"wp:featuredmedia":[{"embeddable":true,"href":"https:\/\/www.zytho.ca\/fr\/wp-json\/wp\/v2\/media\/16044"}],"wp:attachment":[{"href":"https:\/\/www.zytho.ca\/fr\/wp-json\/wp\/v2\/media?parent=16042"}],"wp:term":[{"taxonomy":"product_brand","embeddable":true,"href":"https:\/\/www.zytho.ca\/fr\/wp-json\/wp\/v2\/product_brand?post=16042"},{"taxonomy":"product_cat","embeddable":true,"href":"https:\/\/www.zytho.ca\/fr\/wp-json\/wp\/v2\/product_cat?post=16042"},{"taxonomy":"product_tag","embeddable":true,"href":"https:\/\/www.zytho.ca\/fr\/wp-json\/wp\/v2\/product_tag?post=16042"}],"curies":[{"name":"wp","href":"https:\/\/api.w.org\/{rel}","templated":true}]}}