{"id":16010,"date":"2025-10-27T15:59:35","date_gmt":"2025-10-27T15:59:35","guid":{"rendered":"https:\/\/zytho.ca\/product\/debitmetre-a-ultrasons-ifm-2\/"},"modified":"2025-10-27T15:59:35","modified_gmt":"2025-10-27T15:59:35","slug":"debitmetre-a-ultrasons-ifm-2","status":"publish","type":"product","link":"https:\/\/www.zytho.ca\/fr\/produit\/debitmetre-a-ultrasons-ifm-2\/","title":{"rendered":"D\u00e9bitm\u00e8tre \u00e0 ultrasons &#8211; Ifm"},"content":{"rendered":"<h6><strong>IFM SU8020 D\u00e9bitm\u00e8tre \u00e0 ultrasons &#8211; Capteur en ligne pour une mesure pr\u00e9cise de l&#8217;eau et de l&#8217;eau ultrapure<\/strong><\/h6>\n<p>Con\u00e7u pour les lignes de traitement de l&#8217;eau et de l&#8217;eau d\u00e9ionis\u00e9e\/ultrapure, l&#8217;IFM SU8020 fournit une mesure de d\u00e9bit en ligne stable pour les skids, les boucles de filtration et les syst\u00e8mes de vannes o\u00f9 l&#8217;absence de contamination et la r\u00e9p\u00e9tabilit\u00e9 sont importantes. Son principe ultrasonique fournit des lectures pr\u00e9cises sans d\u00e9pendre du mat\u00e9riau du tuyau ou de l&#8217;\u00e9paisseur de la paroi, ce qui le rend id\u00e9al pour les \u00e9quipements OEM, les services publics et le dosage automatis\u00e9 ou le contr\u00f4le des actionneurs. <\/p>\n<h6><strong>Principaux avantages<\/strong><\/h6>\n<ul>\n<li>Mesure en ligne de haute pr\u00e9cision non affect\u00e9e par le mat\u00e9riau ou l&#8217;\u00e9paisseur du tube<\/li>\n<li>Tube de mesure hygi\u00e9nique, enti\u00e8rement inoxydable, sans pi\u00e8ces mobiles pour une maintenance r\u00e9duite<\/li>\n<li>La conception enti\u00e8rement \u00e9tanche r\u00e9siste aux infiltrations pour une fiabilit\u00e9 \u00e0 long terme.<\/li>\n<li>L&#8217;indicateur d&#8217;\u00e9tat LED permet de diagnostiquer rapidement le capteur et de v\u00e9rifier le processus.<\/li>\n<li>Le facteur de forme compact permet un montage en ligne direct et une int\u00e9gration dans les syst\u00e8mes de vannes et d&#8217;actionneurs command\u00e9s par automate programmable.<\/li>\n<\/ul>\n<h6><strong>Aper\u00e7u technique<\/strong><\/h6>\n<ul>\n<li>Principe de mesure : temps de transit ultrasonique, en ligne<\/li>\n<li>M\u00e9dias : Eau et eau ultrapure\/DI<\/li>\n<li>Tube de mesure : Acier inoxydable robuste, parcours d&#8217;\u00e9coulement sans composant<\/li>\n<li>Installation : Montage en ligne dans une tuyauterie ferm\u00e9e ; aucun redresseur de flux n&#8217;est g\u00e9n\u00e9ralement n\u00e9cessaire<\/li>\n<li>Diagnostics : LED d&#8217;\u00e9tat de fonctionnement en fa\u00e7ade pour le capteur et l&#8217;\u00e9tat du processus<\/li>\n<li>Domaines d&#8217;application : Circuits d&#8217;eau industrielle, boucles d&#8217;eau ultrapure, machines OEM, dosage automatis\u00e9 et contr\u00f4le des vannes.<\/li>\n<\/ul>\n<p>Con\u00e7u pour l&#8217;automatisation industrielle, le SU8020 offre des performances fiables et une int\u00e9gration facile avec les syst\u00e8mes PLC\/SCADA pour maintenir la stabilit\u00e9 et la conformit\u00e9 de votre processus.<\/p>\n","protected":false},"excerpt":{"rendered":"<h4>Principaux avantages du d\u00e9bitm\u00e8tre \u00e0 ultrasons IFM SU8020 pour les brasseurs professionnels<\/h4>\n<p>Le d\u00e9bitm\u00e8tre \u00e0 ultrasons IFM SU8020 offre une mesure pr\u00e9cise et fiable du d\u00e9bit en ligne, id\u00e9ale pour maintenir des op\u00e9rations sans contamination dans les processus de brassage.<\/p>\n<ul>\n<li>Garantit une mesure de d\u00e9bit de haute pr\u00e9cision non affect\u00e9e par le mat\u00e9riau du tuyau, parfaite pour une qualit\u00e9 de brassage constante.<\/li>\n<li>La conception hygi\u00e9nique en acier inoxydable ne comporte aucune pi\u00e8ce mobile, ce qui minimise la maintenance et les temps d&#8217;arr\u00eat.<\/li>\n<li>Compact et facile \u00e0 int\u00e9grer dans les syst\u00e8mes de brassage existants, il am\u00e9liore le contr\u00f4le et l&#8217;efficacit\u00e9 du processus.<\/li>\n<\/ul>\n","protected":false},"featured_media":16013,"template":"","meta":{"_acf_changed":false,"inline_featured_image":false},"product_brand":[1004],"product_cat":[1384,736],"product_tag":[],"class_list":{"0":"post-16010","1":"product","2":"type-product","3":"status-publish","4":"has-post-thumbnail","6":"product_brand-ifm","7":"product_cat-debitmetres-pour-leau","8":"product_cat-distribution","10":"first","11":"instock","12":"downloadable","13":"taxable","14":"shipping-taxable","15":"purchasable","16":"product-type-simple"},"acf":[],"yoast_head":"<!-- This site is optimized with the Yoast SEO plugin v27.6 - https:\/\/yoast.com\/product\/yoast-seo-wordpress\/ -->\n<title>D\u00e9bitm\u00e8tre \u00e0 ultrasons - Ifm - Zytho<\/title>\n<meta name=\"robots\" content=\"index, follow, max-snippet:-1, max-image-preview:large, max-video-preview:-1\" \/>\n<link rel=\"canonical\" href=\"https:\/\/www.zytho.ca\/fr\/produit\/debitmetre-a-ultrasons-ifm-2\/\" \/>\n<meta property=\"og:locale\" content=\"fr_FR\" \/>\n<meta property=\"og:type\" content=\"article\" \/>\n<meta property=\"og:title\" content=\"D\u00e9bitm\u00e8tre \u00e0 ultrasons - Ifm - Zytho\" \/>\n<meta property=\"og:description\" content=\"Principaux avantages du d\u00e9bitm\u00e8tre \u00e0 ultrasons IFM SU8020 pour les brasseurs professionnels Le d\u00e9bitm\u00e8tre \u00e0 ultrasons IFM SU8020 offre une mesure pr\u00e9cise et fiable du d\u00e9bit en ligne, id\u00e9ale pour maintenir des op\u00e9rations sans contamination dans les processus de brassage.    Garantit une mesure de d\u00e9bit de haute pr\u00e9cision non affect\u00e9e par le mat\u00e9riau du tuyau, parfaite pour une qualit\u00e9 de brassage constante.   La conception hygi\u00e9nique en acier inoxydable ne comporte aucune pi\u00e8ce mobile, ce qui minimise la maintenance et les temps d&#039;arr\u00eat.   Compact et facile \u00e0 int\u00e9grer dans les syst\u00e8mes de brassage existants, il am\u00e9liore le contr\u00f4le et l&#039;efficacit\u00e9 du processus.\" \/>\n<meta property=\"og:url\" content=\"https:\/\/www.zytho.ca\/fr\/produit\/debitmetre-a-ultrasons-ifm-2\/\" \/>\n<meta property=\"og:site_name\" content=\"Zytho\" \/>\n<meta property=\"og:image\" content=\"https:\/\/www.zytho.ca\/wp-content\/uploads\/2025\/10\/SU8020.jpg\" \/>\n\t<meta property=\"og:image:width\" content=\"1500\" \/>\n\t<meta property=\"og:image:height\" content=\"1500\" \/>\n\t<meta property=\"og:image:type\" content=\"image\/jpeg\" \/>\n<meta name=\"twitter:card\" content=\"summary_large_image\" \/>\n<meta name=\"twitter:label1\" content=\"Dur\u00e9e de lecture estim\u00e9e\" \/>\n\t<meta name=\"twitter:data1\" content=\"2 minutes\" \/>\n<script type=\"application\/ld+json\" class=\"yoast-schema-graph\">{\"@context\":\"https:\\\/\\\/schema.org\",\"@graph\":[{\"@type\":\"WebPage\",\"@id\":\"https:\\\/\\\/www.zytho.ca\\\/fr\\\/produit\\\/debitmetre-a-ultrasons-ifm-2\\\/\",\"url\":\"https:\\\/\\\/www.zytho.ca\\\/fr\\\/produit\\\/debitmetre-a-ultrasons-ifm-2\\\/\",\"name\":\"D\u00e9bitm\u00e8tre \u00e0 ultrasons - Ifm - Zytho\",\"isPartOf\":{\"@id\":\"https:\\\/\\\/www.zytho.ca\\\/fr\\\/#website\"},\"primaryImageOfPage\":{\"@id\":\"https:\\\/\\\/www.zytho.ca\\\/fr\\\/produit\\\/debitmetre-a-ultrasons-ifm-2\\\/#primaryimage\"},\"image\":{\"@id\":\"https:\\\/\\\/www.zytho.ca\\\/fr\\\/produit\\\/debitmetre-a-ultrasons-ifm-2\\\/#primaryimage\"},\"thumbnailUrl\":\"https:\\\/\\\/www.zytho.ca\\\/wp-content\\\/uploads\\\/2025\\\/10\\\/SU8020.jpg\",\"datePublished\":\"2025-10-27T15:59:35+00:00\",\"breadcrumb\":{\"@id\":\"https:\\\/\\\/www.zytho.ca\\\/fr\\\/produit\\\/debitmetre-a-ultrasons-ifm-2\\\/#breadcrumb\"},\"inLanguage\":\"fr-FR\",\"potentialAction\":[{\"@type\":\"ReadAction\",\"target\":[\"https:\\\/\\\/www.zytho.ca\\\/fr\\\/produit\\\/debitmetre-a-ultrasons-ifm-2\\\/\"]}]},{\"@type\":\"ImageObject\",\"inLanguage\":\"fr-FR\",\"@id\":\"https:\\\/\\\/www.zytho.ca\\\/fr\\\/produit\\\/debitmetre-a-ultrasons-ifm-2\\\/#primaryimage\",\"url\":\"https:\\\/\\\/www.zytho.ca\\\/wp-content\\\/uploads\\\/2025\\\/10\\\/SU8020.jpg\",\"contentUrl\":\"https:\\\/\\\/www.zytho.ca\\\/wp-content\\\/uploads\\\/2025\\\/10\\\/SU8020.jpg\",\"width\":1500,\"height\":1500},{\"@type\":\"BreadcrumbList\",\"@id\":\"https:\\\/\\\/www.zytho.ca\\\/fr\\\/produit\\\/debitmetre-a-ultrasons-ifm-2\\\/#breadcrumb\",\"itemListElement\":[{\"@type\":\"ListItem\",\"position\":1,\"name\":\"Accueil\",\"item\":\"https:\\\/\\\/www.zytho.ca\\\/fr\\\/\"},{\"@type\":\"ListItem\",\"position\":2,\"name\":\"Shop\",\"item\":\"https:\\\/\\\/www.zytho.ca\\\/fr\\\/shop\\\/\"},{\"@type\":\"ListItem\",\"position\":3,\"name\":\"D\u00e9bitm\u00e8tre \u00e0 ultrasons &#8211; Ifm\"}]},{\"@type\":\"WebSite\",\"@id\":\"https:\\\/\\\/www.zytho.ca\\\/fr\\\/#website\",\"url\":\"https:\\\/\\\/www.zytho.ca\\\/fr\\\/\",\"name\":\"Zytho\",\"description\":\"\",\"publisher\":{\"@id\":\"https:\\\/\\\/www.zytho.ca\\\/fr\\\/#organization\"},\"potentialAction\":[{\"@type\":\"SearchAction\",\"target\":{\"@type\":\"EntryPoint\",\"urlTemplate\":\"https:\\\/\\\/www.zytho.ca\\\/fr\\\/?s={search_term_string}\"},\"query-input\":{\"@type\":\"PropertyValueSpecification\",\"valueRequired\":true,\"valueName\":\"search_term_string\"}}],\"inLanguage\":\"fr-FR\"},{\"@type\":\"Organization\",\"@id\":\"https:\\\/\\\/www.zytho.ca\\\/fr\\\/#organization\",\"name\":\"Zytho\",\"url\":\"https:\\\/\\\/www.zytho.ca\\\/fr\\\/\",\"logo\":{\"@type\":\"ImageObject\",\"inLanguage\":\"fr-FR\",\"@id\":\"https:\\\/\\\/www.zytho.ca\\\/fr\\\/#\\\/schema\\\/logo\\\/image\\\/\",\"url\":\"https:\\\/\\\/www.zytho.ca\\\/wp-content\\\/uploads\\\/2024\\\/05\\\/Zytho_reversed_horizontal.svg\",\"contentUrl\":\"https:\\\/\\\/www.zytho.ca\\\/wp-content\\\/uploads\\\/2024\\\/05\\\/Zytho_reversed_horizontal.svg\",\"width\":1582,\"height\":490,\"caption\":\"Zytho\"},\"image\":{\"@id\":\"https:\\\/\\\/www.zytho.ca\\\/fr\\\/#\\\/schema\\\/logo\\\/image\\\/\"}}]}<\/script>\n<!-- \/ Yoast SEO plugin. -->","yoast_head_json":{"title":"D\u00e9bitm\u00e8tre \u00e0 ultrasons - Ifm - Zytho","robots":{"index":"index","follow":"follow","max-snippet":"max-snippet:-1","max-image-preview":"max-image-preview:large","max-video-preview":"max-video-preview:-1"},"canonical":"https:\/\/www.zytho.ca\/fr\/produit\/debitmetre-a-ultrasons-ifm-2\/","og_locale":"fr_FR","og_type":"article","og_title":"D\u00e9bitm\u00e8tre \u00e0 ultrasons - Ifm - Zytho","og_description":"Principaux avantages du d\u00e9bitm\u00e8tre \u00e0 ultrasons IFM SU8020 pour les brasseurs professionnels Le d\u00e9bitm\u00e8tre \u00e0 ultrasons IFM SU8020 offre une mesure pr\u00e9cise et fiable du d\u00e9bit en ligne, id\u00e9ale pour maintenir des op\u00e9rations sans contamination dans les processus de brassage.    Garantit une mesure de d\u00e9bit de haute pr\u00e9cision non affect\u00e9e par le mat\u00e9riau du tuyau, parfaite pour une qualit\u00e9 de brassage constante.   La conception hygi\u00e9nique en acier inoxydable ne comporte aucune pi\u00e8ce mobile, ce qui minimise la maintenance et les temps d'arr\u00eat.   Compact et facile \u00e0 int\u00e9grer dans les syst\u00e8mes de brassage existants, il am\u00e9liore le contr\u00f4le et l'efficacit\u00e9 du processus.","og_url":"https:\/\/www.zytho.ca\/fr\/produit\/debitmetre-a-ultrasons-ifm-2\/","og_site_name":"Zytho","og_image":[{"width":1500,"height":1500,"url":"https:\/\/www.zytho.ca\/wp-content\/uploads\/2025\/10\/SU8020.jpg","type":"image\/jpeg"}],"twitter_card":"summary_large_image","twitter_misc":{"Dur\u00e9e de lecture estim\u00e9e":"2 minutes"},"schema":{"@context":"https:\/\/schema.org","@graph":[{"@type":"WebPage","@id":"https:\/\/www.zytho.ca\/fr\/produit\/debitmetre-a-ultrasons-ifm-2\/","url":"https:\/\/www.zytho.ca\/fr\/produit\/debitmetre-a-ultrasons-ifm-2\/","name":"D\u00e9bitm\u00e8tre \u00e0 ultrasons - Ifm - Zytho","isPartOf":{"@id":"https:\/\/www.zytho.ca\/fr\/#website"},"primaryImageOfPage":{"@id":"https:\/\/www.zytho.ca\/fr\/produit\/debitmetre-a-ultrasons-ifm-2\/#primaryimage"},"image":{"@id":"https:\/\/www.zytho.ca\/fr\/produit\/debitmetre-a-ultrasons-ifm-2\/#primaryimage"},"thumbnailUrl":"https:\/\/www.zytho.ca\/wp-content\/uploads\/2025\/10\/SU8020.jpg","datePublished":"2025-10-27T15:59:35+00:00","breadcrumb":{"@id":"https:\/\/www.zytho.ca\/fr\/produit\/debitmetre-a-ultrasons-ifm-2\/#breadcrumb"},"inLanguage":"fr-FR","potentialAction":[{"@type":"ReadAction","target":["https:\/\/www.zytho.ca\/fr\/produit\/debitmetre-a-ultrasons-ifm-2\/"]}]},{"@type":"ImageObject","inLanguage":"fr-FR","@id":"https:\/\/www.zytho.ca\/fr\/produit\/debitmetre-a-ultrasons-ifm-2\/#primaryimage","url":"https:\/\/www.zytho.ca\/wp-content\/uploads\/2025\/10\/SU8020.jpg","contentUrl":"https:\/\/www.zytho.ca\/wp-content\/uploads\/2025\/10\/SU8020.jpg","width":1500,"height":1500},{"@type":"BreadcrumbList","@id":"https:\/\/www.zytho.ca\/fr\/produit\/debitmetre-a-ultrasons-ifm-2\/#breadcrumb","itemListElement":[{"@type":"ListItem","position":1,"name":"Accueil","item":"https:\/\/www.zytho.ca\/fr\/"},{"@type":"ListItem","position":2,"name":"Shop","item":"https:\/\/www.zytho.ca\/fr\/shop\/"},{"@type":"ListItem","position":3,"name":"D\u00e9bitm\u00e8tre \u00e0 ultrasons &#8211; Ifm"}]},{"@type":"WebSite","@id":"https:\/\/www.zytho.ca\/fr\/#website","url":"https:\/\/www.zytho.ca\/fr\/","name":"Zytho","description":"","publisher":{"@id":"https:\/\/www.zytho.ca\/fr\/#organization"},"potentialAction":[{"@type":"SearchAction","target":{"@type":"EntryPoint","urlTemplate":"https:\/\/www.zytho.ca\/fr\/?s={search_term_string}"},"query-input":{"@type":"PropertyValueSpecification","valueRequired":true,"valueName":"search_term_string"}}],"inLanguage":"fr-FR"},{"@type":"Organization","@id":"https:\/\/www.zytho.ca\/fr\/#organization","name":"Zytho","url":"https:\/\/www.zytho.ca\/fr\/","logo":{"@type":"ImageObject","inLanguage":"fr-FR","@id":"https:\/\/www.zytho.ca\/fr\/#\/schema\/logo\/image\/","url":"https:\/\/www.zytho.ca\/wp-content\/uploads\/2024\/05\/Zytho_reversed_horizontal.svg","contentUrl":"https:\/\/www.zytho.ca\/wp-content\/uploads\/2024\/05\/Zytho_reversed_horizontal.svg","width":1582,"height":490,"caption":"Zytho"},"image":{"@id":"https:\/\/www.zytho.ca\/fr\/#\/schema\/logo\/image\/"}}]}},"_links":{"self":[{"href":"https:\/\/www.zytho.ca\/fr\/wp-json\/wp\/v2\/product\/16010","targetHints":{"allow":["GET"]}}],"collection":[{"href":"https:\/\/www.zytho.ca\/fr\/wp-json\/wp\/v2\/product"}],"about":[{"href":"https:\/\/www.zytho.ca\/fr\/wp-json\/wp\/v2\/types\/product"}],"wp:featuredmedia":[{"embeddable":true,"href":"https:\/\/www.zytho.ca\/fr\/wp-json\/wp\/v2\/media\/16013"}],"wp:attachment":[{"href":"https:\/\/www.zytho.ca\/fr\/wp-json\/wp\/v2\/media?parent=16010"}],"wp:term":[{"taxonomy":"product_brand","embeddable":true,"href":"https:\/\/www.zytho.ca\/fr\/wp-json\/wp\/v2\/product_brand?post=16010"},{"taxonomy":"product_cat","embeddable":true,"href":"https:\/\/www.zytho.ca\/fr\/wp-json\/wp\/v2\/product_cat?post=16010"},{"taxonomy":"product_tag","embeddable":true,"href":"https:\/\/www.zytho.ca\/fr\/wp-json\/wp\/v2\/product_tag?post=16010"}],"curies":[{"name":"wp","href":"https:\/\/api.w.org\/{rel}","templated":true}]}}