{"id":14797,"date":"2025-10-27T15:58:27","date_gmt":"2025-10-27T15:58:27","guid":{"rendered":"https:\/\/zytho.ca\/product\/alimentation-ifm\/"},"modified":"2025-11-03T07:12:17","modified_gmt":"2025-11-03T07:12:17","slug":"alimentation-ifm","status":"publish","type":"product","link":"https:\/\/www.zytho.ca\/fr\/produit\/alimentation-ifm\/","title":{"rendered":"Alimentation &#8211; Ifm"},"content":{"rendered":"<h6><strong>IFM E80121 Alimentation &#8211; 24 V DC pour capteurs et actionneurs dans l&#8217;automatisation compacte<\/strong><\/h6>\n<p>L&#8217;IFM E80121 fournit un rail stable de 24 V CC aux appareils de terrain, con\u00e7u pour les armoires de commande et les configurations de machines o\u00f9 chaque millim\u00e8tre compte. Son encombrement r\u00e9duit et son connecteur M12 \u00e9prouv\u00e9 permettent une connexion rapide et sans erreur aux capteurs, actionneurs, syst\u00e8mes de vannes et modules d&#8217;E\/S dans les \u00e9quipements d&#8217;emballage, d&#8217;assemblage et de manutention. <\/p>\n<h6><strong>Principaux avantages :<\/strong><\/h6>\n<ul>\n<li>Sortie 24 V DC stable pour un fonctionnement fiable du capteur\/actionneur<\/li>\n<li>Facteur de forme compact pour maximiser l&#8217;espace du panneau de contr\u00f4le<\/li>\n<li>C\u00e2blage rapide et infaillible via le connecteur M12 pour r\u00e9duire le temps d&#8217;installation<\/li>\n<li>Construction de qualit\u00e9 industrielle pour un fonctionnement continu dans des environnements difficiles<\/li>\n<li>S&#8217;int\u00e8gre parfaitement dans les architectures d&#8217;E\/S modulaires et bas\u00e9es sur des API<\/li>\n<\/ul>\n<h6><strong>D\u00e9tails du produit :<\/strong><\/h6>\n<ul>\n<li>Tension de sortie : 24 V DC (r\u00e9gul\u00e9e)<\/li>\n<li>Connexion : Interface avec connecteur M12 pour la distribution de l&#8217;\u00e9nergie<\/li>\n<li>Cas d&#8217;utilisation : alimentation de capteurs, d&#8217;actionneurs, de collecteurs de vannes et de blocs d&#8217;E\/S<\/li>\n<li>Facteur de forme : conception peu encombrante pour les panneaux de contr\u00f4le et les machines denses<\/li>\n<li>Int\u00e9gration : convient pour les convoyeurs, les lignes d&#8217;emballage, les cellules d&#8217;assemblage et les stations robotis\u00e9es.<\/li>\n<\/ul>\n<p>Comptez sur le E80121 pour une alimentation fiable en 24 V et une int\u00e9gration ais\u00e9e dans les syst\u00e8mes d&#8217;automatisation modernes.<\/p>\n","protected":false},"excerpt":{"rendered":"<h4>Solution d&#8217;alimentation fiable et compacte pour les syst\u00e8mes d&#8217;automatisation<\/h4>\n<ul>\n<li>Assure une sortie constante de 24 V CC pour un fonctionnement fiable de l&#8217;\u00e9quipement d&#8217;automatisation.<\/li>\n<li>La conception peu encombrante optimise l&#8217;agencement des panneaux de commande dans les espaces restreints.<\/li>\n<li>Les connexions rapides et s\u00fbres avec les connecteurs M12 r\u00e9duisent le temps d&#8217;installation et les erreurs.<\/li>\n<\/ul>\n","protected":false},"featured_media":14798,"template":"","meta":{"_acf_changed":false,"inline_featured_image":false},"product_brand":[1004],"product_cat":[1114,1113,736],"product_tag":[],"class_list":{"0":"post-14797","1":"product","2":"type-product","3":"status-publish","4":"has-post-thumbnail","6":"product_brand-ifm","7":"product_cat-alimentation-electrique","8":"product_cat-alimentations-24-v-dc","9":"product_cat-distribution","11":"first","12":"instock","13":"downloadable","14":"taxable","15":"shipping-taxable","16":"purchasable","17":"product-type-simple"},"acf":[],"yoast_head":"<!-- This site is optimized with the Yoast SEO plugin v27.6 - https:\/\/yoast.com\/product\/yoast-seo-wordpress\/ -->\n<title>Alimentation - Ifm - Zytho<\/title>\n<meta name=\"robots\" content=\"index, follow, max-snippet:-1, max-image-preview:large, max-video-preview:-1\" \/>\n<link rel=\"canonical\" href=\"https:\/\/www.zytho.ca\/fr\/produit\/alimentation-ifm\/\" \/>\n<meta property=\"og:locale\" content=\"fr_FR\" \/>\n<meta property=\"og:type\" content=\"article\" \/>\n<meta property=\"og:title\" content=\"Alimentation - Ifm - Zytho\" \/>\n<meta property=\"og:description\" content=\"Solution d&#039;alimentation fiable et compacte pour les syst\u00e8mes d&#039;automatisation    Assure une sortie constante de 24 V CC pour un fonctionnement fiable de l&#039;\u00e9quipement d&#039;automatisation.   La conception peu encombrante optimise l&#039;agencement des panneaux de commande dans les espaces restreints.   Les connexions rapides et s\u00fbres avec les connecteurs M12 r\u00e9duisent le temps d&#039;installation et les erreurs.\" \/>\n<meta property=\"og:url\" content=\"https:\/\/www.zytho.ca\/fr\/produit\/alimentation-ifm\/\" \/>\n<meta property=\"og:site_name\" content=\"Zytho\" \/>\n<meta property=\"article:modified_time\" content=\"2025-11-03T07:12:17+00:00\" \/>\n<meta property=\"og:image\" content=\"https:\/\/www.zytho.ca\/wp-content\/uploads\/2025\/10\/E80121.jpg\" \/>\n\t<meta property=\"og:image:width\" content=\"1500\" \/>\n\t<meta property=\"og:image:height\" content=\"1500\" \/>\n\t<meta property=\"og:image:type\" content=\"image\/jpeg\" \/>\n<meta name=\"twitter:card\" content=\"summary_large_image\" \/>\n<meta name=\"twitter:label1\" content=\"Dur\u00e9e de lecture estim\u00e9e\" \/>\n\t<meta name=\"twitter:data1\" content=\"1 minute\" \/>\n<script type=\"application\/ld+json\" class=\"yoast-schema-graph\">{\"@context\":\"https:\\\/\\\/schema.org\",\"@graph\":[{\"@type\":\"WebPage\",\"@id\":\"https:\\\/\\\/www.zytho.ca\\\/fr\\\/produit\\\/alimentation-ifm\\\/\",\"url\":\"https:\\\/\\\/www.zytho.ca\\\/fr\\\/produit\\\/alimentation-ifm\\\/\",\"name\":\"Alimentation - Ifm - Zytho\",\"isPartOf\":{\"@id\":\"https:\\\/\\\/www.zytho.ca\\\/fr\\\/#website\"},\"primaryImageOfPage\":{\"@id\":\"https:\\\/\\\/www.zytho.ca\\\/fr\\\/produit\\\/alimentation-ifm\\\/#primaryimage\"},\"image\":{\"@id\":\"https:\\\/\\\/www.zytho.ca\\\/fr\\\/produit\\\/alimentation-ifm\\\/#primaryimage\"},\"thumbnailUrl\":\"https:\\\/\\\/www.zytho.ca\\\/wp-content\\\/uploads\\\/2025\\\/10\\\/E80121.jpg\",\"datePublished\":\"2025-10-27T15:58:27+00:00\",\"dateModified\":\"2025-11-03T07:12:17+00:00\",\"breadcrumb\":{\"@id\":\"https:\\\/\\\/www.zytho.ca\\\/fr\\\/produit\\\/alimentation-ifm\\\/#breadcrumb\"},\"inLanguage\":\"fr-FR\",\"potentialAction\":[{\"@type\":\"ReadAction\",\"target\":[\"https:\\\/\\\/www.zytho.ca\\\/fr\\\/produit\\\/alimentation-ifm\\\/\"]}]},{\"@type\":\"ImageObject\",\"inLanguage\":\"fr-FR\",\"@id\":\"https:\\\/\\\/www.zytho.ca\\\/fr\\\/produit\\\/alimentation-ifm\\\/#primaryimage\",\"url\":\"https:\\\/\\\/www.zytho.ca\\\/wp-content\\\/uploads\\\/2025\\\/10\\\/E80121.jpg\",\"contentUrl\":\"https:\\\/\\\/www.zytho.ca\\\/wp-content\\\/uploads\\\/2025\\\/10\\\/E80121.jpg\",\"width\":1500,\"height\":1500},{\"@type\":\"BreadcrumbList\",\"@id\":\"https:\\\/\\\/www.zytho.ca\\\/fr\\\/produit\\\/alimentation-ifm\\\/#breadcrumb\",\"itemListElement\":[{\"@type\":\"ListItem\",\"position\":1,\"name\":\"Accueil\",\"item\":\"https:\\\/\\\/www.zytho.ca\\\/fr\\\/\"},{\"@type\":\"ListItem\",\"position\":2,\"name\":\"Shop\",\"item\":\"https:\\\/\\\/www.zytho.ca\\\/fr\\\/shop\\\/\"},{\"@type\":\"ListItem\",\"position\":3,\"name\":\"Alimentation &#8211; Ifm\"}]},{\"@type\":\"WebSite\",\"@id\":\"https:\\\/\\\/www.zytho.ca\\\/fr\\\/#website\",\"url\":\"https:\\\/\\\/www.zytho.ca\\\/fr\\\/\",\"name\":\"Zytho\",\"description\":\"\",\"publisher\":{\"@id\":\"https:\\\/\\\/www.zytho.ca\\\/fr\\\/#organization\"},\"potentialAction\":[{\"@type\":\"SearchAction\",\"target\":{\"@type\":\"EntryPoint\",\"urlTemplate\":\"https:\\\/\\\/www.zytho.ca\\\/fr\\\/?s={search_term_string}\"},\"query-input\":{\"@type\":\"PropertyValueSpecification\",\"valueRequired\":true,\"valueName\":\"search_term_string\"}}],\"inLanguage\":\"fr-FR\"},{\"@type\":\"Organization\",\"@id\":\"https:\\\/\\\/www.zytho.ca\\\/fr\\\/#organization\",\"name\":\"Zytho\",\"url\":\"https:\\\/\\\/www.zytho.ca\\\/fr\\\/\",\"logo\":{\"@type\":\"ImageObject\",\"inLanguage\":\"fr-FR\",\"@id\":\"https:\\\/\\\/www.zytho.ca\\\/fr\\\/#\\\/schema\\\/logo\\\/image\\\/\",\"url\":\"https:\\\/\\\/www.zytho.ca\\\/wp-content\\\/uploads\\\/2024\\\/05\\\/Zytho_reversed_horizontal.svg\",\"contentUrl\":\"https:\\\/\\\/www.zytho.ca\\\/wp-content\\\/uploads\\\/2024\\\/05\\\/Zytho_reversed_horizontal.svg\",\"width\":1582,\"height\":490,\"caption\":\"Zytho\"},\"image\":{\"@id\":\"https:\\\/\\\/www.zytho.ca\\\/fr\\\/#\\\/schema\\\/logo\\\/image\\\/\"}}]}<\/script>\n<!-- \/ Yoast SEO plugin. -->","yoast_head_json":{"title":"Alimentation - Ifm - Zytho","robots":{"index":"index","follow":"follow","max-snippet":"max-snippet:-1","max-image-preview":"max-image-preview:large","max-video-preview":"max-video-preview:-1"},"canonical":"https:\/\/www.zytho.ca\/fr\/produit\/alimentation-ifm\/","og_locale":"fr_FR","og_type":"article","og_title":"Alimentation - Ifm - Zytho","og_description":"Solution d'alimentation fiable et compacte pour les syst\u00e8mes d'automatisation    Assure une sortie constante de 24 V CC pour un fonctionnement fiable de l'\u00e9quipement d'automatisation.   La conception peu encombrante optimise l'agencement des panneaux de commande dans les espaces restreints.   Les connexions rapides et s\u00fbres avec les connecteurs M12 r\u00e9duisent le temps d'installation et les erreurs.","og_url":"https:\/\/www.zytho.ca\/fr\/produit\/alimentation-ifm\/","og_site_name":"Zytho","article_modified_time":"2025-11-03T07:12:17+00:00","og_image":[{"width":1500,"height":1500,"url":"https:\/\/www.zytho.ca\/wp-content\/uploads\/2025\/10\/E80121.jpg","type":"image\/jpeg"}],"twitter_card":"summary_large_image","twitter_misc":{"Dur\u00e9e de lecture estim\u00e9e":"1 minute"},"schema":{"@context":"https:\/\/schema.org","@graph":[{"@type":"WebPage","@id":"https:\/\/www.zytho.ca\/fr\/produit\/alimentation-ifm\/","url":"https:\/\/www.zytho.ca\/fr\/produit\/alimentation-ifm\/","name":"Alimentation - Ifm - Zytho","isPartOf":{"@id":"https:\/\/www.zytho.ca\/fr\/#website"},"primaryImageOfPage":{"@id":"https:\/\/www.zytho.ca\/fr\/produit\/alimentation-ifm\/#primaryimage"},"image":{"@id":"https:\/\/www.zytho.ca\/fr\/produit\/alimentation-ifm\/#primaryimage"},"thumbnailUrl":"https:\/\/www.zytho.ca\/wp-content\/uploads\/2025\/10\/E80121.jpg","datePublished":"2025-10-27T15:58:27+00:00","dateModified":"2025-11-03T07:12:17+00:00","breadcrumb":{"@id":"https:\/\/www.zytho.ca\/fr\/produit\/alimentation-ifm\/#breadcrumb"},"inLanguage":"fr-FR","potentialAction":[{"@type":"ReadAction","target":["https:\/\/www.zytho.ca\/fr\/produit\/alimentation-ifm\/"]}]},{"@type":"ImageObject","inLanguage":"fr-FR","@id":"https:\/\/www.zytho.ca\/fr\/produit\/alimentation-ifm\/#primaryimage","url":"https:\/\/www.zytho.ca\/wp-content\/uploads\/2025\/10\/E80121.jpg","contentUrl":"https:\/\/www.zytho.ca\/wp-content\/uploads\/2025\/10\/E80121.jpg","width":1500,"height":1500},{"@type":"BreadcrumbList","@id":"https:\/\/www.zytho.ca\/fr\/produit\/alimentation-ifm\/#breadcrumb","itemListElement":[{"@type":"ListItem","position":1,"name":"Accueil","item":"https:\/\/www.zytho.ca\/fr\/"},{"@type":"ListItem","position":2,"name":"Shop","item":"https:\/\/www.zytho.ca\/fr\/shop\/"},{"@type":"ListItem","position":3,"name":"Alimentation &#8211; Ifm"}]},{"@type":"WebSite","@id":"https:\/\/www.zytho.ca\/fr\/#website","url":"https:\/\/www.zytho.ca\/fr\/","name":"Zytho","description":"","publisher":{"@id":"https:\/\/www.zytho.ca\/fr\/#organization"},"potentialAction":[{"@type":"SearchAction","target":{"@type":"EntryPoint","urlTemplate":"https:\/\/www.zytho.ca\/fr\/?s={search_term_string}"},"query-input":{"@type":"PropertyValueSpecification","valueRequired":true,"valueName":"search_term_string"}}],"inLanguage":"fr-FR"},{"@type":"Organization","@id":"https:\/\/www.zytho.ca\/fr\/#organization","name":"Zytho","url":"https:\/\/www.zytho.ca\/fr\/","logo":{"@type":"ImageObject","inLanguage":"fr-FR","@id":"https:\/\/www.zytho.ca\/fr\/#\/schema\/logo\/image\/","url":"https:\/\/www.zytho.ca\/wp-content\/uploads\/2024\/05\/Zytho_reversed_horizontal.svg","contentUrl":"https:\/\/www.zytho.ca\/wp-content\/uploads\/2024\/05\/Zytho_reversed_horizontal.svg","width":1582,"height":490,"caption":"Zytho"},"image":{"@id":"https:\/\/www.zytho.ca\/fr\/#\/schema\/logo\/image\/"}}]}},"_links":{"self":[{"href":"https:\/\/www.zytho.ca\/fr\/wp-json\/wp\/v2\/product\/14797","targetHints":{"allow":["GET"]}}],"collection":[{"href":"https:\/\/www.zytho.ca\/fr\/wp-json\/wp\/v2\/product"}],"about":[{"href":"https:\/\/www.zytho.ca\/fr\/wp-json\/wp\/v2\/types\/product"}],"wp:featuredmedia":[{"embeddable":true,"href":"https:\/\/www.zytho.ca\/fr\/wp-json\/wp\/v2\/media\/14798"}],"wp:attachment":[{"href":"https:\/\/www.zytho.ca\/fr\/wp-json\/wp\/v2\/media?parent=14797"}],"wp:term":[{"taxonomy":"product_brand","embeddable":true,"href":"https:\/\/www.zytho.ca\/fr\/wp-json\/wp\/v2\/product_brand?post=14797"},{"taxonomy":"product_cat","embeddable":true,"href":"https:\/\/www.zytho.ca\/fr\/wp-json\/wp\/v2\/product_cat?post=14797"},{"taxonomy":"product_tag","embeddable":true,"href":"https:\/\/www.zytho.ca\/fr\/wp-json\/wp\/v2\/product_tag?post=14797"}],"curies":[{"name":"wp","href":"https:\/\/api.w.org\/{rel}","templated":true}]}}