{"id":14793,"date":"2025-10-27T15:58:27","date_gmt":"2025-10-27T15:58:27","guid":{"rendered":"https:\/\/zytho.ca\/product\/doigt-de-gant-pour-capteurs-de-temperature-ifm\/"},"modified":"2025-11-03T07:12:20","modified_gmt":"2025-11-03T07:12:20","slug":"doigt-de-gant-pour-capteurs-de-temperature-ifm","status":"publish","type":"product","link":"https:\/\/www.zytho.ca\/fr\/produit\/doigt-de-gant-pour-capteurs-de-temperature-ifm\/","title":{"rendered":"Doigt de gant pour capteurs de temp\u00e9rature &#8211; Ifm"},"content":{"rendered":"<h6><strong>IFM E37211 Thermowell &#8211; Gaine de protection pour les capteurs de temp\u00e9rature dans les applications de process exigeantes<\/strong><\/h6>\n<p>Con\u00e7u pour les processus industriels, le doigt de gant IFM E37211 prot\u00e8ge les capteurs de temp\u00e9rature des fluides corrosifs et des d\u00e9bits \u00e9lev\u00e9s, tout en permettant de changer de capteur sans arr\u00eater la ligne. Id\u00e9al pour les pipelines, les cuves et les syst\u00e8mes de skid dans les secteurs du traitement chimique, de l&#8217;\u00e9nergie, du traitement de l&#8217;eau et de la fabrication g\u00e9n\u00e9rale, il permet une mesure pr\u00e9cise de la temp\u00e9rature dans les boucles de contr\u00f4le automatis\u00e9es avec un minimum de temps d&#8217;arr\u00eat. <\/p>\n<h6><strong>Principaux avantages :<\/strong><\/h6>\n<ul>\n<li>Barri\u00e8re contre la corrosion et l&#8217;\u00e9rosion pour prolonger la dur\u00e9e de vie du capteur dans les milieux agressifs<\/li>\n<li>Capacit\u00e9 de remplacement \u00e0 chaud : remplacez la sonde en cours de fonctionnement pour maintenir le temps de disponibilit\u00e9.<\/li>\n<li>Adapt\u00e9 aux conditions de processus \u00e0 haute pression et \u00e0 grande vitesse<\/li>\n<li>Le montage par adaptateur simplifie l&#8217;int\u00e9gration avec les connexions de processus existantes<\/li>\n<li>Construction robuste en acier inoxydable pour les environnements industriels difficiles<\/li>\n<\/ul>\n<h6><strong>Aper\u00e7u technique :<\/strong><\/h6>\n<ul>\n<li>Mod\u00e8le : IFM E37211 doigt de gant pour capteurs de temp\u00e9rature<\/li>\n<li>Mat\u00e9riau du bo\u00eetier : acier inoxydable pour la durabilit\u00e9 et la r\u00e9sistance aux produits chimiques<\/li>\n<li>Raccordement au processus : utilise le syst\u00e8me d&#8217;adaptateur IFM pour un montage et une \u00e9tanch\u00e9it\u00e9 simples<\/li>\n<li>Application : protection des sondes de type RTD\/thermocouple dans les pipelines, les r\u00e9servoirs et les collecteurs de vannes.<\/li>\n<li>Entretien : insert de capteur amovible pour un entretien rapide sans d\u00e9pressurisation<\/li>\n<li>Capacit\u00e9 de pression : con\u00e7u pour un service \u00e0 haute pression (se r\u00e9f\u00e9rer \u00e0 la fiche technique pour les limites)<\/li>\n<\/ul>\n<p>Comptez sur le E37211 pour obtenir des mesures stables et prot\u00e9g\u00e9es et une int\u00e9gration transparente avec les syst\u00e8mes d&#8217;automatisation, d&#8217;actionneurs et de vannes bas\u00e9s sur des PLC\/DCS.<\/p>\n","protected":false},"excerpt":{"rendered":"<h4>Le doigt de gant IFM E37211 permet un contr\u00f4le fiable et ininterrompu de la temp\u00e9rature dans les processus de brassage.<\/h4>\n<ul>\n<li>Prot\u00e8ge les capteurs des environnements corrosifs et de brassage \u00e0 haut d\u00e9bit, prolongeant ainsi leur dur\u00e9e de vie.<\/li>\n<li>Permet de remplacer le capteur sans interrompre les op\u00e9rations, ce qui garantit un temps de fonctionnement continu de la brasserie.<\/li>\n<li>La construction en acier inoxydable garantit la durabilit\u00e9 et la compatibilit\u00e9 avec les syst\u00e8mes de brassage \u00e0 haute pression.<\/li>\n<\/ul>\n","protected":false},"featured_media":14795,"template":"","meta":{"_acf_changed":false,"inline_featured_image":false},"product_brand":[1004],"product_cat":[736,1112],"product_tag":[],"class_list":{"0":"post-14793","1":"product","2":"type-product","3":"status-publish","4":"has-post-thumbnail","6":"product_brand-ifm","7":"product_cat-distribution","8":"product_cat-protection-des-appareils","10":"first","11":"instock","12":"downloadable","13":"taxable","14":"shipping-taxable","15":"purchasable","16":"product-type-simple"},"acf":[],"yoast_head":"<!-- This site is optimized with the Yoast SEO plugin v27.6 - https:\/\/yoast.com\/product\/yoast-seo-wordpress\/ -->\n<title>Doigt de gant pour capteurs de temp\u00e9rature - Ifm - Zytho<\/title>\n<meta name=\"robots\" content=\"index, follow, max-snippet:-1, max-image-preview:large, max-video-preview:-1\" \/>\n<link rel=\"canonical\" href=\"https:\/\/www.zytho.ca\/fr\/produit\/doigt-de-gant-pour-capteurs-de-temperature-ifm\/\" \/>\n<meta property=\"og:locale\" content=\"fr_FR\" \/>\n<meta property=\"og:type\" content=\"article\" \/>\n<meta property=\"og:title\" content=\"Doigt de gant pour capteurs de temp\u00e9rature - Ifm - Zytho\" \/>\n<meta property=\"og:description\" content=\"Le doigt de gant IFM E37211 permet un contr\u00f4le fiable et ininterrompu de la temp\u00e9rature dans les processus de brassage.   Prot\u00e8ge les capteurs des environnements corrosifs et de brassage \u00e0 haut d\u00e9bit, prolongeant ainsi leur dur\u00e9e de vie.  Permet de remplacer le capteur sans interrompre les op\u00e9rations, ce qui garantit un temps de fonctionnement continu de la brasserie.  La construction en acier inoxydable garantit la durabilit\u00e9 et la compatibilit\u00e9 avec les syst\u00e8mes de brassage \u00e0 haute pression.\" \/>\n<meta property=\"og:url\" content=\"https:\/\/www.zytho.ca\/fr\/produit\/doigt-de-gant-pour-capteurs-de-temperature-ifm\/\" \/>\n<meta property=\"og:site_name\" content=\"Zytho\" \/>\n<meta property=\"article:modified_time\" content=\"2025-11-03T07:12:20+00:00\" \/>\n<meta property=\"og:image\" content=\"https:\/\/www.zytho.ca\/wp-content\/uploads\/2025\/10\/E37211.jpg\" \/>\n\t<meta property=\"og:image:width\" content=\"1500\" \/>\n\t<meta property=\"og:image:height\" content=\"1500\" \/>\n\t<meta property=\"og:image:type\" content=\"image\/jpeg\" \/>\n<meta name=\"twitter:card\" content=\"summary_large_image\" \/>\n<meta name=\"twitter:label1\" content=\"Dur\u00e9e de lecture estim\u00e9e\" \/>\n\t<meta name=\"twitter:data1\" content=\"2 minutes\" \/>\n<script type=\"application\/ld+json\" class=\"yoast-schema-graph\">{\"@context\":\"https:\\\/\\\/schema.org\",\"@graph\":[{\"@type\":\"WebPage\",\"@id\":\"https:\\\/\\\/www.zytho.ca\\\/fr\\\/produit\\\/doigt-de-gant-pour-capteurs-de-temperature-ifm\\\/\",\"url\":\"https:\\\/\\\/www.zytho.ca\\\/fr\\\/produit\\\/doigt-de-gant-pour-capteurs-de-temperature-ifm\\\/\",\"name\":\"Doigt de gant pour capteurs de temp\u00e9rature - Ifm - Zytho\",\"isPartOf\":{\"@id\":\"https:\\\/\\\/www.zytho.ca\\\/fr\\\/#website\"},\"primaryImageOfPage\":{\"@id\":\"https:\\\/\\\/www.zytho.ca\\\/fr\\\/produit\\\/doigt-de-gant-pour-capteurs-de-temperature-ifm\\\/#primaryimage\"},\"image\":{\"@id\":\"https:\\\/\\\/www.zytho.ca\\\/fr\\\/produit\\\/doigt-de-gant-pour-capteurs-de-temperature-ifm\\\/#primaryimage\"},\"thumbnailUrl\":\"https:\\\/\\\/www.zytho.ca\\\/wp-content\\\/uploads\\\/2025\\\/10\\\/E37211.jpg\",\"datePublished\":\"2025-10-27T15:58:27+00:00\",\"dateModified\":\"2025-11-03T07:12:20+00:00\",\"breadcrumb\":{\"@id\":\"https:\\\/\\\/www.zytho.ca\\\/fr\\\/produit\\\/doigt-de-gant-pour-capteurs-de-temperature-ifm\\\/#breadcrumb\"},\"inLanguage\":\"fr-FR\",\"potentialAction\":[{\"@type\":\"ReadAction\",\"target\":[\"https:\\\/\\\/www.zytho.ca\\\/fr\\\/produit\\\/doigt-de-gant-pour-capteurs-de-temperature-ifm\\\/\"]}]},{\"@type\":\"ImageObject\",\"inLanguage\":\"fr-FR\",\"@id\":\"https:\\\/\\\/www.zytho.ca\\\/fr\\\/produit\\\/doigt-de-gant-pour-capteurs-de-temperature-ifm\\\/#primaryimage\",\"url\":\"https:\\\/\\\/www.zytho.ca\\\/wp-content\\\/uploads\\\/2025\\\/10\\\/E37211.jpg\",\"contentUrl\":\"https:\\\/\\\/www.zytho.ca\\\/wp-content\\\/uploads\\\/2025\\\/10\\\/E37211.jpg\",\"width\":1500,\"height\":1500},{\"@type\":\"BreadcrumbList\",\"@id\":\"https:\\\/\\\/www.zytho.ca\\\/fr\\\/produit\\\/doigt-de-gant-pour-capteurs-de-temperature-ifm\\\/#breadcrumb\",\"itemListElement\":[{\"@type\":\"ListItem\",\"position\":1,\"name\":\"Accueil\",\"item\":\"https:\\\/\\\/www.zytho.ca\\\/fr\\\/\"},{\"@type\":\"ListItem\",\"position\":2,\"name\":\"Shop\",\"item\":\"https:\\\/\\\/www.zytho.ca\\\/fr\\\/shop\\\/\"},{\"@type\":\"ListItem\",\"position\":3,\"name\":\"Doigt de gant pour capteurs de temp\u00e9rature &#8211; Ifm\"}]},{\"@type\":\"WebSite\",\"@id\":\"https:\\\/\\\/www.zytho.ca\\\/fr\\\/#website\",\"url\":\"https:\\\/\\\/www.zytho.ca\\\/fr\\\/\",\"name\":\"Zytho\",\"description\":\"\",\"publisher\":{\"@id\":\"https:\\\/\\\/www.zytho.ca\\\/fr\\\/#organization\"},\"potentialAction\":[{\"@type\":\"SearchAction\",\"target\":{\"@type\":\"EntryPoint\",\"urlTemplate\":\"https:\\\/\\\/www.zytho.ca\\\/fr\\\/?s={search_term_string}\"},\"query-input\":{\"@type\":\"PropertyValueSpecification\",\"valueRequired\":true,\"valueName\":\"search_term_string\"}}],\"inLanguage\":\"fr-FR\"},{\"@type\":\"Organization\",\"@id\":\"https:\\\/\\\/www.zytho.ca\\\/fr\\\/#organization\",\"name\":\"Zytho\",\"url\":\"https:\\\/\\\/www.zytho.ca\\\/fr\\\/\",\"logo\":{\"@type\":\"ImageObject\",\"inLanguage\":\"fr-FR\",\"@id\":\"https:\\\/\\\/www.zytho.ca\\\/fr\\\/#\\\/schema\\\/logo\\\/image\\\/\",\"url\":\"https:\\\/\\\/www.zytho.ca\\\/wp-content\\\/uploads\\\/2024\\\/05\\\/Zytho_reversed_horizontal.svg\",\"contentUrl\":\"https:\\\/\\\/www.zytho.ca\\\/wp-content\\\/uploads\\\/2024\\\/05\\\/Zytho_reversed_horizontal.svg\",\"width\":1582,\"height\":490,\"caption\":\"Zytho\"},\"image\":{\"@id\":\"https:\\\/\\\/www.zytho.ca\\\/fr\\\/#\\\/schema\\\/logo\\\/image\\\/\"}}]}<\/script>\n<!-- \/ Yoast SEO plugin. -->","yoast_head_json":{"title":"Doigt de gant pour capteurs de temp\u00e9rature - Ifm - Zytho","robots":{"index":"index","follow":"follow","max-snippet":"max-snippet:-1","max-image-preview":"max-image-preview:large","max-video-preview":"max-video-preview:-1"},"canonical":"https:\/\/www.zytho.ca\/fr\/produit\/doigt-de-gant-pour-capteurs-de-temperature-ifm\/","og_locale":"fr_FR","og_type":"article","og_title":"Doigt de gant pour capteurs de temp\u00e9rature - Ifm - Zytho","og_description":"Le doigt de gant IFM E37211 permet un contr\u00f4le fiable et ininterrompu de la temp\u00e9rature dans les processus de brassage.   Prot\u00e8ge les capteurs des environnements corrosifs et de brassage \u00e0 haut d\u00e9bit, prolongeant ainsi leur dur\u00e9e de vie.  Permet de remplacer le capteur sans interrompre les op\u00e9rations, ce qui garantit un temps de fonctionnement continu de la brasserie.  La construction en acier inoxydable garantit la durabilit\u00e9 et la compatibilit\u00e9 avec les syst\u00e8mes de brassage \u00e0 haute pression.","og_url":"https:\/\/www.zytho.ca\/fr\/produit\/doigt-de-gant-pour-capteurs-de-temperature-ifm\/","og_site_name":"Zytho","article_modified_time":"2025-11-03T07:12:20+00:00","og_image":[{"width":1500,"height":1500,"url":"https:\/\/www.zytho.ca\/wp-content\/uploads\/2025\/10\/E37211.jpg","type":"image\/jpeg"}],"twitter_card":"summary_large_image","twitter_misc":{"Dur\u00e9e de lecture estim\u00e9e":"2 minutes"},"schema":{"@context":"https:\/\/schema.org","@graph":[{"@type":"WebPage","@id":"https:\/\/www.zytho.ca\/fr\/produit\/doigt-de-gant-pour-capteurs-de-temperature-ifm\/","url":"https:\/\/www.zytho.ca\/fr\/produit\/doigt-de-gant-pour-capteurs-de-temperature-ifm\/","name":"Doigt de gant pour capteurs de temp\u00e9rature - Ifm - Zytho","isPartOf":{"@id":"https:\/\/www.zytho.ca\/fr\/#website"},"primaryImageOfPage":{"@id":"https:\/\/www.zytho.ca\/fr\/produit\/doigt-de-gant-pour-capteurs-de-temperature-ifm\/#primaryimage"},"image":{"@id":"https:\/\/www.zytho.ca\/fr\/produit\/doigt-de-gant-pour-capteurs-de-temperature-ifm\/#primaryimage"},"thumbnailUrl":"https:\/\/www.zytho.ca\/wp-content\/uploads\/2025\/10\/E37211.jpg","datePublished":"2025-10-27T15:58:27+00:00","dateModified":"2025-11-03T07:12:20+00:00","breadcrumb":{"@id":"https:\/\/www.zytho.ca\/fr\/produit\/doigt-de-gant-pour-capteurs-de-temperature-ifm\/#breadcrumb"},"inLanguage":"fr-FR","potentialAction":[{"@type":"ReadAction","target":["https:\/\/www.zytho.ca\/fr\/produit\/doigt-de-gant-pour-capteurs-de-temperature-ifm\/"]}]},{"@type":"ImageObject","inLanguage":"fr-FR","@id":"https:\/\/www.zytho.ca\/fr\/produit\/doigt-de-gant-pour-capteurs-de-temperature-ifm\/#primaryimage","url":"https:\/\/www.zytho.ca\/wp-content\/uploads\/2025\/10\/E37211.jpg","contentUrl":"https:\/\/www.zytho.ca\/wp-content\/uploads\/2025\/10\/E37211.jpg","width":1500,"height":1500},{"@type":"BreadcrumbList","@id":"https:\/\/www.zytho.ca\/fr\/produit\/doigt-de-gant-pour-capteurs-de-temperature-ifm\/#breadcrumb","itemListElement":[{"@type":"ListItem","position":1,"name":"Accueil","item":"https:\/\/www.zytho.ca\/fr\/"},{"@type":"ListItem","position":2,"name":"Shop","item":"https:\/\/www.zytho.ca\/fr\/shop\/"},{"@type":"ListItem","position":3,"name":"Doigt de gant pour capteurs de temp\u00e9rature &#8211; Ifm"}]},{"@type":"WebSite","@id":"https:\/\/www.zytho.ca\/fr\/#website","url":"https:\/\/www.zytho.ca\/fr\/","name":"Zytho","description":"","publisher":{"@id":"https:\/\/www.zytho.ca\/fr\/#organization"},"potentialAction":[{"@type":"SearchAction","target":{"@type":"EntryPoint","urlTemplate":"https:\/\/www.zytho.ca\/fr\/?s={search_term_string}"},"query-input":{"@type":"PropertyValueSpecification","valueRequired":true,"valueName":"search_term_string"}}],"inLanguage":"fr-FR"},{"@type":"Organization","@id":"https:\/\/www.zytho.ca\/fr\/#organization","name":"Zytho","url":"https:\/\/www.zytho.ca\/fr\/","logo":{"@type":"ImageObject","inLanguage":"fr-FR","@id":"https:\/\/www.zytho.ca\/fr\/#\/schema\/logo\/image\/","url":"https:\/\/www.zytho.ca\/wp-content\/uploads\/2024\/05\/Zytho_reversed_horizontal.svg","contentUrl":"https:\/\/www.zytho.ca\/wp-content\/uploads\/2024\/05\/Zytho_reversed_horizontal.svg","width":1582,"height":490,"caption":"Zytho"},"image":{"@id":"https:\/\/www.zytho.ca\/fr\/#\/schema\/logo\/image\/"}}]}},"_links":{"self":[{"href":"https:\/\/www.zytho.ca\/fr\/wp-json\/wp\/v2\/product\/14793","targetHints":{"allow":["GET"]}}],"collection":[{"href":"https:\/\/www.zytho.ca\/fr\/wp-json\/wp\/v2\/product"}],"about":[{"href":"https:\/\/www.zytho.ca\/fr\/wp-json\/wp\/v2\/types\/product"}],"wp:featuredmedia":[{"embeddable":true,"href":"https:\/\/www.zytho.ca\/fr\/wp-json\/wp\/v2\/media\/14795"}],"wp:attachment":[{"href":"https:\/\/www.zytho.ca\/fr\/wp-json\/wp\/v2\/media?parent=14793"}],"wp:term":[{"taxonomy":"product_brand","embeddable":true,"href":"https:\/\/www.zytho.ca\/fr\/wp-json\/wp\/v2\/product_brand?post=14793"},{"taxonomy":"product_cat","embeddable":true,"href":"https:\/\/www.zytho.ca\/fr\/wp-json\/wp\/v2\/product_cat?post=14793"},{"taxonomy":"product_tag","embeddable":true,"href":"https:\/\/www.zytho.ca\/fr\/wp-json\/wp\/v2\/product_tag?post=14793"}],"curies":[{"name":"wp","href":"https:\/\/api.w.org\/{rel}","templated":true}]}}