{"id":14781,"date":"2025-10-27T15:58:32","date_gmt":"2025-10-27T15:58:32","guid":{"rendered":"https:\/\/zytho.ca\/product\/detecteur-a-reflexion-diffuse-avec-suppression-de-larriere-plan-ifm\/"},"modified":"2025-11-03T07:12:01","modified_gmt":"2025-11-03T07:12:01","slug":"detecteur-a-reflexion-diffuse-avec-suppression-de-larriere-plan-ifm","status":"publish","type":"product","link":"https:\/\/www.zytho.ca\/fr\/produit\/detecteur-a-reflexion-diffuse-avec-suppression-de-larriere-plan-ifm\/","title":{"rendered":"D\u00e9tecteur \u00e0 r\u00e9flexion diffuse avec suppression de l&#8217;arri\u00e8re-plan &#8211; Ifm"},"content":{"rendered":"<h6><strong>IFM O6H206 Capteur \u00e0 r\u00e9flexion diffuse avec suppression de l&#8217;arri\u00e8re-plan &#8211; D\u00e9tection compacte et pr\u00e9cise d&#8217;objets dans les espaces restreints<\/strong><\/h6>\n<p>Con\u00e7u pour les machines \u00e0 espace limit\u00e9, le IFM O6H206 est un capteur photo\u00e9lectrique \u00e0 r\u00e9flexion diffuse qui d\u00e9tecte de mani\u00e8re fiable les objets tout en rejetant les arri\u00e8re-plans brillants ou variables. Il simplifie la mise en service gr\u00e2ce \u00e0 un potentiom\u00e8tre de r\u00e9glage de la sensibilit\u00e9 et \u00e0 un commutateur rotatif permettant de s\u00e9lectionner l&#8217;\u00e9clairage ou l&#8217;obscurit\u00e9. Il est id\u00e9al pour les convoyeurs, le pick-and-place, les \u00e9quipements d&#8217;emballage, la robotique, les stations d&#8217;indexation et les assemblages compacts d&#8217;actionneurs ou de syst\u00e8mes de vannes o\u00f9 une d\u00e9tection pr\u00e9cise et reproductible est essentielle.  <\/p>\n<h6><strong>Principaux avantages<\/strong><\/h6>\n<ul>\n<li>Le bo\u00eetier ultra-compact simplifie le montage dans les panneaux encombr\u00e9s et les b\u00e2tis de machines.<\/li>\n<li>La suppression stable de l&#8217;arri\u00e8re-plan emp\u00eache les d\u00e9clenchements intempestifs \u00e0 partir de surfaces tr\u00e8s r\u00e9fl\u00e9chissantes.<\/li>\n<li>Configuration rapide : r\u00e9glage analogique de la sensibilit\u00e9 et commutation lumi\u00e8re\/obscurit\u00e9 sur l&#8217;appareil<\/li>\n<li>Int\u00e9gration flexible avec les automates, les modules d&#8217;E\/S et les commandes de mouvement et d&#8217;actionnement<\/li>\n<li>Proposition de valeur forte pour la construction de machines \u00e0 haut volume<\/li>\n<\/ul>\n<h6><strong>D\u00e9tails du produit<\/strong><\/h6>\n<ul>\n<li>Principe de d\u00e9tection : r\u00e9flexion diffuse avec suppression de l&#8217;arri\u00e8re-plan<\/li>\n<li>Facteur de forme : bo\u00eetier particuli\u00e8rement compact pour les espaces restreints<\/li>\n<li>R\u00e9glage de la sensibilit\u00e9 : potentiom\u00e8tre int\u00e9gr\u00e9 pour un r\u00e9glage pr\u00e9cis du seuil<\/li>\n<li>Mode de sortie : s\u00e9lectionnable par l&#8217;utilisateur pour l&#8217;allumage de la lumi\u00e8re ou l&#8217;obscurcissement via un s\u00e9lecteur rotatif<\/li>\n<li>Interface : sortie de commutation discr\u00e8te pour faciliter le c\u00e2blage de l&#8217;API<\/li>\n<li>Montage : compatible avec le mat\u00e9riel de montage industriel standard et les supports.<\/li>\n<li>Utilisations typiques : d\u00e9tection de petites pi\u00e8ces, d\u00e9tection du bord d&#8217;attaque, pr\u00e9sence\/absence sur les convoyeurs, l&#8217;outillage et les stations de vannes et d&#8217;actionneurs.<\/li>\n<\/ul>\n<p>Construit pour un fonctionnement fiable, le O6H206 s&#8217;int\u00e8gre parfaitement dans les architectures d&#8217;automatisation modernes, garantissant des performances de d\u00e9tection constantes dans les environnements industriels exigeants.<\/p>\n","protected":false},"excerpt":{"rendered":"<h4>Principaux avantages du capteur \u00e0 r\u00e9flexion diffuse IFM O6H206 avec suppression de l&#8217;arri\u00e8re-plan<\/h4>\n<ul>\n<li>La conception compacte permet une installation facile dans les espaces restreints, id\u00e9ale pour les \u00e9quipements de brasserie.<\/li>\n<li>La suppression fiable de l&#8217;arri\u00e8re-plan garantit une d\u00e9tection pr\u00e9cise, m\u00eame dans les environnements pr\u00e9sentant des surfaces r\u00e9fl\u00e9chissantes, tels que les r\u00e9servoirs en acier inoxydable.<\/li>\n<li>Configuration rapide et simple avec r\u00e9glage de la sensibilit\u00e9 sur l&#8217;appareil et s\u00e9lection du mode clair\/obscur, ce qui simplifie l&#8217;int\u00e9gration dans les syst\u00e8mes d&#8217;automatisation du brassage.<\/li>\n<\/ul>\n","protected":false},"featured_media":14783,"template":"","meta":{"_acf_changed":false,"inline_featured_image":false},"product_brand":[1004],"product_cat":[1094,1110,736],"product_tag":[],"class_list":{"0":"post-14781","1":"product","2":"type-product","3":"status-publish","4":"has-post-thumbnail","6":"product_brand-ifm","7":"product_cat-capteurs","8":"product_cat-detecteurs-photoelectriques","9":"product_cat-distribution","11":"first","12":"instock","13":"downloadable","14":"taxable","15":"shipping-taxable","16":"purchasable","17":"product-type-simple"},"acf":[],"yoast_head":"<!-- This site is optimized with the Yoast SEO plugin v27.6 - https:\/\/yoast.com\/product\/yoast-seo-wordpress\/ -->\n<title>D\u00e9tecteur \u00e0 r\u00e9flexion diffuse avec suppression de l&#039;arri\u00e8re-plan - Ifm - Zytho<\/title>\n<meta name=\"robots\" content=\"index, follow, max-snippet:-1, max-image-preview:large, max-video-preview:-1\" \/>\n<link rel=\"canonical\" href=\"https:\/\/www.zytho.ca\/fr\/produit\/detecteur-a-reflexion-diffuse-avec-suppression-de-larriere-plan-ifm\/\" \/>\n<meta property=\"og:locale\" content=\"fr_FR\" \/>\n<meta property=\"og:type\" content=\"article\" \/>\n<meta property=\"og:title\" content=\"D\u00e9tecteur \u00e0 r\u00e9flexion diffuse avec suppression de l&#039;arri\u00e8re-plan - Ifm - Zytho\" \/>\n<meta property=\"og:description\" content=\"Principaux avantages du capteur \u00e0 r\u00e9flexion diffuse IFM O6H206 avec suppression de l&#039;arri\u00e8re-plan  La conception compacte permet une installation facile dans les espaces restreints, id\u00e9ale pour les \u00e9quipements de brasserie. La suppression fiable de l&#039;arri\u00e8re-plan garantit une d\u00e9tection pr\u00e9cise, m\u00eame dans les environnements pr\u00e9sentant des surfaces r\u00e9fl\u00e9chissantes, tels que les r\u00e9servoirs en acier inoxydable. Configuration rapide et simple avec r\u00e9glage de la sensibilit\u00e9 sur l&#039;appareil et s\u00e9lection du mode clair\/obscur, ce qui simplifie l&#039;int\u00e9gration dans les syst\u00e8mes d&#039;automatisation du brassage.\" \/>\n<meta property=\"og:url\" content=\"https:\/\/www.zytho.ca\/fr\/produit\/detecteur-a-reflexion-diffuse-avec-suppression-de-larriere-plan-ifm\/\" \/>\n<meta property=\"og:site_name\" content=\"Zytho\" \/>\n<meta property=\"article:modified_time\" content=\"2025-11-03T07:12:01+00:00\" \/>\n<meta property=\"og:image\" content=\"https:\/\/www.zytho.ca\/wp-content\/uploads\/2025\/10\/O6H206.jpg\" \/>\n\t<meta property=\"og:image:width\" content=\"1500\" \/>\n\t<meta property=\"og:image:height\" content=\"1500\" \/>\n\t<meta property=\"og:image:type\" content=\"image\/jpeg\" \/>\n<meta name=\"twitter:card\" content=\"summary_large_image\" \/>\n<meta name=\"twitter:label1\" content=\"Dur\u00e9e de lecture estim\u00e9e\" \/>\n\t<meta name=\"twitter:data1\" content=\"2 minutes\" \/>\n<script type=\"application\/ld+json\" class=\"yoast-schema-graph\">{\"@context\":\"https:\\\/\\\/schema.org\",\"@graph\":[{\"@type\":\"WebPage\",\"@id\":\"https:\\\/\\\/www.zytho.ca\\\/fr\\\/produit\\\/detecteur-a-reflexion-diffuse-avec-suppression-de-larriere-plan-ifm\\\/\",\"url\":\"https:\\\/\\\/www.zytho.ca\\\/fr\\\/produit\\\/detecteur-a-reflexion-diffuse-avec-suppression-de-larriere-plan-ifm\\\/\",\"name\":\"D\u00e9tecteur \u00e0 r\u00e9flexion diffuse avec suppression de l'arri\u00e8re-plan - Ifm - Zytho\",\"isPartOf\":{\"@id\":\"https:\\\/\\\/www.zytho.ca\\\/fr\\\/#website\"},\"primaryImageOfPage\":{\"@id\":\"https:\\\/\\\/www.zytho.ca\\\/fr\\\/produit\\\/detecteur-a-reflexion-diffuse-avec-suppression-de-larriere-plan-ifm\\\/#primaryimage\"},\"image\":{\"@id\":\"https:\\\/\\\/www.zytho.ca\\\/fr\\\/produit\\\/detecteur-a-reflexion-diffuse-avec-suppression-de-larriere-plan-ifm\\\/#primaryimage\"},\"thumbnailUrl\":\"https:\\\/\\\/www.zytho.ca\\\/wp-content\\\/uploads\\\/2025\\\/10\\\/O6H206.jpg\",\"datePublished\":\"2025-10-27T15:58:32+00:00\",\"dateModified\":\"2025-11-03T07:12:01+00:00\",\"breadcrumb\":{\"@id\":\"https:\\\/\\\/www.zytho.ca\\\/fr\\\/produit\\\/detecteur-a-reflexion-diffuse-avec-suppression-de-larriere-plan-ifm\\\/#breadcrumb\"},\"inLanguage\":\"fr-FR\",\"potentialAction\":[{\"@type\":\"ReadAction\",\"target\":[\"https:\\\/\\\/www.zytho.ca\\\/fr\\\/produit\\\/detecteur-a-reflexion-diffuse-avec-suppression-de-larriere-plan-ifm\\\/\"]}]},{\"@type\":\"ImageObject\",\"inLanguage\":\"fr-FR\",\"@id\":\"https:\\\/\\\/www.zytho.ca\\\/fr\\\/produit\\\/detecteur-a-reflexion-diffuse-avec-suppression-de-larriere-plan-ifm\\\/#primaryimage\",\"url\":\"https:\\\/\\\/www.zytho.ca\\\/wp-content\\\/uploads\\\/2025\\\/10\\\/O6H206.jpg\",\"contentUrl\":\"https:\\\/\\\/www.zytho.ca\\\/wp-content\\\/uploads\\\/2025\\\/10\\\/O6H206.jpg\",\"width\":1500,\"height\":1500},{\"@type\":\"BreadcrumbList\",\"@id\":\"https:\\\/\\\/www.zytho.ca\\\/fr\\\/produit\\\/detecteur-a-reflexion-diffuse-avec-suppression-de-larriere-plan-ifm\\\/#breadcrumb\",\"itemListElement\":[{\"@type\":\"ListItem\",\"position\":1,\"name\":\"Accueil\",\"item\":\"https:\\\/\\\/www.zytho.ca\\\/fr\\\/\"},{\"@type\":\"ListItem\",\"position\":2,\"name\":\"Shop\",\"item\":\"https:\\\/\\\/www.zytho.ca\\\/fr\\\/shop\\\/\"},{\"@type\":\"ListItem\",\"position\":3,\"name\":\"D\u00e9tecteur \u00e0 r\u00e9flexion diffuse avec suppression de l&#8217;arri\u00e8re-plan &#8211; Ifm\"}]},{\"@type\":\"WebSite\",\"@id\":\"https:\\\/\\\/www.zytho.ca\\\/fr\\\/#website\",\"url\":\"https:\\\/\\\/www.zytho.ca\\\/fr\\\/\",\"name\":\"Zytho\",\"description\":\"\",\"publisher\":{\"@id\":\"https:\\\/\\\/www.zytho.ca\\\/fr\\\/#organization\"},\"potentialAction\":[{\"@type\":\"SearchAction\",\"target\":{\"@type\":\"EntryPoint\",\"urlTemplate\":\"https:\\\/\\\/www.zytho.ca\\\/fr\\\/?s={search_term_string}\"},\"query-input\":{\"@type\":\"PropertyValueSpecification\",\"valueRequired\":true,\"valueName\":\"search_term_string\"}}],\"inLanguage\":\"fr-FR\"},{\"@type\":\"Organization\",\"@id\":\"https:\\\/\\\/www.zytho.ca\\\/fr\\\/#organization\",\"name\":\"Zytho\",\"url\":\"https:\\\/\\\/www.zytho.ca\\\/fr\\\/\",\"logo\":{\"@type\":\"ImageObject\",\"inLanguage\":\"fr-FR\",\"@id\":\"https:\\\/\\\/www.zytho.ca\\\/fr\\\/#\\\/schema\\\/logo\\\/image\\\/\",\"url\":\"https:\\\/\\\/www.zytho.ca\\\/wp-content\\\/uploads\\\/2024\\\/05\\\/Zytho_reversed_horizontal.svg\",\"contentUrl\":\"https:\\\/\\\/www.zytho.ca\\\/wp-content\\\/uploads\\\/2024\\\/05\\\/Zytho_reversed_horizontal.svg\",\"width\":1582,\"height\":490,\"caption\":\"Zytho\"},\"image\":{\"@id\":\"https:\\\/\\\/www.zytho.ca\\\/fr\\\/#\\\/schema\\\/logo\\\/image\\\/\"}}]}<\/script>\n<!-- \/ Yoast SEO plugin. -->","yoast_head_json":{"title":"D\u00e9tecteur \u00e0 r\u00e9flexion diffuse avec suppression de l'arri\u00e8re-plan - Ifm - Zytho","robots":{"index":"index","follow":"follow","max-snippet":"max-snippet:-1","max-image-preview":"max-image-preview:large","max-video-preview":"max-video-preview:-1"},"canonical":"https:\/\/www.zytho.ca\/fr\/produit\/detecteur-a-reflexion-diffuse-avec-suppression-de-larriere-plan-ifm\/","og_locale":"fr_FR","og_type":"article","og_title":"D\u00e9tecteur \u00e0 r\u00e9flexion diffuse avec suppression de l'arri\u00e8re-plan - Ifm - Zytho","og_description":"Principaux avantages du capteur \u00e0 r\u00e9flexion diffuse IFM O6H206 avec suppression de l'arri\u00e8re-plan  La conception compacte permet une installation facile dans les espaces restreints, id\u00e9ale pour les \u00e9quipements de brasserie. La suppression fiable de l'arri\u00e8re-plan garantit une d\u00e9tection pr\u00e9cise, m\u00eame dans les environnements pr\u00e9sentant des surfaces r\u00e9fl\u00e9chissantes, tels que les r\u00e9servoirs en acier inoxydable. Configuration rapide et simple avec r\u00e9glage de la sensibilit\u00e9 sur l'appareil et s\u00e9lection du mode clair\/obscur, ce qui simplifie l'int\u00e9gration dans les syst\u00e8mes d'automatisation du brassage.","og_url":"https:\/\/www.zytho.ca\/fr\/produit\/detecteur-a-reflexion-diffuse-avec-suppression-de-larriere-plan-ifm\/","og_site_name":"Zytho","article_modified_time":"2025-11-03T07:12:01+00:00","og_image":[{"width":1500,"height":1500,"url":"https:\/\/www.zytho.ca\/wp-content\/uploads\/2025\/10\/O6H206.jpg","type":"image\/jpeg"}],"twitter_card":"summary_large_image","twitter_misc":{"Dur\u00e9e de lecture estim\u00e9e":"2 minutes"},"schema":{"@context":"https:\/\/schema.org","@graph":[{"@type":"WebPage","@id":"https:\/\/www.zytho.ca\/fr\/produit\/detecteur-a-reflexion-diffuse-avec-suppression-de-larriere-plan-ifm\/","url":"https:\/\/www.zytho.ca\/fr\/produit\/detecteur-a-reflexion-diffuse-avec-suppression-de-larriere-plan-ifm\/","name":"D\u00e9tecteur \u00e0 r\u00e9flexion diffuse avec suppression de l'arri\u00e8re-plan - Ifm - Zytho","isPartOf":{"@id":"https:\/\/www.zytho.ca\/fr\/#website"},"primaryImageOfPage":{"@id":"https:\/\/www.zytho.ca\/fr\/produit\/detecteur-a-reflexion-diffuse-avec-suppression-de-larriere-plan-ifm\/#primaryimage"},"image":{"@id":"https:\/\/www.zytho.ca\/fr\/produit\/detecteur-a-reflexion-diffuse-avec-suppression-de-larriere-plan-ifm\/#primaryimage"},"thumbnailUrl":"https:\/\/www.zytho.ca\/wp-content\/uploads\/2025\/10\/O6H206.jpg","datePublished":"2025-10-27T15:58:32+00:00","dateModified":"2025-11-03T07:12:01+00:00","breadcrumb":{"@id":"https:\/\/www.zytho.ca\/fr\/produit\/detecteur-a-reflexion-diffuse-avec-suppression-de-larriere-plan-ifm\/#breadcrumb"},"inLanguage":"fr-FR","potentialAction":[{"@type":"ReadAction","target":["https:\/\/www.zytho.ca\/fr\/produit\/detecteur-a-reflexion-diffuse-avec-suppression-de-larriere-plan-ifm\/"]}]},{"@type":"ImageObject","inLanguage":"fr-FR","@id":"https:\/\/www.zytho.ca\/fr\/produit\/detecteur-a-reflexion-diffuse-avec-suppression-de-larriere-plan-ifm\/#primaryimage","url":"https:\/\/www.zytho.ca\/wp-content\/uploads\/2025\/10\/O6H206.jpg","contentUrl":"https:\/\/www.zytho.ca\/wp-content\/uploads\/2025\/10\/O6H206.jpg","width":1500,"height":1500},{"@type":"BreadcrumbList","@id":"https:\/\/www.zytho.ca\/fr\/produit\/detecteur-a-reflexion-diffuse-avec-suppression-de-larriere-plan-ifm\/#breadcrumb","itemListElement":[{"@type":"ListItem","position":1,"name":"Accueil","item":"https:\/\/www.zytho.ca\/fr\/"},{"@type":"ListItem","position":2,"name":"Shop","item":"https:\/\/www.zytho.ca\/fr\/shop\/"},{"@type":"ListItem","position":3,"name":"D\u00e9tecteur \u00e0 r\u00e9flexion diffuse avec suppression de l&#8217;arri\u00e8re-plan &#8211; Ifm"}]},{"@type":"WebSite","@id":"https:\/\/www.zytho.ca\/fr\/#website","url":"https:\/\/www.zytho.ca\/fr\/","name":"Zytho","description":"","publisher":{"@id":"https:\/\/www.zytho.ca\/fr\/#organization"},"potentialAction":[{"@type":"SearchAction","target":{"@type":"EntryPoint","urlTemplate":"https:\/\/www.zytho.ca\/fr\/?s={search_term_string}"},"query-input":{"@type":"PropertyValueSpecification","valueRequired":true,"valueName":"search_term_string"}}],"inLanguage":"fr-FR"},{"@type":"Organization","@id":"https:\/\/www.zytho.ca\/fr\/#organization","name":"Zytho","url":"https:\/\/www.zytho.ca\/fr\/","logo":{"@type":"ImageObject","inLanguage":"fr-FR","@id":"https:\/\/www.zytho.ca\/fr\/#\/schema\/logo\/image\/","url":"https:\/\/www.zytho.ca\/wp-content\/uploads\/2024\/05\/Zytho_reversed_horizontal.svg","contentUrl":"https:\/\/www.zytho.ca\/wp-content\/uploads\/2024\/05\/Zytho_reversed_horizontal.svg","width":1582,"height":490,"caption":"Zytho"},"image":{"@id":"https:\/\/www.zytho.ca\/fr\/#\/schema\/logo\/image\/"}}]}},"_links":{"self":[{"href":"https:\/\/www.zytho.ca\/fr\/wp-json\/wp\/v2\/product\/14781","targetHints":{"allow":["GET"]}}],"collection":[{"href":"https:\/\/www.zytho.ca\/fr\/wp-json\/wp\/v2\/product"}],"about":[{"href":"https:\/\/www.zytho.ca\/fr\/wp-json\/wp\/v2\/types\/product"}],"wp:featuredmedia":[{"embeddable":true,"href":"https:\/\/www.zytho.ca\/fr\/wp-json\/wp\/v2\/media\/14783"}],"wp:attachment":[{"href":"https:\/\/www.zytho.ca\/fr\/wp-json\/wp\/v2\/media?parent=14781"}],"wp:term":[{"taxonomy":"product_brand","embeddable":true,"href":"https:\/\/www.zytho.ca\/fr\/wp-json\/wp\/v2\/product_brand?post=14781"},{"taxonomy":"product_cat","embeddable":true,"href":"https:\/\/www.zytho.ca\/fr\/wp-json\/wp\/v2\/product_cat?post=14781"},{"taxonomy":"product_tag","embeddable":true,"href":"https:\/\/www.zytho.ca\/fr\/wp-json\/wp\/v2\/product_tag?post=14781"}],"curies":[{"name":"wp","href":"https:\/\/api.w.org\/{rel}","templated":true}]}}