{"id":14778,"date":"2025-10-27T15:58:30","date_gmt":"2025-10-27T15:58:30","guid":{"rendered":"https:\/\/zytho.ca\/product\/detecteur-retroreflechissant-ifm\/"},"modified":"2025-11-03T07:12:17","modified_gmt":"2025-11-03T07:12:17","slug":"detecteur-retroreflechissant-ifm","status":"publish","type":"product","link":"https:\/\/www.zytho.ca\/fr\/produit\/detecteur-retroreflechissant-ifm\/","title":{"rendered":"D\u00e9tecteur r\u00e9tror\u00e9fl\u00e9chissant &#8211; Ifm"},"content":{"rendered":"<h6><strong>IFM O6P201 Retro-reflective Sensor &#8211; D\u00e9tecteur photo\u00e9lectrique compact pour la d\u00e9tection d&#8217;objets \u00e0 longue port\u00e9e<\/strong><\/h6>\n<p>Con\u00e7u pour les machines \u00e0 espace r\u00e9duit, le d\u00e9tecteur r\u00e9tror\u00e9fl\u00e9chissant IFM O6P201 offre une d\u00e9tection fiable sur de longues distances, quelle que soit la couleur ou la finition de la cible. Id\u00e9al pour les convoyeurs, les lignes d&#8217;emballage, la protection des machines et l&#8217;automatisation industrielle g\u00e9n\u00e9rale, il s&#8217;int\u00e8gre parfaitement aux automates programmables, aux actionneurs et aux syst\u00e8mes de vannes pour lesquels une d\u00e9tection pr\u00e9cise et r\u00e9p\u00e9table est essentielle. <\/p>\n<h6><strong>Principaux avantages :<\/strong><\/h6>\n<ul>\n<li>Facteur de forme compact pour les enveloppes de montage \u00e9troites et les applications de modernisation<\/li>\n<li>D\u00e9tection stable \u00e0 longue port\u00e9e, ind\u00e9pendamment de la couleur ou du contraste de l&#8217;objet<\/li>\n<li>R\u00e9glage rapide et pr\u00e9cis gr\u00e2ce au potentiom\u00e8tre de sensibilit\u00e9<\/li>\n<li>Fonctionnement lumi\u00e8re allum\u00e9e\/obscurit\u00e9 s\u00e9lectionnable \u00e0 l&#8217;aide d&#8217;un simple commutateur rotatif<\/li>\n<li>Une valeur s\u00fbre : des performances \u00e9lev\u00e9es \u00e0 un prix avantageux<\/li>\n<\/ul>\n<h6><strong>Aper\u00e7u technique :<\/strong><\/h6>\n<ul>\n<li>Principe de d\u00e9tection : Capteur photo\u00e9lectrique \u00e0 r\u00e9flexion (utilise une cible r\u00e9fl\u00e9chissante)<\/li>\n<li>Port\u00e9e : \u00c9tendue ; con\u00e7ue pour la d\u00e9tection \u00e0 longue distance dans les environnements industriels<\/li>\n<li>R\u00e9glage : Potentiom\u00e8tre de r\u00e9glage de la sensibilit\u00e9<\/li>\n<li>Logique de sortie : Lumi\u00e8re allum\u00e9e ou obscurit\u00e9 allum\u00e9e, s\u00e9lectionnable par l&#8217;utilisateur \u00e0 l&#8217;aide d&#8217;une commande rotative<\/li>\n<li>Facteur de forme : Bo\u00eetier particuli\u00e8rement compact pour un montage flexible sur les machines, les cadres et les supports.<\/li>\n<li>Adaptation \u00e0 l&#8217;application : Convoyeurs, manutention, \u00e9quipement d&#8217;emballage, d\u00e9tection de pr\u00e9sence, v\u00e9rification de pi\u00e8ces<\/li>\n<li>Int\u00e9gration : Compatible avec les syst\u00e8mes de contr\u00f4le industriel standard pour un c\u00e2blage et une mise en service ais\u00e9s.<\/li>\n<\/ul>\n<p>Comptez sur l&#8217;O6P201 pour une d\u00e9tection fiable et reproductible qui simplifie l&#8217;int\u00e9gration dans les \u00e9quipements automatis\u00e9s et permet un fonctionnement robuste et facile \u00e0 entretenir.<\/p>\n","protected":false},"excerpt":{"rendered":"<h4>Principaux avantages du capteur r\u00e9tror\u00e9fl\u00e9chissant IFM O6P201 pour les brasseurs professionnels<\/h4>\n<ul>\n<li>La conception compacte permet une installation facile dans les espaces restreints, ce qui est parfait pour la modernisation des \u00e9quipements de brasserie.<\/li>\n<li>Garantit une d\u00e9tection fiable sur de longues distances, sans \u00eatre affect\u00e9e par la couleur ou la finition des mat\u00e9riaux de brassage.<\/li>\n<li>Facilite la mise en place rapide et l&#8217;int\u00e9gration avec les syst\u00e8mes d&#8217;automatisation existants de la brasserie pour des op\u00e9rations efficaces.<\/li>\n<\/ul>\n","protected":false},"featured_media":14780,"template":"","meta":{"_acf_changed":false,"inline_featured_image":false},"product_brand":[1004],"product_cat":[1094,1110,736],"product_tag":[],"class_list":{"0":"post-14778","1":"product","2":"type-product","3":"status-publish","4":"has-post-thumbnail","6":"product_brand-ifm","7":"product_cat-capteurs","8":"product_cat-detecteurs-photoelectriques","9":"product_cat-distribution","11":"first","12":"instock","13":"downloadable","14":"taxable","15":"shipping-taxable","16":"purchasable","17":"product-type-simple"},"acf":[],"yoast_head":"<!-- This site is optimized with the Yoast SEO plugin v27.6 - https:\/\/yoast.com\/product\/yoast-seo-wordpress\/ -->\n<title>D\u00e9tecteur r\u00e9tror\u00e9fl\u00e9chissant - Ifm - Zytho<\/title>\n<meta name=\"robots\" content=\"index, follow, max-snippet:-1, max-image-preview:large, max-video-preview:-1\" \/>\n<link rel=\"canonical\" href=\"https:\/\/www.zytho.ca\/fr\/produit\/detecteur-retroreflechissant-ifm\/\" \/>\n<meta property=\"og:locale\" content=\"fr_FR\" \/>\n<meta property=\"og:type\" content=\"article\" \/>\n<meta property=\"og:title\" content=\"D\u00e9tecteur r\u00e9tror\u00e9fl\u00e9chissant - Ifm - Zytho\" \/>\n<meta property=\"og:description\" content=\"Principaux avantages du capteur r\u00e9tror\u00e9fl\u00e9chissant IFM O6P201 pour les brasseurs professionnels  La conception compacte permet une installation facile dans les espaces restreints, ce qui est parfait pour la modernisation des \u00e9quipements de brasserie. Garantit une d\u00e9tection fiable sur de longues distances, sans \u00eatre affect\u00e9e par la couleur ou la finition des mat\u00e9riaux de brassage. Facilite la mise en place rapide et l&#039;int\u00e9gration avec les syst\u00e8mes d&#039;automatisation existants de la brasserie pour des op\u00e9rations efficaces.\" \/>\n<meta property=\"og:url\" content=\"https:\/\/www.zytho.ca\/fr\/produit\/detecteur-retroreflechissant-ifm\/\" \/>\n<meta property=\"og:site_name\" content=\"Zytho\" \/>\n<meta property=\"article:modified_time\" content=\"2025-11-03T07:12:17+00:00\" \/>\n<meta property=\"og:image\" content=\"https:\/\/www.zytho.ca\/wp-content\/uploads\/2025\/10\/O6P201.jpg\" \/>\n\t<meta property=\"og:image:width\" content=\"1500\" \/>\n\t<meta property=\"og:image:height\" content=\"1500\" \/>\n\t<meta property=\"og:image:type\" content=\"image\/jpeg\" \/>\n<meta name=\"twitter:card\" content=\"summary_large_image\" \/>\n<meta name=\"twitter:label1\" content=\"Dur\u00e9e de lecture estim\u00e9e\" \/>\n\t<meta name=\"twitter:data1\" content=\"2 minutes\" \/>\n<script type=\"application\/ld+json\" class=\"yoast-schema-graph\">{\"@context\":\"https:\\\/\\\/schema.org\",\"@graph\":[{\"@type\":\"WebPage\",\"@id\":\"https:\\\/\\\/www.zytho.ca\\\/fr\\\/produit\\\/detecteur-retroreflechissant-ifm\\\/\",\"url\":\"https:\\\/\\\/www.zytho.ca\\\/fr\\\/produit\\\/detecteur-retroreflechissant-ifm\\\/\",\"name\":\"D\u00e9tecteur r\u00e9tror\u00e9fl\u00e9chissant - Ifm - Zytho\",\"isPartOf\":{\"@id\":\"https:\\\/\\\/www.zytho.ca\\\/fr\\\/#website\"},\"primaryImageOfPage\":{\"@id\":\"https:\\\/\\\/www.zytho.ca\\\/fr\\\/produit\\\/detecteur-retroreflechissant-ifm\\\/#primaryimage\"},\"image\":{\"@id\":\"https:\\\/\\\/www.zytho.ca\\\/fr\\\/produit\\\/detecteur-retroreflechissant-ifm\\\/#primaryimage\"},\"thumbnailUrl\":\"https:\\\/\\\/www.zytho.ca\\\/wp-content\\\/uploads\\\/2025\\\/10\\\/O6P201.jpg\",\"datePublished\":\"2025-10-27T15:58:30+00:00\",\"dateModified\":\"2025-11-03T07:12:17+00:00\",\"breadcrumb\":{\"@id\":\"https:\\\/\\\/www.zytho.ca\\\/fr\\\/produit\\\/detecteur-retroreflechissant-ifm\\\/#breadcrumb\"},\"inLanguage\":\"fr-FR\",\"potentialAction\":[{\"@type\":\"ReadAction\",\"target\":[\"https:\\\/\\\/www.zytho.ca\\\/fr\\\/produit\\\/detecteur-retroreflechissant-ifm\\\/\"]}]},{\"@type\":\"ImageObject\",\"inLanguage\":\"fr-FR\",\"@id\":\"https:\\\/\\\/www.zytho.ca\\\/fr\\\/produit\\\/detecteur-retroreflechissant-ifm\\\/#primaryimage\",\"url\":\"https:\\\/\\\/www.zytho.ca\\\/wp-content\\\/uploads\\\/2025\\\/10\\\/O6P201.jpg\",\"contentUrl\":\"https:\\\/\\\/www.zytho.ca\\\/wp-content\\\/uploads\\\/2025\\\/10\\\/O6P201.jpg\",\"width\":1500,\"height\":1500},{\"@type\":\"BreadcrumbList\",\"@id\":\"https:\\\/\\\/www.zytho.ca\\\/fr\\\/produit\\\/detecteur-retroreflechissant-ifm\\\/#breadcrumb\",\"itemListElement\":[{\"@type\":\"ListItem\",\"position\":1,\"name\":\"Accueil\",\"item\":\"https:\\\/\\\/www.zytho.ca\\\/fr\\\/\"},{\"@type\":\"ListItem\",\"position\":2,\"name\":\"Shop\",\"item\":\"https:\\\/\\\/www.zytho.ca\\\/fr\\\/shop\\\/\"},{\"@type\":\"ListItem\",\"position\":3,\"name\":\"D\u00e9tecteur r\u00e9tror\u00e9fl\u00e9chissant &#8211; Ifm\"}]},{\"@type\":\"WebSite\",\"@id\":\"https:\\\/\\\/www.zytho.ca\\\/fr\\\/#website\",\"url\":\"https:\\\/\\\/www.zytho.ca\\\/fr\\\/\",\"name\":\"Zytho\",\"description\":\"\",\"publisher\":{\"@id\":\"https:\\\/\\\/www.zytho.ca\\\/fr\\\/#organization\"},\"potentialAction\":[{\"@type\":\"SearchAction\",\"target\":{\"@type\":\"EntryPoint\",\"urlTemplate\":\"https:\\\/\\\/www.zytho.ca\\\/fr\\\/?s={search_term_string}\"},\"query-input\":{\"@type\":\"PropertyValueSpecification\",\"valueRequired\":true,\"valueName\":\"search_term_string\"}}],\"inLanguage\":\"fr-FR\"},{\"@type\":\"Organization\",\"@id\":\"https:\\\/\\\/www.zytho.ca\\\/fr\\\/#organization\",\"name\":\"Zytho\",\"url\":\"https:\\\/\\\/www.zytho.ca\\\/fr\\\/\",\"logo\":{\"@type\":\"ImageObject\",\"inLanguage\":\"fr-FR\",\"@id\":\"https:\\\/\\\/www.zytho.ca\\\/fr\\\/#\\\/schema\\\/logo\\\/image\\\/\",\"url\":\"https:\\\/\\\/www.zytho.ca\\\/wp-content\\\/uploads\\\/2024\\\/05\\\/Zytho_reversed_horizontal.svg\",\"contentUrl\":\"https:\\\/\\\/www.zytho.ca\\\/wp-content\\\/uploads\\\/2024\\\/05\\\/Zytho_reversed_horizontal.svg\",\"width\":1582,\"height\":490,\"caption\":\"Zytho\"},\"image\":{\"@id\":\"https:\\\/\\\/www.zytho.ca\\\/fr\\\/#\\\/schema\\\/logo\\\/image\\\/\"}}]}<\/script>\n<!-- \/ Yoast SEO plugin. -->","yoast_head_json":{"title":"D\u00e9tecteur r\u00e9tror\u00e9fl\u00e9chissant - Ifm - Zytho","robots":{"index":"index","follow":"follow","max-snippet":"max-snippet:-1","max-image-preview":"max-image-preview:large","max-video-preview":"max-video-preview:-1"},"canonical":"https:\/\/www.zytho.ca\/fr\/produit\/detecteur-retroreflechissant-ifm\/","og_locale":"fr_FR","og_type":"article","og_title":"D\u00e9tecteur r\u00e9tror\u00e9fl\u00e9chissant - Ifm - Zytho","og_description":"Principaux avantages du capteur r\u00e9tror\u00e9fl\u00e9chissant IFM O6P201 pour les brasseurs professionnels  La conception compacte permet une installation facile dans les espaces restreints, ce qui est parfait pour la modernisation des \u00e9quipements de brasserie. Garantit une d\u00e9tection fiable sur de longues distances, sans \u00eatre affect\u00e9e par la couleur ou la finition des mat\u00e9riaux de brassage. Facilite la mise en place rapide et l'int\u00e9gration avec les syst\u00e8mes d'automatisation existants de la brasserie pour des op\u00e9rations efficaces.","og_url":"https:\/\/www.zytho.ca\/fr\/produit\/detecteur-retroreflechissant-ifm\/","og_site_name":"Zytho","article_modified_time":"2025-11-03T07:12:17+00:00","og_image":[{"width":1500,"height":1500,"url":"https:\/\/www.zytho.ca\/wp-content\/uploads\/2025\/10\/O6P201.jpg","type":"image\/jpeg"}],"twitter_card":"summary_large_image","twitter_misc":{"Dur\u00e9e de lecture estim\u00e9e":"2 minutes"},"schema":{"@context":"https:\/\/schema.org","@graph":[{"@type":"WebPage","@id":"https:\/\/www.zytho.ca\/fr\/produit\/detecteur-retroreflechissant-ifm\/","url":"https:\/\/www.zytho.ca\/fr\/produit\/detecteur-retroreflechissant-ifm\/","name":"D\u00e9tecteur r\u00e9tror\u00e9fl\u00e9chissant - Ifm - Zytho","isPartOf":{"@id":"https:\/\/www.zytho.ca\/fr\/#website"},"primaryImageOfPage":{"@id":"https:\/\/www.zytho.ca\/fr\/produit\/detecteur-retroreflechissant-ifm\/#primaryimage"},"image":{"@id":"https:\/\/www.zytho.ca\/fr\/produit\/detecteur-retroreflechissant-ifm\/#primaryimage"},"thumbnailUrl":"https:\/\/www.zytho.ca\/wp-content\/uploads\/2025\/10\/O6P201.jpg","datePublished":"2025-10-27T15:58:30+00:00","dateModified":"2025-11-03T07:12:17+00:00","breadcrumb":{"@id":"https:\/\/www.zytho.ca\/fr\/produit\/detecteur-retroreflechissant-ifm\/#breadcrumb"},"inLanguage":"fr-FR","potentialAction":[{"@type":"ReadAction","target":["https:\/\/www.zytho.ca\/fr\/produit\/detecteur-retroreflechissant-ifm\/"]}]},{"@type":"ImageObject","inLanguage":"fr-FR","@id":"https:\/\/www.zytho.ca\/fr\/produit\/detecteur-retroreflechissant-ifm\/#primaryimage","url":"https:\/\/www.zytho.ca\/wp-content\/uploads\/2025\/10\/O6P201.jpg","contentUrl":"https:\/\/www.zytho.ca\/wp-content\/uploads\/2025\/10\/O6P201.jpg","width":1500,"height":1500},{"@type":"BreadcrumbList","@id":"https:\/\/www.zytho.ca\/fr\/produit\/detecteur-retroreflechissant-ifm\/#breadcrumb","itemListElement":[{"@type":"ListItem","position":1,"name":"Accueil","item":"https:\/\/www.zytho.ca\/fr\/"},{"@type":"ListItem","position":2,"name":"Shop","item":"https:\/\/www.zytho.ca\/fr\/shop\/"},{"@type":"ListItem","position":3,"name":"D\u00e9tecteur r\u00e9tror\u00e9fl\u00e9chissant &#8211; Ifm"}]},{"@type":"WebSite","@id":"https:\/\/www.zytho.ca\/fr\/#website","url":"https:\/\/www.zytho.ca\/fr\/","name":"Zytho","description":"","publisher":{"@id":"https:\/\/www.zytho.ca\/fr\/#organization"},"potentialAction":[{"@type":"SearchAction","target":{"@type":"EntryPoint","urlTemplate":"https:\/\/www.zytho.ca\/fr\/?s={search_term_string}"},"query-input":{"@type":"PropertyValueSpecification","valueRequired":true,"valueName":"search_term_string"}}],"inLanguage":"fr-FR"},{"@type":"Organization","@id":"https:\/\/www.zytho.ca\/fr\/#organization","name":"Zytho","url":"https:\/\/www.zytho.ca\/fr\/","logo":{"@type":"ImageObject","inLanguage":"fr-FR","@id":"https:\/\/www.zytho.ca\/fr\/#\/schema\/logo\/image\/","url":"https:\/\/www.zytho.ca\/wp-content\/uploads\/2024\/05\/Zytho_reversed_horizontal.svg","contentUrl":"https:\/\/www.zytho.ca\/wp-content\/uploads\/2024\/05\/Zytho_reversed_horizontal.svg","width":1582,"height":490,"caption":"Zytho"},"image":{"@id":"https:\/\/www.zytho.ca\/fr\/#\/schema\/logo\/image\/"}}]}},"_links":{"self":[{"href":"https:\/\/www.zytho.ca\/fr\/wp-json\/wp\/v2\/product\/14778","targetHints":{"allow":["GET"]}}],"collection":[{"href":"https:\/\/www.zytho.ca\/fr\/wp-json\/wp\/v2\/product"}],"about":[{"href":"https:\/\/www.zytho.ca\/fr\/wp-json\/wp\/v2\/types\/product"}],"wp:featuredmedia":[{"embeddable":true,"href":"https:\/\/www.zytho.ca\/fr\/wp-json\/wp\/v2\/media\/14780"}],"wp:attachment":[{"href":"https:\/\/www.zytho.ca\/fr\/wp-json\/wp\/v2\/media?parent=14778"}],"wp:term":[{"taxonomy":"product_brand","embeddable":true,"href":"https:\/\/www.zytho.ca\/fr\/wp-json\/wp\/v2\/product_brand?post=14778"},{"taxonomy":"product_cat","embeddable":true,"href":"https:\/\/www.zytho.ca\/fr\/wp-json\/wp\/v2\/product_cat?post=14778"},{"taxonomy":"product_tag","embeddable":true,"href":"https:\/\/www.zytho.ca\/fr\/wp-json\/wp\/v2\/product_tag?post=14778"}],"curies":[{"name":"wp","href":"https:\/\/api.w.org\/{rel}","templated":true}]}}