{"id":14720,"date":"2025-10-27T15:59:06","date_gmt":"2025-10-27T15:59:06","guid":{"rendered":"https:\/\/zytho.ca\/product\/bloc-e-s-de-securite-ip67-2di-asi-ifm\/"},"modified":"2025-11-03T07:14:48","modified_gmt":"2025-11-03T07:14:48","slug":"bloc-e-s-de-securite-ip67-2di-asi-ifm","status":"publish","type":"product","link":"https:\/\/www.zytho.ca\/fr\/produit\/bloc-e-s-de-securite-ip67-2di-asi-ifm\/","title":{"rendered":"Bloc E\/S de s\u00e9curit\u00e9 IP67 2DI ASi &#8211; Ifm"},"content":{"rendered":"<h6><strong>IFM AC505S IP67 Safety I\/O Block 2DI ASi<\/p>\n<p>&#8211; E\/S de s\u00e9curit\u00e9 pour capteurs AS-Interface<\/strong><\/h6>\n<p>Con\u00e7u pour les r\u00e9seaux de s\u00e9curit\u00e9 des machines, l&#8217;IFM AC505S capture et communique les \u00e9tats de commutation de s\u00e9curit\u00e9 des appareils de terrain directement dans les syst\u00e8mes AS-Interface (AS-i) &#8220;Safety at Work&#8221;. Avec deux entr\u00e9es de s\u00e9curit\u00e9, il connecte \u00e0 la fois des contacts m\u00e9caniques robustes et des capteurs de s\u00e9curit\u00e9 \u00e0 3 fils utilis\u00e9s pour la protection, les arr\u00eats d&#8217;urgence, les interverrouillages et la surveillance des syst\u00e8mes de vannes. Un bo\u00eetier \u00e9tanche IP67 et des LED de diagnostic lumineuses le rendent id\u00e9al pour un montage sur machine \u00e0 proximit\u00e9 de capteurs et d&#8217;actionneurs sur des convoyeurs, des lignes d&#8217;emballage et des \u00e9quipements d&#8217;automatisation g\u00e9n\u00e9rale.  <\/p>\n<h6><strong>Principaux avantages<\/strong><\/h6>\n<ul>\n<li>Deux entr\u00e9es s\u00e9curis\u00e9es pour les contacts m\u00e9caniques et les capteurs de s\u00e9curit\u00e9 \u00e0 3 fils<\/li>\n<li>Int\u00e9gration directe dans les r\u00e9seaux de s\u00e9curit\u00e9 AS-i pour simplifier le c\u00e2blage<\/li>\n<li>Installation rapide sans outil pour un d\u00e9ploiement rapide<\/li>\n<li>LED \u00e0 haute visibilit\u00e9 pour l&#8217;alimentation, l&#8217;\u00e9tat et la localisation des d\u00e9fauts<\/li>\n<li>Robustesse IP67 pour les environnements industriels difficiles<\/li>\n<\/ul>\n<h6><strong>Aper\u00e7u technique<\/strong><\/h6>\n<ul>\n<li>Interface : AS-Interface (AS-i) S\u00e9curit\u00e9 au travail<\/li>\n<li>Entr\u00e9es : 2 entr\u00e9es num\u00e9riques de s\u00e9curit\u00e9 ; compatible avec les interrupteurs m\u00e9caniques de s\u00e9curit\u00e9 et les capteurs de s\u00e9curit\u00e9 \u00e0 3 fils<\/li>\n<li>Protection : Bo\u00eetier IP67 pour placement sur machine<\/li>\n<li>Indication : DEL d\u00e9di\u00e9es au fonctionnement, \u00e0 l&#8217;\u00e9tat du canal et \u00e0 l&#8217;erreur.<\/li>\n<li>Installation : Technique de montage rapide ; c\u00e2blage sans outil<\/li>\n<li>Cas d&#8217;utilisation : Protection des machines, boucles d&#8217;arr\u00eat d&#8217;urgence, surveillance des portes et des protections, retour d&#8217;information des capteurs \u00e0 proximit\u00e9 des actionneurs et des collecteurs de vannes.<\/li>\n<\/ul>\n<p>Comptez sur l&#8217;AC505S pour une acquisition fiable des \u00e9tats de s\u00e9curit\u00e9 et une int\u00e9gration transparente dans les architectures d&#8217;automatisation AS-i.<\/p>\n","protected":false},"excerpt":{"rendered":"<h4>Am\u00e9liorez la s\u00e9curit\u00e9 et l&#8217;efficacit\u00e9 de votre brasserie avec le bloc d&#8217;E\/S de s\u00e9curit\u00e9 IFM AC505S IP67, con\u00e7u pour une int\u00e9gration transparente dans les r\u00e9seaux de s\u00e9curit\u00e9 AS-i.<\/h4>\n<ul>\n<li>Int\u00e9gration ais\u00e9e dans les r\u00e9seaux de s\u00e9curit\u00e9 existants, r\u00e9duisant la complexit\u00e9 du c\u00e2blage.<\/li>\n<li>La conception robuste, conforme \u00e0 la norme IP67, garantit des performances fiables dans les environnements de brasserie exigeants.<\/li>\n<li>L&#8217;installation rapide et sans outil acc\u00e9l\u00e8re le d\u00e9ploiement et minimise les temps d&#8217;arr\u00eat.<\/li>\n<\/ul>\n","protected":false},"featured_media":14722,"template":"","meta":{"_acf_changed":false,"inline_featured_image":false},"product_brand":[1004],"product_cat":[1102,736,1101],"product_tag":[],"class_list":{"0":"post-14720","1":"product","2":"type-product","3":"status-publish","4":"has-post-thumbnail","6":"product_brand-ifm","7":"product_cat-as-interface-securite-au-travail","8":"product_cat-distribution","9":"product_cat-technologie-de-la-securite","11":"first","12":"instock","13":"downloadable","14":"taxable","15":"shipping-taxable","16":"purchasable","17":"product-type-simple"},"acf":[],"yoast_head":"<!-- This site is optimized with the Yoast SEO plugin v27.6 - https:\/\/yoast.com\/product\/yoast-seo-wordpress\/ -->\n<title>Bloc E\/S de s\u00e9curit\u00e9 IP67 2DI ASi - Ifm - Zytho<\/title>\n<meta name=\"robots\" content=\"index, follow, max-snippet:-1, max-image-preview:large, max-video-preview:-1\" \/>\n<link rel=\"canonical\" href=\"https:\/\/www.zytho.ca\/fr\/produit\/bloc-e-s-de-securite-ip67-2di-asi-ifm\/\" \/>\n<meta property=\"og:locale\" content=\"fr_FR\" \/>\n<meta property=\"og:type\" content=\"article\" \/>\n<meta property=\"og:title\" content=\"Bloc E\/S de s\u00e9curit\u00e9 IP67 2DI ASi - Ifm - Zytho\" \/>\n<meta property=\"og:description\" content=\"Am\u00e9liorez la s\u00e9curit\u00e9 et l&#039;efficacit\u00e9 de votre brasserie avec le bloc d&#039;E\/S de s\u00e9curit\u00e9 IFM AC505S IP67, con\u00e7u pour une int\u00e9gration transparente dans les r\u00e9seaux de s\u00e9curit\u00e9 AS-i.  Int\u00e9gration ais\u00e9e dans les r\u00e9seaux de s\u00e9curit\u00e9 existants, r\u00e9duisant la complexit\u00e9 du c\u00e2blage. La conception robuste, conforme \u00e0 la norme IP67, garantit des performances fiables dans les environnements de brasserie exigeants. L&#039;installation rapide et sans outil acc\u00e9l\u00e8re le d\u00e9ploiement et minimise les temps d&#039;arr\u00eat.\" \/>\n<meta property=\"og:url\" content=\"https:\/\/www.zytho.ca\/fr\/produit\/bloc-e-s-de-securite-ip67-2di-asi-ifm\/\" \/>\n<meta property=\"og:site_name\" content=\"Zytho\" \/>\n<meta property=\"article:modified_time\" content=\"2025-11-03T07:14:48+00:00\" \/>\n<meta property=\"og:image\" content=\"https:\/\/www.zytho.ca\/wp-content\/uploads\/2025\/10\/AC505S.jpg\" \/>\n\t<meta property=\"og:image:width\" content=\"1500\" \/>\n\t<meta property=\"og:image:height\" content=\"1500\" \/>\n\t<meta property=\"og:image:type\" content=\"image\/jpeg\" \/>\n<meta name=\"twitter:card\" content=\"summary_large_image\" \/>\n<meta name=\"twitter:label1\" content=\"Dur\u00e9e de lecture estim\u00e9e\" \/>\n\t<meta name=\"twitter:data1\" content=\"2 minutes\" \/>\n<script type=\"application\/ld+json\" class=\"yoast-schema-graph\">{\"@context\":\"https:\\\/\\\/schema.org\",\"@graph\":[{\"@type\":\"WebPage\",\"@id\":\"https:\\\/\\\/www.zytho.ca\\\/fr\\\/produit\\\/bloc-e-s-de-securite-ip67-2di-asi-ifm\\\/\",\"url\":\"https:\\\/\\\/www.zytho.ca\\\/fr\\\/produit\\\/bloc-e-s-de-securite-ip67-2di-asi-ifm\\\/\",\"name\":\"Bloc E\\\/S de s\u00e9curit\u00e9 IP67 2DI ASi - Ifm - Zytho\",\"isPartOf\":{\"@id\":\"https:\\\/\\\/www.zytho.ca\\\/fr\\\/#website\"},\"primaryImageOfPage\":{\"@id\":\"https:\\\/\\\/www.zytho.ca\\\/fr\\\/produit\\\/bloc-e-s-de-securite-ip67-2di-asi-ifm\\\/#primaryimage\"},\"image\":{\"@id\":\"https:\\\/\\\/www.zytho.ca\\\/fr\\\/produit\\\/bloc-e-s-de-securite-ip67-2di-asi-ifm\\\/#primaryimage\"},\"thumbnailUrl\":\"https:\\\/\\\/www.zytho.ca\\\/wp-content\\\/uploads\\\/2025\\\/10\\\/AC505S.jpg\",\"datePublished\":\"2025-10-27T15:59:06+00:00\",\"dateModified\":\"2025-11-03T07:14:48+00:00\",\"breadcrumb\":{\"@id\":\"https:\\\/\\\/www.zytho.ca\\\/fr\\\/produit\\\/bloc-e-s-de-securite-ip67-2di-asi-ifm\\\/#breadcrumb\"},\"inLanguage\":\"fr-FR\",\"potentialAction\":[{\"@type\":\"ReadAction\",\"target\":[\"https:\\\/\\\/www.zytho.ca\\\/fr\\\/produit\\\/bloc-e-s-de-securite-ip67-2di-asi-ifm\\\/\"]}]},{\"@type\":\"ImageObject\",\"inLanguage\":\"fr-FR\",\"@id\":\"https:\\\/\\\/www.zytho.ca\\\/fr\\\/produit\\\/bloc-e-s-de-securite-ip67-2di-asi-ifm\\\/#primaryimage\",\"url\":\"https:\\\/\\\/www.zytho.ca\\\/wp-content\\\/uploads\\\/2025\\\/10\\\/AC505S.jpg\",\"contentUrl\":\"https:\\\/\\\/www.zytho.ca\\\/wp-content\\\/uploads\\\/2025\\\/10\\\/AC505S.jpg\",\"width\":1500,\"height\":1500},{\"@type\":\"BreadcrumbList\",\"@id\":\"https:\\\/\\\/www.zytho.ca\\\/fr\\\/produit\\\/bloc-e-s-de-securite-ip67-2di-asi-ifm\\\/#breadcrumb\",\"itemListElement\":[{\"@type\":\"ListItem\",\"position\":1,\"name\":\"Accueil\",\"item\":\"https:\\\/\\\/www.zytho.ca\\\/fr\\\/\"},{\"@type\":\"ListItem\",\"position\":2,\"name\":\"Shop\",\"item\":\"https:\\\/\\\/www.zytho.ca\\\/fr\\\/shop\\\/\"},{\"@type\":\"ListItem\",\"position\":3,\"name\":\"Bloc E\\\/S de s\u00e9curit\u00e9 IP67 2DI ASi &#8211; Ifm\"}]},{\"@type\":\"WebSite\",\"@id\":\"https:\\\/\\\/www.zytho.ca\\\/fr\\\/#website\",\"url\":\"https:\\\/\\\/www.zytho.ca\\\/fr\\\/\",\"name\":\"Zytho\",\"description\":\"\",\"publisher\":{\"@id\":\"https:\\\/\\\/www.zytho.ca\\\/fr\\\/#organization\"},\"potentialAction\":[{\"@type\":\"SearchAction\",\"target\":{\"@type\":\"EntryPoint\",\"urlTemplate\":\"https:\\\/\\\/www.zytho.ca\\\/fr\\\/?s={search_term_string}\"},\"query-input\":{\"@type\":\"PropertyValueSpecification\",\"valueRequired\":true,\"valueName\":\"search_term_string\"}}],\"inLanguage\":\"fr-FR\"},{\"@type\":\"Organization\",\"@id\":\"https:\\\/\\\/www.zytho.ca\\\/fr\\\/#organization\",\"name\":\"Zytho\",\"url\":\"https:\\\/\\\/www.zytho.ca\\\/fr\\\/\",\"logo\":{\"@type\":\"ImageObject\",\"inLanguage\":\"fr-FR\",\"@id\":\"https:\\\/\\\/www.zytho.ca\\\/fr\\\/#\\\/schema\\\/logo\\\/image\\\/\",\"url\":\"https:\\\/\\\/www.zytho.ca\\\/wp-content\\\/uploads\\\/2024\\\/05\\\/Zytho_reversed_horizontal.svg\",\"contentUrl\":\"https:\\\/\\\/www.zytho.ca\\\/wp-content\\\/uploads\\\/2024\\\/05\\\/Zytho_reversed_horizontal.svg\",\"width\":1582,\"height\":490,\"caption\":\"Zytho\"},\"image\":{\"@id\":\"https:\\\/\\\/www.zytho.ca\\\/fr\\\/#\\\/schema\\\/logo\\\/image\\\/\"}}]}<\/script>\n<!-- \/ Yoast SEO plugin. -->","yoast_head_json":{"title":"Bloc E\/S de s\u00e9curit\u00e9 IP67 2DI ASi - Ifm - Zytho","robots":{"index":"index","follow":"follow","max-snippet":"max-snippet:-1","max-image-preview":"max-image-preview:large","max-video-preview":"max-video-preview:-1"},"canonical":"https:\/\/www.zytho.ca\/fr\/produit\/bloc-e-s-de-securite-ip67-2di-asi-ifm\/","og_locale":"fr_FR","og_type":"article","og_title":"Bloc E\/S de s\u00e9curit\u00e9 IP67 2DI ASi - Ifm - Zytho","og_description":"Am\u00e9liorez la s\u00e9curit\u00e9 et l'efficacit\u00e9 de votre brasserie avec le bloc d'E\/S de s\u00e9curit\u00e9 IFM AC505S IP67, con\u00e7u pour une int\u00e9gration transparente dans les r\u00e9seaux de s\u00e9curit\u00e9 AS-i.  Int\u00e9gration ais\u00e9e dans les r\u00e9seaux de s\u00e9curit\u00e9 existants, r\u00e9duisant la complexit\u00e9 du c\u00e2blage. La conception robuste, conforme \u00e0 la norme IP67, garantit des performances fiables dans les environnements de brasserie exigeants. L'installation rapide et sans outil acc\u00e9l\u00e8re le d\u00e9ploiement et minimise les temps d'arr\u00eat.","og_url":"https:\/\/www.zytho.ca\/fr\/produit\/bloc-e-s-de-securite-ip67-2di-asi-ifm\/","og_site_name":"Zytho","article_modified_time":"2025-11-03T07:14:48+00:00","og_image":[{"width":1500,"height":1500,"url":"https:\/\/www.zytho.ca\/wp-content\/uploads\/2025\/10\/AC505S.jpg","type":"image\/jpeg"}],"twitter_card":"summary_large_image","twitter_misc":{"Dur\u00e9e de lecture estim\u00e9e":"2 minutes"},"schema":{"@context":"https:\/\/schema.org","@graph":[{"@type":"WebPage","@id":"https:\/\/www.zytho.ca\/fr\/produit\/bloc-e-s-de-securite-ip67-2di-asi-ifm\/","url":"https:\/\/www.zytho.ca\/fr\/produit\/bloc-e-s-de-securite-ip67-2di-asi-ifm\/","name":"Bloc E\/S de s\u00e9curit\u00e9 IP67 2DI ASi - Ifm - Zytho","isPartOf":{"@id":"https:\/\/www.zytho.ca\/fr\/#website"},"primaryImageOfPage":{"@id":"https:\/\/www.zytho.ca\/fr\/produit\/bloc-e-s-de-securite-ip67-2di-asi-ifm\/#primaryimage"},"image":{"@id":"https:\/\/www.zytho.ca\/fr\/produit\/bloc-e-s-de-securite-ip67-2di-asi-ifm\/#primaryimage"},"thumbnailUrl":"https:\/\/www.zytho.ca\/wp-content\/uploads\/2025\/10\/AC505S.jpg","datePublished":"2025-10-27T15:59:06+00:00","dateModified":"2025-11-03T07:14:48+00:00","breadcrumb":{"@id":"https:\/\/www.zytho.ca\/fr\/produit\/bloc-e-s-de-securite-ip67-2di-asi-ifm\/#breadcrumb"},"inLanguage":"fr-FR","potentialAction":[{"@type":"ReadAction","target":["https:\/\/www.zytho.ca\/fr\/produit\/bloc-e-s-de-securite-ip67-2di-asi-ifm\/"]}]},{"@type":"ImageObject","inLanguage":"fr-FR","@id":"https:\/\/www.zytho.ca\/fr\/produit\/bloc-e-s-de-securite-ip67-2di-asi-ifm\/#primaryimage","url":"https:\/\/www.zytho.ca\/wp-content\/uploads\/2025\/10\/AC505S.jpg","contentUrl":"https:\/\/www.zytho.ca\/wp-content\/uploads\/2025\/10\/AC505S.jpg","width":1500,"height":1500},{"@type":"BreadcrumbList","@id":"https:\/\/www.zytho.ca\/fr\/produit\/bloc-e-s-de-securite-ip67-2di-asi-ifm\/#breadcrumb","itemListElement":[{"@type":"ListItem","position":1,"name":"Accueil","item":"https:\/\/www.zytho.ca\/fr\/"},{"@type":"ListItem","position":2,"name":"Shop","item":"https:\/\/www.zytho.ca\/fr\/shop\/"},{"@type":"ListItem","position":3,"name":"Bloc E\/S de s\u00e9curit\u00e9 IP67 2DI ASi &#8211; Ifm"}]},{"@type":"WebSite","@id":"https:\/\/www.zytho.ca\/fr\/#website","url":"https:\/\/www.zytho.ca\/fr\/","name":"Zytho","description":"","publisher":{"@id":"https:\/\/www.zytho.ca\/fr\/#organization"},"potentialAction":[{"@type":"SearchAction","target":{"@type":"EntryPoint","urlTemplate":"https:\/\/www.zytho.ca\/fr\/?s={search_term_string}"},"query-input":{"@type":"PropertyValueSpecification","valueRequired":true,"valueName":"search_term_string"}}],"inLanguage":"fr-FR"},{"@type":"Organization","@id":"https:\/\/www.zytho.ca\/fr\/#organization","name":"Zytho","url":"https:\/\/www.zytho.ca\/fr\/","logo":{"@type":"ImageObject","inLanguage":"fr-FR","@id":"https:\/\/www.zytho.ca\/fr\/#\/schema\/logo\/image\/","url":"https:\/\/www.zytho.ca\/wp-content\/uploads\/2024\/05\/Zytho_reversed_horizontal.svg","contentUrl":"https:\/\/www.zytho.ca\/wp-content\/uploads\/2024\/05\/Zytho_reversed_horizontal.svg","width":1582,"height":490,"caption":"Zytho"},"image":{"@id":"https:\/\/www.zytho.ca\/fr\/#\/schema\/logo\/image\/"}}]}},"_links":{"self":[{"href":"https:\/\/www.zytho.ca\/fr\/wp-json\/wp\/v2\/product\/14720","targetHints":{"allow":["GET"]}}],"collection":[{"href":"https:\/\/www.zytho.ca\/fr\/wp-json\/wp\/v2\/product"}],"about":[{"href":"https:\/\/www.zytho.ca\/fr\/wp-json\/wp\/v2\/types\/product"}],"wp:featuredmedia":[{"embeddable":true,"href":"https:\/\/www.zytho.ca\/fr\/wp-json\/wp\/v2\/media\/14722"}],"wp:attachment":[{"href":"https:\/\/www.zytho.ca\/fr\/wp-json\/wp\/v2\/media?parent=14720"}],"wp:term":[{"taxonomy":"product_brand","embeddable":true,"href":"https:\/\/www.zytho.ca\/fr\/wp-json\/wp\/v2\/product_brand?post=14720"},{"taxonomy":"product_cat","embeddable":true,"href":"https:\/\/www.zytho.ca\/fr\/wp-json\/wp\/v2\/product_cat?post=14720"},{"taxonomy":"product_tag","embeddable":true,"href":"https:\/\/www.zytho.ca\/fr\/wp-json\/wp\/v2\/product_tag?post=14720"}],"curies":[{"name":"wp","href":"https:\/\/api.w.org\/{rel}","templated":true}]}}