{"id":14713,"date":"2025-10-27T15:59:08","date_gmt":"2025-10-27T15:59:08","guid":{"rendered":"https:\/\/zytho.ca\/product\/repeteur-asi-ifm\/"},"modified":"2025-11-03T07:14:38","modified_gmt":"2025-11-03T07:14:38","slug":"repeteur-asi-ifm","status":"publish","type":"product","link":"https:\/\/www.zytho.ca\/fr\/produit\/repeteur-asi-ifm\/","title":{"rendered":"R\u00e9p\u00e9teur ASI &#8211; Ifm"},"content":{"rendered":"<h6><strong>IFM AC3226 AS-i Repeater &#8211; Extension de la port\u00e9e du r\u00e9seau AS-i dans les armoires de commande<\/strong><\/h6>\n<p>Con\u00e7u pour les r\u00e9seaux AS-i (Actuator-Sensor Interface), le r\u00e9p\u00e9teur IFM AC3226 AS-i permet d&#8217;augmenter la longueur des c\u00e2bles pour prendre en charge les capteurs, les actionneurs, les syst\u00e8mes de vannes et les modules d&#8217;E\/S distribu\u00e9s \u00e0 partir d&#8217;une armoire de commande centralis\u00e9e. Un bo\u00eetier compact pr\u00e9serve l&#8217;espace du panneau, tandis qu&#8217;un connecteur COMBICON avec bornes \u00e0 vis permet un c\u00e2blage rapide et s\u00fbr. Des diodes \u00e9lectroluminescentes clairement visibles fournissent un retour d&#8217;information imm\u00e9diat sur le fonctionnement normal et les conditions d&#8217;erreur afin d&#8217;acc\u00e9l\u00e9rer le d\u00e9pannage et la mise en service.  <\/p>\n<h6><strong>Principaux avantages<\/strong><\/h6>\n<ul>\n<li>Prolonge la longueur du c\u00e2ble AS-i pour atteindre les capteurs, les actionneurs et les \u00eelots de vannes \u00e9loign\u00e9s.<\/li>\n<li>Le facteur de forme peu encombrant est id\u00e9al pour les panneaux de contr\u00f4le denses<\/li>\n<li>Terminaisons rapides et fiables gr\u00e2ce au connecteur \u00e0 vis COMBICON<\/li>\n<li>DEL d&#8217;\u00e9tat claire pour le diagnostic du fonctionnement et des d\u00e9fauts<\/li>\n<li>Simplifie l&#8217;extension du r\u00e9seau sans modifier l&#8217;architecture existante<\/li>\n<\/ul>\n<h6><strong>D\u00e9tails du produit<\/strong><\/h6>\n<ul>\n<li>Marque\/Mod\u00e8le : IFM AC3226<\/li>\n<li>Fonction : R\u00e9p\u00e9teur de r\u00e9seau AS-i pour l&#8217;extension de la longueur du c\u00e2ble<\/li>\n<li>Cas d&#8217;utilisation : Installations d&#8217;armoires de commande dans l&#8217;automatisation industrielle<\/li>\n<li>Connectivit\u00e9 : Connecteur COMBICON avec bornes \u00e0 vis<\/li>\n<li>Indicateurs : LED pour le fonctionnement et l&#8217;\u00e9tat d&#8217;erreur<\/li>\n<li>Conception : Particuli\u00e8rement compact et facile \u00e0 installer<\/li>\n<\/ul>\n<p>Comptez sur l&#8217;AC3226 pour une extension fiable du r\u00e9seau AS-i et une int\u00e9gration transparente dans les syst\u00e8mes d&#8217;automatisation modernes.<\/p>\n","protected":false},"excerpt":{"rendered":"<h4>Am\u00e9liorez l&#8217;automatisation de votre brasserie avec le r\u00e9p\u00e9teur IFM AC3226 AS-i, con\u00e7u pour \u00e9tendre la port\u00e9e du r\u00e9seau et optimiser l&#8217;espace de l&#8217;armoire de commande.<\/h4>\n<ul>\n<li>Augmentez la longueur du c\u00e2ble AS-i pour connecter efficacement les capteurs et les actionneurs de brassage \u00e0 distance.<\/li>\n<li>Le design compact s&#8217;int\u00e8gre parfaitement dans les panneaux de contr\u00f4le des brasseries.<\/li>\n<li>Connexions rapides et s\u00fbres avec les connecteurs \u00e0 vis COMBICON.<\/li>\n<\/ul>\n","protected":false},"featured_media":14714,"template":"","meta":{"_acf_changed":false,"inline_featured_image":false},"product_brand":[1004],"product_cat":[1038,736],"product_tag":[],"class_list":{"0":"post-14713","1":"product","2":"type-product","3":"status-publish","4":"has-post-thumbnail","6":"product_brand-ifm","7":"product_cat-accessoires-pour-as-interface","8":"product_cat-distribution","10":"first","11":"instock","12":"downloadable","13":"taxable","14":"shipping-taxable","15":"purchasable","16":"product-type-simple"},"acf":[],"yoast_head":"<!-- This site is optimized with the Yoast SEO plugin v27.6 - https:\/\/yoast.com\/product\/yoast-seo-wordpress\/ -->\n<title>R\u00e9p\u00e9teur ASI - Ifm - Zytho<\/title>\n<meta name=\"robots\" content=\"index, follow, max-snippet:-1, max-image-preview:large, max-video-preview:-1\" \/>\n<link rel=\"canonical\" href=\"https:\/\/www.zytho.ca\/fr\/produit\/repeteur-asi-ifm\/\" \/>\n<meta property=\"og:locale\" content=\"fr_FR\" \/>\n<meta property=\"og:type\" content=\"article\" \/>\n<meta property=\"og:title\" content=\"R\u00e9p\u00e9teur ASI - Ifm - Zytho\" \/>\n<meta property=\"og:description\" content=\"Am\u00e9liorez l&#039;automatisation de votre brasserie avec le r\u00e9p\u00e9teur IFM AC3226 AS-i, con\u00e7u pour \u00e9tendre la port\u00e9e du r\u00e9seau et optimiser l&#039;espace de l&#039;armoire de commande.   Augmentez la longueur du c\u00e2ble AS-i pour connecter efficacement les capteurs et les actionneurs de brassage \u00e0 distance.  Le design compact s&#039;int\u00e8gre parfaitement dans les panneaux de contr\u00f4le des brasseries.  Connexions rapides et s\u00fbres avec les connecteurs \u00e0 vis COMBICON.\" \/>\n<meta property=\"og:url\" content=\"https:\/\/www.zytho.ca\/fr\/produit\/repeteur-asi-ifm\/\" \/>\n<meta property=\"og:site_name\" content=\"Zytho\" \/>\n<meta property=\"article:modified_time\" content=\"2025-11-03T07:14:38+00:00\" \/>\n<meta property=\"og:image\" content=\"https:\/\/www.zytho.ca\/wp-content\/uploads\/2025\/10\/AC3226.jpg\" \/>\n\t<meta property=\"og:image:width\" content=\"1500\" \/>\n\t<meta property=\"og:image:height\" content=\"1500\" \/>\n\t<meta property=\"og:image:type\" content=\"image\/jpeg\" \/>\n<meta name=\"twitter:card\" content=\"summary_large_image\" \/>\n<meta name=\"twitter:label1\" content=\"Dur\u00e9e de lecture estim\u00e9e\" \/>\n\t<meta name=\"twitter:data1\" content=\"1 minute\" \/>\n<script type=\"application\/ld+json\" class=\"yoast-schema-graph\">{\"@context\":\"https:\\\/\\\/schema.org\",\"@graph\":[{\"@type\":\"WebPage\",\"@id\":\"https:\\\/\\\/www.zytho.ca\\\/fr\\\/produit\\\/repeteur-asi-ifm\\\/\",\"url\":\"https:\\\/\\\/www.zytho.ca\\\/fr\\\/produit\\\/repeteur-asi-ifm\\\/\",\"name\":\"R\u00e9p\u00e9teur ASI - Ifm - Zytho\",\"isPartOf\":{\"@id\":\"https:\\\/\\\/www.zytho.ca\\\/fr\\\/#website\"},\"primaryImageOfPage\":{\"@id\":\"https:\\\/\\\/www.zytho.ca\\\/fr\\\/produit\\\/repeteur-asi-ifm\\\/#primaryimage\"},\"image\":{\"@id\":\"https:\\\/\\\/www.zytho.ca\\\/fr\\\/produit\\\/repeteur-asi-ifm\\\/#primaryimage\"},\"thumbnailUrl\":\"https:\\\/\\\/www.zytho.ca\\\/wp-content\\\/uploads\\\/2025\\\/10\\\/AC3226.jpg\",\"datePublished\":\"2025-10-27T15:59:08+00:00\",\"dateModified\":\"2025-11-03T07:14:38+00:00\",\"breadcrumb\":{\"@id\":\"https:\\\/\\\/www.zytho.ca\\\/fr\\\/produit\\\/repeteur-asi-ifm\\\/#breadcrumb\"},\"inLanguage\":\"fr-FR\",\"potentialAction\":[{\"@type\":\"ReadAction\",\"target\":[\"https:\\\/\\\/www.zytho.ca\\\/fr\\\/produit\\\/repeteur-asi-ifm\\\/\"]}]},{\"@type\":\"ImageObject\",\"inLanguage\":\"fr-FR\",\"@id\":\"https:\\\/\\\/www.zytho.ca\\\/fr\\\/produit\\\/repeteur-asi-ifm\\\/#primaryimage\",\"url\":\"https:\\\/\\\/www.zytho.ca\\\/wp-content\\\/uploads\\\/2025\\\/10\\\/AC3226.jpg\",\"contentUrl\":\"https:\\\/\\\/www.zytho.ca\\\/wp-content\\\/uploads\\\/2025\\\/10\\\/AC3226.jpg\",\"width\":1500,\"height\":1500},{\"@type\":\"BreadcrumbList\",\"@id\":\"https:\\\/\\\/www.zytho.ca\\\/fr\\\/produit\\\/repeteur-asi-ifm\\\/#breadcrumb\",\"itemListElement\":[{\"@type\":\"ListItem\",\"position\":1,\"name\":\"Accueil\",\"item\":\"https:\\\/\\\/www.zytho.ca\\\/fr\\\/\"},{\"@type\":\"ListItem\",\"position\":2,\"name\":\"Shop\",\"item\":\"https:\\\/\\\/www.zytho.ca\\\/fr\\\/shop\\\/\"},{\"@type\":\"ListItem\",\"position\":3,\"name\":\"R\u00e9p\u00e9teur ASI &#8211; Ifm\"}]},{\"@type\":\"WebSite\",\"@id\":\"https:\\\/\\\/www.zytho.ca\\\/fr\\\/#website\",\"url\":\"https:\\\/\\\/www.zytho.ca\\\/fr\\\/\",\"name\":\"Zytho\",\"description\":\"\",\"publisher\":{\"@id\":\"https:\\\/\\\/www.zytho.ca\\\/fr\\\/#organization\"},\"potentialAction\":[{\"@type\":\"SearchAction\",\"target\":{\"@type\":\"EntryPoint\",\"urlTemplate\":\"https:\\\/\\\/www.zytho.ca\\\/fr\\\/?s={search_term_string}\"},\"query-input\":{\"@type\":\"PropertyValueSpecification\",\"valueRequired\":true,\"valueName\":\"search_term_string\"}}],\"inLanguage\":\"fr-FR\"},{\"@type\":\"Organization\",\"@id\":\"https:\\\/\\\/www.zytho.ca\\\/fr\\\/#organization\",\"name\":\"Zytho\",\"url\":\"https:\\\/\\\/www.zytho.ca\\\/fr\\\/\",\"logo\":{\"@type\":\"ImageObject\",\"inLanguage\":\"fr-FR\",\"@id\":\"https:\\\/\\\/www.zytho.ca\\\/fr\\\/#\\\/schema\\\/logo\\\/image\\\/\",\"url\":\"https:\\\/\\\/www.zytho.ca\\\/wp-content\\\/uploads\\\/2024\\\/05\\\/Zytho_reversed_horizontal.svg\",\"contentUrl\":\"https:\\\/\\\/www.zytho.ca\\\/wp-content\\\/uploads\\\/2024\\\/05\\\/Zytho_reversed_horizontal.svg\",\"width\":1582,\"height\":490,\"caption\":\"Zytho\"},\"image\":{\"@id\":\"https:\\\/\\\/www.zytho.ca\\\/fr\\\/#\\\/schema\\\/logo\\\/image\\\/\"}}]}<\/script>\n<!-- \/ Yoast SEO plugin. -->","yoast_head_json":{"title":"R\u00e9p\u00e9teur ASI - Ifm - Zytho","robots":{"index":"index","follow":"follow","max-snippet":"max-snippet:-1","max-image-preview":"max-image-preview:large","max-video-preview":"max-video-preview:-1"},"canonical":"https:\/\/www.zytho.ca\/fr\/produit\/repeteur-asi-ifm\/","og_locale":"fr_FR","og_type":"article","og_title":"R\u00e9p\u00e9teur ASI - Ifm - Zytho","og_description":"Am\u00e9liorez l'automatisation de votre brasserie avec le r\u00e9p\u00e9teur IFM AC3226 AS-i, con\u00e7u pour \u00e9tendre la port\u00e9e du r\u00e9seau et optimiser l'espace de l'armoire de commande.   Augmentez la longueur du c\u00e2ble AS-i pour connecter efficacement les capteurs et les actionneurs de brassage \u00e0 distance.  Le design compact s'int\u00e8gre parfaitement dans les panneaux de contr\u00f4le des brasseries.  Connexions rapides et s\u00fbres avec les connecteurs \u00e0 vis COMBICON.","og_url":"https:\/\/www.zytho.ca\/fr\/produit\/repeteur-asi-ifm\/","og_site_name":"Zytho","article_modified_time":"2025-11-03T07:14:38+00:00","og_image":[{"width":1500,"height":1500,"url":"https:\/\/www.zytho.ca\/wp-content\/uploads\/2025\/10\/AC3226.jpg","type":"image\/jpeg"}],"twitter_card":"summary_large_image","twitter_misc":{"Dur\u00e9e de lecture estim\u00e9e":"1 minute"},"schema":{"@context":"https:\/\/schema.org","@graph":[{"@type":"WebPage","@id":"https:\/\/www.zytho.ca\/fr\/produit\/repeteur-asi-ifm\/","url":"https:\/\/www.zytho.ca\/fr\/produit\/repeteur-asi-ifm\/","name":"R\u00e9p\u00e9teur ASI - Ifm - Zytho","isPartOf":{"@id":"https:\/\/www.zytho.ca\/fr\/#website"},"primaryImageOfPage":{"@id":"https:\/\/www.zytho.ca\/fr\/produit\/repeteur-asi-ifm\/#primaryimage"},"image":{"@id":"https:\/\/www.zytho.ca\/fr\/produit\/repeteur-asi-ifm\/#primaryimage"},"thumbnailUrl":"https:\/\/www.zytho.ca\/wp-content\/uploads\/2025\/10\/AC3226.jpg","datePublished":"2025-10-27T15:59:08+00:00","dateModified":"2025-11-03T07:14:38+00:00","breadcrumb":{"@id":"https:\/\/www.zytho.ca\/fr\/produit\/repeteur-asi-ifm\/#breadcrumb"},"inLanguage":"fr-FR","potentialAction":[{"@type":"ReadAction","target":["https:\/\/www.zytho.ca\/fr\/produit\/repeteur-asi-ifm\/"]}]},{"@type":"ImageObject","inLanguage":"fr-FR","@id":"https:\/\/www.zytho.ca\/fr\/produit\/repeteur-asi-ifm\/#primaryimage","url":"https:\/\/www.zytho.ca\/wp-content\/uploads\/2025\/10\/AC3226.jpg","contentUrl":"https:\/\/www.zytho.ca\/wp-content\/uploads\/2025\/10\/AC3226.jpg","width":1500,"height":1500},{"@type":"BreadcrumbList","@id":"https:\/\/www.zytho.ca\/fr\/produit\/repeteur-asi-ifm\/#breadcrumb","itemListElement":[{"@type":"ListItem","position":1,"name":"Accueil","item":"https:\/\/www.zytho.ca\/fr\/"},{"@type":"ListItem","position":2,"name":"Shop","item":"https:\/\/www.zytho.ca\/fr\/shop\/"},{"@type":"ListItem","position":3,"name":"R\u00e9p\u00e9teur ASI &#8211; Ifm"}]},{"@type":"WebSite","@id":"https:\/\/www.zytho.ca\/fr\/#website","url":"https:\/\/www.zytho.ca\/fr\/","name":"Zytho","description":"","publisher":{"@id":"https:\/\/www.zytho.ca\/fr\/#organization"},"potentialAction":[{"@type":"SearchAction","target":{"@type":"EntryPoint","urlTemplate":"https:\/\/www.zytho.ca\/fr\/?s={search_term_string}"},"query-input":{"@type":"PropertyValueSpecification","valueRequired":true,"valueName":"search_term_string"}}],"inLanguage":"fr-FR"},{"@type":"Organization","@id":"https:\/\/www.zytho.ca\/fr\/#organization","name":"Zytho","url":"https:\/\/www.zytho.ca\/fr\/","logo":{"@type":"ImageObject","inLanguage":"fr-FR","@id":"https:\/\/www.zytho.ca\/fr\/#\/schema\/logo\/image\/","url":"https:\/\/www.zytho.ca\/wp-content\/uploads\/2024\/05\/Zytho_reversed_horizontal.svg","contentUrl":"https:\/\/www.zytho.ca\/wp-content\/uploads\/2024\/05\/Zytho_reversed_horizontal.svg","width":1582,"height":490,"caption":"Zytho"},"image":{"@id":"https:\/\/www.zytho.ca\/fr\/#\/schema\/logo\/image\/"}}]}},"_links":{"self":[{"href":"https:\/\/www.zytho.ca\/fr\/wp-json\/wp\/v2\/product\/14713","targetHints":{"allow":["GET"]}}],"collection":[{"href":"https:\/\/www.zytho.ca\/fr\/wp-json\/wp\/v2\/product"}],"about":[{"href":"https:\/\/www.zytho.ca\/fr\/wp-json\/wp\/v2\/types\/product"}],"wp:featuredmedia":[{"embeddable":true,"href":"https:\/\/www.zytho.ca\/fr\/wp-json\/wp\/v2\/media\/14714"}],"wp:attachment":[{"href":"https:\/\/www.zytho.ca\/fr\/wp-json\/wp\/v2\/media?parent=14713"}],"wp:term":[{"taxonomy":"product_brand","embeddable":true,"href":"https:\/\/www.zytho.ca\/fr\/wp-json\/wp\/v2\/product_brand?post=14713"},{"taxonomy":"product_cat","embeddable":true,"href":"https:\/\/www.zytho.ca\/fr\/wp-json\/wp\/v2\/product_cat?post=14713"},{"taxonomy":"product_tag","embeddable":true,"href":"https:\/\/www.zytho.ca\/fr\/wp-json\/wp\/v2\/product_tag?post=14713"}],"curies":[{"name":"wp","href":"https:\/\/api.w.org\/{rel}","templated":true}]}}