{"id":14672,"date":"2025-10-27T15:40:23","date_gmt":"2025-10-27T15:40:23","guid":{"rendered":"https:\/\/zytho.ca\/product\/systemes-de-recuperation-du-co2\/"},"modified":"2025-11-05T07:29:10","modified_gmt":"2025-11-05T07:29:10","slug":"systemes-de-recuperation-du-co2","status":"publish","type":"product","link":"https:\/\/www.zytho.ca\/fr\/produit\/systemes-de-recuperation-du-co2\/","title":{"rendered":"Syst\u00e8mes de r\u00e9cup\u00e9ration du CO2"},"content":{"rendered":"<p>Il est possible de r\u00e9cup\u00e9rer le CO2 g\u00e9n\u00e9r\u00e9 lors de la fermentation et de le r\u00e9injecter avant la mise en conserve.<\/p>\n<p>Le processus de r\u00e9cup\u00e9ration du CO2 commence par un s\u00e9parateur de mousse qui draine la mousse du gaz entrant. Le gaz est ensuite purifi\u00e9, comprim\u00e9 et liqu\u00e9fi\u00e9 pour \u00eatre stock\u00e9 dans des r\u00e9servoirs cryog\u00e9niques \u00e0 l&#8217;ext\u00e9rieur. <\/p>\n<section class=\"bloc-mod bloc-mod-liste\">\n<h4 class=\"bloc-mod-liste__nom\">Sp\u00e9cifications<\/h4>\n<ul class=\"bloc-mod-liste__liste\">\n<li class=\"bloc-mod-liste__element\">CO2 de qualit\u00e9 alimentaire<\/li>\n<li class=\"bloc-mod-liste__element\">Haute puret\u00e9 : CO2 ; 99,998% v\/v, faible O2t ; 5 ppm v\/v<\/li>\n<li class=\"bloc-mod-liste__element\">Jusqu&#8217;\u00e0 60 % de r\u00e9duction de la consommation d&#8217;\u00e9nergie<\/li>\n<li class=\"bloc-mod-liste__element\">Fonctionnement enti\u00e8rement automatique<\/li>\n<li class=\"bloc-mod-liste__element\">Conception compacte mont\u00e9e sur patins pour une installation rapide<\/li>\n<li class=\"bloc-mod-liste__element\">Un support technique exp\u00e9riment\u00e9<\/li>\n<\/ul>\n<p>&nbsp;<\/p>\n<\/section>\n<h4 class=\"bloc-mod-liste__nom\">CO2MPACTBREW<\/h4>\n<section class=\"bloc-mod bloc-mod-images-inline\" data-ff-slideshow=\"container\">\n<div class=\"bloc-mod-images-inline__image-container ff-slideshow-trigger-element\" data-ff-slideshow=\"element\">\n<p class=\"bloc-mod-images-inline__description\">CO2mpactBrew est une installation de r\u00e9cup\u00e9ration de CO2 sp\u00e9cialement con\u00e7ue pour les petites brasseries artisanales afin de garantir un approvisionnement continu et autonome en CO2 de qualit\u00e9 boisson.<\/p>\n<p><img fetchpriority=\"high\" decoding=\"async\" class=\"alignnone size-medium wp-image-8851\" src=\"https:\/\/www.zytho.ca\/wp-content\/uploads\/2025\/11\/nxt-compact-brew-719x520-1.png\" alt=\"\" width=\"300\" height=\"217\"><\/p>\n<\/div>\n<\/section>\n<section class=\"bloc-mod bloc-mod-texte bloc-mod-texte--inverse\">\n<div class=\"bloc-mod-texte__texte wysiwyg\">\n<h4>ECO2BREW<\/h4>\n<p>ECO2Brew est unique dans sa conception pour r\u00e9cup\u00e9rer le CO2 des processus de fermentation dans les grandes brasseries fonctionnant 24 heures sur 24, 7 jours sur 7 (&gt;  2 000 000 hl\/an). Son fonctionnement 100 % sans eau peut permettre d&#8217;\u00e9conomiser jusqu&#8217;\u00e0 1 m3 d&#8217;eau par tonne de CO2 liquide en cuve. <\/p>\n<p><img decoding=\"async\" class=\"alignnone size-medium wp-image-8853\" src=\"https:\/\/www.zytho.ca\/wp-content\/uploads\/2025\/11\/nxt-eco-brew-727x520-1.png\" alt=\"\" width=\"300\" height=\"215\"><\/p>\n<h4>UNIT\u00c9 DE R\u00c9CUP\u00c9RATION DU CO2 (CRU)<\/h4>\n<p>L&#8217;unit\u00e9 de r\u00e9cup\u00e9ration du CO2 (CRU) est une solution de r\u00e9cup\u00e9ration du CO2 robuste et fiable qui r\u00e9pond \u00e0 une grande vari\u00e9t\u00e9 de besoins des brasseries, allant de 300 000 \u00e0 plus de 5 000 000 hl\/an. Il s&#8217;agit de l&#8217;installation de r\u00e9cup\u00e9ration de CO2 de r\u00e9f\u00e9rence dans l&#8217;industrie brassicole mondiale, avec des installations vieilles de 25 ans qui fonctionnent encore tr\u00e8s bien. <\/p>\n<p><img decoding=\"async\" class=\"alignnone size-medium wp-image-8852\" src=\"https:\/\/www.zytho.ca\/wp-content\/uploads\/2025\/11\/nxt-cru-721x520-1.png\" alt=\"\" width=\"300\" height=\"216\"><\/p>\n<\/div>\n<\/section>\n","protected":false},"excerpt":{"rendered":"<h4>Minimisez l&#8217;empreinte carbone de votre brasserie et r\u00e9duisez vos d\u00e9penses op\u00e9rationnelles avec les syst\u00e8mes de r\u00e9cup\u00e9ration de CO\u2082 de Zytho. Con\u00e7u pour les brasseries professionnelles, ce syst\u00e8me capture, purifie et r\u00e9utilise le CO\u2082 produit pendant la fermentation, r\u00e9duisant ainsi votre d\u00e9pendance \u00e0 l&#8217;\u00e9gard de co\u00fbteux approvisionnements en gaz externes. <\/h4>\n<p><strong>Avantages<\/strong><\/p>\n<ul>\n<li data-start=\"373\" data-end=\"874\">\u00c9conomies &#8211; R\u00e9duisez vos co\u00fbts de CO\u2082 en recyclant le gaz que votre brasserie g\u00e9n\u00e8re naturellement.<\/li>\n<li data-start=\"373\" data-end=\"874\">Durabilit\u00e9 &#8211; R\u00e9duisez les \u00e9missions de gaz \u00e0 effet de serre et am\u00e9liorez votre impact sur l&#8217;environnement.<\/li>\n<li data-start=\"373\" data-end=\"874\">Efficacit\u00e9 &#8211; Un syst\u00e8me enti\u00e8rement automatis\u00e9 qui s&#8217;int\u00e8gre parfaitement \u00e0 votre processus actuel.<\/li>\n<li data-start=\"373\" data-end=\"874\">Puret\u00e9 garantie &#8211; La filtration avanc\u00e9e garantit un CO\u2082 de qualit\u00e9 brassicole pour une bi\u00e8re de qualit\u00e9 sup\u00e9rieure.<\/li>\n<li data-start=\"373\" data-end=\"874\">Conception compacte &#8211; Con\u00e7ue pour s&#8217;adapter aux espaces limit\u00e9s des brasseries sans sacrifier les performances.<\/li>\n<\/ul>\n<p data-start=\"876\" data-end=\"1094\">Que vous soyez une brasserie artisanale ou une entreprise de grande envergure, notre syst\u00e8me de r\u00e9cup\u00e9ration du CO\u2082 offre un processus de brassage plus intelligent, plus \u00e9cologique et plus rentable. Investissez dans la durabilit\u00e9 sans compromettre l&#8217;efficacit\u00e9. <\/p>\n","protected":false},"featured_media":14675,"template":"","meta":{"_acf_changed":false,"inline_featured_image":false},"product_brand":[729],"product_cat":[1424,1091,731],"product_tag":[],"class_list":{"0":"post-14672","1":"product","2":"type-product","3":"status-publish","4":"has-post-thumbnail","6":"product_brand-zytho","7":"product_cat-carbonatation","8":"product_cat-recuperation-de-gaz","9":"product_cat-systemes","11":"first","12":"instock","13":"taxable","14":"shipping-taxable","15":"product-type-simple"},"acf":[],"yoast_head":"<!-- This site is optimized with the Yoast SEO plugin v27.6 - https:\/\/yoast.com\/product\/yoast-seo-wordpress\/ -->\n<title>Syst\u00e8mes de r\u00e9cup\u00e9ration de CO2 - Liquid Process Engineers | Zytho<\/title>\n<meta name=\"description\" content=\"Con\u00e7u pour les brasseries professionnelles, ce syst\u00e8me capture, purifie et r\u00e9utilise le CO\u2082 g\u00e9n\u00e9r\u00e9 pendant la fermentation, r\u00e9duisant ainsi votre d\u00e9pendance \u00e0 l&#039;\u00e9gard d&#039;approvisionnements en gaz externes co\u00fbteux.\" \/>\n<meta name=\"robots\" content=\"index, follow, max-snippet:-1, max-image-preview:large, max-video-preview:-1\" \/>\n<link rel=\"canonical\" href=\"https:\/\/www.zytho.ca\/fr\/produit\/systemes-de-recuperation-du-co2\/\" \/>\n<meta property=\"og:locale\" content=\"fr_FR\" \/>\n<meta property=\"og:type\" content=\"article\" \/>\n<meta property=\"og:title\" content=\"Syst\u00e8mes de r\u00e9cup\u00e9ration de CO2 - Liquid Process Engineers | Zytho\" \/>\n<meta property=\"og:description\" content=\"Con\u00e7u pour les brasseries professionnelles, ce syst\u00e8me capture, purifie et r\u00e9utilise le CO\u2082 g\u00e9n\u00e9r\u00e9 pendant la fermentation, r\u00e9duisant ainsi votre d\u00e9pendance \u00e0 l&#039;\u00e9gard d&#039;approvisionnements en gaz externes co\u00fbteux.\" \/>\n<meta property=\"og:url\" content=\"https:\/\/www.zytho.ca\/fr\/produit\/systemes-de-recuperation-du-co2\/\" \/>\n<meta property=\"og:site_name\" content=\"Zytho\" \/>\n<meta property=\"article:modified_time\" content=\"2025-11-05T07:29:10+00:00\" \/>\n<meta property=\"og:image\" content=\"https:\/\/www.zytho.ca\/wp-content\/uploads\/2025\/10\/co2-recovery-plants-haffmans-img-1-1-1-e1742376814998.png\" \/>\n\t<meta property=\"og:image:width\" content=\"598\" \/>\n\t<meta property=\"og:image:height\" content=\"587\" \/>\n\t<meta property=\"og:image:type\" content=\"image\/png\" \/>\n<meta name=\"twitter:card\" content=\"summary_large_image\" \/>\n<meta name=\"twitter:label1\" content=\"Dur\u00e9e de lecture estim\u00e9e\" \/>\n\t<meta name=\"twitter:data1\" content=\"1 minute\" \/>\n<script type=\"application\/ld+json\" class=\"yoast-schema-graph\">{\"@context\":\"https:\\\/\\\/schema.org\",\"@graph\":[{\"@type\":\"WebPage\",\"@id\":\"https:\\\/\\\/www.zytho.ca\\\/fr\\\/produit\\\/systemes-de-recuperation-du-co2\\\/\",\"url\":\"https:\\\/\\\/www.zytho.ca\\\/fr\\\/produit\\\/systemes-de-recuperation-du-co2\\\/\",\"name\":\"Syst\u00e8mes de r\u00e9cup\u00e9ration de CO2 - Liquid Process Engineers | Zytho\",\"isPartOf\":{\"@id\":\"https:\\\/\\\/www.zytho.ca\\\/fr\\\/#website\"},\"primaryImageOfPage\":{\"@id\":\"https:\\\/\\\/www.zytho.ca\\\/fr\\\/produit\\\/systemes-de-recuperation-du-co2\\\/#primaryimage\"},\"image\":{\"@id\":\"https:\\\/\\\/www.zytho.ca\\\/fr\\\/produit\\\/systemes-de-recuperation-du-co2\\\/#primaryimage\"},\"thumbnailUrl\":\"https:\\\/\\\/www.zytho.ca\\\/wp-content\\\/uploads\\\/2025\\\/10\\\/co2-recovery-plants-haffmans-img-1-1-1-e1742376814998.png\",\"datePublished\":\"2025-10-27T15:40:23+00:00\",\"dateModified\":\"2025-11-05T07:29:10+00:00\",\"description\":\"Con\u00e7u pour les brasseries professionnelles, ce syst\u00e8me capture, purifie et r\u00e9utilise le CO\u2082 g\u00e9n\u00e9r\u00e9 pendant la fermentation, r\u00e9duisant ainsi votre d\u00e9pendance \u00e0 l'\u00e9gard d'approvisionnements en gaz externes co\u00fbteux.\",\"breadcrumb\":{\"@id\":\"https:\\\/\\\/www.zytho.ca\\\/fr\\\/produit\\\/systemes-de-recuperation-du-co2\\\/#breadcrumb\"},\"inLanguage\":\"fr-FR\",\"potentialAction\":[{\"@type\":\"ReadAction\",\"target\":[\"https:\\\/\\\/www.zytho.ca\\\/fr\\\/produit\\\/systemes-de-recuperation-du-co2\\\/\"]}]},{\"@type\":\"ImageObject\",\"inLanguage\":\"fr-FR\",\"@id\":\"https:\\\/\\\/www.zytho.ca\\\/fr\\\/produit\\\/systemes-de-recuperation-du-co2\\\/#primaryimage\",\"url\":\"https:\\\/\\\/www.zytho.ca\\\/wp-content\\\/uploads\\\/2025\\\/10\\\/co2-recovery-plants-haffmans-img-1-1-1-e1742376814998.png\",\"contentUrl\":\"https:\\\/\\\/www.zytho.ca\\\/wp-content\\\/uploads\\\/2025\\\/10\\\/co2-recovery-plants-haffmans-img-1-1-1-e1742376814998.png\",\"width\":598,\"height\":587},{\"@type\":\"BreadcrumbList\",\"@id\":\"https:\\\/\\\/www.zytho.ca\\\/fr\\\/produit\\\/systemes-de-recuperation-du-co2\\\/#breadcrumb\",\"itemListElement\":[{\"@type\":\"ListItem\",\"position\":1,\"name\":\"Accueil\",\"item\":\"https:\\\/\\\/www.zytho.ca\\\/fr\\\/\"},{\"@type\":\"ListItem\",\"position\":2,\"name\":\"Shop\",\"item\":\"https:\\\/\\\/www.zytho.ca\\\/fr\\\/shop\\\/\"},{\"@type\":\"ListItem\",\"position\":3,\"name\":\"Syst\u00e8mes de r\u00e9cup\u00e9ration du CO2\"}]},{\"@type\":\"WebSite\",\"@id\":\"https:\\\/\\\/www.zytho.ca\\\/fr\\\/#website\",\"url\":\"https:\\\/\\\/www.zytho.ca\\\/fr\\\/\",\"name\":\"Zytho\",\"description\":\"\",\"publisher\":{\"@id\":\"https:\\\/\\\/www.zytho.ca\\\/fr\\\/#organization\"},\"potentialAction\":[{\"@type\":\"SearchAction\",\"target\":{\"@type\":\"EntryPoint\",\"urlTemplate\":\"https:\\\/\\\/www.zytho.ca\\\/fr\\\/?s={search_term_string}\"},\"query-input\":{\"@type\":\"PropertyValueSpecification\",\"valueRequired\":true,\"valueName\":\"search_term_string\"}}],\"inLanguage\":\"fr-FR\"},{\"@type\":\"Organization\",\"@id\":\"https:\\\/\\\/www.zytho.ca\\\/fr\\\/#organization\",\"name\":\"Zytho\",\"url\":\"https:\\\/\\\/www.zytho.ca\\\/fr\\\/\",\"logo\":{\"@type\":\"ImageObject\",\"inLanguage\":\"fr-FR\",\"@id\":\"https:\\\/\\\/www.zytho.ca\\\/fr\\\/#\\\/schema\\\/logo\\\/image\\\/\",\"url\":\"https:\\\/\\\/www.zytho.ca\\\/wp-content\\\/uploads\\\/2024\\\/05\\\/Zytho_reversed_horizontal.svg\",\"contentUrl\":\"https:\\\/\\\/www.zytho.ca\\\/wp-content\\\/uploads\\\/2024\\\/05\\\/Zytho_reversed_horizontal.svg\",\"width\":1582,\"height\":490,\"caption\":\"Zytho\"},\"image\":{\"@id\":\"https:\\\/\\\/www.zytho.ca\\\/fr\\\/#\\\/schema\\\/logo\\\/image\\\/\"}}]}<\/script>\n<!-- \/ Yoast SEO plugin. -->","yoast_head_json":{"title":"Syst\u00e8mes de r\u00e9cup\u00e9ration de CO2 - Liquid Process Engineers | Zytho","description":"Con\u00e7u pour les brasseries professionnelles, ce syst\u00e8me capture, purifie et r\u00e9utilise le CO\u2082 g\u00e9n\u00e9r\u00e9 pendant la fermentation, r\u00e9duisant ainsi votre d\u00e9pendance \u00e0 l'\u00e9gard d'approvisionnements en gaz externes co\u00fbteux.","robots":{"index":"index","follow":"follow","max-snippet":"max-snippet:-1","max-image-preview":"max-image-preview:large","max-video-preview":"max-video-preview:-1"},"canonical":"https:\/\/www.zytho.ca\/fr\/produit\/systemes-de-recuperation-du-co2\/","og_locale":"fr_FR","og_type":"article","og_title":"Syst\u00e8mes de r\u00e9cup\u00e9ration de CO2 - Liquid Process Engineers | Zytho","og_description":"Con\u00e7u pour les brasseries professionnelles, ce syst\u00e8me capture, purifie et r\u00e9utilise le CO\u2082 g\u00e9n\u00e9r\u00e9 pendant la fermentation, r\u00e9duisant ainsi votre d\u00e9pendance \u00e0 l'\u00e9gard d'approvisionnements en gaz externes co\u00fbteux.","og_url":"https:\/\/www.zytho.ca\/fr\/produit\/systemes-de-recuperation-du-co2\/","og_site_name":"Zytho","article_modified_time":"2025-11-05T07:29:10+00:00","og_image":[{"width":598,"height":587,"url":"https:\/\/www.zytho.ca\/wp-content\/uploads\/2025\/10\/co2-recovery-plants-haffmans-img-1-1-1-e1742376814998.png","type":"image\/png"}],"twitter_card":"summary_large_image","twitter_misc":{"Dur\u00e9e de lecture estim\u00e9e":"1 minute"},"schema":{"@context":"https:\/\/schema.org","@graph":[{"@type":"WebPage","@id":"https:\/\/www.zytho.ca\/fr\/produit\/systemes-de-recuperation-du-co2\/","url":"https:\/\/www.zytho.ca\/fr\/produit\/systemes-de-recuperation-du-co2\/","name":"Syst\u00e8mes de r\u00e9cup\u00e9ration de CO2 - Liquid Process Engineers | Zytho","isPartOf":{"@id":"https:\/\/www.zytho.ca\/fr\/#website"},"primaryImageOfPage":{"@id":"https:\/\/www.zytho.ca\/fr\/produit\/systemes-de-recuperation-du-co2\/#primaryimage"},"image":{"@id":"https:\/\/www.zytho.ca\/fr\/produit\/systemes-de-recuperation-du-co2\/#primaryimage"},"thumbnailUrl":"https:\/\/www.zytho.ca\/wp-content\/uploads\/2025\/10\/co2-recovery-plants-haffmans-img-1-1-1-e1742376814998.png","datePublished":"2025-10-27T15:40:23+00:00","dateModified":"2025-11-05T07:29:10+00:00","description":"Con\u00e7u pour les brasseries professionnelles, ce syst\u00e8me capture, purifie et r\u00e9utilise le CO\u2082 g\u00e9n\u00e9r\u00e9 pendant la fermentation, r\u00e9duisant ainsi votre d\u00e9pendance \u00e0 l'\u00e9gard d'approvisionnements en gaz externes co\u00fbteux.","breadcrumb":{"@id":"https:\/\/www.zytho.ca\/fr\/produit\/systemes-de-recuperation-du-co2\/#breadcrumb"},"inLanguage":"fr-FR","potentialAction":[{"@type":"ReadAction","target":["https:\/\/www.zytho.ca\/fr\/produit\/systemes-de-recuperation-du-co2\/"]}]},{"@type":"ImageObject","inLanguage":"fr-FR","@id":"https:\/\/www.zytho.ca\/fr\/produit\/systemes-de-recuperation-du-co2\/#primaryimage","url":"https:\/\/www.zytho.ca\/wp-content\/uploads\/2025\/10\/co2-recovery-plants-haffmans-img-1-1-1-e1742376814998.png","contentUrl":"https:\/\/www.zytho.ca\/wp-content\/uploads\/2025\/10\/co2-recovery-plants-haffmans-img-1-1-1-e1742376814998.png","width":598,"height":587},{"@type":"BreadcrumbList","@id":"https:\/\/www.zytho.ca\/fr\/produit\/systemes-de-recuperation-du-co2\/#breadcrumb","itemListElement":[{"@type":"ListItem","position":1,"name":"Accueil","item":"https:\/\/www.zytho.ca\/fr\/"},{"@type":"ListItem","position":2,"name":"Shop","item":"https:\/\/www.zytho.ca\/fr\/shop\/"},{"@type":"ListItem","position":3,"name":"Syst\u00e8mes de r\u00e9cup\u00e9ration du CO2"}]},{"@type":"WebSite","@id":"https:\/\/www.zytho.ca\/fr\/#website","url":"https:\/\/www.zytho.ca\/fr\/","name":"Zytho","description":"","publisher":{"@id":"https:\/\/www.zytho.ca\/fr\/#organization"},"potentialAction":[{"@type":"SearchAction","target":{"@type":"EntryPoint","urlTemplate":"https:\/\/www.zytho.ca\/fr\/?s={search_term_string}"},"query-input":{"@type":"PropertyValueSpecification","valueRequired":true,"valueName":"search_term_string"}}],"inLanguage":"fr-FR"},{"@type":"Organization","@id":"https:\/\/www.zytho.ca\/fr\/#organization","name":"Zytho","url":"https:\/\/www.zytho.ca\/fr\/","logo":{"@type":"ImageObject","inLanguage":"fr-FR","@id":"https:\/\/www.zytho.ca\/fr\/#\/schema\/logo\/image\/","url":"https:\/\/www.zytho.ca\/wp-content\/uploads\/2024\/05\/Zytho_reversed_horizontal.svg","contentUrl":"https:\/\/www.zytho.ca\/wp-content\/uploads\/2024\/05\/Zytho_reversed_horizontal.svg","width":1582,"height":490,"caption":"Zytho"},"image":{"@id":"https:\/\/www.zytho.ca\/fr\/#\/schema\/logo\/image\/"}}]}},"_links":{"self":[{"href":"https:\/\/www.zytho.ca\/fr\/wp-json\/wp\/v2\/product\/14672","targetHints":{"allow":["GET"]}}],"collection":[{"href":"https:\/\/www.zytho.ca\/fr\/wp-json\/wp\/v2\/product"}],"about":[{"href":"https:\/\/www.zytho.ca\/fr\/wp-json\/wp\/v2\/types\/product"}],"wp:featuredmedia":[{"embeddable":true,"href":"https:\/\/www.zytho.ca\/fr\/wp-json\/wp\/v2\/media\/14675"}],"wp:attachment":[{"href":"https:\/\/www.zytho.ca\/fr\/wp-json\/wp\/v2\/media?parent=14672"}],"wp:term":[{"taxonomy":"product_brand","embeddable":true,"href":"https:\/\/www.zytho.ca\/fr\/wp-json\/wp\/v2\/product_brand?post=14672"},{"taxonomy":"product_cat","embeddable":true,"href":"https:\/\/www.zytho.ca\/fr\/wp-json\/wp\/v2\/product_cat?post=14672"},{"taxonomy":"product_tag","embeddable":true,"href":"https:\/\/www.zytho.ca\/fr\/wp-json\/wp\/v2\/product_tag?post=14672"}],"curies":[{"name":"wp","href":"https:\/\/api.w.org\/{rel}","templated":true}]}}