{"id":14666,"date":"2025-10-27T15:40:36","date_gmt":"2025-10-27T15:40:36","guid":{"rendered":"https:\/\/zytho.ca\/product\/pentair-haffmans-pinpoint\/"},"modified":"2025-11-03T23:04:06","modified_gmt":"2025-11-03T23:04:06","slug":"pentair-haffmans-pinpoint","status":"publish","type":"product","link":"https:\/\/www.zytho.ca\/fr\/produit\/pentair-haffmans-pinpoint\/","title":{"rendered":"Pentair-Haffmans pinpoint"},"content":{"rendered":"<p class=\"\" data-start=\"178\" data-end=\"510\">Le Pentair-Haffmans Pinpoint est un instrument compact et de haute pr\u00e9cision con\u00e7u pour mesurer pr\u00e9cis\u00e9ment le dioxyde de carbone dissous (CO\u2082) et l&#8217;oxyg\u00e8ne (O\u2082) dans les boissons. Con\u00e7u pour une analyse sur place, le Pinpoint donne aux brasseurs et aux producteurs de boissons une confiance totale dans la qualit\u00e9 de leurs produits &#8211; de la fermentation \u00e0 l&#8217;emballage final. <\/p>\n<p class=\"\" data-start=\"512\" data-end=\"798\">Avec des temps de r\u00e9ponse rapides et un fonctionnement intuitif, le Pinpoint permet une prise de d\u00e9cision rapide et des ajustements de processus en temps r\u00e9el. Sa construction robuste, ses faibles besoins de maintenance et sa conception ergonomique en font un outil de confiance pour le contr\u00f4le quotidien de la qualit\u00e9 dans les environnements de laboratoire et de production. <\/p>\n","protected":false},"excerpt":{"rendered":"<h4>Contr\u00f4le pr\u00e9cis du CO\u2082 et de l&#8217;O\u2082 pour garantir la qualit\u00e9 des boissons<\/h4>\n<p><strong>Avantages<\/strong><\/p>\n<ul>\n<li>Surveillance pr\u00e9cise des gaz dissous : Mesures coh\u00e9rentes du CO\u2082 et de l&#8217;O\u2082 dans diverses plages de mesure<\/li>\n<li>Portable et facile \u00e0 utiliser : Conception compacte et portable avec une interface conviviale.<\/li>\n<li>Rapide et efficace : Des cycles de mesure rapides am\u00e9liorent les processus de contr\u00f4le de la qualit\u00e9<\/li>\n<li>Enregistrement des donn\u00e9es : M\u00e9moire int\u00e9gr\u00e9e pour un suivi et une analyse continus<\/li>\n<li>Robuste et hygi\u00e9nique : Con\u00e7u pour les environnements de production difficiles<\/li>\n<\/ul>\n","protected":false},"featured_media":14669,"template":"","meta":{"_acf_changed":false,"inline_featured_image":false},"product_brand":[728],"product_cat":[730,1089,736,1025],"product_tag":[],"class_list":{"0":"post-14666","1":"product","2":"type-product","3":"status-publish","4":"has-post-thumbnail","6":"product_brand-pentair-haffmans","7":"product_cat-boissons-et-brassage","8":"product_cat-carbonisation-en-ligne","9":"product_cat-distribution","10":"product_cat-instruments-pour-gaz-dissous","12":"first","13":"instock","14":"taxable","15":"shipping-taxable","16":"product-type-simple"},"acf":[],"yoast_head":"<!-- This site is optimized with the Yoast SEO plugin v27.6 - https:\/\/yoast.com\/product\/yoast-seo-wordpress\/ -->\n<title>Pentair-Haffmans pinpoint - Zytho<\/title>\n<meta name=\"robots\" content=\"index, follow, max-snippet:-1, max-image-preview:large, max-video-preview:-1\" \/>\n<link rel=\"canonical\" href=\"https:\/\/www.zytho.ca\/fr\/produit\/pentair-haffmans-pinpoint\/\" \/>\n<meta property=\"og:locale\" content=\"fr_FR\" \/>\n<meta property=\"og:type\" content=\"article\" \/>\n<meta property=\"og:title\" content=\"Pentair-Haffmans pinpoint - Zytho\" \/>\n<meta property=\"og:description\" content=\"Contr\u00f4le pr\u00e9cis du CO\u2082 et de l&#039;O\u2082 pour garantir la qualit\u00e9 des boissons Avantages  Surveillance pr\u00e9cise des gaz dissous : Mesures coh\u00e9rentes du CO\u2082 et de l&#039;O\u2082 dans diverses plages de mesure  Portable et facile \u00e0 utiliser : Conception compacte et portable avec une interface conviviale.  Rapide et efficace : Des cycles de mesure rapides am\u00e9liorent les processus de contr\u00f4le de la qualit\u00e9  Enregistrement des donn\u00e9es : M\u00e9moire int\u00e9gr\u00e9e pour un suivi et une analyse continus  Robuste et hygi\u00e9nique : Con\u00e7u pour les environnements de production difficiles\" \/>\n<meta property=\"og:url\" content=\"https:\/\/www.zytho.ca\/fr\/produit\/pentair-haffmans-pinpoint\/\" \/>\n<meta property=\"og:site_name\" content=\"Zytho\" \/>\n<meta property=\"article:modified_time\" content=\"2025-11-03T23:04:06+00:00\" \/>\n<meta property=\"og:image\" content=\"https:\/\/www.zytho.ca\/wp-content\/uploads\/2025\/10\/pinpoint2-2-picaai.png\" \/>\n\t<meta property=\"og:image:width\" content=\"1932\" \/>\n\t<meta property=\"og:image:height\" content=\"1552\" \/>\n\t<meta property=\"og:image:type\" content=\"image\/png\" \/>\n<meta name=\"twitter:card\" content=\"summary_large_image\" \/>\n<meta name=\"twitter:label1\" content=\"Dur\u00e9e de lecture estim\u00e9e\" \/>\n\t<meta name=\"twitter:data1\" content=\"1 minute\" \/>\n<script type=\"application\/ld+json\" class=\"yoast-schema-graph\">{\"@context\":\"https:\\\/\\\/schema.org\",\"@graph\":[{\"@type\":\"WebPage\",\"@id\":\"https:\\\/\\\/www.zytho.ca\\\/fr\\\/produit\\\/pentair-haffmans-pinpoint\\\/\",\"url\":\"https:\\\/\\\/www.zytho.ca\\\/fr\\\/produit\\\/pentair-haffmans-pinpoint\\\/\",\"name\":\"Pentair-Haffmans pinpoint - Zytho\",\"isPartOf\":{\"@id\":\"https:\\\/\\\/www.zytho.ca\\\/fr\\\/#website\"},\"primaryImageOfPage\":{\"@id\":\"https:\\\/\\\/www.zytho.ca\\\/fr\\\/produit\\\/pentair-haffmans-pinpoint\\\/#primaryimage\"},\"image\":{\"@id\":\"https:\\\/\\\/www.zytho.ca\\\/fr\\\/produit\\\/pentair-haffmans-pinpoint\\\/#primaryimage\"},\"thumbnailUrl\":\"https:\\\/\\\/www.zytho.ca\\\/wp-content\\\/uploads\\\/2025\\\/10\\\/pinpoint2-2-picaai.png\",\"datePublished\":\"2025-10-27T15:40:36+00:00\",\"dateModified\":\"2025-11-03T23:04:06+00:00\",\"breadcrumb\":{\"@id\":\"https:\\\/\\\/www.zytho.ca\\\/fr\\\/produit\\\/pentair-haffmans-pinpoint\\\/#breadcrumb\"},\"inLanguage\":\"fr-FR\",\"potentialAction\":[{\"@type\":\"ReadAction\",\"target\":[\"https:\\\/\\\/www.zytho.ca\\\/fr\\\/produit\\\/pentair-haffmans-pinpoint\\\/\"]}]},{\"@type\":\"ImageObject\",\"inLanguage\":\"fr-FR\",\"@id\":\"https:\\\/\\\/www.zytho.ca\\\/fr\\\/produit\\\/pentair-haffmans-pinpoint\\\/#primaryimage\",\"url\":\"https:\\\/\\\/www.zytho.ca\\\/wp-content\\\/uploads\\\/2025\\\/10\\\/pinpoint2-2-picaai.png\",\"contentUrl\":\"https:\\\/\\\/www.zytho.ca\\\/wp-content\\\/uploads\\\/2025\\\/10\\\/pinpoint2-2-picaai.png\",\"width\":1932,\"height\":1552},{\"@type\":\"BreadcrumbList\",\"@id\":\"https:\\\/\\\/www.zytho.ca\\\/fr\\\/produit\\\/pentair-haffmans-pinpoint\\\/#breadcrumb\",\"itemListElement\":[{\"@type\":\"ListItem\",\"position\":1,\"name\":\"Accueil\",\"item\":\"https:\\\/\\\/www.zytho.ca\\\/fr\\\/\"},{\"@type\":\"ListItem\",\"position\":2,\"name\":\"Shop\",\"item\":\"https:\\\/\\\/www.zytho.ca\\\/fr\\\/shop\\\/\"},{\"@type\":\"ListItem\",\"position\":3,\"name\":\"Pentair-Haffmans pinpoint\"}]},{\"@type\":\"WebSite\",\"@id\":\"https:\\\/\\\/www.zytho.ca\\\/fr\\\/#website\",\"url\":\"https:\\\/\\\/www.zytho.ca\\\/fr\\\/\",\"name\":\"Zytho\",\"description\":\"\",\"publisher\":{\"@id\":\"https:\\\/\\\/www.zytho.ca\\\/fr\\\/#organization\"},\"potentialAction\":[{\"@type\":\"SearchAction\",\"target\":{\"@type\":\"EntryPoint\",\"urlTemplate\":\"https:\\\/\\\/www.zytho.ca\\\/fr\\\/?s={search_term_string}\"},\"query-input\":{\"@type\":\"PropertyValueSpecification\",\"valueRequired\":true,\"valueName\":\"search_term_string\"}}],\"inLanguage\":\"fr-FR\"},{\"@type\":\"Organization\",\"@id\":\"https:\\\/\\\/www.zytho.ca\\\/fr\\\/#organization\",\"name\":\"Zytho\",\"url\":\"https:\\\/\\\/www.zytho.ca\\\/fr\\\/\",\"logo\":{\"@type\":\"ImageObject\",\"inLanguage\":\"fr-FR\",\"@id\":\"https:\\\/\\\/www.zytho.ca\\\/fr\\\/#\\\/schema\\\/logo\\\/image\\\/\",\"url\":\"https:\\\/\\\/www.zytho.ca\\\/wp-content\\\/uploads\\\/2024\\\/05\\\/Zytho_reversed_horizontal.svg\",\"contentUrl\":\"https:\\\/\\\/www.zytho.ca\\\/wp-content\\\/uploads\\\/2024\\\/05\\\/Zytho_reversed_horizontal.svg\",\"width\":1582,\"height\":490,\"caption\":\"Zytho\"},\"image\":{\"@id\":\"https:\\\/\\\/www.zytho.ca\\\/fr\\\/#\\\/schema\\\/logo\\\/image\\\/\"}}]}<\/script>\n<!-- \/ Yoast SEO plugin. -->","yoast_head_json":{"title":"Pentair-Haffmans pinpoint - Zytho","robots":{"index":"index","follow":"follow","max-snippet":"max-snippet:-1","max-image-preview":"max-image-preview:large","max-video-preview":"max-video-preview:-1"},"canonical":"https:\/\/www.zytho.ca\/fr\/produit\/pentair-haffmans-pinpoint\/","og_locale":"fr_FR","og_type":"article","og_title":"Pentair-Haffmans pinpoint - Zytho","og_description":"Contr\u00f4le pr\u00e9cis du CO\u2082 et de l'O\u2082 pour garantir la qualit\u00e9 des boissons Avantages  Surveillance pr\u00e9cise des gaz dissous : Mesures coh\u00e9rentes du CO\u2082 et de l'O\u2082 dans diverses plages de mesure  Portable et facile \u00e0 utiliser : Conception compacte et portable avec une interface conviviale.  Rapide et efficace : Des cycles de mesure rapides am\u00e9liorent les processus de contr\u00f4le de la qualit\u00e9  Enregistrement des donn\u00e9es : M\u00e9moire int\u00e9gr\u00e9e pour un suivi et une analyse continus  Robuste et hygi\u00e9nique : Con\u00e7u pour les environnements de production difficiles","og_url":"https:\/\/www.zytho.ca\/fr\/produit\/pentair-haffmans-pinpoint\/","og_site_name":"Zytho","article_modified_time":"2025-11-03T23:04:06+00:00","og_image":[{"width":1932,"height":1552,"url":"https:\/\/www.zytho.ca\/wp-content\/uploads\/2025\/10\/pinpoint2-2-picaai.png","type":"image\/png"}],"twitter_card":"summary_large_image","twitter_misc":{"Dur\u00e9e de lecture estim\u00e9e":"1 minute"},"schema":{"@context":"https:\/\/schema.org","@graph":[{"@type":"WebPage","@id":"https:\/\/www.zytho.ca\/fr\/produit\/pentair-haffmans-pinpoint\/","url":"https:\/\/www.zytho.ca\/fr\/produit\/pentair-haffmans-pinpoint\/","name":"Pentair-Haffmans pinpoint - Zytho","isPartOf":{"@id":"https:\/\/www.zytho.ca\/fr\/#website"},"primaryImageOfPage":{"@id":"https:\/\/www.zytho.ca\/fr\/produit\/pentair-haffmans-pinpoint\/#primaryimage"},"image":{"@id":"https:\/\/www.zytho.ca\/fr\/produit\/pentair-haffmans-pinpoint\/#primaryimage"},"thumbnailUrl":"https:\/\/www.zytho.ca\/wp-content\/uploads\/2025\/10\/pinpoint2-2-picaai.png","datePublished":"2025-10-27T15:40:36+00:00","dateModified":"2025-11-03T23:04:06+00:00","breadcrumb":{"@id":"https:\/\/www.zytho.ca\/fr\/produit\/pentair-haffmans-pinpoint\/#breadcrumb"},"inLanguage":"fr-FR","potentialAction":[{"@type":"ReadAction","target":["https:\/\/www.zytho.ca\/fr\/produit\/pentair-haffmans-pinpoint\/"]}]},{"@type":"ImageObject","inLanguage":"fr-FR","@id":"https:\/\/www.zytho.ca\/fr\/produit\/pentair-haffmans-pinpoint\/#primaryimage","url":"https:\/\/www.zytho.ca\/wp-content\/uploads\/2025\/10\/pinpoint2-2-picaai.png","contentUrl":"https:\/\/www.zytho.ca\/wp-content\/uploads\/2025\/10\/pinpoint2-2-picaai.png","width":1932,"height":1552},{"@type":"BreadcrumbList","@id":"https:\/\/www.zytho.ca\/fr\/produit\/pentair-haffmans-pinpoint\/#breadcrumb","itemListElement":[{"@type":"ListItem","position":1,"name":"Accueil","item":"https:\/\/www.zytho.ca\/fr\/"},{"@type":"ListItem","position":2,"name":"Shop","item":"https:\/\/www.zytho.ca\/fr\/shop\/"},{"@type":"ListItem","position":3,"name":"Pentair-Haffmans pinpoint"}]},{"@type":"WebSite","@id":"https:\/\/www.zytho.ca\/fr\/#website","url":"https:\/\/www.zytho.ca\/fr\/","name":"Zytho","description":"","publisher":{"@id":"https:\/\/www.zytho.ca\/fr\/#organization"},"potentialAction":[{"@type":"SearchAction","target":{"@type":"EntryPoint","urlTemplate":"https:\/\/www.zytho.ca\/fr\/?s={search_term_string}"},"query-input":{"@type":"PropertyValueSpecification","valueRequired":true,"valueName":"search_term_string"}}],"inLanguage":"fr-FR"},{"@type":"Organization","@id":"https:\/\/www.zytho.ca\/fr\/#organization","name":"Zytho","url":"https:\/\/www.zytho.ca\/fr\/","logo":{"@type":"ImageObject","inLanguage":"fr-FR","@id":"https:\/\/www.zytho.ca\/fr\/#\/schema\/logo\/image\/","url":"https:\/\/www.zytho.ca\/wp-content\/uploads\/2024\/05\/Zytho_reversed_horizontal.svg","contentUrl":"https:\/\/www.zytho.ca\/wp-content\/uploads\/2024\/05\/Zytho_reversed_horizontal.svg","width":1582,"height":490,"caption":"Zytho"},"image":{"@id":"https:\/\/www.zytho.ca\/fr\/#\/schema\/logo\/image\/"}}]}},"_links":{"self":[{"href":"https:\/\/www.zytho.ca\/fr\/wp-json\/wp\/v2\/product\/14666","targetHints":{"allow":["GET"]}}],"collection":[{"href":"https:\/\/www.zytho.ca\/fr\/wp-json\/wp\/v2\/product"}],"about":[{"href":"https:\/\/www.zytho.ca\/fr\/wp-json\/wp\/v2\/types\/product"}],"wp:featuredmedia":[{"embeddable":true,"href":"https:\/\/www.zytho.ca\/fr\/wp-json\/wp\/v2\/media\/14669"}],"wp:attachment":[{"href":"https:\/\/www.zytho.ca\/fr\/wp-json\/wp\/v2\/media?parent=14666"}],"wp:term":[{"taxonomy":"product_brand","embeddable":true,"href":"https:\/\/www.zytho.ca\/fr\/wp-json\/wp\/v2\/product_brand?post=14666"},{"taxonomy":"product_cat","embeddable":true,"href":"https:\/\/www.zytho.ca\/fr\/wp-json\/wp\/v2\/product_cat?post=14666"},{"taxonomy":"product_tag","embeddable":true,"href":"https:\/\/www.zytho.ca\/fr\/wp-json\/wp\/v2\/product_tag?post=14666"}],"curies":[{"name":"wp","href":"https:\/\/api.w.org\/{rel}","templated":true}]}}