{"id":14664,"date":"2025-10-27T15:40:26","date_gmt":"2025-10-27T15:40:26","guid":{"rendered":"https:\/\/zytho.ca\/product\/pentair-haffmans-gmt\/"},"modified":"2025-11-03T23:57:44","modified_gmt":"2025-11-03T23:57:44","slug":"pentair-haffmans-gmt","status":"publish","type":"product","link":"https:\/\/www.zytho.ca\/fr\/produit\/pentair-haffmans-gmt\/","title":{"rendered":"Pentair-Haffmans GMT"},"content":{"rendered":"<p class=\"\" data-start=\"157\" data-end=\"568\">Le Pentair-Haffmans GMT (Gas Measurement Tool) est un instrument compact de haute pr\u00e9cision con\u00e7u pour la mesure portable et en laboratoire du dioxyde de carbone (CO\u2082) et de l&#8217;oxyg\u00e8ne (O\u2082) dissous dans les boissons. Con\u00e7u pour \u00eatre rapide, pr\u00e9cis et facile \u00e0 utiliser, le GMT aide les brasseurs et les producteurs de boissons \u00e0 contr\u00f4ler les niveaux de gaz critiques \u00e0 plusieurs points du processus de production &#8211; de la fermentation \u00e0 l&#8217;emballage en passant par la filtration. <\/p>\n<p class=\"\" data-start=\"570\" data-end=\"849\">Gr\u00e2ce \u00e0 des principes de mesure \u00e9prouv\u00e9s et \u00e0 une interface intuitive, le GMT fournit des r\u00e9sultats rapides et reproductibles qui garantissent une qualit\u00e9 de produit constante et le respect des normes relatives aux boissons. Sa conception robuste et hygi\u00e9nique le rend adapt\u00e9 \u00e0 l&#8217;\u00e9chantillonnage en ligne et aux environnements de laboratoire. <\/p>\n","protected":false},"excerpt":{"rendered":"<h4>Dispositif portable de mesure des gaz pour une analyse pr\u00e9cise du CO\u2082 et de l&#8217;O\u2082<\/h4>\n<p><strong>Avantages<\/strong><\/p>\n<ul>\n<li>Mesure simultan\u00e9e du CO\u2082 et de l&#8217;O\u2082 \u00e0 l&#8217;aide d&#8217;un seul appareil portable<\/li>\n<li>Fournit des r\u00e9sultats pr\u00e9cis et coh\u00e9rents avec des cycles de mesure rapides<\/li>\n<li>Compatible avec diverses boissons, y compris la bi\u00e8re, les boissons non alcoolis\u00e9es et l&#8217;eau<\/li>\n<li>Interface conviviale \u00e0 \u00e9cran tactile avec fonction d&#8217;enregistrement des donn\u00e9es<\/li>\n<li>Con\u00e7ue pour l&#8217;hygi\u00e8ne, elle est facile \u00e0 nettoyer et \u00e0 entretenir<\/li>\n<\/ul>\n","protected":false},"featured_media":14667,"template":"","meta":{"_acf_changed":false,"inline_featured_image":false},"product_brand":[728],"product_cat":[1088,730,736,1025,1092,1419],"product_tag":[],"class_list":{"0":"post-14664","1":"product","2":"type-product","3":"status-publish","4":"has-post-thumbnail","6":"product_brand-pentair-haffmans","7":"product_cat-analyse-analogique-du-co2","8":"product_cat-boissons-et-brassage","9":"product_cat-distribution","10":"product_cat-instruments-pour-gaz-dissous","11":"product_cat-analyse-o2-en-ligne","12":"product_cat-compteur-de-co2","14":"first","15":"instock","16":"taxable","17":"shipping-taxable","18":"product-type-simple"},"acf":[],"yoast_head":"<!-- This site is optimized with the Yoast SEO plugin v27.6 - https:\/\/yoast.com\/product\/yoast-seo-wordpress\/ -->\n<title>Pentair-Haffmans GMT - Zytho<\/title>\n<meta name=\"robots\" content=\"index, follow, max-snippet:-1, max-image-preview:large, max-video-preview:-1\" \/>\n<link rel=\"canonical\" href=\"https:\/\/www.zytho.ca\/fr\/produit\/pentair-haffmans-gmt\/\" \/>\n<meta property=\"og:locale\" content=\"fr_FR\" \/>\n<meta property=\"og:type\" content=\"article\" \/>\n<meta property=\"og:title\" content=\"Pentair-Haffmans GMT - Zytho\" \/>\n<meta property=\"og:description\" content=\"Dispositif portable de mesure des gaz pour une analyse pr\u00e9cise du CO\u2082 et de l&#039;O\u2082 Avantages  Mesure simultan\u00e9e du CO\u2082 et de l&#039;O\u2082 \u00e0 l&#039;aide d&#039;un seul appareil portable  Fournit des r\u00e9sultats pr\u00e9cis et coh\u00e9rents avec des cycles de mesure rapides  Compatible avec diverses boissons, y compris la bi\u00e8re, les boissons non alcoolis\u00e9es et l&#039;eau  Interface conviviale \u00e0 \u00e9cran tactile avec fonction d&#039;enregistrement des donn\u00e9es  Con\u00e7ue pour l&#039;hygi\u00e8ne, elle est facile \u00e0 nettoyer et \u00e0 entretenir\" \/>\n<meta property=\"og:url\" content=\"https:\/\/www.zytho.ca\/fr\/produit\/pentair-haffmans-gmt\/\" \/>\n<meta property=\"og:site_name\" content=\"Zytho\" \/>\n<meta property=\"article:modified_time\" content=\"2025-11-03T23:57:44+00:00\" \/>\n<meta property=\"og:image\" content=\"https:\/\/www.zytho.ca\/wp-content\/uploads\/2025\/10\/portable-analog-co2-meter-gmt-haffmans-img-1.png\" \/>\n\t<meta property=\"og:image:width\" content=\"900\" \/>\n\t<meta property=\"og:image:height\" content=\"600\" \/>\n\t<meta property=\"og:image:type\" content=\"image\/png\" \/>\n<meta name=\"twitter:card\" content=\"summary_large_image\" \/>\n<meta name=\"twitter:label1\" content=\"Dur\u00e9e de lecture estim\u00e9e\" \/>\n\t<meta name=\"twitter:data1\" content=\"1 minute\" \/>\n<script type=\"application\/ld+json\" class=\"yoast-schema-graph\">{\"@context\":\"https:\\\/\\\/schema.org\",\"@graph\":[{\"@type\":\"WebPage\",\"@id\":\"https:\\\/\\\/www.zytho.ca\\\/fr\\\/produit\\\/pentair-haffmans-gmt\\\/\",\"url\":\"https:\\\/\\\/www.zytho.ca\\\/fr\\\/produit\\\/pentair-haffmans-gmt\\\/\",\"name\":\"Pentair-Haffmans GMT - Zytho\",\"isPartOf\":{\"@id\":\"https:\\\/\\\/www.zytho.ca\\\/fr\\\/#website\"},\"primaryImageOfPage\":{\"@id\":\"https:\\\/\\\/www.zytho.ca\\\/fr\\\/produit\\\/pentair-haffmans-gmt\\\/#primaryimage\"},\"image\":{\"@id\":\"https:\\\/\\\/www.zytho.ca\\\/fr\\\/produit\\\/pentair-haffmans-gmt\\\/#primaryimage\"},\"thumbnailUrl\":\"https:\\\/\\\/www.zytho.ca\\\/wp-content\\\/uploads\\\/2025\\\/10\\\/portable-analog-co2-meter-gmt-haffmans-img-1.png\",\"datePublished\":\"2025-10-27T15:40:26+00:00\",\"dateModified\":\"2025-11-03T23:57:44+00:00\",\"breadcrumb\":{\"@id\":\"https:\\\/\\\/www.zytho.ca\\\/fr\\\/produit\\\/pentair-haffmans-gmt\\\/#breadcrumb\"},\"inLanguage\":\"fr-FR\",\"potentialAction\":[{\"@type\":\"ReadAction\",\"target\":[\"https:\\\/\\\/www.zytho.ca\\\/fr\\\/produit\\\/pentair-haffmans-gmt\\\/\"]}]},{\"@type\":\"ImageObject\",\"inLanguage\":\"fr-FR\",\"@id\":\"https:\\\/\\\/www.zytho.ca\\\/fr\\\/produit\\\/pentair-haffmans-gmt\\\/#primaryimage\",\"url\":\"https:\\\/\\\/www.zytho.ca\\\/wp-content\\\/uploads\\\/2025\\\/10\\\/portable-analog-co2-meter-gmt-haffmans-img-1.png\",\"contentUrl\":\"https:\\\/\\\/www.zytho.ca\\\/wp-content\\\/uploads\\\/2025\\\/10\\\/portable-analog-co2-meter-gmt-haffmans-img-1.png\",\"width\":900,\"height\":600},{\"@type\":\"BreadcrumbList\",\"@id\":\"https:\\\/\\\/www.zytho.ca\\\/fr\\\/produit\\\/pentair-haffmans-gmt\\\/#breadcrumb\",\"itemListElement\":[{\"@type\":\"ListItem\",\"position\":1,\"name\":\"Accueil\",\"item\":\"https:\\\/\\\/www.zytho.ca\\\/fr\\\/\"},{\"@type\":\"ListItem\",\"position\":2,\"name\":\"Shop\",\"item\":\"https:\\\/\\\/www.zytho.ca\\\/fr\\\/shop\\\/\"},{\"@type\":\"ListItem\",\"position\":3,\"name\":\"Pentair-Haffmans GMT\"}]},{\"@type\":\"WebSite\",\"@id\":\"https:\\\/\\\/www.zytho.ca\\\/fr\\\/#website\",\"url\":\"https:\\\/\\\/www.zytho.ca\\\/fr\\\/\",\"name\":\"Zytho\",\"description\":\"\",\"publisher\":{\"@id\":\"https:\\\/\\\/www.zytho.ca\\\/fr\\\/#organization\"},\"potentialAction\":[{\"@type\":\"SearchAction\",\"target\":{\"@type\":\"EntryPoint\",\"urlTemplate\":\"https:\\\/\\\/www.zytho.ca\\\/fr\\\/?s={search_term_string}\"},\"query-input\":{\"@type\":\"PropertyValueSpecification\",\"valueRequired\":true,\"valueName\":\"search_term_string\"}}],\"inLanguage\":\"fr-FR\"},{\"@type\":\"Organization\",\"@id\":\"https:\\\/\\\/www.zytho.ca\\\/fr\\\/#organization\",\"name\":\"Zytho\",\"url\":\"https:\\\/\\\/www.zytho.ca\\\/fr\\\/\",\"logo\":{\"@type\":\"ImageObject\",\"inLanguage\":\"fr-FR\",\"@id\":\"https:\\\/\\\/www.zytho.ca\\\/fr\\\/#\\\/schema\\\/logo\\\/image\\\/\",\"url\":\"https:\\\/\\\/www.zytho.ca\\\/wp-content\\\/uploads\\\/2024\\\/05\\\/Zytho_reversed_horizontal.svg\",\"contentUrl\":\"https:\\\/\\\/www.zytho.ca\\\/wp-content\\\/uploads\\\/2024\\\/05\\\/Zytho_reversed_horizontal.svg\",\"width\":1582,\"height\":490,\"caption\":\"Zytho\"},\"image\":{\"@id\":\"https:\\\/\\\/www.zytho.ca\\\/fr\\\/#\\\/schema\\\/logo\\\/image\\\/\"}}]}<\/script>\n<!-- \/ Yoast SEO plugin. -->","yoast_head_json":{"title":"Pentair-Haffmans GMT - Zytho","robots":{"index":"index","follow":"follow","max-snippet":"max-snippet:-1","max-image-preview":"max-image-preview:large","max-video-preview":"max-video-preview:-1"},"canonical":"https:\/\/www.zytho.ca\/fr\/produit\/pentair-haffmans-gmt\/","og_locale":"fr_FR","og_type":"article","og_title":"Pentair-Haffmans GMT - Zytho","og_description":"Dispositif portable de mesure des gaz pour une analyse pr\u00e9cise du CO\u2082 et de l'O\u2082 Avantages  Mesure simultan\u00e9e du CO\u2082 et de l'O\u2082 \u00e0 l'aide d'un seul appareil portable  Fournit des r\u00e9sultats pr\u00e9cis et coh\u00e9rents avec des cycles de mesure rapides  Compatible avec diverses boissons, y compris la bi\u00e8re, les boissons non alcoolis\u00e9es et l'eau  Interface conviviale \u00e0 \u00e9cran tactile avec fonction d'enregistrement des donn\u00e9es  Con\u00e7ue pour l'hygi\u00e8ne, elle est facile \u00e0 nettoyer et \u00e0 entretenir","og_url":"https:\/\/www.zytho.ca\/fr\/produit\/pentair-haffmans-gmt\/","og_site_name":"Zytho","article_modified_time":"2025-11-03T23:57:44+00:00","og_image":[{"width":900,"height":600,"url":"https:\/\/www.zytho.ca\/wp-content\/uploads\/2025\/10\/portable-analog-co2-meter-gmt-haffmans-img-1.png","type":"image\/png"}],"twitter_card":"summary_large_image","twitter_misc":{"Dur\u00e9e de lecture estim\u00e9e":"1 minute"},"schema":{"@context":"https:\/\/schema.org","@graph":[{"@type":"WebPage","@id":"https:\/\/www.zytho.ca\/fr\/produit\/pentair-haffmans-gmt\/","url":"https:\/\/www.zytho.ca\/fr\/produit\/pentair-haffmans-gmt\/","name":"Pentair-Haffmans GMT - Zytho","isPartOf":{"@id":"https:\/\/www.zytho.ca\/fr\/#website"},"primaryImageOfPage":{"@id":"https:\/\/www.zytho.ca\/fr\/produit\/pentair-haffmans-gmt\/#primaryimage"},"image":{"@id":"https:\/\/www.zytho.ca\/fr\/produit\/pentair-haffmans-gmt\/#primaryimage"},"thumbnailUrl":"https:\/\/www.zytho.ca\/wp-content\/uploads\/2025\/10\/portable-analog-co2-meter-gmt-haffmans-img-1.png","datePublished":"2025-10-27T15:40:26+00:00","dateModified":"2025-11-03T23:57:44+00:00","breadcrumb":{"@id":"https:\/\/www.zytho.ca\/fr\/produit\/pentair-haffmans-gmt\/#breadcrumb"},"inLanguage":"fr-FR","potentialAction":[{"@type":"ReadAction","target":["https:\/\/www.zytho.ca\/fr\/produit\/pentair-haffmans-gmt\/"]}]},{"@type":"ImageObject","inLanguage":"fr-FR","@id":"https:\/\/www.zytho.ca\/fr\/produit\/pentair-haffmans-gmt\/#primaryimage","url":"https:\/\/www.zytho.ca\/wp-content\/uploads\/2025\/10\/portable-analog-co2-meter-gmt-haffmans-img-1.png","contentUrl":"https:\/\/www.zytho.ca\/wp-content\/uploads\/2025\/10\/portable-analog-co2-meter-gmt-haffmans-img-1.png","width":900,"height":600},{"@type":"BreadcrumbList","@id":"https:\/\/www.zytho.ca\/fr\/produit\/pentair-haffmans-gmt\/#breadcrumb","itemListElement":[{"@type":"ListItem","position":1,"name":"Accueil","item":"https:\/\/www.zytho.ca\/fr\/"},{"@type":"ListItem","position":2,"name":"Shop","item":"https:\/\/www.zytho.ca\/fr\/shop\/"},{"@type":"ListItem","position":3,"name":"Pentair-Haffmans GMT"}]},{"@type":"WebSite","@id":"https:\/\/www.zytho.ca\/fr\/#website","url":"https:\/\/www.zytho.ca\/fr\/","name":"Zytho","description":"","publisher":{"@id":"https:\/\/www.zytho.ca\/fr\/#organization"},"potentialAction":[{"@type":"SearchAction","target":{"@type":"EntryPoint","urlTemplate":"https:\/\/www.zytho.ca\/fr\/?s={search_term_string}"},"query-input":{"@type":"PropertyValueSpecification","valueRequired":true,"valueName":"search_term_string"}}],"inLanguage":"fr-FR"},{"@type":"Organization","@id":"https:\/\/www.zytho.ca\/fr\/#organization","name":"Zytho","url":"https:\/\/www.zytho.ca\/fr\/","logo":{"@type":"ImageObject","inLanguage":"fr-FR","@id":"https:\/\/www.zytho.ca\/fr\/#\/schema\/logo\/image\/","url":"https:\/\/www.zytho.ca\/wp-content\/uploads\/2024\/05\/Zytho_reversed_horizontal.svg","contentUrl":"https:\/\/www.zytho.ca\/wp-content\/uploads\/2024\/05\/Zytho_reversed_horizontal.svg","width":1582,"height":490,"caption":"Zytho"},"image":{"@id":"https:\/\/www.zytho.ca\/fr\/#\/schema\/logo\/image\/"}}]}},"_links":{"self":[{"href":"https:\/\/www.zytho.ca\/fr\/wp-json\/wp\/v2\/product\/14664","targetHints":{"allow":["GET"]}}],"collection":[{"href":"https:\/\/www.zytho.ca\/fr\/wp-json\/wp\/v2\/product"}],"about":[{"href":"https:\/\/www.zytho.ca\/fr\/wp-json\/wp\/v2\/types\/product"}],"wp:featuredmedia":[{"embeddable":true,"href":"https:\/\/www.zytho.ca\/fr\/wp-json\/wp\/v2\/media\/14667"}],"wp:attachment":[{"href":"https:\/\/www.zytho.ca\/fr\/wp-json\/wp\/v2\/media?parent=14664"}],"wp:term":[{"taxonomy":"product_brand","embeddable":true,"href":"https:\/\/www.zytho.ca\/fr\/wp-json\/wp\/v2\/product_brand?post=14664"},{"taxonomy":"product_cat","embeddable":true,"href":"https:\/\/www.zytho.ca\/fr\/wp-json\/wp\/v2\/product_cat?post=14664"},{"taxonomy":"product_tag","embeddable":true,"href":"https:\/\/www.zytho.ca\/fr\/wp-json\/wp\/v2\/product_tag?post=14664"}],"curies":[{"name":"wp","href":"https:\/\/api.w.org\/{rel}","templated":true}]}}