{"id":14658,"date":"2025-10-27T15:55:03","date_gmt":"2025-10-27T15:55:03","guid":{"rendered":"https:\/\/zytho.ca\/product\/ruban-ptfe-pour-gaz-a-basse-pression-dixon\/"},"modified":"2025-10-30T13:07:20","modified_gmt":"2025-10-30T13:07:20","slug":"ruban-ptfe-pour-gaz-a-basse-pression-dixon","status":"publish","type":"product","link":"https:\/\/www.zytho.ca\/fr\/produit\/ruban-ptfe-pour-gaz-a-basse-pression-dixon\/","title":{"rendered":"Ruban PTFE pour gaz \u00e0 basse pression &#8211; Dixon"},"content":{"rendered":"<h6><strong>Avantages :<\/strong><\/h6>\n<div class=\"item-list row\">\n<div class=\"large-12 columns\">\n<ul class=\"dash-list\">\n<li>List\u00e9 par les assureurs<\/li>\n<li>\u00c9paisseur : 4mil (0.004mm)<\/li>\n<li>Temp\u00e9rature maximale 500 \u00b0F<\/li>\n<\/ul>\n<div class=\"large-6 columns\">\n<h6 class=\"icon-label icon-pdf-label\"><strong>Page de catalogue :<\/strong><\/h6>\n<div class=\"item-list row\">\n<div class=\"large-12 columns\">\n<ul class=\"inline-list\">\n<li class=\"first last\"><a href=\"https:\/\/www.dixonvalve.com\/sites\/default\/files\/product\/pages\/us\/DPL418%20-%20902.pdf\">DPL418 &#8211; 902<\/a><\/li>\n<\/ul>\n<\/div>\n<\/div>\n<h6><strong>FICHE DE DONN\u00c9ES DE S\u00c9CURIT\u00c9 :<\/strong><\/h6>\n<\/div>\n<div class=\"large-6 columns\">\n<div class=\"item-list row\">\n<div class=\"large-12 columns\">\n<ul class=\"inline-list\">\n<li class=\"first last\"><a href=\"https:\/\/www.dixonvalve.com\/sites\/default\/files\/product\/files\/msds\/SDS%20for%20PTFE%20tape_5.pdf\">Fiche de donn\u00e9es de s\u00e9curit\u00e9 pour le ruban PTFE<\/a><\/li>\n<\/ul>\n<\/div>\n<\/div>\n<\/div>\n<\/div>\n<\/div>\n","protected":false},"excerpt":{"rendered":"<h4>Principaux avantages des rubans PTFE pour les gaz \u00e0 basse pression &#8211; Dixon<\/h4>\n<ul>\n<li>Approuv\u00e9 par Underwriters pour des normes de s\u00e9curit\u00e9 fiables.<\/li>\n<li>L&#8217;\u00e9paisseur durable de 4mil (0,004mm) assure une \u00e9tanch\u00e9it\u00e9 robuste.<\/li>\n<li>R\u00e9siste \u00e0 des temp\u00e9ratures \u00e9lev\u00e9es allant jusqu&#8217;\u00e0 500 \u00b0F, id\u00e9al pour les environnements de brassage.<\/li>\n<\/ul>\n","protected":false},"featured_media":14661,"template":"","meta":{"_acf_changed":false,"inline_featured_image":false},"product_brand":[740],"product_cat":[736,741,742],"product_tag":[],"class_list":{"0":"post-14658","1":"product","2":"type-product","3":"status-publish","4":"has-post-thumbnail","6":"product_brand-dixon","7":"product_cat-distribution","8":"product_cat-materiel","9":"product_cat-outils-industriels","11":"first","12":"instock","13":"taxable","14":"shipping-taxable","15":"purchasable","16":"product-type-simple"},"acf":[],"yoast_head":"<!-- This site is optimized with the Yoast SEO plugin v27.6 - https:\/\/yoast.com\/product\/yoast-seo-wordpress\/ -->\n<title>Ruban PTFE pour gaz basse pression - Dixon - Pour brasseries pro | Zytho<\/title>\n<meta name=\"description\" content=\"D\u00e9couvrez le ruban PTFE de Dixon pour gaz \u00e0 basse pression, parfait pour les brasseries. Homologu\u00e9 par les assureurs, d&#039;une \u00e9paisseur de 4 millim\u00e8tres, il r\u00e9siste \u00e0 des temp\u00e9ratures allant jusqu&#039;\u00e0 500\u00b0F. Une \u00e9tanch\u00e9it\u00e9 fiable pour vos besoins de brassage.\" \/>\n<meta name=\"robots\" content=\"index, follow, max-snippet:-1, max-image-preview:large, max-video-preview:-1\" \/>\n<link rel=\"canonical\" href=\"https:\/\/www.zytho.ca\/fr\/produit\/ruban-ptfe-pour-gaz-a-basse-pression-dixon\/\" \/>\n<meta property=\"og:locale\" content=\"fr_FR\" \/>\n<meta property=\"og:type\" content=\"article\" \/>\n<meta property=\"og:title\" content=\"Ruban PTFE pour gaz basse pression - Dixon - Pour brasseries pro | Zytho\" \/>\n<meta property=\"og:description\" content=\"D\u00e9couvrez le ruban PTFE de Dixon pour gaz \u00e0 basse pression, parfait pour les brasseries. Homologu\u00e9 par les assureurs, d&#039;une \u00e9paisseur de 4 millim\u00e8tres, il r\u00e9siste \u00e0 des temp\u00e9ratures allant jusqu&#039;\u00e0 500\u00b0F. Une \u00e9tanch\u00e9it\u00e9 fiable pour vos besoins de brassage.\" \/>\n<meta property=\"og:url\" content=\"https:\/\/www.zytho.ca\/fr\/produit\/ruban-ptfe-pour-gaz-a-basse-pression-dixon\/\" \/>\n<meta property=\"og:site_name\" content=\"Zytho\" \/>\n<meta property=\"article:modified_time\" content=\"2025-10-30T13:07:20+00:00\" \/>\n<meta property=\"og:image\" content=\"https:\/\/www.zytho.ca\/wp-content\/uploads\/2025\/10\/PTFE-Tape-for-Low-Pressure-Gas-Dixon.jpg\" \/>\n\t<meta property=\"og:image:width\" content=\"544\" \/>\n\t<meta property=\"og:image:height\" content=\"544\" \/>\n\t<meta property=\"og:image:type\" content=\"image\/jpeg\" \/>\n<meta name=\"twitter:card\" content=\"summary_large_image\" \/>\n<script type=\"application\/ld+json\" class=\"yoast-schema-graph\">{\"@context\":\"https:\\\/\\\/schema.org\",\"@graph\":[{\"@type\":\"WebPage\",\"@id\":\"https:\\\/\\\/www.zytho.ca\\\/fr\\\/produit\\\/ruban-ptfe-pour-gaz-a-basse-pression-dixon\\\/\",\"url\":\"https:\\\/\\\/www.zytho.ca\\\/fr\\\/produit\\\/ruban-ptfe-pour-gaz-a-basse-pression-dixon\\\/\",\"name\":\"Ruban PTFE pour gaz basse pression - Dixon - Pour brasseries pro | Zytho\",\"isPartOf\":{\"@id\":\"https:\\\/\\\/www.zytho.ca\\\/fr\\\/#website\"},\"primaryImageOfPage\":{\"@id\":\"https:\\\/\\\/www.zytho.ca\\\/fr\\\/produit\\\/ruban-ptfe-pour-gaz-a-basse-pression-dixon\\\/#primaryimage\"},\"image\":{\"@id\":\"https:\\\/\\\/www.zytho.ca\\\/fr\\\/produit\\\/ruban-ptfe-pour-gaz-a-basse-pression-dixon\\\/#primaryimage\"},\"thumbnailUrl\":\"https:\\\/\\\/www.zytho.ca\\\/wp-content\\\/uploads\\\/2025\\\/10\\\/PTFE-Tape-for-Low-Pressure-Gas-Dixon.jpg\",\"datePublished\":\"2025-10-27T15:55:03+00:00\",\"dateModified\":\"2025-10-30T13:07:20+00:00\",\"description\":\"D\u00e9couvrez le ruban PTFE de Dixon pour gaz \u00e0 basse pression, parfait pour les brasseries. Homologu\u00e9 par les assureurs, d'une \u00e9paisseur de 4 millim\u00e8tres, il r\u00e9siste \u00e0 des temp\u00e9ratures allant jusqu'\u00e0 500\u00b0F. Une \u00e9tanch\u00e9it\u00e9 fiable pour vos besoins de brassage.\",\"breadcrumb\":{\"@id\":\"https:\\\/\\\/www.zytho.ca\\\/fr\\\/produit\\\/ruban-ptfe-pour-gaz-a-basse-pression-dixon\\\/#breadcrumb\"},\"inLanguage\":\"fr-FR\",\"potentialAction\":[{\"@type\":\"ReadAction\",\"target\":[\"https:\\\/\\\/www.zytho.ca\\\/fr\\\/produit\\\/ruban-ptfe-pour-gaz-a-basse-pression-dixon\\\/\"]}]},{\"@type\":\"ImageObject\",\"inLanguage\":\"fr-FR\",\"@id\":\"https:\\\/\\\/www.zytho.ca\\\/fr\\\/produit\\\/ruban-ptfe-pour-gaz-a-basse-pression-dixon\\\/#primaryimage\",\"url\":\"https:\\\/\\\/www.zytho.ca\\\/wp-content\\\/uploads\\\/2025\\\/10\\\/PTFE-Tape-for-Low-Pressure-Gas-Dixon.jpg\",\"contentUrl\":\"https:\\\/\\\/www.zytho.ca\\\/wp-content\\\/uploads\\\/2025\\\/10\\\/PTFE-Tape-for-Low-Pressure-Gas-Dixon.jpg\",\"width\":544,\"height\":544},{\"@type\":\"BreadcrumbList\",\"@id\":\"https:\\\/\\\/www.zytho.ca\\\/fr\\\/produit\\\/ruban-ptfe-pour-gaz-a-basse-pression-dixon\\\/#breadcrumb\",\"itemListElement\":[{\"@type\":\"ListItem\",\"position\":1,\"name\":\"Accueil\",\"item\":\"https:\\\/\\\/www.zytho.ca\\\/fr\\\/\"},{\"@type\":\"ListItem\",\"position\":2,\"name\":\"Shop\",\"item\":\"https:\\\/\\\/www.zytho.ca\\\/fr\\\/shop\\\/\"},{\"@type\":\"ListItem\",\"position\":3,\"name\":\"Ruban PTFE pour gaz \u00e0 basse pression &#8211; Dixon\"}]},{\"@type\":\"WebSite\",\"@id\":\"https:\\\/\\\/www.zytho.ca\\\/fr\\\/#website\",\"url\":\"https:\\\/\\\/www.zytho.ca\\\/fr\\\/\",\"name\":\"Zytho\",\"description\":\"\",\"publisher\":{\"@id\":\"https:\\\/\\\/www.zytho.ca\\\/fr\\\/#organization\"},\"potentialAction\":[{\"@type\":\"SearchAction\",\"target\":{\"@type\":\"EntryPoint\",\"urlTemplate\":\"https:\\\/\\\/www.zytho.ca\\\/fr\\\/?s={search_term_string}\"},\"query-input\":{\"@type\":\"PropertyValueSpecification\",\"valueRequired\":true,\"valueName\":\"search_term_string\"}}],\"inLanguage\":\"fr-FR\"},{\"@type\":\"Organization\",\"@id\":\"https:\\\/\\\/www.zytho.ca\\\/fr\\\/#organization\",\"name\":\"Zytho\",\"url\":\"https:\\\/\\\/www.zytho.ca\\\/fr\\\/\",\"logo\":{\"@type\":\"ImageObject\",\"inLanguage\":\"fr-FR\",\"@id\":\"https:\\\/\\\/www.zytho.ca\\\/fr\\\/#\\\/schema\\\/logo\\\/image\\\/\",\"url\":\"https:\\\/\\\/www.zytho.ca\\\/wp-content\\\/uploads\\\/2024\\\/05\\\/Zytho_reversed_horizontal.svg\",\"contentUrl\":\"https:\\\/\\\/www.zytho.ca\\\/wp-content\\\/uploads\\\/2024\\\/05\\\/Zytho_reversed_horizontal.svg\",\"width\":1582,\"height\":490,\"caption\":\"Zytho\"},\"image\":{\"@id\":\"https:\\\/\\\/www.zytho.ca\\\/fr\\\/#\\\/schema\\\/logo\\\/image\\\/\"}}]}<\/script>\n<!-- \/ Yoast SEO plugin. -->","yoast_head_json":{"title":"Ruban PTFE pour gaz basse pression - Dixon - Pour brasseries pro | Zytho","description":"D\u00e9couvrez le ruban PTFE de Dixon pour gaz \u00e0 basse pression, parfait pour les brasseries. Homologu\u00e9 par les assureurs, d'une \u00e9paisseur de 4 millim\u00e8tres, il r\u00e9siste \u00e0 des temp\u00e9ratures allant jusqu'\u00e0 500\u00b0F. Une \u00e9tanch\u00e9it\u00e9 fiable pour vos besoins de brassage.","robots":{"index":"index","follow":"follow","max-snippet":"max-snippet:-1","max-image-preview":"max-image-preview:large","max-video-preview":"max-video-preview:-1"},"canonical":"https:\/\/www.zytho.ca\/fr\/produit\/ruban-ptfe-pour-gaz-a-basse-pression-dixon\/","og_locale":"fr_FR","og_type":"article","og_title":"Ruban PTFE pour gaz basse pression - Dixon - Pour brasseries pro | Zytho","og_description":"D\u00e9couvrez le ruban PTFE de Dixon pour gaz \u00e0 basse pression, parfait pour les brasseries. Homologu\u00e9 par les assureurs, d'une \u00e9paisseur de 4 millim\u00e8tres, il r\u00e9siste \u00e0 des temp\u00e9ratures allant jusqu'\u00e0 500\u00b0F. Une \u00e9tanch\u00e9it\u00e9 fiable pour vos besoins de brassage.","og_url":"https:\/\/www.zytho.ca\/fr\/produit\/ruban-ptfe-pour-gaz-a-basse-pression-dixon\/","og_site_name":"Zytho","article_modified_time":"2025-10-30T13:07:20+00:00","og_image":[{"width":544,"height":544,"url":"https:\/\/www.zytho.ca\/wp-content\/uploads\/2025\/10\/PTFE-Tape-for-Low-Pressure-Gas-Dixon.jpg","type":"image\/jpeg"}],"twitter_card":"summary_large_image","schema":{"@context":"https:\/\/schema.org","@graph":[{"@type":"WebPage","@id":"https:\/\/www.zytho.ca\/fr\/produit\/ruban-ptfe-pour-gaz-a-basse-pression-dixon\/","url":"https:\/\/www.zytho.ca\/fr\/produit\/ruban-ptfe-pour-gaz-a-basse-pression-dixon\/","name":"Ruban PTFE pour gaz basse pression - Dixon - Pour brasseries pro | Zytho","isPartOf":{"@id":"https:\/\/www.zytho.ca\/fr\/#website"},"primaryImageOfPage":{"@id":"https:\/\/www.zytho.ca\/fr\/produit\/ruban-ptfe-pour-gaz-a-basse-pression-dixon\/#primaryimage"},"image":{"@id":"https:\/\/www.zytho.ca\/fr\/produit\/ruban-ptfe-pour-gaz-a-basse-pression-dixon\/#primaryimage"},"thumbnailUrl":"https:\/\/www.zytho.ca\/wp-content\/uploads\/2025\/10\/PTFE-Tape-for-Low-Pressure-Gas-Dixon.jpg","datePublished":"2025-10-27T15:55:03+00:00","dateModified":"2025-10-30T13:07:20+00:00","description":"D\u00e9couvrez le ruban PTFE de Dixon pour gaz \u00e0 basse pression, parfait pour les brasseries. Homologu\u00e9 par les assureurs, d'une \u00e9paisseur de 4 millim\u00e8tres, il r\u00e9siste \u00e0 des temp\u00e9ratures allant jusqu'\u00e0 500\u00b0F. Une \u00e9tanch\u00e9it\u00e9 fiable pour vos besoins de brassage.","breadcrumb":{"@id":"https:\/\/www.zytho.ca\/fr\/produit\/ruban-ptfe-pour-gaz-a-basse-pression-dixon\/#breadcrumb"},"inLanguage":"fr-FR","potentialAction":[{"@type":"ReadAction","target":["https:\/\/www.zytho.ca\/fr\/produit\/ruban-ptfe-pour-gaz-a-basse-pression-dixon\/"]}]},{"@type":"ImageObject","inLanguage":"fr-FR","@id":"https:\/\/www.zytho.ca\/fr\/produit\/ruban-ptfe-pour-gaz-a-basse-pression-dixon\/#primaryimage","url":"https:\/\/www.zytho.ca\/wp-content\/uploads\/2025\/10\/PTFE-Tape-for-Low-Pressure-Gas-Dixon.jpg","contentUrl":"https:\/\/www.zytho.ca\/wp-content\/uploads\/2025\/10\/PTFE-Tape-for-Low-Pressure-Gas-Dixon.jpg","width":544,"height":544},{"@type":"BreadcrumbList","@id":"https:\/\/www.zytho.ca\/fr\/produit\/ruban-ptfe-pour-gaz-a-basse-pression-dixon\/#breadcrumb","itemListElement":[{"@type":"ListItem","position":1,"name":"Accueil","item":"https:\/\/www.zytho.ca\/fr\/"},{"@type":"ListItem","position":2,"name":"Shop","item":"https:\/\/www.zytho.ca\/fr\/shop\/"},{"@type":"ListItem","position":3,"name":"Ruban PTFE pour gaz \u00e0 basse pression &#8211; Dixon"}]},{"@type":"WebSite","@id":"https:\/\/www.zytho.ca\/fr\/#website","url":"https:\/\/www.zytho.ca\/fr\/","name":"Zytho","description":"","publisher":{"@id":"https:\/\/www.zytho.ca\/fr\/#organization"},"potentialAction":[{"@type":"SearchAction","target":{"@type":"EntryPoint","urlTemplate":"https:\/\/www.zytho.ca\/fr\/?s={search_term_string}"},"query-input":{"@type":"PropertyValueSpecification","valueRequired":true,"valueName":"search_term_string"}}],"inLanguage":"fr-FR"},{"@type":"Organization","@id":"https:\/\/www.zytho.ca\/fr\/#organization","name":"Zytho","url":"https:\/\/www.zytho.ca\/fr\/","logo":{"@type":"ImageObject","inLanguage":"fr-FR","@id":"https:\/\/www.zytho.ca\/fr\/#\/schema\/logo\/image\/","url":"https:\/\/www.zytho.ca\/wp-content\/uploads\/2024\/05\/Zytho_reversed_horizontal.svg","contentUrl":"https:\/\/www.zytho.ca\/wp-content\/uploads\/2024\/05\/Zytho_reversed_horizontal.svg","width":1582,"height":490,"caption":"Zytho"},"image":{"@id":"https:\/\/www.zytho.ca\/fr\/#\/schema\/logo\/image\/"}}]}},"_links":{"self":[{"href":"https:\/\/www.zytho.ca\/fr\/wp-json\/wp\/v2\/product\/14658","targetHints":{"allow":["GET"]}}],"collection":[{"href":"https:\/\/www.zytho.ca\/fr\/wp-json\/wp\/v2\/product"}],"about":[{"href":"https:\/\/www.zytho.ca\/fr\/wp-json\/wp\/v2\/types\/product"}],"wp:featuredmedia":[{"embeddable":true,"href":"https:\/\/www.zytho.ca\/fr\/wp-json\/wp\/v2\/media\/14661"}],"wp:attachment":[{"href":"https:\/\/www.zytho.ca\/fr\/wp-json\/wp\/v2\/media?parent=14658"}],"wp:term":[{"taxonomy":"product_brand","embeddable":true,"href":"https:\/\/www.zytho.ca\/fr\/wp-json\/wp\/v2\/product_brand?post=14658"},{"taxonomy":"product_cat","embeddable":true,"href":"https:\/\/www.zytho.ca\/fr\/wp-json\/wp\/v2\/product_cat?post=14658"},{"taxonomy":"product_tag","embeddable":true,"href":"https:\/\/www.zytho.ca\/fr\/wp-json\/wp\/v2\/product_tag?post=14658"}],"curies":[{"name":"wp","href":"https:\/\/api.w.org\/{rel}","templated":true}]}}