{"id":14610,"date":"2025-10-27T15:55:14","date_gmt":"2025-10-27T15:55:14","guid":{"rendered":"https:\/\/zytho.ca\/product\/coupe-tubes-et-tuyaux-en-pvc-dixon\/"},"modified":"2025-11-07T08:07:41","modified_gmt":"2025-11-07T08:07:41","slug":"coupe-tubes-et-tuyaux-en-pvc-dixon","status":"publish","type":"product","link":"https:\/\/www.zytho.ca\/fr\/produit\/coupe-tubes-et-tuyaux-en-pvc-dixon\/","title":{"rendered":"Coupe-tubes et tuyaux en PVC &#8211; Dixon"},"content":{"rendered":"<p>Le coupe-tube et tuyau PVC Dixon offre des coupes nettes et pr\u00e9cises pour les tuyaux en plastique et en caoutchouc jusqu&#8217;\u00e0 1&#8243; de diam\u00e8tre. Con\u00e7u avec un corps durable et r\u00e9sistant \u00e0 la corrosion et une lame en acier inoxydable tranchante, il garantit des bords lisses et sans bavures pour maintenir des connexions de tuyaux appropri\u00e9es. Id\u00e9al pour les applications industrielles, alimentaires, de boissons et de maintenance g\u00e9n\u00e9rale, cet outil l\u00e9ger et facile \u00e0 utiliser offre des performances fiables et une longue dur\u00e9e de vie.  <\/p>\n","protected":false},"excerpt":{"rendered":"<h4>Principaux avantages des coupe-tubes en PVC et des coupe-tuyaux &#8211; Dixon pour les brasseurs professionnels<\/h4>\n<ul>\n<li>Coupe de pr\u00e9cision : Garantit des coupes nettes et pr\u00e9cises pour une performance optimale du tuyau.<\/li>\n<li>Construction durable : Con\u00e7ue pour r\u00e9sister \u00e0 une utilisation fr\u00e9quente dans des environnements de brassage exigeants.<\/li>\n<li>Conception ergonomique : Offre un confort et une facilit\u00e9 d&#8217;utilisation, r\u00e9duisant la fatigue des mains lors de travaux de coupe prolong\u00e9s.<\/li>\n<\/ul>\n","protected":false},"featured_media":14616,"template":"","meta":{"_acf_changed":false,"inline_featured_image":false},"product_brand":[740],"product_cat":[736,741,742],"product_tag":[],"class_list":{"0":"post-14610","1":"product","2":"type-product","3":"status-publish","4":"has-post-thumbnail","6":"product_brand-dixon","7":"product_cat-distribution","8":"product_cat-materiel","9":"product_cat-outils-industriels","11":"first","12":"instock","13":"taxable","14":"shipping-taxable","15":"purchasable","16":"product-type-variable"},"acf":[],"yoast_head":"<!-- This site is optimized with the Yoast SEO plugin v27.6 - https:\/\/yoast.com\/product\/yoast-seo-wordpress\/ -->\n<title>Coupe-tube et tuyau PVC - Dixon - Pour brasseries professionnelles | Zytho<\/title>\n<meta name=\"description\" content=\"Coupez sans effort les tubes et tuyaux en PVC avec le Dixon Cutter, con\u00e7u pour les brasseurs professionnels \u00e0 la recherche de pr\u00e9cision et d&#039;efficacit\u00e9 dans leurs op\u00e9rations de brassage.\" \/>\n<meta name=\"robots\" content=\"index, follow, max-snippet:-1, max-image-preview:large, max-video-preview:-1\" \/>\n<link rel=\"canonical\" href=\"https:\/\/www.zytho.ca\/fr\/produit\/coupe-tubes-et-tuyaux-en-pvc-dixon\/\" \/>\n<meta property=\"og:locale\" content=\"fr_FR\" \/>\n<meta property=\"og:type\" content=\"article\" \/>\n<meta property=\"og:title\" content=\"Coupe-tube et tuyau PVC - Dixon - Pour brasseries professionnelles | Zytho\" \/>\n<meta property=\"og:description\" content=\"Coupez sans effort les tubes et tuyaux en PVC avec le Dixon Cutter, con\u00e7u pour les brasseurs professionnels \u00e0 la recherche de pr\u00e9cision et d&#039;efficacit\u00e9 dans leurs op\u00e9rations de brassage.\" \/>\n<meta property=\"og:url\" content=\"https:\/\/www.zytho.ca\/fr\/produit\/coupe-tubes-et-tuyaux-en-pvc-dixon\/\" \/>\n<meta property=\"og:site_name\" content=\"Zytho\" \/>\n<meta property=\"article:modified_time\" content=\"2025-11-07T08:07:41+00:00\" \/>\n<meta property=\"og:image\" content=\"https:\/\/www.zytho.ca\/wp-content\/uploads\/2025\/10\/PVC-Tubing-and-Hose-Cutter-Dixon.jpg\" \/>\n\t<meta property=\"og:image:width\" content=\"150\" \/>\n\t<meta property=\"og:image:height\" content=\"150\" \/>\n\t<meta property=\"og:image:type\" content=\"image\/jpeg\" \/>\n<meta name=\"twitter:card\" content=\"summary_large_image\" \/>\n<script type=\"application\/ld+json\" class=\"yoast-schema-graph\">{\"@context\":\"https:\\\/\\\/schema.org\",\"@graph\":[{\"@type\":\"WebPage\",\"@id\":\"https:\\\/\\\/www.zytho.ca\\\/fr\\\/produit\\\/coupe-tubes-et-tuyaux-en-pvc-dixon\\\/\",\"url\":\"https:\\\/\\\/www.zytho.ca\\\/fr\\\/produit\\\/coupe-tubes-et-tuyaux-en-pvc-dixon\\\/\",\"name\":\"Coupe-tube et tuyau PVC - Dixon - Pour brasseries professionnelles | Zytho\",\"isPartOf\":{\"@id\":\"https:\\\/\\\/www.zytho.ca\\\/fr\\\/#website\"},\"primaryImageOfPage\":{\"@id\":\"https:\\\/\\\/www.zytho.ca\\\/fr\\\/produit\\\/coupe-tubes-et-tuyaux-en-pvc-dixon\\\/#primaryimage\"},\"image\":{\"@id\":\"https:\\\/\\\/www.zytho.ca\\\/fr\\\/produit\\\/coupe-tubes-et-tuyaux-en-pvc-dixon\\\/#primaryimage\"},\"thumbnailUrl\":\"https:\\\/\\\/www.zytho.ca\\\/wp-content\\\/uploads\\\/2025\\\/10\\\/PVC-Tubing-and-Hose-Cutter-Dixon.jpg\",\"datePublished\":\"2025-10-27T15:55:14+00:00\",\"dateModified\":\"2025-11-07T08:07:41+00:00\",\"description\":\"Coupez sans effort les tubes et tuyaux en PVC avec le Dixon Cutter, con\u00e7u pour les brasseurs professionnels \u00e0 la recherche de pr\u00e9cision et d'efficacit\u00e9 dans leurs op\u00e9rations de brassage.\",\"breadcrumb\":{\"@id\":\"https:\\\/\\\/www.zytho.ca\\\/fr\\\/produit\\\/coupe-tubes-et-tuyaux-en-pvc-dixon\\\/#breadcrumb\"},\"inLanguage\":\"fr-FR\",\"potentialAction\":[{\"@type\":\"ReadAction\",\"target\":[\"https:\\\/\\\/www.zytho.ca\\\/fr\\\/produit\\\/coupe-tubes-et-tuyaux-en-pvc-dixon\\\/\"]}]},{\"@type\":\"ImageObject\",\"inLanguage\":\"fr-FR\",\"@id\":\"https:\\\/\\\/www.zytho.ca\\\/fr\\\/produit\\\/coupe-tubes-et-tuyaux-en-pvc-dixon\\\/#primaryimage\",\"url\":\"https:\\\/\\\/www.zytho.ca\\\/wp-content\\\/uploads\\\/2025\\\/10\\\/PVC-Tubing-and-Hose-Cutter-Dixon.jpg\",\"contentUrl\":\"https:\\\/\\\/www.zytho.ca\\\/wp-content\\\/uploads\\\/2025\\\/10\\\/PVC-Tubing-and-Hose-Cutter-Dixon.jpg\",\"width\":150,\"height\":150},{\"@type\":\"BreadcrumbList\",\"@id\":\"https:\\\/\\\/www.zytho.ca\\\/fr\\\/produit\\\/coupe-tubes-et-tuyaux-en-pvc-dixon\\\/#breadcrumb\",\"itemListElement\":[{\"@type\":\"ListItem\",\"position\":1,\"name\":\"Accueil\",\"item\":\"https:\\\/\\\/www.zytho.ca\\\/fr\\\/\"},{\"@type\":\"ListItem\",\"position\":2,\"name\":\"Shop\",\"item\":\"https:\\\/\\\/www.zytho.ca\\\/fr\\\/shop\\\/\"},{\"@type\":\"ListItem\",\"position\":3,\"name\":\"Coupe-tubes et tuyaux en PVC &#8211; Dixon\"}]},{\"@type\":\"WebSite\",\"@id\":\"https:\\\/\\\/www.zytho.ca\\\/fr\\\/#website\",\"url\":\"https:\\\/\\\/www.zytho.ca\\\/fr\\\/\",\"name\":\"Zytho\",\"description\":\"\",\"publisher\":{\"@id\":\"https:\\\/\\\/www.zytho.ca\\\/fr\\\/#organization\"},\"potentialAction\":[{\"@type\":\"SearchAction\",\"target\":{\"@type\":\"EntryPoint\",\"urlTemplate\":\"https:\\\/\\\/www.zytho.ca\\\/fr\\\/?s={search_term_string}\"},\"query-input\":{\"@type\":\"PropertyValueSpecification\",\"valueRequired\":true,\"valueName\":\"search_term_string\"}}],\"inLanguage\":\"fr-FR\"},{\"@type\":\"Organization\",\"@id\":\"https:\\\/\\\/www.zytho.ca\\\/fr\\\/#organization\",\"name\":\"Zytho\",\"url\":\"https:\\\/\\\/www.zytho.ca\\\/fr\\\/\",\"logo\":{\"@type\":\"ImageObject\",\"inLanguage\":\"fr-FR\",\"@id\":\"https:\\\/\\\/www.zytho.ca\\\/fr\\\/#\\\/schema\\\/logo\\\/image\\\/\",\"url\":\"https:\\\/\\\/www.zytho.ca\\\/wp-content\\\/uploads\\\/2024\\\/05\\\/Zytho_reversed_horizontal.svg\",\"contentUrl\":\"https:\\\/\\\/www.zytho.ca\\\/wp-content\\\/uploads\\\/2024\\\/05\\\/Zytho_reversed_horizontal.svg\",\"width\":1582,\"height\":490,\"caption\":\"Zytho\"},\"image\":{\"@id\":\"https:\\\/\\\/www.zytho.ca\\\/fr\\\/#\\\/schema\\\/logo\\\/image\\\/\"}}]}<\/script>\n<!-- \/ Yoast SEO plugin. -->","yoast_head_json":{"title":"Coupe-tube et tuyau PVC - Dixon - Pour brasseries professionnelles | Zytho","description":"Coupez sans effort les tubes et tuyaux en PVC avec le Dixon Cutter, con\u00e7u pour les brasseurs professionnels \u00e0 la recherche de pr\u00e9cision et d'efficacit\u00e9 dans leurs op\u00e9rations de brassage.","robots":{"index":"index","follow":"follow","max-snippet":"max-snippet:-1","max-image-preview":"max-image-preview:large","max-video-preview":"max-video-preview:-1"},"canonical":"https:\/\/www.zytho.ca\/fr\/produit\/coupe-tubes-et-tuyaux-en-pvc-dixon\/","og_locale":"fr_FR","og_type":"article","og_title":"Coupe-tube et tuyau PVC - Dixon - Pour brasseries professionnelles | Zytho","og_description":"Coupez sans effort les tubes et tuyaux en PVC avec le Dixon Cutter, con\u00e7u pour les brasseurs professionnels \u00e0 la recherche de pr\u00e9cision et d'efficacit\u00e9 dans leurs op\u00e9rations de brassage.","og_url":"https:\/\/www.zytho.ca\/fr\/produit\/coupe-tubes-et-tuyaux-en-pvc-dixon\/","og_site_name":"Zytho","article_modified_time":"2025-11-07T08:07:41+00:00","og_image":[{"width":150,"height":150,"url":"https:\/\/www.zytho.ca\/wp-content\/uploads\/2025\/10\/PVC-Tubing-and-Hose-Cutter-Dixon.jpg","type":"image\/jpeg"}],"twitter_card":"summary_large_image","schema":{"@context":"https:\/\/schema.org","@graph":[{"@type":"WebPage","@id":"https:\/\/www.zytho.ca\/fr\/produit\/coupe-tubes-et-tuyaux-en-pvc-dixon\/","url":"https:\/\/www.zytho.ca\/fr\/produit\/coupe-tubes-et-tuyaux-en-pvc-dixon\/","name":"Coupe-tube et tuyau PVC - Dixon - Pour brasseries professionnelles | Zytho","isPartOf":{"@id":"https:\/\/www.zytho.ca\/fr\/#website"},"primaryImageOfPage":{"@id":"https:\/\/www.zytho.ca\/fr\/produit\/coupe-tubes-et-tuyaux-en-pvc-dixon\/#primaryimage"},"image":{"@id":"https:\/\/www.zytho.ca\/fr\/produit\/coupe-tubes-et-tuyaux-en-pvc-dixon\/#primaryimage"},"thumbnailUrl":"https:\/\/www.zytho.ca\/wp-content\/uploads\/2025\/10\/PVC-Tubing-and-Hose-Cutter-Dixon.jpg","datePublished":"2025-10-27T15:55:14+00:00","dateModified":"2025-11-07T08:07:41+00:00","description":"Coupez sans effort les tubes et tuyaux en PVC avec le Dixon Cutter, con\u00e7u pour les brasseurs professionnels \u00e0 la recherche de pr\u00e9cision et d'efficacit\u00e9 dans leurs op\u00e9rations de brassage.","breadcrumb":{"@id":"https:\/\/www.zytho.ca\/fr\/produit\/coupe-tubes-et-tuyaux-en-pvc-dixon\/#breadcrumb"},"inLanguage":"fr-FR","potentialAction":[{"@type":"ReadAction","target":["https:\/\/www.zytho.ca\/fr\/produit\/coupe-tubes-et-tuyaux-en-pvc-dixon\/"]}]},{"@type":"ImageObject","inLanguage":"fr-FR","@id":"https:\/\/www.zytho.ca\/fr\/produit\/coupe-tubes-et-tuyaux-en-pvc-dixon\/#primaryimage","url":"https:\/\/www.zytho.ca\/wp-content\/uploads\/2025\/10\/PVC-Tubing-and-Hose-Cutter-Dixon.jpg","contentUrl":"https:\/\/www.zytho.ca\/wp-content\/uploads\/2025\/10\/PVC-Tubing-and-Hose-Cutter-Dixon.jpg","width":150,"height":150},{"@type":"BreadcrumbList","@id":"https:\/\/www.zytho.ca\/fr\/produit\/coupe-tubes-et-tuyaux-en-pvc-dixon\/#breadcrumb","itemListElement":[{"@type":"ListItem","position":1,"name":"Accueil","item":"https:\/\/www.zytho.ca\/fr\/"},{"@type":"ListItem","position":2,"name":"Shop","item":"https:\/\/www.zytho.ca\/fr\/shop\/"},{"@type":"ListItem","position":3,"name":"Coupe-tubes et tuyaux en PVC &#8211; Dixon"}]},{"@type":"WebSite","@id":"https:\/\/www.zytho.ca\/fr\/#website","url":"https:\/\/www.zytho.ca\/fr\/","name":"Zytho","description":"","publisher":{"@id":"https:\/\/www.zytho.ca\/fr\/#organization"},"potentialAction":[{"@type":"SearchAction","target":{"@type":"EntryPoint","urlTemplate":"https:\/\/www.zytho.ca\/fr\/?s={search_term_string}"},"query-input":{"@type":"PropertyValueSpecification","valueRequired":true,"valueName":"search_term_string"}}],"inLanguage":"fr-FR"},{"@type":"Organization","@id":"https:\/\/www.zytho.ca\/fr\/#organization","name":"Zytho","url":"https:\/\/www.zytho.ca\/fr\/","logo":{"@type":"ImageObject","inLanguage":"fr-FR","@id":"https:\/\/www.zytho.ca\/fr\/#\/schema\/logo\/image\/","url":"https:\/\/www.zytho.ca\/wp-content\/uploads\/2024\/05\/Zytho_reversed_horizontal.svg","contentUrl":"https:\/\/www.zytho.ca\/wp-content\/uploads\/2024\/05\/Zytho_reversed_horizontal.svg","width":1582,"height":490,"caption":"Zytho"},"image":{"@id":"https:\/\/www.zytho.ca\/fr\/#\/schema\/logo\/image\/"}}]}},"_links":{"self":[{"href":"https:\/\/www.zytho.ca\/fr\/wp-json\/wp\/v2\/product\/14610","targetHints":{"allow":["GET"]}}],"collection":[{"href":"https:\/\/www.zytho.ca\/fr\/wp-json\/wp\/v2\/product"}],"about":[{"href":"https:\/\/www.zytho.ca\/fr\/wp-json\/wp\/v2\/types\/product"}],"wp:featuredmedia":[{"embeddable":true,"href":"https:\/\/www.zytho.ca\/fr\/wp-json\/wp\/v2\/media\/14616"}],"wp:attachment":[{"href":"https:\/\/www.zytho.ca\/fr\/wp-json\/wp\/v2\/media?parent=14610"}],"wp:term":[{"taxonomy":"product_brand","embeddable":true,"href":"https:\/\/www.zytho.ca\/fr\/wp-json\/wp\/v2\/product_brand?post=14610"},{"taxonomy":"product_cat","embeddable":true,"href":"https:\/\/www.zytho.ca\/fr\/wp-json\/wp\/v2\/product_cat?post=14610"},{"taxonomy":"product_tag","embeddable":true,"href":"https:\/\/www.zytho.ca\/fr\/wp-json\/wp\/v2\/product_tag?post=14610"}],"curies":[{"name":"wp","href":"https:\/\/api.w.org\/{rel}","templated":true}]}}