{"id":14554,"date":"2025-10-27T15:55:22","date_gmt":"2025-10-27T15:55:22","guid":{"rendered":"https:\/\/zytho.ca\/product\/joint-de-came-et-de-gorge-dixon\/"},"modified":"2025-10-27T15:55:22","modified_gmt":"2025-10-27T15:55:22","slug":"joint-de-came-et-de-gorge-dixon","status":"publish","type":"product","link":"https:\/\/www.zytho.ca\/fr\/produit\/joint-de-came-et-de-gorge-dixon\/","title":{"rendered":"Joint de came et de gorge &#8211; Dixon"},"content":{"rendered":"<ul>\n<li><a href=\"https:\/\/www.dixonvalve.com\/sites\/default\/files\/product\/pages\/us\/DPL418%20-%20168.pdf\">DPL418 &#8211; 168<\/a><\/li>\n<\/ul>\n<h6><strong>Avantages<\/strong><\/h6>\n<ul>\n<li>Con\u00e7u pour des performances optimales dans des environnements exigeants.<\/li>\n<li>La fabrication de pr\u00e9cision garantit une qualit\u00e9 et une fiabilit\u00e9 constantes.<\/li>\n<li>Con\u00e7u pour r\u00e9pondre aux normes strictes de l&#8217;industrie.<\/li>\n<li>Disponible dans une vari\u00e9t\u00e9 de tailles pour s&#8217;adapter \u00e0 diverses applications.<\/li>\n<\/ul>\n<h6><strong>D\u00e9tails du produit<\/strong><\/h6>\n<table style=\"width: 79.6786%;\">\n<tbody>\n<tr>\n<td style=\"text-align: center; width: 11%;\">Taille<\/td>\n<td style=\"text-align: center; width: 22%;\">Diam\u00e8tre ext\u00e9rieur<\/td>\n<td style=\"text-align: center; width: 19%;\">Diam\u00e8tre int\u00e9rieur<\/td>\n<td style=\"text-align: center; width: 13.4989%;\">Epaisseur<\/td>\n<\/tr>\n<tr>\n<td style=\"text-align: center; width: 11%;\">0.5&#8243;<\/td>\n<td style=\"text-align: center; width: 22%;\">1 1\/32&#8243;<\/td>\n<td style=\"text-align: center; width: 19%;\">11\/16&#8243;<\/td>\n<td style=\"text-align: center; width: 13.4989%;\">39\/250&#8243;<\/td>\n<\/tr>\n<tr>\n<td style=\"text-align: center; width: 11%;\">0.75&#8243;<\/td>\n<td style=\"text-align: center; width: 22%;\">1 3\/8&#8243;<\/td>\n<td style=\"text-align: center; width: 19%;\">7\/8&#8243;<\/td>\n<td style=\"text-align: center; width: 13.4989%;\">109\/500&#8243;<\/td>\n<\/tr>\n<tr>\n<td style=\"text-align: center; width: 11%;\">1&#8243;<\/td>\n<td style=\"text-align: center; width: 22%;\">1 9\/16&#8243;<\/td>\n<td style=\"text-align: center; width: 19%;\">1 1\/16&#8243;<\/td>\n<td style=\"text-align: center; width: 13.4989%;\">1\/4&#8243;<\/td>\n<\/tr>\n<tr>\n<td style=\"text-align: center; width: 11%;\">1.25&#8243;<\/td>\n<td style=\"text-align: center; width: 22%;\">1 15\/16&#8243;<\/td>\n<td style=\"text-align: center; width: 19%;\">1 23\/64&#8243;<\/td>\n<td style=\"text-align: center; width: 13.4989%;\">1\/4&#8243;<\/td>\n<\/tr>\n<tr>\n<td style=\"text-align: center; width: 11%;\">1.5&#8243;<\/td>\n<td style=\"text-align: center; width: 22%;\">2 3\/16&#8243;<\/td>\n<td style=\"text-align: center; width: 19%;\">1 5\/8&#8243;<\/td>\n<td style=\"text-align: center; width: 13.4989%;\">1\/4&#8243;<\/td>\n<\/tr>\n<tr>\n<td style=\"text-align: center; width: 11%;\">2&#8243;<\/td>\n<td style=\"text-align: center; width: 22%;\">2 5\/8&#8243;<\/td>\n<td style=\"text-align: center; width: 19%;\">2&#8243;<\/td>\n<td style=\"text-align: center; width: 13.4989%;\">1\/4&#8243;<\/td>\n<\/tr>\n<tr>\n<td style=\"text-align: center; width: 11%;\">2.5&#8243;<\/td>\n<td style=\"text-align: center; width: 22%;\">3 1\/8&#8243;<\/td>\n<td style=\"text-align: center; width: 19%;\">2 3\/8&#8243;<\/td>\n<td style=\"text-align: center; width: 13.4989%;\">1\/4&#8243;<\/td>\n<\/tr>\n<tr>\n<td style=\"text-align: center; width: 11%;\">3&#8243;<\/td>\n<td style=\"text-align: center; width: 22%;\">3 23\/32&#8243;<\/td>\n<td style=\"text-align: center; width: 19%;\">3&#8243;<\/td>\n<td style=\"text-align: center; width: 13.4989%;\">1\/4&#8243;<\/td>\n<\/tr>\n<tr>\n<td style=\"text-align: center; width: 11%;\">4&#8243;<\/td>\n<td style=\"text-align: center; width: 22%;\">4 7\/8&#8243;<\/td>\n<td style=\"text-align: center; width: 19%;\">4&#8243;<\/td>\n<td style=\"text-align: center; width: 13.4989%;\">1\/4&#8243;<\/td>\n<\/tr>\n<\/tbody>\n<\/table>\n","protected":false},"excerpt":{"rendered":"<h4>Principaux avantages du joint \u00e0 rainure et \u00e0 came &#8211; Dixon pour les brasseurs professionnels<\/h4>\n<ul>\n<li>Con\u00e7ue pour des performances exceptionnelles dans des environnements de brassage exigeants.<\/li>\n<li>La fabrication de pr\u00e9cision garantit une qualit\u00e9 et une fiabilit\u00e9 constantes.<\/li>\n<li>Disponible en diff\u00e9rentes tailles pour r\u00e9pondre \u00e0 diverses applications de brassage.<\/li>\n<\/ul>\n","protected":false},"featured_media":14555,"template":"","meta":{"_acf_changed":false,"inline_featured_image":false},"product_brand":[740],"product_cat":[846,736,741],"product_tag":[],"class_list":{"0":"post-14554","1":"product","2":"type-product","3":"status-publish","4":"has-post-thumbnail","6":"product_brand-dixon","7":"product_cat-camlock","8":"product_cat-distribution","9":"product_cat-materiel","11":"first","12":"instock","13":"taxable","14":"shipping-taxable","15":"purchasable","16":"product-type-variable"},"acf":[],"yoast_head":"<!-- This site is optimized with the Yoast SEO plugin v27.6 - https:\/\/yoast.com\/product\/yoast-seo-wordpress\/ -->\n<title>Joint Cam &amp; Groove - Dixon - Pour brasseries professionnelles | Zytho<\/title>\n<meta name=\"description\" content=\"D\u00e9couvrez le joint \u00e0 rainure et \u00e0 came Dixon, con\u00e7u pour les brasseurs \u00e0 la recherche d&#039;une performance et d&#039;une fiabilit\u00e9 optimales. Disponible en diff\u00e9rentes tailles pour r\u00e9pondre aux besoins de votre brasserie.\" \/>\n<meta name=\"robots\" content=\"index, follow, max-snippet:-1, max-image-preview:large, max-video-preview:-1\" \/>\n<link rel=\"canonical\" href=\"https:\/\/www.zytho.ca\/fr\/produit\/joint-de-came-et-de-gorge-dixon\/\" \/>\n<meta property=\"og:locale\" content=\"fr_FR\" \/>\n<meta property=\"og:type\" content=\"article\" \/>\n<meta property=\"og:title\" content=\"Joint Cam &amp; Groove - Dixon - Pour brasseries professionnelles | Zytho\" \/>\n<meta property=\"og:description\" content=\"D\u00e9couvrez le joint \u00e0 rainure et \u00e0 came Dixon, con\u00e7u pour les brasseurs \u00e0 la recherche d&#039;une performance et d&#039;une fiabilit\u00e9 optimales. Disponible en diff\u00e9rentes tailles pour r\u00e9pondre aux besoins de votre brasserie.\" \/>\n<meta property=\"og:url\" content=\"https:\/\/www.zytho.ca\/fr\/produit\/joint-de-came-et-de-gorge-dixon\/\" \/>\n<meta property=\"og:site_name\" content=\"Zytho\" \/>\n<meta property=\"og:image\" content=\"https:\/\/www.zytho.ca\/wp-content\/uploads\/2025\/10\/Cam-Groove-Gasket-Dixon.jpg\" \/>\n\t<meta property=\"og:image:width\" content=\"296\" \/>\n\t<meta property=\"og:image:height\" content=\"296\" \/>\n\t<meta property=\"og:image:type\" content=\"image\/jpeg\" \/>\n<meta name=\"twitter:card\" content=\"summary_large_image\" \/>\n<script type=\"application\/ld+json\" class=\"yoast-schema-graph\">{\"@context\":\"https:\\\/\\\/schema.org\",\"@graph\":[{\"@type\":\"WebPage\",\"@id\":\"https:\\\/\\\/www.zytho.ca\\\/fr\\\/produit\\\/joint-de-came-et-de-gorge-dixon\\\/\",\"url\":\"https:\\\/\\\/www.zytho.ca\\\/fr\\\/produit\\\/joint-de-came-et-de-gorge-dixon\\\/\",\"name\":\"Joint Cam & Groove - Dixon - Pour brasseries professionnelles | Zytho\",\"isPartOf\":{\"@id\":\"https:\\\/\\\/www.zytho.ca\\\/fr\\\/#website\"},\"primaryImageOfPage\":{\"@id\":\"https:\\\/\\\/www.zytho.ca\\\/fr\\\/produit\\\/joint-de-came-et-de-gorge-dixon\\\/#primaryimage\"},\"image\":{\"@id\":\"https:\\\/\\\/www.zytho.ca\\\/fr\\\/produit\\\/joint-de-came-et-de-gorge-dixon\\\/#primaryimage\"},\"thumbnailUrl\":\"https:\\\/\\\/www.zytho.ca\\\/wp-content\\\/uploads\\\/2025\\\/10\\\/Cam-Groove-Gasket-Dixon.jpg\",\"datePublished\":\"2025-10-27T15:55:22+00:00\",\"description\":\"D\u00e9couvrez le joint \u00e0 rainure et \u00e0 came Dixon, con\u00e7u pour les brasseurs \u00e0 la recherche d'une performance et d'une fiabilit\u00e9 optimales. Disponible en diff\u00e9rentes tailles pour r\u00e9pondre aux besoins de votre brasserie.\",\"breadcrumb\":{\"@id\":\"https:\\\/\\\/www.zytho.ca\\\/fr\\\/produit\\\/joint-de-came-et-de-gorge-dixon\\\/#breadcrumb\"},\"inLanguage\":\"fr-FR\",\"potentialAction\":[{\"@type\":\"ReadAction\",\"target\":[\"https:\\\/\\\/www.zytho.ca\\\/fr\\\/produit\\\/joint-de-came-et-de-gorge-dixon\\\/\"]}]},{\"@type\":\"ImageObject\",\"inLanguage\":\"fr-FR\",\"@id\":\"https:\\\/\\\/www.zytho.ca\\\/fr\\\/produit\\\/joint-de-came-et-de-gorge-dixon\\\/#primaryimage\",\"url\":\"https:\\\/\\\/www.zytho.ca\\\/wp-content\\\/uploads\\\/2025\\\/10\\\/Cam-Groove-Gasket-Dixon.jpg\",\"contentUrl\":\"https:\\\/\\\/www.zytho.ca\\\/wp-content\\\/uploads\\\/2025\\\/10\\\/Cam-Groove-Gasket-Dixon.jpg\",\"width\":296,\"height\":296},{\"@type\":\"BreadcrumbList\",\"@id\":\"https:\\\/\\\/www.zytho.ca\\\/fr\\\/produit\\\/joint-de-came-et-de-gorge-dixon\\\/#breadcrumb\",\"itemListElement\":[{\"@type\":\"ListItem\",\"position\":1,\"name\":\"Accueil\",\"item\":\"https:\\\/\\\/www.zytho.ca\\\/fr\\\/\"},{\"@type\":\"ListItem\",\"position\":2,\"name\":\"Shop\",\"item\":\"https:\\\/\\\/www.zytho.ca\\\/fr\\\/shop\\\/\"},{\"@type\":\"ListItem\",\"position\":3,\"name\":\"Joint de came et de gorge &#8211; Dixon\"}]},{\"@type\":\"WebSite\",\"@id\":\"https:\\\/\\\/www.zytho.ca\\\/fr\\\/#website\",\"url\":\"https:\\\/\\\/www.zytho.ca\\\/fr\\\/\",\"name\":\"Zytho\",\"description\":\"\",\"publisher\":{\"@id\":\"https:\\\/\\\/www.zytho.ca\\\/fr\\\/#organization\"},\"potentialAction\":[{\"@type\":\"SearchAction\",\"target\":{\"@type\":\"EntryPoint\",\"urlTemplate\":\"https:\\\/\\\/www.zytho.ca\\\/fr\\\/?s={search_term_string}\"},\"query-input\":{\"@type\":\"PropertyValueSpecification\",\"valueRequired\":true,\"valueName\":\"search_term_string\"}}],\"inLanguage\":\"fr-FR\"},{\"@type\":\"Organization\",\"@id\":\"https:\\\/\\\/www.zytho.ca\\\/fr\\\/#organization\",\"name\":\"Zytho\",\"url\":\"https:\\\/\\\/www.zytho.ca\\\/fr\\\/\",\"logo\":{\"@type\":\"ImageObject\",\"inLanguage\":\"fr-FR\",\"@id\":\"https:\\\/\\\/www.zytho.ca\\\/fr\\\/#\\\/schema\\\/logo\\\/image\\\/\",\"url\":\"https:\\\/\\\/www.zytho.ca\\\/wp-content\\\/uploads\\\/2024\\\/05\\\/Zytho_reversed_horizontal.svg\",\"contentUrl\":\"https:\\\/\\\/www.zytho.ca\\\/wp-content\\\/uploads\\\/2024\\\/05\\\/Zytho_reversed_horizontal.svg\",\"width\":1582,\"height\":490,\"caption\":\"Zytho\"},\"image\":{\"@id\":\"https:\\\/\\\/www.zytho.ca\\\/fr\\\/#\\\/schema\\\/logo\\\/image\\\/\"}}]}<\/script>\n<!-- \/ Yoast SEO plugin. -->","yoast_head_json":{"title":"Joint Cam & Groove - Dixon - Pour brasseries professionnelles | Zytho","description":"D\u00e9couvrez le joint \u00e0 rainure et \u00e0 came Dixon, con\u00e7u pour les brasseurs \u00e0 la recherche d'une performance et d'une fiabilit\u00e9 optimales. Disponible en diff\u00e9rentes tailles pour r\u00e9pondre aux besoins de votre brasserie.","robots":{"index":"index","follow":"follow","max-snippet":"max-snippet:-1","max-image-preview":"max-image-preview:large","max-video-preview":"max-video-preview:-1"},"canonical":"https:\/\/www.zytho.ca\/fr\/produit\/joint-de-came-et-de-gorge-dixon\/","og_locale":"fr_FR","og_type":"article","og_title":"Joint Cam & Groove - Dixon - Pour brasseries professionnelles | Zytho","og_description":"D\u00e9couvrez le joint \u00e0 rainure et \u00e0 came Dixon, con\u00e7u pour les brasseurs \u00e0 la recherche d'une performance et d'une fiabilit\u00e9 optimales. Disponible en diff\u00e9rentes tailles pour r\u00e9pondre aux besoins de votre brasserie.","og_url":"https:\/\/www.zytho.ca\/fr\/produit\/joint-de-came-et-de-gorge-dixon\/","og_site_name":"Zytho","og_image":[{"width":296,"height":296,"url":"https:\/\/www.zytho.ca\/wp-content\/uploads\/2025\/10\/Cam-Groove-Gasket-Dixon.jpg","type":"image\/jpeg"}],"twitter_card":"summary_large_image","schema":{"@context":"https:\/\/schema.org","@graph":[{"@type":"WebPage","@id":"https:\/\/www.zytho.ca\/fr\/produit\/joint-de-came-et-de-gorge-dixon\/","url":"https:\/\/www.zytho.ca\/fr\/produit\/joint-de-came-et-de-gorge-dixon\/","name":"Joint Cam & Groove - Dixon - Pour brasseries professionnelles | Zytho","isPartOf":{"@id":"https:\/\/www.zytho.ca\/fr\/#website"},"primaryImageOfPage":{"@id":"https:\/\/www.zytho.ca\/fr\/produit\/joint-de-came-et-de-gorge-dixon\/#primaryimage"},"image":{"@id":"https:\/\/www.zytho.ca\/fr\/produit\/joint-de-came-et-de-gorge-dixon\/#primaryimage"},"thumbnailUrl":"https:\/\/www.zytho.ca\/wp-content\/uploads\/2025\/10\/Cam-Groove-Gasket-Dixon.jpg","datePublished":"2025-10-27T15:55:22+00:00","description":"D\u00e9couvrez le joint \u00e0 rainure et \u00e0 came Dixon, con\u00e7u pour les brasseurs \u00e0 la recherche d'une performance et d'une fiabilit\u00e9 optimales. Disponible en diff\u00e9rentes tailles pour r\u00e9pondre aux besoins de votre brasserie.","breadcrumb":{"@id":"https:\/\/www.zytho.ca\/fr\/produit\/joint-de-came-et-de-gorge-dixon\/#breadcrumb"},"inLanguage":"fr-FR","potentialAction":[{"@type":"ReadAction","target":["https:\/\/www.zytho.ca\/fr\/produit\/joint-de-came-et-de-gorge-dixon\/"]}]},{"@type":"ImageObject","inLanguage":"fr-FR","@id":"https:\/\/www.zytho.ca\/fr\/produit\/joint-de-came-et-de-gorge-dixon\/#primaryimage","url":"https:\/\/www.zytho.ca\/wp-content\/uploads\/2025\/10\/Cam-Groove-Gasket-Dixon.jpg","contentUrl":"https:\/\/www.zytho.ca\/wp-content\/uploads\/2025\/10\/Cam-Groove-Gasket-Dixon.jpg","width":296,"height":296},{"@type":"BreadcrumbList","@id":"https:\/\/www.zytho.ca\/fr\/produit\/joint-de-came-et-de-gorge-dixon\/#breadcrumb","itemListElement":[{"@type":"ListItem","position":1,"name":"Accueil","item":"https:\/\/www.zytho.ca\/fr\/"},{"@type":"ListItem","position":2,"name":"Shop","item":"https:\/\/www.zytho.ca\/fr\/shop\/"},{"@type":"ListItem","position":3,"name":"Joint de came et de gorge &#8211; Dixon"}]},{"@type":"WebSite","@id":"https:\/\/www.zytho.ca\/fr\/#website","url":"https:\/\/www.zytho.ca\/fr\/","name":"Zytho","description":"","publisher":{"@id":"https:\/\/www.zytho.ca\/fr\/#organization"},"potentialAction":[{"@type":"SearchAction","target":{"@type":"EntryPoint","urlTemplate":"https:\/\/www.zytho.ca\/fr\/?s={search_term_string}"},"query-input":{"@type":"PropertyValueSpecification","valueRequired":true,"valueName":"search_term_string"}}],"inLanguage":"fr-FR"},{"@type":"Organization","@id":"https:\/\/www.zytho.ca\/fr\/#organization","name":"Zytho","url":"https:\/\/www.zytho.ca\/fr\/","logo":{"@type":"ImageObject","inLanguage":"fr-FR","@id":"https:\/\/www.zytho.ca\/fr\/#\/schema\/logo\/image\/","url":"https:\/\/www.zytho.ca\/wp-content\/uploads\/2024\/05\/Zytho_reversed_horizontal.svg","contentUrl":"https:\/\/www.zytho.ca\/wp-content\/uploads\/2024\/05\/Zytho_reversed_horizontal.svg","width":1582,"height":490,"caption":"Zytho"},"image":{"@id":"https:\/\/www.zytho.ca\/fr\/#\/schema\/logo\/image\/"}}]}},"_links":{"self":[{"href":"https:\/\/www.zytho.ca\/fr\/wp-json\/wp\/v2\/product\/14554","targetHints":{"allow":["GET"]}}],"collection":[{"href":"https:\/\/www.zytho.ca\/fr\/wp-json\/wp\/v2\/product"}],"about":[{"href":"https:\/\/www.zytho.ca\/fr\/wp-json\/wp\/v2\/types\/product"}],"wp:featuredmedia":[{"embeddable":true,"href":"https:\/\/www.zytho.ca\/fr\/wp-json\/wp\/v2\/media\/14555"}],"wp:attachment":[{"href":"https:\/\/www.zytho.ca\/fr\/wp-json\/wp\/v2\/media?parent=14554"}],"wp:term":[{"taxonomy":"product_brand","embeddable":true,"href":"https:\/\/www.zytho.ca\/fr\/wp-json\/wp\/v2\/product_brand?post=14554"},{"taxonomy":"product_cat","embeddable":true,"href":"https:\/\/www.zytho.ca\/fr\/wp-json\/wp\/v2\/product_cat?post=14554"},{"taxonomy":"product_tag","embeddable":true,"href":"https:\/\/www.zytho.ca\/fr\/wp-json\/wp\/v2\/product_tag?post=14554"}],"curies":[{"name":"wp","href":"https:\/\/api.w.org\/{rel}","templated":true}]}}