{"id":14506,"date":"2025-10-27T15:55:55","date_gmt":"2025-10-27T15:55:55","guid":{"rendered":"https:\/\/zytho.ca\/product\/boulon-de-suspension-hexagonal-avec-ecrou-nylock-dixon\/"},"modified":"2025-10-27T15:55:55","modified_gmt":"2025-10-27T15:55:55","slug":"boulon-de-suspension-hexagonal-avec-ecrou-nylock-dixon","status":"publish","type":"product","link":"https:\/\/www.zytho.ca\/fr\/produit\/boulon-de-suspension-hexagonal-avec-ecrou-nylock-dixon\/","title":{"rendered":"Boulon de suspension hexagonal avec \u00e9crou Nylock &#8211; Dixon"},"content":{"rendered":"<h6><strong>Avantages<\/strong><\/h6>\n<ul>\n<li>Livr\u00e9 avec un jeu de 2 \u00e9crous et boulons<\/li>\n<li>Compatible avec les crochets hexagonaux pour tuyaux<\/li>\n<\/ul>\n<p>Les suspensions hexagonales offrent une adaptabilit\u00e9 exceptionnelle pour le supportage des syst\u00e8mes de tuyaux et de tubes. Ils peuvent \u00eatre mont\u00e9s dans de multiples configurations, soit suspendus \u00e0 un tuyau, soit fix\u00e9s directement \u00e0 une surface, en fonction des besoins sp\u00e9cifiques. Les mat\u00e9riaux de construction peuvent \u00eatre personnalis\u00e9s pour accueillir des fluides \u00e0 des temp\u00e9ratures extr\u00eames, qu&#8217;elles soient chaudes ou froides. Ce boulon remplace les supports hexagonaux conventionnels.   <\/p>\n<h6><strong>D\u00e9tails du produit<\/strong><\/h6>\n<ul>\n<li><a href=\"https:\/\/www.dixonvalve.com\/sites\/default\/files\/product\/pages\/us\/DPL418%20-%20624.pdf\">DPL418 &#8211; 624<\/a><\/li>\n<\/ul>\n","protected":false},"excerpt":{"rendered":"<p>html<\/p>\n<h4>Principaux avantages du boulon de suspension hexagonal avec \u00e9crou Nylock pour les brasseurs professionnels<\/h4>\n<ul>\n<li>Livr\u00e9 avec un jeu complet d&#8217;\u00e9crous et de boulons pour une installation facile.<\/li>\n<li>S&#8217;int\u00e8gre parfaitement aux crochets hexagonaux pour un support polyvalent des tuyaux et des tubes.<\/li>\n<li>Construit pour r\u00e9sister \u00e0 des temp\u00e9ratures extr\u00eames, id\u00e9al pour les environnements de brassage.<\/li>\n<\/ul>\n","protected":false},"featured_media":14518,"template":"","meta":{"_acf_changed":false,"inline_featured_image":false},"product_brand":[740],"product_cat":[736,741,749],"product_tag":[763,754,762,755,800],"class_list":{"0":"post-14506","1":"product","2":"type-product","3":"status-publish","4":"has-post-thumbnail","6":"product_brand-dixon","7":"product_cat-distribution","8":"product_cat-materiel","9":"product_cat-quincaillerie-industrielle","10":"product_tag-acier-inoxydable","11":"product_tag-brasserie","12":"product_tag-cave","13":"product_tag-distillerie","14":"product_tag-soda","16":"first","17":"instock","18":"taxable","19":"shipping-taxable","20":"purchasable","21":"product-type-variable"},"acf":[],"yoast_head":"<!-- This site is optimized with the Yoast SEO plugin v27.6 - https:\/\/yoast.com\/product\/yoast-seo-wordpress\/ -->\n<title>Boulon de suspension hexagonal avec \u00e9crou Nylock - Dixon - Pour brasseries professionnelles | Zytho<\/title>\n<meta name=\"description\" content=\"D\u00e9couvrez le boulon de suspension hexagonal avec \u00e9crou Nylock de Dixon, parfait pour les brasseries. Comprend 2 \u00e9crous et boulons, compatibles avec les cintres hexagonaux pour un soutien polyvalent des tuyaux.\" \/>\n<meta name=\"robots\" content=\"index, follow, max-snippet:-1, max-image-preview:large, max-video-preview:-1\" \/>\n<link rel=\"canonical\" href=\"https:\/\/www.zytho.ca\/fr\/produit\/boulon-de-suspension-hexagonal-avec-ecrou-nylock-dixon\/\" \/>\n<meta property=\"og:locale\" content=\"fr_FR\" \/>\n<meta property=\"og:type\" content=\"article\" \/>\n<meta property=\"og:title\" content=\"Boulon de suspension hexagonal avec \u00e9crou Nylock - Dixon - Pour brasseries professionnelles | Zytho\" \/>\n<meta property=\"og:description\" content=\"D\u00e9couvrez le boulon de suspension hexagonal avec \u00e9crou Nylock de Dixon, parfait pour les brasseries. Comprend 2 \u00e9crous et boulons, compatibles avec les cintres hexagonaux pour un soutien polyvalent des tuyaux.\" \/>\n<meta property=\"og:url\" content=\"https:\/\/www.zytho.ca\/fr\/produit\/boulon-de-suspension-hexagonal-avec-ecrou-nylock-dixon\/\" \/>\n<meta property=\"og:site_name\" content=\"Zytho\" \/>\n<meta property=\"og:image\" content=\"https:\/\/www.zytho.ca\/wp-content\/uploads\/2025\/10\/Hex-Hanger-Bolt-with-Nylock-Nut-Dixon.jpg\" \/>\n\t<meta property=\"og:image:width\" content=\"286\" \/>\n\t<meta property=\"og:image:height\" content=\"286\" \/>\n\t<meta property=\"og:image:type\" content=\"image\/jpeg\" \/>\n<meta name=\"twitter:card\" content=\"summary_large_image\" \/>\n<script type=\"application\/ld+json\" class=\"yoast-schema-graph\">{\"@context\":\"https:\\\/\\\/schema.org\",\"@graph\":[{\"@type\":\"WebPage\",\"@id\":\"https:\\\/\\\/www.zytho.ca\\\/fr\\\/produit\\\/boulon-de-suspension-hexagonal-avec-ecrou-nylock-dixon\\\/\",\"url\":\"https:\\\/\\\/www.zytho.ca\\\/fr\\\/produit\\\/boulon-de-suspension-hexagonal-avec-ecrou-nylock-dixon\\\/\",\"name\":\"Boulon de suspension hexagonal avec \u00e9crou Nylock - Dixon - Pour brasseries professionnelles | Zytho\",\"isPartOf\":{\"@id\":\"https:\\\/\\\/www.zytho.ca\\\/fr\\\/#website\"},\"primaryImageOfPage\":{\"@id\":\"https:\\\/\\\/www.zytho.ca\\\/fr\\\/produit\\\/boulon-de-suspension-hexagonal-avec-ecrou-nylock-dixon\\\/#primaryimage\"},\"image\":{\"@id\":\"https:\\\/\\\/www.zytho.ca\\\/fr\\\/produit\\\/boulon-de-suspension-hexagonal-avec-ecrou-nylock-dixon\\\/#primaryimage\"},\"thumbnailUrl\":\"https:\\\/\\\/www.zytho.ca\\\/wp-content\\\/uploads\\\/2025\\\/10\\\/Hex-Hanger-Bolt-with-Nylock-Nut-Dixon.jpg\",\"datePublished\":\"2025-10-27T15:55:55+00:00\",\"description\":\"D\u00e9couvrez le boulon de suspension hexagonal avec \u00e9crou Nylock de Dixon, parfait pour les brasseries. Comprend 2 \u00e9crous et boulons, compatibles avec les cintres hexagonaux pour un soutien polyvalent des tuyaux.\",\"breadcrumb\":{\"@id\":\"https:\\\/\\\/www.zytho.ca\\\/fr\\\/produit\\\/boulon-de-suspension-hexagonal-avec-ecrou-nylock-dixon\\\/#breadcrumb\"},\"inLanguage\":\"fr-FR\",\"potentialAction\":[{\"@type\":\"ReadAction\",\"target\":[\"https:\\\/\\\/www.zytho.ca\\\/fr\\\/produit\\\/boulon-de-suspension-hexagonal-avec-ecrou-nylock-dixon\\\/\"]}]},{\"@type\":\"ImageObject\",\"inLanguage\":\"fr-FR\",\"@id\":\"https:\\\/\\\/www.zytho.ca\\\/fr\\\/produit\\\/boulon-de-suspension-hexagonal-avec-ecrou-nylock-dixon\\\/#primaryimage\",\"url\":\"https:\\\/\\\/www.zytho.ca\\\/wp-content\\\/uploads\\\/2025\\\/10\\\/Hex-Hanger-Bolt-with-Nylock-Nut-Dixon.jpg\",\"contentUrl\":\"https:\\\/\\\/www.zytho.ca\\\/wp-content\\\/uploads\\\/2025\\\/10\\\/Hex-Hanger-Bolt-with-Nylock-Nut-Dixon.jpg\",\"width\":286,\"height\":286},{\"@type\":\"BreadcrumbList\",\"@id\":\"https:\\\/\\\/www.zytho.ca\\\/fr\\\/produit\\\/boulon-de-suspension-hexagonal-avec-ecrou-nylock-dixon\\\/#breadcrumb\",\"itemListElement\":[{\"@type\":\"ListItem\",\"position\":1,\"name\":\"Accueil\",\"item\":\"https:\\\/\\\/www.zytho.ca\\\/fr\\\/\"},{\"@type\":\"ListItem\",\"position\":2,\"name\":\"Shop\",\"item\":\"https:\\\/\\\/www.zytho.ca\\\/fr\\\/shop\\\/\"},{\"@type\":\"ListItem\",\"position\":3,\"name\":\"Boulon de suspension hexagonal avec \u00e9crou Nylock &#8211; Dixon\"}]},{\"@type\":\"WebSite\",\"@id\":\"https:\\\/\\\/www.zytho.ca\\\/fr\\\/#website\",\"url\":\"https:\\\/\\\/www.zytho.ca\\\/fr\\\/\",\"name\":\"Zytho\",\"description\":\"\",\"publisher\":{\"@id\":\"https:\\\/\\\/www.zytho.ca\\\/fr\\\/#organization\"},\"potentialAction\":[{\"@type\":\"SearchAction\",\"target\":{\"@type\":\"EntryPoint\",\"urlTemplate\":\"https:\\\/\\\/www.zytho.ca\\\/fr\\\/?s={search_term_string}\"},\"query-input\":{\"@type\":\"PropertyValueSpecification\",\"valueRequired\":true,\"valueName\":\"search_term_string\"}}],\"inLanguage\":\"fr-FR\"},{\"@type\":\"Organization\",\"@id\":\"https:\\\/\\\/www.zytho.ca\\\/fr\\\/#organization\",\"name\":\"Zytho\",\"url\":\"https:\\\/\\\/www.zytho.ca\\\/fr\\\/\",\"logo\":{\"@type\":\"ImageObject\",\"inLanguage\":\"fr-FR\",\"@id\":\"https:\\\/\\\/www.zytho.ca\\\/fr\\\/#\\\/schema\\\/logo\\\/image\\\/\",\"url\":\"https:\\\/\\\/www.zytho.ca\\\/wp-content\\\/uploads\\\/2024\\\/05\\\/Zytho_reversed_horizontal.svg\",\"contentUrl\":\"https:\\\/\\\/www.zytho.ca\\\/wp-content\\\/uploads\\\/2024\\\/05\\\/Zytho_reversed_horizontal.svg\",\"width\":1582,\"height\":490,\"caption\":\"Zytho\"},\"image\":{\"@id\":\"https:\\\/\\\/www.zytho.ca\\\/fr\\\/#\\\/schema\\\/logo\\\/image\\\/\"}}]}<\/script>\n<!-- \/ Yoast SEO plugin. -->","yoast_head_json":{"title":"Boulon de suspension hexagonal avec \u00e9crou Nylock - Dixon - Pour brasseries professionnelles | Zytho","description":"D\u00e9couvrez le boulon de suspension hexagonal avec \u00e9crou Nylock de Dixon, parfait pour les brasseries. Comprend 2 \u00e9crous et boulons, compatibles avec les cintres hexagonaux pour un soutien polyvalent des tuyaux.","robots":{"index":"index","follow":"follow","max-snippet":"max-snippet:-1","max-image-preview":"max-image-preview:large","max-video-preview":"max-video-preview:-1"},"canonical":"https:\/\/www.zytho.ca\/fr\/produit\/boulon-de-suspension-hexagonal-avec-ecrou-nylock-dixon\/","og_locale":"fr_FR","og_type":"article","og_title":"Boulon de suspension hexagonal avec \u00e9crou Nylock - Dixon - Pour brasseries professionnelles | Zytho","og_description":"D\u00e9couvrez le boulon de suspension hexagonal avec \u00e9crou Nylock de Dixon, parfait pour les brasseries. Comprend 2 \u00e9crous et boulons, compatibles avec les cintres hexagonaux pour un soutien polyvalent des tuyaux.","og_url":"https:\/\/www.zytho.ca\/fr\/produit\/boulon-de-suspension-hexagonal-avec-ecrou-nylock-dixon\/","og_site_name":"Zytho","og_image":[{"width":286,"height":286,"url":"https:\/\/www.zytho.ca\/wp-content\/uploads\/2025\/10\/Hex-Hanger-Bolt-with-Nylock-Nut-Dixon.jpg","type":"image\/jpeg"}],"twitter_card":"summary_large_image","schema":{"@context":"https:\/\/schema.org","@graph":[{"@type":"WebPage","@id":"https:\/\/www.zytho.ca\/fr\/produit\/boulon-de-suspension-hexagonal-avec-ecrou-nylock-dixon\/","url":"https:\/\/www.zytho.ca\/fr\/produit\/boulon-de-suspension-hexagonal-avec-ecrou-nylock-dixon\/","name":"Boulon de suspension hexagonal avec \u00e9crou Nylock - Dixon - Pour brasseries professionnelles | Zytho","isPartOf":{"@id":"https:\/\/www.zytho.ca\/fr\/#website"},"primaryImageOfPage":{"@id":"https:\/\/www.zytho.ca\/fr\/produit\/boulon-de-suspension-hexagonal-avec-ecrou-nylock-dixon\/#primaryimage"},"image":{"@id":"https:\/\/www.zytho.ca\/fr\/produit\/boulon-de-suspension-hexagonal-avec-ecrou-nylock-dixon\/#primaryimage"},"thumbnailUrl":"https:\/\/www.zytho.ca\/wp-content\/uploads\/2025\/10\/Hex-Hanger-Bolt-with-Nylock-Nut-Dixon.jpg","datePublished":"2025-10-27T15:55:55+00:00","description":"D\u00e9couvrez le boulon de suspension hexagonal avec \u00e9crou Nylock de Dixon, parfait pour les brasseries. Comprend 2 \u00e9crous et boulons, compatibles avec les cintres hexagonaux pour un soutien polyvalent des tuyaux.","breadcrumb":{"@id":"https:\/\/www.zytho.ca\/fr\/produit\/boulon-de-suspension-hexagonal-avec-ecrou-nylock-dixon\/#breadcrumb"},"inLanguage":"fr-FR","potentialAction":[{"@type":"ReadAction","target":["https:\/\/www.zytho.ca\/fr\/produit\/boulon-de-suspension-hexagonal-avec-ecrou-nylock-dixon\/"]}]},{"@type":"ImageObject","inLanguage":"fr-FR","@id":"https:\/\/www.zytho.ca\/fr\/produit\/boulon-de-suspension-hexagonal-avec-ecrou-nylock-dixon\/#primaryimage","url":"https:\/\/www.zytho.ca\/wp-content\/uploads\/2025\/10\/Hex-Hanger-Bolt-with-Nylock-Nut-Dixon.jpg","contentUrl":"https:\/\/www.zytho.ca\/wp-content\/uploads\/2025\/10\/Hex-Hanger-Bolt-with-Nylock-Nut-Dixon.jpg","width":286,"height":286},{"@type":"BreadcrumbList","@id":"https:\/\/www.zytho.ca\/fr\/produit\/boulon-de-suspension-hexagonal-avec-ecrou-nylock-dixon\/#breadcrumb","itemListElement":[{"@type":"ListItem","position":1,"name":"Accueil","item":"https:\/\/www.zytho.ca\/fr\/"},{"@type":"ListItem","position":2,"name":"Shop","item":"https:\/\/www.zytho.ca\/fr\/shop\/"},{"@type":"ListItem","position":3,"name":"Boulon de suspension hexagonal avec \u00e9crou Nylock &#8211; Dixon"}]},{"@type":"WebSite","@id":"https:\/\/www.zytho.ca\/fr\/#website","url":"https:\/\/www.zytho.ca\/fr\/","name":"Zytho","description":"","publisher":{"@id":"https:\/\/www.zytho.ca\/fr\/#organization"},"potentialAction":[{"@type":"SearchAction","target":{"@type":"EntryPoint","urlTemplate":"https:\/\/www.zytho.ca\/fr\/?s={search_term_string}"},"query-input":{"@type":"PropertyValueSpecification","valueRequired":true,"valueName":"search_term_string"}}],"inLanguage":"fr-FR"},{"@type":"Organization","@id":"https:\/\/www.zytho.ca\/fr\/#organization","name":"Zytho","url":"https:\/\/www.zytho.ca\/fr\/","logo":{"@type":"ImageObject","inLanguage":"fr-FR","@id":"https:\/\/www.zytho.ca\/fr\/#\/schema\/logo\/image\/","url":"https:\/\/www.zytho.ca\/wp-content\/uploads\/2024\/05\/Zytho_reversed_horizontal.svg","contentUrl":"https:\/\/www.zytho.ca\/wp-content\/uploads\/2024\/05\/Zytho_reversed_horizontal.svg","width":1582,"height":490,"caption":"Zytho"},"image":{"@id":"https:\/\/www.zytho.ca\/fr\/#\/schema\/logo\/image\/"}}]}},"_links":{"self":[{"href":"https:\/\/www.zytho.ca\/fr\/wp-json\/wp\/v2\/product\/14506","targetHints":{"allow":["GET"]}}],"collection":[{"href":"https:\/\/www.zytho.ca\/fr\/wp-json\/wp\/v2\/product"}],"about":[{"href":"https:\/\/www.zytho.ca\/fr\/wp-json\/wp\/v2\/types\/product"}],"wp:featuredmedia":[{"embeddable":true,"href":"https:\/\/www.zytho.ca\/fr\/wp-json\/wp\/v2\/media\/14518"}],"wp:attachment":[{"href":"https:\/\/www.zytho.ca\/fr\/wp-json\/wp\/v2\/media?parent=14506"}],"wp:term":[{"taxonomy":"product_brand","embeddable":true,"href":"https:\/\/www.zytho.ca\/fr\/wp-json\/wp\/v2\/product_brand?post=14506"},{"taxonomy":"product_cat","embeddable":true,"href":"https:\/\/www.zytho.ca\/fr\/wp-json\/wp\/v2\/product_cat?post=14506"},{"taxonomy":"product_tag","embeddable":true,"href":"https:\/\/www.zytho.ca\/fr\/wp-json\/wp\/v2\/product_tag?post=14506"}],"curies":[{"name":"wp","href":"https:\/\/api.w.org\/{rel}","templated":true}]}}