{"id":14505,"date":"2025-10-27T15:55:46","date_gmt":"2025-10-27T15:55:46","guid":{"rendered":"https:\/\/zytho.ca\/product\/manometre-sanitaire-3s-a-trois-pinces-dixon\/"},"modified":"2025-10-30T13:07:47","modified_gmt":"2025-10-30T13:07:47","slug":"manometre-sanitaire-3s-a-trois-pinces-dixon","status":"publish","type":"product","link":"https:\/\/www.zytho.ca\/fr\/produit\/manometre-sanitaire-3s-a-trois-pinces-dixon\/","title":{"rendered":"Manom\u00e8tre sanitaire 3S \u00e0 trois pinces &#8211; Dixon"},"content":{"rendered":"<h6><strong>Avantages :<\/strong><\/h6>\n<ul>\n<li>Capacit\u00e9 standard de remise \u00e0 z\u00e9ro int\u00e9gr\u00e9e \u00e0 l&#8217;aiguille pour des ajustements de pr\u00e9cision am\u00e9lior\u00e9s<\/li>\n<\/ul>\n<h6><strong>D\u00e9tails du produit :<\/strong><\/h6>\n<ul>\n<li>Taille du cadran : 3-1\/2 pouces<\/li>\n<li>Pr\u00e9cision de la mesure : \u00b1 1,5 % de la pleine \u00e9chelle<\/li>\n<li>Capacit\u00e9 de surcharge : Jusqu&#8217;\u00e0 30 % au-del\u00e0 de la plage maximale<\/li>\n<\/ul>\n<h6><strong>Construction :<\/strong><\/h6>\n<ul>\n<li>Composition du bo\u00eetier : Acier inoxydable 304<\/li>\n<li>Mat\u00e9riau de la lentille : Polycarbonate durable<\/li>\n<li>Finition de la surface des composants en contact avec le liquide : Ra maximal de 25 micro-pouces<\/li>\n<li>Composants en contact avec le liquide : Fabriqu\u00e9s en acier inoxydable 316L<\/li>\n<li>Remplissage standard : Glyc\u00e9rine de qualit\u00e9 alimentaire<\/li>\n<\/ul>\n","protected":false},"excerpt":{"rendered":"<h4>Principaux avantages du manom\u00e8tre sanitaire \u00e0 trois pinces 3S pour les brasseurs professionnels<\/h4>\n<ul>\n<li>R\u00e9glages de pr\u00e9cision am\u00e9lior\u00e9s avec la fonction Re-Zero pour des processus de brassage pr\u00e9cis.<\/li>\n<li>La construction durable avec de l&#8217;acier inoxydable 304 et des pi\u00e8ces en contact avec le fluide 316L garantit la long\u00e9vit\u00e9 et la fiabilit\u00e9.<\/li>\n<li>Le remplissage \u00e0 la glyc\u00e9rine de qualit\u00e9 alimentaire et la lentille en polycarbonate robuste garantissent la s\u00e9curit\u00e9 et la clart\u00e9 dans les environnements de brassage exigeants.<\/li>\n<\/ul>\n","protected":false},"featured_media":14507,"template":"","meta":{"_acf_changed":false,"inline_featured_image":false},"product_brand":[740],"product_cat":[736,867,741],"product_tag":[],"class_list":{"0":"post-14505","1":"product","2":"type-product","3":"status-publish","4":"has-post-thumbnail","6":"product_brand-dixon","7":"product_cat-distribution","8":"product_cat-linstrumentation","9":"product_cat-materiel","11":"first","12":"instock","13":"taxable","14":"shipping-taxable","15":"purchasable","16":"product-type-variable"},"acf":[],"yoast_head":"<!-- This site is optimized with the Yoast SEO plugin v27.6 - https:\/\/yoast.com\/product\/yoast-seo-wordpress\/ -->\n<title>3S Sanitary Tri-Clamp Pressure Gauge - Dixon - For Pro Breweries | Zytho<\/title>\n<meta name=\"description\" content=\"Optimisez la pr\u00e9cision de votre brassage avec le manom\u00e8tre sanitaire 3S \u00e0 trois pinces de Dixon. Dot\u00e9 d&#039;une capacit\u00e9 de remise \u00e0 z\u00e9ro et d&#039;un acier inoxydable durable, il est parfait pour les brasseurs professionnels.\" \/>\n<meta name=\"robots\" content=\"index, follow, max-snippet:-1, max-image-preview:large, max-video-preview:-1\" \/>\n<link rel=\"canonical\" href=\"https:\/\/www.zytho.ca\/fr\/produit\/manometre-sanitaire-3s-a-trois-pinces-dixon\/\" \/>\n<meta property=\"og:locale\" content=\"fr_FR\" \/>\n<meta property=\"og:type\" content=\"article\" \/>\n<meta property=\"og:title\" content=\"3S Sanitary Tri-Clamp Pressure Gauge - Dixon - For Pro Breweries | Zytho\" \/>\n<meta property=\"og:description\" content=\"Optimisez la pr\u00e9cision de votre brassage avec le manom\u00e8tre sanitaire 3S \u00e0 trois pinces de Dixon. Dot\u00e9 d&#039;une capacit\u00e9 de remise \u00e0 z\u00e9ro et d&#039;un acier inoxydable durable, il est parfait pour les brasseurs professionnels.\" \/>\n<meta property=\"og:url\" content=\"https:\/\/www.zytho.ca\/fr\/produit\/manometre-sanitaire-3s-a-trois-pinces-dixon\/\" \/>\n<meta property=\"og:site_name\" content=\"Zytho\" \/>\n<meta property=\"article:modified_time\" content=\"2025-10-30T13:07:47+00:00\" \/>\n<meta property=\"og:image\" content=\"https:\/\/www.zytho.ca\/wp-content\/uploads\/2025\/10\/3S-Sanitary-Tri-Clamp-Pressure-Gauge-Dixon.jpg\" \/>\n\t<meta property=\"og:image:width\" content=\"304\" \/>\n\t<meta property=\"og:image:height\" content=\"304\" \/>\n\t<meta property=\"og:image:type\" content=\"image\/jpeg\" \/>\n<meta name=\"twitter:card\" content=\"summary_large_image\" \/>\n<script type=\"application\/ld+json\" class=\"yoast-schema-graph\">{\"@context\":\"https:\\\/\\\/schema.org\",\"@graph\":[{\"@type\":\"WebPage\",\"@id\":\"https:\\\/\\\/www.zytho.ca\\\/fr\\\/produit\\\/manometre-sanitaire-3s-a-trois-pinces-dixon\\\/\",\"url\":\"https:\\\/\\\/www.zytho.ca\\\/fr\\\/produit\\\/manometre-sanitaire-3s-a-trois-pinces-dixon\\\/\",\"name\":\"3S Sanitary Tri-Clamp Pressure Gauge - Dixon - For Pro Breweries | Zytho\",\"isPartOf\":{\"@id\":\"https:\\\/\\\/www.zytho.ca\\\/fr\\\/#website\"},\"primaryImageOfPage\":{\"@id\":\"https:\\\/\\\/www.zytho.ca\\\/fr\\\/produit\\\/manometre-sanitaire-3s-a-trois-pinces-dixon\\\/#primaryimage\"},\"image\":{\"@id\":\"https:\\\/\\\/www.zytho.ca\\\/fr\\\/produit\\\/manometre-sanitaire-3s-a-trois-pinces-dixon\\\/#primaryimage\"},\"thumbnailUrl\":\"https:\\\/\\\/www.zytho.ca\\\/wp-content\\\/uploads\\\/2025\\\/10\\\/3S-Sanitary-Tri-Clamp-Pressure-Gauge-Dixon.jpg\",\"datePublished\":\"2025-10-27T15:55:46+00:00\",\"dateModified\":\"2025-10-30T13:07:47+00:00\",\"description\":\"Optimisez la pr\u00e9cision de votre brassage avec le manom\u00e8tre sanitaire 3S \u00e0 trois pinces de Dixon. Dot\u00e9 d'une capacit\u00e9 de remise \u00e0 z\u00e9ro et d'un acier inoxydable durable, il est parfait pour les brasseurs professionnels.\",\"breadcrumb\":{\"@id\":\"https:\\\/\\\/www.zytho.ca\\\/fr\\\/produit\\\/manometre-sanitaire-3s-a-trois-pinces-dixon\\\/#breadcrumb\"},\"inLanguage\":\"fr-FR\",\"potentialAction\":[{\"@type\":\"ReadAction\",\"target\":[\"https:\\\/\\\/www.zytho.ca\\\/fr\\\/produit\\\/manometre-sanitaire-3s-a-trois-pinces-dixon\\\/\"]}]},{\"@type\":\"ImageObject\",\"inLanguage\":\"fr-FR\",\"@id\":\"https:\\\/\\\/www.zytho.ca\\\/fr\\\/produit\\\/manometre-sanitaire-3s-a-trois-pinces-dixon\\\/#primaryimage\",\"url\":\"https:\\\/\\\/www.zytho.ca\\\/wp-content\\\/uploads\\\/2025\\\/10\\\/3S-Sanitary-Tri-Clamp-Pressure-Gauge-Dixon.jpg\",\"contentUrl\":\"https:\\\/\\\/www.zytho.ca\\\/wp-content\\\/uploads\\\/2025\\\/10\\\/3S-Sanitary-Tri-Clamp-Pressure-Gauge-Dixon.jpg\",\"width\":304,\"height\":304},{\"@type\":\"BreadcrumbList\",\"@id\":\"https:\\\/\\\/www.zytho.ca\\\/fr\\\/produit\\\/manometre-sanitaire-3s-a-trois-pinces-dixon\\\/#breadcrumb\",\"itemListElement\":[{\"@type\":\"ListItem\",\"position\":1,\"name\":\"Accueil\",\"item\":\"https:\\\/\\\/www.zytho.ca\\\/fr\\\/\"},{\"@type\":\"ListItem\",\"position\":2,\"name\":\"Shop\",\"item\":\"https:\\\/\\\/www.zytho.ca\\\/fr\\\/shop\\\/\"},{\"@type\":\"ListItem\",\"position\":3,\"name\":\"Manom\u00e8tre sanitaire 3S \u00e0 trois pinces &#8211; Dixon\"}]},{\"@type\":\"WebSite\",\"@id\":\"https:\\\/\\\/www.zytho.ca\\\/fr\\\/#website\",\"url\":\"https:\\\/\\\/www.zytho.ca\\\/fr\\\/\",\"name\":\"Zytho\",\"description\":\"\",\"publisher\":{\"@id\":\"https:\\\/\\\/www.zytho.ca\\\/fr\\\/#organization\"},\"potentialAction\":[{\"@type\":\"SearchAction\",\"target\":{\"@type\":\"EntryPoint\",\"urlTemplate\":\"https:\\\/\\\/www.zytho.ca\\\/fr\\\/?s={search_term_string}\"},\"query-input\":{\"@type\":\"PropertyValueSpecification\",\"valueRequired\":true,\"valueName\":\"search_term_string\"}}],\"inLanguage\":\"fr-FR\"},{\"@type\":\"Organization\",\"@id\":\"https:\\\/\\\/www.zytho.ca\\\/fr\\\/#organization\",\"name\":\"Zytho\",\"url\":\"https:\\\/\\\/www.zytho.ca\\\/fr\\\/\",\"logo\":{\"@type\":\"ImageObject\",\"inLanguage\":\"fr-FR\",\"@id\":\"https:\\\/\\\/www.zytho.ca\\\/fr\\\/#\\\/schema\\\/logo\\\/image\\\/\",\"url\":\"https:\\\/\\\/www.zytho.ca\\\/wp-content\\\/uploads\\\/2024\\\/05\\\/Zytho_reversed_horizontal.svg\",\"contentUrl\":\"https:\\\/\\\/www.zytho.ca\\\/wp-content\\\/uploads\\\/2024\\\/05\\\/Zytho_reversed_horizontal.svg\",\"width\":1582,\"height\":490,\"caption\":\"Zytho\"},\"image\":{\"@id\":\"https:\\\/\\\/www.zytho.ca\\\/fr\\\/#\\\/schema\\\/logo\\\/image\\\/\"}}]}<\/script>\n<!-- \/ Yoast SEO plugin. -->","yoast_head_json":{"title":"3S Sanitary Tri-Clamp Pressure Gauge - Dixon - For Pro Breweries | Zytho","description":"Optimisez la pr\u00e9cision de votre brassage avec le manom\u00e8tre sanitaire 3S \u00e0 trois pinces de Dixon. Dot\u00e9 d'une capacit\u00e9 de remise \u00e0 z\u00e9ro et d'un acier inoxydable durable, il est parfait pour les brasseurs professionnels.","robots":{"index":"index","follow":"follow","max-snippet":"max-snippet:-1","max-image-preview":"max-image-preview:large","max-video-preview":"max-video-preview:-1"},"canonical":"https:\/\/www.zytho.ca\/fr\/produit\/manometre-sanitaire-3s-a-trois-pinces-dixon\/","og_locale":"fr_FR","og_type":"article","og_title":"3S Sanitary Tri-Clamp Pressure Gauge - Dixon - For Pro Breweries | Zytho","og_description":"Optimisez la pr\u00e9cision de votre brassage avec le manom\u00e8tre sanitaire 3S \u00e0 trois pinces de Dixon. Dot\u00e9 d'une capacit\u00e9 de remise \u00e0 z\u00e9ro et d'un acier inoxydable durable, il est parfait pour les brasseurs professionnels.","og_url":"https:\/\/www.zytho.ca\/fr\/produit\/manometre-sanitaire-3s-a-trois-pinces-dixon\/","og_site_name":"Zytho","article_modified_time":"2025-10-30T13:07:47+00:00","og_image":[{"width":304,"height":304,"url":"https:\/\/www.zytho.ca\/wp-content\/uploads\/2025\/10\/3S-Sanitary-Tri-Clamp-Pressure-Gauge-Dixon.jpg","type":"image\/jpeg"}],"twitter_card":"summary_large_image","schema":{"@context":"https:\/\/schema.org","@graph":[{"@type":"WebPage","@id":"https:\/\/www.zytho.ca\/fr\/produit\/manometre-sanitaire-3s-a-trois-pinces-dixon\/","url":"https:\/\/www.zytho.ca\/fr\/produit\/manometre-sanitaire-3s-a-trois-pinces-dixon\/","name":"3S Sanitary Tri-Clamp Pressure Gauge - Dixon - For Pro Breweries | Zytho","isPartOf":{"@id":"https:\/\/www.zytho.ca\/fr\/#website"},"primaryImageOfPage":{"@id":"https:\/\/www.zytho.ca\/fr\/produit\/manometre-sanitaire-3s-a-trois-pinces-dixon\/#primaryimage"},"image":{"@id":"https:\/\/www.zytho.ca\/fr\/produit\/manometre-sanitaire-3s-a-trois-pinces-dixon\/#primaryimage"},"thumbnailUrl":"https:\/\/www.zytho.ca\/wp-content\/uploads\/2025\/10\/3S-Sanitary-Tri-Clamp-Pressure-Gauge-Dixon.jpg","datePublished":"2025-10-27T15:55:46+00:00","dateModified":"2025-10-30T13:07:47+00:00","description":"Optimisez la pr\u00e9cision de votre brassage avec le manom\u00e8tre sanitaire 3S \u00e0 trois pinces de Dixon. Dot\u00e9 d'une capacit\u00e9 de remise \u00e0 z\u00e9ro et d'un acier inoxydable durable, il est parfait pour les brasseurs professionnels.","breadcrumb":{"@id":"https:\/\/www.zytho.ca\/fr\/produit\/manometre-sanitaire-3s-a-trois-pinces-dixon\/#breadcrumb"},"inLanguage":"fr-FR","potentialAction":[{"@type":"ReadAction","target":["https:\/\/www.zytho.ca\/fr\/produit\/manometre-sanitaire-3s-a-trois-pinces-dixon\/"]}]},{"@type":"ImageObject","inLanguage":"fr-FR","@id":"https:\/\/www.zytho.ca\/fr\/produit\/manometre-sanitaire-3s-a-trois-pinces-dixon\/#primaryimage","url":"https:\/\/www.zytho.ca\/wp-content\/uploads\/2025\/10\/3S-Sanitary-Tri-Clamp-Pressure-Gauge-Dixon.jpg","contentUrl":"https:\/\/www.zytho.ca\/wp-content\/uploads\/2025\/10\/3S-Sanitary-Tri-Clamp-Pressure-Gauge-Dixon.jpg","width":304,"height":304},{"@type":"BreadcrumbList","@id":"https:\/\/www.zytho.ca\/fr\/produit\/manometre-sanitaire-3s-a-trois-pinces-dixon\/#breadcrumb","itemListElement":[{"@type":"ListItem","position":1,"name":"Accueil","item":"https:\/\/www.zytho.ca\/fr\/"},{"@type":"ListItem","position":2,"name":"Shop","item":"https:\/\/www.zytho.ca\/fr\/shop\/"},{"@type":"ListItem","position":3,"name":"Manom\u00e8tre sanitaire 3S \u00e0 trois pinces &#8211; Dixon"}]},{"@type":"WebSite","@id":"https:\/\/www.zytho.ca\/fr\/#website","url":"https:\/\/www.zytho.ca\/fr\/","name":"Zytho","description":"","publisher":{"@id":"https:\/\/www.zytho.ca\/fr\/#organization"},"potentialAction":[{"@type":"SearchAction","target":{"@type":"EntryPoint","urlTemplate":"https:\/\/www.zytho.ca\/fr\/?s={search_term_string}"},"query-input":{"@type":"PropertyValueSpecification","valueRequired":true,"valueName":"search_term_string"}}],"inLanguage":"fr-FR"},{"@type":"Organization","@id":"https:\/\/www.zytho.ca\/fr\/#organization","name":"Zytho","url":"https:\/\/www.zytho.ca\/fr\/","logo":{"@type":"ImageObject","inLanguage":"fr-FR","@id":"https:\/\/www.zytho.ca\/fr\/#\/schema\/logo\/image\/","url":"https:\/\/www.zytho.ca\/wp-content\/uploads\/2024\/05\/Zytho_reversed_horizontal.svg","contentUrl":"https:\/\/www.zytho.ca\/wp-content\/uploads\/2024\/05\/Zytho_reversed_horizontal.svg","width":1582,"height":490,"caption":"Zytho"},"image":{"@id":"https:\/\/www.zytho.ca\/fr\/#\/schema\/logo\/image\/"}}]}},"_links":{"self":[{"href":"https:\/\/www.zytho.ca\/fr\/wp-json\/wp\/v2\/product\/14505","targetHints":{"allow":["GET"]}}],"collection":[{"href":"https:\/\/www.zytho.ca\/fr\/wp-json\/wp\/v2\/product"}],"about":[{"href":"https:\/\/www.zytho.ca\/fr\/wp-json\/wp\/v2\/types\/product"}],"wp:featuredmedia":[{"embeddable":true,"href":"https:\/\/www.zytho.ca\/fr\/wp-json\/wp\/v2\/media\/14507"}],"wp:attachment":[{"href":"https:\/\/www.zytho.ca\/fr\/wp-json\/wp\/v2\/media?parent=14505"}],"wp:term":[{"taxonomy":"product_brand","embeddable":true,"href":"https:\/\/www.zytho.ca\/fr\/wp-json\/wp\/v2\/product_brand?post=14505"},{"taxonomy":"product_cat","embeddable":true,"href":"https:\/\/www.zytho.ca\/fr\/wp-json\/wp\/v2\/product_cat?post=14505"},{"taxonomy":"product_tag","embeddable":true,"href":"https:\/\/www.zytho.ca\/fr\/wp-json\/wp\/v2\/product_tag?post=14505"}],"curies":[{"name":"wp","href":"https:\/\/api.w.org\/{rel}","templated":true}]}}