{"id":14481,"date":"2025-10-27T15:56:00","date_gmt":"2025-10-27T15:56:00","guid":{"rendered":"https:\/\/zytho.ca\/product\/filtres-a-mailles-metalliques-bs-a-corps-long-dixon\/"},"modified":"2025-10-27T15:56:00","modified_gmt":"2025-10-27T15:56:00","slug":"filtres-a-mailles-metalliques-bs-a-corps-long-dixon","status":"publish","type":"product","link":"https:\/\/www.zytho.ca\/fr\/produit\/filtres-a-mailles-metalliques-bs-a-corps-long-dixon\/","title":{"rendered":"Filtres \u00e0 mailles m\u00e9talliques BS \u00e0 corps long &#8211; Dixon"},"content":{"rendered":"<h6><strong>Page de catalogue :<\/strong><\/h6>\n<ul>\n<li><a href=\"https:\/\/www.dixonvalve.com\/sites\/default\/files\/product\/pages\/us\/DPL418%20-%20622.pdf\">DPL418 &#8211; 622<\/a><\/li>\n<\/ul>\n<h6><strong>Avantages<\/strong><\/h6>\n<ul>\n<li>Efficacit\u00e9 de filtration accrue gr\u00e2ce \u00e0 la pr\u00e9cision des taux de microns.<\/li>\n<li>Surface ouverte optimis\u00e9e pour une meilleure circulation des fluides.<\/li>\n<li>Diverses tailles de mailles pour r\u00e9pondre aux diverses exigences des applications.<\/li>\n<li>L&#8217;espacement constant entre les fils garantit des performances fiables.<\/li>\n<li>Construction durable pour une utilisation \u00e0 long terme dans des environnements exigeants.<\/li>\n<\/ul>\n<h6><strong>D\u00e9tails du produit<\/strong><\/h6>\n<table width=\"100%\">\n<tbody>\n<tr>\n<td style=\"width: 18%;\">Maille carr\u00e9e<\/td>\n<td style=\"width: 17%;\">Cote en microns<\/td>\n<td style=\"width: 25.1664%;\">Espace entre les fils<\/td>\n<td style=\"width: 28.8336%;\">Surface ouverte<\/td>\n<\/tr>\n<tr>\n<td style=\"width: 18%;\">20<\/td>\n<td style=\"width: 17%;\">864<\/td>\n<td style=\"width: 25.1664%;\">0.034<\/td>\n<td style=\"width: 28.8336%;\">46.2%<\/td>\n<\/tr>\n<tr>\n<td style=\"width: 18%;\">40<\/td>\n<td style=\"width: 17%;\">381<\/td>\n<td style=\"width: 25.1664%;\">0.015<\/td>\n<td style=\"width: 28.8336%;\">36.0%<\/td>\n<\/tr>\n<tr>\n<td style=\"width: 18%;\">60<\/td>\n<td style=\"width: 17%;\">229<\/td>\n<td style=\"width: 25.1664%;\">0.009<\/td>\n<td style=\"width: 28.8336%;\">30.3%<\/td>\n<\/tr>\n<tr>\n<td style=\"width: 18%;\">80<\/td>\n<td style=\"width: 17%;\">178<\/td>\n<td style=\"width: 25.1664%;\">0.007<\/td>\n<td style=\"width: 28.8336%;\">31.4%<\/td>\n<\/tr>\n<tr>\n<td style=\"width: 18%;\">100<\/td>\n<td style=\"width: 17%;\">140<\/td>\n<td style=\"width: 25.1664%;\">0.006<\/td>\n<td style=\"width: 28.8336%;\">30.3%<\/td>\n<\/tr>\n<\/tbody>\n<\/table>\n","protected":false},"excerpt":{"rendered":"<h4>Principaux avantages des filtres \u00e0 maille m\u00e9tallique BS Long Body pour les brasseurs professionnels<\/h4>\n<ul>\n<li>Am\u00e9liorez votre processus de brassage gr\u00e2ce \u00e0 une efficacit\u00e9 de filtration accrue et \u00e0 des valeurs microniques pr\u00e9cises.<\/li>\n<li>B\u00e9n\u00e9ficiez d&#8217;un d\u00e9bit de fluide sup\u00e9rieur gr\u00e2ce \u00e0 une surface ouverte maximis\u00e9e et \u00e0 une construction robuste.<\/li>\n<li>Choisissez parmi plusieurs tailles de mailles pour r\u00e9pondre parfaitement \u00e0 vos besoins sp\u00e9cifiques en mati\u00e8re de brassage.<\/li>\n<\/ul>\n","protected":false},"featured_media":14494,"template":"","meta":{"_acf_changed":false,"inline_featured_image":false},"product_brand":[740],"product_cat":[736,832,741],"product_tag":[],"class_list":{"0":"post-14481","1":"product","2":"type-product","3":"status-publish","4":"has-post-thumbnail","6":"product_brand-dixon","7":"product_cat-distribution","8":"product_cat-filtres-et-tamis-sanitaires","9":"product_cat-materiel","11":"first","12":"instock","13":"taxable","14":"shipping-taxable","15":"purchasable","16":"product-type-variable"},"acf":[],"yoast_head":"<!-- This site is optimized with the Yoast SEO plugin v27.6 - https:\/\/yoast.com\/product\/yoast-seo-wordpress\/ -->\n<title>Filtres \u00e0 mailles m\u00e9talliques BS Long Body - Dixon - Pour brasseries professionnelles | Zytho<\/title>\n<meta name=\"description\" content=\"D\u00e9couvrez les filtres BS Long Body Wire Cloth Mesh de Dixon, con\u00e7us pour les brasseurs professionnels. Profitez d&#039;une meilleure filtration, d&#039;un d\u00e9bit optimis\u00e9 et d&#039;une construction durable pour les environnements de brassage exigeants.\" \/>\n<meta name=\"robots\" content=\"index, follow, max-snippet:-1, max-image-preview:large, max-video-preview:-1\" \/>\n<link rel=\"canonical\" href=\"https:\/\/www.zytho.ca\/fr\/produit\/filtres-a-mailles-metalliques-bs-a-corps-long-dixon\/\" \/>\n<meta property=\"og:locale\" content=\"fr_FR\" \/>\n<meta property=\"og:type\" content=\"article\" \/>\n<meta property=\"og:title\" content=\"Filtres \u00e0 mailles m\u00e9talliques BS Long Body - Dixon - Pour brasseries professionnelles | Zytho\" \/>\n<meta property=\"og:description\" content=\"D\u00e9couvrez les filtres BS Long Body Wire Cloth Mesh de Dixon, con\u00e7us pour les brasseurs professionnels. Profitez d&#039;une meilleure filtration, d&#039;un d\u00e9bit optimis\u00e9 et d&#039;une construction durable pour les environnements de brassage exigeants.\" \/>\n<meta property=\"og:url\" content=\"https:\/\/www.zytho.ca\/fr\/produit\/filtres-a-mailles-metalliques-bs-a-corps-long-dixon\/\" \/>\n<meta property=\"og:site_name\" content=\"Zytho\" \/>\n<meta property=\"og:image\" content=\"https:\/\/www.zytho.ca\/wp-content\/uploads\/2025\/10\/BS-Long-Body-Wire-Cloth-Mesh-Filters-Dixon.jpg\" \/>\n\t<meta property=\"og:image:width\" content=\"560\" \/>\n\t<meta property=\"og:image:height\" content=\"560\" \/>\n\t<meta property=\"og:image:type\" content=\"image\/jpeg\" \/>\n<meta name=\"twitter:card\" content=\"summary_large_image\" \/>\n<script type=\"application\/ld+json\" class=\"yoast-schema-graph\">{\"@context\":\"https:\\\/\\\/schema.org\",\"@graph\":[{\"@type\":\"WebPage\",\"@id\":\"https:\\\/\\\/www.zytho.ca\\\/fr\\\/produit\\\/filtres-a-mailles-metalliques-bs-a-corps-long-dixon\\\/\",\"url\":\"https:\\\/\\\/www.zytho.ca\\\/fr\\\/produit\\\/filtres-a-mailles-metalliques-bs-a-corps-long-dixon\\\/\",\"name\":\"Filtres \u00e0 mailles m\u00e9talliques BS Long Body - Dixon - Pour brasseries professionnelles | Zytho\",\"isPartOf\":{\"@id\":\"https:\\\/\\\/www.zytho.ca\\\/fr\\\/#website\"},\"primaryImageOfPage\":{\"@id\":\"https:\\\/\\\/www.zytho.ca\\\/fr\\\/produit\\\/filtres-a-mailles-metalliques-bs-a-corps-long-dixon\\\/#primaryimage\"},\"image\":{\"@id\":\"https:\\\/\\\/www.zytho.ca\\\/fr\\\/produit\\\/filtres-a-mailles-metalliques-bs-a-corps-long-dixon\\\/#primaryimage\"},\"thumbnailUrl\":\"https:\\\/\\\/www.zytho.ca\\\/wp-content\\\/uploads\\\/2025\\\/10\\\/BS-Long-Body-Wire-Cloth-Mesh-Filters-Dixon.jpg\",\"datePublished\":\"2025-10-27T15:56:00+00:00\",\"description\":\"D\u00e9couvrez les filtres BS Long Body Wire Cloth Mesh de Dixon, con\u00e7us pour les brasseurs professionnels. Profitez d'une meilleure filtration, d'un d\u00e9bit optimis\u00e9 et d'une construction durable pour les environnements de brassage exigeants.\",\"breadcrumb\":{\"@id\":\"https:\\\/\\\/www.zytho.ca\\\/fr\\\/produit\\\/filtres-a-mailles-metalliques-bs-a-corps-long-dixon\\\/#breadcrumb\"},\"inLanguage\":\"fr-FR\",\"potentialAction\":[{\"@type\":\"ReadAction\",\"target\":[\"https:\\\/\\\/www.zytho.ca\\\/fr\\\/produit\\\/filtres-a-mailles-metalliques-bs-a-corps-long-dixon\\\/\"]}]},{\"@type\":\"ImageObject\",\"inLanguage\":\"fr-FR\",\"@id\":\"https:\\\/\\\/www.zytho.ca\\\/fr\\\/produit\\\/filtres-a-mailles-metalliques-bs-a-corps-long-dixon\\\/#primaryimage\",\"url\":\"https:\\\/\\\/www.zytho.ca\\\/wp-content\\\/uploads\\\/2025\\\/10\\\/BS-Long-Body-Wire-Cloth-Mesh-Filters-Dixon.jpg\",\"contentUrl\":\"https:\\\/\\\/www.zytho.ca\\\/wp-content\\\/uploads\\\/2025\\\/10\\\/BS-Long-Body-Wire-Cloth-Mesh-Filters-Dixon.jpg\",\"width\":560,\"height\":560},{\"@type\":\"BreadcrumbList\",\"@id\":\"https:\\\/\\\/www.zytho.ca\\\/fr\\\/produit\\\/filtres-a-mailles-metalliques-bs-a-corps-long-dixon\\\/#breadcrumb\",\"itemListElement\":[{\"@type\":\"ListItem\",\"position\":1,\"name\":\"Accueil\",\"item\":\"https:\\\/\\\/www.zytho.ca\\\/fr\\\/\"},{\"@type\":\"ListItem\",\"position\":2,\"name\":\"Shop\",\"item\":\"https:\\\/\\\/www.zytho.ca\\\/fr\\\/shop\\\/\"},{\"@type\":\"ListItem\",\"position\":3,\"name\":\"Filtres \u00e0 mailles m\u00e9talliques BS \u00e0 corps long &#8211; Dixon\"}]},{\"@type\":\"WebSite\",\"@id\":\"https:\\\/\\\/www.zytho.ca\\\/fr\\\/#website\",\"url\":\"https:\\\/\\\/www.zytho.ca\\\/fr\\\/\",\"name\":\"Zytho\",\"description\":\"\",\"publisher\":{\"@id\":\"https:\\\/\\\/www.zytho.ca\\\/fr\\\/#organization\"},\"potentialAction\":[{\"@type\":\"SearchAction\",\"target\":{\"@type\":\"EntryPoint\",\"urlTemplate\":\"https:\\\/\\\/www.zytho.ca\\\/fr\\\/?s={search_term_string}\"},\"query-input\":{\"@type\":\"PropertyValueSpecification\",\"valueRequired\":true,\"valueName\":\"search_term_string\"}}],\"inLanguage\":\"fr-FR\"},{\"@type\":\"Organization\",\"@id\":\"https:\\\/\\\/www.zytho.ca\\\/fr\\\/#organization\",\"name\":\"Zytho\",\"url\":\"https:\\\/\\\/www.zytho.ca\\\/fr\\\/\",\"logo\":{\"@type\":\"ImageObject\",\"inLanguage\":\"fr-FR\",\"@id\":\"https:\\\/\\\/www.zytho.ca\\\/fr\\\/#\\\/schema\\\/logo\\\/image\\\/\",\"url\":\"https:\\\/\\\/www.zytho.ca\\\/wp-content\\\/uploads\\\/2024\\\/05\\\/Zytho_reversed_horizontal.svg\",\"contentUrl\":\"https:\\\/\\\/www.zytho.ca\\\/wp-content\\\/uploads\\\/2024\\\/05\\\/Zytho_reversed_horizontal.svg\",\"width\":1582,\"height\":490,\"caption\":\"Zytho\"},\"image\":{\"@id\":\"https:\\\/\\\/www.zytho.ca\\\/fr\\\/#\\\/schema\\\/logo\\\/image\\\/\"}}]}<\/script>\n<!-- \/ Yoast SEO plugin. -->","yoast_head_json":{"title":"Filtres \u00e0 mailles m\u00e9talliques BS Long Body - Dixon - Pour brasseries professionnelles | Zytho","description":"D\u00e9couvrez les filtres BS Long Body Wire Cloth Mesh de Dixon, con\u00e7us pour les brasseurs professionnels. Profitez d'une meilleure filtration, d'un d\u00e9bit optimis\u00e9 et d'une construction durable pour les environnements de brassage exigeants.","robots":{"index":"index","follow":"follow","max-snippet":"max-snippet:-1","max-image-preview":"max-image-preview:large","max-video-preview":"max-video-preview:-1"},"canonical":"https:\/\/www.zytho.ca\/fr\/produit\/filtres-a-mailles-metalliques-bs-a-corps-long-dixon\/","og_locale":"fr_FR","og_type":"article","og_title":"Filtres \u00e0 mailles m\u00e9talliques BS Long Body - Dixon - Pour brasseries professionnelles | Zytho","og_description":"D\u00e9couvrez les filtres BS Long Body Wire Cloth Mesh de Dixon, con\u00e7us pour les brasseurs professionnels. Profitez d'une meilleure filtration, d'un d\u00e9bit optimis\u00e9 et d'une construction durable pour les environnements de brassage exigeants.","og_url":"https:\/\/www.zytho.ca\/fr\/produit\/filtres-a-mailles-metalliques-bs-a-corps-long-dixon\/","og_site_name":"Zytho","og_image":[{"width":560,"height":560,"url":"https:\/\/www.zytho.ca\/wp-content\/uploads\/2025\/10\/BS-Long-Body-Wire-Cloth-Mesh-Filters-Dixon.jpg","type":"image\/jpeg"}],"twitter_card":"summary_large_image","schema":{"@context":"https:\/\/schema.org","@graph":[{"@type":"WebPage","@id":"https:\/\/www.zytho.ca\/fr\/produit\/filtres-a-mailles-metalliques-bs-a-corps-long-dixon\/","url":"https:\/\/www.zytho.ca\/fr\/produit\/filtres-a-mailles-metalliques-bs-a-corps-long-dixon\/","name":"Filtres \u00e0 mailles m\u00e9talliques BS Long Body - Dixon - Pour brasseries professionnelles | Zytho","isPartOf":{"@id":"https:\/\/www.zytho.ca\/fr\/#website"},"primaryImageOfPage":{"@id":"https:\/\/www.zytho.ca\/fr\/produit\/filtres-a-mailles-metalliques-bs-a-corps-long-dixon\/#primaryimage"},"image":{"@id":"https:\/\/www.zytho.ca\/fr\/produit\/filtres-a-mailles-metalliques-bs-a-corps-long-dixon\/#primaryimage"},"thumbnailUrl":"https:\/\/www.zytho.ca\/wp-content\/uploads\/2025\/10\/BS-Long-Body-Wire-Cloth-Mesh-Filters-Dixon.jpg","datePublished":"2025-10-27T15:56:00+00:00","description":"D\u00e9couvrez les filtres BS Long Body Wire Cloth Mesh de Dixon, con\u00e7us pour les brasseurs professionnels. Profitez d'une meilleure filtration, d'un d\u00e9bit optimis\u00e9 et d'une construction durable pour les environnements de brassage exigeants.","breadcrumb":{"@id":"https:\/\/www.zytho.ca\/fr\/produit\/filtres-a-mailles-metalliques-bs-a-corps-long-dixon\/#breadcrumb"},"inLanguage":"fr-FR","potentialAction":[{"@type":"ReadAction","target":["https:\/\/www.zytho.ca\/fr\/produit\/filtres-a-mailles-metalliques-bs-a-corps-long-dixon\/"]}]},{"@type":"ImageObject","inLanguage":"fr-FR","@id":"https:\/\/www.zytho.ca\/fr\/produit\/filtres-a-mailles-metalliques-bs-a-corps-long-dixon\/#primaryimage","url":"https:\/\/www.zytho.ca\/wp-content\/uploads\/2025\/10\/BS-Long-Body-Wire-Cloth-Mesh-Filters-Dixon.jpg","contentUrl":"https:\/\/www.zytho.ca\/wp-content\/uploads\/2025\/10\/BS-Long-Body-Wire-Cloth-Mesh-Filters-Dixon.jpg","width":560,"height":560},{"@type":"BreadcrumbList","@id":"https:\/\/www.zytho.ca\/fr\/produit\/filtres-a-mailles-metalliques-bs-a-corps-long-dixon\/#breadcrumb","itemListElement":[{"@type":"ListItem","position":1,"name":"Accueil","item":"https:\/\/www.zytho.ca\/fr\/"},{"@type":"ListItem","position":2,"name":"Shop","item":"https:\/\/www.zytho.ca\/fr\/shop\/"},{"@type":"ListItem","position":3,"name":"Filtres \u00e0 mailles m\u00e9talliques BS \u00e0 corps long &#8211; Dixon"}]},{"@type":"WebSite","@id":"https:\/\/www.zytho.ca\/fr\/#website","url":"https:\/\/www.zytho.ca\/fr\/","name":"Zytho","description":"","publisher":{"@id":"https:\/\/www.zytho.ca\/fr\/#organization"},"potentialAction":[{"@type":"SearchAction","target":{"@type":"EntryPoint","urlTemplate":"https:\/\/www.zytho.ca\/fr\/?s={search_term_string}"},"query-input":{"@type":"PropertyValueSpecification","valueRequired":true,"valueName":"search_term_string"}}],"inLanguage":"fr-FR"},{"@type":"Organization","@id":"https:\/\/www.zytho.ca\/fr\/#organization","name":"Zytho","url":"https:\/\/www.zytho.ca\/fr\/","logo":{"@type":"ImageObject","inLanguage":"fr-FR","@id":"https:\/\/www.zytho.ca\/fr\/#\/schema\/logo\/image\/","url":"https:\/\/www.zytho.ca\/wp-content\/uploads\/2024\/05\/Zytho_reversed_horizontal.svg","contentUrl":"https:\/\/www.zytho.ca\/wp-content\/uploads\/2024\/05\/Zytho_reversed_horizontal.svg","width":1582,"height":490,"caption":"Zytho"},"image":{"@id":"https:\/\/www.zytho.ca\/fr\/#\/schema\/logo\/image\/"}}]}},"_links":{"self":[{"href":"https:\/\/www.zytho.ca\/fr\/wp-json\/wp\/v2\/product\/14481","targetHints":{"allow":["GET"]}}],"collection":[{"href":"https:\/\/www.zytho.ca\/fr\/wp-json\/wp\/v2\/product"}],"about":[{"href":"https:\/\/www.zytho.ca\/fr\/wp-json\/wp\/v2\/types\/product"}],"wp:featuredmedia":[{"embeddable":true,"href":"https:\/\/www.zytho.ca\/fr\/wp-json\/wp\/v2\/media\/14494"}],"wp:attachment":[{"href":"https:\/\/www.zytho.ca\/fr\/wp-json\/wp\/v2\/media?parent=14481"}],"wp:term":[{"taxonomy":"product_brand","embeddable":true,"href":"https:\/\/www.zytho.ca\/fr\/wp-json\/wp\/v2\/product_brand?post=14481"},{"taxonomy":"product_cat","embeddable":true,"href":"https:\/\/www.zytho.ca\/fr\/wp-json\/wp\/v2\/product_cat?post=14481"},{"taxonomy":"product_tag","embeddable":true,"href":"https:\/\/www.zytho.ca\/fr\/wp-json\/wp\/v2\/product_tag?post=14481"}],"curies":[{"name":"wp","href":"https:\/\/api.w.org\/{rel}","templated":true}]}}