{"id":14480,"date":"2025-10-27T15:55:48","date_gmt":"2025-10-27T15:55:48","guid":{"rendered":"https:\/\/zytho.ca\/product\/brides-a-paroi-b25-dixon\/"},"modified":"2025-11-07T12:32:19","modified_gmt":"2025-11-07T12:32:19","slug":"brides-a-paroi-b25-dixon","status":"publish","type":"product","link":"https:\/\/www.zytho.ca\/fr\/produit\/brides-a-paroi-b25-dixon\/","title":{"rendered":"Brides \u00e0 paroi B25 &#8211; Dixon"},"content":{"rendered":"<p>Brides \u00e0 paroi B25 &#8211; Dixon<\/p>\n","protected":false},"excerpt":{"rendered":"<h4>Principaux avantages des brides \u00e0 paroi B25 &#8211; Dixon pour les brasseurs professionnels<\/h4>\n<ul>\n<li>Assure des connexions s\u00fbres et fiables pour l&#8217;\u00e9quipement de brassage.<\/li>\n<li>Construit avec des mat\u00e9riaux durables pour r\u00e9sister aux processus de brassage rigoureux.<\/li>\n<li>Facilit\u00e9 d&#8217;installation et d&#8217;entretien, am\u00e9lioration de l&#8217;efficacit\u00e9 op\u00e9rationnelle.<\/li>\n<\/ul>\n","protected":false},"featured_media":14482,"template":"","meta":{"_acf_changed":false,"inline_featured_image":false},"product_brand":[740],"product_cat":[736,741,749],"product_tag":[],"class_list":{"0":"post-14480","1":"product","2":"type-product","3":"status-publish","4":"has-post-thumbnail","6":"product_brand-dixon","7":"product_cat-distribution","8":"product_cat-materiel","9":"product_cat-quincaillerie-industrielle","11":"first","12":"instock","13":"taxable","14":"shipping-taxable","15":"purchasable","16":"product-type-variable"},"acf":[],"yoast_head":"<!-- This site is optimized with the Yoast SEO plugin v27.6 - https:\/\/yoast.com\/product\/yoast-seo-wordpress\/ -->\n<title>Brides de paroi B25 - Dixon - Pour brasseries professionnelles | Zytho<\/title>\n<meta name=\"description\" content=\"D\u00e9couvrez les brides murales B25 de Dixon, con\u00e7ues pour les brasseurs professionnels \u00e0 la recherche de solutions fiables et durables pour leurs syst\u00e8mes de brassage. Am\u00e9liorez l&#039;efficacit\u00e9 de votre brasserie d\u00e8s aujourd&#039;hui !\" \/>\n<meta name=\"robots\" content=\"index, follow, max-snippet:-1, max-image-preview:large, max-video-preview:-1\" \/>\n<link rel=\"canonical\" href=\"https:\/\/www.zytho.ca\/fr\/produit\/brides-a-paroi-b25-dixon\/\" \/>\n<meta property=\"og:locale\" content=\"fr_FR\" \/>\n<meta property=\"og:type\" content=\"article\" \/>\n<meta property=\"og:title\" content=\"Brides de paroi B25 - Dixon - Pour brasseries professionnelles | Zytho\" \/>\n<meta property=\"og:description\" content=\"D\u00e9couvrez les brides murales B25 de Dixon, con\u00e7ues pour les brasseurs professionnels \u00e0 la recherche de solutions fiables et durables pour leurs syst\u00e8mes de brassage. Am\u00e9liorez l&#039;efficacit\u00e9 de votre brasserie d\u00e8s aujourd&#039;hui !\" \/>\n<meta property=\"og:url\" content=\"https:\/\/www.zytho.ca\/fr\/produit\/brides-a-paroi-b25-dixon\/\" \/>\n<meta property=\"og:site_name\" content=\"Zytho\" \/>\n<meta property=\"article:modified_time\" content=\"2025-11-07T12:32:19+00:00\" \/>\n<meta property=\"og:image\" content=\"https:\/\/www.zytho.ca\/wp-content\/uploads\/2025\/10\/B25-Wall-Flanges-Dixon.jpg\" \/>\n\t<meta property=\"og:image:width\" content=\"300\" \/>\n\t<meta property=\"og:image:height\" content=\"300\" \/>\n\t<meta property=\"og:image:type\" content=\"image\/jpeg\" \/>\n<meta name=\"twitter:card\" content=\"summary_large_image\" \/>\n<script type=\"application\/ld+json\" class=\"yoast-schema-graph\">{\"@context\":\"https:\\\/\\\/schema.org\",\"@graph\":[{\"@type\":\"WebPage\",\"@id\":\"https:\\\/\\\/www.zytho.ca\\\/fr\\\/produit\\\/brides-a-paroi-b25-dixon\\\/\",\"url\":\"https:\\\/\\\/www.zytho.ca\\\/fr\\\/produit\\\/brides-a-paroi-b25-dixon\\\/\",\"name\":\"Brides de paroi B25 - Dixon - Pour brasseries professionnelles | Zytho\",\"isPartOf\":{\"@id\":\"https:\\\/\\\/www.zytho.ca\\\/fr\\\/#website\"},\"primaryImageOfPage\":{\"@id\":\"https:\\\/\\\/www.zytho.ca\\\/fr\\\/produit\\\/brides-a-paroi-b25-dixon\\\/#primaryimage\"},\"image\":{\"@id\":\"https:\\\/\\\/www.zytho.ca\\\/fr\\\/produit\\\/brides-a-paroi-b25-dixon\\\/#primaryimage\"},\"thumbnailUrl\":\"https:\\\/\\\/www.zytho.ca\\\/wp-content\\\/uploads\\\/2025\\\/10\\\/B25-Wall-Flanges-Dixon.jpg\",\"datePublished\":\"2025-10-27T15:55:48+00:00\",\"dateModified\":\"2025-11-07T12:32:19+00:00\",\"description\":\"D\u00e9couvrez les brides murales B25 de Dixon, con\u00e7ues pour les brasseurs professionnels \u00e0 la recherche de solutions fiables et durables pour leurs syst\u00e8mes de brassage. Am\u00e9liorez l'efficacit\u00e9 de votre brasserie d\u00e8s aujourd'hui !\",\"breadcrumb\":{\"@id\":\"https:\\\/\\\/www.zytho.ca\\\/fr\\\/produit\\\/brides-a-paroi-b25-dixon\\\/#breadcrumb\"},\"inLanguage\":\"fr-FR\",\"potentialAction\":[{\"@type\":\"ReadAction\",\"target\":[\"https:\\\/\\\/www.zytho.ca\\\/fr\\\/produit\\\/brides-a-paroi-b25-dixon\\\/\"]}]},{\"@type\":\"ImageObject\",\"inLanguage\":\"fr-FR\",\"@id\":\"https:\\\/\\\/www.zytho.ca\\\/fr\\\/produit\\\/brides-a-paroi-b25-dixon\\\/#primaryimage\",\"url\":\"https:\\\/\\\/www.zytho.ca\\\/wp-content\\\/uploads\\\/2025\\\/10\\\/B25-Wall-Flanges-Dixon.jpg\",\"contentUrl\":\"https:\\\/\\\/www.zytho.ca\\\/wp-content\\\/uploads\\\/2025\\\/10\\\/B25-Wall-Flanges-Dixon.jpg\",\"width\":300,\"height\":300},{\"@type\":\"BreadcrumbList\",\"@id\":\"https:\\\/\\\/www.zytho.ca\\\/fr\\\/produit\\\/brides-a-paroi-b25-dixon\\\/#breadcrumb\",\"itemListElement\":[{\"@type\":\"ListItem\",\"position\":1,\"name\":\"Accueil\",\"item\":\"https:\\\/\\\/www.zytho.ca\\\/fr\\\/\"},{\"@type\":\"ListItem\",\"position\":2,\"name\":\"Shop\",\"item\":\"https:\\\/\\\/www.zytho.ca\\\/fr\\\/shop\\\/\"},{\"@type\":\"ListItem\",\"position\":3,\"name\":\"Brides \u00e0 paroi B25 &#8211; Dixon\"}]},{\"@type\":\"WebSite\",\"@id\":\"https:\\\/\\\/www.zytho.ca\\\/fr\\\/#website\",\"url\":\"https:\\\/\\\/www.zytho.ca\\\/fr\\\/\",\"name\":\"Zytho\",\"description\":\"\",\"publisher\":{\"@id\":\"https:\\\/\\\/www.zytho.ca\\\/fr\\\/#organization\"},\"potentialAction\":[{\"@type\":\"SearchAction\",\"target\":{\"@type\":\"EntryPoint\",\"urlTemplate\":\"https:\\\/\\\/www.zytho.ca\\\/fr\\\/?s={search_term_string}\"},\"query-input\":{\"@type\":\"PropertyValueSpecification\",\"valueRequired\":true,\"valueName\":\"search_term_string\"}}],\"inLanguage\":\"fr-FR\"},{\"@type\":\"Organization\",\"@id\":\"https:\\\/\\\/www.zytho.ca\\\/fr\\\/#organization\",\"name\":\"Zytho\",\"url\":\"https:\\\/\\\/www.zytho.ca\\\/fr\\\/\",\"logo\":{\"@type\":\"ImageObject\",\"inLanguage\":\"fr-FR\",\"@id\":\"https:\\\/\\\/www.zytho.ca\\\/fr\\\/#\\\/schema\\\/logo\\\/image\\\/\",\"url\":\"https:\\\/\\\/www.zytho.ca\\\/wp-content\\\/uploads\\\/2024\\\/05\\\/Zytho_reversed_horizontal.svg\",\"contentUrl\":\"https:\\\/\\\/www.zytho.ca\\\/wp-content\\\/uploads\\\/2024\\\/05\\\/Zytho_reversed_horizontal.svg\",\"width\":1582,\"height\":490,\"caption\":\"Zytho\"},\"image\":{\"@id\":\"https:\\\/\\\/www.zytho.ca\\\/fr\\\/#\\\/schema\\\/logo\\\/image\\\/\"}}]}<\/script>\n<!-- \/ Yoast SEO plugin. -->","yoast_head_json":{"title":"Brides de paroi B25 - Dixon - Pour brasseries professionnelles | Zytho","description":"D\u00e9couvrez les brides murales B25 de Dixon, con\u00e7ues pour les brasseurs professionnels \u00e0 la recherche de solutions fiables et durables pour leurs syst\u00e8mes de brassage. Am\u00e9liorez l'efficacit\u00e9 de votre brasserie d\u00e8s aujourd'hui !","robots":{"index":"index","follow":"follow","max-snippet":"max-snippet:-1","max-image-preview":"max-image-preview:large","max-video-preview":"max-video-preview:-1"},"canonical":"https:\/\/www.zytho.ca\/fr\/produit\/brides-a-paroi-b25-dixon\/","og_locale":"fr_FR","og_type":"article","og_title":"Brides de paroi B25 - Dixon - Pour brasseries professionnelles | Zytho","og_description":"D\u00e9couvrez les brides murales B25 de Dixon, con\u00e7ues pour les brasseurs professionnels \u00e0 la recherche de solutions fiables et durables pour leurs syst\u00e8mes de brassage. Am\u00e9liorez l'efficacit\u00e9 de votre brasserie d\u00e8s aujourd'hui !","og_url":"https:\/\/www.zytho.ca\/fr\/produit\/brides-a-paroi-b25-dixon\/","og_site_name":"Zytho","article_modified_time":"2025-11-07T12:32:19+00:00","og_image":[{"width":300,"height":300,"url":"https:\/\/www.zytho.ca\/wp-content\/uploads\/2025\/10\/B25-Wall-Flanges-Dixon.jpg","type":"image\/jpeg"}],"twitter_card":"summary_large_image","schema":{"@context":"https:\/\/schema.org","@graph":[{"@type":"WebPage","@id":"https:\/\/www.zytho.ca\/fr\/produit\/brides-a-paroi-b25-dixon\/","url":"https:\/\/www.zytho.ca\/fr\/produit\/brides-a-paroi-b25-dixon\/","name":"Brides de paroi B25 - Dixon - Pour brasseries professionnelles | Zytho","isPartOf":{"@id":"https:\/\/www.zytho.ca\/fr\/#website"},"primaryImageOfPage":{"@id":"https:\/\/www.zytho.ca\/fr\/produit\/brides-a-paroi-b25-dixon\/#primaryimage"},"image":{"@id":"https:\/\/www.zytho.ca\/fr\/produit\/brides-a-paroi-b25-dixon\/#primaryimage"},"thumbnailUrl":"https:\/\/www.zytho.ca\/wp-content\/uploads\/2025\/10\/B25-Wall-Flanges-Dixon.jpg","datePublished":"2025-10-27T15:55:48+00:00","dateModified":"2025-11-07T12:32:19+00:00","description":"D\u00e9couvrez les brides murales B25 de Dixon, con\u00e7ues pour les brasseurs professionnels \u00e0 la recherche de solutions fiables et durables pour leurs syst\u00e8mes de brassage. Am\u00e9liorez l'efficacit\u00e9 de votre brasserie d\u00e8s aujourd'hui !","breadcrumb":{"@id":"https:\/\/www.zytho.ca\/fr\/produit\/brides-a-paroi-b25-dixon\/#breadcrumb"},"inLanguage":"fr-FR","potentialAction":[{"@type":"ReadAction","target":["https:\/\/www.zytho.ca\/fr\/produit\/brides-a-paroi-b25-dixon\/"]}]},{"@type":"ImageObject","inLanguage":"fr-FR","@id":"https:\/\/www.zytho.ca\/fr\/produit\/brides-a-paroi-b25-dixon\/#primaryimage","url":"https:\/\/www.zytho.ca\/wp-content\/uploads\/2025\/10\/B25-Wall-Flanges-Dixon.jpg","contentUrl":"https:\/\/www.zytho.ca\/wp-content\/uploads\/2025\/10\/B25-Wall-Flanges-Dixon.jpg","width":300,"height":300},{"@type":"BreadcrumbList","@id":"https:\/\/www.zytho.ca\/fr\/produit\/brides-a-paroi-b25-dixon\/#breadcrumb","itemListElement":[{"@type":"ListItem","position":1,"name":"Accueil","item":"https:\/\/www.zytho.ca\/fr\/"},{"@type":"ListItem","position":2,"name":"Shop","item":"https:\/\/www.zytho.ca\/fr\/shop\/"},{"@type":"ListItem","position":3,"name":"Brides \u00e0 paroi B25 &#8211; Dixon"}]},{"@type":"WebSite","@id":"https:\/\/www.zytho.ca\/fr\/#website","url":"https:\/\/www.zytho.ca\/fr\/","name":"Zytho","description":"","publisher":{"@id":"https:\/\/www.zytho.ca\/fr\/#organization"},"potentialAction":[{"@type":"SearchAction","target":{"@type":"EntryPoint","urlTemplate":"https:\/\/www.zytho.ca\/fr\/?s={search_term_string}"},"query-input":{"@type":"PropertyValueSpecification","valueRequired":true,"valueName":"search_term_string"}}],"inLanguage":"fr-FR"},{"@type":"Organization","@id":"https:\/\/www.zytho.ca\/fr\/#organization","name":"Zytho","url":"https:\/\/www.zytho.ca\/fr\/","logo":{"@type":"ImageObject","inLanguage":"fr-FR","@id":"https:\/\/www.zytho.ca\/fr\/#\/schema\/logo\/image\/","url":"https:\/\/www.zytho.ca\/wp-content\/uploads\/2024\/05\/Zytho_reversed_horizontal.svg","contentUrl":"https:\/\/www.zytho.ca\/wp-content\/uploads\/2024\/05\/Zytho_reversed_horizontal.svg","width":1582,"height":490,"caption":"Zytho"},"image":{"@id":"https:\/\/www.zytho.ca\/fr\/#\/schema\/logo\/image\/"}}]}},"_links":{"self":[{"href":"https:\/\/www.zytho.ca\/fr\/wp-json\/wp\/v2\/product\/14480","targetHints":{"allow":["GET"]}}],"collection":[{"href":"https:\/\/www.zytho.ca\/fr\/wp-json\/wp\/v2\/product"}],"about":[{"href":"https:\/\/www.zytho.ca\/fr\/wp-json\/wp\/v2\/types\/product"}],"wp:featuredmedia":[{"embeddable":true,"href":"https:\/\/www.zytho.ca\/fr\/wp-json\/wp\/v2\/media\/14482"}],"wp:attachment":[{"href":"https:\/\/www.zytho.ca\/fr\/wp-json\/wp\/v2\/media?parent=14480"}],"wp:term":[{"taxonomy":"product_brand","embeddable":true,"href":"https:\/\/www.zytho.ca\/fr\/wp-json\/wp\/v2\/product_brand?post=14480"},{"taxonomy":"product_cat","embeddable":true,"href":"https:\/\/www.zytho.ca\/fr\/wp-json\/wp\/v2\/product_cat?post=14480"},{"taxonomy":"product_tag","embeddable":true,"href":"https:\/\/www.zytho.ca\/fr\/wp-json\/wp\/v2\/product_tag?post=14480"}],"curies":[{"name":"wp","href":"https:\/\/api.w.org\/{rel}","templated":true}]}}