{"id":14453,"date":"2025-10-27T15:56:00","date_gmt":"2025-10-27T15:56:00","guid":{"rendered":"https:\/\/zytho.ca\/product\/filtres-a-tamis-a-corps-court-bf30-dixon\/"},"modified":"2025-10-27T15:56:00","modified_gmt":"2025-10-27T15:56:00","slug":"filtres-a-tamis-a-corps-court-bf30-dixon","status":"publish","type":"product","link":"https:\/\/www.zytho.ca\/fr\/produit\/filtres-a-tamis-a-corps-court-bf30-dixon\/","title":{"rendered":"Filtres \u00e0 tamis \u00e0 corps court BF30 &#8211; Dixon"},"content":{"rendered":"<h6><strong>Avantages :<\/strong><\/h6>\n<ul>\n<li>Assure la compatibilit\u00e9 avec une vari\u00e9t\u00e9 de milieux filtrants, qui sont disponibles sur commande sp\u00e9ciale et n\u00e9cessitent le respect de quantit\u00e9s minimales.<\/li>\n<li>Con\u00e7u pour accueillir des filtres avec un anneau de retenue pour une installation s\u00e9curis\u00e9e.<\/li>\n<\/ul>\n<h6><strong>D\u00e9tails du produit :<\/strong><\/h6>\n<ul>\n<li>Les milieux filtrants ne sont pas inclus dans l&#8217;unit\u00e9 de base et doivent \u00eatre command\u00e9s s\u00e9par\u00e9ment.<\/li>\n<\/ul>\n<h6><strong>Page de catalogue :<\/strong><\/h6>\n<ul>\n<li><a href=\"https:\/\/www.dixonvalve.com\/sites\/default\/files\/product\/pages\/us\/DPL418%20-%20622.pdf\">DPL418 &#8211; 622<\/a><\/li>\n<\/ul>\n<table width=\"100%\">\n<tbody>\n<tr>\n<td style=\"width: 39%;\">Type de produit<\/td>\n<td style=\"width: 27.1664%;\">Micron<\/td>\n<td style=\"width: 27.8336%;\">Code de la pi\u00e8ce Pr\u00e9fixe<\/td>\n<\/tr>\n<tr>\n<td style=\"width: 39%;\">Rayon, Non-tiss\u00e9 Couture coll\u00e9e<\/td>\n<td style=\"width: 27.1664%;\">38<\/td>\n<td style=\"width: 27.8336%;\">BF30A<\/td>\n<\/tr>\n<tr>\n<td style=\"width: 39%;\">Coton, flanelle tiss\u00e9e<\/td>\n<td style=\"width: 27.1664%;\">513<\/td>\n<td style=\"width: 27.8336%;\">BF30B<\/td>\n<\/tr>\n<tr>\n<td style=\"width: 39%;\">Coton, toile \u00e0 fromage<\/td>\n<td style=\"width: 27.1664%;\">300<\/td>\n<td style=\"width: 27.8336%;\">BF30C<\/td>\n<\/tr>\n<tr>\n<td style=\"width: 39%;\">Nylon, 26\/29 Maille<\/td>\n<td style=\"width: 27.1664%;\">765<\/td>\n<td style=\"width: 27.8336%;\">BF30D<\/td>\n<\/tr>\n<tr>\n<td style=\"width: 39%;\">Rayon, Non-tiss\u00e9<\/td>\n<td style=\"width: 27.1664%;\">40<\/td>\n<td style=\"width: 27.8336%;\">BF30E<\/td>\n<\/tr>\n<tr>\n<td style=\"width: 39%;\">Nylon, tiss\u00e9 40 Mesh<\/td>\n<td style=\"width: 27.1664%;\">420<\/td>\n<td style=\"width: 27.8336%;\">BF30G<\/td>\n<\/tr>\n<\/tbody>\n<\/table>\n","protected":false},"excerpt":{"rendered":"<h4>Principaux avantages des filtres \u00e0 tamis \u00e0 corps court BF30 pour les brasseurs professionnels<\/h4>\n<ul>\n<li>Compatibilit\u00e9 polyvalente avec diff\u00e9rents m\u00e9dias filtrants, garantissant des solutions de filtration sur mesure pour divers besoins en mati\u00e8re de brassage.<\/li>\n<li>La mise en place du filtre est s\u00e9curis\u00e9e par des anneaux de retenue, ce qui am\u00e9liore la fiabilit\u00e9 pendant le processus de brassage.<\/li>\n<li>Des options personnalisables sont disponibles sur commande sp\u00e9ciale, permettant aux brasseurs de r\u00e9pondre \u00e0 des exigences de filtration sp\u00e9cifiques.<\/li>\n<\/ul>\n","protected":false},"featured_media":14454,"template":"","meta":{"_acf_changed":false,"inline_featured_image":false},"product_brand":[740],"product_cat":[736,832,741],"product_tag":[],"class_list":{"0":"post-14453","1":"product","2":"type-product","3":"status-publish","4":"has-post-thumbnail","6":"product_brand-dixon","7":"product_cat-distribution","8":"product_cat-filtres-et-tamis-sanitaires","9":"product_cat-materiel","11":"first","12":"instock","13":"taxable","14":"shipping-taxable","15":"purchasable","16":"product-type-variable"},"acf":[],"yoast_head":"<!-- This site is optimized with the Yoast SEO plugin v27.6 - https:\/\/yoast.com\/product\/yoast-seo-wordpress\/ -->\n<title>Filtres \u00e0 tamis \u00e0 corps court BF30 - Dixon - Pour brasseries professionnelles | Zytho<\/title>\n<meta name=\"description\" content=\"Optimisez votre processus de brassage avec les filtres \u00e0 tamis \u00e0 corps court BF30 de Dixon. Con\u00e7us pour une installation s\u00e9curis\u00e9e et une compatibilit\u00e9 avec diff\u00e9rents types de filtres. Parfait pour les brasseurs professionnels.\" \/>\n<meta name=\"robots\" content=\"index, follow, max-snippet:-1, max-image-preview:large, max-video-preview:-1\" \/>\n<link rel=\"canonical\" href=\"https:\/\/www.zytho.ca\/fr\/produit\/filtres-a-tamis-a-corps-court-bf30-dixon\/\" \/>\n<meta property=\"og:locale\" content=\"fr_FR\" \/>\n<meta property=\"og:type\" content=\"article\" \/>\n<meta property=\"og:title\" content=\"Filtres \u00e0 tamis \u00e0 corps court BF30 - Dixon - Pour brasseries professionnelles | Zytho\" \/>\n<meta property=\"og:description\" content=\"Optimisez votre processus de brassage avec les filtres \u00e0 tamis \u00e0 corps court BF30 de Dixon. Con\u00e7us pour une installation s\u00e9curis\u00e9e et une compatibilit\u00e9 avec diff\u00e9rents types de filtres. Parfait pour les brasseurs professionnels.\" \/>\n<meta property=\"og:url\" content=\"https:\/\/www.zytho.ca\/fr\/produit\/filtres-a-tamis-a-corps-court-bf30-dixon\/\" \/>\n<meta property=\"og:site_name\" content=\"Zytho\" \/>\n<meta property=\"og:image\" content=\"https:\/\/www.zytho.ca\/wp-content\/uploads\/2025\/10\/BF30-Short-Body-Strainer-Filters-Dixon.jpg\" \/>\n\t<meta property=\"og:image:width\" content=\"208\" \/>\n\t<meta property=\"og:image:height\" content=\"208\" \/>\n\t<meta property=\"og:image:type\" content=\"image\/jpeg\" \/>\n<meta name=\"twitter:card\" content=\"summary_large_image\" \/>\n<meta name=\"twitter:label1\" content=\"Dur\u00e9e de lecture estim\u00e9e\" \/>\n\t<meta name=\"twitter:data1\" content=\"1 minute\" \/>\n<script type=\"application\/ld+json\" class=\"yoast-schema-graph\">{\"@context\":\"https:\\\/\\\/schema.org\",\"@graph\":[{\"@type\":\"WebPage\",\"@id\":\"https:\\\/\\\/www.zytho.ca\\\/fr\\\/produit\\\/filtres-a-tamis-a-corps-court-bf30-dixon\\\/\",\"url\":\"https:\\\/\\\/www.zytho.ca\\\/fr\\\/produit\\\/filtres-a-tamis-a-corps-court-bf30-dixon\\\/\",\"name\":\"Filtres \u00e0 tamis \u00e0 corps court BF30 - Dixon - Pour brasseries professionnelles | Zytho\",\"isPartOf\":{\"@id\":\"https:\\\/\\\/www.zytho.ca\\\/fr\\\/#website\"},\"primaryImageOfPage\":{\"@id\":\"https:\\\/\\\/www.zytho.ca\\\/fr\\\/produit\\\/filtres-a-tamis-a-corps-court-bf30-dixon\\\/#primaryimage\"},\"image\":{\"@id\":\"https:\\\/\\\/www.zytho.ca\\\/fr\\\/produit\\\/filtres-a-tamis-a-corps-court-bf30-dixon\\\/#primaryimage\"},\"thumbnailUrl\":\"https:\\\/\\\/www.zytho.ca\\\/wp-content\\\/uploads\\\/2025\\\/10\\\/BF30-Short-Body-Strainer-Filters-Dixon.jpg\",\"datePublished\":\"2025-10-27T15:56:00+00:00\",\"description\":\"Optimisez votre processus de brassage avec les filtres \u00e0 tamis \u00e0 corps court BF30 de Dixon. Con\u00e7us pour une installation s\u00e9curis\u00e9e et une compatibilit\u00e9 avec diff\u00e9rents types de filtres. Parfait pour les brasseurs professionnels.\",\"breadcrumb\":{\"@id\":\"https:\\\/\\\/www.zytho.ca\\\/fr\\\/produit\\\/filtres-a-tamis-a-corps-court-bf30-dixon\\\/#breadcrumb\"},\"inLanguage\":\"fr-FR\",\"potentialAction\":[{\"@type\":\"ReadAction\",\"target\":[\"https:\\\/\\\/www.zytho.ca\\\/fr\\\/produit\\\/filtres-a-tamis-a-corps-court-bf30-dixon\\\/\"]}]},{\"@type\":\"ImageObject\",\"inLanguage\":\"fr-FR\",\"@id\":\"https:\\\/\\\/www.zytho.ca\\\/fr\\\/produit\\\/filtres-a-tamis-a-corps-court-bf30-dixon\\\/#primaryimage\",\"url\":\"https:\\\/\\\/www.zytho.ca\\\/wp-content\\\/uploads\\\/2025\\\/10\\\/BF30-Short-Body-Strainer-Filters-Dixon.jpg\",\"contentUrl\":\"https:\\\/\\\/www.zytho.ca\\\/wp-content\\\/uploads\\\/2025\\\/10\\\/BF30-Short-Body-Strainer-Filters-Dixon.jpg\",\"width\":208,\"height\":208},{\"@type\":\"BreadcrumbList\",\"@id\":\"https:\\\/\\\/www.zytho.ca\\\/fr\\\/produit\\\/filtres-a-tamis-a-corps-court-bf30-dixon\\\/#breadcrumb\",\"itemListElement\":[{\"@type\":\"ListItem\",\"position\":1,\"name\":\"Accueil\",\"item\":\"https:\\\/\\\/www.zytho.ca\\\/fr\\\/\"},{\"@type\":\"ListItem\",\"position\":2,\"name\":\"Shop\",\"item\":\"https:\\\/\\\/www.zytho.ca\\\/fr\\\/shop\\\/\"},{\"@type\":\"ListItem\",\"position\":3,\"name\":\"Filtres \u00e0 tamis \u00e0 corps court BF30 &#8211; Dixon\"}]},{\"@type\":\"WebSite\",\"@id\":\"https:\\\/\\\/www.zytho.ca\\\/fr\\\/#website\",\"url\":\"https:\\\/\\\/www.zytho.ca\\\/fr\\\/\",\"name\":\"Zytho\",\"description\":\"\",\"publisher\":{\"@id\":\"https:\\\/\\\/www.zytho.ca\\\/fr\\\/#organization\"},\"potentialAction\":[{\"@type\":\"SearchAction\",\"target\":{\"@type\":\"EntryPoint\",\"urlTemplate\":\"https:\\\/\\\/www.zytho.ca\\\/fr\\\/?s={search_term_string}\"},\"query-input\":{\"@type\":\"PropertyValueSpecification\",\"valueRequired\":true,\"valueName\":\"search_term_string\"}}],\"inLanguage\":\"fr-FR\"},{\"@type\":\"Organization\",\"@id\":\"https:\\\/\\\/www.zytho.ca\\\/fr\\\/#organization\",\"name\":\"Zytho\",\"url\":\"https:\\\/\\\/www.zytho.ca\\\/fr\\\/\",\"logo\":{\"@type\":\"ImageObject\",\"inLanguage\":\"fr-FR\",\"@id\":\"https:\\\/\\\/www.zytho.ca\\\/fr\\\/#\\\/schema\\\/logo\\\/image\\\/\",\"url\":\"https:\\\/\\\/www.zytho.ca\\\/wp-content\\\/uploads\\\/2024\\\/05\\\/Zytho_reversed_horizontal.svg\",\"contentUrl\":\"https:\\\/\\\/www.zytho.ca\\\/wp-content\\\/uploads\\\/2024\\\/05\\\/Zytho_reversed_horizontal.svg\",\"width\":1582,\"height\":490,\"caption\":\"Zytho\"},\"image\":{\"@id\":\"https:\\\/\\\/www.zytho.ca\\\/fr\\\/#\\\/schema\\\/logo\\\/image\\\/\"}}]}<\/script>\n<!-- \/ Yoast SEO plugin. -->","yoast_head_json":{"title":"Filtres \u00e0 tamis \u00e0 corps court BF30 - Dixon - Pour brasseries professionnelles | Zytho","description":"Optimisez votre processus de brassage avec les filtres \u00e0 tamis \u00e0 corps court BF30 de Dixon. Con\u00e7us pour une installation s\u00e9curis\u00e9e et une compatibilit\u00e9 avec diff\u00e9rents types de filtres. Parfait pour les brasseurs professionnels.","robots":{"index":"index","follow":"follow","max-snippet":"max-snippet:-1","max-image-preview":"max-image-preview:large","max-video-preview":"max-video-preview:-1"},"canonical":"https:\/\/www.zytho.ca\/fr\/produit\/filtres-a-tamis-a-corps-court-bf30-dixon\/","og_locale":"fr_FR","og_type":"article","og_title":"Filtres \u00e0 tamis \u00e0 corps court BF30 - Dixon - Pour brasseries professionnelles | Zytho","og_description":"Optimisez votre processus de brassage avec les filtres \u00e0 tamis \u00e0 corps court BF30 de Dixon. Con\u00e7us pour une installation s\u00e9curis\u00e9e et une compatibilit\u00e9 avec diff\u00e9rents types de filtres. Parfait pour les brasseurs professionnels.","og_url":"https:\/\/www.zytho.ca\/fr\/produit\/filtres-a-tamis-a-corps-court-bf30-dixon\/","og_site_name":"Zytho","og_image":[{"width":208,"height":208,"url":"https:\/\/www.zytho.ca\/wp-content\/uploads\/2025\/10\/BF30-Short-Body-Strainer-Filters-Dixon.jpg","type":"image\/jpeg"}],"twitter_card":"summary_large_image","twitter_misc":{"Dur\u00e9e de lecture estim\u00e9e":"1 minute"},"schema":{"@context":"https:\/\/schema.org","@graph":[{"@type":"WebPage","@id":"https:\/\/www.zytho.ca\/fr\/produit\/filtres-a-tamis-a-corps-court-bf30-dixon\/","url":"https:\/\/www.zytho.ca\/fr\/produit\/filtres-a-tamis-a-corps-court-bf30-dixon\/","name":"Filtres \u00e0 tamis \u00e0 corps court BF30 - Dixon - Pour brasseries professionnelles | Zytho","isPartOf":{"@id":"https:\/\/www.zytho.ca\/fr\/#website"},"primaryImageOfPage":{"@id":"https:\/\/www.zytho.ca\/fr\/produit\/filtres-a-tamis-a-corps-court-bf30-dixon\/#primaryimage"},"image":{"@id":"https:\/\/www.zytho.ca\/fr\/produit\/filtres-a-tamis-a-corps-court-bf30-dixon\/#primaryimage"},"thumbnailUrl":"https:\/\/www.zytho.ca\/wp-content\/uploads\/2025\/10\/BF30-Short-Body-Strainer-Filters-Dixon.jpg","datePublished":"2025-10-27T15:56:00+00:00","description":"Optimisez votre processus de brassage avec les filtres \u00e0 tamis \u00e0 corps court BF30 de Dixon. Con\u00e7us pour une installation s\u00e9curis\u00e9e et une compatibilit\u00e9 avec diff\u00e9rents types de filtres. Parfait pour les brasseurs professionnels.","breadcrumb":{"@id":"https:\/\/www.zytho.ca\/fr\/produit\/filtres-a-tamis-a-corps-court-bf30-dixon\/#breadcrumb"},"inLanguage":"fr-FR","potentialAction":[{"@type":"ReadAction","target":["https:\/\/www.zytho.ca\/fr\/produit\/filtres-a-tamis-a-corps-court-bf30-dixon\/"]}]},{"@type":"ImageObject","inLanguage":"fr-FR","@id":"https:\/\/www.zytho.ca\/fr\/produit\/filtres-a-tamis-a-corps-court-bf30-dixon\/#primaryimage","url":"https:\/\/www.zytho.ca\/wp-content\/uploads\/2025\/10\/BF30-Short-Body-Strainer-Filters-Dixon.jpg","contentUrl":"https:\/\/www.zytho.ca\/wp-content\/uploads\/2025\/10\/BF30-Short-Body-Strainer-Filters-Dixon.jpg","width":208,"height":208},{"@type":"BreadcrumbList","@id":"https:\/\/www.zytho.ca\/fr\/produit\/filtres-a-tamis-a-corps-court-bf30-dixon\/#breadcrumb","itemListElement":[{"@type":"ListItem","position":1,"name":"Accueil","item":"https:\/\/www.zytho.ca\/fr\/"},{"@type":"ListItem","position":2,"name":"Shop","item":"https:\/\/www.zytho.ca\/fr\/shop\/"},{"@type":"ListItem","position":3,"name":"Filtres \u00e0 tamis \u00e0 corps court BF30 &#8211; Dixon"}]},{"@type":"WebSite","@id":"https:\/\/www.zytho.ca\/fr\/#website","url":"https:\/\/www.zytho.ca\/fr\/","name":"Zytho","description":"","publisher":{"@id":"https:\/\/www.zytho.ca\/fr\/#organization"},"potentialAction":[{"@type":"SearchAction","target":{"@type":"EntryPoint","urlTemplate":"https:\/\/www.zytho.ca\/fr\/?s={search_term_string}"},"query-input":{"@type":"PropertyValueSpecification","valueRequired":true,"valueName":"search_term_string"}}],"inLanguage":"fr-FR"},{"@type":"Organization","@id":"https:\/\/www.zytho.ca\/fr\/#organization","name":"Zytho","url":"https:\/\/www.zytho.ca\/fr\/","logo":{"@type":"ImageObject","inLanguage":"fr-FR","@id":"https:\/\/www.zytho.ca\/fr\/#\/schema\/logo\/image\/","url":"https:\/\/www.zytho.ca\/wp-content\/uploads\/2024\/05\/Zytho_reversed_horizontal.svg","contentUrl":"https:\/\/www.zytho.ca\/wp-content\/uploads\/2024\/05\/Zytho_reversed_horizontal.svg","width":1582,"height":490,"caption":"Zytho"},"image":{"@id":"https:\/\/www.zytho.ca\/fr\/#\/schema\/logo\/image\/"}}]}},"_links":{"self":[{"href":"https:\/\/www.zytho.ca\/fr\/wp-json\/wp\/v2\/product\/14453","targetHints":{"allow":["GET"]}}],"collection":[{"href":"https:\/\/www.zytho.ca\/fr\/wp-json\/wp\/v2\/product"}],"about":[{"href":"https:\/\/www.zytho.ca\/fr\/wp-json\/wp\/v2\/types\/product"}],"wp:featuredmedia":[{"embeddable":true,"href":"https:\/\/www.zytho.ca\/fr\/wp-json\/wp\/v2\/media\/14454"}],"wp:attachment":[{"href":"https:\/\/www.zytho.ca\/fr\/wp-json\/wp\/v2\/media?parent=14453"}],"wp:term":[{"taxonomy":"product_brand","embeddable":true,"href":"https:\/\/www.zytho.ca\/fr\/wp-json\/wp\/v2\/product_brand?post=14453"},{"taxonomy":"product_cat","embeddable":true,"href":"https:\/\/www.zytho.ca\/fr\/wp-json\/wp\/v2\/product_cat?post=14453"},{"taxonomy":"product_tag","embeddable":true,"href":"https:\/\/www.zytho.ca\/fr\/wp-json\/wp\/v2\/product_tag?post=14453"}],"curies":[{"name":"wp","href":"https:\/\/api.w.org\/{rel}","templated":true}]}}