{"id":14436,"date":"2025-10-27T15:55:55","date_gmt":"2025-10-27T15:55:55","guid":{"rendered":"https:\/\/zytho.ca\/product\/oeillets-de-remplacement-pour-cintre-hexagonal-dixon\/"},"modified":"2026-03-17T13:24:17","modified_gmt":"2026-03-17T13:24:17","slug":"oeillets-de-remplacement-pour-cintre-hexagonal-dixon","status":"publish","type":"product","link":"https:\/\/www.zytho.ca\/fr\/produit\/oeillets-de-remplacement-pour-cintre-hexagonal-dixon\/","title":{"rendered":"Oeillets de remplacement pour cintre hexagonal &#8211; Dixon"},"content":{"rendered":"<h6><strong>Avantages<\/strong><\/h6>\n<p>Les suspensions hexagonales offrent une polyvalence exceptionnelle pour le supportage des syst\u00e8mes de tuyaux et de tubes. Ils peuvent \u00eatre install\u00e9s selon plusieurs m\u00e9thodes, soit suspendus \u00e0 un tuyau, soit mont\u00e9s directement sur une surface, en fonction des besoins sp\u00e9cifiques. Les mat\u00e9riaux de construction peuvent \u00eatre personnalis\u00e9s pour accueillir des fluides \u00e0 des temp\u00e9ratures extr\u00eames, qu&#8217;elles soient chaudes ou froides. Ces \u0153illets de remplacement sont con\u00e7us pour r\u00e9sister \u00e0 des temp\u00e9ratures variables ou pour remplacer ceux qui ont \u00e9t\u00e9 \u00e9gar\u00e9s.   <\/p>\n<h6><strong>D\u00e9tails du produit<\/strong><\/h6>\n<ul>\n<li>Passe-fils FKM Temp\u00e9rature maximale : 392 \u00b0F \/ 200 \u00b0C<\/li>\n<li>Joints en nitrile Temp\u00e9rature maximale : 230 \u00b0F \/ 110 \u00b0C<\/li>\n<\/ul>\n<h6><strong>Taille<\/strong><\/h6>\n<ul>\n<li>0,375&#8243; (3\/8&#8243;) pour les suspensions de 0,5&#8243;\/0,75&#8243;.<\/li>\n<li>0,125&#8243; (1\/8&#8243;) pour les cintres de 1&#8243; et plus.<\/li>\n<\/ul>\n","protected":false},"excerpt":{"rendered":"<h4>Principaux avantages des \u0153illets de remplacement du cintre hexagonal pour les brasseurs professionnels<\/h4>\n<ul>\n<li>Les options d&#8217;installation polyvalentes permettent une int\u00e9gration transparente dans les syst\u00e8mes de brassage, qu&#8217;ils soient suspendus ou mont\u00e9s en surface.<\/li>\n<li>Les mat\u00e9riaux durables r\u00e9sistent aux temp\u00e9ratures extr\u00eames, garantissant une performance fiable dans les processus de brassage \u00e0 chaud et \u00e0 froid.<\/li>\n<li>Le remplacement facile des \u0153illets perdus ou us\u00e9s permet de maintenir l&#8217;int\u00e9grit\u00e9 et l&#8217;efficacit\u00e9 du syst\u00e8me.<\/li>\n<\/ul>\n","protected":false},"featured_media":14439,"template":"","meta":{"_acf_changed":false,"inline_featured_image":false},"product_brand":[740],"product_cat":[736,741,749],"product_tag":[754,762,755,865],"class_list":{"0":"post-14436","1":"product","2":"type-product","3":"status-publish","4":"has-post-thumbnail","6":"product_brand-dixon","7":"product_cat-distribution","8":"product_cat-materiel","9":"product_cat-quincaillerie-industrielle","10":"product_tag-brasserie","11":"product_tag-cave","12":"product_tag-distillerie","13":"product_tag-pieces-de-rechange","15":"first","16":"instock","17":"taxable","18":"shipping-taxable","19":"purchasable","20":"product-type-variable"},"acf":[],"yoast_head":"<!-- This site is optimized with the Yoast SEO plugin v27.6 - https:\/\/yoast.com\/product\/yoast-seo-wordpress\/ -->\n<title>Oeillets de remplacement pour cintre hexagonal - Dixon - Pour brasseries professionnelles | Zytho<\/title>\n<meta name=\"description\" content=\"Am\u00e9liorez le syst\u00e8me de support de tuyaux de votre brasserie avec les \u0153illets de remplacement pour cintres hexagonaux de Dixon. Con\u00e7us pour la polyvalence et les temp\u00e9ratures extr\u00eames, ils sont parfaits pour les brasseurs professionnels.\" \/>\n<meta name=\"robots\" content=\"index, follow, max-snippet:-1, max-image-preview:large, max-video-preview:-1\" \/>\n<link rel=\"canonical\" href=\"https:\/\/www.zytho.ca\/fr\/produit\/oeillets-de-remplacement-pour-cintre-hexagonal-dixon\/\" \/>\n<meta property=\"og:locale\" content=\"fr_FR\" \/>\n<meta property=\"og:type\" content=\"article\" \/>\n<meta property=\"og:title\" content=\"Oeillets de remplacement pour cintre hexagonal - Dixon - Pour brasseries professionnelles | Zytho\" \/>\n<meta property=\"og:description\" content=\"Am\u00e9liorez le syst\u00e8me de support de tuyaux de votre brasserie avec les \u0153illets de remplacement pour cintres hexagonaux de Dixon. Con\u00e7us pour la polyvalence et les temp\u00e9ratures extr\u00eames, ils sont parfaits pour les brasseurs professionnels.\" \/>\n<meta property=\"og:url\" content=\"https:\/\/www.zytho.ca\/fr\/produit\/oeillets-de-remplacement-pour-cintre-hexagonal-dixon\/\" \/>\n<meta property=\"og:site_name\" content=\"Zytho\" \/>\n<meta property=\"article:modified_time\" content=\"2026-03-17T13:24:17+00:00\" \/>\n<meta property=\"og:image\" content=\"https:\/\/www.zytho.ca\/wp-content\/uploads\/2025\/10\/Hex-Hanger-Replacement-Grommets-Dixon.jpg\" \/>\n\t<meta property=\"og:image:width\" content=\"248\" \/>\n\t<meta property=\"og:image:height\" content=\"248\" \/>\n\t<meta property=\"og:image:type\" content=\"image\/jpeg\" \/>\n<meta name=\"twitter:card\" content=\"summary_large_image\" \/>\n<meta name=\"twitter:label1\" content=\"Dur\u00e9e de lecture estim\u00e9e\" \/>\n\t<meta name=\"twitter:data1\" content=\"1 minute\" \/>\n<script type=\"application\/ld+json\" class=\"yoast-schema-graph\">{\"@context\":\"https:\\\/\\\/schema.org\",\"@graph\":[{\"@type\":\"WebPage\",\"@id\":\"https:\\\/\\\/www.zytho.ca\\\/fr\\\/produit\\\/oeillets-de-remplacement-pour-cintre-hexagonal-dixon\\\/\",\"url\":\"https:\\\/\\\/www.zytho.ca\\\/fr\\\/produit\\\/oeillets-de-remplacement-pour-cintre-hexagonal-dixon\\\/\",\"name\":\"Oeillets de remplacement pour cintre hexagonal - Dixon - Pour brasseries professionnelles | Zytho\",\"isPartOf\":{\"@id\":\"https:\\\/\\\/www.zytho.ca\\\/fr\\\/#website\"},\"primaryImageOfPage\":{\"@id\":\"https:\\\/\\\/www.zytho.ca\\\/fr\\\/produit\\\/oeillets-de-remplacement-pour-cintre-hexagonal-dixon\\\/#primaryimage\"},\"image\":{\"@id\":\"https:\\\/\\\/www.zytho.ca\\\/fr\\\/produit\\\/oeillets-de-remplacement-pour-cintre-hexagonal-dixon\\\/#primaryimage\"},\"thumbnailUrl\":\"https:\\\/\\\/www.zytho.ca\\\/wp-content\\\/uploads\\\/2025\\\/10\\\/Hex-Hanger-Replacement-Grommets-Dixon.jpg\",\"datePublished\":\"2025-10-27T15:55:55+00:00\",\"dateModified\":\"2026-03-17T13:24:17+00:00\",\"description\":\"Am\u00e9liorez le syst\u00e8me de support de tuyaux de votre brasserie avec les \u0153illets de remplacement pour cintres hexagonaux de Dixon. Con\u00e7us pour la polyvalence et les temp\u00e9ratures extr\u00eames, ils sont parfaits pour les brasseurs professionnels.\",\"breadcrumb\":{\"@id\":\"https:\\\/\\\/www.zytho.ca\\\/fr\\\/produit\\\/oeillets-de-remplacement-pour-cintre-hexagonal-dixon\\\/#breadcrumb\"},\"inLanguage\":\"fr-FR\",\"potentialAction\":[{\"@type\":\"ReadAction\",\"target\":[\"https:\\\/\\\/www.zytho.ca\\\/fr\\\/produit\\\/oeillets-de-remplacement-pour-cintre-hexagonal-dixon\\\/\"]}]},{\"@type\":\"ImageObject\",\"inLanguage\":\"fr-FR\",\"@id\":\"https:\\\/\\\/www.zytho.ca\\\/fr\\\/produit\\\/oeillets-de-remplacement-pour-cintre-hexagonal-dixon\\\/#primaryimage\",\"url\":\"https:\\\/\\\/www.zytho.ca\\\/wp-content\\\/uploads\\\/2025\\\/10\\\/Hex-Hanger-Replacement-Grommets-Dixon.jpg\",\"contentUrl\":\"https:\\\/\\\/www.zytho.ca\\\/wp-content\\\/uploads\\\/2025\\\/10\\\/Hex-Hanger-Replacement-Grommets-Dixon.jpg\",\"width\":248,\"height\":248},{\"@type\":\"BreadcrumbList\",\"@id\":\"https:\\\/\\\/www.zytho.ca\\\/fr\\\/produit\\\/oeillets-de-remplacement-pour-cintre-hexagonal-dixon\\\/#breadcrumb\",\"itemListElement\":[{\"@type\":\"ListItem\",\"position\":1,\"name\":\"Accueil\",\"item\":\"https:\\\/\\\/www.zytho.ca\\\/fr\\\/\"},{\"@type\":\"ListItem\",\"position\":2,\"name\":\"Shop\",\"item\":\"https:\\\/\\\/www.zytho.ca\\\/fr\\\/shop\\\/\"},{\"@type\":\"ListItem\",\"position\":3,\"name\":\"Oeillets de remplacement pour cintre hexagonal &#8211; Dixon\"}]},{\"@type\":\"WebSite\",\"@id\":\"https:\\\/\\\/www.zytho.ca\\\/fr\\\/#website\",\"url\":\"https:\\\/\\\/www.zytho.ca\\\/fr\\\/\",\"name\":\"Zytho\",\"description\":\"\",\"publisher\":{\"@id\":\"https:\\\/\\\/www.zytho.ca\\\/fr\\\/#organization\"},\"potentialAction\":[{\"@type\":\"SearchAction\",\"target\":{\"@type\":\"EntryPoint\",\"urlTemplate\":\"https:\\\/\\\/www.zytho.ca\\\/fr\\\/?s={search_term_string}\"},\"query-input\":{\"@type\":\"PropertyValueSpecification\",\"valueRequired\":true,\"valueName\":\"search_term_string\"}}],\"inLanguage\":\"fr-FR\"},{\"@type\":\"Organization\",\"@id\":\"https:\\\/\\\/www.zytho.ca\\\/fr\\\/#organization\",\"name\":\"Zytho\",\"url\":\"https:\\\/\\\/www.zytho.ca\\\/fr\\\/\",\"logo\":{\"@type\":\"ImageObject\",\"inLanguage\":\"fr-FR\",\"@id\":\"https:\\\/\\\/www.zytho.ca\\\/fr\\\/#\\\/schema\\\/logo\\\/image\\\/\",\"url\":\"https:\\\/\\\/www.zytho.ca\\\/wp-content\\\/uploads\\\/2024\\\/05\\\/Zytho_reversed_horizontal.svg\",\"contentUrl\":\"https:\\\/\\\/www.zytho.ca\\\/wp-content\\\/uploads\\\/2024\\\/05\\\/Zytho_reversed_horizontal.svg\",\"width\":1582,\"height\":490,\"caption\":\"Zytho\"},\"image\":{\"@id\":\"https:\\\/\\\/www.zytho.ca\\\/fr\\\/#\\\/schema\\\/logo\\\/image\\\/\"}}]}<\/script>\n<!-- \/ Yoast SEO plugin. -->","yoast_head_json":{"title":"Oeillets de remplacement pour cintre hexagonal - Dixon - Pour brasseries professionnelles | Zytho","description":"Am\u00e9liorez le syst\u00e8me de support de tuyaux de votre brasserie avec les \u0153illets de remplacement pour cintres hexagonaux de Dixon. Con\u00e7us pour la polyvalence et les temp\u00e9ratures extr\u00eames, ils sont parfaits pour les brasseurs professionnels.","robots":{"index":"index","follow":"follow","max-snippet":"max-snippet:-1","max-image-preview":"max-image-preview:large","max-video-preview":"max-video-preview:-1"},"canonical":"https:\/\/www.zytho.ca\/fr\/produit\/oeillets-de-remplacement-pour-cintre-hexagonal-dixon\/","og_locale":"fr_FR","og_type":"article","og_title":"Oeillets de remplacement pour cintre hexagonal - Dixon - Pour brasseries professionnelles | Zytho","og_description":"Am\u00e9liorez le syst\u00e8me de support de tuyaux de votre brasserie avec les \u0153illets de remplacement pour cintres hexagonaux de Dixon. Con\u00e7us pour la polyvalence et les temp\u00e9ratures extr\u00eames, ils sont parfaits pour les brasseurs professionnels.","og_url":"https:\/\/www.zytho.ca\/fr\/produit\/oeillets-de-remplacement-pour-cintre-hexagonal-dixon\/","og_site_name":"Zytho","article_modified_time":"2026-03-17T13:24:17+00:00","og_image":[{"width":248,"height":248,"url":"https:\/\/www.zytho.ca\/wp-content\/uploads\/2025\/10\/Hex-Hanger-Replacement-Grommets-Dixon.jpg","type":"image\/jpeg"}],"twitter_card":"summary_large_image","twitter_misc":{"Dur\u00e9e de lecture estim\u00e9e":"1 minute"},"schema":{"@context":"https:\/\/schema.org","@graph":[{"@type":"WebPage","@id":"https:\/\/www.zytho.ca\/fr\/produit\/oeillets-de-remplacement-pour-cintre-hexagonal-dixon\/","url":"https:\/\/www.zytho.ca\/fr\/produit\/oeillets-de-remplacement-pour-cintre-hexagonal-dixon\/","name":"Oeillets de remplacement pour cintre hexagonal - Dixon - Pour brasseries professionnelles | Zytho","isPartOf":{"@id":"https:\/\/www.zytho.ca\/fr\/#website"},"primaryImageOfPage":{"@id":"https:\/\/www.zytho.ca\/fr\/produit\/oeillets-de-remplacement-pour-cintre-hexagonal-dixon\/#primaryimage"},"image":{"@id":"https:\/\/www.zytho.ca\/fr\/produit\/oeillets-de-remplacement-pour-cintre-hexagonal-dixon\/#primaryimage"},"thumbnailUrl":"https:\/\/www.zytho.ca\/wp-content\/uploads\/2025\/10\/Hex-Hanger-Replacement-Grommets-Dixon.jpg","datePublished":"2025-10-27T15:55:55+00:00","dateModified":"2026-03-17T13:24:17+00:00","description":"Am\u00e9liorez le syst\u00e8me de support de tuyaux de votre brasserie avec les \u0153illets de remplacement pour cintres hexagonaux de Dixon. Con\u00e7us pour la polyvalence et les temp\u00e9ratures extr\u00eames, ils sont parfaits pour les brasseurs professionnels.","breadcrumb":{"@id":"https:\/\/www.zytho.ca\/fr\/produit\/oeillets-de-remplacement-pour-cintre-hexagonal-dixon\/#breadcrumb"},"inLanguage":"fr-FR","potentialAction":[{"@type":"ReadAction","target":["https:\/\/www.zytho.ca\/fr\/produit\/oeillets-de-remplacement-pour-cintre-hexagonal-dixon\/"]}]},{"@type":"ImageObject","inLanguage":"fr-FR","@id":"https:\/\/www.zytho.ca\/fr\/produit\/oeillets-de-remplacement-pour-cintre-hexagonal-dixon\/#primaryimage","url":"https:\/\/www.zytho.ca\/wp-content\/uploads\/2025\/10\/Hex-Hanger-Replacement-Grommets-Dixon.jpg","contentUrl":"https:\/\/www.zytho.ca\/wp-content\/uploads\/2025\/10\/Hex-Hanger-Replacement-Grommets-Dixon.jpg","width":248,"height":248},{"@type":"BreadcrumbList","@id":"https:\/\/www.zytho.ca\/fr\/produit\/oeillets-de-remplacement-pour-cintre-hexagonal-dixon\/#breadcrumb","itemListElement":[{"@type":"ListItem","position":1,"name":"Accueil","item":"https:\/\/www.zytho.ca\/fr\/"},{"@type":"ListItem","position":2,"name":"Shop","item":"https:\/\/www.zytho.ca\/fr\/shop\/"},{"@type":"ListItem","position":3,"name":"Oeillets de remplacement pour cintre hexagonal &#8211; Dixon"}]},{"@type":"WebSite","@id":"https:\/\/www.zytho.ca\/fr\/#website","url":"https:\/\/www.zytho.ca\/fr\/","name":"Zytho","description":"","publisher":{"@id":"https:\/\/www.zytho.ca\/fr\/#organization"},"potentialAction":[{"@type":"SearchAction","target":{"@type":"EntryPoint","urlTemplate":"https:\/\/www.zytho.ca\/fr\/?s={search_term_string}"},"query-input":{"@type":"PropertyValueSpecification","valueRequired":true,"valueName":"search_term_string"}}],"inLanguage":"fr-FR"},{"@type":"Organization","@id":"https:\/\/www.zytho.ca\/fr\/#organization","name":"Zytho","url":"https:\/\/www.zytho.ca\/fr\/","logo":{"@type":"ImageObject","inLanguage":"fr-FR","@id":"https:\/\/www.zytho.ca\/fr\/#\/schema\/logo\/image\/","url":"https:\/\/www.zytho.ca\/wp-content\/uploads\/2024\/05\/Zytho_reversed_horizontal.svg","contentUrl":"https:\/\/www.zytho.ca\/wp-content\/uploads\/2024\/05\/Zytho_reversed_horizontal.svg","width":1582,"height":490,"caption":"Zytho"},"image":{"@id":"https:\/\/www.zytho.ca\/fr\/#\/schema\/logo\/image\/"}}]}},"_links":{"self":[{"href":"https:\/\/www.zytho.ca\/fr\/wp-json\/wp\/v2\/product\/14436","targetHints":{"allow":["GET"]}}],"collection":[{"href":"https:\/\/www.zytho.ca\/fr\/wp-json\/wp\/v2\/product"}],"about":[{"href":"https:\/\/www.zytho.ca\/fr\/wp-json\/wp\/v2\/types\/product"}],"wp:featuredmedia":[{"embeddable":true,"href":"https:\/\/www.zytho.ca\/fr\/wp-json\/wp\/v2\/media\/14439"}],"wp:attachment":[{"href":"https:\/\/www.zytho.ca\/fr\/wp-json\/wp\/v2\/media?parent=14436"}],"wp:term":[{"taxonomy":"product_brand","embeddable":true,"href":"https:\/\/www.zytho.ca\/fr\/wp-json\/wp\/v2\/product_brand?post=14436"},{"taxonomy":"product_cat","embeddable":true,"href":"https:\/\/www.zytho.ca\/fr\/wp-json\/wp\/v2\/product_cat?post=14436"},{"taxonomy":"product_tag","embeddable":true,"href":"https:\/\/www.zytho.ca\/fr\/wp-json\/wp\/v2\/product_tag?post=14436"}],"curies":[{"name":"wp","href":"https:\/\/api.w.org\/{rel}","templated":true}]}}