{"id":14435,"date":"2025-10-27T15:56:00","date_gmt":"2025-10-27T15:56:00","guid":{"rendered":"https:\/\/zytho.ca\/product\/bsccq-crepine-inversee-a-trois-clapets-a-sortie-laterale-dixon\/"},"modified":"2025-10-27T15:56:00","modified_gmt":"2025-10-27T15:56:00","slug":"bsccq-crepine-inversee-a-trois-clapets-a-sortie-laterale-dixon","status":"publish","type":"product","link":"https:\/\/www.zytho.ca\/fr\/produit\/bsccq-crepine-inversee-a-trois-clapets-a-sortie-laterale-dixon\/","title":{"rendered":"BSCCQ Cr\u00e9pine invers\u00e9e \u00e0 trois clapets \u00e0 sortie lat\u00e9rale &#8211; Dixon"},"content":{"rendered":"<h6><strong>Avantages :<\/strong><\/h6>\n<ul>\n<li>Con\u00e7u pour une installation verticale conforme aux normes 3A 10-04, il garantit une r\u00e9tention minimale du produit.<\/li>\n<li>Les unit\u00e9s d&#8217;entr\u00e9e lat\u00e9rale standard comprennent les composants essentiels : ressort, capuchon d&#8217;extr\u00e9mit\u00e9 avec poign\u00e9e, capuchon de distribution, joint d&#8217;\u00e9tanch\u00e9it\u00e9, tube de secours perfor\u00e9 de 1\/4&#8243;, corps et collier de serrage.<\/li>\n<\/ul>\n<h6><strong>D\u00e9tails du produit :<\/strong><\/h6>\n<ul>\n<li>Autorisation num\u00e9ro 1446 pour la conformit\u00e9 avec la norme sanitaire 3-A pour les filtres utilisant un m\u00e9dia filtrant \u00e0 service unique, num\u00e9ro 10-4.<\/li>\n<\/ul>\n<h6><strong>Options disponibles :<\/strong><\/h6>\n<ul>\n<li>Les commandes personnalis\u00e9es peuvent inclure des configurations de si\u00e8ge en biseau, de ligne en I et d&#8217;extr\u00e9mit\u00e9 \u00e0 souder.<\/li>\n<li>Option pour un tube de secours perfor\u00e9 de 1\/8&#8243; disponible sur demande, bien qu&#8217;il ne soit pas certifi\u00e9 3A.<\/li>\n<\/ul>\n<h6><strong>Page de catalogue :<\/strong><\/h6>\n<ul>\n<li><a href=\"https:\/\/www.dixonvalve.com\/sites\/default\/files\/product\/pages\/us\/DPL418%20-%20621.pdf\">DPL418 &#8211; 621<\/a><\/li>\n<\/ul>\n<h6><strong>Certifications :<\/strong><\/h6>\n<ul>\n<li><a href=\"https:\/\/www.dixonvalve.com\/sites\/default\/files\/product\/certifications\/1446%2010-04.pdf\">Certificat 3A<\/a><\/li>\n<\/ul>\n<h6><strong>Sp\u00e9cifications dimensionnelles :<\/strong><\/h6>\n<ul>\n<li><a href=\"https:\/\/www.dixonvalve.com\/sites\/default\/files\/product\/files\/dimensional-specs\/BSCCQ4-R150.pdf\">Sp\u00e9cifications dimensionnelles<\/a><\/li>\n<\/ul>\n","protected":false},"excerpt":{"rendered":"<h4>Principaux avantages du filtre invers\u00e9 Tri-Clamp \u00e0 sortie lat\u00e9rale BSCCQ pour les brasseurs professionnels<\/h4>\n<ul>\n<li>Con\u00e7u pour une installation verticale, il r\u00e9pond aux normes 3A 10-04, garantissant une r\u00e9tention minimale des produits et un assainissement optimal.<\/li>\n<li>Il est livr\u00e9 en standard avec des composants essentiels tels qu&#8217;un ressort, un capuchon d&#8217;extr\u00e9mit\u00e9 avec poign\u00e9e et un tube d&#8217;appoint perfor\u00e9 de 1\/4&#8243; pour une filtration efficace.<\/li>\n<li>Offre des options de personnalisation, y compris des configurations de si\u00e8ge en biseau et de ligne en I, pour r\u00e9pondre \u00e0 des besoins de brassage sp\u00e9cifiques.<\/li>\n<\/ul>\n","protected":false},"featured_media":14437,"template":"","meta":{"_acf_changed":false,"inline_featured_image":false},"product_brand":[740],"product_cat":[736,832,741],"product_tag":[],"class_list":{"0":"post-14435","1":"product","2":"type-product","3":"status-publish","4":"has-post-thumbnail","6":"product_brand-dixon","7":"product_cat-distribution","8":"product_cat-filtres-et-tamis-sanitaires","9":"product_cat-materiel","11":"first","12":"instock","13":"taxable","14":"shipping-taxable","15":"purchasable","16":"product-type-variable"},"acf":[],"yoast_head":"<!-- This site is optimized with the Yoast SEO plugin v27.6 - https:\/\/yoast.com\/product\/yoast-seo-wordpress\/ -->\n<title>BSCCQ Filtre invers\u00e9 Tri-Clamp \u00e0 sortie lat\u00e9rale - Dixon - Pour brasseries professionnelles | Zytho<\/title>\n<meta name=\"description\" content=\"Optimisez votre processus de brassage avec la passoire invers\u00e9e BSCCQ Side-Outlet Tri-Clamp de Dixon. Con\u00e7ue pour une installation verticale, elle assure une r\u00e9tention minimale du produit et est conforme aux normes 3A.\" \/>\n<meta name=\"robots\" content=\"index, follow, max-snippet:-1, max-image-preview:large, max-video-preview:-1\" \/>\n<link rel=\"canonical\" href=\"https:\/\/www.zytho.ca\/fr\/produit\/bsccq-crepine-inversee-a-trois-clapets-a-sortie-laterale-dixon\/\" \/>\n<meta property=\"og:locale\" content=\"fr_FR\" \/>\n<meta property=\"og:type\" content=\"article\" \/>\n<meta property=\"og:title\" content=\"BSCCQ Filtre invers\u00e9 Tri-Clamp \u00e0 sortie lat\u00e9rale - Dixon - Pour brasseries professionnelles | Zytho\" \/>\n<meta property=\"og:description\" content=\"Optimisez votre processus de brassage avec la passoire invers\u00e9e BSCCQ Side-Outlet Tri-Clamp de Dixon. Con\u00e7ue pour une installation verticale, elle assure une r\u00e9tention minimale du produit et est conforme aux normes 3A.\" \/>\n<meta property=\"og:url\" content=\"https:\/\/www.zytho.ca\/fr\/produit\/bsccq-crepine-inversee-a-trois-clapets-a-sortie-laterale-dixon\/\" \/>\n<meta property=\"og:site_name\" content=\"Zytho\" \/>\n<meta property=\"og:image\" content=\"https:\/\/www.zytho.ca\/wp-content\/uploads\/2025\/10\/BSCCQ-Side-Outlet-Tri-Clamp-Reverse-Strainer-Dixon.jpg\" \/>\n\t<meta property=\"og:image:width\" content=\"664\" \/>\n\t<meta property=\"og:image:height\" content=\"664\" \/>\n\t<meta property=\"og:image:type\" content=\"image\/jpeg\" \/>\n<meta name=\"twitter:card\" content=\"summary_large_image\" \/>\n<meta name=\"twitter:label1\" content=\"Dur\u00e9e de lecture estim\u00e9e\" \/>\n\t<meta name=\"twitter:data1\" content=\"1 minute\" \/>\n<script type=\"application\/ld+json\" class=\"yoast-schema-graph\">{\"@context\":\"https:\\\/\\\/schema.org\",\"@graph\":[{\"@type\":\"WebPage\",\"@id\":\"https:\\\/\\\/www.zytho.ca\\\/fr\\\/produit\\\/bsccq-crepine-inversee-a-trois-clapets-a-sortie-laterale-dixon\\\/\",\"url\":\"https:\\\/\\\/www.zytho.ca\\\/fr\\\/produit\\\/bsccq-crepine-inversee-a-trois-clapets-a-sortie-laterale-dixon\\\/\",\"name\":\"BSCCQ Filtre invers\u00e9 Tri-Clamp \u00e0 sortie lat\u00e9rale - Dixon - Pour brasseries professionnelles | Zytho\",\"isPartOf\":{\"@id\":\"https:\\\/\\\/www.zytho.ca\\\/fr\\\/#website\"},\"primaryImageOfPage\":{\"@id\":\"https:\\\/\\\/www.zytho.ca\\\/fr\\\/produit\\\/bsccq-crepine-inversee-a-trois-clapets-a-sortie-laterale-dixon\\\/#primaryimage\"},\"image\":{\"@id\":\"https:\\\/\\\/www.zytho.ca\\\/fr\\\/produit\\\/bsccq-crepine-inversee-a-trois-clapets-a-sortie-laterale-dixon\\\/#primaryimage\"},\"thumbnailUrl\":\"https:\\\/\\\/www.zytho.ca\\\/wp-content\\\/uploads\\\/2025\\\/10\\\/BSCCQ-Side-Outlet-Tri-Clamp-Reverse-Strainer-Dixon.jpg\",\"datePublished\":\"2025-10-27T15:56:00+00:00\",\"description\":\"Optimisez votre processus de brassage avec la passoire invers\u00e9e BSCCQ Side-Outlet Tri-Clamp de Dixon. Con\u00e7ue pour une installation verticale, elle assure une r\u00e9tention minimale du produit et est conforme aux normes 3A.\",\"breadcrumb\":{\"@id\":\"https:\\\/\\\/www.zytho.ca\\\/fr\\\/produit\\\/bsccq-crepine-inversee-a-trois-clapets-a-sortie-laterale-dixon\\\/#breadcrumb\"},\"inLanguage\":\"fr-FR\",\"potentialAction\":[{\"@type\":\"ReadAction\",\"target\":[\"https:\\\/\\\/www.zytho.ca\\\/fr\\\/produit\\\/bsccq-crepine-inversee-a-trois-clapets-a-sortie-laterale-dixon\\\/\"]}]},{\"@type\":\"ImageObject\",\"inLanguage\":\"fr-FR\",\"@id\":\"https:\\\/\\\/www.zytho.ca\\\/fr\\\/produit\\\/bsccq-crepine-inversee-a-trois-clapets-a-sortie-laterale-dixon\\\/#primaryimage\",\"url\":\"https:\\\/\\\/www.zytho.ca\\\/wp-content\\\/uploads\\\/2025\\\/10\\\/BSCCQ-Side-Outlet-Tri-Clamp-Reverse-Strainer-Dixon.jpg\",\"contentUrl\":\"https:\\\/\\\/www.zytho.ca\\\/wp-content\\\/uploads\\\/2025\\\/10\\\/BSCCQ-Side-Outlet-Tri-Clamp-Reverse-Strainer-Dixon.jpg\",\"width\":664,\"height\":664},{\"@type\":\"BreadcrumbList\",\"@id\":\"https:\\\/\\\/www.zytho.ca\\\/fr\\\/produit\\\/bsccq-crepine-inversee-a-trois-clapets-a-sortie-laterale-dixon\\\/#breadcrumb\",\"itemListElement\":[{\"@type\":\"ListItem\",\"position\":1,\"name\":\"Accueil\",\"item\":\"https:\\\/\\\/www.zytho.ca\\\/fr\\\/\"},{\"@type\":\"ListItem\",\"position\":2,\"name\":\"Shop\",\"item\":\"https:\\\/\\\/www.zytho.ca\\\/fr\\\/shop\\\/\"},{\"@type\":\"ListItem\",\"position\":3,\"name\":\"BSCCQ Cr\u00e9pine invers\u00e9e \u00e0 trois clapets \u00e0 sortie lat\u00e9rale &#8211; Dixon\"}]},{\"@type\":\"WebSite\",\"@id\":\"https:\\\/\\\/www.zytho.ca\\\/fr\\\/#website\",\"url\":\"https:\\\/\\\/www.zytho.ca\\\/fr\\\/\",\"name\":\"Zytho\",\"description\":\"\",\"publisher\":{\"@id\":\"https:\\\/\\\/www.zytho.ca\\\/fr\\\/#organization\"},\"potentialAction\":[{\"@type\":\"SearchAction\",\"target\":{\"@type\":\"EntryPoint\",\"urlTemplate\":\"https:\\\/\\\/www.zytho.ca\\\/fr\\\/?s={search_term_string}\"},\"query-input\":{\"@type\":\"PropertyValueSpecification\",\"valueRequired\":true,\"valueName\":\"search_term_string\"}}],\"inLanguage\":\"fr-FR\"},{\"@type\":\"Organization\",\"@id\":\"https:\\\/\\\/www.zytho.ca\\\/fr\\\/#organization\",\"name\":\"Zytho\",\"url\":\"https:\\\/\\\/www.zytho.ca\\\/fr\\\/\",\"logo\":{\"@type\":\"ImageObject\",\"inLanguage\":\"fr-FR\",\"@id\":\"https:\\\/\\\/www.zytho.ca\\\/fr\\\/#\\\/schema\\\/logo\\\/image\\\/\",\"url\":\"https:\\\/\\\/www.zytho.ca\\\/wp-content\\\/uploads\\\/2024\\\/05\\\/Zytho_reversed_horizontal.svg\",\"contentUrl\":\"https:\\\/\\\/www.zytho.ca\\\/wp-content\\\/uploads\\\/2024\\\/05\\\/Zytho_reversed_horizontal.svg\",\"width\":1582,\"height\":490,\"caption\":\"Zytho\"},\"image\":{\"@id\":\"https:\\\/\\\/www.zytho.ca\\\/fr\\\/#\\\/schema\\\/logo\\\/image\\\/\"}}]}<\/script>\n<!-- \/ Yoast SEO plugin. -->","yoast_head_json":{"title":"BSCCQ Filtre invers\u00e9 Tri-Clamp \u00e0 sortie lat\u00e9rale - Dixon - Pour brasseries professionnelles | Zytho","description":"Optimisez votre processus de brassage avec la passoire invers\u00e9e BSCCQ Side-Outlet Tri-Clamp de Dixon. Con\u00e7ue pour une installation verticale, elle assure une r\u00e9tention minimale du produit et est conforme aux normes 3A.","robots":{"index":"index","follow":"follow","max-snippet":"max-snippet:-1","max-image-preview":"max-image-preview:large","max-video-preview":"max-video-preview:-1"},"canonical":"https:\/\/www.zytho.ca\/fr\/produit\/bsccq-crepine-inversee-a-trois-clapets-a-sortie-laterale-dixon\/","og_locale":"fr_FR","og_type":"article","og_title":"BSCCQ Filtre invers\u00e9 Tri-Clamp \u00e0 sortie lat\u00e9rale - Dixon - Pour brasseries professionnelles | Zytho","og_description":"Optimisez votre processus de brassage avec la passoire invers\u00e9e BSCCQ Side-Outlet Tri-Clamp de Dixon. Con\u00e7ue pour une installation verticale, elle assure une r\u00e9tention minimale du produit et est conforme aux normes 3A.","og_url":"https:\/\/www.zytho.ca\/fr\/produit\/bsccq-crepine-inversee-a-trois-clapets-a-sortie-laterale-dixon\/","og_site_name":"Zytho","og_image":[{"width":664,"height":664,"url":"https:\/\/www.zytho.ca\/wp-content\/uploads\/2025\/10\/BSCCQ-Side-Outlet-Tri-Clamp-Reverse-Strainer-Dixon.jpg","type":"image\/jpeg"}],"twitter_card":"summary_large_image","twitter_misc":{"Dur\u00e9e de lecture estim\u00e9e":"1 minute"},"schema":{"@context":"https:\/\/schema.org","@graph":[{"@type":"WebPage","@id":"https:\/\/www.zytho.ca\/fr\/produit\/bsccq-crepine-inversee-a-trois-clapets-a-sortie-laterale-dixon\/","url":"https:\/\/www.zytho.ca\/fr\/produit\/bsccq-crepine-inversee-a-trois-clapets-a-sortie-laterale-dixon\/","name":"BSCCQ Filtre invers\u00e9 Tri-Clamp \u00e0 sortie lat\u00e9rale - Dixon - Pour brasseries professionnelles | Zytho","isPartOf":{"@id":"https:\/\/www.zytho.ca\/fr\/#website"},"primaryImageOfPage":{"@id":"https:\/\/www.zytho.ca\/fr\/produit\/bsccq-crepine-inversee-a-trois-clapets-a-sortie-laterale-dixon\/#primaryimage"},"image":{"@id":"https:\/\/www.zytho.ca\/fr\/produit\/bsccq-crepine-inversee-a-trois-clapets-a-sortie-laterale-dixon\/#primaryimage"},"thumbnailUrl":"https:\/\/www.zytho.ca\/wp-content\/uploads\/2025\/10\/BSCCQ-Side-Outlet-Tri-Clamp-Reverse-Strainer-Dixon.jpg","datePublished":"2025-10-27T15:56:00+00:00","description":"Optimisez votre processus de brassage avec la passoire invers\u00e9e BSCCQ Side-Outlet Tri-Clamp de Dixon. Con\u00e7ue pour une installation verticale, elle assure une r\u00e9tention minimale du produit et est conforme aux normes 3A.","breadcrumb":{"@id":"https:\/\/www.zytho.ca\/fr\/produit\/bsccq-crepine-inversee-a-trois-clapets-a-sortie-laterale-dixon\/#breadcrumb"},"inLanguage":"fr-FR","potentialAction":[{"@type":"ReadAction","target":["https:\/\/www.zytho.ca\/fr\/produit\/bsccq-crepine-inversee-a-trois-clapets-a-sortie-laterale-dixon\/"]}]},{"@type":"ImageObject","inLanguage":"fr-FR","@id":"https:\/\/www.zytho.ca\/fr\/produit\/bsccq-crepine-inversee-a-trois-clapets-a-sortie-laterale-dixon\/#primaryimage","url":"https:\/\/www.zytho.ca\/wp-content\/uploads\/2025\/10\/BSCCQ-Side-Outlet-Tri-Clamp-Reverse-Strainer-Dixon.jpg","contentUrl":"https:\/\/www.zytho.ca\/wp-content\/uploads\/2025\/10\/BSCCQ-Side-Outlet-Tri-Clamp-Reverse-Strainer-Dixon.jpg","width":664,"height":664},{"@type":"BreadcrumbList","@id":"https:\/\/www.zytho.ca\/fr\/produit\/bsccq-crepine-inversee-a-trois-clapets-a-sortie-laterale-dixon\/#breadcrumb","itemListElement":[{"@type":"ListItem","position":1,"name":"Accueil","item":"https:\/\/www.zytho.ca\/fr\/"},{"@type":"ListItem","position":2,"name":"Shop","item":"https:\/\/www.zytho.ca\/fr\/shop\/"},{"@type":"ListItem","position":3,"name":"BSCCQ Cr\u00e9pine invers\u00e9e \u00e0 trois clapets \u00e0 sortie lat\u00e9rale &#8211; Dixon"}]},{"@type":"WebSite","@id":"https:\/\/www.zytho.ca\/fr\/#website","url":"https:\/\/www.zytho.ca\/fr\/","name":"Zytho","description":"","publisher":{"@id":"https:\/\/www.zytho.ca\/fr\/#organization"},"potentialAction":[{"@type":"SearchAction","target":{"@type":"EntryPoint","urlTemplate":"https:\/\/www.zytho.ca\/fr\/?s={search_term_string}"},"query-input":{"@type":"PropertyValueSpecification","valueRequired":true,"valueName":"search_term_string"}}],"inLanguage":"fr-FR"},{"@type":"Organization","@id":"https:\/\/www.zytho.ca\/fr\/#organization","name":"Zytho","url":"https:\/\/www.zytho.ca\/fr\/","logo":{"@type":"ImageObject","inLanguage":"fr-FR","@id":"https:\/\/www.zytho.ca\/fr\/#\/schema\/logo\/image\/","url":"https:\/\/www.zytho.ca\/wp-content\/uploads\/2024\/05\/Zytho_reversed_horizontal.svg","contentUrl":"https:\/\/www.zytho.ca\/wp-content\/uploads\/2024\/05\/Zytho_reversed_horizontal.svg","width":1582,"height":490,"caption":"Zytho"},"image":{"@id":"https:\/\/www.zytho.ca\/fr\/#\/schema\/logo\/image\/"}}]}},"_links":{"self":[{"href":"https:\/\/www.zytho.ca\/fr\/wp-json\/wp\/v2\/product\/14435","targetHints":{"allow":["GET"]}}],"collection":[{"href":"https:\/\/www.zytho.ca\/fr\/wp-json\/wp\/v2\/product"}],"about":[{"href":"https:\/\/www.zytho.ca\/fr\/wp-json\/wp\/v2\/types\/product"}],"wp:featuredmedia":[{"embeddable":true,"href":"https:\/\/www.zytho.ca\/fr\/wp-json\/wp\/v2\/media\/14437"}],"wp:attachment":[{"href":"https:\/\/www.zytho.ca\/fr\/wp-json\/wp\/v2\/media?parent=14435"}],"wp:term":[{"taxonomy":"product_brand","embeddable":true,"href":"https:\/\/www.zytho.ca\/fr\/wp-json\/wp\/v2\/product_brand?post=14435"},{"taxonomy":"product_cat","embeddable":true,"href":"https:\/\/www.zytho.ca\/fr\/wp-json\/wp\/v2\/product_cat?post=14435"},{"taxonomy":"product_tag","embeddable":true,"href":"https:\/\/www.zytho.ca\/fr\/wp-json\/wp\/v2\/product_tag?post=14435"}],"curies":[{"name":"wp","href":"https:\/\/api.w.org\/{rel}","templated":true}]}}