{"id":14412,"date":"2025-10-27T15:56:05","date_gmt":"2025-10-27T15:56:05","guid":{"rendered":"https:\/\/zytho.ca\/product\/bsccq-long-in-line-tri-clamp-filter-strainer-dixon\/"},"modified":"2025-10-27T15:56:05","modified_gmt":"2025-10-27T15:56:05","slug":"bsccq-long-in-line-tri-clamp-filter-strainer-dixon","status":"publish","type":"product","link":"https:\/\/www.zytho.ca\/fr\/produit\/bsccq-long-in-line-tri-clamp-filter-strainer-dixon\/","title":{"rendered":"BSCCQ Long In-line Tri-Clamp Filter \/ Strainer &#8211; Dixon"},"content":{"rendered":"<h6><strong>Avantages :<\/strong><\/h6>\n<ul>\n<li>Les unit\u00e9s en ligne standard sont \u00e9quip\u00e9es de composants essentiels, notamment d&#8217;un ressort, d&#8217;un capuchon de distributeur, d&#8217;un joint de serrage, d&#8217;un tube de secours perfor\u00e9 de 1\/4&#8243;, de corps d&#8217;entr\u00e9e et de sortie et d&#8217;un collier de serrage.<\/li>\n<\/ul>\n<h6><strong>D\u00e9tails du produit :<\/strong><\/h6>\n<ul>\n<li>Autorisation num\u00e9ro 1446 pour la conformit\u00e9 \u00e0 la norme sanitaire 3-A pour les filtres utilisant un m\u00e9dia filtrant \u00e0 service unique, num\u00e9ro de norme : 10-4.<\/li>\n<li>L&#8217;installation verticale est n\u00e9cessaire pour respecter les normes 3A 10-04, ce qui garantit une r\u00e9tention minimale du produit.<\/li>\n<\/ul>\n<h6><strong>Options de personnalisation :<\/strong><\/h6>\n<ul>\n<li>Les commandes personnalis\u00e9es peuvent inclure des configurations de si\u00e8ge en biseau, de ligne en I et d&#8217;extr\u00e9mit\u00e9 \u00e0 souder.<\/li>\n<li>Un tube de secours perfor\u00e9 de 1\/8&#8243; est disponible pour les commandes personnalis\u00e9es, mais il n&#8217;est pas certifi\u00e9 3A.<\/li>\n<\/ul>\n<h6><strong>R\u00e9f\u00e9rence catalogue :<\/strong><\/h6>\n<ul>\n<li><a href=\"https:\/\/www.dixonvalve.com\/sites\/default\/files\/product\/pages\/us\/DPL418%20-%20621.pdf\">DPL418 &#8211; 621<\/a><\/li>\n<\/ul>\n<h6><strong>Certifications :<\/strong><\/h6>\n<ul>\n<li><a href=\"https:\/\/www.dixonvalve.com\/sites\/default\/files\/product\/certifications\/1446%2010-04.pdf\">Certificat 3A<\/a><\/li>\n<\/ul>\n<h6><strong>Sp\u00e9cifications dimensionnelles :<\/strong><\/h6>\n<ul>\n<li><a href=\"https:\/\/www.dixonvalve.com\/sites\/default\/files\/product\/files\/dimensional-specs\/BSCCQ2-R150.pdf\">Sp\u00e9cifications dimensionnelles<\/a><\/li>\n<\/ul>\n","protected":false},"excerpt":{"rendered":"<h4>Principaux avantages du filtre \u00e0 trois pinces en ligne BSCCQ pour les brasseurs professionnels :<\/h4>\n<ul>\n<li>Garantit la conformit\u00e9 aux normes sanitaires 3-A, ce qui permet d&#8217;assurer la qualit\u00e9 des processus de brassage en toute tranquillit\u00e9.<\/li>\n<li>Offre des configurations personnalisables pour r\u00e9pondre aux exigences sp\u00e9cifiques des syst\u00e8mes de brassage, am\u00e9liorant ainsi la flexibilit\u00e9 op\u00e9rationnelle.<\/li>\n<li>Con\u00e7us pour une installation verticale afin de minimiser la r\u00e9tention du produit, ils optimisent l&#8217;efficacit\u00e9 et le rendement du produit.<\/li>\n<\/ul>\n","protected":false},"featured_media":14417,"template":"","meta":{"_acf_changed":false,"inline_featured_image":false},"product_brand":[740],"product_cat":[736,832,741],"product_tag":[],"class_list":{"0":"post-14412","1":"product","2":"type-product","3":"status-publish","4":"has-post-thumbnail","6":"product_brand-dixon","7":"product_cat-distribution","8":"product_cat-filtres-et-tamis-sanitaires","9":"product_cat-materiel","11":"first","12":"instock","13":"taxable","14":"shipping-taxable","15":"purchasable","16":"product-type-variable"},"acf":[],"yoast_head":"<!-- This site is optimized with the Yoast SEO plugin v27.6 - https:\/\/yoast.com\/product\/yoast-seo-wordpress\/ -->\n<title>BSCCQ Long In-line Tri-Clamp Filter \/ Strainer - Dixon - For Pro Breweries | Zytho<\/title>\n<meta name=\"description\" content=\"Optimisez votre processus de brassage avec le filtre\/filtre BSCCQ Long In-line Tri-Clamp de Dixon. Conforme aux normes 3-A, personnalisable et parfait pour les brasseurs professionnels.\" \/>\n<meta name=\"robots\" content=\"index, follow, max-snippet:-1, max-image-preview:large, max-video-preview:-1\" \/>\n<link rel=\"canonical\" href=\"https:\/\/www.zytho.ca\/fr\/produit\/bsccq-long-in-line-tri-clamp-filter-strainer-dixon\/\" \/>\n<meta property=\"og:locale\" content=\"fr_FR\" \/>\n<meta property=\"og:type\" content=\"article\" \/>\n<meta property=\"og:title\" content=\"BSCCQ Long In-line Tri-Clamp Filter \/ Strainer - Dixon - For Pro Breweries | Zytho\" \/>\n<meta property=\"og:description\" content=\"Optimisez votre processus de brassage avec le filtre\/filtre BSCCQ Long In-line Tri-Clamp de Dixon. Conforme aux normes 3-A, personnalisable et parfait pour les brasseurs professionnels.\" \/>\n<meta property=\"og:url\" content=\"https:\/\/www.zytho.ca\/fr\/produit\/bsccq-long-in-line-tri-clamp-filter-strainer-dixon\/\" \/>\n<meta property=\"og:site_name\" content=\"Zytho\" \/>\n<meta property=\"og:image\" content=\"https:\/\/www.zytho.ca\/wp-content\/uploads\/2025\/10\/BSCCQ-Long-In-line-Tri-Clamp-Filter-Strainer-Dixon.jpg\" \/>\n\t<meta property=\"og:image:width\" content=\"243\" \/>\n\t<meta property=\"og:image:height\" content=\"243\" \/>\n\t<meta property=\"og:image:type\" content=\"image\/jpeg\" \/>\n<meta name=\"twitter:card\" content=\"summary_large_image\" \/>\n<meta name=\"twitter:label1\" content=\"Dur\u00e9e de lecture estim\u00e9e\" \/>\n\t<meta name=\"twitter:data1\" content=\"1 minute\" \/>\n<script type=\"application\/ld+json\" class=\"yoast-schema-graph\">{\"@context\":\"https:\\\/\\\/schema.org\",\"@graph\":[{\"@type\":\"WebPage\",\"@id\":\"https:\\\/\\\/www.zytho.ca\\\/fr\\\/produit\\\/bsccq-long-in-line-tri-clamp-filter-strainer-dixon\\\/\",\"url\":\"https:\\\/\\\/www.zytho.ca\\\/fr\\\/produit\\\/bsccq-long-in-line-tri-clamp-filter-strainer-dixon\\\/\",\"name\":\"BSCCQ Long In-line Tri-Clamp Filter \\\/ Strainer - Dixon - For Pro Breweries | Zytho\",\"isPartOf\":{\"@id\":\"https:\\\/\\\/www.zytho.ca\\\/fr\\\/#website\"},\"primaryImageOfPage\":{\"@id\":\"https:\\\/\\\/www.zytho.ca\\\/fr\\\/produit\\\/bsccq-long-in-line-tri-clamp-filter-strainer-dixon\\\/#primaryimage\"},\"image\":{\"@id\":\"https:\\\/\\\/www.zytho.ca\\\/fr\\\/produit\\\/bsccq-long-in-line-tri-clamp-filter-strainer-dixon\\\/#primaryimage\"},\"thumbnailUrl\":\"https:\\\/\\\/www.zytho.ca\\\/wp-content\\\/uploads\\\/2025\\\/10\\\/BSCCQ-Long-In-line-Tri-Clamp-Filter-Strainer-Dixon.jpg\",\"datePublished\":\"2025-10-27T15:56:05+00:00\",\"description\":\"Optimisez votre processus de brassage avec le filtre\\\/filtre BSCCQ Long In-line Tri-Clamp de Dixon. Conforme aux normes 3-A, personnalisable et parfait pour les brasseurs professionnels.\",\"breadcrumb\":{\"@id\":\"https:\\\/\\\/www.zytho.ca\\\/fr\\\/produit\\\/bsccq-long-in-line-tri-clamp-filter-strainer-dixon\\\/#breadcrumb\"},\"inLanguage\":\"fr-FR\",\"potentialAction\":[{\"@type\":\"ReadAction\",\"target\":[\"https:\\\/\\\/www.zytho.ca\\\/fr\\\/produit\\\/bsccq-long-in-line-tri-clamp-filter-strainer-dixon\\\/\"]}]},{\"@type\":\"ImageObject\",\"inLanguage\":\"fr-FR\",\"@id\":\"https:\\\/\\\/www.zytho.ca\\\/fr\\\/produit\\\/bsccq-long-in-line-tri-clamp-filter-strainer-dixon\\\/#primaryimage\",\"url\":\"https:\\\/\\\/www.zytho.ca\\\/wp-content\\\/uploads\\\/2025\\\/10\\\/BSCCQ-Long-In-line-Tri-Clamp-Filter-Strainer-Dixon.jpg\",\"contentUrl\":\"https:\\\/\\\/www.zytho.ca\\\/wp-content\\\/uploads\\\/2025\\\/10\\\/BSCCQ-Long-In-line-Tri-Clamp-Filter-Strainer-Dixon.jpg\",\"width\":243,\"height\":243},{\"@type\":\"BreadcrumbList\",\"@id\":\"https:\\\/\\\/www.zytho.ca\\\/fr\\\/produit\\\/bsccq-long-in-line-tri-clamp-filter-strainer-dixon\\\/#breadcrumb\",\"itemListElement\":[{\"@type\":\"ListItem\",\"position\":1,\"name\":\"Accueil\",\"item\":\"https:\\\/\\\/www.zytho.ca\\\/fr\\\/\"},{\"@type\":\"ListItem\",\"position\":2,\"name\":\"Shop\",\"item\":\"https:\\\/\\\/www.zytho.ca\\\/fr\\\/shop\\\/\"},{\"@type\":\"ListItem\",\"position\":3,\"name\":\"BSCCQ Long In-line Tri-Clamp Filter \\\/ Strainer &#8211; Dixon\"}]},{\"@type\":\"WebSite\",\"@id\":\"https:\\\/\\\/www.zytho.ca\\\/fr\\\/#website\",\"url\":\"https:\\\/\\\/www.zytho.ca\\\/fr\\\/\",\"name\":\"Zytho\",\"description\":\"\",\"publisher\":{\"@id\":\"https:\\\/\\\/www.zytho.ca\\\/fr\\\/#organization\"},\"potentialAction\":[{\"@type\":\"SearchAction\",\"target\":{\"@type\":\"EntryPoint\",\"urlTemplate\":\"https:\\\/\\\/www.zytho.ca\\\/fr\\\/?s={search_term_string}\"},\"query-input\":{\"@type\":\"PropertyValueSpecification\",\"valueRequired\":true,\"valueName\":\"search_term_string\"}}],\"inLanguage\":\"fr-FR\"},{\"@type\":\"Organization\",\"@id\":\"https:\\\/\\\/www.zytho.ca\\\/fr\\\/#organization\",\"name\":\"Zytho\",\"url\":\"https:\\\/\\\/www.zytho.ca\\\/fr\\\/\",\"logo\":{\"@type\":\"ImageObject\",\"inLanguage\":\"fr-FR\",\"@id\":\"https:\\\/\\\/www.zytho.ca\\\/fr\\\/#\\\/schema\\\/logo\\\/image\\\/\",\"url\":\"https:\\\/\\\/www.zytho.ca\\\/wp-content\\\/uploads\\\/2024\\\/05\\\/Zytho_reversed_horizontal.svg\",\"contentUrl\":\"https:\\\/\\\/www.zytho.ca\\\/wp-content\\\/uploads\\\/2024\\\/05\\\/Zytho_reversed_horizontal.svg\",\"width\":1582,\"height\":490,\"caption\":\"Zytho\"},\"image\":{\"@id\":\"https:\\\/\\\/www.zytho.ca\\\/fr\\\/#\\\/schema\\\/logo\\\/image\\\/\"}}]}<\/script>\n<!-- \/ Yoast SEO plugin. -->","yoast_head_json":{"title":"BSCCQ Long In-line Tri-Clamp Filter \/ Strainer - Dixon - For Pro Breweries | Zytho","description":"Optimisez votre processus de brassage avec le filtre\/filtre BSCCQ Long In-line Tri-Clamp de Dixon. Conforme aux normes 3-A, personnalisable et parfait pour les brasseurs professionnels.","robots":{"index":"index","follow":"follow","max-snippet":"max-snippet:-1","max-image-preview":"max-image-preview:large","max-video-preview":"max-video-preview:-1"},"canonical":"https:\/\/www.zytho.ca\/fr\/produit\/bsccq-long-in-line-tri-clamp-filter-strainer-dixon\/","og_locale":"fr_FR","og_type":"article","og_title":"BSCCQ Long In-line Tri-Clamp Filter \/ Strainer - Dixon - For Pro Breweries | Zytho","og_description":"Optimisez votre processus de brassage avec le filtre\/filtre BSCCQ Long In-line Tri-Clamp de Dixon. Conforme aux normes 3-A, personnalisable et parfait pour les brasseurs professionnels.","og_url":"https:\/\/www.zytho.ca\/fr\/produit\/bsccq-long-in-line-tri-clamp-filter-strainer-dixon\/","og_site_name":"Zytho","og_image":[{"width":243,"height":243,"url":"https:\/\/www.zytho.ca\/wp-content\/uploads\/2025\/10\/BSCCQ-Long-In-line-Tri-Clamp-Filter-Strainer-Dixon.jpg","type":"image\/jpeg"}],"twitter_card":"summary_large_image","twitter_misc":{"Dur\u00e9e de lecture estim\u00e9e":"1 minute"},"schema":{"@context":"https:\/\/schema.org","@graph":[{"@type":"WebPage","@id":"https:\/\/www.zytho.ca\/fr\/produit\/bsccq-long-in-line-tri-clamp-filter-strainer-dixon\/","url":"https:\/\/www.zytho.ca\/fr\/produit\/bsccq-long-in-line-tri-clamp-filter-strainer-dixon\/","name":"BSCCQ Long In-line Tri-Clamp Filter \/ Strainer - Dixon - For Pro Breweries | Zytho","isPartOf":{"@id":"https:\/\/www.zytho.ca\/fr\/#website"},"primaryImageOfPage":{"@id":"https:\/\/www.zytho.ca\/fr\/produit\/bsccq-long-in-line-tri-clamp-filter-strainer-dixon\/#primaryimage"},"image":{"@id":"https:\/\/www.zytho.ca\/fr\/produit\/bsccq-long-in-line-tri-clamp-filter-strainer-dixon\/#primaryimage"},"thumbnailUrl":"https:\/\/www.zytho.ca\/wp-content\/uploads\/2025\/10\/BSCCQ-Long-In-line-Tri-Clamp-Filter-Strainer-Dixon.jpg","datePublished":"2025-10-27T15:56:05+00:00","description":"Optimisez votre processus de brassage avec le filtre\/filtre BSCCQ Long In-line Tri-Clamp de Dixon. Conforme aux normes 3-A, personnalisable et parfait pour les brasseurs professionnels.","breadcrumb":{"@id":"https:\/\/www.zytho.ca\/fr\/produit\/bsccq-long-in-line-tri-clamp-filter-strainer-dixon\/#breadcrumb"},"inLanguage":"fr-FR","potentialAction":[{"@type":"ReadAction","target":["https:\/\/www.zytho.ca\/fr\/produit\/bsccq-long-in-line-tri-clamp-filter-strainer-dixon\/"]}]},{"@type":"ImageObject","inLanguage":"fr-FR","@id":"https:\/\/www.zytho.ca\/fr\/produit\/bsccq-long-in-line-tri-clamp-filter-strainer-dixon\/#primaryimage","url":"https:\/\/www.zytho.ca\/wp-content\/uploads\/2025\/10\/BSCCQ-Long-In-line-Tri-Clamp-Filter-Strainer-Dixon.jpg","contentUrl":"https:\/\/www.zytho.ca\/wp-content\/uploads\/2025\/10\/BSCCQ-Long-In-line-Tri-Clamp-Filter-Strainer-Dixon.jpg","width":243,"height":243},{"@type":"BreadcrumbList","@id":"https:\/\/www.zytho.ca\/fr\/produit\/bsccq-long-in-line-tri-clamp-filter-strainer-dixon\/#breadcrumb","itemListElement":[{"@type":"ListItem","position":1,"name":"Accueil","item":"https:\/\/www.zytho.ca\/fr\/"},{"@type":"ListItem","position":2,"name":"Shop","item":"https:\/\/www.zytho.ca\/fr\/shop\/"},{"@type":"ListItem","position":3,"name":"BSCCQ Long In-line Tri-Clamp Filter \/ Strainer &#8211; Dixon"}]},{"@type":"WebSite","@id":"https:\/\/www.zytho.ca\/fr\/#website","url":"https:\/\/www.zytho.ca\/fr\/","name":"Zytho","description":"","publisher":{"@id":"https:\/\/www.zytho.ca\/fr\/#organization"},"potentialAction":[{"@type":"SearchAction","target":{"@type":"EntryPoint","urlTemplate":"https:\/\/www.zytho.ca\/fr\/?s={search_term_string}"},"query-input":{"@type":"PropertyValueSpecification","valueRequired":true,"valueName":"search_term_string"}}],"inLanguage":"fr-FR"},{"@type":"Organization","@id":"https:\/\/www.zytho.ca\/fr\/#organization","name":"Zytho","url":"https:\/\/www.zytho.ca\/fr\/","logo":{"@type":"ImageObject","inLanguage":"fr-FR","@id":"https:\/\/www.zytho.ca\/fr\/#\/schema\/logo\/image\/","url":"https:\/\/www.zytho.ca\/wp-content\/uploads\/2024\/05\/Zytho_reversed_horizontal.svg","contentUrl":"https:\/\/www.zytho.ca\/wp-content\/uploads\/2024\/05\/Zytho_reversed_horizontal.svg","width":1582,"height":490,"caption":"Zytho"},"image":{"@id":"https:\/\/www.zytho.ca\/fr\/#\/schema\/logo\/image\/"}}]}},"_links":{"self":[{"href":"https:\/\/www.zytho.ca\/fr\/wp-json\/wp\/v2\/product\/14412","targetHints":{"allow":["GET"]}}],"collection":[{"href":"https:\/\/www.zytho.ca\/fr\/wp-json\/wp\/v2\/product"}],"about":[{"href":"https:\/\/www.zytho.ca\/fr\/wp-json\/wp\/v2\/types\/product"}],"wp:featuredmedia":[{"embeddable":true,"href":"https:\/\/www.zytho.ca\/fr\/wp-json\/wp\/v2\/media\/14417"}],"wp:attachment":[{"href":"https:\/\/www.zytho.ca\/fr\/wp-json\/wp\/v2\/media?parent=14412"}],"wp:term":[{"taxonomy":"product_brand","embeddable":true,"href":"https:\/\/www.zytho.ca\/fr\/wp-json\/wp\/v2\/product_brand?post=14412"},{"taxonomy":"product_cat","embeddable":true,"href":"https:\/\/www.zytho.ca\/fr\/wp-json\/wp\/v2\/product_cat?post=14412"},{"taxonomy":"product_tag","embeddable":true,"href":"https:\/\/www.zytho.ca\/fr\/wp-json\/wp\/v2\/product_tag?post=14412"}],"curies":[{"name":"wp","href":"https:\/\/api.w.org\/{rel}","templated":true}]}}