{"id":14368,"date":"2025-10-27T15:56:10","date_gmt":"2025-10-27T15:56:10","guid":{"rendered":"https:\/\/zytho.ca\/product\/b2cm31mp-coude-non-conique-90-reducteur-tri-clamp-dixon\/"},"modified":"2025-10-27T15:56:10","modified_gmt":"2025-10-27T15:56:10","slug":"b2cm31mp-coude-non-conique-90-reducteur-tri-clamp-dixon","status":"publish","type":"product","link":"https:\/\/www.zytho.ca\/fr\/produit\/b2cm31mp-coude-non-conique-90-reducteur-tri-clamp-dixon\/","title":{"rendered":"B2CM31MP Coude non conique 90\u00b0 r\u00e9ducteur Tri-Clamp &#8211; Dixon"},"content":{"rendered":"<h6><strong>Avantages :<\/strong><\/h6>\n<ul>\n<li>Garantit des connexions s\u00fbres et hygi\u00e9niques dans les syst\u00e8mes de tuyauterie des secteurs de l&#8217;alimentation, des boissons, de la biotechnologie et de la pharmacie.<\/li>\n<li>Con\u00e7u pour s&#8217;adapter aux contraintes d&#8217;espace avec une extr\u00e9mit\u00e9 \u00e0 embout et une extr\u00e9mit\u00e9 plus large, \u00e9liminant le besoin d&#8217;un r\u00e9ducteur s\u00e9par\u00e9.<\/li>\n<li>Conforme aux certifications ASME A270 et 3A, garantissant le respect des normes industrielles.<\/li>\n<\/ul>\n<p>Les triples colliers sont un choix courant pour les raccords sanitaires en Am\u00e9rique du Nord. Ces raccords comportent un joint plac\u00e9 entre deux bagues ou deux brides, fix\u00e9 par un collier pour assurer une \u00e9tanch\u00e9it\u00e9 fiable. Fabriqu\u00e9s en acier inoxydable, ils sont id\u00e9aux pour les applications dans les industries r\u00e9glement\u00e9es.  <\/p>\n<h6><strong>D\u00e9tails du produit :<\/strong><\/h6>\n<ul>\n<li>3-A Normes sanitaires pour les raccords sanitaires, num\u00e9ro 63-03 (autorisation num\u00e9ro 621).<\/li>\n<\/ul>\n<h6><strong>Certifications :<\/strong><\/h6>\n<ul>\n<li><a href=\"https:\/\/www.dixonvalve.com\/sites\/default\/files\/product\/certifications\/621%2063-03.pdf\">Certificat 3A<\/a><\/li>\n<\/ul>\n<h6><strong>Sp\u00e9cifications dimensionnelles :<\/strong><\/h6>\n<ul>\n<li><a href=\"https:\/\/www.dixonvalve.com\/sites\/default\/files\/product\/files\/dimensional-specs\/B2CM31MPG200150.pdf\">Sp\u00e9cifications dimensionnelles<\/a><\/li>\n<\/ul>\n","protected":false},"excerpt":{"rendered":"<h4>Principaux avantages :<\/h4>\n<ul>\n<li>Garantit des connexions s\u00fbres et hygi\u00e9niques, id\u00e9al pour les environnements de brassage professionnels.<\/li>\n<li>Conception peu encombrante avec r\u00e9ducteur int\u00e9gr\u00e9, simplifiant l&#8217;installation.<\/li>\n<li>Conforme aux normes ASME A270 et 3A, garantissant la conformit\u00e9 avec l&#8217;industrie.<\/li>\n<\/ul>\n","protected":false},"featured_media":14371,"template":"","meta":{"_acf_changed":false,"inline_featured_image":false},"product_brand":[740],"product_cat":[736,741,753],"product_tag":[763,754,762,755,756,760,759,758,757,761],"class_list":{"0":"post-14368","1":"product","2":"type-product","3":"status-publish","4":"has-post-thumbnail","6":"product_brand-dixon","7":"product_cat-distribution","8":"product_cat-materiel","9":"product_cat-raccords-tri-clamp","10":"product_tag-acier-inoxydable","11":"product_tag-brasserie","12":"product_tag-cave","13":"product_tag-distillerie","14":"product_tag-inoxydable","15":"product_tag-raccord-tri-clamp","16":"product_tag-raccords-tri-clamp","17":"product_tag-tri-clamp","18":"product_tag-tri-clamp-en-acier-inoxydable","19":"product_tag-triclamp","21":"first","22":"instock","23":"taxable","24":"shipping-taxable","25":"purchasable","26":"product-type-variable"},"acf":[],"yoast_head":"<!-- This site is optimized with the Yoast SEO plugin v27.6 - https:\/\/yoast.com\/product\/yoast-seo-wordpress\/ -->\n<title>B2CM31MP Coude 90\u00b0 non conique r\u00e9ducteur Tri-Clamp - Dixon - Dixon - Pour brasseries professionnelles | Zytho<\/title>\n<meta name=\"description\" content=\"D\u00e9couvrez le B2CM31MP 90\u00b0 Non-Tapered Reducing Tri-Clamp Elbow de Dixon, assurant des connexions s\u00e9curis\u00e9es et sanitaires pour les brasseries. Conforme aux normes ASME A270 &amp; 3A.\" \/>\n<meta name=\"robots\" content=\"index, follow, max-snippet:-1, max-image-preview:large, max-video-preview:-1\" \/>\n<link rel=\"canonical\" href=\"https:\/\/www.zytho.ca\/fr\/produit\/b2cm31mp-coude-non-conique-90-reducteur-tri-clamp-dixon\/\" \/>\n<meta property=\"og:locale\" content=\"fr_FR\" \/>\n<meta property=\"og:type\" content=\"article\" \/>\n<meta property=\"og:title\" content=\"B2CM31MP Coude 90\u00b0 non conique r\u00e9ducteur Tri-Clamp - Dixon - Dixon - Pour brasseries professionnelles | Zytho\" \/>\n<meta property=\"og:description\" content=\"D\u00e9couvrez le B2CM31MP 90\u00b0 Non-Tapered Reducing Tri-Clamp Elbow de Dixon, assurant des connexions s\u00e9curis\u00e9es et sanitaires pour les brasseries. Conforme aux normes ASME A270 &amp; 3A.\" \/>\n<meta property=\"og:url\" content=\"https:\/\/www.zytho.ca\/fr\/produit\/b2cm31mp-coude-non-conique-90-reducteur-tri-clamp-dixon\/\" \/>\n<meta property=\"og:site_name\" content=\"Zytho\" \/>\n<meta property=\"og:image\" content=\"https:\/\/www.zytho.ca\/wp-content\/uploads\/2025\/10\/B2CM31MP-90deg-Non-Tapered-Reducing-Tri-Clamp-Elbow-Dixon.jpg\" \/>\n\t<meta property=\"og:image:width\" content=\"522\" \/>\n\t<meta property=\"og:image:height\" content=\"522\" \/>\n\t<meta property=\"og:image:type\" content=\"image\/jpeg\" \/>\n<meta name=\"twitter:card\" content=\"summary_large_image\" \/>\n<meta name=\"twitter:label1\" content=\"Dur\u00e9e de lecture estim\u00e9e\" \/>\n\t<meta name=\"twitter:data1\" content=\"1 minute\" \/>\n<script type=\"application\/ld+json\" class=\"yoast-schema-graph\">{\"@context\":\"https:\\\/\\\/schema.org\",\"@graph\":[{\"@type\":\"WebPage\",\"@id\":\"https:\\\/\\\/www.zytho.ca\\\/fr\\\/produit\\\/b2cm31mp-coude-non-conique-90-reducteur-tri-clamp-dixon\\\/\",\"url\":\"https:\\\/\\\/www.zytho.ca\\\/fr\\\/produit\\\/b2cm31mp-coude-non-conique-90-reducteur-tri-clamp-dixon\\\/\",\"name\":\"B2CM31MP Coude 90\u00b0 non conique r\u00e9ducteur Tri-Clamp - Dixon - Dixon - Pour brasseries professionnelles | Zytho\",\"isPartOf\":{\"@id\":\"https:\\\/\\\/www.zytho.ca\\\/fr\\\/#website\"},\"primaryImageOfPage\":{\"@id\":\"https:\\\/\\\/www.zytho.ca\\\/fr\\\/produit\\\/b2cm31mp-coude-non-conique-90-reducteur-tri-clamp-dixon\\\/#primaryimage\"},\"image\":{\"@id\":\"https:\\\/\\\/www.zytho.ca\\\/fr\\\/produit\\\/b2cm31mp-coude-non-conique-90-reducteur-tri-clamp-dixon\\\/#primaryimage\"},\"thumbnailUrl\":\"https:\\\/\\\/www.zytho.ca\\\/wp-content\\\/uploads\\\/2025\\\/10\\\/B2CM31MP-90deg-Non-Tapered-Reducing-Tri-Clamp-Elbow-Dixon.jpg\",\"datePublished\":\"2025-10-27T15:56:10+00:00\",\"description\":\"D\u00e9couvrez le B2CM31MP 90\u00b0 Non-Tapered Reducing Tri-Clamp Elbow de Dixon, assurant des connexions s\u00e9curis\u00e9es et sanitaires pour les brasseries. Conforme aux normes ASME A270 & 3A.\",\"breadcrumb\":{\"@id\":\"https:\\\/\\\/www.zytho.ca\\\/fr\\\/produit\\\/b2cm31mp-coude-non-conique-90-reducteur-tri-clamp-dixon\\\/#breadcrumb\"},\"inLanguage\":\"fr-FR\",\"potentialAction\":[{\"@type\":\"ReadAction\",\"target\":[\"https:\\\/\\\/www.zytho.ca\\\/fr\\\/produit\\\/b2cm31mp-coude-non-conique-90-reducteur-tri-clamp-dixon\\\/\"]}]},{\"@type\":\"ImageObject\",\"inLanguage\":\"fr-FR\",\"@id\":\"https:\\\/\\\/www.zytho.ca\\\/fr\\\/produit\\\/b2cm31mp-coude-non-conique-90-reducteur-tri-clamp-dixon\\\/#primaryimage\",\"url\":\"https:\\\/\\\/www.zytho.ca\\\/wp-content\\\/uploads\\\/2025\\\/10\\\/B2CM31MP-90deg-Non-Tapered-Reducing-Tri-Clamp-Elbow-Dixon.jpg\",\"contentUrl\":\"https:\\\/\\\/www.zytho.ca\\\/wp-content\\\/uploads\\\/2025\\\/10\\\/B2CM31MP-90deg-Non-Tapered-Reducing-Tri-Clamp-Elbow-Dixon.jpg\",\"width\":522,\"height\":522},{\"@type\":\"BreadcrumbList\",\"@id\":\"https:\\\/\\\/www.zytho.ca\\\/fr\\\/produit\\\/b2cm31mp-coude-non-conique-90-reducteur-tri-clamp-dixon\\\/#breadcrumb\",\"itemListElement\":[{\"@type\":\"ListItem\",\"position\":1,\"name\":\"Accueil\",\"item\":\"https:\\\/\\\/www.zytho.ca\\\/fr\\\/\"},{\"@type\":\"ListItem\",\"position\":2,\"name\":\"Shop\",\"item\":\"https:\\\/\\\/www.zytho.ca\\\/fr\\\/shop\\\/\"},{\"@type\":\"ListItem\",\"position\":3,\"name\":\"B2CM31MP Coude non conique 90\u00b0 r\u00e9ducteur Tri-Clamp &#8211; Dixon\"}]},{\"@type\":\"WebSite\",\"@id\":\"https:\\\/\\\/www.zytho.ca\\\/fr\\\/#website\",\"url\":\"https:\\\/\\\/www.zytho.ca\\\/fr\\\/\",\"name\":\"Zytho\",\"description\":\"\",\"publisher\":{\"@id\":\"https:\\\/\\\/www.zytho.ca\\\/fr\\\/#organization\"},\"potentialAction\":[{\"@type\":\"SearchAction\",\"target\":{\"@type\":\"EntryPoint\",\"urlTemplate\":\"https:\\\/\\\/www.zytho.ca\\\/fr\\\/?s={search_term_string}\"},\"query-input\":{\"@type\":\"PropertyValueSpecification\",\"valueRequired\":true,\"valueName\":\"search_term_string\"}}],\"inLanguage\":\"fr-FR\"},{\"@type\":\"Organization\",\"@id\":\"https:\\\/\\\/www.zytho.ca\\\/fr\\\/#organization\",\"name\":\"Zytho\",\"url\":\"https:\\\/\\\/www.zytho.ca\\\/fr\\\/\",\"logo\":{\"@type\":\"ImageObject\",\"inLanguage\":\"fr-FR\",\"@id\":\"https:\\\/\\\/www.zytho.ca\\\/fr\\\/#\\\/schema\\\/logo\\\/image\\\/\",\"url\":\"https:\\\/\\\/www.zytho.ca\\\/wp-content\\\/uploads\\\/2024\\\/05\\\/Zytho_reversed_horizontal.svg\",\"contentUrl\":\"https:\\\/\\\/www.zytho.ca\\\/wp-content\\\/uploads\\\/2024\\\/05\\\/Zytho_reversed_horizontal.svg\",\"width\":1582,\"height\":490,\"caption\":\"Zytho\"},\"image\":{\"@id\":\"https:\\\/\\\/www.zytho.ca\\\/fr\\\/#\\\/schema\\\/logo\\\/image\\\/\"}}]}<\/script>\n<!-- \/ Yoast SEO plugin. -->","yoast_head_json":{"title":"B2CM31MP Coude 90\u00b0 non conique r\u00e9ducteur Tri-Clamp - Dixon - Dixon - Pour brasseries professionnelles | Zytho","description":"D\u00e9couvrez le B2CM31MP 90\u00b0 Non-Tapered Reducing Tri-Clamp Elbow de Dixon, assurant des connexions s\u00e9curis\u00e9es et sanitaires pour les brasseries. Conforme aux normes ASME A270 & 3A.","robots":{"index":"index","follow":"follow","max-snippet":"max-snippet:-1","max-image-preview":"max-image-preview:large","max-video-preview":"max-video-preview:-1"},"canonical":"https:\/\/www.zytho.ca\/fr\/produit\/b2cm31mp-coude-non-conique-90-reducteur-tri-clamp-dixon\/","og_locale":"fr_FR","og_type":"article","og_title":"B2CM31MP Coude 90\u00b0 non conique r\u00e9ducteur Tri-Clamp - Dixon - Dixon - Pour brasseries professionnelles | Zytho","og_description":"D\u00e9couvrez le B2CM31MP 90\u00b0 Non-Tapered Reducing Tri-Clamp Elbow de Dixon, assurant des connexions s\u00e9curis\u00e9es et sanitaires pour les brasseries. Conforme aux normes ASME A270 & 3A.","og_url":"https:\/\/www.zytho.ca\/fr\/produit\/b2cm31mp-coude-non-conique-90-reducteur-tri-clamp-dixon\/","og_site_name":"Zytho","og_image":[{"width":522,"height":522,"url":"https:\/\/www.zytho.ca\/wp-content\/uploads\/2025\/10\/B2CM31MP-90deg-Non-Tapered-Reducing-Tri-Clamp-Elbow-Dixon.jpg","type":"image\/jpeg"}],"twitter_card":"summary_large_image","twitter_misc":{"Dur\u00e9e de lecture estim\u00e9e":"1 minute"},"schema":{"@context":"https:\/\/schema.org","@graph":[{"@type":"WebPage","@id":"https:\/\/www.zytho.ca\/fr\/produit\/b2cm31mp-coude-non-conique-90-reducteur-tri-clamp-dixon\/","url":"https:\/\/www.zytho.ca\/fr\/produit\/b2cm31mp-coude-non-conique-90-reducteur-tri-clamp-dixon\/","name":"B2CM31MP Coude 90\u00b0 non conique r\u00e9ducteur Tri-Clamp - Dixon - Dixon - Pour brasseries professionnelles | Zytho","isPartOf":{"@id":"https:\/\/www.zytho.ca\/fr\/#website"},"primaryImageOfPage":{"@id":"https:\/\/www.zytho.ca\/fr\/produit\/b2cm31mp-coude-non-conique-90-reducteur-tri-clamp-dixon\/#primaryimage"},"image":{"@id":"https:\/\/www.zytho.ca\/fr\/produit\/b2cm31mp-coude-non-conique-90-reducteur-tri-clamp-dixon\/#primaryimage"},"thumbnailUrl":"https:\/\/www.zytho.ca\/wp-content\/uploads\/2025\/10\/B2CM31MP-90deg-Non-Tapered-Reducing-Tri-Clamp-Elbow-Dixon.jpg","datePublished":"2025-10-27T15:56:10+00:00","description":"D\u00e9couvrez le B2CM31MP 90\u00b0 Non-Tapered Reducing Tri-Clamp Elbow de Dixon, assurant des connexions s\u00e9curis\u00e9es et sanitaires pour les brasseries. Conforme aux normes ASME A270 & 3A.","breadcrumb":{"@id":"https:\/\/www.zytho.ca\/fr\/produit\/b2cm31mp-coude-non-conique-90-reducteur-tri-clamp-dixon\/#breadcrumb"},"inLanguage":"fr-FR","potentialAction":[{"@type":"ReadAction","target":["https:\/\/www.zytho.ca\/fr\/produit\/b2cm31mp-coude-non-conique-90-reducteur-tri-clamp-dixon\/"]}]},{"@type":"ImageObject","inLanguage":"fr-FR","@id":"https:\/\/www.zytho.ca\/fr\/produit\/b2cm31mp-coude-non-conique-90-reducteur-tri-clamp-dixon\/#primaryimage","url":"https:\/\/www.zytho.ca\/wp-content\/uploads\/2025\/10\/B2CM31MP-90deg-Non-Tapered-Reducing-Tri-Clamp-Elbow-Dixon.jpg","contentUrl":"https:\/\/www.zytho.ca\/wp-content\/uploads\/2025\/10\/B2CM31MP-90deg-Non-Tapered-Reducing-Tri-Clamp-Elbow-Dixon.jpg","width":522,"height":522},{"@type":"BreadcrumbList","@id":"https:\/\/www.zytho.ca\/fr\/produit\/b2cm31mp-coude-non-conique-90-reducteur-tri-clamp-dixon\/#breadcrumb","itemListElement":[{"@type":"ListItem","position":1,"name":"Accueil","item":"https:\/\/www.zytho.ca\/fr\/"},{"@type":"ListItem","position":2,"name":"Shop","item":"https:\/\/www.zytho.ca\/fr\/shop\/"},{"@type":"ListItem","position":3,"name":"B2CM31MP Coude non conique 90\u00b0 r\u00e9ducteur Tri-Clamp &#8211; Dixon"}]},{"@type":"WebSite","@id":"https:\/\/www.zytho.ca\/fr\/#website","url":"https:\/\/www.zytho.ca\/fr\/","name":"Zytho","description":"","publisher":{"@id":"https:\/\/www.zytho.ca\/fr\/#organization"},"potentialAction":[{"@type":"SearchAction","target":{"@type":"EntryPoint","urlTemplate":"https:\/\/www.zytho.ca\/fr\/?s={search_term_string}"},"query-input":{"@type":"PropertyValueSpecification","valueRequired":true,"valueName":"search_term_string"}}],"inLanguage":"fr-FR"},{"@type":"Organization","@id":"https:\/\/www.zytho.ca\/fr\/#organization","name":"Zytho","url":"https:\/\/www.zytho.ca\/fr\/","logo":{"@type":"ImageObject","inLanguage":"fr-FR","@id":"https:\/\/www.zytho.ca\/fr\/#\/schema\/logo\/image\/","url":"https:\/\/www.zytho.ca\/wp-content\/uploads\/2024\/05\/Zytho_reversed_horizontal.svg","contentUrl":"https:\/\/www.zytho.ca\/wp-content\/uploads\/2024\/05\/Zytho_reversed_horizontal.svg","width":1582,"height":490,"caption":"Zytho"},"image":{"@id":"https:\/\/www.zytho.ca\/fr\/#\/schema\/logo\/image\/"}}]}},"_links":{"self":[{"href":"https:\/\/www.zytho.ca\/fr\/wp-json\/wp\/v2\/product\/14368","targetHints":{"allow":["GET"]}}],"collection":[{"href":"https:\/\/www.zytho.ca\/fr\/wp-json\/wp\/v2\/product"}],"about":[{"href":"https:\/\/www.zytho.ca\/fr\/wp-json\/wp\/v2\/types\/product"}],"wp:featuredmedia":[{"embeddable":true,"href":"https:\/\/www.zytho.ca\/fr\/wp-json\/wp\/v2\/media\/14371"}],"wp:attachment":[{"href":"https:\/\/www.zytho.ca\/fr\/wp-json\/wp\/v2\/media?parent=14368"}],"wp:term":[{"taxonomy":"product_brand","embeddable":true,"href":"https:\/\/www.zytho.ca\/fr\/wp-json\/wp\/v2\/product_brand?post=14368"},{"taxonomy":"product_cat","embeddable":true,"href":"https:\/\/www.zytho.ca\/fr\/wp-json\/wp\/v2\/product_cat?post=14368"},{"taxonomy":"product_tag","embeddable":true,"href":"https:\/\/www.zytho.ca\/fr\/wp-json\/wp\/v2\/product_tag?post=14368"}],"curies":[{"name":"wp","href":"https:\/\/api.w.org\/{rel}","templated":true}]}}