{"id":14261,"date":"2025-10-27T15:56:34","date_gmt":"2025-10-27T15:56:34","guid":{"rendered":"https:\/\/zytho.ca\/product\/b54bmp-inline-tri-clamp-sight-glass-replacement-parts\/"},"modified":"2025-10-27T15:56:34","modified_gmt":"2025-10-27T15:56:34","slug":"b54bmp-inline-tri-clamp-sight-glass-replacement-parts","status":"publish","type":"product","link":"https:\/\/www.zytho.ca\/fr\/produit\/b54bmp-inline-tri-clamp-sight-glass-replacement-parts\/","title":{"rendered":"B54BMP Inline Tri-Clamp Sight Glass Replacement Parts"},"content":{"rendered":"<h6><strong>B54BMP Inline Tri-Clamp Sight Glass Replacement Parts &#8211; Maintain Clear and Sanitary Fluid Inspection (Inspection claire et sanitaire des fluides)<\/strong><\/h6>\n<p>Les <strong>pi\u00e8ces de remplacement du voyant \u00e0 trois pinces en ligne B54BMP<\/strong> sont con\u00e7ues pour maintenir l&#8217;int\u00e9grit\u00e9 de vos ensembles de voyants dans les environnements de traitement sanitaire. Ce jeu de remplacement comprend une <strong>lentille<\/strong> <strong>en borosilicate<\/strong> ou en <strong>polycarbonate<\/strong>, garantissant une vue claire et s\u00fbre du flux de produit dans vos syst\u00e8mes de tuyauterie. Les pi\u00e8ces de rechange sont adapt\u00e9es \u00e0 une utilisation dans les <strong>industries alimentaires, des boissons, biotechnologiques et pharmaceutiques<\/strong>, o\u00f9 l&#8217;hygi\u00e8ne et l&#8217;inspection visuelle sont essentielles.  <\/p>\n<p>Con\u00e7ues pour s&#8217;adapter parfaitement \u00e0 vos <strong>connexions tri-clamp<\/strong> existantes, ces pi\u00e8ces de rechange constituent une solution rentable pour restaurer les composants endommag\u00e9s ou us\u00e9s, en garantissant la continuit\u00e9 des performances et de la s\u00e9curit\u00e9. Le jeu est conforme aux <strong>normes sanitaires<\/strong> <strong>ASME A270<\/strong> et <strong>3A<\/strong>, ce qui le rend id\u00e9al pour les applications sanitaires. <\/p>\n<p><!-- x-tinymce\/html -->Ce produit est disponible aupr\u00e8s du Groupe Dixon Canada, qui dispose de 16 entrep\u00f4ts de distribution en Am\u00e9rique du Nord. En cas de rupture de stock, nous en informerons rapidement les clients et nous ferons tout notre possible pour exp\u00e9dier le produit \u00e0 partir de l&#8217;entrep\u00f4t le plus proche du client afin d&#8217;assurer une livraison plus rapide et plus pratique. <\/p>\n<h6>Caract\u00e9ristiques principales :<\/h6>\n<ul>\n<li><strong>Lentille en borosilicate ou en polycarbonate<\/strong> pour une bonne visibilit\u00e9 du produit.<\/li>\n<li>Le <strong>joint<\/strong> assure une \u00e9tanch\u00e9it\u00e9 sanitaire.<\/li>\n<li>Con\u00e7us pour \u00eatre utilis\u00e9s dans les industries <strong>alimentaires, les boissons, les biotechnologies et les<\/strong> industries <strong>pharmaceutiques<\/strong>.<\/li>\n<li>Certifi\u00e9 <strong>selon les normes sanitaires<\/strong> <strong>ASME A270<\/strong> et <strong>3A<\/strong> pour une utilisation hygi\u00e9nique.<\/li>\n<li>Id\u00e9al pour remplacer les composants endommag\u00e9s ou us\u00e9s du voyant.<\/li>\n<\/ul>\n<h6><strong>Sp\u00e9cifications :<\/strong><\/h6>\n<ul>\n<li><strong>Page du catalogue<\/strong>:\u00c2 <a href=\"https:\/\/www.dixonvalve.com\/sites\/default\/files\/product\/pages\/us\/DPL418%20-%20617.pdf\">DPL418 &#8211; 617<\/a><\/li>\n<li><strong>Certifications<\/strong>: Normes sanitaires ASME A270, 3A<\/li>\n<li><strong>Mat\u00e9riau<\/strong>: Lentille en borosilicate ou en polycarbonate.<\/li>\n<\/ul>\n<p>Les <strong>pi\u00e8ces de rechange du voyant Tri-Clamp en ligne B54BMP<\/strong> constituent une solution fiable et hygi\u00e9nique pour maintenir l&#8217;inspection des fluides dans vos syst\u00e8mes de traitement sanitaire.<\/p>\n","protected":false},"excerpt":{"rendered":"<h4>Garantissez une inspection claire et hygi\u00e9nique des liquides avec les pi\u00e8ces de rechange du voyant Tri-Clamp en ligne B54BMP, id\u00e9ales pour les brasseurs professionnels.<\/h4>\n<ul>\n<li>Les lentilles en borosilicate ou en polycarbonate offrent une visibilit\u00e9 claire, essentielle pour la surveillance des processus de brassage.<\/li>\n<li>Certifi\u00e9 selon les normes sanitaires ASME A270 et 3A, garantissant la conformit\u00e9 avec les exigences d&#8217;hygi\u00e8ne de l&#8217;industrie.<\/li>\n<li>S&#8217;int\u00e8gre parfaitement aux connexions tri-clamp existantes pour une maintenance et une s\u00e9curit\u00e9 rentables.<\/li>\n<\/ul>\n","protected":false},"featured_media":14262,"template":"","meta":{"_acf_changed":false,"inline_featured_image":false},"product_brand":[740],"product_cat":[736,741,753],"product_tag":[763,754,762,755,756,760,759,758,757,761],"class_list":{"0":"post-14261","1":"product","2":"type-product","3":"status-publish","4":"has-post-thumbnail","6":"product_brand-dixon","7":"product_cat-distribution","8":"product_cat-materiel","9":"product_cat-raccords-tri-clamp","10":"product_tag-acier-inoxydable","11":"product_tag-brasserie","12":"product_tag-cave","13":"product_tag-distillerie","14":"product_tag-inoxydable","15":"product_tag-raccord-tri-clamp","16":"product_tag-raccords-tri-clamp","17":"product_tag-tri-clamp","18":"product_tag-tri-clamp-en-acier-inoxydable","19":"product_tag-triclamp","21":"first","22":"instock","23":"taxable","24":"shipping-taxable","25":"purchasable","26":"product-type-variable"},"acf":[],"yoast_head":"<!-- This site is optimized with the Yoast SEO plugin v27.6 - https:\/\/yoast.com\/product\/yoast-seo-wordpress\/ -->\n<title>B54BMP Inline Tri-Clamp Sight Glass Replacement Parts - Zytho<\/title>\n<meta name=\"robots\" content=\"index, follow, max-snippet:-1, max-image-preview:large, max-video-preview:-1\" \/>\n<link rel=\"canonical\" href=\"https:\/\/www.zytho.ca\/fr\/produit\/b54bmp-inline-tri-clamp-sight-glass-replacement-parts\/\" \/>\n<meta property=\"og:locale\" content=\"fr_FR\" \/>\n<meta property=\"og:type\" content=\"article\" \/>\n<meta property=\"og:title\" content=\"B54BMP Inline Tri-Clamp Sight Glass Replacement Parts - Zytho\" \/>\n<meta property=\"og:description\" content=\"Garantissez une inspection claire et hygi\u00e9nique des liquides avec les pi\u00e8ces de rechange du voyant Tri-Clamp en ligne B54BMP, id\u00e9ales pour les brasseurs professionnels.   Les lentilles en borosilicate ou en polycarbonate offrent une visibilit\u00e9 claire, essentielle pour la surveillance des processus de brassage.  Certifi\u00e9 selon les normes sanitaires ASME A270 et 3A, garantissant la conformit\u00e9 avec les exigences d&#039;hygi\u00e8ne de l&#039;industrie.  S&#039;int\u00e8gre parfaitement aux connexions tri-clamp existantes pour une maintenance et une s\u00e9curit\u00e9 rentables.\" \/>\n<meta property=\"og:url\" content=\"https:\/\/www.zytho.ca\/fr\/produit\/b54bmp-inline-tri-clamp-sight-glass-replacement-parts\/\" \/>\n<meta property=\"og:site_name\" content=\"Zytho\" \/>\n<meta property=\"og:image\" content=\"https:\/\/www.zytho.ca\/wp-content\/uploads\/2025\/10\/B54BMP-Inline-Tri-Clamp-Sight-Glass-Replacement-Parts-Dixon-2_608x608.jpg\" \/>\n\t<meta property=\"og:image:width\" content=\"608\" \/>\n\t<meta property=\"og:image:height\" content=\"608\" \/>\n\t<meta property=\"og:image:type\" content=\"image\/jpeg\" \/>\n<meta name=\"twitter:card\" content=\"summary_large_image\" \/>\n<meta name=\"twitter:label1\" content=\"Dur\u00e9e de lecture estim\u00e9e\" \/>\n\t<meta name=\"twitter:data1\" content=\"2 minutes\" \/>\n<script type=\"application\/ld+json\" class=\"yoast-schema-graph\">{\"@context\":\"https:\\\/\\\/schema.org\",\"@graph\":[{\"@type\":\"WebPage\",\"@id\":\"https:\\\/\\\/www.zytho.ca\\\/fr\\\/produit\\\/b54bmp-inline-tri-clamp-sight-glass-replacement-parts\\\/\",\"url\":\"https:\\\/\\\/www.zytho.ca\\\/fr\\\/produit\\\/b54bmp-inline-tri-clamp-sight-glass-replacement-parts\\\/\",\"name\":\"B54BMP Inline Tri-Clamp Sight Glass Replacement Parts - Zytho\",\"isPartOf\":{\"@id\":\"https:\\\/\\\/www.zytho.ca\\\/fr\\\/#website\"},\"primaryImageOfPage\":{\"@id\":\"https:\\\/\\\/www.zytho.ca\\\/fr\\\/produit\\\/b54bmp-inline-tri-clamp-sight-glass-replacement-parts\\\/#primaryimage\"},\"image\":{\"@id\":\"https:\\\/\\\/www.zytho.ca\\\/fr\\\/produit\\\/b54bmp-inline-tri-clamp-sight-glass-replacement-parts\\\/#primaryimage\"},\"thumbnailUrl\":\"https:\\\/\\\/www.zytho.ca\\\/wp-content\\\/uploads\\\/2025\\\/10\\\/B54BMP-Inline-Tri-Clamp-Sight-Glass-Replacement-Parts-Dixon-2_608x608.jpg\",\"datePublished\":\"2025-10-27T15:56:34+00:00\",\"breadcrumb\":{\"@id\":\"https:\\\/\\\/www.zytho.ca\\\/fr\\\/produit\\\/b54bmp-inline-tri-clamp-sight-glass-replacement-parts\\\/#breadcrumb\"},\"inLanguage\":\"fr-FR\",\"potentialAction\":[{\"@type\":\"ReadAction\",\"target\":[\"https:\\\/\\\/www.zytho.ca\\\/fr\\\/produit\\\/b54bmp-inline-tri-clamp-sight-glass-replacement-parts\\\/\"]}]},{\"@type\":\"ImageObject\",\"inLanguage\":\"fr-FR\",\"@id\":\"https:\\\/\\\/www.zytho.ca\\\/fr\\\/produit\\\/b54bmp-inline-tri-clamp-sight-glass-replacement-parts\\\/#primaryimage\",\"url\":\"https:\\\/\\\/www.zytho.ca\\\/wp-content\\\/uploads\\\/2025\\\/10\\\/B54BMP-Inline-Tri-Clamp-Sight-Glass-Replacement-Parts-Dixon-2_608x608.jpg\",\"contentUrl\":\"https:\\\/\\\/www.zytho.ca\\\/wp-content\\\/uploads\\\/2025\\\/10\\\/B54BMP-Inline-Tri-Clamp-Sight-Glass-Replacement-Parts-Dixon-2_608x608.jpg\",\"width\":608,\"height\":608},{\"@type\":\"BreadcrumbList\",\"@id\":\"https:\\\/\\\/www.zytho.ca\\\/fr\\\/produit\\\/b54bmp-inline-tri-clamp-sight-glass-replacement-parts\\\/#breadcrumb\",\"itemListElement\":[{\"@type\":\"ListItem\",\"position\":1,\"name\":\"Accueil\",\"item\":\"https:\\\/\\\/www.zytho.ca\\\/fr\\\/\"},{\"@type\":\"ListItem\",\"position\":2,\"name\":\"Shop\",\"item\":\"https:\\\/\\\/www.zytho.ca\\\/fr\\\/shop\\\/\"},{\"@type\":\"ListItem\",\"position\":3,\"name\":\"B54BMP Inline Tri-Clamp Sight Glass Replacement Parts\"}]},{\"@type\":\"WebSite\",\"@id\":\"https:\\\/\\\/www.zytho.ca\\\/fr\\\/#website\",\"url\":\"https:\\\/\\\/www.zytho.ca\\\/fr\\\/\",\"name\":\"Zytho\",\"description\":\"\",\"publisher\":{\"@id\":\"https:\\\/\\\/www.zytho.ca\\\/fr\\\/#organization\"},\"potentialAction\":[{\"@type\":\"SearchAction\",\"target\":{\"@type\":\"EntryPoint\",\"urlTemplate\":\"https:\\\/\\\/www.zytho.ca\\\/fr\\\/?s={search_term_string}\"},\"query-input\":{\"@type\":\"PropertyValueSpecification\",\"valueRequired\":true,\"valueName\":\"search_term_string\"}}],\"inLanguage\":\"fr-FR\"},{\"@type\":\"Organization\",\"@id\":\"https:\\\/\\\/www.zytho.ca\\\/fr\\\/#organization\",\"name\":\"Zytho\",\"url\":\"https:\\\/\\\/www.zytho.ca\\\/fr\\\/\",\"logo\":{\"@type\":\"ImageObject\",\"inLanguage\":\"fr-FR\",\"@id\":\"https:\\\/\\\/www.zytho.ca\\\/fr\\\/#\\\/schema\\\/logo\\\/image\\\/\",\"url\":\"https:\\\/\\\/www.zytho.ca\\\/wp-content\\\/uploads\\\/2024\\\/05\\\/Zytho_reversed_horizontal.svg\",\"contentUrl\":\"https:\\\/\\\/www.zytho.ca\\\/wp-content\\\/uploads\\\/2024\\\/05\\\/Zytho_reversed_horizontal.svg\",\"width\":1582,\"height\":490,\"caption\":\"Zytho\"},\"image\":{\"@id\":\"https:\\\/\\\/www.zytho.ca\\\/fr\\\/#\\\/schema\\\/logo\\\/image\\\/\"}}]}<\/script>\n<!-- \/ Yoast SEO plugin. -->","yoast_head_json":{"title":"B54BMP Inline Tri-Clamp Sight Glass Replacement Parts - Zytho","robots":{"index":"index","follow":"follow","max-snippet":"max-snippet:-1","max-image-preview":"max-image-preview:large","max-video-preview":"max-video-preview:-1"},"canonical":"https:\/\/www.zytho.ca\/fr\/produit\/b54bmp-inline-tri-clamp-sight-glass-replacement-parts\/","og_locale":"fr_FR","og_type":"article","og_title":"B54BMP Inline Tri-Clamp Sight Glass Replacement Parts - Zytho","og_description":"Garantissez une inspection claire et hygi\u00e9nique des liquides avec les pi\u00e8ces de rechange du voyant Tri-Clamp en ligne B54BMP, id\u00e9ales pour les brasseurs professionnels.   Les lentilles en borosilicate ou en polycarbonate offrent une visibilit\u00e9 claire, essentielle pour la surveillance des processus de brassage.  Certifi\u00e9 selon les normes sanitaires ASME A270 et 3A, garantissant la conformit\u00e9 avec les exigences d'hygi\u00e8ne de l'industrie.  S'int\u00e8gre parfaitement aux connexions tri-clamp existantes pour une maintenance et une s\u00e9curit\u00e9 rentables.","og_url":"https:\/\/www.zytho.ca\/fr\/produit\/b54bmp-inline-tri-clamp-sight-glass-replacement-parts\/","og_site_name":"Zytho","og_image":[{"width":608,"height":608,"url":"https:\/\/www.zytho.ca\/wp-content\/uploads\/2025\/10\/B54BMP-Inline-Tri-Clamp-Sight-Glass-Replacement-Parts-Dixon-2_608x608.jpg","type":"image\/jpeg"}],"twitter_card":"summary_large_image","twitter_misc":{"Dur\u00e9e de lecture estim\u00e9e":"2 minutes"},"schema":{"@context":"https:\/\/schema.org","@graph":[{"@type":"WebPage","@id":"https:\/\/www.zytho.ca\/fr\/produit\/b54bmp-inline-tri-clamp-sight-glass-replacement-parts\/","url":"https:\/\/www.zytho.ca\/fr\/produit\/b54bmp-inline-tri-clamp-sight-glass-replacement-parts\/","name":"B54BMP Inline Tri-Clamp Sight Glass Replacement Parts - Zytho","isPartOf":{"@id":"https:\/\/www.zytho.ca\/fr\/#website"},"primaryImageOfPage":{"@id":"https:\/\/www.zytho.ca\/fr\/produit\/b54bmp-inline-tri-clamp-sight-glass-replacement-parts\/#primaryimage"},"image":{"@id":"https:\/\/www.zytho.ca\/fr\/produit\/b54bmp-inline-tri-clamp-sight-glass-replacement-parts\/#primaryimage"},"thumbnailUrl":"https:\/\/www.zytho.ca\/wp-content\/uploads\/2025\/10\/B54BMP-Inline-Tri-Clamp-Sight-Glass-Replacement-Parts-Dixon-2_608x608.jpg","datePublished":"2025-10-27T15:56:34+00:00","breadcrumb":{"@id":"https:\/\/www.zytho.ca\/fr\/produit\/b54bmp-inline-tri-clamp-sight-glass-replacement-parts\/#breadcrumb"},"inLanguage":"fr-FR","potentialAction":[{"@type":"ReadAction","target":["https:\/\/www.zytho.ca\/fr\/produit\/b54bmp-inline-tri-clamp-sight-glass-replacement-parts\/"]}]},{"@type":"ImageObject","inLanguage":"fr-FR","@id":"https:\/\/www.zytho.ca\/fr\/produit\/b54bmp-inline-tri-clamp-sight-glass-replacement-parts\/#primaryimage","url":"https:\/\/www.zytho.ca\/wp-content\/uploads\/2025\/10\/B54BMP-Inline-Tri-Clamp-Sight-Glass-Replacement-Parts-Dixon-2_608x608.jpg","contentUrl":"https:\/\/www.zytho.ca\/wp-content\/uploads\/2025\/10\/B54BMP-Inline-Tri-Clamp-Sight-Glass-Replacement-Parts-Dixon-2_608x608.jpg","width":608,"height":608},{"@type":"BreadcrumbList","@id":"https:\/\/www.zytho.ca\/fr\/produit\/b54bmp-inline-tri-clamp-sight-glass-replacement-parts\/#breadcrumb","itemListElement":[{"@type":"ListItem","position":1,"name":"Accueil","item":"https:\/\/www.zytho.ca\/fr\/"},{"@type":"ListItem","position":2,"name":"Shop","item":"https:\/\/www.zytho.ca\/fr\/shop\/"},{"@type":"ListItem","position":3,"name":"B54BMP Inline Tri-Clamp Sight Glass Replacement Parts"}]},{"@type":"WebSite","@id":"https:\/\/www.zytho.ca\/fr\/#website","url":"https:\/\/www.zytho.ca\/fr\/","name":"Zytho","description":"","publisher":{"@id":"https:\/\/www.zytho.ca\/fr\/#organization"},"potentialAction":[{"@type":"SearchAction","target":{"@type":"EntryPoint","urlTemplate":"https:\/\/www.zytho.ca\/fr\/?s={search_term_string}"},"query-input":{"@type":"PropertyValueSpecification","valueRequired":true,"valueName":"search_term_string"}}],"inLanguage":"fr-FR"},{"@type":"Organization","@id":"https:\/\/www.zytho.ca\/fr\/#organization","name":"Zytho","url":"https:\/\/www.zytho.ca\/fr\/","logo":{"@type":"ImageObject","inLanguage":"fr-FR","@id":"https:\/\/www.zytho.ca\/fr\/#\/schema\/logo\/image\/","url":"https:\/\/www.zytho.ca\/wp-content\/uploads\/2024\/05\/Zytho_reversed_horizontal.svg","contentUrl":"https:\/\/www.zytho.ca\/wp-content\/uploads\/2024\/05\/Zytho_reversed_horizontal.svg","width":1582,"height":490,"caption":"Zytho"},"image":{"@id":"https:\/\/www.zytho.ca\/fr\/#\/schema\/logo\/image\/"}}]}},"_links":{"self":[{"href":"https:\/\/www.zytho.ca\/fr\/wp-json\/wp\/v2\/product\/14261","targetHints":{"allow":["GET"]}}],"collection":[{"href":"https:\/\/www.zytho.ca\/fr\/wp-json\/wp\/v2\/product"}],"about":[{"href":"https:\/\/www.zytho.ca\/fr\/wp-json\/wp\/v2\/types\/product"}],"wp:featuredmedia":[{"embeddable":true,"href":"https:\/\/www.zytho.ca\/fr\/wp-json\/wp\/v2\/media\/14262"}],"wp:attachment":[{"href":"https:\/\/www.zytho.ca\/fr\/wp-json\/wp\/v2\/media?parent=14261"}],"wp:term":[{"taxonomy":"product_brand","embeddable":true,"href":"https:\/\/www.zytho.ca\/fr\/wp-json\/wp\/v2\/product_brand?post=14261"},{"taxonomy":"product_cat","embeddable":true,"href":"https:\/\/www.zytho.ca\/fr\/wp-json\/wp\/v2\/product_cat?post=14261"},{"taxonomy":"product_tag","embeddable":true,"href":"https:\/\/www.zytho.ca\/fr\/wp-json\/wp\/v2\/product_tag?post=14261"}],"curies":[{"name":"wp","href":"https:\/\/api.w.org\/{rel}","templated":true}]}}