{"id":14228,"date":"2025-10-27T15:57:23","date_gmt":"2025-10-27T15:57:23","guid":{"rendered":"https:\/\/zytho.ca\/product\/bsccq-long-in-line-tri-clamp-filter-strainer-replacement-parts-pieces-de-rechange\/"},"modified":"2025-10-27T15:57:23","modified_gmt":"2025-10-27T15:57:23","slug":"bsccq-long-in-line-tri-clamp-filter-strainer-replacement-parts-pieces-de-rechange","status":"publish","type":"product","link":"https:\/\/www.zytho.ca\/fr\/produit\/bsccq-long-in-line-tri-clamp-filter-strainer-replacement-parts-pieces-de-rechange\/","title":{"rendered":"BSCCQ Long In-line Tri-Clamp Filter \/ Strainer Replacement Parts (pi\u00e8ces de rechange)"},"content":{"rendered":"<h6><strong>Page de catalogue :<\/strong><\/h6>\n<ul>\n<li><a href=\"https:\/\/www.dixonvalve.com\/sites\/default\/files\/product\/pages\/us\/DPL418%20-%20621.pdf\">DPL418 &#8211; 621<\/a><\/li>\n<\/ul>\n<h6><strong>Certifications :<\/strong><\/h6>\n<ul>\n<li><a href=\"https:\/\/www.dixonvalve.com\/sites\/default\/files\/product\/certifications\/1446%2010-04.pdf\">Certificat 3A<\/a><\/li>\n<\/ul>\n<h6><strong>Sp\u00e9cifications dimensionnelles :<\/strong><\/h6>\n<ul>\n<li><a href=\"https:\/\/www.dixonvalve.com\/sites\/default\/files\/product\/files\/dimensional-specs\/BSCCQ1-R150.pdf\">Sp\u00e9cifications dimensionnelles<\/a><\/li>\n<\/ul>\n","protected":false},"excerpt":{"rendered":"<h4>Am\u00e9liorez votre processus de brassage avec les pi\u00e8ces de rechange fiables et efficaces du filtre \/ filtre \u00e0 tamis \u00e0 trois pinces en ligne de BSCCQ.<\/h4>\n<ul>\n<li>Certifi\u00e9 selon les normes 3A, garantissant une hygi\u00e8ne et une s\u00e9curit\u00e9 de premier ordre pour vos op\u00e9rations de brassage.<\/li>\n<li>Con\u00e7us avec pr\u00e9cision, ils offrent des sp\u00e9cifications dimensionnelles qui garantissent un ajustement parfait et une int\u00e9gration sans faille dans votre syst\u00e8me existant.<\/li>\n<li>La construction durable assure une performance \u00e0 long terme, r\u00e9duisant les temps d&#8217;arr\u00eat et les co\u00fbts de maintenance dans votre processus de brassage.<\/li>\n<\/ul>\n","protected":false},"featured_media":14230,"template":"","meta":{"_acf_changed":false,"inline_featured_image":false},"product_brand":[740],"product_cat":[736,832,741],"product_tag":[],"class_list":{"0":"post-14228","1":"product","2":"type-product","3":"status-publish","4":"has-post-thumbnail","6":"product_brand-dixon","7":"product_cat-distribution","8":"product_cat-filtres-et-tamis-sanitaires","9":"product_cat-materiel","11":"first","12":"instock","13":"taxable","14":"shipping-taxable","15":"purchasable","16":"product-type-variable"},"acf":[],"yoast_head":"<!-- This site is optimized with the Yoast SEO plugin v27.6 - https:\/\/yoast.com\/product\/yoast-seo-wordpress\/ -->\n<title>BSCCQ Long In-line Tri-Clamp Filter \/ Strainer Replacement Parts (pi\u00e8ces de rechange) - Zytho<\/title>\n<meta name=\"robots\" content=\"index, follow, max-snippet:-1, max-image-preview:large, max-video-preview:-1\" \/>\n<link rel=\"canonical\" href=\"https:\/\/www.zytho.ca\/fr\/produit\/bsccq-long-in-line-tri-clamp-filter-strainer-replacement-parts-pieces-de-rechange\/\" \/>\n<meta property=\"og:locale\" content=\"fr_FR\" \/>\n<meta property=\"og:type\" content=\"article\" \/>\n<meta property=\"og:title\" content=\"BSCCQ Long In-line Tri-Clamp Filter \/ Strainer Replacement Parts (pi\u00e8ces de rechange) - Zytho\" \/>\n<meta property=\"og:description\" content=\"Am\u00e9liorez votre processus de brassage avec les pi\u00e8ces de rechange fiables et efficaces du filtre \/ filtre \u00e0 tamis \u00e0 trois pinces en ligne de BSCCQ.   Certifi\u00e9 selon les normes 3A, garantissant une hygi\u00e8ne et une s\u00e9curit\u00e9 de premier ordre pour vos op\u00e9rations de brassage.   Con\u00e7us avec pr\u00e9cision, ils offrent des sp\u00e9cifications dimensionnelles qui garantissent un ajustement parfait et une int\u00e9gration sans faille dans votre syst\u00e8me existant.   La construction durable assure une performance \u00e0 long terme, r\u00e9duisant les temps d&#039;arr\u00eat et les co\u00fbts de maintenance dans votre processus de brassage.\" \/>\n<meta property=\"og:url\" content=\"https:\/\/www.zytho.ca\/fr\/produit\/bsccq-long-in-line-tri-clamp-filter-strainer-replacement-parts-pieces-de-rechange\/\" \/>\n<meta property=\"og:site_name\" content=\"Zytho\" \/>\n<meta property=\"og:image\" content=\"https:\/\/www.zytho.ca\/wp-content\/uploads\/2025\/10\/BSCCQ-Long-In-line-Tri-Clamp-Filter-Strainer-Replacement-Parts-Dixon.jpg\" \/>\n\t<meta property=\"og:image:width\" content=\"272\" \/>\n\t<meta property=\"og:image:height\" content=\"272\" \/>\n\t<meta property=\"og:image:type\" content=\"image\/jpeg\" \/>\n<meta name=\"twitter:card\" content=\"summary_large_image\" \/>\n<script type=\"application\/ld+json\" class=\"yoast-schema-graph\">{\"@context\":\"https:\\\/\\\/schema.org\",\"@graph\":[{\"@type\":\"WebPage\",\"@id\":\"https:\\\/\\\/www.zytho.ca\\\/fr\\\/produit\\\/bsccq-long-in-line-tri-clamp-filter-strainer-replacement-parts-pieces-de-rechange\\\/\",\"url\":\"https:\\\/\\\/www.zytho.ca\\\/fr\\\/produit\\\/bsccq-long-in-line-tri-clamp-filter-strainer-replacement-parts-pieces-de-rechange\\\/\",\"name\":\"BSCCQ Long In-line Tri-Clamp Filter \\\/ Strainer Replacement Parts (pi\u00e8ces de rechange) - Zytho\",\"isPartOf\":{\"@id\":\"https:\\\/\\\/www.zytho.ca\\\/fr\\\/#website\"},\"primaryImageOfPage\":{\"@id\":\"https:\\\/\\\/www.zytho.ca\\\/fr\\\/produit\\\/bsccq-long-in-line-tri-clamp-filter-strainer-replacement-parts-pieces-de-rechange\\\/#primaryimage\"},\"image\":{\"@id\":\"https:\\\/\\\/www.zytho.ca\\\/fr\\\/produit\\\/bsccq-long-in-line-tri-clamp-filter-strainer-replacement-parts-pieces-de-rechange\\\/#primaryimage\"},\"thumbnailUrl\":\"https:\\\/\\\/www.zytho.ca\\\/wp-content\\\/uploads\\\/2025\\\/10\\\/BSCCQ-Long-In-line-Tri-Clamp-Filter-Strainer-Replacement-Parts-Dixon.jpg\",\"datePublished\":\"2025-10-27T15:57:23+00:00\",\"breadcrumb\":{\"@id\":\"https:\\\/\\\/www.zytho.ca\\\/fr\\\/produit\\\/bsccq-long-in-line-tri-clamp-filter-strainer-replacement-parts-pieces-de-rechange\\\/#breadcrumb\"},\"inLanguage\":\"fr-FR\",\"potentialAction\":[{\"@type\":\"ReadAction\",\"target\":[\"https:\\\/\\\/www.zytho.ca\\\/fr\\\/produit\\\/bsccq-long-in-line-tri-clamp-filter-strainer-replacement-parts-pieces-de-rechange\\\/\"]}]},{\"@type\":\"ImageObject\",\"inLanguage\":\"fr-FR\",\"@id\":\"https:\\\/\\\/www.zytho.ca\\\/fr\\\/produit\\\/bsccq-long-in-line-tri-clamp-filter-strainer-replacement-parts-pieces-de-rechange\\\/#primaryimage\",\"url\":\"https:\\\/\\\/www.zytho.ca\\\/wp-content\\\/uploads\\\/2025\\\/10\\\/BSCCQ-Long-In-line-Tri-Clamp-Filter-Strainer-Replacement-Parts-Dixon.jpg\",\"contentUrl\":\"https:\\\/\\\/www.zytho.ca\\\/wp-content\\\/uploads\\\/2025\\\/10\\\/BSCCQ-Long-In-line-Tri-Clamp-Filter-Strainer-Replacement-Parts-Dixon.jpg\",\"width\":272,\"height\":272},{\"@type\":\"BreadcrumbList\",\"@id\":\"https:\\\/\\\/www.zytho.ca\\\/fr\\\/produit\\\/bsccq-long-in-line-tri-clamp-filter-strainer-replacement-parts-pieces-de-rechange\\\/#breadcrumb\",\"itemListElement\":[{\"@type\":\"ListItem\",\"position\":1,\"name\":\"Accueil\",\"item\":\"https:\\\/\\\/www.zytho.ca\\\/fr\\\/\"},{\"@type\":\"ListItem\",\"position\":2,\"name\":\"Shop\",\"item\":\"https:\\\/\\\/www.zytho.ca\\\/fr\\\/shop\\\/\"},{\"@type\":\"ListItem\",\"position\":3,\"name\":\"BSCCQ Long In-line Tri-Clamp Filter \\\/ Strainer Replacement Parts (pi\u00e8ces de rechange)\"}]},{\"@type\":\"WebSite\",\"@id\":\"https:\\\/\\\/www.zytho.ca\\\/fr\\\/#website\",\"url\":\"https:\\\/\\\/www.zytho.ca\\\/fr\\\/\",\"name\":\"Zytho\",\"description\":\"\",\"publisher\":{\"@id\":\"https:\\\/\\\/www.zytho.ca\\\/fr\\\/#organization\"},\"potentialAction\":[{\"@type\":\"SearchAction\",\"target\":{\"@type\":\"EntryPoint\",\"urlTemplate\":\"https:\\\/\\\/www.zytho.ca\\\/fr\\\/?s={search_term_string}\"},\"query-input\":{\"@type\":\"PropertyValueSpecification\",\"valueRequired\":true,\"valueName\":\"search_term_string\"}}],\"inLanguage\":\"fr-FR\"},{\"@type\":\"Organization\",\"@id\":\"https:\\\/\\\/www.zytho.ca\\\/fr\\\/#organization\",\"name\":\"Zytho\",\"url\":\"https:\\\/\\\/www.zytho.ca\\\/fr\\\/\",\"logo\":{\"@type\":\"ImageObject\",\"inLanguage\":\"fr-FR\",\"@id\":\"https:\\\/\\\/www.zytho.ca\\\/fr\\\/#\\\/schema\\\/logo\\\/image\\\/\",\"url\":\"https:\\\/\\\/www.zytho.ca\\\/wp-content\\\/uploads\\\/2024\\\/05\\\/Zytho_reversed_horizontal.svg\",\"contentUrl\":\"https:\\\/\\\/www.zytho.ca\\\/wp-content\\\/uploads\\\/2024\\\/05\\\/Zytho_reversed_horizontal.svg\",\"width\":1582,\"height\":490,\"caption\":\"Zytho\"},\"image\":{\"@id\":\"https:\\\/\\\/www.zytho.ca\\\/fr\\\/#\\\/schema\\\/logo\\\/image\\\/\"}}]}<\/script>\n<!-- \/ Yoast SEO plugin. -->","yoast_head_json":{"title":"BSCCQ Long In-line Tri-Clamp Filter \/ Strainer Replacement Parts (pi\u00e8ces de rechange) - Zytho","robots":{"index":"index","follow":"follow","max-snippet":"max-snippet:-1","max-image-preview":"max-image-preview:large","max-video-preview":"max-video-preview:-1"},"canonical":"https:\/\/www.zytho.ca\/fr\/produit\/bsccq-long-in-line-tri-clamp-filter-strainer-replacement-parts-pieces-de-rechange\/","og_locale":"fr_FR","og_type":"article","og_title":"BSCCQ Long In-line Tri-Clamp Filter \/ Strainer Replacement Parts (pi\u00e8ces de rechange) - Zytho","og_description":"Am\u00e9liorez votre processus de brassage avec les pi\u00e8ces de rechange fiables et efficaces du filtre \/ filtre \u00e0 tamis \u00e0 trois pinces en ligne de BSCCQ.   Certifi\u00e9 selon les normes 3A, garantissant une hygi\u00e8ne et une s\u00e9curit\u00e9 de premier ordre pour vos op\u00e9rations de brassage.   Con\u00e7us avec pr\u00e9cision, ils offrent des sp\u00e9cifications dimensionnelles qui garantissent un ajustement parfait et une int\u00e9gration sans faille dans votre syst\u00e8me existant.   La construction durable assure une performance \u00e0 long terme, r\u00e9duisant les temps d'arr\u00eat et les co\u00fbts de maintenance dans votre processus de brassage.","og_url":"https:\/\/www.zytho.ca\/fr\/produit\/bsccq-long-in-line-tri-clamp-filter-strainer-replacement-parts-pieces-de-rechange\/","og_site_name":"Zytho","og_image":[{"width":272,"height":272,"url":"https:\/\/www.zytho.ca\/wp-content\/uploads\/2025\/10\/BSCCQ-Long-In-line-Tri-Clamp-Filter-Strainer-Replacement-Parts-Dixon.jpg","type":"image\/jpeg"}],"twitter_card":"summary_large_image","schema":{"@context":"https:\/\/schema.org","@graph":[{"@type":"WebPage","@id":"https:\/\/www.zytho.ca\/fr\/produit\/bsccq-long-in-line-tri-clamp-filter-strainer-replacement-parts-pieces-de-rechange\/","url":"https:\/\/www.zytho.ca\/fr\/produit\/bsccq-long-in-line-tri-clamp-filter-strainer-replacement-parts-pieces-de-rechange\/","name":"BSCCQ Long In-line Tri-Clamp Filter \/ Strainer Replacement Parts (pi\u00e8ces de rechange) - Zytho","isPartOf":{"@id":"https:\/\/www.zytho.ca\/fr\/#website"},"primaryImageOfPage":{"@id":"https:\/\/www.zytho.ca\/fr\/produit\/bsccq-long-in-line-tri-clamp-filter-strainer-replacement-parts-pieces-de-rechange\/#primaryimage"},"image":{"@id":"https:\/\/www.zytho.ca\/fr\/produit\/bsccq-long-in-line-tri-clamp-filter-strainer-replacement-parts-pieces-de-rechange\/#primaryimage"},"thumbnailUrl":"https:\/\/www.zytho.ca\/wp-content\/uploads\/2025\/10\/BSCCQ-Long-In-line-Tri-Clamp-Filter-Strainer-Replacement-Parts-Dixon.jpg","datePublished":"2025-10-27T15:57:23+00:00","breadcrumb":{"@id":"https:\/\/www.zytho.ca\/fr\/produit\/bsccq-long-in-line-tri-clamp-filter-strainer-replacement-parts-pieces-de-rechange\/#breadcrumb"},"inLanguage":"fr-FR","potentialAction":[{"@type":"ReadAction","target":["https:\/\/www.zytho.ca\/fr\/produit\/bsccq-long-in-line-tri-clamp-filter-strainer-replacement-parts-pieces-de-rechange\/"]}]},{"@type":"ImageObject","inLanguage":"fr-FR","@id":"https:\/\/www.zytho.ca\/fr\/produit\/bsccq-long-in-line-tri-clamp-filter-strainer-replacement-parts-pieces-de-rechange\/#primaryimage","url":"https:\/\/www.zytho.ca\/wp-content\/uploads\/2025\/10\/BSCCQ-Long-In-line-Tri-Clamp-Filter-Strainer-Replacement-Parts-Dixon.jpg","contentUrl":"https:\/\/www.zytho.ca\/wp-content\/uploads\/2025\/10\/BSCCQ-Long-In-line-Tri-Clamp-Filter-Strainer-Replacement-Parts-Dixon.jpg","width":272,"height":272},{"@type":"BreadcrumbList","@id":"https:\/\/www.zytho.ca\/fr\/produit\/bsccq-long-in-line-tri-clamp-filter-strainer-replacement-parts-pieces-de-rechange\/#breadcrumb","itemListElement":[{"@type":"ListItem","position":1,"name":"Accueil","item":"https:\/\/www.zytho.ca\/fr\/"},{"@type":"ListItem","position":2,"name":"Shop","item":"https:\/\/www.zytho.ca\/fr\/shop\/"},{"@type":"ListItem","position":3,"name":"BSCCQ Long In-line Tri-Clamp Filter \/ Strainer Replacement Parts (pi\u00e8ces de rechange)"}]},{"@type":"WebSite","@id":"https:\/\/www.zytho.ca\/fr\/#website","url":"https:\/\/www.zytho.ca\/fr\/","name":"Zytho","description":"","publisher":{"@id":"https:\/\/www.zytho.ca\/fr\/#organization"},"potentialAction":[{"@type":"SearchAction","target":{"@type":"EntryPoint","urlTemplate":"https:\/\/www.zytho.ca\/fr\/?s={search_term_string}"},"query-input":{"@type":"PropertyValueSpecification","valueRequired":true,"valueName":"search_term_string"}}],"inLanguage":"fr-FR"},{"@type":"Organization","@id":"https:\/\/www.zytho.ca\/fr\/#organization","name":"Zytho","url":"https:\/\/www.zytho.ca\/fr\/","logo":{"@type":"ImageObject","inLanguage":"fr-FR","@id":"https:\/\/www.zytho.ca\/fr\/#\/schema\/logo\/image\/","url":"https:\/\/www.zytho.ca\/wp-content\/uploads\/2024\/05\/Zytho_reversed_horizontal.svg","contentUrl":"https:\/\/www.zytho.ca\/wp-content\/uploads\/2024\/05\/Zytho_reversed_horizontal.svg","width":1582,"height":490,"caption":"Zytho"},"image":{"@id":"https:\/\/www.zytho.ca\/fr\/#\/schema\/logo\/image\/"}}]}},"_links":{"self":[{"href":"https:\/\/www.zytho.ca\/fr\/wp-json\/wp\/v2\/product\/14228","targetHints":{"allow":["GET"]}}],"collection":[{"href":"https:\/\/www.zytho.ca\/fr\/wp-json\/wp\/v2\/product"}],"about":[{"href":"https:\/\/www.zytho.ca\/fr\/wp-json\/wp\/v2\/types\/product"}],"wp:featuredmedia":[{"embeddable":true,"href":"https:\/\/www.zytho.ca\/fr\/wp-json\/wp\/v2\/media\/14230"}],"wp:attachment":[{"href":"https:\/\/www.zytho.ca\/fr\/wp-json\/wp\/v2\/media?parent=14228"}],"wp:term":[{"taxonomy":"product_brand","embeddable":true,"href":"https:\/\/www.zytho.ca\/fr\/wp-json\/wp\/v2\/product_brand?post=14228"},{"taxonomy":"product_cat","embeddable":true,"href":"https:\/\/www.zytho.ca\/fr\/wp-json\/wp\/v2\/product_cat?post=14228"},{"taxonomy":"product_tag","embeddable":true,"href":"https:\/\/www.zytho.ca\/fr\/wp-json\/wp\/v2\/product_tag?post=14228"}],"curies":[{"name":"wp","href":"https:\/\/api.w.org\/{rel}","templated":true}]}}