{"id":14183,"date":"2025-10-27T15:57:09","date_gmt":"2025-10-27T15:57:09","guid":{"rendered":"https:\/\/zytho.ca\/product\/13w-tri-clamp-accessoires\/"},"modified":"2025-11-03T07:13:22","modified_gmt":"2025-11-03T07:13:22","slug":"13w-tri-clamp-accessoires","status":"publish","type":"product","link":"https:\/\/www.zytho.ca\/fr\/produit\/13w-tri-clamp-accessoires\/","title":{"rendered":"13W Tri-Clamp Accessoires"},"content":{"rendered":"<p>Les triples colliers sont l&#8217;un des types de raccords sanitaires les plus courants en Am\u00e9rique du Nord. Il se compose de  <span data-mce-fragment=\"1\">un joint entre deux bagues ou brides tri-clamp qui sont serr\u00e9es m\u00e9caniquement \u00e0 l&#8217;aide d&#8217;un collier de serrage. Fabriqu\u00e9 en acier inoxydable, il est utilis\u00e9 pour la tuyauterie. <\/span>  dans les secteurs de l&#8217;alimentation, des boissons, de la biotechnologie et de la pharmacie. Il s&#8217;agit de pi\u00e8ces de rechange couramment utilis\u00e9es dans les raccords tri-clamp. Elles sont v\u00e9rifi\u00e9es par les certifications ASME A270 et 3A.  <\/p>\n<h6><strong>Page de catalogue<\/strong><\/h6>\n<ul>\n<li><a href=\"https:\/\/www.dixonvalve.com\/sites\/default\/files\/product\/pages\/us\/DPL418%20-%20566.pdf\">DPL418 &#8211; 566<\/a><\/li>\n<\/ul>\n","protected":false},"excerpt":{"rendered":"<h4>Principaux avantages des accessoires \u00e0 trois pinces 13W pour les brasseurs professionnels<\/h4>\n<ul>\n<li>Assurez des connexions sanitaires gr\u00e2ce \u00e0 une construction en acier inoxydable, id\u00e9ale pour maintenir l&#8217;hygi\u00e8ne dans les processus de brassage.<\/li>\n<li>Certifi\u00e9 par les normes ASME A270 et 3A, garantissant la conformit\u00e9 avec les r\u00e9glementations industrielles et l&#8217;assurance qualit\u00e9.<\/li>\n<li>Facile \u00e0 remplacer et \u00e0 entretenir, il minimise les temps d&#8217;arr\u00eat et assure un fonctionnement efficace dans les environnements de brassage \u00e0 forte demande.<\/li>\n<\/ul>\n","protected":false},"featured_media":14204,"template":"","meta":{"_acf_changed":false,"inline_featured_image":false},"product_brand":[740],"product_cat":[736,741,753],"product_tag":[763,754,762,755,756,760,759,758,757,761],"class_list":{"0":"post-14183","1":"product","2":"type-product","3":"status-publish","4":"has-post-thumbnail","6":"product_brand-dixon","7":"product_cat-distribution","8":"product_cat-materiel","9":"product_cat-raccords-tri-clamp","10":"product_tag-acier-inoxydable","11":"product_tag-brasserie","12":"product_tag-cave","13":"product_tag-distillerie","14":"product_tag-inoxydable","15":"product_tag-raccord-tri-clamp","16":"product_tag-raccords-tri-clamp","17":"product_tag-tri-clamp","18":"product_tag-tri-clamp-en-acier-inoxydable","19":"product_tag-triclamp","21":"first","22":"instock","23":"taxable","24":"shipping-taxable","25":"purchasable","26":"product-type-variable"},"acf":[],"yoast_head":"<!-- This site is optimized with the Yoast SEO plugin v27.6 - https:\/\/yoast.com\/product\/yoast-seo-wordpress\/ -->\n<title>13W Tri-Clamp Accessoires - Zytho<\/title>\n<meta name=\"robots\" content=\"index, follow, max-snippet:-1, max-image-preview:large, max-video-preview:-1\" \/>\n<link rel=\"canonical\" href=\"https:\/\/www.zytho.ca\/fr\/produit\/13w-tri-clamp-accessoires\/\" \/>\n<meta property=\"og:locale\" content=\"fr_FR\" \/>\n<meta property=\"og:type\" content=\"article\" \/>\n<meta property=\"og:title\" content=\"13W Tri-Clamp Accessoires - Zytho\" \/>\n<meta property=\"og:description\" content=\"Principaux avantages des accessoires \u00e0 trois pinces 13W pour les brasseurs professionnels    Assurez des connexions sanitaires gr\u00e2ce \u00e0 une construction en acier inoxydable, id\u00e9ale pour maintenir l&#039;hygi\u00e8ne dans les processus de brassage.   Certifi\u00e9 par les normes ASME A270 et 3A, garantissant la conformit\u00e9 avec les r\u00e9glementations industrielles et l&#039;assurance qualit\u00e9.   Facile \u00e0 remplacer et \u00e0 entretenir, il minimise les temps d&#039;arr\u00eat et assure un fonctionnement efficace dans les environnements de brassage \u00e0 forte demande.\" \/>\n<meta property=\"og:url\" content=\"https:\/\/www.zytho.ca\/fr\/produit\/13w-tri-clamp-accessoires\/\" \/>\n<meta property=\"og:site_name\" content=\"Zytho\" \/>\n<meta property=\"article:modified_time\" content=\"2025-11-03T07:13:22+00:00\" \/>\n<meta property=\"og:image\" content=\"https:\/\/www.zytho.ca\/wp-content\/uploads\/2025\/10\/13W-Tri-Clamp-Accessories-Dixon.jpg\" \/>\n\t<meta property=\"og:image:width\" content=\"272\" \/>\n\t<meta property=\"og:image:height\" content=\"272\" \/>\n\t<meta property=\"og:image:type\" content=\"image\/jpeg\" \/>\n<meta name=\"twitter:card\" content=\"summary_large_image\" \/>\n<script type=\"application\/ld+json\" class=\"yoast-schema-graph\">{\"@context\":\"https:\\\/\\\/schema.org\",\"@graph\":[{\"@type\":\"WebPage\",\"@id\":\"https:\\\/\\\/www.zytho.ca\\\/fr\\\/produit\\\/13w-tri-clamp-accessoires\\\/\",\"url\":\"https:\\\/\\\/www.zytho.ca\\\/fr\\\/produit\\\/13w-tri-clamp-accessoires\\\/\",\"name\":\"13W Tri-Clamp Accessoires - Zytho\",\"isPartOf\":{\"@id\":\"https:\\\/\\\/www.zytho.ca\\\/fr\\\/#website\"},\"primaryImageOfPage\":{\"@id\":\"https:\\\/\\\/www.zytho.ca\\\/fr\\\/produit\\\/13w-tri-clamp-accessoires\\\/#primaryimage\"},\"image\":{\"@id\":\"https:\\\/\\\/www.zytho.ca\\\/fr\\\/produit\\\/13w-tri-clamp-accessoires\\\/#primaryimage\"},\"thumbnailUrl\":\"https:\\\/\\\/www.zytho.ca\\\/wp-content\\\/uploads\\\/2025\\\/10\\\/13W-Tri-Clamp-Accessories-Dixon.jpg\",\"datePublished\":\"2025-10-27T15:57:09+00:00\",\"dateModified\":\"2025-11-03T07:13:22+00:00\",\"breadcrumb\":{\"@id\":\"https:\\\/\\\/www.zytho.ca\\\/fr\\\/produit\\\/13w-tri-clamp-accessoires\\\/#breadcrumb\"},\"inLanguage\":\"fr-FR\",\"potentialAction\":[{\"@type\":\"ReadAction\",\"target\":[\"https:\\\/\\\/www.zytho.ca\\\/fr\\\/produit\\\/13w-tri-clamp-accessoires\\\/\"]}]},{\"@type\":\"ImageObject\",\"inLanguage\":\"fr-FR\",\"@id\":\"https:\\\/\\\/www.zytho.ca\\\/fr\\\/produit\\\/13w-tri-clamp-accessoires\\\/#primaryimage\",\"url\":\"https:\\\/\\\/www.zytho.ca\\\/wp-content\\\/uploads\\\/2025\\\/10\\\/13W-Tri-Clamp-Accessories-Dixon.jpg\",\"contentUrl\":\"https:\\\/\\\/www.zytho.ca\\\/wp-content\\\/uploads\\\/2025\\\/10\\\/13W-Tri-Clamp-Accessories-Dixon.jpg\",\"width\":272,\"height\":272},{\"@type\":\"BreadcrumbList\",\"@id\":\"https:\\\/\\\/www.zytho.ca\\\/fr\\\/produit\\\/13w-tri-clamp-accessoires\\\/#breadcrumb\",\"itemListElement\":[{\"@type\":\"ListItem\",\"position\":1,\"name\":\"Accueil\",\"item\":\"https:\\\/\\\/www.zytho.ca\\\/fr\\\/\"},{\"@type\":\"ListItem\",\"position\":2,\"name\":\"Shop\",\"item\":\"https:\\\/\\\/www.zytho.ca\\\/fr\\\/shop\\\/\"},{\"@type\":\"ListItem\",\"position\":3,\"name\":\"13W Tri-Clamp Accessoires\"}]},{\"@type\":\"WebSite\",\"@id\":\"https:\\\/\\\/www.zytho.ca\\\/fr\\\/#website\",\"url\":\"https:\\\/\\\/www.zytho.ca\\\/fr\\\/\",\"name\":\"Zytho\",\"description\":\"\",\"publisher\":{\"@id\":\"https:\\\/\\\/www.zytho.ca\\\/fr\\\/#organization\"},\"potentialAction\":[{\"@type\":\"SearchAction\",\"target\":{\"@type\":\"EntryPoint\",\"urlTemplate\":\"https:\\\/\\\/www.zytho.ca\\\/fr\\\/?s={search_term_string}\"},\"query-input\":{\"@type\":\"PropertyValueSpecification\",\"valueRequired\":true,\"valueName\":\"search_term_string\"}}],\"inLanguage\":\"fr-FR\"},{\"@type\":\"Organization\",\"@id\":\"https:\\\/\\\/www.zytho.ca\\\/fr\\\/#organization\",\"name\":\"Zytho\",\"url\":\"https:\\\/\\\/www.zytho.ca\\\/fr\\\/\",\"logo\":{\"@type\":\"ImageObject\",\"inLanguage\":\"fr-FR\",\"@id\":\"https:\\\/\\\/www.zytho.ca\\\/fr\\\/#\\\/schema\\\/logo\\\/image\\\/\",\"url\":\"https:\\\/\\\/www.zytho.ca\\\/wp-content\\\/uploads\\\/2024\\\/05\\\/Zytho_reversed_horizontal.svg\",\"contentUrl\":\"https:\\\/\\\/www.zytho.ca\\\/wp-content\\\/uploads\\\/2024\\\/05\\\/Zytho_reversed_horizontal.svg\",\"width\":1582,\"height\":490,\"caption\":\"Zytho\"},\"image\":{\"@id\":\"https:\\\/\\\/www.zytho.ca\\\/fr\\\/#\\\/schema\\\/logo\\\/image\\\/\"}}]}<\/script>\n<!-- \/ Yoast SEO plugin. -->","yoast_head_json":{"title":"13W Tri-Clamp Accessoires - Zytho","robots":{"index":"index","follow":"follow","max-snippet":"max-snippet:-1","max-image-preview":"max-image-preview:large","max-video-preview":"max-video-preview:-1"},"canonical":"https:\/\/www.zytho.ca\/fr\/produit\/13w-tri-clamp-accessoires\/","og_locale":"fr_FR","og_type":"article","og_title":"13W Tri-Clamp Accessoires - Zytho","og_description":"Principaux avantages des accessoires \u00e0 trois pinces 13W pour les brasseurs professionnels    Assurez des connexions sanitaires gr\u00e2ce \u00e0 une construction en acier inoxydable, id\u00e9ale pour maintenir l'hygi\u00e8ne dans les processus de brassage.   Certifi\u00e9 par les normes ASME A270 et 3A, garantissant la conformit\u00e9 avec les r\u00e9glementations industrielles et l'assurance qualit\u00e9.   Facile \u00e0 remplacer et \u00e0 entretenir, il minimise les temps d'arr\u00eat et assure un fonctionnement efficace dans les environnements de brassage \u00e0 forte demande.","og_url":"https:\/\/www.zytho.ca\/fr\/produit\/13w-tri-clamp-accessoires\/","og_site_name":"Zytho","article_modified_time":"2025-11-03T07:13:22+00:00","og_image":[{"width":272,"height":272,"url":"https:\/\/www.zytho.ca\/wp-content\/uploads\/2025\/10\/13W-Tri-Clamp-Accessories-Dixon.jpg","type":"image\/jpeg"}],"twitter_card":"summary_large_image","schema":{"@context":"https:\/\/schema.org","@graph":[{"@type":"WebPage","@id":"https:\/\/www.zytho.ca\/fr\/produit\/13w-tri-clamp-accessoires\/","url":"https:\/\/www.zytho.ca\/fr\/produit\/13w-tri-clamp-accessoires\/","name":"13W Tri-Clamp Accessoires - Zytho","isPartOf":{"@id":"https:\/\/www.zytho.ca\/fr\/#website"},"primaryImageOfPage":{"@id":"https:\/\/www.zytho.ca\/fr\/produit\/13w-tri-clamp-accessoires\/#primaryimage"},"image":{"@id":"https:\/\/www.zytho.ca\/fr\/produit\/13w-tri-clamp-accessoires\/#primaryimage"},"thumbnailUrl":"https:\/\/www.zytho.ca\/wp-content\/uploads\/2025\/10\/13W-Tri-Clamp-Accessories-Dixon.jpg","datePublished":"2025-10-27T15:57:09+00:00","dateModified":"2025-11-03T07:13:22+00:00","breadcrumb":{"@id":"https:\/\/www.zytho.ca\/fr\/produit\/13w-tri-clamp-accessoires\/#breadcrumb"},"inLanguage":"fr-FR","potentialAction":[{"@type":"ReadAction","target":["https:\/\/www.zytho.ca\/fr\/produit\/13w-tri-clamp-accessoires\/"]}]},{"@type":"ImageObject","inLanguage":"fr-FR","@id":"https:\/\/www.zytho.ca\/fr\/produit\/13w-tri-clamp-accessoires\/#primaryimage","url":"https:\/\/www.zytho.ca\/wp-content\/uploads\/2025\/10\/13W-Tri-Clamp-Accessories-Dixon.jpg","contentUrl":"https:\/\/www.zytho.ca\/wp-content\/uploads\/2025\/10\/13W-Tri-Clamp-Accessories-Dixon.jpg","width":272,"height":272},{"@type":"BreadcrumbList","@id":"https:\/\/www.zytho.ca\/fr\/produit\/13w-tri-clamp-accessoires\/#breadcrumb","itemListElement":[{"@type":"ListItem","position":1,"name":"Accueil","item":"https:\/\/www.zytho.ca\/fr\/"},{"@type":"ListItem","position":2,"name":"Shop","item":"https:\/\/www.zytho.ca\/fr\/shop\/"},{"@type":"ListItem","position":3,"name":"13W Tri-Clamp Accessoires"}]},{"@type":"WebSite","@id":"https:\/\/www.zytho.ca\/fr\/#website","url":"https:\/\/www.zytho.ca\/fr\/","name":"Zytho","description":"","publisher":{"@id":"https:\/\/www.zytho.ca\/fr\/#organization"},"potentialAction":[{"@type":"SearchAction","target":{"@type":"EntryPoint","urlTemplate":"https:\/\/www.zytho.ca\/fr\/?s={search_term_string}"},"query-input":{"@type":"PropertyValueSpecification","valueRequired":true,"valueName":"search_term_string"}}],"inLanguage":"fr-FR"},{"@type":"Organization","@id":"https:\/\/www.zytho.ca\/fr\/#organization","name":"Zytho","url":"https:\/\/www.zytho.ca\/fr\/","logo":{"@type":"ImageObject","inLanguage":"fr-FR","@id":"https:\/\/www.zytho.ca\/fr\/#\/schema\/logo\/image\/","url":"https:\/\/www.zytho.ca\/wp-content\/uploads\/2024\/05\/Zytho_reversed_horizontal.svg","contentUrl":"https:\/\/www.zytho.ca\/wp-content\/uploads\/2024\/05\/Zytho_reversed_horizontal.svg","width":1582,"height":490,"caption":"Zytho"},"image":{"@id":"https:\/\/www.zytho.ca\/fr\/#\/schema\/logo\/image\/"}}]}},"_links":{"self":[{"href":"https:\/\/www.zytho.ca\/fr\/wp-json\/wp\/v2\/product\/14183","targetHints":{"allow":["GET"]}}],"collection":[{"href":"https:\/\/www.zytho.ca\/fr\/wp-json\/wp\/v2\/product"}],"about":[{"href":"https:\/\/www.zytho.ca\/fr\/wp-json\/wp\/v2\/types\/product"}],"wp:featuredmedia":[{"embeddable":true,"href":"https:\/\/www.zytho.ca\/fr\/wp-json\/wp\/v2\/media\/14204"}],"wp:attachment":[{"href":"https:\/\/www.zytho.ca\/fr\/wp-json\/wp\/v2\/media?parent=14183"}],"wp:term":[{"taxonomy":"product_brand","embeddable":true,"href":"https:\/\/www.zytho.ca\/fr\/wp-json\/wp\/v2\/product_brand?post=14183"},{"taxonomy":"product_cat","embeddable":true,"href":"https:\/\/www.zytho.ca\/fr\/wp-json\/wp\/v2\/product_cat?post=14183"},{"taxonomy":"product_tag","embeddable":true,"href":"https:\/\/www.zytho.ca\/fr\/wp-json\/wp\/v2\/product_tag?post=14183"}],"curies":[{"name":"wp","href":"https:\/\/api.w.org\/{rel}","templated":true}]}}