{"id":14182,"date":"2025-10-27T15:57:25","date_gmt":"2025-10-27T15:57:25","guid":{"rendered":"https:\/\/zytho.ca\/product\/bsccq-side-outlet-tri-clamp-reverse-strainer-replacement-parts-pieces-de-rechange\/"},"modified":"2025-10-27T15:57:25","modified_gmt":"2025-10-27T15:57:25","slug":"bsccq-side-outlet-tri-clamp-reverse-strainer-replacement-parts-pieces-de-rechange","status":"publish","type":"product","link":"https:\/\/www.zytho.ca\/fr\/produit\/bsccq-side-outlet-tri-clamp-reverse-strainer-replacement-parts-pieces-de-rechange\/","title":{"rendered":"BSCCQ Side-Outlet Tri-Clamp Reverse Strainer Replacement Parts (pi\u00e8ces de rechange)"},"content":{"rendered":"<h6><strong>Page de catalogue :<\/strong><\/h6>\n<ul>\n<li><a href=\"https:\/\/www.dixonvalve.com\/sites\/default\/files\/product\/pages\/us\/DPL418%20-%20621.pdf\">DPL418 &#8211; 621<\/a><\/li>\n<\/ul>\n<h6><strong>Certifications :<\/strong><\/h6>\n<ul>\n<li><a href=\"https:\/\/www.dixonvalve.com\/sites\/default\/files\/product\/certifications\/1446%2010-04.pdf\">Certificat 3A<\/a><\/li>\n<\/ul>\n<h6><strong>Sp\u00e9cifications dimensionnelles :<\/strong><\/h6>\n<ul>\n<li><a href=\"https:\/\/www.dixonvalve.com\/sites\/default\/files\/product\/files\/dimensional-specs\/BSCCQ1-R150.pdf\">Sp\u00e9cifications dimensionnelles<\/a><\/li>\n<\/ul>\n","protected":false},"excerpt":{"rendered":"<h4>Principaux avantages des pi\u00e8ces de rechange du filtre invers\u00e9 \u00e0 trois pinces \u00e0 sortie lat\u00e9rale BSCCQ pour les brasseurs professionnels<\/h4>\n<ul>\n<li>La certification 3A garantit la conformit\u00e9 aux normes de l&#8217;industrie, ce qui assure la qualit\u00e9 et la s\u00e9curit\u00e9 des processus de brassage.<\/li>\n<li>Offre des sp\u00e9cifications dimensionnelles pr\u00e9cises pour une int\u00e9gration transparente dans les syst\u00e8mes de brassage existants, am\u00e9liorant ainsi l&#8217;efficacit\u00e9 op\u00e9rationnelle.<\/li>\n<li>Il offre des performances fiables et durables, essentielles pour maintenir la puret\u00e9 et l&#8217;homog\u00e9n\u00e9it\u00e9 des brassins.<\/li>\n<\/ul>\n","protected":false},"featured_media":14184,"template":"","meta":{"_acf_changed":false,"inline_featured_image":false},"product_brand":[740],"product_cat":[736,832,741],"product_tag":[],"class_list":{"0":"post-14182","1":"product","2":"type-product","3":"status-publish","4":"has-post-thumbnail","6":"product_brand-dixon","7":"product_cat-distribution","8":"product_cat-filtres-et-tamis-sanitaires","9":"product_cat-materiel","11":"first","12":"instock","13":"taxable","14":"shipping-taxable","15":"purchasable","16":"product-type-variable"},"acf":[],"yoast_head":"<!-- This site is optimized with the Yoast SEO plugin v27.6 - https:\/\/yoast.com\/product\/yoast-seo-wordpress\/ -->\n<title>BSCCQ Side-Outlet Tri-Clamp Reverse Strainer Replacement Parts (pi\u00e8ces de rechange) - Zytho<\/title>\n<meta name=\"robots\" content=\"index, follow, max-snippet:-1, max-image-preview:large, max-video-preview:-1\" \/>\n<link rel=\"canonical\" href=\"https:\/\/www.zytho.ca\/fr\/produit\/bsccq-side-outlet-tri-clamp-reverse-strainer-replacement-parts-pieces-de-rechange\/\" \/>\n<meta property=\"og:locale\" content=\"fr_FR\" \/>\n<meta property=\"og:type\" content=\"article\" \/>\n<meta property=\"og:title\" content=\"BSCCQ Side-Outlet Tri-Clamp Reverse Strainer Replacement Parts (pi\u00e8ces de rechange) - Zytho\" \/>\n<meta property=\"og:description\" content=\"Principaux avantages des pi\u00e8ces de rechange du filtre invers\u00e9 \u00e0 trois pinces \u00e0 sortie lat\u00e9rale BSCCQ pour les brasseurs professionnels   La certification 3A garantit la conformit\u00e9 aux normes de l&#039;industrie, ce qui assure la qualit\u00e9 et la s\u00e9curit\u00e9 des processus de brassage.  Offre des sp\u00e9cifications dimensionnelles pr\u00e9cises pour une int\u00e9gration transparente dans les syst\u00e8mes de brassage existants, am\u00e9liorant ainsi l&#039;efficacit\u00e9 op\u00e9rationnelle.  Il offre des performances fiables et durables, essentielles pour maintenir la puret\u00e9 et l&#039;homog\u00e9n\u00e9it\u00e9 des brassins.\" \/>\n<meta property=\"og:url\" content=\"https:\/\/www.zytho.ca\/fr\/produit\/bsccq-side-outlet-tri-clamp-reverse-strainer-replacement-parts-pieces-de-rechange\/\" \/>\n<meta property=\"og:site_name\" content=\"Zytho\" \/>\n<meta property=\"og:image\" content=\"https:\/\/www.zytho.ca\/wp-content\/uploads\/2025\/10\/BSCCQ-Side-Outlet-Tri-Clamp-Reverse-Strainer-Replacement-Parts-Dixon.jpg\" \/>\n\t<meta property=\"og:image:width\" content=\"272\" \/>\n\t<meta property=\"og:image:height\" content=\"272\" \/>\n\t<meta property=\"og:image:type\" content=\"image\/jpeg\" \/>\n<meta name=\"twitter:card\" content=\"summary_large_image\" \/>\n<script type=\"application\/ld+json\" class=\"yoast-schema-graph\">{\"@context\":\"https:\\\/\\\/schema.org\",\"@graph\":[{\"@type\":\"WebPage\",\"@id\":\"https:\\\/\\\/www.zytho.ca\\\/fr\\\/produit\\\/bsccq-side-outlet-tri-clamp-reverse-strainer-replacement-parts-pieces-de-rechange\\\/\",\"url\":\"https:\\\/\\\/www.zytho.ca\\\/fr\\\/produit\\\/bsccq-side-outlet-tri-clamp-reverse-strainer-replacement-parts-pieces-de-rechange\\\/\",\"name\":\"BSCCQ Side-Outlet Tri-Clamp Reverse Strainer Replacement Parts (pi\u00e8ces de rechange) - Zytho\",\"isPartOf\":{\"@id\":\"https:\\\/\\\/www.zytho.ca\\\/fr\\\/#website\"},\"primaryImageOfPage\":{\"@id\":\"https:\\\/\\\/www.zytho.ca\\\/fr\\\/produit\\\/bsccq-side-outlet-tri-clamp-reverse-strainer-replacement-parts-pieces-de-rechange\\\/#primaryimage\"},\"image\":{\"@id\":\"https:\\\/\\\/www.zytho.ca\\\/fr\\\/produit\\\/bsccq-side-outlet-tri-clamp-reverse-strainer-replacement-parts-pieces-de-rechange\\\/#primaryimage\"},\"thumbnailUrl\":\"https:\\\/\\\/www.zytho.ca\\\/wp-content\\\/uploads\\\/2025\\\/10\\\/BSCCQ-Side-Outlet-Tri-Clamp-Reverse-Strainer-Replacement-Parts-Dixon.jpg\",\"datePublished\":\"2025-10-27T15:57:25+00:00\",\"breadcrumb\":{\"@id\":\"https:\\\/\\\/www.zytho.ca\\\/fr\\\/produit\\\/bsccq-side-outlet-tri-clamp-reverse-strainer-replacement-parts-pieces-de-rechange\\\/#breadcrumb\"},\"inLanguage\":\"fr-FR\",\"potentialAction\":[{\"@type\":\"ReadAction\",\"target\":[\"https:\\\/\\\/www.zytho.ca\\\/fr\\\/produit\\\/bsccq-side-outlet-tri-clamp-reverse-strainer-replacement-parts-pieces-de-rechange\\\/\"]}]},{\"@type\":\"ImageObject\",\"inLanguage\":\"fr-FR\",\"@id\":\"https:\\\/\\\/www.zytho.ca\\\/fr\\\/produit\\\/bsccq-side-outlet-tri-clamp-reverse-strainer-replacement-parts-pieces-de-rechange\\\/#primaryimage\",\"url\":\"https:\\\/\\\/www.zytho.ca\\\/wp-content\\\/uploads\\\/2025\\\/10\\\/BSCCQ-Side-Outlet-Tri-Clamp-Reverse-Strainer-Replacement-Parts-Dixon.jpg\",\"contentUrl\":\"https:\\\/\\\/www.zytho.ca\\\/wp-content\\\/uploads\\\/2025\\\/10\\\/BSCCQ-Side-Outlet-Tri-Clamp-Reverse-Strainer-Replacement-Parts-Dixon.jpg\",\"width\":272,\"height\":272},{\"@type\":\"BreadcrumbList\",\"@id\":\"https:\\\/\\\/www.zytho.ca\\\/fr\\\/produit\\\/bsccq-side-outlet-tri-clamp-reverse-strainer-replacement-parts-pieces-de-rechange\\\/#breadcrumb\",\"itemListElement\":[{\"@type\":\"ListItem\",\"position\":1,\"name\":\"Accueil\",\"item\":\"https:\\\/\\\/www.zytho.ca\\\/fr\\\/\"},{\"@type\":\"ListItem\",\"position\":2,\"name\":\"Shop\",\"item\":\"https:\\\/\\\/www.zytho.ca\\\/fr\\\/shop\\\/\"},{\"@type\":\"ListItem\",\"position\":3,\"name\":\"BSCCQ Side-Outlet Tri-Clamp Reverse Strainer Replacement Parts (pi\u00e8ces de rechange)\"}]},{\"@type\":\"WebSite\",\"@id\":\"https:\\\/\\\/www.zytho.ca\\\/fr\\\/#website\",\"url\":\"https:\\\/\\\/www.zytho.ca\\\/fr\\\/\",\"name\":\"Zytho\",\"description\":\"\",\"publisher\":{\"@id\":\"https:\\\/\\\/www.zytho.ca\\\/fr\\\/#organization\"},\"potentialAction\":[{\"@type\":\"SearchAction\",\"target\":{\"@type\":\"EntryPoint\",\"urlTemplate\":\"https:\\\/\\\/www.zytho.ca\\\/fr\\\/?s={search_term_string}\"},\"query-input\":{\"@type\":\"PropertyValueSpecification\",\"valueRequired\":true,\"valueName\":\"search_term_string\"}}],\"inLanguage\":\"fr-FR\"},{\"@type\":\"Organization\",\"@id\":\"https:\\\/\\\/www.zytho.ca\\\/fr\\\/#organization\",\"name\":\"Zytho\",\"url\":\"https:\\\/\\\/www.zytho.ca\\\/fr\\\/\",\"logo\":{\"@type\":\"ImageObject\",\"inLanguage\":\"fr-FR\",\"@id\":\"https:\\\/\\\/www.zytho.ca\\\/fr\\\/#\\\/schema\\\/logo\\\/image\\\/\",\"url\":\"https:\\\/\\\/www.zytho.ca\\\/wp-content\\\/uploads\\\/2024\\\/05\\\/Zytho_reversed_horizontal.svg\",\"contentUrl\":\"https:\\\/\\\/www.zytho.ca\\\/wp-content\\\/uploads\\\/2024\\\/05\\\/Zytho_reversed_horizontal.svg\",\"width\":1582,\"height\":490,\"caption\":\"Zytho\"},\"image\":{\"@id\":\"https:\\\/\\\/www.zytho.ca\\\/fr\\\/#\\\/schema\\\/logo\\\/image\\\/\"}}]}<\/script>\n<!-- \/ Yoast SEO plugin. -->","yoast_head_json":{"title":"BSCCQ Side-Outlet Tri-Clamp Reverse Strainer Replacement Parts (pi\u00e8ces de rechange) - Zytho","robots":{"index":"index","follow":"follow","max-snippet":"max-snippet:-1","max-image-preview":"max-image-preview:large","max-video-preview":"max-video-preview:-1"},"canonical":"https:\/\/www.zytho.ca\/fr\/produit\/bsccq-side-outlet-tri-clamp-reverse-strainer-replacement-parts-pieces-de-rechange\/","og_locale":"fr_FR","og_type":"article","og_title":"BSCCQ Side-Outlet Tri-Clamp Reverse Strainer Replacement Parts (pi\u00e8ces de rechange) - Zytho","og_description":"Principaux avantages des pi\u00e8ces de rechange du filtre invers\u00e9 \u00e0 trois pinces \u00e0 sortie lat\u00e9rale BSCCQ pour les brasseurs professionnels   La certification 3A garantit la conformit\u00e9 aux normes de l'industrie, ce qui assure la qualit\u00e9 et la s\u00e9curit\u00e9 des processus de brassage.  Offre des sp\u00e9cifications dimensionnelles pr\u00e9cises pour une int\u00e9gration transparente dans les syst\u00e8mes de brassage existants, am\u00e9liorant ainsi l'efficacit\u00e9 op\u00e9rationnelle.  Il offre des performances fiables et durables, essentielles pour maintenir la puret\u00e9 et l'homog\u00e9n\u00e9it\u00e9 des brassins.","og_url":"https:\/\/www.zytho.ca\/fr\/produit\/bsccq-side-outlet-tri-clamp-reverse-strainer-replacement-parts-pieces-de-rechange\/","og_site_name":"Zytho","og_image":[{"width":272,"height":272,"url":"https:\/\/www.zytho.ca\/wp-content\/uploads\/2025\/10\/BSCCQ-Side-Outlet-Tri-Clamp-Reverse-Strainer-Replacement-Parts-Dixon.jpg","type":"image\/jpeg"}],"twitter_card":"summary_large_image","schema":{"@context":"https:\/\/schema.org","@graph":[{"@type":"WebPage","@id":"https:\/\/www.zytho.ca\/fr\/produit\/bsccq-side-outlet-tri-clamp-reverse-strainer-replacement-parts-pieces-de-rechange\/","url":"https:\/\/www.zytho.ca\/fr\/produit\/bsccq-side-outlet-tri-clamp-reverse-strainer-replacement-parts-pieces-de-rechange\/","name":"BSCCQ Side-Outlet Tri-Clamp Reverse Strainer Replacement Parts (pi\u00e8ces de rechange) - Zytho","isPartOf":{"@id":"https:\/\/www.zytho.ca\/fr\/#website"},"primaryImageOfPage":{"@id":"https:\/\/www.zytho.ca\/fr\/produit\/bsccq-side-outlet-tri-clamp-reverse-strainer-replacement-parts-pieces-de-rechange\/#primaryimage"},"image":{"@id":"https:\/\/www.zytho.ca\/fr\/produit\/bsccq-side-outlet-tri-clamp-reverse-strainer-replacement-parts-pieces-de-rechange\/#primaryimage"},"thumbnailUrl":"https:\/\/www.zytho.ca\/wp-content\/uploads\/2025\/10\/BSCCQ-Side-Outlet-Tri-Clamp-Reverse-Strainer-Replacement-Parts-Dixon.jpg","datePublished":"2025-10-27T15:57:25+00:00","breadcrumb":{"@id":"https:\/\/www.zytho.ca\/fr\/produit\/bsccq-side-outlet-tri-clamp-reverse-strainer-replacement-parts-pieces-de-rechange\/#breadcrumb"},"inLanguage":"fr-FR","potentialAction":[{"@type":"ReadAction","target":["https:\/\/www.zytho.ca\/fr\/produit\/bsccq-side-outlet-tri-clamp-reverse-strainer-replacement-parts-pieces-de-rechange\/"]}]},{"@type":"ImageObject","inLanguage":"fr-FR","@id":"https:\/\/www.zytho.ca\/fr\/produit\/bsccq-side-outlet-tri-clamp-reverse-strainer-replacement-parts-pieces-de-rechange\/#primaryimage","url":"https:\/\/www.zytho.ca\/wp-content\/uploads\/2025\/10\/BSCCQ-Side-Outlet-Tri-Clamp-Reverse-Strainer-Replacement-Parts-Dixon.jpg","contentUrl":"https:\/\/www.zytho.ca\/wp-content\/uploads\/2025\/10\/BSCCQ-Side-Outlet-Tri-Clamp-Reverse-Strainer-Replacement-Parts-Dixon.jpg","width":272,"height":272},{"@type":"BreadcrumbList","@id":"https:\/\/www.zytho.ca\/fr\/produit\/bsccq-side-outlet-tri-clamp-reverse-strainer-replacement-parts-pieces-de-rechange\/#breadcrumb","itemListElement":[{"@type":"ListItem","position":1,"name":"Accueil","item":"https:\/\/www.zytho.ca\/fr\/"},{"@type":"ListItem","position":2,"name":"Shop","item":"https:\/\/www.zytho.ca\/fr\/shop\/"},{"@type":"ListItem","position":3,"name":"BSCCQ Side-Outlet Tri-Clamp Reverse Strainer Replacement Parts (pi\u00e8ces de rechange)"}]},{"@type":"WebSite","@id":"https:\/\/www.zytho.ca\/fr\/#website","url":"https:\/\/www.zytho.ca\/fr\/","name":"Zytho","description":"","publisher":{"@id":"https:\/\/www.zytho.ca\/fr\/#organization"},"potentialAction":[{"@type":"SearchAction","target":{"@type":"EntryPoint","urlTemplate":"https:\/\/www.zytho.ca\/fr\/?s={search_term_string}"},"query-input":{"@type":"PropertyValueSpecification","valueRequired":true,"valueName":"search_term_string"}}],"inLanguage":"fr-FR"},{"@type":"Organization","@id":"https:\/\/www.zytho.ca\/fr\/#organization","name":"Zytho","url":"https:\/\/www.zytho.ca\/fr\/","logo":{"@type":"ImageObject","inLanguage":"fr-FR","@id":"https:\/\/www.zytho.ca\/fr\/#\/schema\/logo\/image\/","url":"https:\/\/www.zytho.ca\/wp-content\/uploads\/2024\/05\/Zytho_reversed_horizontal.svg","contentUrl":"https:\/\/www.zytho.ca\/wp-content\/uploads\/2024\/05\/Zytho_reversed_horizontal.svg","width":1582,"height":490,"caption":"Zytho"},"image":{"@id":"https:\/\/www.zytho.ca\/fr\/#\/schema\/logo\/image\/"}}]}},"_links":{"self":[{"href":"https:\/\/www.zytho.ca\/fr\/wp-json\/wp\/v2\/product\/14182","targetHints":{"allow":["GET"]}}],"collection":[{"href":"https:\/\/www.zytho.ca\/fr\/wp-json\/wp\/v2\/product"}],"about":[{"href":"https:\/\/www.zytho.ca\/fr\/wp-json\/wp\/v2\/types\/product"}],"wp:featuredmedia":[{"embeddable":true,"href":"https:\/\/www.zytho.ca\/fr\/wp-json\/wp\/v2\/media\/14184"}],"wp:attachment":[{"href":"https:\/\/www.zytho.ca\/fr\/wp-json\/wp\/v2\/media?parent=14182"}],"wp:term":[{"taxonomy":"product_brand","embeddable":true,"href":"https:\/\/www.zytho.ca\/fr\/wp-json\/wp\/v2\/product_brand?post=14182"},{"taxonomy":"product_cat","embeddable":true,"href":"https:\/\/www.zytho.ca\/fr\/wp-json\/wp\/v2\/product_cat?post=14182"},{"taxonomy":"product_tag","embeddable":true,"href":"https:\/\/www.zytho.ca\/fr\/wp-json\/wp\/v2\/product_tag?post=14182"}],"curies":[{"name":"wp","href":"https:\/\/api.w.org\/{rel}","templated":true}]}}