{"id":14125,"date":"2025-10-27T15:57:13","date_gmt":"2025-10-27T15:57:13","guid":{"rendered":"https:\/\/zytho.ca\/product\/coupleur-global-a-came-et-rainure\/"},"modified":"2025-10-27T15:57:13","modified_gmt":"2025-10-27T15:57:13","slug":"coupleur-global-a-came-et-rainure","status":"publish","type":"product","link":"https:\/\/www.zytho.ca\/fr\/produit\/coupleur-global-a-came-et-rainure\/","title":{"rendered":"Coupleur global \u00e0 came et rainure"},"content":{"rendered":"<h6><strong>Coupleur global \u00e0 came et rainure &#8211; Manipulation fiable des liquides pour les conteneurs IBC et autres<\/strong><\/h6>\n<p>Le <strong>coupleur global \u00e0 came et rainure<\/strong> est con\u00e7u pour des connexions efficaces dans les <strong>applications de manipulation de liquides<\/strong>, offrant une compatibilit\u00e9 avec divers produits construits selon les <strong>normes A-A-59326D<\/strong>. Ce coupleur polyvalent est id\u00e9al pour des connexions rapides et s\u00fbres. Il est couramment utilis\u00e9 avec les <strong>raccords pour conteneurs IBC de 2&#8243;<\/strong> et constitue une solution fiable pour le transfert de liquides dans les environnements industriels. <\/p>\n<p>Fabriqu\u00e9 selon les <strong>sp\u00e9cifications de haute qualit\u00e9 de Dixon<\/strong> et portant sa marque, ce coupleur simplifie le processus de connexion gr\u00e2ce \u00e0 des <strong>leviers \u00e0 came faciles \u00e0 utiliser<\/strong>. Il suffit de glisser l&#8217;adaptateur dans le coupleur et d&#8217;appuyer sur les leviers de came avec une pression normale de la main pour r\u00e9aliser une connexion s\u00fbre. Le <g id=\"gid_2\">d\u00e9saccouplement<\/g> est tout aussi simple. lSoulevez les bras de came et retirez l&#8217;adaptateur.  <\/p>\n<h6><strong>Caract\u00e9ristiques principales :<\/strong><\/h6>\n<ul>\n<li>Con\u00e7u pour \u00eatre utilis\u00e9 avec des <strong>liquides<\/strong> (consulter Dixon pour des recommandations sp\u00e9cifiques).<\/li>\n<li>Interchangeable avec tous les produits construits selon les <strong>normes A-A-59326D<\/strong>.<\/li>\n<li><strong>Fabriqu\u00e9 selon les sp\u00e9cifications de Dixon<\/strong> et marqu\u00e9 pour l&#8217;assurance qualit\u00e9.<\/li>\n<li><strong>Le mod\u00e8le 2&#8243;<\/strong> est un mod\u00e8le typique pour les <strong>raccords de bacs IBC<\/strong>.<\/li>\n<\/ul>\n<h6><strong>Comment cela fonctionne-t-il ?<\/strong><\/h6>\n<ul>\n<li>Glissez l&#8217;adaptateur dans le coupleur et appuyez sur les leviers de came avec une pression normale de la main.<\/li>\n<li>Pour d\u00e9saccoupler, soulevez les bras de came et retirez l&#8217;adaptateur.<\/li>\n<\/ul>\n<h6><strong>Sp\u00e9cifications :<\/strong><\/h6>\n<ul>\n<li><strong>Page du catalogue<\/strong>:\u00c2 <a href=\"https:\/\/www.dixonvalve.com\/sites\/default\/files\/product\/pages\/us\/DPL418%20-%20176.pdf\">DPL418 &#8211; 176<\/a><\/li>\n<li><strong>Norme d&#8217;\u00e9change<\/strong>: A-A-59326D<\/li>\n<\/ul>\n<p>Le <strong>coupleur global \u00e0 came et rainure<\/strong> offre une solution rapide, fiable et s\u00fbre pour la <strong>manipulation des liquides<\/strong>, ce qui en fait un outil essentiel dans les industries utilisant des <strong>conteneurs IBC<\/strong> et d&#8217;autres applications de transfert de liquides.<\/p>\n","protected":false},"excerpt":{"rendered":"<h4>Manipulation efficace et fiable des liquides pour les brasseurs professionnels<\/h4>\n<ul>\n<li>Assure des connexions rapides et s\u00fbres pour un transfert de liquide sans faille, id\u00e9al pour les op\u00e9rations de brassage.<\/li>\n<li>Compatible avec les raccords standard de l&#8217;industrie, il offre polyvalence et facilit\u00e9 d&#8217;utilisation.<\/li>\n<li>Fabriqu\u00e9 selon des sp\u00e9cifications de haute qualit\u00e9, il garantit la durabilit\u00e9 et la fiabilit\u00e9 dans des environnements de brassage exigeants.<\/li>\n<\/ul>\n","protected":false},"featured_media":14147,"template":"","meta":{"_acf_changed":false,"inline_featured_image":false},"product_brand":[740],"product_cat":[846,736,741],"product_tag":[],"class_list":{"0":"post-14125","1":"product","2":"type-product","3":"status-publish","4":"has-post-thumbnail","6":"product_brand-dixon","7":"product_cat-camlock","8":"product_cat-distribution","9":"product_cat-materiel","11":"first","12":"instock","13":"taxable","14":"shipping-taxable","15":"purchasable","16":"product-type-variable"},"acf":[],"yoast_head":"<!-- This site is optimized with the Yoast SEO plugin v27.6 - https:\/\/yoast.com\/product\/yoast-seo-wordpress\/ -->\n<title>Coupleur global \u00e0 came et rainure - Zytho<\/title>\n<meta name=\"robots\" content=\"index, follow, max-snippet:-1, max-image-preview:large, max-video-preview:-1\" \/>\n<link rel=\"canonical\" href=\"https:\/\/www.zytho.ca\/fr\/produit\/coupleur-global-a-came-et-rainure\/\" \/>\n<meta property=\"og:locale\" content=\"fr_FR\" \/>\n<meta property=\"og:type\" content=\"article\" \/>\n<meta property=\"og:title\" content=\"Coupleur global \u00e0 came et rainure - Zytho\" \/>\n<meta property=\"og:description\" content=\"Manipulation efficace et fiable des liquides pour les brasseurs professionnels    Assure des connexions rapides et s\u00fbres pour un transfert de liquide sans faille, id\u00e9al pour les op\u00e9rations de brassage.   Compatible avec les raccords standard de l&#039;industrie, il offre polyvalence et facilit\u00e9 d&#039;utilisation.   Fabriqu\u00e9 selon des sp\u00e9cifications de haute qualit\u00e9, il garantit la durabilit\u00e9 et la fiabilit\u00e9 dans des environnements de brassage exigeants.\" \/>\n<meta property=\"og:url\" content=\"https:\/\/www.zytho.ca\/fr\/produit\/coupleur-global-a-came-et-rainure\/\" \/>\n<meta property=\"og:site_name\" content=\"Zytho\" \/>\n<meta property=\"og:image\" content=\"https:\/\/www.zytho.ca\/wp-content\/uploads\/2025\/10\/Cam-Groove-Global-Coupler-Dixon.jpg\" \/>\n\t<meta property=\"og:image:width\" content=\"299\" \/>\n\t<meta property=\"og:image:height\" content=\"299\" \/>\n\t<meta property=\"og:image:type\" content=\"image\/jpeg\" \/>\n<meta name=\"twitter:card\" content=\"summary_large_image\" \/>\n<meta name=\"twitter:label1\" content=\"Dur\u00e9e de lecture estim\u00e9e\" \/>\n\t<meta name=\"twitter:data1\" content=\"1 minute\" \/>\n<script type=\"application\/ld+json\" class=\"yoast-schema-graph\">{\"@context\":\"https:\\\/\\\/schema.org\",\"@graph\":[{\"@type\":\"WebPage\",\"@id\":\"https:\\\/\\\/www.zytho.ca\\\/fr\\\/produit\\\/coupleur-global-a-came-et-rainure\\\/\",\"url\":\"https:\\\/\\\/www.zytho.ca\\\/fr\\\/produit\\\/coupleur-global-a-came-et-rainure\\\/\",\"name\":\"Coupleur global \u00e0 came et rainure - Zytho\",\"isPartOf\":{\"@id\":\"https:\\\/\\\/www.zytho.ca\\\/fr\\\/#website\"},\"primaryImageOfPage\":{\"@id\":\"https:\\\/\\\/www.zytho.ca\\\/fr\\\/produit\\\/coupleur-global-a-came-et-rainure\\\/#primaryimage\"},\"image\":{\"@id\":\"https:\\\/\\\/www.zytho.ca\\\/fr\\\/produit\\\/coupleur-global-a-came-et-rainure\\\/#primaryimage\"},\"thumbnailUrl\":\"https:\\\/\\\/www.zytho.ca\\\/wp-content\\\/uploads\\\/2025\\\/10\\\/Cam-Groove-Global-Coupler-Dixon.jpg\",\"datePublished\":\"2025-10-27T15:57:13+00:00\",\"breadcrumb\":{\"@id\":\"https:\\\/\\\/www.zytho.ca\\\/fr\\\/produit\\\/coupleur-global-a-came-et-rainure\\\/#breadcrumb\"},\"inLanguage\":\"fr-FR\",\"potentialAction\":[{\"@type\":\"ReadAction\",\"target\":[\"https:\\\/\\\/www.zytho.ca\\\/fr\\\/produit\\\/coupleur-global-a-came-et-rainure\\\/\"]}]},{\"@type\":\"ImageObject\",\"inLanguage\":\"fr-FR\",\"@id\":\"https:\\\/\\\/www.zytho.ca\\\/fr\\\/produit\\\/coupleur-global-a-came-et-rainure\\\/#primaryimage\",\"url\":\"https:\\\/\\\/www.zytho.ca\\\/wp-content\\\/uploads\\\/2025\\\/10\\\/Cam-Groove-Global-Coupler-Dixon.jpg\",\"contentUrl\":\"https:\\\/\\\/www.zytho.ca\\\/wp-content\\\/uploads\\\/2025\\\/10\\\/Cam-Groove-Global-Coupler-Dixon.jpg\",\"width\":299,\"height\":299},{\"@type\":\"BreadcrumbList\",\"@id\":\"https:\\\/\\\/www.zytho.ca\\\/fr\\\/produit\\\/coupleur-global-a-came-et-rainure\\\/#breadcrumb\",\"itemListElement\":[{\"@type\":\"ListItem\",\"position\":1,\"name\":\"Accueil\",\"item\":\"https:\\\/\\\/www.zytho.ca\\\/fr\\\/\"},{\"@type\":\"ListItem\",\"position\":2,\"name\":\"Shop\",\"item\":\"https:\\\/\\\/www.zytho.ca\\\/fr\\\/shop\\\/\"},{\"@type\":\"ListItem\",\"position\":3,\"name\":\"Coupleur global \u00e0 came et rainure\"}]},{\"@type\":\"WebSite\",\"@id\":\"https:\\\/\\\/www.zytho.ca\\\/fr\\\/#website\",\"url\":\"https:\\\/\\\/www.zytho.ca\\\/fr\\\/\",\"name\":\"Zytho\",\"description\":\"\",\"publisher\":{\"@id\":\"https:\\\/\\\/www.zytho.ca\\\/fr\\\/#organization\"},\"potentialAction\":[{\"@type\":\"SearchAction\",\"target\":{\"@type\":\"EntryPoint\",\"urlTemplate\":\"https:\\\/\\\/www.zytho.ca\\\/fr\\\/?s={search_term_string}\"},\"query-input\":{\"@type\":\"PropertyValueSpecification\",\"valueRequired\":true,\"valueName\":\"search_term_string\"}}],\"inLanguage\":\"fr-FR\"},{\"@type\":\"Organization\",\"@id\":\"https:\\\/\\\/www.zytho.ca\\\/fr\\\/#organization\",\"name\":\"Zytho\",\"url\":\"https:\\\/\\\/www.zytho.ca\\\/fr\\\/\",\"logo\":{\"@type\":\"ImageObject\",\"inLanguage\":\"fr-FR\",\"@id\":\"https:\\\/\\\/www.zytho.ca\\\/fr\\\/#\\\/schema\\\/logo\\\/image\\\/\",\"url\":\"https:\\\/\\\/www.zytho.ca\\\/wp-content\\\/uploads\\\/2024\\\/05\\\/Zytho_reversed_horizontal.svg\",\"contentUrl\":\"https:\\\/\\\/www.zytho.ca\\\/wp-content\\\/uploads\\\/2024\\\/05\\\/Zytho_reversed_horizontal.svg\",\"width\":1582,\"height\":490,\"caption\":\"Zytho\"},\"image\":{\"@id\":\"https:\\\/\\\/www.zytho.ca\\\/fr\\\/#\\\/schema\\\/logo\\\/image\\\/\"}}]}<\/script>\n<!-- \/ Yoast SEO plugin. -->","yoast_head_json":{"title":"Coupleur global \u00e0 came et rainure - Zytho","robots":{"index":"index","follow":"follow","max-snippet":"max-snippet:-1","max-image-preview":"max-image-preview:large","max-video-preview":"max-video-preview:-1"},"canonical":"https:\/\/www.zytho.ca\/fr\/produit\/coupleur-global-a-came-et-rainure\/","og_locale":"fr_FR","og_type":"article","og_title":"Coupleur global \u00e0 came et rainure - Zytho","og_description":"Manipulation efficace et fiable des liquides pour les brasseurs professionnels    Assure des connexions rapides et s\u00fbres pour un transfert de liquide sans faille, id\u00e9al pour les op\u00e9rations de brassage.   Compatible avec les raccords standard de l'industrie, il offre polyvalence et facilit\u00e9 d'utilisation.   Fabriqu\u00e9 selon des sp\u00e9cifications de haute qualit\u00e9, il garantit la durabilit\u00e9 et la fiabilit\u00e9 dans des environnements de brassage exigeants.","og_url":"https:\/\/www.zytho.ca\/fr\/produit\/coupleur-global-a-came-et-rainure\/","og_site_name":"Zytho","og_image":[{"width":299,"height":299,"url":"https:\/\/www.zytho.ca\/wp-content\/uploads\/2025\/10\/Cam-Groove-Global-Coupler-Dixon.jpg","type":"image\/jpeg"}],"twitter_card":"summary_large_image","twitter_misc":{"Dur\u00e9e de lecture estim\u00e9e":"1 minute"},"schema":{"@context":"https:\/\/schema.org","@graph":[{"@type":"WebPage","@id":"https:\/\/www.zytho.ca\/fr\/produit\/coupleur-global-a-came-et-rainure\/","url":"https:\/\/www.zytho.ca\/fr\/produit\/coupleur-global-a-came-et-rainure\/","name":"Coupleur global \u00e0 came et rainure - Zytho","isPartOf":{"@id":"https:\/\/www.zytho.ca\/fr\/#website"},"primaryImageOfPage":{"@id":"https:\/\/www.zytho.ca\/fr\/produit\/coupleur-global-a-came-et-rainure\/#primaryimage"},"image":{"@id":"https:\/\/www.zytho.ca\/fr\/produit\/coupleur-global-a-came-et-rainure\/#primaryimage"},"thumbnailUrl":"https:\/\/www.zytho.ca\/wp-content\/uploads\/2025\/10\/Cam-Groove-Global-Coupler-Dixon.jpg","datePublished":"2025-10-27T15:57:13+00:00","breadcrumb":{"@id":"https:\/\/www.zytho.ca\/fr\/produit\/coupleur-global-a-came-et-rainure\/#breadcrumb"},"inLanguage":"fr-FR","potentialAction":[{"@type":"ReadAction","target":["https:\/\/www.zytho.ca\/fr\/produit\/coupleur-global-a-came-et-rainure\/"]}]},{"@type":"ImageObject","inLanguage":"fr-FR","@id":"https:\/\/www.zytho.ca\/fr\/produit\/coupleur-global-a-came-et-rainure\/#primaryimage","url":"https:\/\/www.zytho.ca\/wp-content\/uploads\/2025\/10\/Cam-Groove-Global-Coupler-Dixon.jpg","contentUrl":"https:\/\/www.zytho.ca\/wp-content\/uploads\/2025\/10\/Cam-Groove-Global-Coupler-Dixon.jpg","width":299,"height":299},{"@type":"BreadcrumbList","@id":"https:\/\/www.zytho.ca\/fr\/produit\/coupleur-global-a-came-et-rainure\/#breadcrumb","itemListElement":[{"@type":"ListItem","position":1,"name":"Accueil","item":"https:\/\/www.zytho.ca\/fr\/"},{"@type":"ListItem","position":2,"name":"Shop","item":"https:\/\/www.zytho.ca\/fr\/shop\/"},{"@type":"ListItem","position":3,"name":"Coupleur global \u00e0 came et rainure"}]},{"@type":"WebSite","@id":"https:\/\/www.zytho.ca\/fr\/#website","url":"https:\/\/www.zytho.ca\/fr\/","name":"Zytho","description":"","publisher":{"@id":"https:\/\/www.zytho.ca\/fr\/#organization"},"potentialAction":[{"@type":"SearchAction","target":{"@type":"EntryPoint","urlTemplate":"https:\/\/www.zytho.ca\/fr\/?s={search_term_string}"},"query-input":{"@type":"PropertyValueSpecification","valueRequired":true,"valueName":"search_term_string"}}],"inLanguage":"fr-FR"},{"@type":"Organization","@id":"https:\/\/www.zytho.ca\/fr\/#organization","name":"Zytho","url":"https:\/\/www.zytho.ca\/fr\/","logo":{"@type":"ImageObject","inLanguage":"fr-FR","@id":"https:\/\/www.zytho.ca\/fr\/#\/schema\/logo\/image\/","url":"https:\/\/www.zytho.ca\/wp-content\/uploads\/2024\/05\/Zytho_reversed_horizontal.svg","contentUrl":"https:\/\/www.zytho.ca\/wp-content\/uploads\/2024\/05\/Zytho_reversed_horizontal.svg","width":1582,"height":490,"caption":"Zytho"},"image":{"@id":"https:\/\/www.zytho.ca\/fr\/#\/schema\/logo\/image\/"}}]}},"_links":{"self":[{"href":"https:\/\/www.zytho.ca\/fr\/wp-json\/wp\/v2\/product\/14125","targetHints":{"allow":["GET"]}}],"collection":[{"href":"https:\/\/www.zytho.ca\/fr\/wp-json\/wp\/v2\/product"}],"about":[{"href":"https:\/\/www.zytho.ca\/fr\/wp-json\/wp\/v2\/types\/product"}],"wp:featuredmedia":[{"embeddable":true,"href":"https:\/\/www.zytho.ca\/fr\/wp-json\/wp\/v2\/media\/14147"}],"wp:attachment":[{"href":"https:\/\/www.zytho.ca\/fr\/wp-json\/wp\/v2\/media?parent=14125"}],"wp:term":[{"taxonomy":"product_brand","embeddable":true,"href":"https:\/\/www.zytho.ca\/fr\/wp-json\/wp\/v2\/product_brand?post=14125"},{"taxonomy":"product_cat","embeddable":true,"href":"https:\/\/www.zytho.ca\/fr\/wp-json\/wp\/v2\/product_cat?post=14125"},{"taxonomy":"product_tag","embeddable":true,"href":"https:\/\/www.zytho.ca\/fr\/wp-json\/wp\/v2\/product_tag?post=14125"}],"curies":[{"name":"wp","href":"https:\/\/api.w.org\/{rel}","templated":true}]}}