{"id":14112,"date":"2025-10-27T15:57:37","date_gmt":"2025-10-27T15:57:37","guid":{"rendered":"https:\/\/zytho.ca\/product\/adaptateurs-a-souder-b19mp-clamp-x-schedule-5s-et-10s\/"},"modified":"2025-11-10T05:50:27","modified_gmt":"2025-11-10T05:50:27","slug":"adaptateurs-a-souder-b19mp-clamp-x-schedule-5s-et-10s","status":"publish","type":"product","link":"https:\/\/www.zytho.ca\/fr\/produit\/adaptateurs-a-souder-b19mp-clamp-x-schedule-5s-et-10s\/","title":{"rendered":"Adaptateurs \u00e0 souder B19MP Clamp x Schedule 5S et 10S"},"content":{"rendered":"<h6><strong>Les raccords de tuyauterie Schedule ne sont pas aussi courants que les raccords de tuyauterie sanitaire.  <\/strong><\/h6>\n<h6><strong>Sp\u00e9cifications :<\/strong><\/h6>\n<ul>\n<li>3-A Normes sanitaires pour les raccords sanitaires, num\u00e9ro 63-03 (autorisation num\u00e9ro 621).<\/li>\n<\/ul>\n<h6><strong>Construction :<\/strong><\/h6>\n<ul>\n<li>3A finition sanitaire ID et OD<\/li>\n<\/ul>\n<h6><strong>Certifications :<\/strong><\/h6>\n<ul>\n<li><a href=\"https:\/\/www.dixonvalve.com\/sites\/default\/files\/product\/certifications\/621%2063-04-2020.pdf\">Certificat 3A<\/a><\/li>\n<\/ul>\n<h6><strong>Sp\u00e9cifications dimensionnelles :<\/strong><\/h6>\n<ul>\n<li>5S &#8211; <a href=\"https:\/\/www.dixonvalve.com\/sites\/default\/files\/product\/files\/dimensional-specs\/B19MPV-R100.PDF\">Sp\u00e9cifications dimensionnelles<\/a><\/li>\n<li>10S &#8211; <a href=\"https:\/\/www.dixonvalve.com\/sites\/default\/files\/product\/files\/dimensional-specs\/B19MPX-R100.PDF\">Sp\u00e9cifications dimensionnelles<\/a><\/li>\n<\/ul>\n<h6><strong>Page de catalogue :<\/strong><\/h6>\n<ul>\n<li>10S &#8211; <a href=\"https:\/\/www.dixonvalve.com\/sites\/default\/files\/product\/pages\/us\/DPL418%20-%20601.pdf\">DPL418 &#8211; 601<\/a><\/li>\n<\/ul>\n","protected":false},"excerpt":{"rendered":"<h4>Principaux avantages des adaptateurs \u00e0 souder B19MP Clamp x Schedule 5S et 10S pour les brasseurs professionnels<\/h4>\n<ul>\n<li>Conforme aux normes sanitaires 3-A, garantissant des processus de brassage hygi\u00e9niques et s\u00fbrs.<\/li>\n<li>Les surfaces int\u00e9rieures et ext\u00e9rieures pr\u00e9sentent une finition sanitaire 3A pour une propret\u00e9 optimale.<\/li>\n<li>Disponible dans des sp\u00e9cifications dimensionnelles pr\u00e9cises pour s&#8217;adapter parfaitement \u00e0 votre syst\u00e8me de brassage.<\/li>\n<\/ul>\n","protected":false},"featured_media":14114,"template":"","meta":{"_acf_changed":false,"inline_featured_image":false},"product_brand":[740],"product_cat":[736,741,765],"product_tag":[],"class_list":{"0":"post-14112","1":"product","2":"type-product","3":"status-publish","4":"has-post-thumbnail","6":"product_brand-dixon","7":"product_cat-distribution","8":"product_cat-materiel","9":"product_cat-raccords-sanitaires","11":"first","12":"instock","13":"taxable","14":"shipping-taxable","15":"purchasable","16":"product-type-variable"},"acf":[],"yoast_head":"<!-- This site is optimized with the Yoast SEO plugin v27.6 - https:\/\/yoast.com\/product\/yoast-seo-wordpress\/ -->\n<title>Adaptateurs \u00e0 souder B19MP Clamp x Schedule 5S et 10S - Zytho<\/title>\n<meta name=\"robots\" content=\"index, follow, max-snippet:-1, max-image-preview:large, max-video-preview:-1\" \/>\n<link rel=\"canonical\" href=\"https:\/\/www.zytho.ca\/fr\/produit\/adaptateurs-a-souder-b19mp-clamp-x-schedule-5s-et-10s\/\" \/>\n<meta property=\"og:locale\" content=\"fr_FR\" \/>\n<meta property=\"og:type\" content=\"article\" \/>\n<meta property=\"og:title\" content=\"Adaptateurs \u00e0 souder B19MP Clamp x Schedule 5S et 10S - Zytho\" \/>\n<meta property=\"og:description\" content=\"Principaux avantages des adaptateurs \u00e0 souder B19MP Clamp x Schedule 5S et 10S pour les brasseurs professionnels  Conforme aux normes sanitaires 3-A, garantissant des processus de brassage hygi\u00e9niques et s\u00fbrs.  Les surfaces int\u00e9rieures et ext\u00e9rieures pr\u00e9sentent une finition sanitaire 3A pour une propret\u00e9 optimale.  Disponible dans des sp\u00e9cifications dimensionnelles pr\u00e9cises pour s&#039;adapter parfaitement \u00e0 votre syst\u00e8me de brassage.\" \/>\n<meta property=\"og:url\" content=\"https:\/\/www.zytho.ca\/fr\/produit\/adaptateurs-a-souder-b19mp-clamp-x-schedule-5s-et-10s\/\" \/>\n<meta property=\"og:site_name\" content=\"Zytho\" \/>\n<meta property=\"article:modified_time\" content=\"2025-11-10T05:50:27+00:00\" \/>\n<meta property=\"og:image\" content=\"https:\/\/www.zytho.ca\/wp-content\/uploads\/2025\/10\/B19MP-Clamp-x-Schedule-5S-and-10S-Weld-Adapters-Dixon.jpg\" \/>\n\t<meta property=\"og:image:width\" content=\"208\" \/>\n\t<meta property=\"og:image:height\" content=\"208\" \/>\n\t<meta property=\"og:image:type\" content=\"image\/jpeg\" \/>\n<meta name=\"twitter:card\" content=\"summary_large_image\" \/>\n<script type=\"application\/ld+json\" class=\"yoast-schema-graph\">{\"@context\":\"https:\\\/\\\/schema.org\",\"@graph\":[{\"@type\":\"WebPage\",\"@id\":\"https:\\\/\\\/www.zytho.ca\\\/fr\\\/produit\\\/adaptateurs-a-souder-b19mp-clamp-x-schedule-5s-et-10s\\\/\",\"url\":\"https:\\\/\\\/www.zytho.ca\\\/fr\\\/produit\\\/adaptateurs-a-souder-b19mp-clamp-x-schedule-5s-et-10s\\\/\",\"name\":\"Adaptateurs \u00e0 souder B19MP Clamp x Schedule 5S et 10S - Zytho\",\"isPartOf\":{\"@id\":\"https:\\\/\\\/www.zytho.ca\\\/fr\\\/#website\"},\"primaryImageOfPage\":{\"@id\":\"https:\\\/\\\/www.zytho.ca\\\/fr\\\/produit\\\/adaptateurs-a-souder-b19mp-clamp-x-schedule-5s-et-10s\\\/#primaryimage\"},\"image\":{\"@id\":\"https:\\\/\\\/www.zytho.ca\\\/fr\\\/produit\\\/adaptateurs-a-souder-b19mp-clamp-x-schedule-5s-et-10s\\\/#primaryimage\"},\"thumbnailUrl\":\"https:\\\/\\\/www.zytho.ca\\\/wp-content\\\/uploads\\\/2025\\\/10\\\/B19MP-Clamp-x-Schedule-5S-and-10S-Weld-Adapters-Dixon.jpg\",\"datePublished\":\"2025-10-27T15:57:37+00:00\",\"dateModified\":\"2025-11-10T05:50:27+00:00\",\"breadcrumb\":{\"@id\":\"https:\\\/\\\/www.zytho.ca\\\/fr\\\/produit\\\/adaptateurs-a-souder-b19mp-clamp-x-schedule-5s-et-10s\\\/#breadcrumb\"},\"inLanguage\":\"fr-FR\",\"potentialAction\":[{\"@type\":\"ReadAction\",\"target\":[\"https:\\\/\\\/www.zytho.ca\\\/fr\\\/produit\\\/adaptateurs-a-souder-b19mp-clamp-x-schedule-5s-et-10s\\\/\"]}]},{\"@type\":\"ImageObject\",\"inLanguage\":\"fr-FR\",\"@id\":\"https:\\\/\\\/www.zytho.ca\\\/fr\\\/produit\\\/adaptateurs-a-souder-b19mp-clamp-x-schedule-5s-et-10s\\\/#primaryimage\",\"url\":\"https:\\\/\\\/www.zytho.ca\\\/wp-content\\\/uploads\\\/2025\\\/10\\\/B19MP-Clamp-x-Schedule-5S-and-10S-Weld-Adapters-Dixon.jpg\",\"contentUrl\":\"https:\\\/\\\/www.zytho.ca\\\/wp-content\\\/uploads\\\/2025\\\/10\\\/B19MP-Clamp-x-Schedule-5S-and-10S-Weld-Adapters-Dixon.jpg\",\"width\":208,\"height\":208},{\"@type\":\"BreadcrumbList\",\"@id\":\"https:\\\/\\\/www.zytho.ca\\\/fr\\\/produit\\\/adaptateurs-a-souder-b19mp-clamp-x-schedule-5s-et-10s\\\/#breadcrumb\",\"itemListElement\":[{\"@type\":\"ListItem\",\"position\":1,\"name\":\"Accueil\",\"item\":\"https:\\\/\\\/www.zytho.ca\\\/fr\\\/\"},{\"@type\":\"ListItem\",\"position\":2,\"name\":\"Shop\",\"item\":\"https:\\\/\\\/www.zytho.ca\\\/fr\\\/shop\\\/\"},{\"@type\":\"ListItem\",\"position\":3,\"name\":\"Adaptateurs \u00e0 souder B19MP Clamp x Schedule 5S et 10S\"}]},{\"@type\":\"WebSite\",\"@id\":\"https:\\\/\\\/www.zytho.ca\\\/fr\\\/#website\",\"url\":\"https:\\\/\\\/www.zytho.ca\\\/fr\\\/\",\"name\":\"Zytho\",\"description\":\"\",\"publisher\":{\"@id\":\"https:\\\/\\\/www.zytho.ca\\\/fr\\\/#organization\"},\"potentialAction\":[{\"@type\":\"SearchAction\",\"target\":{\"@type\":\"EntryPoint\",\"urlTemplate\":\"https:\\\/\\\/www.zytho.ca\\\/fr\\\/?s={search_term_string}\"},\"query-input\":{\"@type\":\"PropertyValueSpecification\",\"valueRequired\":true,\"valueName\":\"search_term_string\"}}],\"inLanguage\":\"fr-FR\"},{\"@type\":\"Organization\",\"@id\":\"https:\\\/\\\/www.zytho.ca\\\/fr\\\/#organization\",\"name\":\"Zytho\",\"url\":\"https:\\\/\\\/www.zytho.ca\\\/fr\\\/\",\"logo\":{\"@type\":\"ImageObject\",\"inLanguage\":\"fr-FR\",\"@id\":\"https:\\\/\\\/www.zytho.ca\\\/fr\\\/#\\\/schema\\\/logo\\\/image\\\/\",\"url\":\"https:\\\/\\\/www.zytho.ca\\\/wp-content\\\/uploads\\\/2024\\\/05\\\/Zytho_reversed_horizontal.svg\",\"contentUrl\":\"https:\\\/\\\/www.zytho.ca\\\/wp-content\\\/uploads\\\/2024\\\/05\\\/Zytho_reversed_horizontal.svg\",\"width\":1582,\"height\":490,\"caption\":\"Zytho\"},\"image\":{\"@id\":\"https:\\\/\\\/www.zytho.ca\\\/fr\\\/#\\\/schema\\\/logo\\\/image\\\/\"}}]}<\/script>\n<!-- \/ Yoast SEO plugin. -->","yoast_head_json":{"title":"Adaptateurs \u00e0 souder B19MP Clamp x Schedule 5S et 10S - Zytho","robots":{"index":"index","follow":"follow","max-snippet":"max-snippet:-1","max-image-preview":"max-image-preview:large","max-video-preview":"max-video-preview:-1"},"canonical":"https:\/\/www.zytho.ca\/fr\/produit\/adaptateurs-a-souder-b19mp-clamp-x-schedule-5s-et-10s\/","og_locale":"fr_FR","og_type":"article","og_title":"Adaptateurs \u00e0 souder B19MP Clamp x Schedule 5S et 10S - Zytho","og_description":"Principaux avantages des adaptateurs \u00e0 souder B19MP Clamp x Schedule 5S et 10S pour les brasseurs professionnels  Conforme aux normes sanitaires 3-A, garantissant des processus de brassage hygi\u00e9niques et s\u00fbrs.  Les surfaces int\u00e9rieures et ext\u00e9rieures pr\u00e9sentent une finition sanitaire 3A pour une propret\u00e9 optimale.  Disponible dans des sp\u00e9cifications dimensionnelles pr\u00e9cises pour s'adapter parfaitement \u00e0 votre syst\u00e8me de brassage.","og_url":"https:\/\/www.zytho.ca\/fr\/produit\/adaptateurs-a-souder-b19mp-clamp-x-schedule-5s-et-10s\/","og_site_name":"Zytho","article_modified_time":"2025-11-10T05:50:27+00:00","og_image":[{"width":208,"height":208,"url":"https:\/\/www.zytho.ca\/wp-content\/uploads\/2025\/10\/B19MP-Clamp-x-Schedule-5S-and-10S-Weld-Adapters-Dixon.jpg","type":"image\/jpeg"}],"twitter_card":"summary_large_image","schema":{"@context":"https:\/\/schema.org","@graph":[{"@type":"WebPage","@id":"https:\/\/www.zytho.ca\/fr\/produit\/adaptateurs-a-souder-b19mp-clamp-x-schedule-5s-et-10s\/","url":"https:\/\/www.zytho.ca\/fr\/produit\/adaptateurs-a-souder-b19mp-clamp-x-schedule-5s-et-10s\/","name":"Adaptateurs \u00e0 souder B19MP Clamp x Schedule 5S et 10S - Zytho","isPartOf":{"@id":"https:\/\/www.zytho.ca\/fr\/#website"},"primaryImageOfPage":{"@id":"https:\/\/www.zytho.ca\/fr\/produit\/adaptateurs-a-souder-b19mp-clamp-x-schedule-5s-et-10s\/#primaryimage"},"image":{"@id":"https:\/\/www.zytho.ca\/fr\/produit\/adaptateurs-a-souder-b19mp-clamp-x-schedule-5s-et-10s\/#primaryimage"},"thumbnailUrl":"https:\/\/www.zytho.ca\/wp-content\/uploads\/2025\/10\/B19MP-Clamp-x-Schedule-5S-and-10S-Weld-Adapters-Dixon.jpg","datePublished":"2025-10-27T15:57:37+00:00","dateModified":"2025-11-10T05:50:27+00:00","breadcrumb":{"@id":"https:\/\/www.zytho.ca\/fr\/produit\/adaptateurs-a-souder-b19mp-clamp-x-schedule-5s-et-10s\/#breadcrumb"},"inLanguage":"fr-FR","potentialAction":[{"@type":"ReadAction","target":["https:\/\/www.zytho.ca\/fr\/produit\/adaptateurs-a-souder-b19mp-clamp-x-schedule-5s-et-10s\/"]}]},{"@type":"ImageObject","inLanguage":"fr-FR","@id":"https:\/\/www.zytho.ca\/fr\/produit\/adaptateurs-a-souder-b19mp-clamp-x-schedule-5s-et-10s\/#primaryimage","url":"https:\/\/www.zytho.ca\/wp-content\/uploads\/2025\/10\/B19MP-Clamp-x-Schedule-5S-and-10S-Weld-Adapters-Dixon.jpg","contentUrl":"https:\/\/www.zytho.ca\/wp-content\/uploads\/2025\/10\/B19MP-Clamp-x-Schedule-5S-and-10S-Weld-Adapters-Dixon.jpg","width":208,"height":208},{"@type":"BreadcrumbList","@id":"https:\/\/www.zytho.ca\/fr\/produit\/adaptateurs-a-souder-b19mp-clamp-x-schedule-5s-et-10s\/#breadcrumb","itemListElement":[{"@type":"ListItem","position":1,"name":"Accueil","item":"https:\/\/www.zytho.ca\/fr\/"},{"@type":"ListItem","position":2,"name":"Shop","item":"https:\/\/www.zytho.ca\/fr\/shop\/"},{"@type":"ListItem","position":3,"name":"Adaptateurs \u00e0 souder B19MP Clamp x Schedule 5S et 10S"}]},{"@type":"WebSite","@id":"https:\/\/www.zytho.ca\/fr\/#website","url":"https:\/\/www.zytho.ca\/fr\/","name":"Zytho","description":"","publisher":{"@id":"https:\/\/www.zytho.ca\/fr\/#organization"},"potentialAction":[{"@type":"SearchAction","target":{"@type":"EntryPoint","urlTemplate":"https:\/\/www.zytho.ca\/fr\/?s={search_term_string}"},"query-input":{"@type":"PropertyValueSpecification","valueRequired":true,"valueName":"search_term_string"}}],"inLanguage":"fr-FR"},{"@type":"Organization","@id":"https:\/\/www.zytho.ca\/fr\/#organization","name":"Zytho","url":"https:\/\/www.zytho.ca\/fr\/","logo":{"@type":"ImageObject","inLanguage":"fr-FR","@id":"https:\/\/www.zytho.ca\/fr\/#\/schema\/logo\/image\/","url":"https:\/\/www.zytho.ca\/wp-content\/uploads\/2024\/05\/Zytho_reversed_horizontal.svg","contentUrl":"https:\/\/www.zytho.ca\/wp-content\/uploads\/2024\/05\/Zytho_reversed_horizontal.svg","width":1582,"height":490,"caption":"Zytho"},"image":{"@id":"https:\/\/www.zytho.ca\/fr\/#\/schema\/logo\/image\/"}}]}},"_links":{"self":[{"href":"https:\/\/www.zytho.ca\/fr\/wp-json\/wp\/v2\/product\/14112","targetHints":{"allow":["GET"]}}],"collection":[{"href":"https:\/\/www.zytho.ca\/fr\/wp-json\/wp\/v2\/product"}],"about":[{"href":"https:\/\/www.zytho.ca\/fr\/wp-json\/wp\/v2\/types\/product"}],"wp:featuredmedia":[{"embeddable":true,"href":"https:\/\/www.zytho.ca\/fr\/wp-json\/wp\/v2\/media\/14114"}],"wp:attachment":[{"href":"https:\/\/www.zytho.ca\/fr\/wp-json\/wp\/v2\/media?parent=14112"}],"wp:term":[{"taxonomy":"product_brand","embeddable":true,"href":"https:\/\/www.zytho.ca\/fr\/wp-json\/wp\/v2\/product_brand?post=14112"},{"taxonomy":"product_cat","embeddable":true,"href":"https:\/\/www.zytho.ca\/fr\/wp-json\/wp\/v2\/product_cat?post=14112"},{"taxonomy":"product_tag","embeddable":true,"href":"https:\/\/www.zytho.ca\/fr\/wp-json\/wp\/v2\/product_tag?post=14112"}],"curies":[{"name":"wp","href":"https:\/\/api.w.org\/{rel}","templated":true}]}}