{"id":14095,"date":"2025-10-27T15:57:58","date_gmt":"2025-10-27T15:57:58","guid":{"rendered":"https:\/\/zytho.ca\/product\/cable-de-liaison-m12-2m-ifm\/"},"modified":"2025-11-03T07:13:03","modified_gmt":"2025-11-03T07:13:03","slug":"cable-de-liaison-m12-2m-ifm","status":"publish","type":"product","link":"https:\/\/www.zytho.ca\/fr\/produit\/cable-de-liaison-m12-2m-ifm\/","title":{"rendered":"C\u00e2ble de liaison M12 2M &#8211; Ifm"},"content":{"rendered":"<h6><strong>IFM EVC018 Jumper Cable M12 2M &#8211; Connectivit\u00e9 M12 robuste pour capteurs, actionneurs et syst\u00e8mes de vannes<\/strong><\/h6>\n<p>Con\u00e7u pour l&#8217;automatisation exigeante, l&#8217;IFM EVC018 fournit une connectivit\u00e9 de pontage M12 \u00e0 M12 fiable pour le c\u00e2blage des syst\u00e8mes de capteurs, d&#8217;actionneurs et de vannes dans les machines, les cellules CNC, les convoyeurs et les panneaux de contr\u00f4le. Son \u00e9tanch\u00e9it\u00e9 et son verrouillage robustes pr\u00e9servent l&#8217;int\u00e9grit\u00e9 du signal et de l&#8217;alimentation dans les environnements riches en huile et en liquide de refroidissement, m\u00eame avec un montage rapide et sans outil. <\/p>\n<h6><strong>Principaux avantages<\/strong><\/h6>\n<ul>\n<li>R\u00e9sistant \u00e0 l&#8217;huile et au liquide de refroidissement pour une longue dur\u00e9e de vie de la machine<\/li>\n<li>Etanch\u00e9it\u00e9 fiable maintenue m\u00eame en cas d&#8217;installation \u00e9tanche \u00e0 la main<\/li>\n<li>La bague d&#8217;accouplement verrouillable r\u00e9siste aux vibrations et aux chocs<\/li>\n<li>La but\u00e9e m\u00e9canique prot\u00e8ge le joint torique d&#8217;une surcompression<\/li>\n<li>Protection \u00e9lev\u00e9e contre les agressions pour les environnements industriels difficiles<\/li>\n<\/ul>\n<h6><strong>Aper\u00e7u technique<\/strong><\/h6>\n<ul>\n<li>Marque\/Mod\u00e8le : IFM EVC018<\/li>\n<li>Produit : C\u00e2ble de liaison M12 2M<\/li>\n<li>Interface : Syst\u00e8me de connecteurs M12 (plug-and-socket)<\/li>\n<li>Longueur : 2 m\u00e8tres<\/li>\n<li>Accouplement : M\u00e9canisme de verrouillage pour un accouplement s\u00fbr en cas de vibrations<\/li>\n<li>\u00c9tanch\u00e9it\u00e9 : Protection m\u00e9canique de l&#8217;arr\u00eat en fin de course Joint torique<\/li>\n<li>Application : C\u00e2blage de capteurs\/actionneurs, collecteurs de vannes, modules E\/S, armoires de commande<\/li>\n<li>Montage : Connexion M12 rapide et sans outil<\/li>\n<li>Environnement : Convient \u00e0 l&#8217;exposition aux huiles, aux liquides de refroidissement et aux contaminants industriels.<\/li>\n<\/ul>\n<p>Comptez sur l&#8217;EVC018 pour une connectivit\u00e9 fiable et facile \u00e0 entretenir qui s&#8217;int\u00e8gre parfaitement dans les syst\u00e8mes modernes d&#8217;automatisation et de contr\u00f4le.<\/p>\n","protected":false},"excerpt":{"rendered":"<h4>Principaux avantages du c\u00e2ble de liaison IFM EVC018 M12 2M pour les brasseurs professionnels<\/h4>\n<ul>\n<li>Garantit des connexions robustes et fiables dans les environnements de brassage riches en huile et en liquide de refroidissement.<\/li>\n<li>Installation rapide, sans outil, avec un m\u00e9canisme de verrouillage qui r\u00e9siste aux vibrations et aux chocs.<\/li>\n<li>Protection \u00e9lev\u00e9e contre les agressions pour maintenir l&#8217;int\u00e9grit\u00e9 du signal dans des environnements industriels difficiles.<\/li>\n<\/ul>\n","protected":false},"featured_media":14097,"template":"","meta":{"_acf_changed":false,"inline_featured_image":false},"product_brand":[1004],"product_cat":[1032,736],"product_tag":[],"class_list":{"0":"post-14095","1":"product","2":"type-product","3":"status-publish","4":"has-post-thumbnail","6":"product_brand-ifm","7":"product_cat-cables-de-demarrage","8":"product_cat-distribution","10":"first","11":"instock","12":"downloadable","13":"taxable","14":"shipping-taxable","15":"purchasable","16":"product-type-simple"},"acf":[],"yoast_head":"<!-- This site is optimized with the Yoast SEO plugin v27.6 - https:\/\/yoast.com\/product\/yoast-seo-wordpress\/ -->\n<title>C\u00e2ble de liaison M12 2M - Ifm - Zytho<\/title>\n<meta name=\"robots\" content=\"index, follow, max-snippet:-1, max-image-preview:large, max-video-preview:-1\" \/>\n<link rel=\"canonical\" href=\"https:\/\/www.zytho.ca\/fr\/produit\/cable-de-liaison-m12-2m-ifm\/\" \/>\n<meta property=\"og:locale\" content=\"fr_FR\" \/>\n<meta property=\"og:type\" content=\"article\" \/>\n<meta property=\"og:title\" content=\"C\u00e2ble de liaison M12 2M - Ifm - Zytho\" \/>\n<meta property=\"og:description\" content=\"Principaux avantages du c\u00e2ble de liaison IFM EVC018 M12 2M pour les brasseurs professionnels    Garantit des connexions robustes et fiables dans les environnements de brassage riches en huile et en liquide de refroidissement.   Installation rapide, sans outil, avec un m\u00e9canisme de verrouillage qui r\u00e9siste aux vibrations et aux chocs.   Protection \u00e9lev\u00e9e contre les agressions pour maintenir l&#039;int\u00e9grit\u00e9 du signal dans des environnements industriels difficiles.\" \/>\n<meta property=\"og:url\" content=\"https:\/\/www.zytho.ca\/fr\/produit\/cable-de-liaison-m12-2m-ifm\/\" \/>\n<meta property=\"og:site_name\" content=\"Zytho\" \/>\n<meta property=\"article:modified_time\" content=\"2025-11-03T07:13:03+00:00\" \/>\n<meta property=\"og:image\" content=\"https:\/\/www.zytho.ca\/wp-content\/uploads\/2025\/10\/EVC018.jpg\" \/>\n\t<meta property=\"og:image:width\" content=\"1500\" \/>\n\t<meta property=\"og:image:height\" content=\"1500\" \/>\n\t<meta property=\"og:image:type\" content=\"image\/jpeg\" \/>\n<meta name=\"twitter:card\" content=\"summary_large_image\" \/>\n<meta name=\"twitter:label1\" content=\"Dur\u00e9e de lecture estim\u00e9e\" \/>\n\t<meta name=\"twitter:data1\" content=\"1 minute\" \/>\n<script type=\"application\/ld+json\" class=\"yoast-schema-graph\">{\"@context\":\"https:\\\/\\\/schema.org\",\"@graph\":[{\"@type\":\"WebPage\",\"@id\":\"https:\\\/\\\/www.zytho.ca\\\/fr\\\/produit\\\/cable-de-liaison-m12-2m-ifm\\\/\",\"url\":\"https:\\\/\\\/www.zytho.ca\\\/fr\\\/produit\\\/cable-de-liaison-m12-2m-ifm\\\/\",\"name\":\"C\u00e2ble de liaison M12 2M - Ifm - Zytho\",\"isPartOf\":{\"@id\":\"https:\\\/\\\/www.zytho.ca\\\/fr\\\/#website\"},\"primaryImageOfPage\":{\"@id\":\"https:\\\/\\\/www.zytho.ca\\\/fr\\\/produit\\\/cable-de-liaison-m12-2m-ifm\\\/#primaryimage\"},\"image\":{\"@id\":\"https:\\\/\\\/www.zytho.ca\\\/fr\\\/produit\\\/cable-de-liaison-m12-2m-ifm\\\/#primaryimage\"},\"thumbnailUrl\":\"https:\\\/\\\/www.zytho.ca\\\/wp-content\\\/uploads\\\/2025\\\/10\\\/EVC018.jpg\",\"datePublished\":\"2025-10-27T15:57:58+00:00\",\"dateModified\":\"2025-11-03T07:13:03+00:00\",\"breadcrumb\":{\"@id\":\"https:\\\/\\\/www.zytho.ca\\\/fr\\\/produit\\\/cable-de-liaison-m12-2m-ifm\\\/#breadcrumb\"},\"inLanguage\":\"fr-FR\",\"potentialAction\":[{\"@type\":\"ReadAction\",\"target\":[\"https:\\\/\\\/www.zytho.ca\\\/fr\\\/produit\\\/cable-de-liaison-m12-2m-ifm\\\/\"]}]},{\"@type\":\"ImageObject\",\"inLanguage\":\"fr-FR\",\"@id\":\"https:\\\/\\\/www.zytho.ca\\\/fr\\\/produit\\\/cable-de-liaison-m12-2m-ifm\\\/#primaryimage\",\"url\":\"https:\\\/\\\/www.zytho.ca\\\/wp-content\\\/uploads\\\/2025\\\/10\\\/EVC018.jpg\",\"contentUrl\":\"https:\\\/\\\/www.zytho.ca\\\/wp-content\\\/uploads\\\/2025\\\/10\\\/EVC018.jpg\",\"width\":1500,\"height\":1500},{\"@type\":\"BreadcrumbList\",\"@id\":\"https:\\\/\\\/www.zytho.ca\\\/fr\\\/produit\\\/cable-de-liaison-m12-2m-ifm\\\/#breadcrumb\",\"itemListElement\":[{\"@type\":\"ListItem\",\"position\":1,\"name\":\"Accueil\",\"item\":\"https:\\\/\\\/www.zytho.ca\\\/fr\\\/\"},{\"@type\":\"ListItem\",\"position\":2,\"name\":\"Shop\",\"item\":\"https:\\\/\\\/www.zytho.ca\\\/fr\\\/shop\\\/\"},{\"@type\":\"ListItem\",\"position\":3,\"name\":\"C\u00e2ble de liaison M12 2M &#8211; Ifm\"}]},{\"@type\":\"WebSite\",\"@id\":\"https:\\\/\\\/www.zytho.ca\\\/fr\\\/#website\",\"url\":\"https:\\\/\\\/www.zytho.ca\\\/fr\\\/\",\"name\":\"Zytho\",\"description\":\"\",\"publisher\":{\"@id\":\"https:\\\/\\\/www.zytho.ca\\\/fr\\\/#organization\"},\"potentialAction\":[{\"@type\":\"SearchAction\",\"target\":{\"@type\":\"EntryPoint\",\"urlTemplate\":\"https:\\\/\\\/www.zytho.ca\\\/fr\\\/?s={search_term_string}\"},\"query-input\":{\"@type\":\"PropertyValueSpecification\",\"valueRequired\":true,\"valueName\":\"search_term_string\"}}],\"inLanguage\":\"fr-FR\"},{\"@type\":\"Organization\",\"@id\":\"https:\\\/\\\/www.zytho.ca\\\/fr\\\/#organization\",\"name\":\"Zytho\",\"url\":\"https:\\\/\\\/www.zytho.ca\\\/fr\\\/\",\"logo\":{\"@type\":\"ImageObject\",\"inLanguage\":\"fr-FR\",\"@id\":\"https:\\\/\\\/www.zytho.ca\\\/fr\\\/#\\\/schema\\\/logo\\\/image\\\/\",\"url\":\"https:\\\/\\\/www.zytho.ca\\\/wp-content\\\/uploads\\\/2024\\\/05\\\/Zytho_reversed_horizontal.svg\",\"contentUrl\":\"https:\\\/\\\/www.zytho.ca\\\/wp-content\\\/uploads\\\/2024\\\/05\\\/Zytho_reversed_horizontal.svg\",\"width\":1582,\"height\":490,\"caption\":\"Zytho\"},\"image\":{\"@id\":\"https:\\\/\\\/www.zytho.ca\\\/fr\\\/#\\\/schema\\\/logo\\\/image\\\/\"}}]}<\/script>\n<!-- \/ Yoast SEO plugin. -->","yoast_head_json":{"title":"C\u00e2ble de liaison M12 2M - Ifm - Zytho","robots":{"index":"index","follow":"follow","max-snippet":"max-snippet:-1","max-image-preview":"max-image-preview:large","max-video-preview":"max-video-preview:-1"},"canonical":"https:\/\/www.zytho.ca\/fr\/produit\/cable-de-liaison-m12-2m-ifm\/","og_locale":"fr_FR","og_type":"article","og_title":"C\u00e2ble de liaison M12 2M - Ifm - Zytho","og_description":"Principaux avantages du c\u00e2ble de liaison IFM EVC018 M12 2M pour les brasseurs professionnels    Garantit des connexions robustes et fiables dans les environnements de brassage riches en huile et en liquide de refroidissement.   Installation rapide, sans outil, avec un m\u00e9canisme de verrouillage qui r\u00e9siste aux vibrations et aux chocs.   Protection \u00e9lev\u00e9e contre les agressions pour maintenir l'int\u00e9grit\u00e9 du signal dans des environnements industriels difficiles.","og_url":"https:\/\/www.zytho.ca\/fr\/produit\/cable-de-liaison-m12-2m-ifm\/","og_site_name":"Zytho","article_modified_time":"2025-11-03T07:13:03+00:00","og_image":[{"width":1500,"height":1500,"url":"https:\/\/www.zytho.ca\/wp-content\/uploads\/2025\/10\/EVC018.jpg","type":"image\/jpeg"}],"twitter_card":"summary_large_image","twitter_misc":{"Dur\u00e9e de lecture estim\u00e9e":"1 minute"},"schema":{"@context":"https:\/\/schema.org","@graph":[{"@type":"WebPage","@id":"https:\/\/www.zytho.ca\/fr\/produit\/cable-de-liaison-m12-2m-ifm\/","url":"https:\/\/www.zytho.ca\/fr\/produit\/cable-de-liaison-m12-2m-ifm\/","name":"C\u00e2ble de liaison M12 2M - Ifm - Zytho","isPartOf":{"@id":"https:\/\/www.zytho.ca\/fr\/#website"},"primaryImageOfPage":{"@id":"https:\/\/www.zytho.ca\/fr\/produit\/cable-de-liaison-m12-2m-ifm\/#primaryimage"},"image":{"@id":"https:\/\/www.zytho.ca\/fr\/produit\/cable-de-liaison-m12-2m-ifm\/#primaryimage"},"thumbnailUrl":"https:\/\/www.zytho.ca\/wp-content\/uploads\/2025\/10\/EVC018.jpg","datePublished":"2025-10-27T15:57:58+00:00","dateModified":"2025-11-03T07:13:03+00:00","breadcrumb":{"@id":"https:\/\/www.zytho.ca\/fr\/produit\/cable-de-liaison-m12-2m-ifm\/#breadcrumb"},"inLanguage":"fr-FR","potentialAction":[{"@type":"ReadAction","target":["https:\/\/www.zytho.ca\/fr\/produit\/cable-de-liaison-m12-2m-ifm\/"]}]},{"@type":"ImageObject","inLanguage":"fr-FR","@id":"https:\/\/www.zytho.ca\/fr\/produit\/cable-de-liaison-m12-2m-ifm\/#primaryimage","url":"https:\/\/www.zytho.ca\/wp-content\/uploads\/2025\/10\/EVC018.jpg","contentUrl":"https:\/\/www.zytho.ca\/wp-content\/uploads\/2025\/10\/EVC018.jpg","width":1500,"height":1500},{"@type":"BreadcrumbList","@id":"https:\/\/www.zytho.ca\/fr\/produit\/cable-de-liaison-m12-2m-ifm\/#breadcrumb","itemListElement":[{"@type":"ListItem","position":1,"name":"Accueil","item":"https:\/\/www.zytho.ca\/fr\/"},{"@type":"ListItem","position":2,"name":"Shop","item":"https:\/\/www.zytho.ca\/fr\/shop\/"},{"@type":"ListItem","position":3,"name":"C\u00e2ble de liaison M12 2M &#8211; Ifm"}]},{"@type":"WebSite","@id":"https:\/\/www.zytho.ca\/fr\/#website","url":"https:\/\/www.zytho.ca\/fr\/","name":"Zytho","description":"","publisher":{"@id":"https:\/\/www.zytho.ca\/fr\/#organization"},"potentialAction":[{"@type":"SearchAction","target":{"@type":"EntryPoint","urlTemplate":"https:\/\/www.zytho.ca\/fr\/?s={search_term_string}"},"query-input":{"@type":"PropertyValueSpecification","valueRequired":true,"valueName":"search_term_string"}}],"inLanguage":"fr-FR"},{"@type":"Organization","@id":"https:\/\/www.zytho.ca\/fr\/#organization","name":"Zytho","url":"https:\/\/www.zytho.ca\/fr\/","logo":{"@type":"ImageObject","inLanguage":"fr-FR","@id":"https:\/\/www.zytho.ca\/fr\/#\/schema\/logo\/image\/","url":"https:\/\/www.zytho.ca\/wp-content\/uploads\/2024\/05\/Zytho_reversed_horizontal.svg","contentUrl":"https:\/\/www.zytho.ca\/wp-content\/uploads\/2024\/05\/Zytho_reversed_horizontal.svg","width":1582,"height":490,"caption":"Zytho"},"image":{"@id":"https:\/\/www.zytho.ca\/fr\/#\/schema\/logo\/image\/"}}]}},"_links":{"self":[{"href":"https:\/\/www.zytho.ca\/fr\/wp-json\/wp\/v2\/product\/14095","targetHints":{"allow":["GET"]}}],"collection":[{"href":"https:\/\/www.zytho.ca\/fr\/wp-json\/wp\/v2\/product"}],"about":[{"href":"https:\/\/www.zytho.ca\/fr\/wp-json\/wp\/v2\/types\/product"}],"wp:featuredmedia":[{"embeddable":true,"href":"https:\/\/www.zytho.ca\/fr\/wp-json\/wp\/v2\/media\/14097"}],"wp:attachment":[{"href":"https:\/\/www.zytho.ca\/fr\/wp-json\/wp\/v2\/media?parent=14095"}],"wp:term":[{"taxonomy":"product_brand","embeddable":true,"href":"https:\/\/www.zytho.ca\/fr\/wp-json\/wp\/v2\/product_brand?post=14095"},{"taxonomy":"product_cat","embeddable":true,"href":"https:\/\/www.zytho.ca\/fr\/wp-json\/wp\/v2\/product_cat?post=14095"},{"taxonomy":"product_tag","embeddable":true,"href":"https:\/\/www.zytho.ca\/fr\/wp-json\/wp\/v2\/product_tag?post=14095"}],"curies":[{"name":"wp","href":"https:\/\/api.w.org\/{rel}","templated":true}]}}