{"id":14087,"date":"2025-10-27T15:57:56","date_gmt":"2025-10-27T15:57:56","guid":{"rendered":"https:\/\/zytho.ca\/product\/prise-souhaitable-ifm\/"},"modified":"2025-11-03T07:13:06","modified_gmt":"2025-11-03T07:13:06","slug":"prise-souhaitable-ifm","status":"publish","type":"product","link":"https:\/\/www.zytho.ca\/fr\/produit\/prise-souhaitable-ifm\/","title":{"rendered":"Prise souhaitable &#8211; Ifm"},"content":{"rendered":"<h6><strong>IFM EVC815 Wirable Socket &#8211; Connecteur de terrain pour capteurs et actionneurs<\/strong><\/h6>\n<p>Con\u00e7ue pour les environnements exigeants des ateliers, la prise IFM EVC815 offre une connexion fiable entre les capteurs\/actionneurs et les syst\u00e8mes de contr\u00f4le. Id\u00e9ale pour les constructeurs de machines et les \u00e9quipes de maintenance, elle rationalise le c\u00e2blage sur site pour les convoyeurs, la robotique et les syst\u00e8mes de vannes o\u00f9 la robustesse et le temps de fonctionnement sont importants. <\/p>\n<h6><strong>Principaux avantages<\/strong><\/h6>\n<ul>\n<li>Les contacts plaqu\u00e9s or garantissent une faible r\u00e9sistance et une longue dur\u00e9e de vie pour la transmission des signaux et de l&#8217;\u00e9nergie.<\/li>\n<li>L&#8217;indice de protection \u00e9lev\u00e9 permet une utilisation dans des conditions industrielles et de lavage difficiles.<\/li>\n<li>La pince \u00e0 bille brevet\u00e9e \u00e0 trois voies offre une r\u00e9duction exceptionnelle de la tension en cas de vibrations.<\/li>\n<li>La conception des bornes \u00e0 vis permet un c\u00e2blage rapide et reproductible \u00e0 l&#8217;aide d&#8217;outils standard.<\/li>\n<li>Le facteur de forme &#8220;Field-attachable&#8221; r\u00e9duit les temps d&#8217;arr\u00eat et simplifie les r\u00e9trofits.<\/li>\n<\/ul>\n<h6><strong>Aper\u00e7u technique \/ D\u00e9tails du produit<\/strong><\/h6>\n<ul>\n<li>Marque\/Mod\u00e8le : IFM EVC815 wirable socket (connecteur industriel amovible)<\/li>\n<li>Application : Raccordement de capteurs et d&#8217;actionneurs \u00e0 des modules d&#8217;E\/S PLC, des collecteurs de vannes et des modules d&#8217;E\/S<\/li>\n<li>Contacts : Plaqu\u00e9 or pour une r\u00e9sistance \u00e0 la corrosion et une conductivit\u00e9 stable<\/li>\n<li>Terminaison : Bornes \u00e0 vis pour un serrage rapide et s\u00fbr des conducteurs<\/li>\n<li>Soulagement de la tension : Pince \u00e0 bille brevet\u00e9e \u00e0 trois voies pour la r\u00e9tention du c\u00e2ble et la protection contre les courbures.<\/li>\n<li>Environnement : niveau de protection \u00e9lev\u00e9 adapt\u00e9 aux zones difficiles, huileuses et humides<\/li>\n<li>Bo\u00eetier : Conception industrielle robuste pour montage sur panneau, machine ou sur site<\/li>\n<li>Int\u00e9gration : Compatible avec les architectures d&#8217;automatisation courantes dans les usines et les \u00e9quipements de traitement.<\/li>\n<\/ul>\n<p>Comptez sur l&#8217;EVC815 pour obtenir des connexions fiables qui s&#8217;int\u00e8grent parfaitement aux syst\u00e8mes d&#8217;automatisation modernes et qui assurent le fonctionnement de vos machines.<\/p>\n","protected":false},"excerpt":{"rendered":"<h4>Connexions fiables et durables pour les environnements de brassage professionnels<\/h4>\n<ul>\n<li>Les contacts plaqu\u00e9s or assurent des connexions durables et \u00e0 faible r\u00e9sistance, essentielles pour assurer la r\u00e9gularit\u00e9 des op\u00e9rations de brassage.<\/li>\n<li>L&#8217;indice de protection \u00e9lev\u00e9 garantit des performances dans des conditions difficiles et humides, typiques des installations de brassage.<\/li>\n<li>La conception rapide et s\u00fbre des bornes \u00e0 vis minimise les temps d&#8217;arr\u00eat, ce qui facilite la maintenance et les mises \u00e0 niveau.<\/li>\n<\/ul>\n","protected":false},"featured_media":14089,"template":"","meta":{"_acf_changed":false,"inline_featured_image":false},"product_brand":[1004],"product_cat":[736,1035],"product_tag":[],"class_list":{"0":"post-14087","1":"product","2":"type-product","3":"status-publish","4":"has-post-thumbnail","6":"product_brand-ifm","7":"product_cat-distribution","8":"product_cat-souhaitable","10":"first","11":"instock","12":"downloadable","13":"taxable","14":"shipping-taxable","15":"purchasable","16":"product-type-simple"},"acf":[],"yoast_head":"<!-- This site is optimized with the Yoast SEO plugin v27.6 - https:\/\/yoast.com\/product\/yoast-seo-wordpress\/ -->\n<title>Prise souhaitable - Ifm - Zytho<\/title>\n<meta name=\"robots\" content=\"index, follow, max-snippet:-1, max-image-preview:large, max-video-preview:-1\" \/>\n<link rel=\"canonical\" href=\"https:\/\/www.zytho.ca\/fr\/produit\/prise-souhaitable-ifm\/\" \/>\n<meta property=\"og:locale\" content=\"fr_FR\" \/>\n<meta property=\"og:type\" content=\"article\" \/>\n<meta property=\"og:title\" content=\"Prise souhaitable - Ifm - Zytho\" \/>\n<meta property=\"og:description\" content=\"Connexions fiables et durables pour les environnements de brassage professionnels    Les contacts plaqu\u00e9s or assurent des connexions durables et \u00e0 faible r\u00e9sistance, essentielles pour assurer la r\u00e9gularit\u00e9 des op\u00e9rations de brassage.   L&#039;indice de protection \u00e9lev\u00e9 garantit des performances dans des conditions difficiles et humides, typiques des installations de brassage.   La conception rapide et s\u00fbre des bornes \u00e0 vis minimise les temps d&#039;arr\u00eat, ce qui facilite la maintenance et les mises \u00e0 niveau.\" \/>\n<meta property=\"og:url\" content=\"https:\/\/www.zytho.ca\/fr\/produit\/prise-souhaitable-ifm\/\" \/>\n<meta property=\"og:site_name\" content=\"Zytho\" \/>\n<meta property=\"article:modified_time\" content=\"2025-11-03T07:13:06+00:00\" \/>\n<meta property=\"og:image\" content=\"https:\/\/www.zytho.ca\/wp-content\/uploads\/2025\/10\/EVC815.jpg\" \/>\n\t<meta property=\"og:image:width\" content=\"1500\" \/>\n\t<meta property=\"og:image:height\" content=\"1500\" \/>\n\t<meta property=\"og:image:type\" content=\"image\/jpeg\" \/>\n<meta name=\"twitter:card\" content=\"summary_large_image\" \/>\n<meta name=\"twitter:label1\" content=\"Dur\u00e9e de lecture estim\u00e9e\" \/>\n\t<meta name=\"twitter:data1\" content=\"2 minutes\" \/>\n<script type=\"application\/ld+json\" class=\"yoast-schema-graph\">{\"@context\":\"https:\\\/\\\/schema.org\",\"@graph\":[{\"@type\":\"WebPage\",\"@id\":\"https:\\\/\\\/www.zytho.ca\\\/fr\\\/produit\\\/prise-souhaitable-ifm\\\/\",\"url\":\"https:\\\/\\\/www.zytho.ca\\\/fr\\\/produit\\\/prise-souhaitable-ifm\\\/\",\"name\":\"Prise souhaitable - Ifm - Zytho\",\"isPartOf\":{\"@id\":\"https:\\\/\\\/www.zytho.ca\\\/fr\\\/#website\"},\"primaryImageOfPage\":{\"@id\":\"https:\\\/\\\/www.zytho.ca\\\/fr\\\/produit\\\/prise-souhaitable-ifm\\\/#primaryimage\"},\"image\":{\"@id\":\"https:\\\/\\\/www.zytho.ca\\\/fr\\\/produit\\\/prise-souhaitable-ifm\\\/#primaryimage\"},\"thumbnailUrl\":\"https:\\\/\\\/www.zytho.ca\\\/wp-content\\\/uploads\\\/2025\\\/10\\\/EVC815.jpg\",\"datePublished\":\"2025-10-27T15:57:56+00:00\",\"dateModified\":\"2025-11-03T07:13:06+00:00\",\"breadcrumb\":{\"@id\":\"https:\\\/\\\/www.zytho.ca\\\/fr\\\/produit\\\/prise-souhaitable-ifm\\\/#breadcrumb\"},\"inLanguage\":\"fr-FR\",\"potentialAction\":[{\"@type\":\"ReadAction\",\"target\":[\"https:\\\/\\\/www.zytho.ca\\\/fr\\\/produit\\\/prise-souhaitable-ifm\\\/\"]}]},{\"@type\":\"ImageObject\",\"inLanguage\":\"fr-FR\",\"@id\":\"https:\\\/\\\/www.zytho.ca\\\/fr\\\/produit\\\/prise-souhaitable-ifm\\\/#primaryimage\",\"url\":\"https:\\\/\\\/www.zytho.ca\\\/wp-content\\\/uploads\\\/2025\\\/10\\\/EVC815.jpg\",\"contentUrl\":\"https:\\\/\\\/www.zytho.ca\\\/wp-content\\\/uploads\\\/2025\\\/10\\\/EVC815.jpg\",\"width\":1500,\"height\":1500},{\"@type\":\"BreadcrumbList\",\"@id\":\"https:\\\/\\\/www.zytho.ca\\\/fr\\\/produit\\\/prise-souhaitable-ifm\\\/#breadcrumb\",\"itemListElement\":[{\"@type\":\"ListItem\",\"position\":1,\"name\":\"Accueil\",\"item\":\"https:\\\/\\\/www.zytho.ca\\\/fr\\\/\"},{\"@type\":\"ListItem\",\"position\":2,\"name\":\"Shop\",\"item\":\"https:\\\/\\\/www.zytho.ca\\\/fr\\\/shop\\\/\"},{\"@type\":\"ListItem\",\"position\":3,\"name\":\"Prise souhaitable &#8211; Ifm\"}]},{\"@type\":\"WebSite\",\"@id\":\"https:\\\/\\\/www.zytho.ca\\\/fr\\\/#website\",\"url\":\"https:\\\/\\\/www.zytho.ca\\\/fr\\\/\",\"name\":\"Zytho\",\"description\":\"\",\"publisher\":{\"@id\":\"https:\\\/\\\/www.zytho.ca\\\/fr\\\/#organization\"},\"potentialAction\":[{\"@type\":\"SearchAction\",\"target\":{\"@type\":\"EntryPoint\",\"urlTemplate\":\"https:\\\/\\\/www.zytho.ca\\\/fr\\\/?s={search_term_string}\"},\"query-input\":{\"@type\":\"PropertyValueSpecification\",\"valueRequired\":true,\"valueName\":\"search_term_string\"}}],\"inLanguage\":\"fr-FR\"},{\"@type\":\"Organization\",\"@id\":\"https:\\\/\\\/www.zytho.ca\\\/fr\\\/#organization\",\"name\":\"Zytho\",\"url\":\"https:\\\/\\\/www.zytho.ca\\\/fr\\\/\",\"logo\":{\"@type\":\"ImageObject\",\"inLanguage\":\"fr-FR\",\"@id\":\"https:\\\/\\\/www.zytho.ca\\\/fr\\\/#\\\/schema\\\/logo\\\/image\\\/\",\"url\":\"https:\\\/\\\/www.zytho.ca\\\/wp-content\\\/uploads\\\/2024\\\/05\\\/Zytho_reversed_horizontal.svg\",\"contentUrl\":\"https:\\\/\\\/www.zytho.ca\\\/wp-content\\\/uploads\\\/2024\\\/05\\\/Zytho_reversed_horizontal.svg\",\"width\":1582,\"height\":490,\"caption\":\"Zytho\"},\"image\":{\"@id\":\"https:\\\/\\\/www.zytho.ca\\\/fr\\\/#\\\/schema\\\/logo\\\/image\\\/\"}}]}<\/script>\n<!-- \/ Yoast SEO plugin. -->","yoast_head_json":{"title":"Prise souhaitable - Ifm - Zytho","robots":{"index":"index","follow":"follow","max-snippet":"max-snippet:-1","max-image-preview":"max-image-preview:large","max-video-preview":"max-video-preview:-1"},"canonical":"https:\/\/www.zytho.ca\/fr\/produit\/prise-souhaitable-ifm\/","og_locale":"fr_FR","og_type":"article","og_title":"Prise souhaitable - Ifm - Zytho","og_description":"Connexions fiables et durables pour les environnements de brassage professionnels    Les contacts plaqu\u00e9s or assurent des connexions durables et \u00e0 faible r\u00e9sistance, essentielles pour assurer la r\u00e9gularit\u00e9 des op\u00e9rations de brassage.   L'indice de protection \u00e9lev\u00e9 garantit des performances dans des conditions difficiles et humides, typiques des installations de brassage.   La conception rapide et s\u00fbre des bornes \u00e0 vis minimise les temps d'arr\u00eat, ce qui facilite la maintenance et les mises \u00e0 niveau.","og_url":"https:\/\/www.zytho.ca\/fr\/produit\/prise-souhaitable-ifm\/","og_site_name":"Zytho","article_modified_time":"2025-11-03T07:13:06+00:00","og_image":[{"width":1500,"height":1500,"url":"https:\/\/www.zytho.ca\/wp-content\/uploads\/2025\/10\/EVC815.jpg","type":"image\/jpeg"}],"twitter_card":"summary_large_image","twitter_misc":{"Dur\u00e9e de lecture estim\u00e9e":"2 minutes"},"schema":{"@context":"https:\/\/schema.org","@graph":[{"@type":"WebPage","@id":"https:\/\/www.zytho.ca\/fr\/produit\/prise-souhaitable-ifm\/","url":"https:\/\/www.zytho.ca\/fr\/produit\/prise-souhaitable-ifm\/","name":"Prise souhaitable - Ifm - Zytho","isPartOf":{"@id":"https:\/\/www.zytho.ca\/fr\/#website"},"primaryImageOfPage":{"@id":"https:\/\/www.zytho.ca\/fr\/produit\/prise-souhaitable-ifm\/#primaryimage"},"image":{"@id":"https:\/\/www.zytho.ca\/fr\/produit\/prise-souhaitable-ifm\/#primaryimage"},"thumbnailUrl":"https:\/\/www.zytho.ca\/wp-content\/uploads\/2025\/10\/EVC815.jpg","datePublished":"2025-10-27T15:57:56+00:00","dateModified":"2025-11-03T07:13:06+00:00","breadcrumb":{"@id":"https:\/\/www.zytho.ca\/fr\/produit\/prise-souhaitable-ifm\/#breadcrumb"},"inLanguage":"fr-FR","potentialAction":[{"@type":"ReadAction","target":["https:\/\/www.zytho.ca\/fr\/produit\/prise-souhaitable-ifm\/"]}]},{"@type":"ImageObject","inLanguage":"fr-FR","@id":"https:\/\/www.zytho.ca\/fr\/produit\/prise-souhaitable-ifm\/#primaryimage","url":"https:\/\/www.zytho.ca\/wp-content\/uploads\/2025\/10\/EVC815.jpg","contentUrl":"https:\/\/www.zytho.ca\/wp-content\/uploads\/2025\/10\/EVC815.jpg","width":1500,"height":1500},{"@type":"BreadcrumbList","@id":"https:\/\/www.zytho.ca\/fr\/produit\/prise-souhaitable-ifm\/#breadcrumb","itemListElement":[{"@type":"ListItem","position":1,"name":"Accueil","item":"https:\/\/www.zytho.ca\/fr\/"},{"@type":"ListItem","position":2,"name":"Shop","item":"https:\/\/www.zytho.ca\/fr\/shop\/"},{"@type":"ListItem","position":3,"name":"Prise souhaitable &#8211; Ifm"}]},{"@type":"WebSite","@id":"https:\/\/www.zytho.ca\/fr\/#website","url":"https:\/\/www.zytho.ca\/fr\/","name":"Zytho","description":"","publisher":{"@id":"https:\/\/www.zytho.ca\/fr\/#organization"},"potentialAction":[{"@type":"SearchAction","target":{"@type":"EntryPoint","urlTemplate":"https:\/\/www.zytho.ca\/fr\/?s={search_term_string}"},"query-input":{"@type":"PropertyValueSpecification","valueRequired":true,"valueName":"search_term_string"}}],"inLanguage":"fr-FR"},{"@type":"Organization","@id":"https:\/\/www.zytho.ca\/fr\/#organization","name":"Zytho","url":"https:\/\/www.zytho.ca\/fr\/","logo":{"@type":"ImageObject","inLanguage":"fr-FR","@id":"https:\/\/www.zytho.ca\/fr\/#\/schema\/logo\/image\/","url":"https:\/\/www.zytho.ca\/wp-content\/uploads\/2024\/05\/Zytho_reversed_horizontal.svg","contentUrl":"https:\/\/www.zytho.ca\/wp-content\/uploads\/2024\/05\/Zytho_reversed_horizontal.svg","width":1582,"height":490,"caption":"Zytho"},"image":{"@id":"https:\/\/www.zytho.ca\/fr\/#\/schema\/logo\/image\/"}}]}},"_links":{"self":[{"href":"https:\/\/www.zytho.ca\/fr\/wp-json\/wp\/v2\/product\/14087","targetHints":{"allow":["GET"]}}],"collection":[{"href":"https:\/\/www.zytho.ca\/fr\/wp-json\/wp\/v2\/product"}],"about":[{"href":"https:\/\/www.zytho.ca\/fr\/wp-json\/wp\/v2\/types\/product"}],"wp:featuredmedia":[{"embeddable":true,"href":"https:\/\/www.zytho.ca\/fr\/wp-json\/wp\/v2\/media\/14089"}],"wp:attachment":[{"href":"https:\/\/www.zytho.ca\/fr\/wp-json\/wp\/v2\/media?parent=14087"}],"wp:term":[{"taxonomy":"product_brand","embeddable":true,"href":"https:\/\/www.zytho.ca\/fr\/wp-json\/wp\/v2\/product_brand?post=14087"},{"taxonomy":"product_cat","embeddable":true,"href":"https:\/\/www.zytho.ca\/fr\/wp-json\/wp\/v2\/product_cat?post=14087"},{"taxonomy":"product_tag","embeddable":true,"href":"https:\/\/www.zytho.ca\/fr\/wp-json\/wp\/v2\/product_tag?post=14087"}],"curies":[{"name":"wp","href":"https:\/\/api.w.org\/{rel}","templated":true}]}}