{"id":14083,"date":"2025-10-27T15:57:57","date_gmt":"2025-10-27T15:57:57","guid":{"rendered":"https:\/\/zytho.ca\/product\/cable-m8-5-m-ifm\/"},"modified":"2025-11-03T07:13:05","modified_gmt":"2025-11-03T07:13:05","slug":"cable-m8-5-m-ifm","status":"publish","type":"product","link":"https:\/\/www.zytho.ca\/fr\/produit\/cable-m8-5-m-ifm\/","title":{"rendered":"C\u00e2ble M8, 5 m &#8211; Ifm"},"content":{"rendered":"<h6><strong>IFM EVC145 &#8211; C\u00e2ble M8, 5 m<\/p>\n<p>C\u00e2ble de connexion capteur\/actionneur<\/strong><\/h6>\n<p>Con\u00e7u pour les t\u00e2ches d&#8217;automatisation exigeantes, l&#8217;IFM EVC145 C\u00e2ble M8 5m constitue un lien robuste et pr\u00eat \u00e0 \u00eatre connect\u00e9 entre les capteurs, les actionneurs et les syst\u00e8mes de vannes et vos modules d&#8217;E\/S ou votre automate programmable. Id\u00e9al pour les machines-outils, les cellules d&#8217;assemblage et les environnements riches en liquide de refroidissement, il assure une transmission stable des signaux et de l&#8217;\u00e9nergie avec un montage rapide et sans outil. <\/p>\n<h6><strong>Principaux avantages<\/strong><\/h6>\n<ul>\n<li>R\u00e9sistant aux huiles et aux liquides de refroidissement pour un fonctionnement fiable dans les environnements de machines et de processus<\/li>\n<li>Etanch\u00e9it\u00e9 au gaz, \u00e9tanch\u00e9it\u00e9 durable m\u00eame en cas de serrage \u00e0 la main &#8211; aucun outil n&#8217;est n\u00e9cessaire<\/li>\n<li>Protection \u00e9lev\u00e9e contre les infiltrations, adapt\u00e9e aux conditions industrielles difficiles<\/li>\n<li>R\u00e9sistant aux vibrations et aux chocs gr\u00e2ce \u00e0 une bague de verrouillage qui emp\u00eache le desserrage.<\/li>\n<li>La but\u00e9e m\u00e9canique prot\u00e8ge le joint torique d&#8217;une surcompression et d&#8217;une d\u00e9t\u00e9rioration.<\/li>\n<\/ul>\n<h6><strong>Aper\u00e7u technique<\/strong><\/h6>\n<ul>\n<li>  Interface du connecteur : M8 avec bague de verrouillage<\/li>\n<li>Longueur du c\u00e2ble : 5 m<\/li>\n<li>\u00c9tanch\u00e9it\u00e9 : Joint torique avec but\u00e9e m\u00e9canique pour un assemblage r\u00e9p\u00e9table et sans outil<\/li>\n<li>Protection : indice de protection industrielle \u00e9lev\u00e9 contre la poussi\u00e8re, les fluides et les embruns<\/li>\n<li>R\u00e9sistance \u00e0 l&#8217;environnement : compatible avec les huiles et les liquides de refroidissement<\/li>\n<li>Application : c\u00e2blage de capteurs, d&#8217;actionneurs et de syst\u00e8mes de vannes ; montage en armoire ou sur machine<\/li>\n<\/ul>\n<p>Comptez sur l&#8217;EVC145 pour une connectivit\u00e9 coh\u00e9rente et une int\u00e9gration facile dans les syst\u00e8mes d&#8217;automatisation modernes, minimisant ainsi les temps d&#8217;arr\u00eat et garantissant un c\u00e2blage fiable sur le terrain.<\/p>\n","protected":false},"excerpt":{"rendered":"<h4>Am\u00e9liorez l&#8217;automatisation de votre brasserie avec le c\u00e2ble M8 EVC145 d&#8217;IFM, durable et fiable, con\u00e7u pour une connectivit\u00e9 et des performances sans faille dans des environnements difficiles.<\/h4>\n<ul>\n<li>R\u00e9sistant aux huiles et aux liquides de refroidissement, il garantit des performances fiables dans les op\u00e9rations de brassage.<\/li>\n<li>Scellage sans outil et \u00e9tanche au gaz pour des connexions rapides et s\u00fbres.<\/li>\n<li>Protection \u00e9lev\u00e9e contre les agressions pour une performance robuste dans les environnements de brassage industriels.<\/li>\n<\/ul>\n","protected":false},"featured_media":14085,"template":"","meta":{"_acf_changed":false,"inline_featured_image":false},"product_brand":[1004],"product_cat":[1031,736],"product_tag":[],"class_list":{"0":"post-14083","1":"product","2":"type-product","3":"status-publish","4":"has-post-thumbnail","6":"product_brand-ifm","7":"product_cat-cables-de-raccordement-avec-extremite-ouverte","8":"product_cat-distribution","10":"first","11":"instock","12":"downloadable","13":"taxable","14":"shipping-taxable","15":"purchasable","16":"product-type-simple"},"acf":[],"yoast_head":"<!-- This site is optimized with the Yoast SEO plugin v27.6 - https:\/\/yoast.com\/product\/yoast-seo-wordpress\/ -->\n<title>C\u00e2ble M8, 5 m - Ifm - Zytho<\/title>\n<meta name=\"robots\" content=\"index, follow, max-snippet:-1, max-image-preview:large, max-video-preview:-1\" \/>\n<link rel=\"canonical\" href=\"https:\/\/www.zytho.ca\/fr\/produit\/cable-m8-5-m-ifm\/\" \/>\n<meta property=\"og:locale\" content=\"fr_FR\" \/>\n<meta property=\"og:type\" content=\"article\" \/>\n<meta property=\"og:title\" content=\"C\u00e2ble M8, 5 m - Ifm - Zytho\" \/>\n<meta property=\"og:description\" content=\"Am\u00e9liorez l&#039;automatisation de votre brasserie avec le c\u00e2ble M8 EVC145 d&#039;IFM, durable et fiable, con\u00e7u pour une connectivit\u00e9 et des performances sans faille dans des environnements difficiles.   R\u00e9sistant aux huiles et aux liquides de refroidissement, il garantit des performances fiables dans les op\u00e9rations de brassage.  Scellage sans outil et \u00e9tanche au gaz pour des connexions rapides et s\u00fbres.  Protection \u00e9lev\u00e9e contre les agressions pour une performance robuste dans les environnements de brassage industriels.\" \/>\n<meta property=\"og:url\" content=\"https:\/\/www.zytho.ca\/fr\/produit\/cable-m8-5-m-ifm\/\" \/>\n<meta property=\"og:site_name\" content=\"Zytho\" \/>\n<meta property=\"article:modified_time\" content=\"2025-11-03T07:13:05+00:00\" \/>\n<meta property=\"og:image\" content=\"https:\/\/www.zytho.ca\/wp-content\/uploads\/2025\/10\/EVC145.jpg\" \/>\n\t<meta property=\"og:image:width\" content=\"1500\" \/>\n\t<meta property=\"og:image:height\" content=\"1500\" \/>\n\t<meta property=\"og:image:type\" content=\"image\/jpeg\" \/>\n<meta name=\"twitter:card\" content=\"summary_large_image\" \/>\n<meta name=\"twitter:label1\" content=\"Dur\u00e9e de lecture estim\u00e9e\" \/>\n\t<meta name=\"twitter:data1\" content=\"1 minute\" \/>\n<script type=\"application\/ld+json\" class=\"yoast-schema-graph\">{\"@context\":\"https:\\\/\\\/schema.org\",\"@graph\":[{\"@type\":\"WebPage\",\"@id\":\"https:\\\/\\\/www.zytho.ca\\\/fr\\\/produit\\\/cable-m8-5-m-ifm\\\/\",\"url\":\"https:\\\/\\\/www.zytho.ca\\\/fr\\\/produit\\\/cable-m8-5-m-ifm\\\/\",\"name\":\"C\u00e2ble M8, 5 m - Ifm - Zytho\",\"isPartOf\":{\"@id\":\"https:\\\/\\\/www.zytho.ca\\\/fr\\\/#website\"},\"primaryImageOfPage\":{\"@id\":\"https:\\\/\\\/www.zytho.ca\\\/fr\\\/produit\\\/cable-m8-5-m-ifm\\\/#primaryimage\"},\"image\":{\"@id\":\"https:\\\/\\\/www.zytho.ca\\\/fr\\\/produit\\\/cable-m8-5-m-ifm\\\/#primaryimage\"},\"thumbnailUrl\":\"https:\\\/\\\/www.zytho.ca\\\/wp-content\\\/uploads\\\/2025\\\/10\\\/EVC145.jpg\",\"datePublished\":\"2025-10-27T15:57:57+00:00\",\"dateModified\":\"2025-11-03T07:13:05+00:00\",\"breadcrumb\":{\"@id\":\"https:\\\/\\\/www.zytho.ca\\\/fr\\\/produit\\\/cable-m8-5-m-ifm\\\/#breadcrumb\"},\"inLanguage\":\"fr-FR\",\"potentialAction\":[{\"@type\":\"ReadAction\",\"target\":[\"https:\\\/\\\/www.zytho.ca\\\/fr\\\/produit\\\/cable-m8-5-m-ifm\\\/\"]}]},{\"@type\":\"ImageObject\",\"inLanguage\":\"fr-FR\",\"@id\":\"https:\\\/\\\/www.zytho.ca\\\/fr\\\/produit\\\/cable-m8-5-m-ifm\\\/#primaryimage\",\"url\":\"https:\\\/\\\/www.zytho.ca\\\/wp-content\\\/uploads\\\/2025\\\/10\\\/EVC145.jpg\",\"contentUrl\":\"https:\\\/\\\/www.zytho.ca\\\/wp-content\\\/uploads\\\/2025\\\/10\\\/EVC145.jpg\",\"width\":1500,\"height\":1500},{\"@type\":\"BreadcrumbList\",\"@id\":\"https:\\\/\\\/www.zytho.ca\\\/fr\\\/produit\\\/cable-m8-5-m-ifm\\\/#breadcrumb\",\"itemListElement\":[{\"@type\":\"ListItem\",\"position\":1,\"name\":\"Accueil\",\"item\":\"https:\\\/\\\/www.zytho.ca\\\/fr\\\/\"},{\"@type\":\"ListItem\",\"position\":2,\"name\":\"Shop\",\"item\":\"https:\\\/\\\/www.zytho.ca\\\/fr\\\/shop\\\/\"},{\"@type\":\"ListItem\",\"position\":3,\"name\":\"C\u00e2ble M8, 5 m &#8211; Ifm\"}]},{\"@type\":\"WebSite\",\"@id\":\"https:\\\/\\\/www.zytho.ca\\\/fr\\\/#website\",\"url\":\"https:\\\/\\\/www.zytho.ca\\\/fr\\\/\",\"name\":\"Zytho\",\"description\":\"\",\"publisher\":{\"@id\":\"https:\\\/\\\/www.zytho.ca\\\/fr\\\/#organization\"},\"potentialAction\":[{\"@type\":\"SearchAction\",\"target\":{\"@type\":\"EntryPoint\",\"urlTemplate\":\"https:\\\/\\\/www.zytho.ca\\\/fr\\\/?s={search_term_string}\"},\"query-input\":{\"@type\":\"PropertyValueSpecification\",\"valueRequired\":true,\"valueName\":\"search_term_string\"}}],\"inLanguage\":\"fr-FR\"},{\"@type\":\"Organization\",\"@id\":\"https:\\\/\\\/www.zytho.ca\\\/fr\\\/#organization\",\"name\":\"Zytho\",\"url\":\"https:\\\/\\\/www.zytho.ca\\\/fr\\\/\",\"logo\":{\"@type\":\"ImageObject\",\"inLanguage\":\"fr-FR\",\"@id\":\"https:\\\/\\\/www.zytho.ca\\\/fr\\\/#\\\/schema\\\/logo\\\/image\\\/\",\"url\":\"https:\\\/\\\/www.zytho.ca\\\/wp-content\\\/uploads\\\/2024\\\/05\\\/Zytho_reversed_horizontal.svg\",\"contentUrl\":\"https:\\\/\\\/www.zytho.ca\\\/wp-content\\\/uploads\\\/2024\\\/05\\\/Zytho_reversed_horizontal.svg\",\"width\":1582,\"height\":490,\"caption\":\"Zytho\"},\"image\":{\"@id\":\"https:\\\/\\\/www.zytho.ca\\\/fr\\\/#\\\/schema\\\/logo\\\/image\\\/\"}}]}<\/script>\n<!-- \/ Yoast SEO plugin. -->","yoast_head_json":{"title":"C\u00e2ble M8, 5 m - Ifm - Zytho","robots":{"index":"index","follow":"follow","max-snippet":"max-snippet:-1","max-image-preview":"max-image-preview:large","max-video-preview":"max-video-preview:-1"},"canonical":"https:\/\/www.zytho.ca\/fr\/produit\/cable-m8-5-m-ifm\/","og_locale":"fr_FR","og_type":"article","og_title":"C\u00e2ble M8, 5 m - Ifm - Zytho","og_description":"Am\u00e9liorez l'automatisation de votre brasserie avec le c\u00e2ble M8 EVC145 d'IFM, durable et fiable, con\u00e7u pour une connectivit\u00e9 et des performances sans faille dans des environnements difficiles.   R\u00e9sistant aux huiles et aux liquides de refroidissement, il garantit des performances fiables dans les op\u00e9rations de brassage.  Scellage sans outil et \u00e9tanche au gaz pour des connexions rapides et s\u00fbres.  Protection \u00e9lev\u00e9e contre les agressions pour une performance robuste dans les environnements de brassage industriels.","og_url":"https:\/\/www.zytho.ca\/fr\/produit\/cable-m8-5-m-ifm\/","og_site_name":"Zytho","article_modified_time":"2025-11-03T07:13:05+00:00","og_image":[{"width":1500,"height":1500,"url":"https:\/\/www.zytho.ca\/wp-content\/uploads\/2025\/10\/EVC145.jpg","type":"image\/jpeg"}],"twitter_card":"summary_large_image","twitter_misc":{"Dur\u00e9e de lecture estim\u00e9e":"1 minute"},"schema":{"@context":"https:\/\/schema.org","@graph":[{"@type":"WebPage","@id":"https:\/\/www.zytho.ca\/fr\/produit\/cable-m8-5-m-ifm\/","url":"https:\/\/www.zytho.ca\/fr\/produit\/cable-m8-5-m-ifm\/","name":"C\u00e2ble M8, 5 m - Ifm - Zytho","isPartOf":{"@id":"https:\/\/www.zytho.ca\/fr\/#website"},"primaryImageOfPage":{"@id":"https:\/\/www.zytho.ca\/fr\/produit\/cable-m8-5-m-ifm\/#primaryimage"},"image":{"@id":"https:\/\/www.zytho.ca\/fr\/produit\/cable-m8-5-m-ifm\/#primaryimage"},"thumbnailUrl":"https:\/\/www.zytho.ca\/wp-content\/uploads\/2025\/10\/EVC145.jpg","datePublished":"2025-10-27T15:57:57+00:00","dateModified":"2025-11-03T07:13:05+00:00","breadcrumb":{"@id":"https:\/\/www.zytho.ca\/fr\/produit\/cable-m8-5-m-ifm\/#breadcrumb"},"inLanguage":"fr-FR","potentialAction":[{"@type":"ReadAction","target":["https:\/\/www.zytho.ca\/fr\/produit\/cable-m8-5-m-ifm\/"]}]},{"@type":"ImageObject","inLanguage":"fr-FR","@id":"https:\/\/www.zytho.ca\/fr\/produit\/cable-m8-5-m-ifm\/#primaryimage","url":"https:\/\/www.zytho.ca\/wp-content\/uploads\/2025\/10\/EVC145.jpg","contentUrl":"https:\/\/www.zytho.ca\/wp-content\/uploads\/2025\/10\/EVC145.jpg","width":1500,"height":1500},{"@type":"BreadcrumbList","@id":"https:\/\/www.zytho.ca\/fr\/produit\/cable-m8-5-m-ifm\/#breadcrumb","itemListElement":[{"@type":"ListItem","position":1,"name":"Accueil","item":"https:\/\/www.zytho.ca\/fr\/"},{"@type":"ListItem","position":2,"name":"Shop","item":"https:\/\/www.zytho.ca\/fr\/shop\/"},{"@type":"ListItem","position":3,"name":"C\u00e2ble M8, 5 m &#8211; Ifm"}]},{"@type":"WebSite","@id":"https:\/\/www.zytho.ca\/fr\/#website","url":"https:\/\/www.zytho.ca\/fr\/","name":"Zytho","description":"","publisher":{"@id":"https:\/\/www.zytho.ca\/fr\/#organization"},"potentialAction":[{"@type":"SearchAction","target":{"@type":"EntryPoint","urlTemplate":"https:\/\/www.zytho.ca\/fr\/?s={search_term_string}"},"query-input":{"@type":"PropertyValueSpecification","valueRequired":true,"valueName":"search_term_string"}}],"inLanguage":"fr-FR"},{"@type":"Organization","@id":"https:\/\/www.zytho.ca\/fr\/#organization","name":"Zytho","url":"https:\/\/www.zytho.ca\/fr\/","logo":{"@type":"ImageObject","inLanguage":"fr-FR","@id":"https:\/\/www.zytho.ca\/fr\/#\/schema\/logo\/image\/","url":"https:\/\/www.zytho.ca\/wp-content\/uploads\/2024\/05\/Zytho_reversed_horizontal.svg","contentUrl":"https:\/\/www.zytho.ca\/wp-content\/uploads\/2024\/05\/Zytho_reversed_horizontal.svg","width":1582,"height":490,"caption":"Zytho"},"image":{"@id":"https:\/\/www.zytho.ca\/fr\/#\/schema\/logo\/image\/"}}]}},"_links":{"self":[{"href":"https:\/\/www.zytho.ca\/fr\/wp-json\/wp\/v2\/product\/14083","targetHints":{"allow":["GET"]}}],"collection":[{"href":"https:\/\/www.zytho.ca\/fr\/wp-json\/wp\/v2\/product"}],"about":[{"href":"https:\/\/www.zytho.ca\/fr\/wp-json\/wp\/v2\/types\/product"}],"wp:featuredmedia":[{"embeddable":true,"href":"https:\/\/www.zytho.ca\/fr\/wp-json\/wp\/v2\/media\/14085"}],"wp:attachment":[{"href":"https:\/\/www.zytho.ca\/fr\/wp-json\/wp\/v2\/media?parent=14083"}],"wp:term":[{"taxonomy":"product_brand","embeddable":true,"href":"https:\/\/www.zytho.ca\/fr\/wp-json\/wp\/v2\/product_brand?post=14083"},{"taxonomy":"product_cat","embeddable":true,"href":"https:\/\/www.zytho.ca\/fr\/wp-json\/wp\/v2\/product_cat?post=14083"},{"taxonomy":"product_tag","embeddable":true,"href":"https:\/\/www.zytho.ca\/fr\/wp-json\/wp\/v2\/product_tag?post=14083"}],"curies":[{"name":"wp","href":"https:\/\/api.w.org\/{rel}","templated":true}]}}