{"id":14054,"date":"2025-10-27T15:58:12","date_gmt":"2025-10-27T15:58:12","guid":{"rendered":"https:\/\/zytho.ca\/product\/cable-de-vanne-type-a-5m-ifm\/"},"modified":"2025-11-03T07:12:30","modified_gmt":"2025-11-03T07:12:30","slug":"cable-de-vanne-type-a-5m-ifm","status":"publish","type":"product","link":"https:\/\/www.zytho.ca\/fr\/produit\/cable-de-vanne-type-a-5m-ifm\/","title":{"rendered":"C\u00e2ble de vanne type A 5m &#8211; Ifm"},"content":{"rendered":"<h6><strong>IFM E11420 Valve Cable Type A, 5 m &#8211; C\u00e2ble de terrain robuste pour des connexions fiables entre la vanne et l&#8217;actionneur<\/strong><\/h6>\n<p>Con\u00e7u pour les automatismes exigeants, le c\u00e2ble IFM E11420 assure une liaison \u00e9lectrique s\u00e9curis\u00e9e entre les \u00e9lectrovannes et le mat\u00e9riel de contr\u00f4le tel que les modules d&#8217;E\/S, les automates et les manifolds de vannes. Ce c\u00e2ble de connecteur de vanne de type A est dot\u00e9 d&#8217;une LED lumineuse pour une indication claire de l&#8217;\u00e9tat de commutation et d&#8217;un circuit de protection int\u00e9gr\u00e9 pour supprimer les transitoires des bobines, ce qui permet de prot\u00e9ger les capteurs, les actionneurs et les contr\u00f4leurs. Con\u00e7u pour les environnements industriels difficiles, il supporte de grandes variations de temp\u00e9rature et r\u00e9siste \u00e0 la poussi\u00e8re, \u00e0 l&#8217;humidit\u00e9 et aux vibrations pour un temps de fonctionnement fiable dans la construction de machines, l&#8217;emballage, les lignes de traitement et les syst\u00e8mes d&#8217;eau et d&#8217;eaux us\u00e9es.  <\/p>\n<h6><strong>Principaux avantages<\/strong><\/h6>\n<ul>\n<li>Connexion stable et \u00e0 faible perte pour les vannes et les actionneurs sur le terrain<\/li>\n<li>L&#8217;indicateur d&#8217;\u00e9tat LED simplifie la mise en service et le d\u00e9pannage<\/li>\n<li>La protection int\u00e9gr\u00e9e contre les surtensions et la polarit\u00e9 am\u00e9liore la long\u00e9vit\u00e9 du syst\u00e8me.<\/li>\n<li>La port\u00e9e de 5 m permet un routage flexible et un c\u00e2blage entre le panneau et la machine.<\/li>\n<li>Etanch\u00e9it\u00e9 robuste et d\u00e9charge de traction pour les conditions industrielles difficiles<\/li>\n<li>Optimis\u00e9 pour une installation rapide dans les syst\u00e8mes de vannes et les collecteurs<\/li>\n<\/ul>\n<h6><strong>Aper\u00e7u technique \/ D\u00e9tails du produit<\/strong><\/h6>\n<ul>\n<li>Interface : Connecteur de vanne Type A<\/li>\n<li>Longueur du c\u00e2ble : 5 m, surmoul\u00e9 pour une d\u00e9charge de traction<\/li>\n<li>Indication : LED haute visibilit\u00e9 pour l&#8217;\u00e9tat de commutation<\/li>\n<li>Protection : Circuit de protection int\u00e9gr\u00e9 pour les transitoires induits par la bobine<\/li>\n<li>Environnement : Indice de protection \u00e9lev\u00e9 contre la poussi\u00e8re et l&#8217;eau ; large plage de temp\u00e9ratures de fonctionnement<\/li>\n<li>Cas d&#8217;utilisation : C\u00e2blage des capteurs\/actionneurs pour les \u00e9lectrovannes et les collecteurs de vannes<\/li>\n<\/ul>\n<p>Comptez sur l&#8217;IFM E11420 pour une connectivit\u00e9 durable, facile \u00e0 entretenir et qui s&#8217;int\u00e8gre parfaitement aux syst\u00e8mes d&#8217;automatisation modernes.<\/p>\n","protected":false},"excerpt":{"rendered":"<h4>Connectivit\u00e9 fiable et durable pour les syst\u00e8mes d&#8217;automatisation de brassage professionnels.<\/h4>\n<ul>\n<li>Garantit des connexions stables et la long\u00e9vit\u00e9 du syst\u00e8me gr\u00e2ce \u00e0 une protection int\u00e9gr\u00e9e contre les surtensions.<\/li>\n<li>Facilite le d\u00e9pannage et la mise en service gr\u00e2ce \u00e0 un indicateur LED \u00e0 haute visibilit\u00e9.<\/li>\n<li>Con\u00e7us pour les environnements difficiles, ils offrent une \u00e9tanch\u00e9it\u00e9 et une d\u00e9charge de traction robustes.<\/li>\n<\/ul>\n","protected":false},"featured_media":14056,"template":"","meta":{"_acf_changed":false,"inline_featured_image":false},"product_brand":[1004],"product_cat":[1032,736],"product_tag":[],"class_list":{"0":"post-14054","1":"product","2":"type-product","3":"status-publish","4":"has-post-thumbnail","6":"product_brand-ifm","7":"product_cat-cables-de-demarrage","8":"product_cat-distribution","10":"first","11":"instock","12":"downloadable","13":"taxable","14":"shipping-taxable","15":"purchasable","16":"product-type-simple"},"acf":[],"yoast_head":"<!-- This site is optimized with the Yoast SEO plugin v27.6 - https:\/\/yoast.com\/product\/yoast-seo-wordpress\/ -->\n<title>C\u00e2ble de vanne type A 5m - Ifm - Zytho<\/title>\n<meta name=\"robots\" content=\"index, follow, max-snippet:-1, max-image-preview:large, max-video-preview:-1\" \/>\n<link rel=\"canonical\" href=\"https:\/\/www.zytho.ca\/fr\/produit\/cable-de-vanne-type-a-5m-ifm\/\" \/>\n<meta property=\"og:locale\" content=\"fr_FR\" \/>\n<meta property=\"og:type\" content=\"article\" \/>\n<meta property=\"og:title\" content=\"C\u00e2ble de vanne type A 5m - Ifm - Zytho\" \/>\n<meta property=\"og:description\" content=\"Connectivit\u00e9 fiable et durable pour les syst\u00e8mes d&#039;automatisation de brassage professionnels.  Garantit des connexions stables et la long\u00e9vit\u00e9 du syst\u00e8me gr\u00e2ce \u00e0 une protection int\u00e9gr\u00e9e contre les surtensions. Facilite le d\u00e9pannage et la mise en service gr\u00e2ce \u00e0 un indicateur LED \u00e0 haute visibilit\u00e9. Con\u00e7us pour les environnements difficiles, ils offrent une \u00e9tanch\u00e9it\u00e9 et une d\u00e9charge de traction robustes.\" \/>\n<meta property=\"og:url\" content=\"https:\/\/www.zytho.ca\/fr\/produit\/cable-de-vanne-type-a-5m-ifm\/\" \/>\n<meta property=\"og:site_name\" content=\"Zytho\" \/>\n<meta property=\"article:modified_time\" content=\"2025-11-03T07:12:30+00:00\" \/>\n<meta property=\"og:image\" content=\"https:\/\/www.zytho.ca\/wp-content\/uploads\/2025\/10\/E11420.jpg\" \/>\n\t<meta property=\"og:image:width\" content=\"1500\" \/>\n\t<meta property=\"og:image:height\" content=\"1500\" \/>\n\t<meta property=\"og:image:type\" content=\"image\/jpeg\" \/>\n<meta name=\"twitter:card\" content=\"summary_large_image\" \/>\n<meta name=\"twitter:label1\" content=\"Dur\u00e9e de lecture estim\u00e9e\" \/>\n\t<meta name=\"twitter:data1\" content=\"2 minutes\" \/>\n<script type=\"application\/ld+json\" class=\"yoast-schema-graph\">{\"@context\":\"https:\\\/\\\/schema.org\",\"@graph\":[{\"@type\":\"WebPage\",\"@id\":\"https:\\\/\\\/www.zytho.ca\\\/fr\\\/produit\\\/cable-de-vanne-type-a-5m-ifm\\\/\",\"url\":\"https:\\\/\\\/www.zytho.ca\\\/fr\\\/produit\\\/cable-de-vanne-type-a-5m-ifm\\\/\",\"name\":\"C\u00e2ble de vanne type A 5m - Ifm - Zytho\",\"isPartOf\":{\"@id\":\"https:\\\/\\\/www.zytho.ca\\\/fr\\\/#website\"},\"primaryImageOfPage\":{\"@id\":\"https:\\\/\\\/www.zytho.ca\\\/fr\\\/produit\\\/cable-de-vanne-type-a-5m-ifm\\\/#primaryimage\"},\"image\":{\"@id\":\"https:\\\/\\\/www.zytho.ca\\\/fr\\\/produit\\\/cable-de-vanne-type-a-5m-ifm\\\/#primaryimage\"},\"thumbnailUrl\":\"https:\\\/\\\/www.zytho.ca\\\/wp-content\\\/uploads\\\/2025\\\/10\\\/E11420.jpg\",\"datePublished\":\"2025-10-27T15:58:12+00:00\",\"dateModified\":\"2025-11-03T07:12:30+00:00\",\"breadcrumb\":{\"@id\":\"https:\\\/\\\/www.zytho.ca\\\/fr\\\/produit\\\/cable-de-vanne-type-a-5m-ifm\\\/#breadcrumb\"},\"inLanguage\":\"fr-FR\",\"potentialAction\":[{\"@type\":\"ReadAction\",\"target\":[\"https:\\\/\\\/www.zytho.ca\\\/fr\\\/produit\\\/cable-de-vanne-type-a-5m-ifm\\\/\"]}]},{\"@type\":\"ImageObject\",\"inLanguage\":\"fr-FR\",\"@id\":\"https:\\\/\\\/www.zytho.ca\\\/fr\\\/produit\\\/cable-de-vanne-type-a-5m-ifm\\\/#primaryimage\",\"url\":\"https:\\\/\\\/www.zytho.ca\\\/wp-content\\\/uploads\\\/2025\\\/10\\\/E11420.jpg\",\"contentUrl\":\"https:\\\/\\\/www.zytho.ca\\\/wp-content\\\/uploads\\\/2025\\\/10\\\/E11420.jpg\",\"width\":1500,\"height\":1500},{\"@type\":\"BreadcrumbList\",\"@id\":\"https:\\\/\\\/www.zytho.ca\\\/fr\\\/produit\\\/cable-de-vanne-type-a-5m-ifm\\\/#breadcrumb\",\"itemListElement\":[{\"@type\":\"ListItem\",\"position\":1,\"name\":\"Accueil\",\"item\":\"https:\\\/\\\/www.zytho.ca\\\/fr\\\/\"},{\"@type\":\"ListItem\",\"position\":2,\"name\":\"Shop\",\"item\":\"https:\\\/\\\/www.zytho.ca\\\/fr\\\/shop\\\/\"},{\"@type\":\"ListItem\",\"position\":3,\"name\":\"C\u00e2ble de vanne type A 5m &#8211; Ifm\"}]},{\"@type\":\"WebSite\",\"@id\":\"https:\\\/\\\/www.zytho.ca\\\/fr\\\/#website\",\"url\":\"https:\\\/\\\/www.zytho.ca\\\/fr\\\/\",\"name\":\"Zytho\",\"description\":\"\",\"publisher\":{\"@id\":\"https:\\\/\\\/www.zytho.ca\\\/fr\\\/#organization\"},\"potentialAction\":[{\"@type\":\"SearchAction\",\"target\":{\"@type\":\"EntryPoint\",\"urlTemplate\":\"https:\\\/\\\/www.zytho.ca\\\/fr\\\/?s={search_term_string}\"},\"query-input\":{\"@type\":\"PropertyValueSpecification\",\"valueRequired\":true,\"valueName\":\"search_term_string\"}}],\"inLanguage\":\"fr-FR\"},{\"@type\":\"Organization\",\"@id\":\"https:\\\/\\\/www.zytho.ca\\\/fr\\\/#organization\",\"name\":\"Zytho\",\"url\":\"https:\\\/\\\/www.zytho.ca\\\/fr\\\/\",\"logo\":{\"@type\":\"ImageObject\",\"inLanguage\":\"fr-FR\",\"@id\":\"https:\\\/\\\/www.zytho.ca\\\/fr\\\/#\\\/schema\\\/logo\\\/image\\\/\",\"url\":\"https:\\\/\\\/www.zytho.ca\\\/wp-content\\\/uploads\\\/2024\\\/05\\\/Zytho_reversed_horizontal.svg\",\"contentUrl\":\"https:\\\/\\\/www.zytho.ca\\\/wp-content\\\/uploads\\\/2024\\\/05\\\/Zytho_reversed_horizontal.svg\",\"width\":1582,\"height\":490,\"caption\":\"Zytho\"},\"image\":{\"@id\":\"https:\\\/\\\/www.zytho.ca\\\/fr\\\/#\\\/schema\\\/logo\\\/image\\\/\"}}]}<\/script>\n<!-- \/ Yoast SEO plugin. -->","yoast_head_json":{"title":"C\u00e2ble de vanne type A 5m - Ifm - Zytho","robots":{"index":"index","follow":"follow","max-snippet":"max-snippet:-1","max-image-preview":"max-image-preview:large","max-video-preview":"max-video-preview:-1"},"canonical":"https:\/\/www.zytho.ca\/fr\/produit\/cable-de-vanne-type-a-5m-ifm\/","og_locale":"fr_FR","og_type":"article","og_title":"C\u00e2ble de vanne type A 5m - Ifm - Zytho","og_description":"Connectivit\u00e9 fiable et durable pour les syst\u00e8mes d'automatisation de brassage professionnels.  Garantit des connexions stables et la long\u00e9vit\u00e9 du syst\u00e8me gr\u00e2ce \u00e0 une protection int\u00e9gr\u00e9e contre les surtensions. Facilite le d\u00e9pannage et la mise en service gr\u00e2ce \u00e0 un indicateur LED \u00e0 haute visibilit\u00e9. Con\u00e7us pour les environnements difficiles, ils offrent une \u00e9tanch\u00e9it\u00e9 et une d\u00e9charge de traction robustes.","og_url":"https:\/\/www.zytho.ca\/fr\/produit\/cable-de-vanne-type-a-5m-ifm\/","og_site_name":"Zytho","article_modified_time":"2025-11-03T07:12:30+00:00","og_image":[{"width":1500,"height":1500,"url":"https:\/\/www.zytho.ca\/wp-content\/uploads\/2025\/10\/E11420.jpg","type":"image\/jpeg"}],"twitter_card":"summary_large_image","twitter_misc":{"Dur\u00e9e de lecture estim\u00e9e":"2 minutes"},"schema":{"@context":"https:\/\/schema.org","@graph":[{"@type":"WebPage","@id":"https:\/\/www.zytho.ca\/fr\/produit\/cable-de-vanne-type-a-5m-ifm\/","url":"https:\/\/www.zytho.ca\/fr\/produit\/cable-de-vanne-type-a-5m-ifm\/","name":"C\u00e2ble de vanne type A 5m - Ifm - Zytho","isPartOf":{"@id":"https:\/\/www.zytho.ca\/fr\/#website"},"primaryImageOfPage":{"@id":"https:\/\/www.zytho.ca\/fr\/produit\/cable-de-vanne-type-a-5m-ifm\/#primaryimage"},"image":{"@id":"https:\/\/www.zytho.ca\/fr\/produit\/cable-de-vanne-type-a-5m-ifm\/#primaryimage"},"thumbnailUrl":"https:\/\/www.zytho.ca\/wp-content\/uploads\/2025\/10\/E11420.jpg","datePublished":"2025-10-27T15:58:12+00:00","dateModified":"2025-11-03T07:12:30+00:00","breadcrumb":{"@id":"https:\/\/www.zytho.ca\/fr\/produit\/cable-de-vanne-type-a-5m-ifm\/#breadcrumb"},"inLanguage":"fr-FR","potentialAction":[{"@type":"ReadAction","target":["https:\/\/www.zytho.ca\/fr\/produit\/cable-de-vanne-type-a-5m-ifm\/"]}]},{"@type":"ImageObject","inLanguage":"fr-FR","@id":"https:\/\/www.zytho.ca\/fr\/produit\/cable-de-vanne-type-a-5m-ifm\/#primaryimage","url":"https:\/\/www.zytho.ca\/wp-content\/uploads\/2025\/10\/E11420.jpg","contentUrl":"https:\/\/www.zytho.ca\/wp-content\/uploads\/2025\/10\/E11420.jpg","width":1500,"height":1500},{"@type":"BreadcrumbList","@id":"https:\/\/www.zytho.ca\/fr\/produit\/cable-de-vanne-type-a-5m-ifm\/#breadcrumb","itemListElement":[{"@type":"ListItem","position":1,"name":"Accueil","item":"https:\/\/www.zytho.ca\/fr\/"},{"@type":"ListItem","position":2,"name":"Shop","item":"https:\/\/www.zytho.ca\/fr\/shop\/"},{"@type":"ListItem","position":3,"name":"C\u00e2ble de vanne type A 5m &#8211; Ifm"}]},{"@type":"WebSite","@id":"https:\/\/www.zytho.ca\/fr\/#website","url":"https:\/\/www.zytho.ca\/fr\/","name":"Zytho","description":"","publisher":{"@id":"https:\/\/www.zytho.ca\/fr\/#organization"},"potentialAction":[{"@type":"SearchAction","target":{"@type":"EntryPoint","urlTemplate":"https:\/\/www.zytho.ca\/fr\/?s={search_term_string}"},"query-input":{"@type":"PropertyValueSpecification","valueRequired":true,"valueName":"search_term_string"}}],"inLanguage":"fr-FR"},{"@type":"Organization","@id":"https:\/\/www.zytho.ca\/fr\/#organization","name":"Zytho","url":"https:\/\/www.zytho.ca\/fr\/","logo":{"@type":"ImageObject","inLanguage":"fr-FR","@id":"https:\/\/www.zytho.ca\/fr\/#\/schema\/logo\/image\/","url":"https:\/\/www.zytho.ca\/wp-content\/uploads\/2024\/05\/Zytho_reversed_horizontal.svg","contentUrl":"https:\/\/www.zytho.ca\/wp-content\/uploads\/2024\/05\/Zytho_reversed_horizontal.svg","width":1582,"height":490,"caption":"Zytho"},"image":{"@id":"https:\/\/www.zytho.ca\/fr\/#\/schema\/logo\/image\/"}}]}},"_links":{"self":[{"href":"https:\/\/www.zytho.ca\/fr\/wp-json\/wp\/v2\/product\/14054","targetHints":{"allow":["GET"]}}],"collection":[{"href":"https:\/\/www.zytho.ca\/fr\/wp-json\/wp\/v2\/product"}],"about":[{"href":"https:\/\/www.zytho.ca\/fr\/wp-json\/wp\/v2\/types\/product"}],"wp:featuredmedia":[{"embeddable":true,"href":"https:\/\/www.zytho.ca\/fr\/wp-json\/wp\/v2\/media\/14056"}],"wp:attachment":[{"href":"https:\/\/www.zytho.ca\/fr\/wp-json\/wp\/v2\/media?parent=14054"}],"wp:term":[{"taxonomy":"product_brand","embeddable":true,"href":"https:\/\/www.zytho.ca\/fr\/wp-json\/wp\/v2\/product_brand?post=14054"},{"taxonomy":"product_cat","embeddable":true,"href":"https:\/\/www.zytho.ca\/fr\/wp-json\/wp\/v2\/product_cat?post=14054"},{"taxonomy":"product_tag","embeddable":true,"href":"https:\/\/www.zytho.ca\/fr\/wp-json\/wp\/v2\/product_tag?post=14054"}],"curies":[{"name":"wp","href":"https:\/\/api.w.org\/{rel}","templated":true}]}}