{"id":14039,"date":"2025-10-27T15:42:22","date_gmt":"2025-10-27T15:42:22","guid":{"rendered":"https:\/\/zytho.ca\/product\/debitmetres-ifm-ifm\/"},"modified":"2025-11-03T14:44:24","modified_gmt":"2025-11-03T14:44:24","slug":"debitmetres-ifm-ifm","status":"publish","type":"product","link":"https:\/\/www.zytho.ca\/fr\/produit\/debitmetres-ifm-ifm\/","title":{"rendered":"D\u00e9bitm\u00e8tres IFM &#8211; Ifm"},"content":{"rendered":"<p class=\"\" data-start=\"217\" data-end=\"540\">Les d\u00e9bitm\u00e8tres ifm associent une conception robuste \u00e0 une technologie de d\u00e9tection intelligente pour fournir des mesures de d\u00e9bit et des diagnostics en temps r\u00e9el dans les environnements industriels les plus difficiles. Con\u00e7us pour surveiller l&#8217;eau, les huiles, l&#8217;air et d&#8217;autres fluides, ces capteurs garantissent des donn\u00e9es de d\u00e9bit pr\u00e9cises et une int\u00e9gration transparente dans les syst\u00e8mes d&#8217;automatisation modernes. <\/p>\n<p class=\"\" data-start=\"542\" data-end=\"728\">Sans pi\u00e8ces mobiles, ils offrent une stabilit\u00e9 \u00e0 long terme, une usure r\u00e9duite et une maintenance minimale. De nombreux mod\u00e8les int\u00e8grent la connectivit\u00e9 IO-Link pour des diagnostics avanc\u00e9s et une maintenance pr\u00e9dictive. <\/p>\n","protected":false},"excerpt":{"rendered":"<h4>Surveillance intelligente pour une gestion efficace et fiable des flux.<\/h4>\n<p><strong>Avantages<\/strong><\/p>\n<ul>\n<li>Contr\u00f4le pr\u00e9cis des flux de liquides et de gaz<\/li>\n<li>Les conceptions non invasives minimisent la perte de pression et le risque de contamination.<\/li>\n<li>Equip\u00e9 d&#8217;IO-Link pour une meilleure visibilit\u00e9 du processus et une configuration \u00e0 distance<\/li>\n<li>Bo\u00eetiers compacts et robustes adapt\u00e9s aux zones d&#8217;installation restreintes<\/li>\n<\/ul>\n","protected":false},"featured_media":14041,"template":"","meta":{"_acf_changed":false,"inline_featured_image":false},"product_brand":[1004],"product_cat":[1416,1027,736,1005],"product_tag":[],"class_list":{"0":"post-14039","1":"product","2":"type-product","3":"status-publish","4":"has-post-thumbnail","6":"product_brand-ifm","7":"product_cat-debitmetres","8":"product_cat-debitmetres-electromagnetiques","9":"product_cat-distribution","10":"product_cat-instruments","12":"first","13":"instock","14":"taxable","15":"shipping-taxable","16":"product-type-simple"},"acf":[],"yoast_head":"<!-- This site is optimized with the Yoast SEO plugin v27.6 - https:\/\/yoast.com\/product\/yoast-seo-wordpress\/ -->\n<title>D\u00e9bitm\u00e8tres IFM - Ifm - Zytho<\/title>\n<meta name=\"robots\" content=\"index, follow, max-snippet:-1, max-image-preview:large, max-video-preview:-1\" \/>\n<link rel=\"canonical\" href=\"https:\/\/www.zytho.ca\/fr\/produit\/debitmetres-ifm-ifm\/\" \/>\n<meta property=\"og:locale\" content=\"fr_FR\" \/>\n<meta property=\"og:type\" content=\"article\" \/>\n<meta property=\"og:title\" content=\"D\u00e9bitm\u00e8tres IFM - Ifm - Zytho\" \/>\n<meta property=\"og:description\" content=\"Surveillance intelligente pour une gestion efficace et fiable des flux. Avantages  Contr\u00f4le pr\u00e9cis des flux de liquides et de gaz  Les conceptions non invasives minimisent la perte de pression et le risque de contamination.  Equip\u00e9 d&#039;IO-Link pour une meilleure visibilit\u00e9 du processus et une configuration \u00e0 distance  Bo\u00eetiers compacts et robustes adapt\u00e9s aux zones d&#039;installation restreintes\" \/>\n<meta property=\"og:url\" content=\"https:\/\/www.zytho.ca\/fr\/produit\/debitmetres-ifm-ifm\/\" \/>\n<meta property=\"og:site_name\" content=\"Zytho\" \/>\n<meta property=\"article:modified_time\" content=\"2025-11-03T14:44:24+00:00\" \/>\n<meta property=\"og:image\" content=\"https:\/\/www.zytho.ca\/wp-content\/uploads\/2025\/10\/ifm-flow-meter-v2.png\" \/>\n\t<meta property=\"og:image:width\" content=\"770\" \/>\n\t<meta property=\"og:image:height\" content=\"650\" \/>\n\t<meta property=\"og:image:type\" content=\"image\/png\" \/>\n<meta name=\"twitter:card\" content=\"summary_large_image\" \/>\n<meta name=\"twitter:label1\" content=\"Dur\u00e9e de lecture estim\u00e9e\" \/>\n\t<meta name=\"twitter:data1\" content=\"1 minute\" \/>\n<script type=\"application\/ld+json\" class=\"yoast-schema-graph\">{\"@context\":\"https:\\\/\\\/schema.org\",\"@graph\":[{\"@type\":\"WebPage\",\"@id\":\"https:\\\/\\\/www.zytho.ca\\\/fr\\\/produit\\\/debitmetres-ifm-ifm\\\/\",\"url\":\"https:\\\/\\\/www.zytho.ca\\\/fr\\\/produit\\\/debitmetres-ifm-ifm\\\/\",\"name\":\"D\u00e9bitm\u00e8tres IFM - Ifm - Zytho\",\"isPartOf\":{\"@id\":\"https:\\\/\\\/www.zytho.ca\\\/fr\\\/#website\"},\"primaryImageOfPage\":{\"@id\":\"https:\\\/\\\/www.zytho.ca\\\/fr\\\/produit\\\/debitmetres-ifm-ifm\\\/#primaryimage\"},\"image\":{\"@id\":\"https:\\\/\\\/www.zytho.ca\\\/fr\\\/produit\\\/debitmetres-ifm-ifm\\\/#primaryimage\"},\"thumbnailUrl\":\"https:\\\/\\\/www.zytho.ca\\\/wp-content\\\/uploads\\\/2025\\\/10\\\/ifm-flow-meter-v2.png\",\"datePublished\":\"2025-10-27T15:42:22+00:00\",\"dateModified\":\"2025-11-03T14:44:24+00:00\",\"breadcrumb\":{\"@id\":\"https:\\\/\\\/www.zytho.ca\\\/fr\\\/produit\\\/debitmetres-ifm-ifm\\\/#breadcrumb\"},\"inLanguage\":\"fr-FR\",\"potentialAction\":[{\"@type\":\"ReadAction\",\"target\":[\"https:\\\/\\\/www.zytho.ca\\\/fr\\\/produit\\\/debitmetres-ifm-ifm\\\/\"]}]},{\"@type\":\"ImageObject\",\"inLanguage\":\"fr-FR\",\"@id\":\"https:\\\/\\\/www.zytho.ca\\\/fr\\\/produit\\\/debitmetres-ifm-ifm\\\/#primaryimage\",\"url\":\"https:\\\/\\\/www.zytho.ca\\\/wp-content\\\/uploads\\\/2025\\\/10\\\/ifm-flow-meter-v2.png\",\"contentUrl\":\"https:\\\/\\\/www.zytho.ca\\\/wp-content\\\/uploads\\\/2025\\\/10\\\/ifm-flow-meter-v2.png\",\"width\":770,\"height\":650},{\"@type\":\"BreadcrumbList\",\"@id\":\"https:\\\/\\\/www.zytho.ca\\\/fr\\\/produit\\\/debitmetres-ifm-ifm\\\/#breadcrumb\",\"itemListElement\":[{\"@type\":\"ListItem\",\"position\":1,\"name\":\"Accueil\",\"item\":\"https:\\\/\\\/www.zytho.ca\\\/fr\\\/\"},{\"@type\":\"ListItem\",\"position\":2,\"name\":\"Shop\",\"item\":\"https:\\\/\\\/www.zytho.ca\\\/fr\\\/shop\\\/\"},{\"@type\":\"ListItem\",\"position\":3,\"name\":\"D\u00e9bitm\u00e8tres IFM &#8211; Ifm\"}]},{\"@type\":\"WebSite\",\"@id\":\"https:\\\/\\\/www.zytho.ca\\\/fr\\\/#website\",\"url\":\"https:\\\/\\\/www.zytho.ca\\\/fr\\\/\",\"name\":\"Zytho\",\"description\":\"\",\"publisher\":{\"@id\":\"https:\\\/\\\/www.zytho.ca\\\/fr\\\/#organization\"},\"potentialAction\":[{\"@type\":\"SearchAction\",\"target\":{\"@type\":\"EntryPoint\",\"urlTemplate\":\"https:\\\/\\\/www.zytho.ca\\\/fr\\\/?s={search_term_string}\"},\"query-input\":{\"@type\":\"PropertyValueSpecification\",\"valueRequired\":true,\"valueName\":\"search_term_string\"}}],\"inLanguage\":\"fr-FR\"},{\"@type\":\"Organization\",\"@id\":\"https:\\\/\\\/www.zytho.ca\\\/fr\\\/#organization\",\"name\":\"Zytho\",\"url\":\"https:\\\/\\\/www.zytho.ca\\\/fr\\\/\",\"logo\":{\"@type\":\"ImageObject\",\"inLanguage\":\"fr-FR\",\"@id\":\"https:\\\/\\\/www.zytho.ca\\\/fr\\\/#\\\/schema\\\/logo\\\/image\\\/\",\"url\":\"https:\\\/\\\/www.zytho.ca\\\/wp-content\\\/uploads\\\/2024\\\/05\\\/Zytho_reversed_horizontal.svg\",\"contentUrl\":\"https:\\\/\\\/www.zytho.ca\\\/wp-content\\\/uploads\\\/2024\\\/05\\\/Zytho_reversed_horizontal.svg\",\"width\":1582,\"height\":490,\"caption\":\"Zytho\"},\"image\":{\"@id\":\"https:\\\/\\\/www.zytho.ca\\\/fr\\\/#\\\/schema\\\/logo\\\/image\\\/\"}}]}<\/script>\n<!-- \/ Yoast SEO plugin. -->","yoast_head_json":{"title":"D\u00e9bitm\u00e8tres IFM - Ifm - Zytho","robots":{"index":"index","follow":"follow","max-snippet":"max-snippet:-1","max-image-preview":"max-image-preview:large","max-video-preview":"max-video-preview:-1"},"canonical":"https:\/\/www.zytho.ca\/fr\/produit\/debitmetres-ifm-ifm\/","og_locale":"fr_FR","og_type":"article","og_title":"D\u00e9bitm\u00e8tres IFM - Ifm - Zytho","og_description":"Surveillance intelligente pour une gestion efficace et fiable des flux. Avantages  Contr\u00f4le pr\u00e9cis des flux de liquides et de gaz  Les conceptions non invasives minimisent la perte de pression et le risque de contamination.  Equip\u00e9 d'IO-Link pour une meilleure visibilit\u00e9 du processus et une configuration \u00e0 distance  Bo\u00eetiers compacts et robustes adapt\u00e9s aux zones d'installation restreintes","og_url":"https:\/\/www.zytho.ca\/fr\/produit\/debitmetres-ifm-ifm\/","og_site_name":"Zytho","article_modified_time":"2025-11-03T14:44:24+00:00","og_image":[{"width":770,"height":650,"url":"https:\/\/www.zytho.ca\/wp-content\/uploads\/2025\/10\/ifm-flow-meter-v2.png","type":"image\/png"}],"twitter_card":"summary_large_image","twitter_misc":{"Dur\u00e9e de lecture estim\u00e9e":"1 minute"},"schema":{"@context":"https:\/\/schema.org","@graph":[{"@type":"WebPage","@id":"https:\/\/www.zytho.ca\/fr\/produit\/debitmetres-ifm-ifm\/","url":"https:\/\/www.zytho.ca\/fr\/produit\/debitmetres-ifm-ifm\/","name":"D\u00e9bitm\u00e8tres IFM - Ifm - Zytho","isPartOf":{"@id":"https:\/\/www.zytho.ca\/fr\/#website"},"primaryImageOfPage":{"@id":"https:\/\/www.zytho.ca\/fr\/produit\/debitmetres-ifm-ifm\/#primaryimage"},"image":{"@id":"https:\/\/www.zytho.ca\/fr\/produit\/debitmetres-ifm-ifm\/#primaryimage"},"thumbnailUrl":"https:\/\/www.zytho.ca\/wp-content\/uploads\/2025\/10\/ifm-flow-meter-v2.png","datePublished":"2025-10-27T15:42:22+00:00","dateModified":"2025-11-03T14:44:24+00:00","breadcrumb":{"@id":"https:\/\/www.zytho.ca\/fr\/produit\/debitmetres-ifm-ifm\/#breadcrumb"},"inLanguage":"fr-FR","potentialAction":[{"@type":"ReadAction","target":["https:\/\/www.zytho.ca\/fr\/produit\/debitmetres-ifm-ifm\/"]}]},{"@type":"ImageObject","inLanguage":"fr-FR","@id":"https:\/\/www.zytho.ca\/fr\/produit\/debitmetres-ifm-ifm\/#primaryimage","url":"https:\/\/www.zytho.ca\/wp-content\/uploads\/2025\/10\/ifm-flow-meter-v2.png","contentUrl":"https:\/\/www.zytho.ca\/wp-content\/uploads\/2025\/10\/ifm-flow-meter-v2.png","width":770,"height":650},{"@type":"BreadcrumbList","@id":"https:\/\/www.zytho.ca\/fr\/produit\/debitmetres-ifm-ifm\/#breadcrumb","itemListElement":[{"@type":"ListItem","position":1,"name":"Accueil","item":"https:\/\/www.zytho.ca\/fr\/"},{"@type":"ListItem","position":2,"name":"Shop","item":"https:\/\/www.zytho.ca\/fr\/shop\/"},{"@type":"ListItem","position":3,"name":"D\u00e9bitm\u00e8tres IFM &#8211; Ifm"}]},{"@type":"WebSite","@id":"https:\/\/www.zytho.ca\/fr\/#website","url":"https:\/\/www.zytho.ca\/fr\/","name":"Zytho","description":"","publisher":{"@id":"https:\/\/www.zytho.ca\/fr\/#organization"},"potentialAction":[{"@type":"SearchAction","target":{"@type":"EntryPoint","urlTemplate":"https:\/\/www.zytho.ca\/fr\/?s={search_term_string}"},"query-input":{"@type":"PropertyValueSpecification","valueRequired":true,"valueName":"search_term_string"}}],"inLanguage":"fr-FR"},{"@type":"Organization","@id":"https:\/\/www.zytho.ca\/fr\/#organization","name":"Zytho","url":"https:\/\/www.zytho.ca\/fr\/","logo":{"@type":"ImageObject","inLanguage":"fr-FR","@id":"https:\/\/www.zytho.ca\/fr\/#\/schema\/logo\/image\/","url":"https:\/\/www.zytho.ca\/wp-content\/uploads\/2024\/05\/Zytho_reversed_horizontal.svg","contentUrl":"https:\/\/www.zytho.ca\/wp-content\/uploads\/2024\/05\/Zytho_reversed_horizontal.svg","width":1582,"height":490,"caption":"Zytho"},"image":{"@id":"https:\/\/www.zytho.ca\/fr\/#\/schema\/logo\/image\/"}}]}},"_links":{"self":[{"href":"https:\/\/www.zytho.ca\/fr\/wp-json\/wp\/v2\/product\/14039","targetHints":{"allow":["GET"]}}],"collection":[{"href":"https:\/\/www.zytho.ca\/fr\/wp-json\/wp\/v2\/product"}],"about":[{"href":"https:\/\/www.zytho.ca\/fr\/wp-json\/wp\/v2\/types\/product"}],"wp:featuredmedia":[{"embeddable":true,"href":"https:\/\/www.zytho.ca\/fr\/wp-json\/wp\/v2\/media\/14041"}],"wp:attachment":[{"href":"https:\/\/www.zytho.ca\/fr\/wp-json\/wp\/v2\/media?parent=14039"}],"wp:term":[{"taxonomy":"product_brand","embeddable":true,"href":"https:\/\/www.zytho.ca\/fr\/wp-json\/wp\/v2\/product_brand?post=14039"},{"taxonomy":"product_cat","embeddable":true,"href":"https:\/\/www.zytho.ca\/fr\/wp-json\/wp\/v2\/product_cat?post=14039"},{"taxonomy":"product_tag","embeddable":true,"href":"https:\/\/www.zytho.ca\/fr\/wp-json\/wp\/v2\/product_tag?post=14039"}],"curies":[{"name":"wp","href":"https:\/\/api.w.org\/{rel}","templated":true}]}}