{"id":14038,"date":"2025-10-27T15:40:37","date_gmt":"2025-10-27T15:40:37","guid":{"rendered":"https:\/\/zytho.ca\/product\/pentair-haffmans-gazijector\/"},"modified":"2025-11-03T22:54:40","modified_gmt":"2025-11-03T22:54:40","slug":"pentair-haffmans-gazijector","status":"publish","type":"product","link":"https:\/\/www.zytho.ca\/fr\/produit\/pentair-haffmans-gazijector\/","title":{"rendered":"Pentair-Haffmans Gazijector"},"content":{"rendered":"<p>Le Gazijector de Pentair-Haffmans est un syst\u00e8me d&#8217;injection de gaz en ligne \u00e0 haute efficacit\u00e9 con\u00e7u pour optimiser les processus de carbonatation et d&#8217;oxyg\u00e9nation dans la production de boissons. Associant une ing\u00e9nierie de pr\u00e9cision \u00e0 une conception hygi\u00e9nique, le Gazijector permet un dosage contr\u00f4l\u00e9 et constant du gaz directement dans les flux de liquides &#8211; id\u00e9al pour les brasseries, les fabricants de boissons gazeuses et autres transformateurs de boissons. <\/p>\n<p>Contrairement aux m\u00e9thodes traditionnelles, le Gazijector assure une absorption sup\u00e9rieure du gaz gr\u00e2ce \u00e0 la formation de microbulles, maximisant ainsi la surface de contact entre le gaz et le liquide. Il en r\u00e9sulte des taux de dissolution plus rapides, une perte de produit minimale et une constance in\u00e9gal\u00e9e des niveaux de carbonatation ou d&#8217;oxyg\u00e9nation. <\/p>\n","protected":false},"excerpt":{"rendered":"<h4>Injection efficace de gaz pour une carbonatation et une oxyg\u00e9nation pr\u00e9cises des boissons<\/h4>\n<p><strong>Avantages<\/strong><\/p>\n<ul>\n<li>Conception compacte et hygi\u00e9nique : Simple \u00e0 installer et \u00e0 entretenir, avec un encombrement minimal.<\/li>\n<li>Contr\u00f4le pr\u00e9cis des gaz : Dosage fiable du CO\u2082 ou de l&#8217;O\u2082 gr\u00e2ce \u00e0 des m\u00e9canismes optionnels de mesure en ligne et de r\u00e9troaction.<\/li>\n<li>Technologie des microbulles : Am\u00e9lioration de l&#8217;efficacit\u00e9 du transfert de gaz et r\u00e9duction de la consommation<\/li>\n<li>Application polyvalente : Id\u00e9al pour la bi\u00e8re, les boissons gazeuses, l&#8217;eau et d&#8217;autres boissons gazeuses ou oxyg\u00e9n\u00e9es.<\/li>\n<li>Int\u00e9gration transparente : Compatible avec les syst\u00e8mes CIP et les lignes de traitement existants<\/li>\n<\/ul>\n","protected":false},"featured_media":14040,"template":"","meta":{"_acf_changed":false,"inline_featured_image":false},"product_brand":[728],"product_cat":[730,736,1025],"product_tag":[],"class_list":{"0":"post-14038","1":"product","2":"type-product","3":"status-publish","4":"has-post-thumbnail","6":"product_brand-pentair-haffmans","7":"product_cat-boissons-et-brassage","8":"product_cat-distribution","9":"product_cat-instruments-pour-gaz-dissous","11":"first","12":"instock","13":"taxable","14":"shipping-taxable","15":"product-type-simple"},"acf":[],"yoast_head":"<!-- This site is optimized with the Yoast SEO plugin v27.6 - https:\/\/yoast.com\/product\/yoast-seo-wordpress\/ -->\n<title>Pentair-Haffmans Gazijector - Zytho<\/title>\n<meta name=\"robots\" content=\"index, follow, max-snippet:-1, max-image-preview:large, max-video-preview:-1\" \/>\n<link rel=\"canonical\" href=\"https:\/\/www.zytho.ca\/fr\/produit\/pentair-haffmans-gazijector\/\" \/>\n<meta property=\"og:locale\" content=\"fr_FR\" \/>\n<meta property=\"og:type\" content=\"article\" \/>\n<meta property=\"og:title\" content=\"Pentair-Haffmans Gazijector - Zytho\" \/>\n<meta property=\"og:description\" content=\"Injection efficace de gaz pour une carbonatation et une oxyg\u00e9nation pr\u00e9cises des boissons Avantages  Conception compacte et hygi\u00e9nique : Simple \u00e0 installer et \u00e0 entretenir, avec un encombrement minimal.  Contr\u00f4le pr\u00e9cis des gaz : Dosage fiable du CO\u2082 ou de l&#039;O\u2082 gr\u00e2ce \u00e0 des m\u00e9canismes optionnels de mesure en ligne et de r\u00e9troaction.  Technologie des microbulles : Am\u00e9lioration de l&#039;efficacit\u00e9 du transfert de gaz et r\u00e9duction de la consommation  Application polyvalente : Id\u00e9al pour la bi\u00e8re, les boissons gazeuses, l&#039;eau et d&#039;autres boissons gazeuses ou oxyg\u00e9n\u00e9es.  Int\u00e9gration transparente : Compatible avec les syst\u00e8mes CIP et les lignes de traitement existants\" \/>\n<meta property=\"og:url\" content=\"https:\/\/www.zytho.ca\/fr\/produit\/pentair-haffmans-gazijector\/\" \/>\n<meta property=\"og:site_name\" content=\"Zytho\" \/>\n<meta property=\"article:modified_time\" content=\"2025-11-03T22:54:40+00:00\" \/>\n<meta property=\"og:image\" content=\"https:\/\/www.zytho.ca\/wp-content\/uploads\/2025\/10\/aeration-gas-dozing-cpm-gazijector-haffmans-img-1-1.png\" \/>\n\t<meta property=\"og:image:width\" content=\"900\" \/>\n\t<meta property=\"og:image:height\" content=\"600\" \/>\n\t<meta property=\"og:image:type\" content=\"image\/png\" \/>\n<meta name=\"twitter:card\" content=\"summary_large_image\" \/>\n<meta name=\"twitter:label1\" content=\"Dur\u00e9e de lecture estim\u00e9e\" \/>\n\t<meta name=\"twitter:data1\" content=\"1 minute\" \/>\n<script type=\"application\/ld+json\" class=\"yoast-schema-graph\">{\"@context\":\"https:\\\/\\\/schema.org\",\"@graph\":[{\"@type\":\"WebPage\",\"@id\":\"https:\\\/\\\/www.zytho.ca\\\/fr\\\/produit\\\/pentair-haffmans-gazijector\\\/\",\"url\":\"https:\\\/\\\/www.zytho.ca\\\/fr\\\/produit\\\/pentair-haffmans-gazijector\\\/\",\"name\":\"Pentair-Haffmans Gazijector - Zytho\",\"isPartOf\":{\"@id\":\"https:\\\/\\\/www.zytho.ca\\\/fr\\\/#website\"},\"primaryImageOfPage\":{\"@id\":\"https:\\\/\\\/www.zytho.ca\\\/fr\\\/produit\\\/pentair-haffmans-gazijector\\\/#primaryimage\"},\"image\":{\"@id\":\"https:\\\/\\\/www.zytho.ca\\\/fr\\\/produit\\\/pentair-haffmans-gazijector\\\/#primaryimage\"},\"thumbnailUrl\":\"https:\\\/\\\/www.zytho.ca\\\/wp-content\\\/uploads\\\/2025\\\/10\\\/aeration-gas-dozing-cpm-gazijector-haffmans-img-1-1.png\",\"datePublished\":\"2025-10-27T15:40:37+00:00\",\"dateModified\":\"2025-11-03T22:54:40+00:00\",\"breadcrumb\":{\"@id\":\"https:\\\/\\\/www.zytho.ca\\\/fr\\\/produit\\\/pentair-haffmans-gazijector\\\/#breadcrumb\"},\"inLanguage\":\"fr-FR\",\"potentialAction\":[{\"@type\":\"ReadAction\",\"target\":[\"https:\\\/\\\/www.zytho.ca\\\/fr\\\/produit\\\/pentair-haffmans-gazijector\\\/\"]}]},{\"@type\":\"ImageObject\",\"inLanguage\":\"fr-FR\",\"@id\":\"https:\\\/\\\/www.zytho.ca\\\/fr\\\/produit\\\/pentair-haffmans-gazijector\\\/#primaryimage\",\"url\":\"https:\\\/\\\/www.zytho.ca\\\/wp-content\\\/uploads\\\/2025\\\/10\\\/aeration-gas-dozing-cpm-gazijector-haffmans-img-1-1.png\",\"contentUrl\":\"https:\\\/\\\/www.zytho.ca\\\/wp-content\\\/uploads\\\/2025\\\/10\\\/aeration-gas-dozing-cpm-gazijector-haffmans-img-1-1.png\",\"width\":900,\"height\":600},{\"@type\":\"BreadcrumbList\",\"@id\":\"https:\\\/\\\/www.zytho.ca\\\/fr\\\/produit\\\/pentair-haffmans-gazijector\\\/#breadcrumb\",\"itemListElement\":[{\"@type\":\"ListItem\",\"position\":1,\"name\":\"Accueil\",\"item\":\"https:\\\/\\\/www.zytho.ca\\\/fr\\\/\"},{\"@type\":\"ListItem\",\"position\":2,\"name\":\"Shop\",\"item\":\"https:\\\/\\\/www.zytho.ca\\\/fr\\\/shop\\\/\"},{\"@type\":\"ListItem\",\"position\":3,\"name\":\"Pentair-Haffmans Gazijector\"}]},{\"@type\":\"WebSite\",\"@id\":\"https:\\\/\\\/www.zytho.ca\\\/fr\\\/#website\",\"url\":\"https:\\\/\\\/www.zytho.ca\\\/fr\\\/\",\"name\":\"Zytho\",\"description\":\"\",\"publisher\":{\"@id\":\"https:\\\/\\\/www.zytho.ca\\\/fr\\\/#organization\"},\"potentialAction\":[{\"@type\":\"SearchAction\",\"target\":{\"@type\":\"EntryPoint\",\"urlTemplate\":\"https:\\\/\\\/www.zytho.ca\\\/fr\\\/?s={search_term_string}\"},\"query-input\":{\"@type\":\"PropertyValueSpecification\",\"valueRequired\":true,\"valueName\":\"search_term_string\"}}],\"inLanguage\":\"fr-FR\"},{\"@type\":\"Organization\",\"@id\":\"https:\\\/\\\/www.zytho.ca\\\/fr\\\/#organization\",\"name\":\"Zytho\",\"url\":\"https:\\\/\\\/www.zytho.ca\\\/fr\\\/\",\"logo\":{\"@type\":\"ImageObject\",\"inLanguage\":\"fr-FR\",\"@id\":\"https:\\\/\\\/www.zytho.ca\\\/fr\\\/#\\\/schema\\\/logo\\\/image\\\/\",\"url\":\"https:\\\/\\\/www.zytho.ca\\\/wp-content\\\/uploads\\\/2024\\\/05\\\/Zytho_reversed_horizontal.svg\",\"contentUrl\":\"https:\\\/\\\/www.zytho.ca\\\/wp-content\\\/uploads\\\/2024\\\/05\\\/Zytho_reversed_horizontal.svg\",\"width\":1582,\"height\":490,\"caption\":\"Zytho\"},\"image\":{\"@id\":\"https:\\\/\\\/www.zytho.ca\\\/fr\\\/#\\\/schema\\\/logo\\\/image\\\/\"}}]}<\/script>\n<!-- \/ Yoast SEO plugin. -->","yoast_head_json":{"title":"Pentair-Haffmans Gazijector - Zytho","robots":{"index":"index","follow":"follow","max-snippet":"max-snippet:-1","max-image-preview":"max-image-preview:large","max-video-preview":"max-video-preview:-1"},"canonical":"https:\/\/www.zytho.ca\/fr\/produit\/pentair-haffmans-gazijector\/","og_locale":"fr_FR","og_type":"article","og_title":"Pentair-Haffmans Gazijector - Zytho","og_description":"Injection efficace de gaz pour une carbonatation et une oxyg\u00e9nation pr\u00e9cises des boissons Avantages  Conception compacte et hygi\u00e9nique : Simple \u00e0 installer et \u00e0 entretenir, avec un encombrement minimal.  Contr\u00f4le pr\u00e9cis des gaz : Dosage fiable du CO\u2082 ou de l'O\u2082 gr\u00e2ce \u00e0 des m\u00e9canismes optionnels de mesure en ligne et de r\u00e9troaction.  Technologie des microbulles : Am\u00e9lioration de l'efficacit\u00e9 du transfert de gaz et r\u00e9duction de la consommation  Application polyvalente : Id\u00e9al pour la bi\u00e8re, les boissons gazeuses, l'eau et d'autres boissons gazeuses ou oxyg\u00e9n\u00e9es.  Int\u00e9gration transparente : Compatible avec les syst\u00e8mes CIP et les lignes de traitement existants","og_url":"https:\/\/www.zytho.ca\/fr\/produit\/pentair-haffmans-gazijector\/","og_site_name":"Zytho","article_modified_time":"2025-11-03T22:54:40+00:00","og_image":[{"width":900,"height":600,"url":"https:\/\/www.zytho.ca\/wp-content\/uploads\/2025\/10\/aeration-gas-dozing-cpm-gazijector-haffmans-img-1-1.png","type":"image\/png"}],"twitter_card":"summary_large_image","twitter_misc":{"Dur\u00e9e de lecture estim\u00e9e":"1 minute"},"schema":{"@context":"https:\/\/schema.org","@graph":[{"@type":"WebPage","@id":"https:\/\/www.zytho.ca\/fr\/produit\/pentair-haffmans-gazijector\/","url":"https:\/\/www.zytho.ca\/fr\/produit\/pentair-haffmans-gazijector\/","name":"Pentair-Haffmans Gazijector - Zytho","isPartOf":{"@id":"https:\/\/www.zytho.ca\/fr\/#website"},"primaryImageOfPage":{"@id":"https:\/\/www.zytho.ca\/fr\/produit\/pentair-haffmans-gazijector\/#primaryimage"},"image":{"@id":"https:\/\/www.zytho.ca\/fr\/produit\/pentair-haffmans-gazijector\/#primaryimage"},"thumbnailUrl":"https:\/\/www.zytho.ca\/wp-content\/uploads\/2025\/10\/aeration-gas-dozing-cpm-gazijector-haffmans-img-1-1.png","datePublished":"2025-10-27T15:40:37+00:00","dateModified":"2025-11-03T22:54:40+00:00","breadcrumb":{"@id":"https:\/\/www.zytho.ca\/fr\/produit\/pentair-haffmans-gazijector\/#breadcrumb"},"inLanguage":"fr-FR","potentialAction":[{"@type":"ReadAction","target":["https:\/\/www.zytho.ca\/fr\/produit\/pentair-haffmans-gazijector\/"]}]},{"@type":"ImageObject","inLanguage":"fr-FR","@id":"https:\/\/www.zytho.ca\/fr\/produit\/pentair-haffmans-gazijector\/#primaryimage","url":"https:\/\/www.zytho.ca\/wp-content\/uploads\/2025\/10\/aeration-gas-dozing-cpm-gazijector-haffmans-img-1-1.png","contentUrl":"https:\/\/www.zytho.ca\/wp-content\/uploads\/2025\/10\/aeration-gas-dozing-cpm-gazijector-haffmans-img-1-1.png","width":900,"height":600},{"@type":"BreadcrumbList","@id":"https:\/\/www.zytho.ca\/fr\/produit\/pentair-haffmans-gazijector\/#breadcrumb","itemListElement":[{"@type":"ListItem","position":1,"name":"Accueil","item":"https:\/\/www.zytho.ca\/fr\/"},{"@type":"ListItem","position":2,"name":"Shop","item":"https:\/\/www.zytho.ca\/fr\/shop\/"},{"@type":"ListItem","position":3,"name":"Pentair-Haffmans Gazijector"}]},{"@type":"WebSite","@id":"https:\/\/www.zytho.ca\/fr\/#website","url":"https:\/\/www.zytho.ca\/fr\/","name":"Zytho","description":"","publisher":{"@id":"https:\/\/www.zytho.ca\/fr\/#organization"},"potentialAction":[{"@type":"SearchAction","target":{"@type":"EntryPoint","urlTemplate":"https:\/\/www.zytho.ca\/fr\/?s={search_term_string}"},"query-input":{"@type":"PropertyValueSpecification","valueRequired":true,"valueName":"search_term_string"}}],"inLanguage":"fr-FR"},{"@type":"Organization","@id":"https:\/\/www.zytho.ca\/fr\/#organization","name":"Zytho","url":"https:\/\/www.zytho.ca\/fr\/","logo":{"@type":"ImageObject","inLanguage":"fr-FR","@id":"https:\/\/www.zytho.ca\/fr\/#\/schema\/logo\/image\/","url":"https:\/\/www.zytho.ca\/wp-content\/uploads\/2024\/05\/Zytho_reversed_horizontal.svg","contentUrl":"https:\/\/www.zytho.ca\/wp-content\/uploads\/2024\/05\/Zytho_reversed_horizontal.svg","width":1582,"height":490,"caption":"Zytho"},"image":{"@id":"https:\/\/www.zytho.ca\/fr\/#\/schema\/logo\/image\/"}}]}},"_links":{"self":[{"href":"https:\/\/www.zytho.ca\/fr\/wp-json\/wp\/v2\/product\/14038","targetHints":{"allow":["GET"]}}],"collection":[{"href":"https:\/\/www.zytho.ca\/fr\/wp-json\/wp\/v2\/product"}],"about":[{"href":"https:\/\/www.zytho.ca\/fr\/wp-json\/wp\/v2\/types\/product"}],"wp:featuredmedia":[{"embeddable":true,"href":"https:\/\/www.zytho.ca\/fr\/wp-json\/wp\/v2\/media\/14040"}],"wp:attachment":[{"href":"https:\/\/www.zytho.ca\/fr\/wp-json\/wp\/v2\/media?parent=14038"}],"wp:term":[{"taxonomy":"product_brand","embeddable":true,"href":"https:\/\/www.zytho.ca\/fr\/wp-json\/wp\/v2\/product_brand?post=14038"},{"taxonomy":"product_cat","embeddable":true,"href":"https:\/\/www.zytho.ca\/fr\/wp-json\/wp\/v2\/product_cat?post=14038"},{"taxonomy":"product_tag","embeddable":true,"href":"https:\/\/www.zytho.ca\/fr\/wp-json\/wp\/v2\/product_tag?post=14038"}],"curies":[{"name":"wp","href":"https:\/\/api.w.org\/{rel}","templated":true}]}}